{"id":2437,"date":"2017-03-28T13:05:01","date_gmt":"2017-03-28T13:05:01","guid":{"rendered":"https:\/\/www.electroluxprofessional.com\/fi\/?page_id=2437"},"modified":"2024-10-30T14:55:50","modified_gmt":"2024-10-30T14:55:50","slug":"kylmakalusteet","status":"publish","type":"page","link":"https:\/\/www.electroluxprofessional.com\/fi\/ammattikeittiolaitteet\/kylmakalusteet\/","title":{"rendered":"Kylm\u00e4kalusteet"},"content":{"rendered":"<p>[vc_row full_width=&#8221;electroluxpro-full-width-no-padding&#8221;][vc_column][elx_image_block background_image=&#8221;11007&#8243; minimum_height=&#8221;400px&#8221;][\/vc_column][\/vc_row][vc_row full_width=&#8221;electroluxpro-full-width-no-padding&#8221; disable_element=&#8221;yes&#8221;][vc_column][elx_image_block background_image=&#8221;687&#8243; minimum_height=&#8221;400px&#8221;][\/vc_column][\/vc_row][vc_row][vc_column][vc_empty_space][elx_heading font_container=&#8221;h1&#8243; font_size=&#8221;h1&#8243; text_color=&#8221;inherit&#8221; text_align=&#8221;text-center&#8221;]ecostore<sup>HP<\/sup> kylm\u00e4kalusteet[\/elx_heading][vc_empty_space height=&#8221;50px&#8221;][\/vc_column][\/vc_row][vc_row][vc_column width=&#8221;1\/2&#8243;][elx_simple_block background_color=&#8221;inherit&#8221;][vc_column_text css=&#8221;.vc_custom_1693402062139{margin-bottom: 10px !important;border-bottom-width: 10px !important;padding-bottom: 10px !important;}&#8221;]ecostore<sup>HP<\/sup>-kylm\u00e4kalusteet ovat alansa pioneereja <span style=\"color: #3366ff;\"><strong>energialuokassa A ja ilmastoluokassa 5.<\/strong><\/span><\/p>\n<p>ecostore<sup>HP<\/sup>-kylm\u00e4kalusteiden yksityiskohdat on suunniteltu maksimoimaan keitti\u00f6si suorituskyky, varmistamaan elintarviketurvallisuus ja tarjoamaan enemm\u00e4n s\u00e4ilytystilaa.[\/vc_column_text][vc_column_text]Korkean suorituskyvyn kylm\u00e4kalusteidemme ansiosta pystymme nyt tarjoamaan ainutlaatuisen yhdistelm\u00e4n kylm\u00e4kaappeja sek\u00e4 kylm\u00e4kalusteita, joissa yhdistyv\u00e4t <strong>paras energiatehokkuusluokka A sek\u00e4 ilmastoluokka 5.<\/strong>[\/vc_column_text][elx_heading text_color=&#8221;cat-cool&#8221; text_align=&#8221;text-left&#8221;]ecostore<sup>HP<\/sup> Premium &#8211; lis\u00e4\u00e4 laatua[\/elx_heading][\/elx_simple_block][\/vc_column][vc_column width=&#8221;1\/2&#8243;][vc_row_inner][vc_column_inner offset=&#8221;vc_hidden-sm vc_hidden-xs&#8221;][vc_empty_space height=&#8221;150px&#8221;][\/vc_column_inner][\/vc_row_inner][vc_single_image image=&#8221;13390&#8243; img_size=&#8221;full&#8221;][vc_empty_space][\/vc_column][\/vc_row][vc_row][vc_column width=&#8221;1\/4&#8243;][vc_single_image image=&#8221;683&#8243; alignment=&#8221;center&#8221;][elx_heading font_size=&#8221;h2&#8243; text_color=&#8221;inherit&#8221; text_align=&#8221;text-center&#8221;]Lis\u00e4\u00e4 s\u00e4\u00e4st\u00f6j\u00e4 A-energialuokalla[\/elx_heading][vc_column_text]Energiatehokkuusluokalla A on merkitt\u00e4v\u00e4 vaikutus s\u00e4hk\u00f6laskuusi. Electrolux Professional ecostore<sup>HP<\/sup> Premium A luokan kylm\u00e4kalusteilla saavutat selv\u00e4t s\u00e4\u00e4st\u00f6t energiankulutuksessa ja sijoituksesi maksaa itsens\u00e4 takaisin nopeasti.[\/vc_column_text][\/vc_column][vc_column width=&#8221;1\/4&#8243;][vc_single_image image=&#8221;2060&#8243; alignment=&#8221;center&#8221;][elx_heading font_size=&#8221;h2&#8243; text_color=&#8221;inherit&#8221; text_align=&#8221;text-center&#8221;]Lis\u00e4\u00e4 elintarvikkeiden turvallisuutta[\/elx_heading][vc_column_text]Ruoka pysyy kauemmin tuoreena \u00e4lykk\u00e4\u00e4n Optiflow-ilmankierron ja ilmastoluokan 5 ansiosta. T\u00e4m\u00e4 turvaa korkean suorituskyvyn my\u00f6s haastavimmissa, yli 40 asteen keitti\u00f6iss\u00e4.[\/vc_column_text][\/vc_column][vc_column width=&#8221;1\/4&#8243;][vc_single_image image=&#8221;682&#8243; alignment=&#8221;center&#8221;][elx_heading font_size=&#8221;h2&#8243; text_color=&#8221;inherit&#8221; text_align=&#8221;text-center&#8221;]Lis\u00e4\u00e4 tilaa[\/elx_heading][vc_column_text]S\u00e4ilyt\u00e4 enemm\u00e4n ruokaa. 50 litraa lis\u00e4\u00e4 nettotilavuutta tarkoittaa 20 % lis\u00e4\u00e4 s\u00e4ilytystilaa verrattuna vastaaviin kylm\u00e4kalusteisiin.[\/vc_column_text][\/vc_column][vc_column width=&#8221;1\/4&#8243;][vc_single_image image=&#8221;2061&#8243; alignment=&#8221;center&#8221;][elx_heading font_size=&#8221;h2&#8243; text_color=&#8221;inherit&#8221; text_align=&#8221;text-center&#8221;]Lis\u00e4\u00e4 mahdollisuuksia[\/elx_heading][vc_column_text]Lukemattomia vaihtoehtoja r\u00e4\u00e4t\u00e4l\u00f6id\u00e4 juuri oikeanlainen kylm\u00e4kaluste tarpeisiisi. Kysy lis\u00e4\u00e4 ratkaisuista Electrolux Professionalin myynnist\u00e4.[\/vc_column_text][\/vc_column][\/vc_row][vc_row][vc_column][vc_empty_space][\/vc_column][\/vc_row][vc_row][vc_column width=&#8221;2\/3&#8243;][vc_empty_space][vc_empty_space][elx_heading text_color=&#8221;inherit&#8221;]Kompaktia suorituskyky\u00e4[\/elx_heading][vc_column_text]ecostore<sup>HP<\/sup>on ihanteellinen ratkaisu pieneen keitti\u00f6\u00f6n, tai kun tilaa on v\u00e4h\u00e4n. ecostore<sup>HP<\/sup> on alansa ensimm\u00e4inen kylm\u00e4kaluste, jossa yhdist\u00e4v\u00e4t eritt\u00e4in kompaktit mitat ja erinomainen eristyskyky. <strong>271 litraa hieman yli 1 neli\u00f6metriss\u00e4!<\/strong>[\/vc_column_text][\/vc_column][vc_column width=&#8221;1\/3&#8243;][vc_single_image image=&#8221;11016&#8243; img_size=&#8221;full&#8221;][\/vc_column][\/vc_row][vc_row][vc_column width=&#8221;1\/3&#8243;][vc_single_image image=&#8221;2062&#8243; img_size=&#8221;medium&#8221; alignment=&#8221;center&#8221;][\/vc_column][vc_column width=&#8221;2\/3&#8243;][elx_simple_block background_color=&#8221;inherit&#8221;][vc_column_text]<\/p>\n<h2><span style=\"color: #3366ff;\">Optimaalista ruoan s\u00e4ilytyst\u00e4 EcostoreHP kylm\u00e4kalusteilla<\/span><\/h2>\n<p>V\u00e4henn\u00e4 ruokah\u00e4vikki\u00e4 Optiflow:lla ja ilmastoluokalla 5[\/vc_column_text][\/elx_simple_block][\/vc_column][\/vc_row][vc_row][vc_column width=&#8221;1\/2&#8243;][elx_simple_block background_color=&#8221;inherit&#8221;][vc_column_text]<strong>ecostore<sup>HP<\/sup> <\/strong>Premium saavuttaa optimaalisen elintarvikkeiden s\u00e4ilyvyyden luomalla mikroilmaston, jossa on ihanteelliset olosuhteet erityyppisille elintarvikkeille, jotka tarvitsevat m\u00e4\u00e4r\u00e4tty\u00e4 l\u00e4mp\u00f6tilaa ja ilmankosteutta.[\/vc_column_text][\/elx_simple_block][\/vc_column][vc_column width=&#8221;1\/2&#8243;][vc_single_image image=&#8221;11378&#8243; img_size=&#8221;full&#8221; alignment=&#8221;center&#8221;][\/vc_column][\/vc_row][vc_row][vc_column][vc_empty_space height=&#8221;50px&#8221;][vc_single_image image=&#8221;11012&#8243; img_size=&#8221;full&#8221; alignment=&#8221;center&#8221;][vc_empty_space height=&#8221;50px&#8221;][elx_heading text_color=&#8221;inherit&#8221; text_align=&#8221;text-center&#8221;]Ekstra kest\u00e4v\u00e4\u00e4[\/elx_heading][vc_column_text]<\/p>\n<p style=\"text-align: center;\">Kest\u00e4v\u00e4n liiketoiminnan edell\u00e4k\u00e4vijyytt\u00e4<br \/>\ninnovatiivisten ja ymp\u00e4rist\u00f6yst\u00e4v\u00e4llisten ratkaisujen kautta[\/vc_column_text][vc_empty_space height=&#8221;50px&#8221;][vc_row_inner][vc_column_inner width=&#8221;1\/2&#8243;][vc_column_text]<\/p>\n<h2>Electrolux Professional kulkee kehityksen k\u00e4rjess\u00e4 ollen yksi ensimm\u00e4isist\u00e4 tehokkaiden R290-ratkaisuiden tarjoajista.<\/h2>\n<p>[\/vc_column_text][vc_empty_space][vc_empty_space][vc_empty_space][vc_empty_space][vc_column_text]<\/p>\n<h2>Teknologiset innovaatiot ovat Electrolux Professional -ratkaisujen keski\u00f6ss\u00e4 ja niiden tavoitteena on pienent\u00e4\u00e4 energiankulutusta ja v\u00e4hent\u00e4\u00e4 merkitt\u00e4v\u00e4sti ymp\u00e4rist\u00f6vaikutuksia<\/h2>\n<p>[\/vc_column_text][\/vc_column_inner][vc_column_inner width=&#8221;1\/2&#8243;][vc_empty_space height=&#8221;30px&#8221;][vc_single_image image=&#8221;11013&#8243; img_size=&#8221;large&#8221;][vc_empty_space height=&#8221;50px&#8221;][vc_column_text]R290-kaasu on luonnollinen kylm\u00e4aine minimaalisilla ymp\u00e4rist\u00f6vaikutuksilla. R290 on my\u00f6s laiteyst\u00e4v\u00e4llinen: se kest\u00e4\u00e4 erinomaisesti kosteutta eik\u00e4 aiheuta korroosiota, mik\u00e4 pident\u00e4\u00e4 huomattavasti laitteen k\u00e4ytt\u00f6ik\u00e4\u00e4.[\/vc_column_text][vc_empty_space height=&#8221;50px&#8221;][vc_single_image image=&#8221;11015&#8243; img_size=&#8221;large&#8221;][vc_empty_space height=&#8221;50px&#8221;][vc_column_text]CO2 on luonnollinen kylm\u00e4aine*. Se on syttym\u00e4t\u00f6n, myrkyt\u00f6n 20 % energiatehokkaampi** ja sen l\u00e4mm\u00f6nvaihto on 5 kertaa suurempi** kuin tavallisella HFC-j\u00e4rjestelm\u00e4ll\u00e4. CO2 on ilmastoyst\u00e4v\u00e4llinen: sill\u00e4 ei ole otsonikatopotentiaalia ja sen ilmaston l\u00e4mpenemispotentiaali on yksi.<\/p>\n<p><span style=\"font-size: 12px;\"><em>*saatavana tietyiss\u00e4 malleissa<\/em><br \/>\n<em>**verrattuna HFC-kylm\u00e4aine R404A:n, joka on yksi parhaista j\u00e4\u00e4hdytyksess\u00e4 k\u00e4ytetyist\u00e4 kylm\u00e4aineista<\/em><\/span>[\/vc_column_text][vc_empty_space height=&#8221;50px&#8221;][\/vc_column_inner][\/vc_row_inner][\/vc_column][\/vc_row][vc_row][vc_column width=&#8221;1\/2&#8243;][elx_download_block text=&#8221;Lataa Kylm\u00e4kalusteet-esite (EN)&#8221; document_type=&#8221;brochures&#8221; file_picker=&#8221;6950&#8243; background_color=&#8221;electrolux-blue&#8221; reveal_effect=&#8221;&#8221; reveal_duration=&#8221;&#8221; reveal_delay=&#8221;&#8221; br_document_number=&#8221;BR-9JE00157&#8243;][\/vc_column][vc_column width=&#8221;1\/2&#8243;][elx_download_block text=&#8221;Lataa ECOguide -opas (EN)&#8221; link_target=&#8221;self&#8221; document_type=&#8221;brochures&#8221; file_picker=&#8221;6945&#8243; background_color=&#8221;electrolux-blue&#8221; background_hover_color=&#8221;lighter-hover&#8221; reveal_effect=&#8221;&#8221; reveal_duration=&#8221;&#8221; reveal_delay=&#8221;&#8221; br_document_number=&#8221;BR-9JE00206&#8243;][\/vc_column][\/vc_row][vc_row][vc_column][vc_empty_space height=&#8221;50px&#8221;][vc_row_inner][vc_column_inner width=&#8221;2\/3&#8243;][elx_heading text_color=&#8221;inherit&#8221; text_align=&#8221;text-center&#8221;]Haluatko tiet\u00e4\u00e4 lis\u00e4\u00e4? Ota meihin yhteytt\u00e4![\/elx_heading][\/vc_column_inner][vc_column_inner width=&#8221;1\/3&#8243;][\/vc_column_inner][\/vc_row_inner][\/vc_column][\/vc_row][vc_row][vc_column][elx_o2000_contact_us s=&#8221;Tietopyynt\u00f6 kylm\u00e4kalusteet&#8221; country=&#8221;Finland&#8221; container=&#8221;elxcontactus1480090979&#8243; r=&#8221;Haluaisin tiet\u00e4\u00e4 lis\u00e4\u00e4 kylm\u00e4kalusteista, joten ottakaa yhteytt\u00e4 minuun.&#8221; l=&#8221;fi&#8221; e=&#8221;ammattikeittiot@electroluxprofessional.com&#8221;][vc_empty_space height=&#8221;50px&#8221;][\/vc_column][\/vc_row][vc_row][vc_column][vc_empty_space height=&#8221;50px&#8221;][\/vc_column][\/vc_row]<\/p>\n","protected":false},"excerpt":{"rendered":"<p>[vc_row full_width=&#8221;electroluxpro-full-width-no-padding&#8221;][vc_column][elx_image_block background_image=&#8221;11007&#8243; minimum_height=&#8221;400px&#8221;][\/vc_column][\/vc_row][vc_row full_width=&#8221;electroluxpro-full-width-no-padding&#8221; disable_element=&#8221;yes&#8221;][vc_column][elx_image_block background_image=&#8221;687&#8243; minimum_height=&#8221;400px&#8221;][\/vc_column][\/vc_row][vc_row][vc_column][vc_empty_space][elx_heading font_container=&#8221;h1&#8243; font_size=&#8221;h1&#8243; text_color=&#8221;inherit&#8221; text_align=&#8221;text-center&#8221;]ecostoreHP kylm\u00e4kalusteet[\/elx_heading][vc_empty_space height=&#8221;50px&#8221;][\/vc_column][\/vc_row][vc_row][vc_column width=&#8221;1\/2&#8243;][elx_simple_block background_color=&#8221;inherit&#8221;][vc_column_text css=&#8221;.vc_custom_1693402062139{margin-bottom: 10px !important;border-bottom-width: 10px !important;padding-bottom: 10px !important;}&#8221;]ecostoreHP-kylm\u00e4kalusteet ovat alansa pioneereja energialuokassa A ja ilmastoluokassa 5. ecostoreHP-kylm\u00e4kalusteiden yksityiskohdat on suunniteltu maksimoimaan keitti\u00f6si suorituskyky, varmistamaan elintarviketurvallisuus ja tarjoamaan enemm\u00e4n s\u00e4ilytystilaa.[\/vc_column_text][vc_column_text]Korkean suorituskyvyn kylm\u00e4kalusteidemme ansiosta pystymme nyt tarjoamaan ainutlaatuisen yhdistelm\u00e4n kylm\u00e4kaappeja sek\u00e4 kylm\u00e4kalusteita, [&hellip;]<\/p>\n","protected":false},"author":1,"featured_media":0,"parent":2363,"menu_order":0,"comment_status":"closed","ping_status":"closed","template":"","meta":{"footnotes":""},"class_list":["post-2437","page","type-page","status-publish","hentry"],"yoast_head":"<!-- This site is optimized with the Yoast SEO plugin v23.3 - https:\/\/yoast.com\/wordpress\/plugins\/seo\/ -->\n<title>Ecostore HP kylm\u00e4kalusteet - Electrolux Professional<\/title>\n<meta name=\"description\" content=\"Electrolux Professionalin Ecostore HP Premium kylm\u00e4kalusteet ovat laadukkaita ja energiatehokkaita kylm\u00e4s\u00e4ilytyslaitteita elintarvikkeillesi. Jokainen ecostoreHP Premium kylm\u00e4kalusteen yksityiskohta on suunniteltu tehostamaan suorituskyky\u00e4 ja tarjoamaan ihanteelliset olosuhteet tuotteillesi.\" \/>\n<meta name=\"robots\" content=\"index, follow, max-snippet:-1, max-image-preview:large, max-video-preview:-1\" \/>\n<link rel=\"canonical\" href=\"https:\/\/www.electroluxprofessional.com\/fi\/ammattikeittiolaitteet\/kylmakalusteet\/\" \/>\n<meta property=\"og:locale\" content=\"fi_FI\" \/>\n<meta property=\"og:type\" content=\"article\" \/>\n<meta property=\"og:title\" content=\"Ecostore HP kylm\u00e4kalusteet - Electrolux Professional\" \/>\n<meta property=\"og:description\" content=\"Electrolux Professionalin Ecostore HP Premium kylm\u00e4kalusteet ovat laadukkaita ja energiatehokkaita kylm\u00e4s\u00e4ilytyslaitteita elintarvikkeillesi. Jokainen ecostoreHP Premium kylm\u00e4kalusteen yksityiskohta on suunniteltu tehostamaan suorituskyky\u00e4 ja tarjoamaan ihanteelliset olosuhteet tuotteillesi.\" \/>\n<meta property=\"og:url\" content=\"https:\/\/www.electroluxprofessional.com\/fi\/ammattikeittiolaitteet\/kylmakalusteet\/\" \/>\n<meta property=\"og:site_name\" content=\"Electrolux Professional Suomi\" \/>\n<meta property=\"article:modified_time\" content=\"2024-10-30T14:55:50+00:00\" \/>\n<meta name=\"twitter:card\" content=\"summary_large_image\" \/>\n<meta name=\"twitter:label1\" content=\"Arvioitu lukuaika\" \/>\n\t<meta name=\"twitter:data1\" content=\"3 minuuttia\" \/>\n<script type=\"application\/ld+json\" class=\"yoast-schema-graph\">{\"@context\":\"https:\/\/schema.org\",\"@graph\":[{\"@type\":\"WebPage\",\"@id\":\"https:\/\/www.electroluxprofessional.com\/fi\/ammattikeittiolaitteet\/kylmakalusteet\/\",\"url\":\"https:\/\/www.electroluxprofessional.com\/fi\/ammattikeittiolaitteet\/kylmakalusteet\/\",\"name\":\"Ecostore HP kylm\u00e4kalusteet - Electrolux Professional\",\"isPartOf\":{\"@id\":\"https:\/\/www.electroluxprofessional.com\/fi\/#website\"},\"datePublished\":\"2017-03-28T13:05:01+00:00\",\"dateModified\":\"2024-10-30T14:55:50+00:00\",\"description\":\"Electrolux Professionalin Ecostore HP Premium kylm\u00e4kalusteet ovat laadukkaita ja energiatehokkaita kylm\u00e4s\u00e4ilytyslaitteita elintarvikkeillesi. Jokainen ecostoreHP Premium kylm\u00e4kalusteen yksityiskohta on suunniteltu tehostamaan suorituskyky\u00e4 ja tarjoamaan ihanteelliset olosuhteet tuotteillesi.\",\"breadcrumb\":{\"@id\":\"https:\/\/www.electroluxprofessional.com\/fi\/ammattikeittiolaitteet\/kylmakalusteet\/#breadcrumb\"},\"inLanguage\":\"fi\",\"potentialAction\":[{\"@type\":\"ReadAction\",\"target\":[\"https:\/\/www.electroluxprofessional.com\/fi\/ammattikeittiolaitteet\/kylmakalusteet\/\"]}]},{\"@type\":\"BreadcrumbList\",\"@id\":\"https:\/\/www.electroluxprofessional.com\/fi\/ammattikeittiolaitteet\/kylmakalusteet\/#breadcrumb\",\"itemListElement\":[{\"@type\":\"ListItem\",\"position\":1,\"name\":\"Home\",\"item\":\"https:\/\/www.electroluxprofessional.com\/fi\/\"},{\"@type\":\"ListItem\",\"position\":2,\"name\":\"Ammattikeitti\u00f6laitteet\",\"item\":\"https:\/\/www.electroluxprofessional.com\/fi\/ammattikeittiolaitteet\/\"},{\"@type\":\"ListItem\",\"position\":3,\"name\":\"Kylm\u00e4kalusteet\"}]},{\"@type\":\"WebSite\",\"@id\":\"https:\/\/www.electroluxprofessional.com\/fi\/#website\",\"url\":\"https:\/\/www.electroluxprofessional.com\/fi\/\",\"name\":\"Electrolux Professional Suomi\",\"description\":\"\",\"potentialAction\":[{\"@type\":\"SearchAction\",\"target\":{\"@type\":\"EntryPoint\",\"urlTemplate\":\"https:\/\/www.electroluxprofessional.com\/fi\/?src={search_term_string}\"},\"query-input\":\"required name=search_term_string\"}],\"inLanguage\":\"fi\"}]}<\/script>\n<!-- \/ Yoast SEO plugin. -->","yoast_head_json":{"title":"Ecostore HP kylm\u00e4kalusteet - Electrolux Professional","description":"Electrolux Professionalin Ecostore HP Premium kylm\u00e4kalusteet ovat laadukkaita ja energiatehokkaita kylm\u00e4s\u00e4ilytyslaitteita elintarvikkeillesi. Jokainen ecostoreHP Premium kylm\u00e4kalusteen yksityiskohta on suunniteltu tehostamaan suorituskyky\u00e4 ja tarjoamaan ihanteelliset olosuhteet tuotteillesi.","robots":{"index":"index","follow":"follow","max-snippet":"max-snippet:-1","max-image-preview":"max-image-preview:large","max-video-preview":"max-video-preview:-1"},"canonical":"https:\/\/www.electroluxprofessional.com\/fi\/ammattikeittiolaitteet\/kylmakalusteet\/","og_locale":"fi_FI","og_type":"article","og_title":"Ecostore HP kylm\u00e4kalusteet - Electrolux Professional","og_description":"Electrolux Professionalin Ecostore HP Premium kylm\u00e4kalusteet ovat laadukkaita ja energiatehokkaita kylm\u00e4s\u00e4ilytyslaitteita elintarvikkeillesi. Jokainen ecostoreHP Premium kylm\u00e4kalusteen yksityiskohta on suunniteltu tehostamaan suorituskyky\u00e4 ja tarjoamaan ihanteelliset olosuhteet tuotteillesi.","og_url":"https:\/\/www.electroluxprofessional.com\/fi\/ammattikeittiolaitteet\/kylmakalusteet\/","og_site_name":"Electrolux Professional Suomi","article_modified_time":"2024-10-30T14:55:50+00:00","twitter_card":"summary_large_image","twitter_misc":{"Arvioitu lukuaika":"3 minuuttia"},"schema":{"@context":"https:\/\/schema.org","@graph":[{"@type":"WebPage","@id":"https:\/\/www.electroluxprofessional.com\/fi\/ammattikeittiolaitteet\/kylmakalusteet\/","url":"https:\/\/www.electroluxprofessional.com\/fi\/ammattikeittiolaitteet\/kylmakalusteet\/","name":"Ecostore HP kylm\u00e4kalusteet - Electrolux Professional","isPartOf":{"@id":"https:\/\/www.electroluxprofessional.com\/fi\/#website"},"datePublished":"2017-03-28T13:05:01+00:00","dateModified":"2024-10-30T14:55:50+00:00","description":"Electrolux Professionalin Ecostore HP Premium kylm\u00e4kalusteet ovat laadukkaita ja energiatehokkaita kylm\u00e4s\u00e4ilytyslaitteita elintarvikkeillesi. Jokainen ecostoreHP Premium kylm\u00e4kalusteen yksityiskohta on suunniteltu tehostamaan suorituskyky\u00e4 ja tarjoamaan ihanteelliset olosuhteet tuotteillesi.","breadcrumb":{"@id":"https:\/\/www.electroluxprofessional.com\/fi\/ammattikeittiolaitteet\/kylmakalusteet\/#breadcrumb"},"inLanguage":"fi","potentialAction":[{"@type":"ReadAction","target":["https:\/\/www.electroluxprofessional.com\/fi\/ammattikeittiolaitteet\/kylmakalusteet\/"]}]},{"@type":"BreadcrumbList","@id":"https:\/\/www.electroluxprofessional.com\/fi\/ammattikeittiolaitteet\/kylmakalusteet\/#breadcrumb","itemListElement":[{"@type":"ListItem","position":1,"name":"Home","item":"https:\/\/www.electroluxprofessional.com\/fi\/"},{"@type":"ListItem","position":2,"name":"Ammattikeitti\u00f6laitteet","item":"https:\/\/www.electroluxprofessional.com\/fi\/ammattikeittiolaitteet\/"},{"@type":"ListItem","position":3,"name":"Kylm\u00e4kalusteet"}]},{"@type":"WebSite","@id":"https:\/\/www.electroluxprofessional.com\/fi\/#website","url":"https:\/\/www.electroluxprofessional.com\/fi\/","name":"Electrolux Professional Suomi","description":"","potentialAction":[{"@type":"SearchAction","target":{"@type":"EntryPoint","urlTemplate":"https:\/\/www.electroluxprofessional.com\/fi\/?src={search_term_string}"},"query-input":"required name=search_term_string"}],"inLanguage":"fi"}]}},"_links":{"self":[{"href":"https:\/\/www.electroluxprofessional.com\/fi\/wp-json\/wp\/v2\/pages\/2437"}],"collection":[{"href":"https:\/\/www.electroluxprofessional.com\/fi\/wp-json\/wp\/v2\/pages"}],"about":[{"href":"https:\/\/www.electroluxprofessional.com\/fi\/wp-json\/wp\/v2\/types\/page"}],"author":[{"embeddable":true,"href":"https:\/\/www.electroluxprofessional.com\/fi\/wp-json\/wp\/v2\/users\/1"}],"replies":[{"embeddable":true,"href":"https:\/\/www.electroluxprofessional.com\/fi\/wp-json\/wp\/v2\/comments?post=2437"}],"version-history":[{"count":46,"href":"https:\/\/www.electroluxprofessional.com\/fi\/wp-json\/wp\/v2\/pages\/2437\/revisions"}],"predecessor-version":[{"id":13391,"href":"https:\/\/www.electroluxprofessional.com\/fi\/wp-json\/wp\/v2\/pages\/2437\/revisions\/13391"}],"up":[{"embeddable":true,"href":"https:\/\/www.electroluxprofessional.com\/fi\/wp-json\/wp\/v2\/pages\/2363"}],"wp:attachment":[{"href":"https:\/\/www.electroluxprofessional.com\/fi\/wp-json\/wp\/v2\/media?parent=2437"}],"curies":[{"name":"wp","href":"https:\/\/api.w.org\/{rel}","templated":true}]}}