{"id":2418,"date":"2017-03-23T16:17:20","date_gmt":"2017-03-23T16:17:20","guid":{"rendered":"https:\/\/www.electroluxprofessional.com\/fi\/?page_id=2418"},"modified":"2023-05-22T08:33:07","modified_gmt":"2023-05-22T08:33:07","slug":"vihannesleikkurit-kutterit-ja-sauvasekoittimet","status":"publish","type":"page","link":"https:\/\/www.electroluxprofessional.com\/fi\/ammattikeittiolaitteet\/vihannesleikkurit-kutterit-ja-sauvasekoittimet\/","title":{"rendered":"VANHA Vihannesleikkurit, kutterit ja sauvasekoittimet"},"content":{"rendered":"<p>[vc_row full_width=&#8221;electroluxpro-full-width-no-padding&#8221;][vc_column][elx_hero_title label=&#8221;&#8221; background_image=&#8221;2022&#8243;][\/elx_hero_title][\/vc_column][\/vc_row][vc_row][vc_column][vc_empty_space][elx_heading font_container=&#8221;h1&#8243; font_size=&#8221;h2&#8243; text_color=&#8221;inherit&#8221; text_align=&#8221;text-center&#8221;]Leikkaa, viipaloi, silppua ja soseuta laajalla tarjonnallamme vihannesleikkureita, kuttereita, sauvasekoittimia, lihamyllyj\u00e4 sek\u00e4 leikkelekoneita.[\/elx_heading][vc_empty_space][\/vc_column][\/vc_row][vc_row][vc_column][elx_heading font_size=&#8221;h2&#8243; text_color=&#8221;inherit&#8221; text_align=&#8221;text-center&#8221;]<strong>Vihannesleikkurit<\/strong>[\/elx_heading][\/vc_column][\/vc_row][vc_row][vc_column width=&#8221;2\/4&#8243;][vc_empty_space][vc_column_text]<span id=\"result_box\" class=\"\" lang=\"sv\"><span class=\"\">Electroluxin erinomaista laatua edustavat sek\u00e4\u00a0lujat vihannesleikkurit soveltuvat nopeaan ja helppoon leikkaamiseen. Vihannesleikkureita on useita eri malleja\u00a0laajalla kapasiteettivalikoimalla, joko jalustalla ja ilman jalustaa. <\/span><\/span><\/p>\n<p><span id=\"result_box\" class=\"\" lang=\"sv\"><span class=\"\">Leikkurien maksimikapasiteetit vaihtelevat l\u00e4htien 200 kg\/tunnissa aina jopa 4000 kg\/tunnissa asti. Vihannesleikkureiden korkean tuottavuuden ja laajan ter\u00e4valikoiman ansiosta saavutetaan aina loistavat lopputulokset.\u00a0<\/span><\/span>[\/vc_column_text][\/vc_column][vc_column width=&#8221;1\/4&#8243;][vc_empty_space][elx_download_block text=&#8221;Oikean ter\u00e4n valinta&#8221; link=&#8221;https:\/\/www.electroluxprofessional.com\/fi\/cutting-disc-selection-guide\/&#8221; background_color=&#8221;cat-create&#8221; background_image=&#8221;2023&#8243; reveal_effect=&#8221;&#8221; reveal_duration=&#8221;&#8221; reveal_delay=&#8221;&#8221;][\/vc_column][vc_column width=&#8221;1\/4&#8243;][elx_video_block background_image=&#8221;2024&#8243; video_link=&#8221;https:\/\/www.youtube.com\/watch?v=SiC33uWfRdk&#8221; minimum_height=&#8221;300px&#8221;][\/vc_column][\/vc_row][vc_row][vc_column][elx_heading font_size=&#8221;h2&#8243; text_color=&#8221;inherit&#8221; text_align=&#8221;text-center&#8221;]<strong>Kutterit ja yhdistelm\u00e4koneet<\/strong>[\/elx_heading][\/vc_column][\/vc_row][vc_row][vc_column width=&#8221;1\/4&#8243;][elx_video_block background_image=&#8221;2025&#8243; video_link=&#8221;https:\/\/www.youtube.com\/watch?v=iJLesaEUe_0&amp;list=PLn-GI5LWCZdQzsBxG50Bgw3Zrd1SXjfoo&#8221; minimum_height=&#8221;288px&#8221;][\/vc_column][vc_column width=&#8221;3\/4&#8243;][vc_empty_space height=&#8221;50px&#8221;][vc_column_text]Kutteri valikoimissa on useita eri kulhon tilavuudella olevia malleja. Kutterit ovat kompakteja ja ne ovat helposti siirrett\u00e4viss\u00e4 ty\u00f6pisteest\u00e4 toiseen. Kutteria voidaan k\u00e4ytt\u00e4\u00e4 mm.\u00a0pilkkomiseen, emulgointiin, jauhamiseen sek\u00e4 vaivaamiseen.<\/p>\n<p><span id=\"result_box\" class=\"\" lang=\"sv\"><span class=\"\">TRK yhdistelm\u00e4koneet toimivat niin vihannesleikkurina sek\u00e4 kutterina. Kone on tehokas kutteri, jonka saa hetkess\u00e4 muutettua normaaliksi vihannesleikkuriksi. TRK yhdistelm\u00e4koneita l\u00f6ytyy kolme eri kapasiteettia 4,5, 5,5 sek\u00e4 7,0 L.<\/span><\/span><\/p>\n<p>[\/vc_column_text][vc_row_inner][vc_column_inner width=&#8221;1\/4&#8243;][vc_single_image image=&#8221;2029&#8243; img_size=&#8221;medium&#8221; alignment=&#8221;center&#8221;][vc_column_text]Sein\u00e4pidike terille takaa terien<strong> turvallisen s\u00e4ilytyksen<\/strong>[\/vc_column_text][\/vc_column_inner][vc_column_inner width=&#8221;1\/4&#8243;][vc_single_image image=&#8221;2030&#8243; img_size=&#8221;medium&#8221; alignment=&#8221;center&#8221;][vc_column_text]<strong>Vesisuojattu <\/strong>ja<strong> ergonominen <\/strong>k\u00e4ytt\u00f6paneeli\u00a0(IP55)[\/vc_column_text][\/vc_column_inner][vc_column_inner width=&#8221;1\/4&#8243;][vc_single_image image=&#8221;2031&#8243; img_size=&#8221;medium&#8221; alignment=&#8221;center&#8221;][vc_column_text]Kaikki osat, jotka ovat kosketuksissa ruoan kanssa,<br \/>\novat <strong>100% pest\u00e4viss\u00e4 astianpesukoneessa<\/strong>[\/vc_column_text][\/vc_column_inner][vc_column_inner width=&#8221;1\/4&#8243;][vc_single_image image=&#8221;978&#8243; img_size=&#8221;medium&#8221; alignment=&#8221;center&#8221;][vc_column_text]Tehokas ja kompakti tahdistamaton moottori takaa hiljaisen k\u00e4yt\u00f6n<br \/>\nja pitk\u00e4n kest\u00e4vyyden[\/vc_column_text][\/vc_column_inner][\/vc_row_inner][\/vc_column][\/vc_row][vc_row][vc_column][elx_heading font_size=&#8221;h2&#8243; text_color=&#8221;inherit&#8221; text_align=&#8221;text-center&#8221;]<strong>Sauvasekoittimet<strong>[\/elx_heading][\/vc_column][\/vc_row][vc_row][vc_column width=&#8221;3\/4&#8243;][elx_heading font_size=&#8221;h4&#8243; text_color=&#8221;inherit&#8221;]Monitoiminen sekoitin[\/elx_heading][vc_column_text]Electroluxin <strong>kannettavalla sauvasekoittimella<\/strong> valmistat useita erilaisia ruokia, kuten kermavaahdot, keitot, kastikkeet, vihannessoseet, pannukakkutaikinat ja mousset. T\u00e4m\u00e4 \u00a0kone on <strong>t\u00e4ydellinen yhdistelm\u00e4:\u00a0<\/strong><\/strong><\/strong><\/p>\n<ul>\n<li>Ergonomiaa<\/li>\n<li>\u00c4lyk\u00e4st\u00e4 nopeudenhallintaa<\/li>\n<li>helppoa k\u00e4sitelt\u00e4vyytt\u00e4 ja kevytt\u00e4 painoa<\/li>\n<\/ul>\n<p><strong>Smart Speed Control j\u00e4rjestelm\u00e4<\/strong> yll\u00e4pit\u00e4\u00e4 koneen nopeuden kuormituksen mukaan ja <strong>v\u00e4hent\u00e4\u00e4 t\u00e4rin\u00e4\u00e4 ja melutasoa<\/strong>. Ylikuormituksen h\u00e4lytys varoittaa sinua virheellisest\u00e4 k\u00e4yt\u00f6st\u00e4.[\/vc_column_text][elx_heading font_size=&#8221;h4&#8243; text_color=&#8221;inherit&#8221;]Turbosekoittaja<br \/>\n[\/elx_heading][vc_column_text]<strong>Turbo-tehosekoitin<\/strong> on suunniteltu kest\u00e4m\u00e4\u00e4n intensiivist\u00e4 k\u00e4ytt\u00f6\u00e4. Sill\u00e4 voidaan sekoittaa, soseuttaa ja emulgoida suuria m\u00e4\u00e4ri\u00e4 vihanneksia, kalakeittoja, hedelm\u00e4- ja vihannessoseita, nestem\u00e4isi\u00e4 leivonnaisia ja kastikkeita suoraan keittoastioissa.[\/vc_column_text][\/vc_column][vc_column width=&#8221;1\/4&#8243;][elx_video_block background_image=&#8221;2027&#8243; video_link=&#8221;https:\/\/www.youtube.com\/watch?v=QFoR79b3sX0&#8243; minimum_height=&#8221;357px&#8221;][\/vc_column][\/vc_row][vc_row][vc_column][elx_heading font_size=&#8221;h2&#8243; text_color=&#8221;inherit&#8221; text_align=&#8221;text-center&#8221;]<strong>Lihamyllyt<\/strong>[\/elx_heading][\/vc_column][\/vc_row][vc_row][vc_column width=&#8221;1\/3&#8243;][vc_single_image image=&#8221;2032&#8243; img_size=&#8221;full&#8221;][\/vc_column][vc_column width=&#8221;2\/3&#8243;][vc_empty_space][vc_column_text]Lihamyllyn rakenne on alumiinia ja viimeistelty ruostumattomalla ter\u00e4ksell\u00e4. Mylly\u00e4 voidaan k\u00e4ytt\u00e4\u00e4 lihan jauhatukseen, mutta my\u00f6s vihanneksille, leiv\u00e4lle, juustolle ja jopa p\u00e4hkin\u00f6ille. Jauhatusyksikk\u00f6 on valmistettu ruostumattomasta<br \/>\nter\u00e4ksest\u00e4.[\/vc_column_text][\/vc_column][\/vc_row][vc_row][vc_column][elx_heading font_size=&#8221;h2&#8243; text_color=&#8221;inherit&#8221; text_align=&#8221;text-center&#8221;]<strong>Leikkelekoneet<\/strong>[\/elx_heading][\/vc_column][\/vc_row][vc_row][vc_column width=&#8221;3\/4&#8243;][vc_empty_space][vc_column_text]Leikkelekoneita l\u00f6ytyy useita eri malleja\u00a0joko hihnavetoisina tai vaihteistolla toimivina. Malleja on saatavilla kallistettuna tai pystysuorana useilla eri ter\u00e4n halkaisija vaihtoehdoilla. Lis\u00e4ksi valikoimista l\u00f6ytyy t\u00e4ysin automaattisella toiminnalla sek\u00e4 viipalelaskurilla oleva kone.[\/vc_column_text][\/vc_column][vc_column width=&#8221;1\/4&#8243;][vc_single_image image=&#8221;2033&#8243; img_size=&#8221;full&#8221;][\/vc_column][\/vc_row][vc_row][vc_column][vc_empty_space height=&#8221;50px&#8221;][\/vc_column][\/vc_row][vc_row][vc_column width=&#8221;1\/3&#8243;][vc_single_image image=&#8221;651&#8243; img_size=&#8221;full&#8221; onclick=&#8221;custom_link&#8221; link=&#8221;https:\/\/www.electroluxprofessional.com\/safety\/&#8221;][\/vc_column][vc_column width=&#8221;2\/3&#8243;][vc_empty_space][elx_heading font_container=&#8221;h3&#8243; font_size=&#8221;h4&#8243; text_color=&#8221;inherit&#8221;]Ruoan laatu seuraavalle tasolle![\/elx_heading][elx_heading font_size=&#8221;h3&#8243; text_color=&#8221;inherit&#8221;]Ruoan turvallisuus, ei ristikontaminaatiota ja parasta suorituskyky\u00e4 [\/elx_heading][vc_column_text]<span id=\"result_box\" class=\"\" lang=\"sv\">Electrolux Professional ei k\u00e4yt\u00e4\u00a0BPA (bisfenol A) ainetta miss\u00e4\u00e4n muoviosissa elintarvikes\u00e4\u00e4nn\u00f6sten mukaisesti. <span class=\"\"><br \/>\n<\/span><\/span>[\/vc_column_text][\/vc_column][\/vc_row][vc_row][vc_column][vc_empty_space height=&#8221;50px&#8221;][\/vc_column][\/vc_row][vc_row][vc_column width=&#8221;1\/4&#8243;][elx_download_block text=&#8221;Vihannesleikkurit ja kutterit esite&#8221; link=&#8221;https:\/\/www.electroluxprofessional.com\/fi\/wp-content\/uploads\/2017\/08\/Vihannesleikkurit-ja-kutterit.pdf&#8221; background_color=&#8221;cat-create&#8221; reveal_effect=&#8221;&#8221; reveal_duration=&#8221;&#8221; reveal_delay=&#8221;&#8221; background_image=&#8221;944&#8243;][\/vc_column][vc_column width=&#8221;1\/4&#8243;][elx_download_block text=&#8221;Oikean ter\u00e4n valinta&#8221; link=&#8221;https:\/\/www.electroluxprofessional.com\/fi\/cutting-disc-selection-guide\/&#8221; background_color=&#8221;cat-create&#8221; reveal_effect=&#8221;&#8221; reveal_duration=&#8221;&#8221; reveal_delay=&#8221;&#8221; background_image=&#8221;2023&#8243;][\/vc_column][vc_column width=&#8221;1\/4&#8243;][elx_download_block text=&#8221;Yleiskoneet esite&#8221; link=&#8221;https:\/\/www.electroluxprofessional.com\/fi\/wp-content\/uploads\/2017\/08\/Yleiskoneet.pdf&#8221; background_color=&#8221;cat-create&#8221; reveal_effect=&#8221;&#8221; reveal_duration=&#8221;&#8221; reveal_delay=&#8221;&#8221; background_image=&#8221;4112&#8243;][\/vc_column][vc_column width=&#8221;1\/4&#8243;][elx_download_block text=&#8221;Sauvasekoittimet esite&#8221; link=&#8221;https:\/\/www.electroluxprofessional.com\/fi\/wp-content\/uploads\/2017\/08\/Sauvasekoittimet.pdf&#8221; background_color=&#8221;cat-create&#8221; background_image=&#8221;2027&#8243;][\/vc_column][\/vc_row][vc_row][vc_column width=&#8221;1\/4&#8243;][elx_download_block text=&#8221;Tutustu bioj\u00e4tej\u00e4rjestelm\u00e4\u00e4mme&#8221; link=&#8221;https:\/\/www.electroluxprofessional.com\/fi\/ammattikeittiolaitteet\/biojatejarjestelma\/&#8221; background_color=&#8221;cat-create&#8221; reveal_effect=&#8221;&#8221; reveal_duration=&#8221;&#8221; reveal_delay=&#8221;&#8221; background_image=&#8221;2142&#8243;][\/vc_column][vc_column width=&#8221;1\/4&#8243;][elx_download_block text=&#8221;Tutustu vakuumipakkaus-laitteisiimme&#8221; link=&#8221;https:\/\/www.electroluxprofessional.com\/fi\/ammattikeittiolaitteet\/vakuumilaitteet\/&#8221; background_color=&#8221;cat-create&#8221; reveal_effect=&#8221;&#8221; reveal_duration=&#8221;&#8221; reveal_delay=&#8221;&#8221; background_image=&#8221;800&#8243;][\/vc_column][vc_column width=&#8221;1\/4&#8243;][elx_download_block text=&#8221;Tutustu yleiskoneisiimme&#8221; link=&#8221;https:\/\/www.electroluxprofessional.com\/fi\/ammattikeittiolaitteet\/yleiskoneet\/&#8221; background_color=&#8221;cat-create&#8221; reveal_effect=&#8221;&#8221; reveal_duration=&#8221;&#8221; reveal_delay=&#8221;&#8221; background_image=&#8221;1497&#8243;][\/vc_column][vc_column width=&#8221;1\/4&#8243;][elx_download_block text=&#8221;Tutustu vihannesten pesu- ja kuorimakoneisiin<\/p>\n<p>&#8221; link=&#8221;https:\/\/www.electroluxprofessional.com\/fi\/ammattikeittiolaitteet\/vihannesten-pesukoneet-kuorimakoneet-seka-lingot\/&#8221; link_target=&#8221;self&#8221; background_color=&#8221;cat-create&#8221; reveal_effect=&#8221;&#8221; reveal_duration=&#8221;&#8221; reveal_delay=&#8221;&#8221; background_image=&#8221;2028&#8243;][\/vc_column][\/vc_row][vc_row][vc_column][\/vc_column][\/vc_row][vc_row][vc_column][elx_heading text_color=&#8221;inherit&#8221; text_align=&#8221;text-center&#8221;]Haluatko tiet\u00e4\u00e4 lis\u00e4\u00e4? Ota meihin yhteytt\u00e4![\/elx_heading][elx_o2000_contact_us r=&#8221;Haluaisin tiet\u00e4\u00e4 lis\u00e4\u00e4 esivalmistuslaitteista, joten ottakaa yhteytt\u00e4 minuun.&#8221; s=&#8221;Tietopyynt\u00f6 esivalmistuslaitteet&#8221; e=&#8221;suurkeittiolaitteet.fia@electrolux.fi&#8221; country=&#8221;Finland&#8221; l=&#8221;fi&#8221; container=&#8221;elxcontactus1479227516&#8243;][vc_empty_space height=&#8221;50px&#8221;][\/vc_column][\/vc_row]<\/p>\n","protected":false},"excerpt":{"rendered":"<p>[vc_row full_width=&#8221;electroluxpro-full-width-no-padding&#8221;][vc_column][elx_hero_title label=&#8221;&#8221; background_image=&#8221;2022&#8243;][\/elx_hero_title][\/vc_column][\/vc_row][vc_row][vc_column][vc_empty_space][elx_heading font_container=&#8221;h1&#8243; font_size=&#8221;h2&#8243; text_color=&#8221;inherit&#8221; text_align=&#8221;text-center&#8221;]Leikkaa, viipaloi, silppua ja soseuta laajalla tarjonnallamme vihannesleikkureita, kuttereita, sauvasekoittimia, lihamyllyj\u00e4 sek\u00e4 leikkelekoneita.[\/elx_heading][vc_empty_space][\/vc_column][\/vc_row][vc_row][vc_column][elx_heading font_size=&#8221;h2&#8243; text_color=&#8221;inherit&#8221; text_align=&#8221;text-center&#8221;]Vihannesleikkurit[\/elx_heading][\/vc_column][\/vc_row][vc_row][vc_column width=&#8221;2\/4&#8243;][vc_empty_space][vc_column_text]Electroluxin erinomaista laatua edustavat sek\u00e4\u00a0lujat vihannesleikkurit soveltuvat nopeaan ja helppoon leikkaamiseen. Vihannesleikkureita on useita eri malleja\u00a0laajalla kapasiteettivalikoimalla, joko jalustalla ja ilman jalustaa. Leikkurien maksimikapasiteetit vaihtelevat l\u00e4htien 200 kg\/tunnissa aina jopa 4000 kg\/tunnissa [&hellip;]<\/p>\n","protected":false},"author":1,"featured_media":0,"parent":2363,"menu_order":0,"comment_status":"closed","ping_status":"closed","template":"","meta":{"footnotes":""},"class_list":["post-2418","page","type-page","status-publish","hentry"],"yoast_head":"<!-- This site is optimized with the Yoast SEO plugin v23.3 - https:\/\/yoast.com\/wordpress\/plugins\/seo\/ -->\n<title>vihannesleikkurit, kutterit ja sauvasekoittimet - Electrolux Professional<\/title>\n<meta name=\"description\" content=\"Leikkaa, viipaloi, silppua ja soseuta laajalla tarjonnallamme vihannesleikkureita, kuttereita, sauvasekoittimia, lihamyllyj\u00e4 sek\u00e4 leikkelekoneita.\" \/>\n<meta name=\"robots\" content=\"index, follow, max-snippet:-1, max-image-preview:large, max-video-preview:-1\" \/>\n<link rel=\"canonical\" href=\"https:\/\/www.electroluxprofessional.com\/fi\/ammattikeittiolaitteet\/vihannesleikkurit-kutterit-ja-sauvasekoittimet\/\" \/>\n<meta property=\"og:locale\" content=\"fi_FI\" \/>\n<meta property=\"og:type\" content=\"article\" \/>\n<meta property=\"og:title\" content=\"vihannesleikkurit, kutterit ja sauvasekoittimet - Electrolux Professional\" \/>\n<meta property=\"og:description\" content=\"Leikkaa, viipaloi, silppua ja soseuta laajalla tarjonnallamme vihannesleikkureita, kuttereita, sauvasekoittimia, lihamyllyj\u00e4 sek\u00e4 leikkelekoneita.\" \/>\n<meta property=\"og:url\" content=\"https:\/\/www.electroluxprofessional.com\/fi\/ammattikeittiolaitteet\/vihannesleikkurit-kutterit-ja-sauvasekoittimet\/\" \/>\n<meta property=\"og:site_name\" content=\"Electrolux Professional Suomi\" \/>\n<meta property=\"article:modified_time\" content=\"2023-05-22T08:33:07+00:00\" \/>\n<meta name=\"twitter:card\" content=\"summary_large_image\" \/>\n<meta name=\"twitter:label1\" content=\"Arvioitu lukuaika\" \/>\n\t<meta name=\"twitter:data1\" content=\"6 minuuttia\" \/>\n<script type=\"application\/ld+json\" class=\"yoast-schema-graph\">{\"@context\":\"https:\/\/schema.org\",\"@graph\":[{\"@type\":\"WebPage\",\"@id\":\"https:\/\/www.electroluxprofessional.com\/fi\/ammattikeittiolaitteet\/vihannesleikkurit-kutterit-ja-sauvasekoittimet\/\",\"url\":\"https:\/\/www.electroluxprofessional.com\/fi\/ammattikeittiolaitteet\/vihannesleikkurit-kutterit-ja-sauvasekoittimet\/\",\"name\":\"vihannesleikkurit, kutterit ja sauvasekoittimet - Electrolux Professional\",\"isPartOf\":{\"@id\":\"https:\/\/www.electroluxprofessional.com\/fi\/#website\"},\"datePublished\":\"2017-03-23T16:17:20+00:00\",\"dateModified\":\"2023-05-22T08:33:07+00:00\",\"description\":\"Leikkaa, viipaloi, silppua ja soseuta laajalla tarjonnallamme vihannesleikkureita, kuttereita, sauvasekoittimia, lihamyllyj\u00e4 sek\u00e4 leikkelekoneita.\",\"breadcrumb\":{\"@id\":\"https:\/\/www.electroluxprofessional.com\/fi\/ammattikeittiolaitteet\/vihannesleikkurit-kutterit-ja-sauvasekoittimet\/#breadcrumb\"},\"inLanguage\":\"fi\",\"potentialAction\":[{\"@type\":\"ReadAction\",\"target\":[\"https:\/\/www.electroluxprofessional.com\/fi\/ammattikeittiolaitteet\/vihannesleikkurit-kutterit-ja-sauvasekoittimet\/\"]}]},{\"@type\":\"BreadcrumbList\",\"@id\":\"https:\/\/www.electroluxprofessional.com\/fi\/ammattikeittiolaitteet\/vihannesleikkurit-kutterit-ja-sauvasekoittimet\/#breadcrumb\",\"itemListElement\":[{\"@type\":\"ListItem\",\"position\":1,\"name\":\"Home\",\"item\":\"https:\/\/www.electroluxprofessional.com\/fi\/\"},{\"@type\":\"ListItem\",\"position\":2,\"name\":\"Ammattikeitti\u00f6laitteet\",\"item\":\"https:\/\/www.electroluxprofessional.com\/fi\/ammattikeittiolaitteet\/\"},{\"@type\":\"ListItem\",\"position\":3,\"name\":\"VANHA Vihannesleikkurit, kutterit ja sauvasekoittimet\"}]},{\"@type\":\"WebSite\",\"@id\":\"https:\/\/www.electroluxprofessional.com\/fi\/#website\",\"url\":\"https:\/\/www.electroluxprofessional.com\/fi\/\",\"name\":\"Electrolux Professional Suomi\",\"description\":\"\",\"potentialAction\":[{\"@type\":\"SearchAction\",\"target\":{\"@type\":\"EntryPoint\",\"urlTemplate\":\"https:\/\/www.electroluxprofessional.com\/fi\/?src={search_term_string}\"},\"query-input\":\"required name=search_term_string\"}],\"inLanguage\":\"fi\"}]}<\/script>\n<!-- \/ Yoast SEO plugin. -->","yoast_head_json":{"title":"vihannesleikkurit, kutterit ja sauvasekoittimet - Electrolux Professional","description":"Leikkaa, viipaloi, silppua ja soseuta laajalla tarjonnallamme vihannesleikkureita, kuttereita, sauvasekoittimia, lihamyllyj\u00e4 sek\u00e4 leikkelekoneita.","robots":{"index":"index","follow":"follow","max-snippet":"max-snippet:-1","max-image-preview":"max-image-preview:large","max-video-preview":"max-video-preview:-1"},"canonical":"https:\/\/www.electroluxprofessional.com\/fi\/ammattikeittiolaitteet\/vihannesleikkurit-kutterit-ja-sauvasekoittimet\/","og_locale":"fi_FI","og_type":"article","og_title":"vihannesleikkurit, kutterit ja sauvasekoittimet - Electrolux Professional","og_description":"Leikkaa, viipaloi, silppua ja soseuta laajalla tarjonnallamme vihannesleikkureita, kuttereita, sauvasekoittimia, lihamyllyj\u00e4 sek\u00e4 leikkelekoneita.","og_url":"https:\/\/www.electroluxprofessional.com\/fi\/ammattikeittiolaitteet\/vihannesleikkurit-kutterit-ja-sauvasekoittimet\/","og_site_name":"Electrolux Professional Suomi","article_modified_time":"2023-05-22T08:33:07+00:00","twitter_card":"summary_large_image","twitter_misc":{"Arvioitu lukuaika":"6 minuuttia"},"schema":{"@context":"https:\/\/schema.org","@graph":[{"@type":"WebPage","@id":"https:\/\/www.electroluxprofessional.com\/fi\/ammattikeittiolaitteet\/vihannesleikkurit-kutterit-ja-sauvasekoittimet\/","url":"https:\/\/www.electroluxprofessional.com\/fi\/ammattikeittiolaitteet\/vihannesleikkurit-kutterit-ja-sauvasekoittimet\/","name":"vihannesleikkurit, kutterit ja sauvasekoittimet - Electrolux Professional","isPartOf":{"@id":"https:\/\/www.electroluxprofessional.com\/fi\/#website"},"datePublished":"2017-03-23T16:17:20+00:00","dateModified":"2023-05-22T08:33:07+00:00","description":"Leikkaa, viipaloi, silppua ja soseuta laajalla tarjonnallamme vihannesleikkureita, kuttereita, sauvasekoittimia, lihamyllyj\u00e4 sek\u00e4 leikkelekoneita.","breadcrumb":{"@id":"https:\/\/www.electroluxprofessional.com\/fi\/ammattikeittiolaitteet\/vihannesleikkurit-kutterit-ja-sauvasekoittimet\/#breadcrumb"},"inLanguage":"fi","potentialAction":[{"@type":"ReadAction","target":["https:\/\/www.electroluxprofessional.com\/fi\/ammattikeittiolaitteet\/vihannesleikkurit-kutterit-ja-sauvasekoittimet\/"]}]},{"@type":"BreadcrumbList","@id":"https:\/\/www.electroluxprofessional.com\/fi\/ammattikeittiolaitteet\/vihannesleikkurit-kutterit-ja-sauvasekoittimet\/#breadcrumb","itemListElement":[{"@type":"ListItem","position":1,"name":"Home","item":"https:\/\/www.electroluxprofessional.com\/fi\/"},{"@type":"ListItem","position":2,"name":"Ammattikeitti\u00f6laitteet","item":"https:\/\/www.electroluxprofessional.com\/fi\/ammattikeittiolaitteet\/"},{"@type":"ListItem","position":3,"name":"VANHA Vihannesleikkurit, kutterit ja sauvasekoittimet"}]},{"@type":"WebSite","@id":"https:\/\/www.electroluxprofessional.com\/fi\/#website","url":"https:\/\/www.electroluxprofessional.com\/fi\/","name":"Electrolux Professional Suomi","description":"","potentialAction":[{"@type":"SearchAction","target":{"@type":"EntryPoint","urlTemplate":"https:\/\/www.electroluxprofessional.com\/fi\/?src={search_term_string}"},"query-input":"required name=search_term_string"}],"inLanguage":"fi"}]}},"_links":{"self":[{"href":"https:\/\/www.electroluxprofessional.com\/fi\/wp-json\/wp\/v2\/pages\/2418"}],"collection":[{"href":"https:\/\/www.electroluxprofessional.com\/fi\/wp-json\/wp\/v2\/pages"}],"about":[{"href":"https:\/\/www.electroluxprofessional.com\/fi\/wp-json\/wp\/v2\/types\/page"}],"author":[{"embeddable":true,"href":"https:\/\/www.electroluxprofessional.com\/fi\/wp-json\/wp\/v2\/users\/1"}],"replies":[{"embeddable":true,"href":"https:\/\/www.electroluxprofessional.com\/fi\/wp-json\/wp\/v2\/comments?post=2418"}],"version-history":[{"count":45,"href":"https:\/\/www.electroluxprofessional.com\/fi\/wp-json\/wp\/v2\/pages\/2418\/revisions"}],"predecessor-version":[{"id":10977,"href":"https:\/\/www.electroluxprofessional.com\/fi\/wp-json\/wp\/v2\/pages\/2418\/revisions\/10977"}],"up":[{"embeddable":true,"href":"https:\/\/www.electroluxprofessional.com\/fi\/wp-json\/wp\/v2\/pages\/2363"}],"wp:attachment":[{"href":"https:\/\/www.electroluxprofessional.com\/fi\/wp-json\/wp\/v2\/media?parent=2418"}],"curies":[{"name":"wp","href":"https:\/\/api.w.org\/{rel}","templated":true}]}}