{"id":2403,"date":"2017-03-23T17:00:13","date_gmt":"2017-03-23T17:00:13","guid":{"rendered":"https:\/\/www.electroluxprofessional.com\/fi\/?page_id=2403"},"modified":"2017-04-04T11:55:38","modified_gmt":"2017-04-04T11:55:38","slug":"cook-chill-combi-oven","status":"publish","type":"page","link":"https:\/\/www.electroluxprofessional.com\/fi\/cook-chill-combi-oven\/","title":{"rendered":"Cook and Chill Kombiugn"},"content":{"rendered":"<p>[vc_row full_width=&#8221;electroluxpro-full-width-no-padding&#8221;][vc_column][elx_hero_slider label_text_color=&#8221;inherit&#8221; images=&#8221;746&#8243;][elx_heading font_container=&#8221;h1&#8243; font_size=&#8221;h2&#8243; text_color=&#8221;inherit&#8221;]Cook&amp;Chill<br \/>\n[\/elx_heading][vc_column_text]Ugnar och Blast Chillers[\/vc_column_text][\/elx_hero_slider][\/vc_column][\/vc_row][vc_row][vc_column css=&#8221;.vc_custom_1474293813756{padding-top: 50px !important;padding-bottom: 50px !important;}&#8221;][elx_simple_block background_color=&#8221;inherit&#8221;][elx_heading font_size=&#8221;h4&#8243; text_color=&#8221;inherit&#8221; text_align=&#8221;text-center&#8221;]L\u00e4mna inget utrymme f\u00f6r kompromisser. Du f\u00e5r alltid det resultat du \u00e4r ute efter.[\/elx_heading][\/elx_simple_block][\/vc_column][\/vc_row][vc_row full_height=&#8221;yes&#8221;][vc_column width=&#8221;1\/2&#8243;][vc_single_image image=&#8221;695&#8243; img_size=&#8221;full&#8221;][\/vc_column][vc_column width=&#8221;1\/2&#8243;][elx_simple_block background_color=&#8221;inherit&#8221;][elx_heading font_container=&#8221;h3&#8243; text_color=&#8221;inherit&#8221;]air-o-steam Touch Line Kombiugn[\/elx_heading][vc_column_text]<strong>air-o-steam Touchline <\/strong>erbjuder ett enkelt och intuitivt s\u00e4tt att laga mat i alla typer av professionella k\u00f6k, fr\u00e5n det mindre k\u00f6ket till h\u00f6gkapacitets k\u00f6k med de mest erfarna kockarna.[\/vc_column_text][vc_column_text]Electrolux\u00a0 air-o-steam Touchline kombiugn <strong>anv\u00e4nder \u00e5nga, <\/strong>ger <strong>sensationella m\u00e5ltider <\/strong>samtidigt som den <strong>bevarar r\u00e5varornas naturliga n\u00e4ring<\/strong>.[\/vc_column_text][\/elx_simple_block][\/vc_column][\/vc_row][vc_row full_width=&#8221;electroluxpro-container-no-padding&#8221; css=&#8221;.vc_custom_1464604790755{margin-left: 30px !important;}&#8221;][vc_column width=&#8221;1\/2&#8243;][elx_simple_block background_color=&#8221;inherit&#8221;][elx_heading font_container=&#8221;h3&#8243; text_color=&#8221;inherit&#8221; css=&#8221;.vc_custom_1488804542099{margin-top: 15px !important;}&#8221;]e-chef, f\u00e5 ut det mer av din ugn[\/elx_heading][vc_column_text]T\u00e4nk dig att kunna f\u00f6ra \u00f6ver skr\u00e4ddarsydda recept fr\u00e5n en ugn till en annan. Helt utan problem. Med e-chef kan du replikera recept fr\u00e5n hela v\u00e4rlden till din air-o-steam Touchline ugn. Spara upp till 1000 recept.<\/p>\n<ul>\n<li>Med en USB-sticka kan du f\u00f6ra \u00f6ver recept till andra ugnar.<\/li>\n<li>Slappna av, air-o-steam Touchline \u00f6vervakar och reglerar tillagningen 10ggr i sekunden<\/li>\n<li>Lugn i sinnet d\u00e5 mats\u00e4kerheten automatiskt \u00f6vervakas av patenterade <strong>Food Safe Control\u00a0<\/strong>funktionen (enligt HACCP standard).<\/li>\n<li>Ideala tillagningsf\u00f6rh\u00e5llanden med<strong> Precise Humidity Control<\/strong>, tack vare den patenterade lambda sensorn.<\/li>\n<\/ul>\n<p>[\/vc_column_text][\/elx_simple_block][\/vc_column][vc_column width=&#8221;1\/2&#8243; css=&#8221;.vc_custom_1464608705019{padding-left: 20px !important;}&#8221;][elx_simple_block background_color=&#8221;inherit&#8221;][vc_single_image image=&#8221;829&#8243; img_size=&#8221;large&#8221;][\/elx_simple_block][\/vc_column][\/vc_row][vc_row css=&#8221;.vc_custom_1464609077183{padding-top: 50px !important;}&#8221;][vc_column width=&#8221;1\/2&#8243;][elx_simple_block background_color=&#8221;inherit&#8221;][vc_single_image image=&#8221;830&#8243; img_size=&#8221;large&#8221; css=&#8221;.vc_custom_1464614270561{padding-bottom: 10px !important;}&#8221;][\/elx_simple_block][\/vc_column][vc_column width=&#8221;1\/2&#8243;][elx_simple_block background_color=&#8221;inherit&#8221;][elx_heading font_container=&#8221;h3&#8243; text_color=&#8221;inherit&#8221;]air-o-convect Touchline Konvektionsugn<br \/>\n[\/elx_heading][vc_column_text]air-o-convect Touchline \u00e4r<strong> kombiugnen utan \u00e5nggenerator<\/strong> fr\u00e5n Electrolux Professional och ger dig ett enkelt och intuitivt s\u00e4tt att laga mat.<\/p>\n<p>P\u00e5 <strong>HD touchpanelen <\/strong>v\u00e4ljer du ditt \u00f6nskade recept. Sedan g\u00f6r ugnen resten.<\/p>\n<p>V\u00e4lj olika fuktighetsniv\u00e5er f\u00f6r att anpassa till ditt behov.[\/vc_column_text][\/elx_simple_block][\/vc_column][\/vc_row][vc_row][vc_column][vc_empty_space height=&#8221;50px&#8221;][\/vc_column][\/vc_row][vc_row][vc_column][elx_heading font_container=&#8221;h4&#8243; text_color=&#8221;inherit&#8221;]Vill du veta mer? Kontakta oss![\/elx_heading][elx_o2000_contact_us r=&#8221;Jag skulle vilja veta mer om Cook and chill. V\u00e4nligen kontakta mig.&#8221; s=&#8221;Request for information: Cook and Chill&#8221; e=&#8221;anders.norell@electrolux.com&#8221; country=&#8221;Sweden&#8221; l=&#8221;se&#8221; container=&#8221;elxcontactus1466429401&#8243;][\/vc_column][\/vc_row][vc_row][vc_column][vc_empty_space height=&#8221;50px&#8221;][\/vc_column][\/vc_row]<\/p>\n","protected":false},"excerpt":{"rendered":"<p>[vc_row full_width=&#8221;electroluxpro-full-width-no-padding&#8221;][vc_column][elx_hero_slider label_text_color=&#8221;inherit&#8221; images=&#8221;746&#8243;][elx_heading font_container=&#8221;h1&#8243; font_size=&#8221;h2&#8243; text_color=&#8221;inherit&#8221;]Cook&amp;Chill [\/elx_heading][vc_column_text]Ugnar och Blast Chillers[\/vc_column_text][\/elx_hero_slider][\/vc_column][\/vc_row][vc_row][vc_column css=&#8221;.vc_custom_1474293813756{padding-top: 50px !important;padding-bottom: 50px !important;}&#8221;][elx_simple_block background_color=&#8221;inherit&#8221;][elx_heading font_size=&#8221;h4&#8243; text_color=&#8221;inherit&#8221; text_align=&#8221;text-center&#8221;]L\u00e4mna inget utrymme f\u00f6r kompromisser. Du f\u00e5r alltid det resultat du \u00e4r ute efter.[\/elx_heading][\/elx_simple_block][\/vc_column][\/vc_row][vc_row full_height=&#8221;yes&#8221;][vc_column width=&#8221;1\/2&#8243;][vc_single_image image=&#8221;695&#8243; img_size=&#8221;full&#8221;][\/vc_column][vc_column width=&#8221;1\/2&#8243;][elx_simple_block background_color=&#8221;inherit&#8221;][elx_heading font_container=&#8221;h3&#8243; text_color=&#8221;inherit&#8221;]air-o-steam Touch Line Kombiugn[\/elx_heading][vc_column_text]air-o-steam Touchline erbjuder ett enkelt och intuitivt s\u00e4tt att laga mat i [&hellip;]<\/p>\n","protected":false},"author":1,"featured_media":0,"parent":0,"menu_order":0,"comment_status":"closed","ping_status":"closed","template":"","meta":{"footnotes":""},"class_list":["post-2403","page","type-page","status-publish","hentry"],"yoast_head":"<!-- This site is optimized with the Yoast SEO plugin v23.3 - https:\/\/yoast.com\/wordpress\/plugins\/seo\/ -->\n<title>Cook and Chill Kombiugn - Electrolux Professional Suomi<\/title>\n<meta name=\"robots\" content=\"index, follow, max-snippet:-1, max-image-preview:large, max-video-preview:-1\" \/>\n<link rel=\"canonical\" href=\"https:\/\/www.electroluxprofessional.com\/fi\/cook-chill-combi-oven\/\" \/>\n<meta property=\"og:locale\" content=\"fi_FI\" \/>\n<meta property=\"og:type\" content=\"article\" \/>\n<meta property=\"og:title\" content=\"Cook and Chill Kombiugn - Electrolux Professional Suomi\" \/>\n<meta property=\"og:description\" content=\"[vc_row full_width=&#8221;electroluxpro-full-width-no-padding&#8221;][vc_column][elx_hero_slider label_text_color=&#8221;inherit&#8221; images=&#8221;746&#8243;][elx_heading font_container=&#8221;h1&#8243; font_size=&#8221;h2&#8243; text_color=&#8221;inherit&#8221;]Cook&amp;Chill [\/elx_heading][vc_column_text]Ugnar och Blast Chillers[\/vc_column_text][\/elx_hero_slider][\/vc_column][\/vc_row][vc_row][vc_column css=&#8221;.vc_custom_1474293813756{padding-top: 50px !important;padding-bottom: 50px !important;}&#8221;][elx_simple_block background_color=&#8221;inherit&#8221;][elx_heading font_size=&#8221;h4&#8243; text_color=&#8221;inherit&#8221; text_align=&#8221;text-center&#8221;]L\u00e4mna inget utrymme f\u00f6r kompromisser. Du f\u00e5r alltid det resultat du \u00e4r ute efter.[\/elx_heading][\/elx_simple_block][\/vc_column][\/vc_row][vc_row full_height=&#8221;yes&#8221;][vc_column width=&#8221;1\/2&#8243;][vc_single_image image=&#8221;695&#8243; img_size=&#8221;full&#8221;][\/vc_column][vc_column width=&#8221;1\/2&#8243;][elx_simple_block background_color=&#8221;inherit&#8221;][elx_heading font_container=&#8221;h3&#8243; text_color=&#8221;inherit&#8221;]air-o-steam Touch Line Kombiugn[\/elx_heading][vc_column_text]air-o-steam Touchline erbjuder ett enkelt och intuitivt s\u00e4tt att laga mat i [&hellip;]\" \/>\n<meta property=\"og:url\" content=\"https:\/\/www.electroluxprofessional.com\/fi\/cook-chill-combi-oven\/\" \/>\n<meta property=\"og:site_name\" content=\"Electrolux Professional Suomi\" \/>\n<meta property=\"article:modified_time\" content=\"2017-04-04T11:55:38+00:00\" \/>\n<meta name=\"twitter:card\" content=\"summary_large_image\" \/>\n<meta name=\"twitter:label1\" content=\"Arvioitu lukuaika\" \/>\n\t<meta name=\"twitter:data1\" content=\"3 minuuttia\" \/>\n<script type=\"application\/ld+json\" class=\"yoast-schema-graph\">{\"@context\":\"https:\/\/schema.org\",\"@graph\":[{\"@type\":\"WebPage\",\"@id\":\"https:\/\/www.electroluxprofessional.com\/fi\/cook-chill-combi-oven\/\",\"url\":\"https:\/\/www.electroluxprofessional.com\/fi\/cook-chill-combi-oven\/\",\"name\":\"Cook and Chill Kombiugn - Electrolux Professional Suomi\",\"isPartOf\":{\"@id\":\"https:\/\/www.electroluxprofessional.com\/fi\/#website\"},\"datePublished\":\"2017-03-23T17:00:13+00:00\",\"dateModified\":\"2017-04-04T11:55:38+00:00\",\"breadcrumb\":{\"@id\":\"https:\/\/www.electroluxprofessional.com\/fi\/cook-chill-combi-oven\/#breadcrumb\"},\"inLanguage\":\"fi\",\"potentialAction\":[{\"@type\":\"ReadAction\",\"target\":[\"https:\/\/www.electroluxprofessional.com\/fi\/cook-chill-combi-oven\/\"]}]},{\"@type\":\"BreadcrumbList\",\"@id\":\"https:\/\/www.electroluxprofessional.com\/fi\/cook-chill-combi-oven\/#breadcrumb\",\"itemListElement\":[{\"@type\":\"ListItem\",\"position\":1,\"name\":\"Home\",\"item\":\"https:\/\/www.electroluxprofessional.com\/fi\/\"},{\"@type\":\"ListItem\",\"position\":2,\"name\":\"Cook and Chill Kombiugn\"}]},{\"@type\":\"WebSite\",\"@id\":\"https:\/\/www.electroluxprofessional.com\/fi\/#website\",\"url\":\"https:\/\/www.electroluxprofessional.com\/fi\/\",\"name\":\"Electrolux Professional Suomi\",\"description\":\"\",\"potentialAction\":[{\"@type\":\"SearchAction\",\"target\":{\"@type\":\"EntryPoint\",\"urlTemplate\":\"https:\/\/www.electroluxprofessional.com\/fi\/?src={search_term_string}\"},\"query-input\":\"required name=search_term_string\"}],\"inLanguage\":\"fi\"}]}<\/script>\n<!-- \/ Yoast SEO plugin. -->","yoast_head_json":{"title":"Cook and Chill Kombiugn - Electrolux Professional Suomi","robots":{"index":"index","follow":"follow","max-snippet":"max-snippet:-1","max-image-preview":"max-image-preview:large","max-video-preview":"max-video-preview:-1"},"canonical":"https:\/\/www.electroluxprofessional.com\/fi\/cook-chill-combi-oven\/","og_locale":"fi_FI","og_type":"article","og_title":"Cook and Chill Kombiugn - Electrolux Professional Suomi","og_description":"[vc_row full_width=&#8221;electroluxpro-full-width-no-padding&#8221;][vc_column][elx_hero_slider label_text_color=&#8221;inherit&#8221; images=&#8221;746&#8243;][elx_heading font_container=&#8221;h1&#8243; font_size=&#8221;h2&#8243; text_color=&#8221;inherit&#8221;]Cook&amp;Chill [\/elx_heading][vc_column_text]Ugnar och Blast Chillers[\/vc_column_text][\/elx_hero_slider][\/vc_column][\/vc_row][vc_row][vc_column css=&#8221;.vc_custom_1474293813756{padding-top: 50px !important;padding-bottom: 50px !important;}&#8221;][elx_simple_block background_color=&#8221;inherit&#8221;][elx_heading font_size=&#8221;h4&#8243; text_color=&#8221;inherit&#8221; text_align=&#8221;text-center&#8221;]L\u00e4mna inget utrymme f\u00f6r kompromisser. Du f\u00e5r alltid det resultat du \u00e4r ute efter.[\/elx_heading][\/elx_simple_block][\/vc_column][\/vc_row][vc_row full_height=&#8221;yes&#8221;][vc_column width=&#8221;1\/2&#8243;][vc_single_image image=&#8221;695&#8243; img_size=&#8221;full&#8221;][\/vc_column][vc_column width=&#8221;1\/2&#8243;][elx_simple_block background_color=&#8221;inherit&#8221;][elx_heading font_container=&#8221;h3&#8243; text_color=&#8221;inherit&#8221;]air-o-steam Touch Line Kombiugn[\/elx_heading][vc_column_text]air-o-steam Touchline erbjuder ett enkelt och intuitivt s\u00e4tt att laga mat i [&hellip;]","og_url":"https:\/\/www.electroluxprofessional.com\/fi\/cook-chill-combi-oven\/","og_site_name":"Electrolux Professional Suomi","article_modified_time":"2017-04-04T11:55:38+00:00","twitter_card":"summary_large_image","twitter_misc":{"Arvioitu lukuaika":"3 minuuttia"},"schema":{"@context":"https:\/\/schema.org","@graph":[{"@type":"WebPage","@id":"https:\/\/www.electroluxprofessional.com\/fi\/cook-chill-combi-oven\/","url":"https:\/\/www.electroluxprofessional.com\/fi\/cook-chill-combi-oven\/","name":"Cook and Chill Kombiugn - Electrolux Professional Suomi","isPartOf":{"@id":"https:\/\/www.electroluxprofessional.com\/fi\/#website"},"datePublished":"2017-03-23T17:00:13+00:00","dateModified":"2017-04-04T11:55:38+00:00","breadcrumb":{"@id":"https:\/\/www.electroluxprofessional.com\/fi\/cook-chill-combi-oven\/#breadcrumb"},"inLanguage":"fi","potentialAction":[{"@type":"ReadAction","target":["https:\/\/www.electroluxprofessional.com\/fi\/cook-chill-combi-oven\/"]}]},{"@type":"BreadcrumbList","@id":"https:\/\/www.electroluxprofessional.com\/fi\/cook-chill-combi-oven\/#breadcrumb","itemListElement":[{"@type":"ListItem","position":1,"name":"Home","item":"https:\/\/www.electroluxprofessional.com\/fi\/"},{"@type":"ListItem","position":2,"name":"Cook and Chill Kombiugn"}]},{"@type":"WebSite","@id":"https:\/\/www.electroluxprofessional.com\/fi\/#website","url":"https:\/\/www.electroluxprofessional.com\/fi\/","name":"Electrolux Professional Suomi","description":"","potentialAction":[{"@type":"SearchAction","target":{"@type":"EntryPoint","urlTemplate":"https:\/\/www.electroluxprofessional.com\/fi\/?src={search_term_string}"},"query-input":"required name=search_term_string"}],"inLanguage":"fi"}]}},"_links":{"self":[{"href":"https:\/\/www.electroluxprofessional.com\/fi\/wp-json\/wp\/v2\/pages\/2403"}],"collection":[{"href":"https:\/\/www.electroluxprofessional.com\/fi\/wp-json\/wp\/v2\/pages"}],"about":[{"href":"https:\/\/www.electroluxprofessional.com\/fi\/wp-json\/wp\/v2\/types\/page"}],"author":[{"embeddable":true,"href":"https:\/\/www.electroluxprofessional.com\/fi\/wp-json\/wp\/v2\/users\/1"}],"replies":[{"embeddable":true,"href":"https:\/\/www.electroluxprofessional.com\/fi\/wp-json\/wp\/v2\/comments?post=2403"}],"version-history":[{"count":6,"href":"https:\/\/www.electroluxprofessional.com\/fi\/wp-json\/wp\/v2\/pages\/2403\/revisions"}],"predecessor-version":[{"id":3422,"href":"https:\/\/www.electroluxprofessional.com\/fi\/wp-json\/wp\/v2\/pages\/2403\/revisions\/3422"}],"wp:attachment":[{"href":"https:\/\/www.electroluxprofessional.com\/fi\/wp-json\/wp\/v2\/media?parent=2403"}],"curies":[{"name":"wp","href":"https:\/\/api.w.org\/{rel}","templated":true}]}}