{"id":2396,"date":"2023-04-03T12:52:23","date_gmt":"2023-04-03T12:52:23","guid":{"rendered":"https:\/\/www.electroluxprofessional.com\/fi\/?page_id=2396"},"modified":"2025-01-28T16:31:38","modified_gmt":"2025-01-28T16:31:38","slug":"ammattipesulalaitteet","status":"publish","type":"page","link":"https:\/\/www.electroluxprofessional.com\/fi\/ammattipesulalaitteet\/","title":{"rendered":"Ammattipesulalaitteet"},"content":{"rendered":"<p>[vc_row full_width=&#8221;electroluxpro-full-width-no-padding&#8221;][vc_column][vc_single_image image=&#8221;11992&#8243; img_size=&#8221;full&#8221; alignment=&#8221;center&#8221;][vc_empty_space][elx_heading font_container=&#8221;h1&#8243; text_color=&#8221;inherit&#8221; text_align=&#8221;text-center&#8221;]Electrolux Professional ammattipesulalaitteet[\/elx_heading][\/vc_column][\/vc_row][vc_row][vc_column][elx_heading text_color=&#8221;inherit&#8221; text_align=&#8221;text-center&#8221;]Electrolux Professionalilta l\u00f6yd\u00e4t markkinoiden tehokkaimmat ammattipesulalaitteet eritt\u00e4in alhaisilla k\u00e4ytt\u00f6kustannuksilla ja maankattavalla huoltoliikeverkostolla.<br \/>\nTutustu kattavaan pesulalaitevalikoimaamme![\/elx_heading][\/vc_column][\/vc_row][vc_row][vc_column][vc_empty_space height=&#8221;80px&#8221;][\/vc_column][\/vc_row][vc_row][vc_column width=&#8221;1\/4&#8243;][elx_navigation_branch title_link=&#8221;title-linkable&#8221; image=&#8221;13087&#8243; menu_list=&#8221;13078&#8243;][vc_empty_space][\/vc_column][vc_column width=&#8221;1\/4&#8243;][elx_navigation_branch image=&#8221;13089&#8243; menu_list=&#8221;12991&#8243;][vc_empty_space][\/vc_column][vc_column width=&#8221;1\/4&#8243;][elx_navigation_branch image=&#8221;11405&#8243; menu_list=&#8221;12994&#8243;][vc_empty_space][\/vc_column][vc_column width=&#8221;1\/4&#8243;][elx_navigation_branch menu_list=&#8221;13009&#8243; image=&#8221;13088&#8243;][vc_empty_space][\/vc_column][\/vc_row][vc_row][vc_column width=&#8221;1\/4&#8243;][elx_navigation_branch title_link=&#8221;title-linkable&#8221; image=&#8221;11838&#8243; menu_list=&#8221;14156&#8243;][vc_empty_space][\/vc_column][vc_column width=&#8221;1\/4&#8243;][elx_navigation_branch image=&#8221;13090&#8243; menu_list=&#8221;13016&#8243;][vc_empty_space][\/vc_column][vc_column width=&#8221;1\/4&#8243;][elx_navigation_branch menu_list=&#8221;13012&#8243; image=&#8221;13091&#8243;][vc_empty_space][\/vc_column][vc_column width=&#8221;1\/4&#8243;][elx_navigation_branch title_link=&#8221;title-linkable&#8221; image=&#8221;11407&#8243; menu_list=&#8221;13011&#8243;][vc_empty_space][\/vc_column][\/vc_row][vc_row][vc_column width=&#8221;1\/4&#8243;][elx_navigation_branch title_link=&#8221;title-linkable&#8221; image=&#8221;11837&#8243; menu_list=&#8221;13017&#8243;][\/vc_column][vc_column width=&#8221;1\/4&#8243;][elx_navigation_branch title_link=&#8221;title-linkable&#8221; image=&#8221;11410&#8243; menu_list=&#8221;13021&#8243;][\/vc_column][vc_column width=&#8221;1\/4&#8243;][elx_navigation_branch menu_list=&#8221;13022&#8243; image=&#8221;11409&#8243;][\/vc_column][vc_column width=&#8221;1\/4&#8243;][\/vc_column][\/vc_row][vc_row][vc_column][vc_empty_space height=&#8221;70px&#8221;][elx_heading font_size=&#8221;h2&#8243; text_color=&#8221;inherit&#8221; text_align=&#8221;text-center&#8221;]Haluatko lis\u00e4tietoja ammattipesulalaitteistamme? Ota meihin yhteytt\u00e4.[\/elx_heading][vc_empty_space height=&#8221;70px&#8221;][elx_o2000_contact_us s=&#8221;Tietopyynt\u00f6, ammattipesulalaitteet&#8221; country=&#8221;Finland&#8221; b=&#8221;laundry&#8221; r=&#8221;Haluaisin lis\u00e4\u00e4 tietoa ammattipesulalaitteista&#8221;][vc_empty_space height=&#8221;100px&#8221;][\/vc_column][\/vc_row][vc_row][vc_column][elx_heading font_size=&#8221;h2&#8243; text_color=&#8221;inherit&#8221; text_align=&#8221;text-center&#8221;]Saatat olla kiinnostunut seuraavista:[\/elx_heading][\/vc_column][\/vc_row][vc_row][vc_column width=&#8221;1\/3&#8243;][elx_maylike_box id_box=&#8221;4473&#8243;][\/vc_column][vc_column width=&#8221;1\/3&#8243;][elx_maylike_box id_box=&#8221;2834&#8243;][\/vc_column][vc_column width=&#8221;1\/3&#8243;][elx_maylike_box id_box=&#8221;2855&#8243;][\/vc_column][\/vc_row]<\/p>\n","protected":false},"excerpt":{"rendered":"<p>[vc_row full_width=&#8221;electroluxpro-full-width-no-padding&#8221;][vc_column][vc_single_image image=&#8221;11992&#8243; img_size=&#8221;full&#8221; alignment=&#8221;center&#8221;][vc_empty_space][elx_heading font_container=&#8221;h1&#8243; text_color=&#8221;inherit&#8221; text_align=&#8221;text-center&#8221;]Electrolux Professional ammattipesulalaitteet[\/elx_heading][\/vc_column][\/vc_row][vc_row][vc_column][elx_heading text_color=&#8221;inherit&#8221; text_align=&#8221;text-center&#8221;]Electrolux Professionalilta l\u00f6yd\u00e4t markkinoiden tehokkaimmat ammattipesulalaitteet eritt\u00e4in alhaisilla k\u00e4ytt\u00f6kustannuksilla ja maankattavalla huoltoliikeverkostolla. Tutustu kattavaan pesulalaitevalikoimaamme![\/elx_heading][\/vc_column][\/vc_row][vc_row][vc_column][vc_empty_space height=&#8221;80px&#8221;][\/vc_column][\/vc_row][vc_row][vc_column width=&#8221;1\/4&#8243;][elx_navigation_branch title_link=&#8221;title-linkable&#8221; image=&#8221;13087&#8243; menu_list=&#8221;13078&#8243;][vc_empty_space][\/vc_column][vc_column width=&#8221;1\/4&#8243;][elx_navigation_branch image=&#8221;13089&#8243; menu_list=&#8221;12991&#8243;][vc_empty_space][\/vc_column][vc_column width=&#8221;1\/4&#8243;][elx_navigation_branch image=&#8221;11405&#8243; menu_list=&#8221;12994&#8243;][vc_empty_space][\/vc_column][vc_column width=&#8221;1\/4&#8243;][elx_navigation_branch menu_list=&#8221;13009&#8243; image=&#8221;13088&#8243;][vc_empty_space][\/vc_column][\/vc_row][vc_row][vc_column width=&#8221;1\/4&#8243;][elx_navigation_branch title_link=&#8221;title-linkable&#8221; image=&#8221;11838&#8243; menu_list=&#8221;14156&#8243;][vc_empty_space][\/vc_column][vc_column width=&#8221;1\/4&#8243;][elx_navigation_branch image=&#8221;13090&#8243; menu_list=&#8221;13016&#8243;][vc_empty_space][\/vc_column][vc_column width=&#8221;1\/4&#8243;][elx_navigation_branch menu_list=&#8221;13012&#8243; image=&#8221;13091&#8243;][vc_empty_space][\/vc_column][vc_column width=&#8221;1\/4&#8243;][elx_navigation_branch title_link=&#8221;title-linkable&#8221; image=&#8221;11407&#8243; menu_list=&#8221;13011&#8243;][vc_empty_space][\/vc_column][\/vc_row][vc_row][vc_column width=&#8221;1\/4&#8243;][elx_navigation_branch [&hellip;]<\/p>\n","protected":false},"author":1,"featured_media":0,"parent":0,"menu_order":0,"comment_status":"closed","ping_status":"closed","template":"","meta":{"footnotes":""},"class_list":["post-2396","page","type-page","status-publish","hentry"],"yoast_head":"<!-- This site is optimized with the Yoast SEO plugin v23.3 - https:\/\/yoast.com\/wordpress\/plugins\/seo\/ -->\n<title>Ammattipesulalaitteet - Electrolux Professional Suomi<\/title>\n<meta name=\"description\" content=\"Markkinoiden tehokkaimmat ammattipesulalaitteet eritt\u00e4in alhaisilla k\u00e4ytt\u00f6kustannuksilla ja maankattavalla huoltoliikeverkostolla.\" \/>\n<meta name=\"robots\" content=\"index, follow, max-snippet:-1, max-image-preview:large, max-video-preview:-1\" \/>\n<link rel=\"canonical\" href=\"https:\/\/www.electroluxprofessional.com\/fi\/ammattipesulalaitteet\/\" \/>\n<meta property=\"og:locale\" content=\"fi_FI\" \/>\n<meta property=\"og:type\" content=\"article\" \/>\n<meta property=\"og:title\" content=\"Ammattipesulalaitteet - Electrolux Professional Suomi\" \/>\n<meta property=\"og:description\" content=\"Markkinoiden tehokkaimmat ammattipesulalaitteet eritt\u00e4in alhaisilla k\u00e4ytt\u00f6kustannuksilla ja maankattavalla huoltoliikeverkostolla.\" \/>\n<meta property=\"og:url\" content=\"https:\/\/www.electroluxprofessional.com\/fi\/ammattipesulalaitteet\/\" \/>\n<meta property=\"og:site_name\" content=\"Electrolux Professional Suomi\" \/>\n<meta property=\"article:modified_time\" content=\"2025-01-28T16:31:38+00:00\" \/>\n<meta name=\"twitter:card\" content=\"summary_large_image\" \/>\n<meta name=\"twitter:label1\" content=\"Arvioitu lukuaika\" \/>\n\t<meta name=\"twitter:data1\" content=\"4 minuuttia\" \/>\n<script type=\"application\/ld+json\" class=\"yoast-schema-graph\">{\"@context\":\"https:\/\/schema.org\",\"@graph\":[{\"@type\":\"WebPage\",\"@id\":\"https:\/\/www.electroluxprofessional.com\/fi\/ammattipesulalaitteet\/\",\"url\":\"https:\/\/www.electroluxprofessional.com\/fi\/ammattipesulalaitteet\/\",\"name\":\"Ammattipesulalaitteet - Electrolux Professional Suomi\",\"isPartOf\":{\"@id\":\"https:\/\/www.electroluxprofessional.com\/fi\/#website\"},\"datePublished\":\"2023-04-03T12:52:23+00:00\",\"dateModified\":\"2025-01-28T16:31:38+00:00\",\"description\":\"Markkinoiden tehokkaimmat ammattipesulalaitteet eritt\u00e4in alhaisilla k\u00e4ytt\u00f6kustannuksilla ja maankattavalla huoltoliikeverkostolla.\",\"breadcrumb\":{\"@id\":\"https:\/\/www.electroluxprofessional.com\/fi\/ammattipesulalaitteet\/#breadcrumb\"},\"inLanguage\":\"fi\",\"potentialAction\":[{\"@type\":\"ReadAction\",\"target\":[\"https:\/\/www.electroluxprofessional.com\/fi\/ammattipesulalaitteet\/\"]}]},{\"@type\":\"BreadcrumbList\",\"@id\":\"https:\/\/www.electroluxprofessional.com\/fi\/ammattipesulalaitteet\/#breadcrumb\",\"itemListElement\":[{\"@type\":\"ListItem\",\"position\":1,\"name\":\"Home\",\"item\":\"https:\/\/www.electroluxprofessional.com\/fi\/\"},{\"@type\":\"ListItem\",\"position\":2,\"name\":\"Ammattipesulalaitteet\"}]},{\"@type\":\"WebSite\",\"@id\":\"https:\/\/www.electroluxprofessional.com\/fi\/#website\",\"url\":\"https:\/\/www.electroluxprofessional.com\/fi\/\",\"name\":\"Electrolux Professional Suomi\",\"description\":\"\",\"potentialAction\":[{\"@type\":\"SearchAction\",\"target\":{\"@type\":\"EntryPoint\",\"urlTemplate\":\"https:\/\/www.electroluxprofessional.com\/fi\/?src={search_term_string}\"},\"query-input\":\"required name=search_term_string\"}],\"inLanguage\":\"fi\"}]}<\/script>\n<!-- \/ Yoast SEO plugin. -->","yoast_head_json":{"title":"Ammattipesulalaitteet - Electrolux Professional Suomi","description":"Markkinoiden tehokkaimmat ammattipesulalaitteet eritt\u00e4in alhaisilla k\u00e4ytt\u00f6kustannuksilla ja maankattavalla huoltoliikeverkostolla.","robots":{"index":"index","follow":"follow","max-snippet":"max-snippet:-1","max-image-preview":"max-image-preview:large","max-video-preview":"max-video-preview:-1"},"canonical":"https:\/\/www.electroluxprofessional.com\/fi\/ammattipesulalaitteet\/","og_locale":"fi_FI","og_type":"article","og_title":"Ammattipesulalaitteet - Electrolux Professional Suomi","og_description":"Markkinoiden tehokkaimmat ammattipesulalaitteet eritt\u00e4in alhaisilla k\u00e4ytt\u00f6kustannuksilla ja maankattavalla huoltoliikeverkostolla.","og_url":"https:\/\/www.electroluxprofessional.com\/fi\/ammattipesulalaitteet\/","og_site_name":"Electrolux Professional Suomi","article_modified_time":"2025-01-28T16:31:38+00:00","twitter_card":"summary_large_image","twitter_misc":{"Arvioitu lukuaika":"4 minuuttia"},"schema":{"@context":"https:\/\/schema.org","@graph":[{"@type":"WebPage","@id":"https:\/\/www.electroluxprofessional.com\/fi\/ammattipesulalaitteet\/","url":"https:\/\/www.electroluxprofessional.com\/fi\/ammattipesulalaitteet\/","name":"Ammattipesulalaitteet - Electrolux Professional Suomi","isPartOf":{"@id":"https:\/\/www.electroluxprofessional.com\/fi\/#website"},"datePublished":"2023-04-03T12:52:23+00:00","dateModified":"2025-01-28T16:31:38+00:00","description":"Markkinoiden tehokkaimmat ammattipesulalaitteet eritt\u00e4in alhaisilla k\u00e4ytt\u00f6kustannuksilla ja maankattavalla huoltoliikeverkostolla.","breadcrumb":{"@id":"https:\/\/www.electroluxprofessional.com\/fi\/ammattipesulalaitteet\/#breadcrumb"},"inLanguage":"fi","potentialAction":[{"@type":"ReadAction","target":["https:\/\/www.electroluxprofessional.com\/fi\/ammattipesulalaitteet\/"]}]},{"@type":"BreadcrumbList","@id":"https:\/\/www.electroluxprofessional.com\/fi\/ammattipesulalaitteet\/#breadcrumb","itemListElement":[{"@type":"ListItem","position":1,"name":"Home","item":"https:\/\/www.electroluxprofessional.com\/fi\/"},{"@type":"ListItem","position":2,"name":"Ammattipesulalaitteet"}]},{"@type":"WebSite","@id":"https:\/\/www.electroluxprofessional.com\/fi\/#website","url":"https:\/\/www.electroluxprofessional.com\/fi\/","name":"Electrolux Professional Suomi","description":"","potentialAction":[{"@type":"SearchAction","target":{"@type":"EntryPoint","urlTemplate":"https:\/\/www.electroluxprofessional.com\/fi\/?src={search_term_string}"},"query-input":"required name=search_term_string"}],"inLanguage":"fi"}]}},"_links":{"self":[{"href":"https:\/\/www.electroluxprofessional.com\/fi\/wp-json\/wp\/v2\/pages\/2396"}],"collection":[{"href":"https:\/\/www.electroluxprofessional.com\/fi\/wp-json\/wp\/v2\/pages"}],"about":[{"href":"https:\/\/www.electroluxprofessional.com\/fi\/wp-json\/wp\/v2\/types\/page"}],"author":[{"embeddable":true,"href":"https:\/\/www.electroluxprofessional.com\/fi\/wp-json\/wp\/v2\/users\/1"}],"replies":[{"embeddable":true,"href":"https:\/\/www.electroluxprofessional.com\/fi\/wp-json\/wp\/v2\/comments?post=2396"}],"version-history":[{"count":72,"href":"https:\/\/www.electroluxprofessional.com\/fi\/wp-json\/wp\/v2\/pages\/2396\/revisions"}],"predecessor-version":[{"id":14417,"href":"https:\/\/www.electroluxprofessional.com\/fi\/wp-json\/wp\/v2\/pages\/2396\/revisions\/14417"}],"wp:attachment":[{"href":"https:\/\/www.electroluxprofessional.com\/fi\/wp-json\/wp\/v2\/media?parent=2396"}],"curies":[{"name":"wp","href":"https:\/\/api.w.org\/{rel}","templated":true}]}}