{"id":2394,"date":"2017-03-29T11:08:24","date_gmt":"2017-03-29T11:08:24","guid":{"rendered":"https:\/\/www.electroluxprofessional.com\/fi\/?page_id=2394"},"modified":"2017-04-05T09:03:16","modified_gmt":"2017-04-05T09:03:16","slug":"xp-stekbord","status":"publish","type":"page","link":"https:\/\/www.electroluxprofessional.com\/fi\/xp-stekbord\/","title":{"rendered":"XP stekbord"},"content":{"rendered":"<p>[vc_row full_width=&#8221;electroluxpro-full-width-no-padding&#8221;][vc_column][elx_hero_slider label_text_color=&#8221;inherit&#8221; images=&#8221;2018&#8243;][elx_heading font_container=&#8221;h1&#8243; font_size=&#8221;h2&#8243; text_color=&#8221;inherit&#8221;]900XP &amp; 700XP[\/elx_heading][\/elx_hero_slider][\/vc_column][\/vc_row][vc_row][vc_column][vc_empty_space height=&#8221;50px&#8221;][\/vc_column][\/vc_row][vc_row][vc_column width=&#8221;1\/2&#8243;][vc_empty_space height=&#8221;50px&#8221;][elx_heading font_size=&#8221;h2&#8243; text_color=&#8221;inherit&#8221;]900XP &amp; 700XP<br \/>\ntrust the eXPerience<br \/>\n[\/elx_heading][vc_empty_space][vc_column_text]Den exklusiva l\u00f6sningen f\u00f6r tillagning av st\u00f6rre kvantiteter.<\/p>\n<p>Stekbord med innovativa Duomat cooking ytan (en kombination av rostfritt st\u00e5l) \u00e4r den b\u00e4sta l\u00f6sningen f\u00f6r en enhetlig temperatur p\u00e5 hela tillagningsytan.[\/vc_column_text][\/vc_column][vc_column width=&#8221;1\/2&#8243;][vc_single_image image=&#8221;862&#8243; img_size=&#8221;large&#8221;][\/vc_column][\/vc_row][vc_row][vc_column width=&#8221;1\/3&#8243;][elx_heading font_size=&#8221;h4&#8243; text_color=&#8221;inherit&#8221;]Enkelhet[\/elx_heading][vc_column_text]\u00c4ven de mest sv\u00e5ra delarna \u00e4r l\u00e4tta att reng\u00f6ra.[\/vc_column_text][\/vc_column][vc_column width=&#8221;1\/3&#8243;][elx_heading font_size=&#8221;h4&#8243; text_color=&#8221;inherit&#8221;]L\u00f6nsamhet[\/elx_heading][vc_column_text]Med XP sparar du pengar samtidigt som du har milj\u00f6n i \u00e5tanke.[\/vc_column_text][\/vc_column][vc_column width=&#8221;1\/3&#8243;][elx_heading font_size=&#8221;h4&#8243; text_color=&#8221;inherit&#8221;]Personlighet[\/elx_heading][vc_column_text]Komplett serie, installationer, ut\u00f6kad service.[\/vc_column_text][\/vc_column][\/vc_row][vc_row][vc_column][vc_empty_space][\/vc_column][\/vc_row][vc_row][vc_column width=&#8221;1\/4&#8243;][elx_download_block text=&#8221;900XP &amp; 700XP modular cooking&#8221; link=&#8221;files.professional.electrolux.com\/docs\/?n=BR-9JEEX&amp;b=5&amp;l=1&#8243; background_color=&#8221;orange&#8221; reveal_effect=&#8221;&#8221; reveal_duration=&#8221;&#8221; reveal_delay=&#8221;&#8221;][\/vc_column][vc_column width=&#8221;1\/4&#8243;][elx_download_block text=&#8221;900XP &#038; 700XP Tillbeh\u00f6r&#8221; link=&#8221;files.professional.electrolux.com\/docs\/?n=BR-9JEIE&#038;b=5&#038;l=1&#8243; background_color=&#8221;orange&#8221; reveal_effect=&#8221;&#8221; reveal_duration=&#8221;&#8221; reveal_delay=&#8221;&#8221;][\/vc_column][vc_column width=&#8221;1\/4&#8243;][elx_download_block text=&#8221; 900XP &amp; 700XP<br \/>\nhigh capacity kitchens&#8221; link=&#8221;files.professional.electrolux.com\/docs\/?n=BR-9JEFC&amp;b=5&amp;l=1&#8243; background_color=&#8221;orange&#8221; reveal_effect=&#8221;&#8221; reveal_duration=&#8221;&#8221; reveal_delay=&#8221;&#8221;][\/vc_column][vc_column width=&#8221;1\/4&#8243;][elx_download_block text=&#8221; 900XP &amp; 700XP<br \/>\nfull service&#8221; link=&#8221;files.professional.electrolux.com\/docs\/?n=BR-9JEFB&amp;b=5&amp;l=1&#8243; background_color=&#8221;orange&#8221; reveal_effect=&#8221;&#8221; reveal_duration=&#8221;&#8221; reveal_delay=&#8221;&#8221;][\/vc_column][\/vc_row][vc_row][vc_column][vc_empty_space height=&#8221;50px&#8221;][elx_heading font_size=&#8221;h2&#8243; text_color=&#8221;inherit&#8221;]Vill du veta mer? Kontakta oss![\/elx_heading][elx_o2000_contact_us r=&#8221;Jag skulle vilja veta mer om XP, v\u00e4nligen kontakta mig!&#8221; s=&#8221;Request of information about 900XP &amp; 700XP braising and boiling pans&#8221; e=&#8221;anders.norell@electrolux.com&#8221; country=&#8221;Sweden&#8221; l=&#8221;se&#8221; container=&#8221;elxcontactus1479897144&#8243;][vc_empty_space height=&#8221;50px&#8221;][\/vc_column][\/vc_row]<\/p>\n","protected":false},"excerpt":{"rendered":"<p>[vc_row full_width=&#8221;electroluxpro-full-width-no-padding&#8221;][vc_column][elx_hero_slider label_text_color=&#8221;inherit&#8221; images=&#8221;2018&#8243;][elx_heading font_container=&#8221;h1&#8243; font_size=&#8221;h2&#8243; text_color=&#8221;inherit&#8221;]900XP &amp; 700XP[\/elx_heading][\/elx_hero_slider][\/vc_column][\/vc_row][vc_row][vc_column][vc_empty_space height=&#8221;50px&#8221;][\/vc_column][\/vc_row][vc_row][vc_column width=&#8221;1\/2&#8243;][vc_empty_space height=&#8221;50px&#8221;][elx_heading font_size=&#8221;h2&#8243; text_color=&#8221;inherit&#8221;]900XP &amp; 700XP trust the eXPerience [\/elx_heading][vc_empty_space][vc_column_text]Den exklusiva l\u00f6sningen f\u00f6r tillagning av st\u00f6rre kvantiteter. Stekbord med innovativa Duomat cooking ytan (en kombination av rostfritt st\u00e5l) \u00e4r den b\u00e4sta l\u00f6sningen f\u00f6r en enhetlig temperatur p\u00e5 hela tillagningsytan.[\/vc_column_text][\/vc_column][vc_column width=&#8221;1\/2&#8243;][vc_single_image image=&#8221;862&#8243; img_size=&#8221;large&#8221;][\/vc_column][\/vc_row][vc_row][vc_column width=&#8221;1\/3&#8243;][elx_heading font_size=&#8221;h4&#8243; text_color=&#8221;inherit&#8221;]Enkelhet[\/elx_heading][vc_column_text]\u00c4ven [&hellip;]<\/p>\n","protected":false},"author":1,"featured_media":0,"parent":0,"menu_order":0,"comment_status":"closed","ping_status":"closed","template":"","meta":{"footnotes":""},"class_list":["post-2394","page","type-page","status-publish","hentry"],"yoast_head":"<!-- This site is optimized with the Yoast SEO plugin v23.3 - https:\/\/yoast.com\/wordpress\/plugins\/seo\/ -->\n<title>XP stekbord - Electrolux Professional Suomi<\/title>\n<meta name=\"robots\" content=\"index, follow, max-snippet:-1, max-image-preview:large, max-video-preview:-1\" \/>\n<link rel=\"canonical\" href=\"https:\/\/www.electroluxprofessional.com\/fi\/xp-stekbord\/\" \/>\n<meta property=\"og:locale\" content=\"fi_FI\" \/>\n<meta property=\"og:type\" content=\"article\" \/>\n<meta property=\"og:title\" content=\"XP stekbord - Electrolux Professional Suomi\" \/>\n<meta property=\"og:description\" content=\"[vc_row full_width=&#8221;electroluxpro-full-width-no-padding&#8221;][vc_column][elx_hero_slider label_text_color=&#8221;inherit&#8221; images=&#8221;2018&#8243;][elx_heading font_container=&#8221;h1&#8243; font_size=&#8221;h2&#8243; text_color=&#8221;inherit&#8221;]900XP &amp; 700XP[\/elx_heading][\/elx_hero_slider][\/vc_column][\/vc_row][vc_row][vc_column][vc_empty_space height=&#8221;50px&#8221;][\/vc_column][\/vc_row][vc_row][vc_column width=&#8221;1\/2&#8243;][vc_empty_space height=&#8221;50px&#8221;][elx_heading font_size=&#8221;h2&#8243; text_color=&#8221;inherit&#8221;]900XP &amp; 700XP trust the eXPerience [\/elx_heading][vc_empty_space][vc_column_text]Den exklusiva l\u00f6sningen f\u00f6r tillagning av st\u00f6rre kvantiteter. Stekbord med innovativa Duomat cooking ytan (en kombination av rostfritt st\u00e5l) \u00e4r den b\u00e4sta l\u00f6sningen f\u00f6r en enhetlig temperatur p\u00e5 hela tillagningsytan.[\/vc_column_text][\/vc_column][vc_column width=&#8221;1\/2&#8243;][vc_single_image image=&#8221;862&#8243; img_size=&#8221;large&#8221;][\/vc_column][\/vc_row][vc_row][vc_column width=&#8221;1\/3&#8243;][elx_heading font_size=&#8221;h4&#8243; text_color=&#8221;inherit&#8221;]Enkelhet[\/elx_heading][vc_column_text]\u00c4ven [&hellip;]\" \/>\n<meta property=\"og:url\" content=\"https:\/\/www.electroluxprofessional.com\/fi\/xp-stekbord\/\" \/>\n<meta property=\"og:site_name\" content=\"Electrolux Professional Suomi\" \/>\n<meta property=\"article:modified_time\" content=\"2017-04-05T09:03:16+00:00\" \/>\n<meta name=\"twitter:card\" content=\"summary_large_image\" \/>\n<meta name=\"twitter:label1\" content=\"Arvioitu lukuaika\" \/>\n\t<meta name=\"twitter:data1\" content=\"2 minuuttia\" \/>\n<script type=\"application\/ld+json\" class=\"yoast-schema-graph\">{\"@context\":\"https:\/\/schema.org\",\"@graph\":[{\"@type\":\"WebPage\",\"@id\":\"https:\/\/www.electroluxprofessional.com\/fi\/xp-stekbord\/\",\"url\":\"https:\/\/www.electroluxprofessional.com\/fi\/xp-stekbord\/\",\"name\":\"XP stekbord - Electrolux Professional Suomi\",\"isPartOf\":{\"@id\":\"https:\/\/www.electroluxprofessional.com\/fi\/#website\"},\"datePublished\":\"2017-03-29T11:08:24+00:00\",\"dateModified\":\"2017-04-05T09:03:16+00:00\",\"breadcrumb\":{\"@id\":\"https:\/\/www.electroluxprofessional.com\/fi\/xp-stekbord\/#breadcrumb\"},\"inLanguage\":\"fi\",\"potentialAction\":[{\"@type\":\"ReadAction\",\"target\":[\"https:\/\/www.electroluxprofessional.com\/fi\/xp-stekbord\/\"]}]},{\"@type\":\"BreadcrumbList\",\"@id\":\"https:\/\/www.electroluxprofessional.com\/fi\/xp-stekbord\/#breadcrumb\",\"itemListElement\":[{\"@type\":\"ListItem\",\"position\":1,\"name\":\"Home\",\"item\":\"https:\/\/www.electroluxprofessional.com\/fi\/\"},{\"@type\":\"ListItem\",\"position\":2,\"name\":\"XP stekbord\"}]},{\"@type\":\"WebSite\",\"@id\":\"https:\/\/www.electroluxprofessional.com\/fi\/#website\",\"url\":\"https:\/\/www.electroluxprofessional.com\/fi\/\",\"name\":\"Electrolux Professional Suomi\",\"description\":\"\",\"potentialAction\":[{\"@type\":\"SearchAction\",\"target\":{\"@type\":\"EntryPoint\",\"urlTemplate\":\"https:\/\/www.electroluxprofessional.com\/fi\/?src={search_term_string}\"},\"query-input\":\"required name=search_term_string\"}],\"inLanguage\":\"fi\"}]}<\/script>\n<!-- \/ Yoast SEO plugin. -->","yoast_head_json":{"title":"XP stekbord - Electrolux Professional Suomi","robots":{"index":"index","follow":"follow","max-snippet":"max-snippet:-1","max-image-preview":"max-image-preview:large","max-video-preview":"max-video-preview:-1"},"canonical":"https:\/\/www.electroluxprofessional.com\/fi\/xp-stekbord\/","og_locale":"fi_FI","og_type":"article","og_title":"XP stekbord - Electrolux Professional Suomi","og_description":"[vc_row full_width=&#8221;electroluxpro-full-width-no-padding&#8221;][vc_column][elx_hero_slider label_text_color=&#8221;inherit&#8221; images=&#8221;2018&#8243;][elx_heading font_container=&#8221;h1&#8243; font_size=&#8221;h2&#8243; text_color=&#8221;inherit&#8221;]900XP &amp; 700XP[\/elx_heading][\/elx_hero_slider][\/vc_column][\/vc_row][vc_row][vc_column][vc_empty_space height=&#8221;50px&#8221;][\/vc_column][\/vc_row][vc_row][vc_column width=&#8221;1\/2&#8243;][vc_empty_space height=&#8221;50px&#8221;][elx_heading font_size=&#8221;h2&#8243; text_color=&#8221;inherit&#8221;]900XP &amp; 700XP trust the eXPerience [\/elx_heading][vc_empty_space][vc_column_text]Den exklusiva l\u00f6sningen f\u00f6r tillagning av st\u00f6rre kvantiteter. Stekbord med innovativa Duomat cooking ytan (en kombination av rostfritt st\u00e5l) \u00e4r den b\u00e4sta l\u00f6sningen f\u00f6r en enhetlig temperatur p\u00e5 hela tillagningsytan.[\/vc_column_text][\/vc_column][vc_column width=&#8221;1\/2&#8243;][vc_single_image image=&#8221;862&#8243; img_size=&#8221;large&#8221;][\/vc_column][\/vc_row][vc_row][vc_column width=&#8221;1\/3&#8243;][elx_heading font_size=&#8221;h4&#8243; text_color=&#8221;inherit&#8221;]Enkelhet[\/elx_heading][vc_column_text]\u00c4ven [&hellip;]","og_url":"https:\/\/www.electroluxprofessional.com\/fi\/xp-stekbord\/","og_site_name":"Electrolux Professional Suomi","article_modified_time":"2017-04-05T09:03:16+00:00","twitter_card":"summary_large_image","twitter_misc":{"Arvioitu lukuaika":"2 minuuttia"},"schema":{"@context":"https:\/\/schema.org","@graph":[{"@type":"WebPage","@id":"https:\/\/www.electroluxprofessional.com\/fi\/xp-stekbord\/","url":"https:\/\/www.electroluxprofessional.com\/fi\/xp-stekbord\/","name":"XP stekbord - Electrolux Professional Suomi","isPartOf":{"@id":"https:\/\/www.electroluxprofessional.com\/fi\/#website"},"datePublished":"2017-03-29T11:08:24+00:00","dateModified":"2017-04-05T09:03:16+00:00","breadcrumb":{"@id":"https:\/\/www.electroluxprofessional.com\/fi\/xp-stekbord\/#breadcrumb"},"inLanguage":"fi","potentialAction":[{"@type":"ReadAction","target":["https:\/\/www.electroluxprofessional.com\/fi\/xp-stekbord\/"]}]},{"@type":"BreadcrumbList","@id":"https:\/\/www.electroluxprofessional.com\/fi\/xp-stekbord\/#breadcrumb","itemListElement":[{"@type":"ListItem","position":1,"name":"Home","item":"https:\/\/www.electroluxprofessional.com\/fi\/"},{"@type":"ListItem","position":2,"name":"XP stekbord"}]},{"@type":"WebSite","@id":"https:\/\/www.electroluxprofessional.com\/fi\/#website","url":"https:\/\/www.electroluxprofessional.com\/fi\/","name":"Electrolux Professional Suomi","description":"","potentialAction":[{"@type":"SearchAction","target":{"@type":"EntryPoint","urlTemplate":"https:\/\/www.electroluxprofessional.com\/fi\/?src={search_term_string}"},"query-input":"required name=search_term_string"}],"inLanguage":"fi"}]}},"_links":{"self":[{"href":"https:\/\/www.electroluxprofessional.com\/fi\/wp-json\/wp\/v2\/pages\/2394"}],"collection":[{"href":"https:\/\/www.electroluxprofessional.com\/fi\/wp-json\/wp\/v2\/pages"}],"about":[{"href":"https:\/\/www.electroluxprofessional.com\/fi\/wp-json\/wp\/v2\/types\/page"}],"author":[{"embeddable":true,"href":"https:\/\/www.electroluxprofessional.com\/fi\/wp-json\/wp\/v2\/users\/1"}],"replies":[{"embeddable":true,"href":"https:\/\/www.electroluxprofessional.com\/fi\/wp-json\/wp\/v2\/comments?post=2394"}],"version-history":[{"count":8,"href":"https:\/\/www.electroluxprofessional.com\/fi\/wp-json\/wp\/v2\/pages\/2394\/revisions"}],"predecessor-version":[{"id":5432,"href":"https:\/\/www.electroluxprofessional.com\/fi\/wp-json\/wp\/v2\/pages\/2394\/revisions\/5432"}],"wp:attachment":[{"href":"https:\/\/www.electroluxprofessional.com\/fi\/wp-json\/wp\/v2\/media?parent=2394"}],"curies":[{"name":"wp","href":"https:\/\/api.w.org\/{rel}","templated":true}]}}