{"id":2381,"date":"2017-03-17T15:43:48","date_gmt":"2017-03-17T15:43:48","guid":{"rendered":"https:\/\/www.electroluxprofessional.com\/fi\/?page_id=2381"},"modified":"2017-09-25T12:45:49","modified_gmt":"2017-09-25T12:45:49","slug":"country-and-language","status":"publish","type":"page","link":"https:\/\/www.electroluxprofessional.com\/fi\/country-and-language\/","title":{"rendered":"Maa &#038; kieli"},"content":{"rendered":"<p>[vc_row full_width=&#8221;electroluxpro-full-width-no-padding&#8221;][vc_column][elx_hero_title label=&#8221;&#8221; background_image=&#8221;637&#8243;][elx_heading font_container=&#8221;h1&#8243; font_size=&#8221;h3&#8243; text_color=&#8221;white&#8221;]Vaihda maa ja kieli[\/elx_heading][\/elx_hero_title][\/vc_column][\/vc_row][vc_row][vc_column][vc_empty_space][\/vc_column][\/vc_row][vc_row][vc_column width=&#8221;2\/3&#8243;][elx_heading text_color=&#8221;inherit&#8221;]Kansainv\u00e4liset sivut[\/elx_heading][vc_column_text]<\/p>\n<ul>\n<li><a href=\"https:\/\/www.electroluxprofessional.com\/\" target=\"_blank\">International<\/a><\/li>\n<\/ul>\n<p>[\/vc_column_text][elx_heading text_color=&#8221;inherit&#8221;]Amerikka[\/elx_heading][vc_column_text]<\/p>\n<ul>\n<li><a href=\"http:\/\/professional.electroluxusa.com\/\" target=\"_blank\">North America<\/a><\/li>\n<li><a href=\"http:\/\/professional.electrolux.la\/\" target=\"_blank\">Am\u00e9rica Latina (Espa\u00f1ol)<\/a><\/li>\n<li><a href=\"https:\/\/www.electroluxprofessional.com.br\/\" target=\"_blank\">Brasil<\/a><\/li>\n<\/ul>\n<p>[\/vc_column_text][elx_heading text_color=&#8221;inherit&#8221;]L\u00e4hi-it\u00e4[\/elx_heading][vc_column_text]<\/p>\n<ul>\n<li><a href=\"http:\/\/professional.electrolux.me\/\" target=\"_blank\">Middle East (English)<\/a><\/li>\n<\/ul>\n<p>[\/vc_column_text][elx_heading text_color=&#8221;inherit&#8221;]Kaakkois-Aasia ja Oseania[\/elx_heading][vc_column_text]<\/p>\n<ul>\n<li><a href=\"https:\/\/www.electroluxprofessional.com.sg\/\" target=\"_blank\">South East Asia and India (English)<\/a><\/li>\n<li><a href=\"https:\/\/www.electroluxprofessional.com.my\/\" target=\"_blank\">Malaysia (English)<\/a><\/li>\n<li><a href=\"https:\/\/www.electroluxprofessional.com.au\/\" target=\"_blank\">Australia and New Zealand<\/a><\/li>\n<li><a href=\"https:\/\/www.electroluxprofessional.com.cn\/\" target=\"_blank\">\u4e2d\u56fd<\/a><\/li>\n<li><a href=\"http:\/\/professional.electrolux.co.jp\" target=\"_blank\">\u65e5\u672c<\/a><\/li>\n<\/ul>\n<p>[\/vc_column_text][\/vc_column][vc_column width=&#8221;1\/3&#8243;][elx_heading text_color=&#8221;inherit&#8221;]Eurooppa[\/elx_heading][vc_column_text]<\/p>\n<ul>\n<li><a href=\"http:\/\/professional.electrolux.be\/nl-be\/?redirect=true\" target=\"_blank\">Belgi\u00eb<\/a><\/li>\n<li><a href=\"http:\/\/professional.electrolux.be\/fr-BE\/\" target=\"_blank\">Belgique<\/a><\/li>\n<li><a href=\"http:\/\/professional.electrolux.cz\/\" target=\"_blank\">\u010cesk\u00e1 republika<\/a><\/li>\n<li><a href=\"http:\/\/professional.electrolux.dk\/\" target=\"_blank\">Danmark<\/a><\/li>\n<li><a href=\"http:\/\/professional.electrolux.de\/\" target=\"_blank\">Deutschland<\/a><\/li>\n<li><a href=\"http:\/\/professional.electrolux.ee\/\" target=\"_blank\">Eesti<\/a><\/li>\n<li><a href=\"http:\/\/professional.electrolux.es\/\" target=\"_blank\">Espa\u00f1a<\/a><\/li>\n<li><a href=\"http:\/\/professional.electrolux.fr\/\" target=\"_blank\">France<\/a><\/li>\n<li><a href=\"http:\/\/professional.electrolux.gr\/\" target=\"_blank\">\u0395\u03bb\u03bb\u03b7\u03bd\u03b9\u03ba\u03ac<\/a><\/li>\n<li><a href=\"http:\/\/professional.electrolux.hr\/\" target=\"_blank\">Hrvatska<\/a><\/li>\n<li><a href=\"http:\/\/professional.electrolux.it\/\" target=\"_blank\">Italia<\/a><\/li>\n<li><a href=\"http:\/\/professional.electrolux.hu\/\" target=\"_blank\">Magyarorsz\u00e1g<\/a><\/li>\n<li><a href=\"http:\/\/professional.electrolux.nl\/\" target=\"_blank\">Nederland<\/a><\/li>\n<li><a href=\"http:\/\/professional.electrolux.no\/\" target=\"_blank\">Norge<\/a><\/li>\n<li><a href=\"http:\/\/professional.electrolux.pl\/\" target=\"_blank\">Polska<\/a><\/li>\n<li><a href=\"http:\/\/professional.electrolux.pt\/\" target=\"_blank\">Portugal<\/a><\/li>\n<li><a href=\"http:\/\/professional.electrolux.ro\/\" target=\"_blank\">Rom\u00e2nia<\/a><\/li>\n<li><a href=\"http:\/\/professional.electrolux.ru\/\" target=\"_blank\">\u0420\u043e\u0441\u0441\u0438\u044f<\/a><\/li>\n<li><a href=\"http:\/\/professional.electrolux.si\/\" target=\"_blank\">Slovenia<\/a><\/li>\n<li><a href=\"http:\/\/professional.electrolux.ch\/\" target=\"_blank\">Schweiz<\/a><\/li>\n<li><a href=\"http:\/\/professional.electrolux.rs\/\" target=\"_blank\">Srbija<\/a><\/li>\n<li><a href=\"https:\/\/www.electroluxprofessional.com\/fi\/\" target=\"_blank\">Suomi<\/a><\/li>\n<li><a href=\"https:\/\/www.electroluxprofessional.com\/fi\/\" target=\"_blank\">Sverige<\/a><\/li>\n<li><a href=\"https:\/\/www.electroluxprofessional.com.tr\/\" target=\"_blank\">T\u00fcrkiye<\/a><\/li>\n<li><a href=\"http:\/\/professional.electrolux.co.uk\/\" target=\"_blank\">UK<\/a><\/li>\n<\/ul>\n<p>[\/vc_column_text][\/vc_column][\/vc_row]<\/p>\n","protected":false},"excerpt":{"rendered":"<p>[vc_row full_width=&#8221;electroluxpro-full-width-no-padding&#8221;][vc_column][elx_hero_title label=&#8221;&#8221; background_image=&#8221;637&#8243;][elx_heading font_container=&#8221;h1&#8243; font_size=&#8221;h3&#8243; text_color=&#8221;white&#8221;]Vaihda maa ja kieli[\/elx_heading][\/elx_hero_title][\/vc_column][\/vc_row][vc_row][vc_column][vc_empty_space][\/vc_column][\/vc_row][vc_row][vc_column width=&#8221;2\/3&#8243;][elx_heading text_color=&#8221;inherit&#8221;]Kansainv\u00e4liset sivut[\/elx_heading][vc_column_text] International [\/vc_column_text][elx_heading text_color=&#8221;inherit&#8221;]Amerikka[\/elx_heading][vc_column_text] North America Am\u00e9rica Latina (Espa\u00f1ol) Brasil [\/vc_column_text][elx_heading text_color=&#8221;inherit&#8221;]L\u00e4hi-it\u00e4[\/elx_heading][vc_column_text] Middle East (English) [\/vc_column_text][elx_heading text_color=&#8221;inherit&#8221;]Kaakkois-Aasia ja Oseania[\/elx_heading][vc_column_text] South East Asia and India (English) Malaysia (English) Australia and New Zealand \u4e2d\u56fd \u65e5\u672c [\/vc_column_text][\/vc_column][vc_column width=&#8221;1\/3&#8243;][elx_heading text_color=&#8221;inherit&#8221;]Eurooppa[\/elx_heading][vc_column_text] Belgi\u00eb Belgique \u010cesk\u00e1 republika Danmark Deutschland Eesti [&hellip;]<\/p>\n","protected":false},"author":1,"featured_media":0,"parent":0,"menu_order":0,"comment_status":"closed","ping_status":"closed","template":"","meta":{"footnotes":""},"class_list":["post-2381","page","type-page","status-publish","hentry"],"yoast_head":"<!-- This site is optimized with the Yoast SEO plugin v23.3 - https:\/\/yoast.com\/wordpress\/plugins\/seo\/ -->\n<title>Maa &amp; kieli - Electrolux Professional Suomi<\/title>\n<meta name=\"robots\" content=\"index, follow, max-snippet:-1, max-image-preview:large, max-video-preview:-1\" \/>\n<link rel=\"canonical\" href=\"https:\/\/www.electroluxprofessional.com\/fi\/country-and-language\/\" \/>\n<meta property=\"og:locale\" content=\"fi_FI\" \/>\n<meta property=\"og:type\" content=\"article\" \/>\n<meta property=\"og:title\" content=\"Maa &amp; kieli - Electrolux Professional Suomi\" \/>\n<meta property=\"og:description\" content=\"[vc_row full_width=&#8221;electroluxpro-full-width-no-padding&#8221;][vc_column][elx_hero_title label=&#8221;&#8221; background_image=&#8221;637&#8243;][elx_heading font_container=&#8221;h1&#8243; font_size=&#8221;h3&#8243; text_color=&#8221;white&#8221;]Vaihda maa ja kieli[\/elx_heading][\/elx_hero_title][\/vc_column][\/vc_row][vc_row][vc_column][vc_empty_space][\/vc_column][\/vc_row][vc_row][vc_column width=&#8221;2\/3&#8243;][elx_heading text_color=&#8221;inherit&#8221;]Kansainv\u00e4liset sivut[\/elx_heading][vc_column_text] International [\/vc_column_text][elx_heading text_color=&#8221;inherit&#8221;]Amerikka[\/elx_heading][vc_column_text] North America Am\u00e9rica Latina (Espa\u00f1ol) Brasil [\/vc_column_text][elx_heading text_color=&#8221;inherit&#8221;]L\u00e4hi-it\u00e4[\/elx_heading][vc_column_text] Middle East (English) [\/vc_column_text][elx_heading text_color=&#8221;inherit&#8221;]Kaakkois-Aasia ja Oseania[\/elx_heading][vc_column_text] South East Asia and India (English) Malaysia (English) Australia and New Zealand \u4e2d\u56fd \u65e5\u672c [\/vc_column_text][\/vc_column][vc_column width=&#8221;1\/3&#8243;][elx_heading text_color=&#8221;inherit&#8221;]Eurooppa[\/elx_heading][vc_column_text] Belgi\u00eb Belgique \u010cesk\u00e1 republika Danmark Deutschland Eesti [&hellip;]\" \/>\n<meta property=\"og:url\" content=\"https:\/\/www.electroluxprofessional.com\/fi\/country-and-language\/\" \/>\n<meta property=\"og:site_name\" content=\"Electrolux Professional Suomi\" \/>\n<meta property=\"article:modified_time\" content=\"2017-09-25T12:45:49+00:00\" \/>\n<meta name=\"twitter:card\" content=\"summary_large_image\" \/>\n<meta name=\"twitter:label1\" content=\"Arvioitu lukuaika\" \/>\n\t<meta name=\"twitter:data1\" content=\"1 minuutti\" \/>\n<script type=\"application\/ld+json\" class=\"yoast-schema-graph\">{\"@context\":\"https:\/\/schema.org\",\"@graph\":[{\"@type\":\"WebPage\",\"@id\":\"https:\/\/www.electroluxprofessional.com\/fi\/country-and-language\/\",\"url\":\"https:\/\/www.electroluxprofessional.com\/fi\/country-and-language\/\",\"name\":\"Maa & kieli - Electrolux Professional Suomi\",\"isPartOf\":{\"@id\":\"https:\/\/www.electroluxprofessional.com\/fi\/#website\"},\"datePublished\":\"2017-03-17T15:43:48+00:00\",\"dateModified\":\"2017-09-25T12:45:49+00:00\",\"breadcrumb\":{\"@id\":\"https:\/\/www.electroluxprofessional.com\/fi\/country-and-language\/#breadcrumb\"},\"inLanguage\":\"fi\",\"potentialAction\":[{\"@type\":\"ReadAction\",\"target\":[\"https:\/\/www.electroluxprofessional.com\/fi\/country-and-language\/\"]}]},{\"@type\":\"BreadcrumbList\",\"@id\":\"https:\/\/www.electroluxprofessional.com\/fi\/country-and-language\/#breadcrumb\",\"itemListElement\":[{\"@type\":\"ListItem\",\"position\":1,\"name\":\"Home\",\"item\":\"https:\/\/www.electroluxprofessional.com\/fi\/\"},{\"@type\":\"ListItem\",\"position\":2,\"name\":\"Maa &#038; kieli\"}]},{\"@type\":\"WebSite\",\"@id\":\"https:\/\/www.electroluxprofessional.com\/fi\/#website\",\"url\":\"https:\/\/www.electroluxprofessional.com\/fi\/\",\"name\":\"Electrolux Professional Suomi\",\"description\":\"\",\"potentialAction\":[{\"@type\":\"SearchAction\",\"target\":{\"@type\":\"EntryPoint\",\"urlTemplate\":\"https:\/\/www.electroluxprofessional.com\/fi\/?src={search_term_string}\"},\"query-input\":\"required name=search_term_string\"}],\"inLanguage\":\"fi\"}]}<\/script>\n<!-- \/ Yoast SEO plugin. -->","yoast_head_json":{"title":"Maa & kieli - Electrolux Professional Suomi","robots":{"index":"index","follow":"follow","max-snippet":"max-snippet:-1","max-image-preview":"max-image-preview:large","max-video-preview":"max-video-preview:-1"},"canonical":"https:\/\/www.electroluxprofessional.com\/fi\/country-and-language\/","og_locale":"fi_FI","og_type":"article","og_title":"Maa & kieli - Electrolux Professional Suomi","og_description":"[vc_row full_width=&#8221;electroluxpro-full-width-no-padding&#8221;][vc_column][elx_hero_title label=&#8221;&#8221; background_image=&#8221;637&#8243;][elx_heading font_container=&#8221;h1&#8243; font_size=&#8221;h3&#8243; text_color=&#8221;white&#8221;]Vaihda maa ja kieli[\/elx_heading][\/elx_hero_title][\/vc_column][\/vc_row][vc_row][vc_column][vc_empty_space][\/vc_column][\/vc_row][vc_row][vc_column width=&#8221;2\/3&#8243;][elx_heading text_color=&#8221;inherit&#8221;]Kansainv\u00e4liset sivut[\/elx_heading][vc_column_text] International [\/vc_column_text][elx_heading text_color=&#8221;inherit&#8221;]Amerikka[\/elx_heading][vc_column_text] North America Am\u00e9rica Latina (Espa\u00f1ol) Brasil [\/vc_column_text][elx_heading text_color=&#8221;inherit&#8221;]L\u00e4hi-it\u00e4[\/elx_heading][vc_column_text] Middle East (English) [\/vc_column_text][elx_heading text_color=&#8221;inherit&#8221;]Kaakkois-Aasia ja Oseania[\/elx_heading][vc_column_text] South East Asia and India (English) Malaysia (English) Australia and New Zealand \u4e2d\u56fd \u65e5\u672c [\/vc_column_text][\/vc_column][vc_column width=&#8221;1\/3&#8243;][elx_heading text_color=&#8221;inherit&#8221;]Eurooppa[\/elx_heading][vc_column_text] Belgi\u00eb Belgique \u010cesk\u00e1 republika Danmark Deutschland Eesti [&hellip;]","og_url":"https:\/\/www.electroluxprofessional.com\/fi\/country-and-language\/","og_site_name":"Electrolux Professional Suomi","article_modified_time":"2017-09-25T12:45:49+00:00","twitter_card":"summary_large_image","twitter_misc":{"Arvioitu lukuaika":"1 minuutti"},"schema":{"@context":"https:\/\/schema.org","@graph":[{"@type":"WebPage","@id":"https:\/\/www.electroluxprofessional.com\/fi\/country-and-language\/","url":"https:\/\/www.electroluxprofessional.com\/fi\/country-and-language\/","name":"Maa & kieli - Electrolux Professional Suomi","isPartOf":{"@id":"https:\/\/www.electroluxprofessional.com\/fi\/#website"},"datePublished":"2017-03-17T15:43:48+00:00","dateModified":"2017-09-25T12:45:49+00:00","breadcrumb":{"@id":"https:\/\/www.electroluxprofessional.com\/fi\/country-and-language\/#breadcrumb"},"inLanguage":"fi","potentialAction":[{"@type":"ReadAction","target":["https:\/\/www.electroluxprofessional.com\/fi\/country-and-language\/"]}]},{"@type":"BreadcrumbList","@id":"https:\/\/www.electroluxprofessional.com\/fi\/country-and-language\/#breadcrumb","itemListElement":[{"@type":"ListItem","position":1,"name":"Home","item":"https:\/\/www.electroluxprofessional.com\/fi\/"},{"@type":"ListItem","position":2,"name":"Maa &#038; kieli"}]},{"@type":"WebSite","@id":"https:\/\/www.electroluxprofessional.com\/fi\/#website","url":"https:\/\/www.electroluxprofessional.com\/fi\/","name":"Electrolux Professional Suomi","description":"","potentialAction":[{"@type":"SearchAction","target":{"@type":"EntryPoint","urlTemplate":"https:\/\/www.electroluxprofessional.com\/fi\/?src={search_term_string}"},"query-input":"required name=search_term_string"}],"inLanguage":"fi"}]}},"_links":{"self":[{"href":"https:\/\/www.electroluxprofessional.com\/fi\/wp-json\/wp\/v2\/pages\/2381"}],"collection":[{"href":"https:\/\/www.electroluxprofessional.com\/fi\/wp-json\/wp\/v2\/pages"}],"about":[{"href":"https:\/\/www.electroluxprofessional.com\/fi\/wp-json\/wp\/v2\/types\/page"}],"author":[{"embeddable":true,"href":"https:\/\/www.electroluxprofessional.com\/fi\/wp-json\/wp\/v2\/users\/1"}],"replies":[{"embeddable":true,"href":"https:\/\/www.electroluxprofessional.com\/fi\/wp-json\/wp\/v2\/comments?post=2381"}],"version-history":[{"count":8,"href":"https:\/\/www.electroluxprofessional.com\/fi\/wp-json\/wp\/v2\/pages\/2381\/revisions"}],"predecessor-version":[{"id":4989,"href":"https:\/\/www.electroluxprofessional.com\/fi\/wp-json\/wp\/v2\/pages\/2381\/revisions\/4989"}],"wp:attachment":[{"href":"https:\/\/www.electroluxprofessional.com\/fi\/wp-json\/wp\/v2\/media?parent=2381"}],"curies":[{"name":"wp","href":"https:\/\/api.w.org\/{rel}","templated":true}]}}