{"id":2373,"date":"2017-04-03T11:43:44","date_gmt":"2017-04-03T11:43:44","guid":{"rendered":"https:\/\/www.electroluxprofessional.com\/fi\/?page_id=2373"},"modified":"2023-08-18T08:38:47","modified_gmt":"2023-08-18T08:38:47","slug":"showroom-och-framtidens-kok","status":"publish","type":"page","link":"https:\/\/www.electroluxprofessional.com\/fi\/showroom-och-framtidens-kok\/","title":{"rendered":"Showroom och Framtidens k\u00f6k"},"content":{"rendered":"<p>[vc_row full_width=&#8221;electroluxpro-full-width-no-padding&#8221;][vc_column][elx_hero_title label=&#8221;&#8221; background_image=&#8221;598&#8243;][elx_heading font_container=&#8221;h1&#8243; text_color=&#8221;white&#8221;]Centers of Excellence[\/elx_heading][\/elx_hero_title][\/vc_column][\/vc_row][vc_row][vc_column][elx_heading text_color=&#8221;inherit&#8221;]Showroom &amp; Framtidens k\u00f6k[\/elx_heading][vc_empty_space][\/vc_column][\/vc_row][vc_row][vc_column width=&#8221;1\/3&#8243;][vc_column_text]I Electrolux showroom finns k\u00f6ksutrustning f\u00f6r de flesta verksamheter och h\u00e4r kan bes\u00f6karen f\u00e5 inspiration. Gemensamt tittar vi p\u00e5 verksamheten och vilka behov som f\u00f6religger. Tillsammans planerar vi nya k\u00f6k. Boka in ert bes\u00f6k genom att kontakta din lokala \u00e5terf\u00f6rs\u00e4ljare.[\/vc_column_text][\/vc_column][vc_column width=&#8221;2\/3&#8243;][vc_row_inner css=&#8221;.vc_custom_1482327757942{margin-right: 0px !important;margin-left: 0px !important;border-right-width: 0px !important;border-left-width: 0px !important;padding-right: 0px !important;padding-left: 0px !important;}&#8221;][vc_column_inner width=&#8221;1\/2&#8243; css=&#8221;.vc_custom_1482327773047{margin-left: 0px !important;border-left-width: 0px !important;padding-left: 0px !important;}&#8221;][elx_image_block background_image=&#8221;3402&#8243; minimum_height=&#8221;266px&#8221;][\/vc_column_inner][vc_column_inner width=&#8221;1\/2&#8243; css=&#8221;.vc_custom_1482327779077{margin-right: 0px !important;border-right-width: 0px !important;padding-right: 0px !important;}&#8221;][elx_image_block background_image=&#8221;3405&#8243; minimum_height=&#8221;266px&#8221;][\/vc_column_inner][\/vc_row_inner][\/vc_column][\/vc_row][vc_row][vc_column][vc_column_text]I anslutning till showroom ligger Framtidens k\u00f6k d\u00e4r Svenska Kocklandslaget tr\u00e4nar inf\u00f6r VM och OS. I Framtidens k\u00f6k lagar vi mat tillsammans med v\u00e5ra bes\u00f6kare och h\u00e4r ges tillf\u00e4lle att prova v\u00e5ra moderna l\u00f6sningar i restaurang- och stork\u00f6ksmilj\u00f6.<br \/>\nI Framtidens k\u00f6k ordnar\u00a0vi\u00a0kundanpassade utbildningar. L\u00e4s mer under <a href=\"https:\/\/www.electroluxprofessional.com\/fi\/wp-content\/uploads\/2017\/04\/Electrolux_Utbildningsbroschyr.pdf\">Utbildningar<\/a>.[\/vc_column_text][\/vc_column][\/vc_row][vc_row][vc_column][vc_empty_space][elx_heading font_container=&#8221;h4&#8243; text_color=&#8221;inherit&#8221;]Boka en utbildning[\/elx_heading][vc_empty_space height=&#8221;15px&#8221;][\/vc_column][\/vc_row][vc_row][vc_column width=&#8221;1\/2&#8243;][vc_column_text]Vi vill dela med oss av v\u00e5r kunskap inom matlagnings- metoder, m\u00f6jligheter och tekniker i k\u00f6ket. V\u00e5ra utbildningar riktar sig till alla professionella matlagare som st\u00e5r inf\u00f6r ett k\u00f6pbeslut eller beh\u00f6ver vidareutbildning av sin utrustning.<br \/>\nGivetvis skr\u00e4ddarsyr vi utbildningen efter era behov, allt f\u00f6r att komma fram till det perfekta resultatet!<\/p>\n<p>Samtliga utbildningar \u00e4r kostnadsfria och \u00e4ger rum i Framtidens k\u00f6k p\u00e5 Electrolux huvudkontor som \u00e4r bel\u00e4get p\u00e5 Kungsholmen i Stockholm.<\/p>\n<p><a href=\"https:\/\/www.electroluxprofessional.com\/fi\/wp-content\/uploads\/2017\/04\/Electrolux_Utbildningsbroschyr.pdf\">Se utbildningsbroschyren h\u00e4r.<\/a>[\/vc_column_text][\/vc_column][vc_column width=&#8221;1\/2&#8243;][elx_image_block background_image=&#8221;3404&#8243; minimum_height=&#8221;400px&#8221;][\/vc_column][\/vc_row][vc_row][vc_column][\/vc_column][\/vc_row][vc_row][vc_column][elx_heading font_container=&#8221;h3&#8243; text_color=&#8221;inherit&#8221;]Vill du veta mer? Kontakta oss![\/elx_heading][elx_o2000_contact_us r=&#8221;Jag skulle vilja veta mer om utbildningar, v\u00e4nligen kontakta mig.&#8221; s=&#8221;Request of information about Utbildningar&#8221; e=&#8221;anders.norell@electrolux.com&#8221; country=&#8221;Sweden&#8221; l=&#8221;se&#8221; container=&#8221;elxcontactus1491218454&#8243;][elx_heading font_container=&#8221;h3&#8243; font_size=&#8221;h2&#8243; text_color=&#8221;inherit&#8221;]20 Centers of Excellence runt om i v\u00e4rlden<br \/>\nmed \u00f6ver 15.000 bes\u00f6kare per \u00e5r[\/elx_heading][vc_column_text]<span id=\"result_box\" class=\"\" lang=\"sv\">Mer \u00e4n 60 kockar fr\u00e5n det <strong>unika Electrolux Chef Academy<\/strong> \u00e4r aktiva \u00f6ver hela v\u00e4rlden och ett antal <strong>tv\u00e4ttexperter<\/strong> tillhandah\u00e5ller utbildning och r\u00e5dgivning till v\u00e5ra kunder genom att kombinera <span class=\"\">globala erfarenhet<\/span> och den mest avancerade know-how i k\u00f6k och tv\u00e4ttstuga<span class=\"\">.<\/span><\/span>[\/vc_column_text][vc_single_image image=&#8221;2130&#8243; img_size=&#8221;full&#8221;][\/vc_column][\/vc_row][vc_row][vc_column][elx_heading text_color=&#8221;inherit&#8221;]Showroom och Framtidens K\u00f6k i Stockholm[\/elx_heading][\/vc_column][\/vc_row][vc_row][vc_column width=&#8221;2\/3&#8243;][vc_column_text]<span id=\"result_box\" class=\"\" lang=\"sv\">V\u00e5rt Center of Excellence och Framtidens k\u00f6k \u00e4r bel\u00e4get p\u00e5 Kungsholmen, i v\u00e5rt huvudkontor i Stockholm. En modernt och funktionellt showroom som erbjuder yrkesverksamma inom restaurang och stork\u00f6k inspiration och utbildning<span class=\"\">.<\/span><\/span>[\/vc_column_text][\/vc_column][vc_column width=&#8221;1\/3&#8243;][vc_single_image image=&#8221;2131&#8243; img_size=&#8221;full&#8221;][\/vc_column][\/vc_row][vc_row][vc_column][vc_column_text]<\/p>\n<ul>\n<li>Showroom f\u00f6r utbildning, seminarier, workshops och events<\/li>\n<li><a href=\"https:\/\/www.electroluxprofessional.com\/chef-s-hub\/electrolux-chef-academy\/\">Electrolux Chef Academy<\/a><\/li>\n<li>Utbildningsk\u00f6k &#8211; Framtidens k\u00f6k<\/li>\n<li>4,000 g\u00e4ster per \u00e5r<\/li>\n<\/ul>\n<p>[\/vc_column_text][\/vc_column][\/vc_row][vc_row disable_element=&#8221;yes&#8221;][vc_column][elx_heading font_container=&#8221;h3&#8243; text_color=&#8221;inherit&#8221;]Take a virtual tour of the Italian Center of Excellence[\/elx_heading][vc_column_text]<span style=\"color: #ff6600;\">Img virtual tour<\/span>[\/vc_column_text][\/vc_column][\/vc_row]<\/p>\n","protected":false},"excerpt":{"rendered":"<p>[vc_row full_width=&#8221;electroluxpro-full-width-no-padding&#8221;][vc_column][elx_hero_title label=&#8221;&#8221; background_image=&#8221;598&#8243;][elx_heading font_container=&#8221;h1&#8243; text_color=&#8221;white&#8221;]Centers of Excellence[\/elx_heading][\/elx_hero_title][\/vc_column][\/vc_row][vc_row][vc_column][elx_heading text_color=&#8221;inherit&#8221;]Showroom &amp; Framtidens k\u00f6k[\/elx_heading][vc_empty_space][\/vc_column][\/vc_row][vc_row][vc_column width=&#8221;1\/3&#8243;][vc_column_text]I Electrolux showroom finns k\u00f6ksutrustning f\u00f6r de flesta verksamheter och h\u00e4r kan bes\u00f6karen f\u00e5 inspiration. Gemensamt tittar vi p\u00e5 verksamheten och vilka behov som f\u00f6religger. Tillsammans planerar vi nya k\u00f6k. Boka in ert bes\u00f6k genom att kontakta din lokala \u00e5terf\u00f6rs\u00e4ljare.[\/vc_column_text][\/vc_column][vc_column width=&#8221;2\/3&#8243;][vc_row_inner css=&#8221;.vc_custom_1482327757942{margin-right: 0px [&hellip;]<\/p>\n","protected":false},"author":1,"featured_media":0,"parent":0,"menu_order":0,"comment_status":"closed","ping_status":"closed","template":"","meta":{"footnotes":""},"class_list":["post-2373","page","type-page","status-publish","hentry"],"yoast_head":"<!-- This site is optimized with the Yoast SEO plugin v23.3 - https:\/\/yoast.com\/wordpress\/plugins\/seo\/ -->\n<title>Svenska Kocklandslagets tr\u00e4ningsk\u00f6k - Electrolux Professional<\/title>\n<meta name=\"description\" content=\"Electrolux Showroom och Utbildningsk\u00f6k, Framtidens K\u00f6k, ger inspiration f\u00f6r professionell k\u00f6ksutrustning. Boka en utbildning idag.\" \/>\n<meta name=\"robots\" content=\"index, follow, max-snippet:-1, max-image-preview:large, max-video-preview:-1\" \/>\n<link rel=\"canonical\" href=\"https:\/\/www.electroluxprofessional.com\/fi\/showroom-och-framtidens-kok\/\" \/>\n<meta property=\"og:locale\" content=\"fi_FI\" \/>\n<meta property=\"og:type\" content=\"article\" \/>\n<meta property=\"og:title\" content=\"Svenska Kocklandslagets tr\u00e4ningsk\u00f6k - Electrolux Professional\" \/>\n<meta property=\"og:description\" content=\"Electrolux Showroom och Utbildningsk\u00f6k, Framtidens K\u00f6k, ger inspiration f\u00f6r professionell k\u00f6ksutrustning. Boka en utbildning idag.\" \/>\n<meta property=\"og:url\" content=\"https:\/\/www.electroluxprofessional.com\/fi\/showroom-och-framtidens-kok\/\" \/>\n<meta property=\"og:site_name\" content=\"Electrolux Professional Suomi\" \/>\n<meta property=\"article:modified_time\" content=\"2023-08-18T08:38:47+00:00\" \/>\n<meta name=\"twitter:card\" content=\"summary_large_image\" \/>\n<meta name=\"twitter:label1\" content=\"Arvioitu lukuaika\" \/>\n\t<meta name=\"twitter:data1\" content=\"4 minuuttia\" \/>\n<script type=\"application\/ld+json\" class=\"yoast-schema-graph\">{\"@context\":\"https:\/\/schema.org\",\"@graph\":[{\"@type\":\"WebPage\",\"@id\":\"https:\/\/www.electroluxprofessional.com\/fi\/showroom-och-framtidens-kok\/\",\"url\":\"https:\/\/www.electroluxprofessional.com\/fi\/showroom-och-framtidens-kok\/\",\"name\":\"Svenska Kocklandslagets tr\u00e4ningsk\u00f6k - Electrolux Professional\",\"isPartOf\":{\"@id\":\"https:\/\/www.electroluxprofessional.com\/fi\/#website\"},\"datePublished\":\"2017-04-03T11:43:44+00:00\",\"dateModified\":\"2023-08-18T08:38:47+00:00\",\"description\":\"Electrolux Showroom och Utbildningsk\u00f6k, Framtidens K\u00f6k, ger inspiration f\u00f6r professionell k\u00f6ksutrustning. Boka en utbildning idag.\",\"breadcrumb\":{\"@id\":\"https:\/\/www.electroluxprofessional.com\/fi\/showroom-och-framtidens-kok\/#breadcrumb\"},\"inLanguage\":\"fi\",\"potentialAction\":[{\"@type\":\"ReadAction\",\"target\":[\"https:\/\/www.electroluxprofessional.com\/fi\/showroom-och-framtidens-kok\/\"]}]},{\"@type\":\"BreadcrumbList\",\"@id\":\"https:\/\/www.electroluxprofessional.com\/fi\/showroom-och-framtidens-kok\/#breadcrumb\",\"itemListElement\":[{\"@type\":\"ListItem\",\"position\":1,\"name\":\"Home\",\"item\":\"https:\/\/www.electroluxprofessional.com\/fi\/\"},{\"@type\":\"ListItem\",\"position\":2,\"name\":\"Showroom och Framtidens k\u00f6k\"}]},{\"@type\":\"WebSite\",\"@id\":\"https:\/\/www.electroluxprofessional.com\/fi\/#website\",\"url\":\"https:\/\/www.electroluxprofessional.com\/fi\/\",\"name\":\"Electrolux Professional Suomi\",\"description\":\"\",\"potentialAction\":[{\"@type\":\"SearchAction\",\"target\":{\"@type\":\"EntryPoint\",\"urlTemplate\":\"https:\/\/www.electroluxprofessional.com\/fi\/?src={search_term_string}\"},\"query-input\":\"required name=search_term_string\"}],\"inLanguage\":\"fi\"}]}<\/script>\n<!-- \/ Yoast SEO plugin. -->","yoast_head_json":{"title":"Svenska Kocklandslagets tr\u00e4ningsk\u00f6k - Electrolux Professional","description":"Electrolux Showroom och Utbildningsk\u00f6k, Framtidens K\u00f6k, ger inspiration f\u00f6r professionell k\u00f6ksutrustning. Boka en utbildning idag.","robots":{"index":"index","follow":"follow","max-snippet":"max-snippet:-1","max-image-preview":"max-image-preview:large","max-video-preview":"max-video-preview:-1"},"canonical":"https:\/\/www.electroluxprofessional.com\/fi\/showroom-och-framtidens-kok\/","og_locale":"fi_FI","og_type":"article","og_title":"Svenska Kocklandslagets tr\u00e4ningsk\u00f6k - Electrolux Professional","og_description":"Electrolux Showroom och Utbildningsk\u00f6k, Framtidens K\u00f6k, ger inspiration f\u00f6r professionell k\u00f6ksutrustning. Boka en utbildning idag.","og_url":"https:\/\/www.electroluxprofessional.com\/fi\/showroom-och-framtidens-kok\/","og_site_name":"Electrolux Professional Suomi","article_modified_time":"2023-08-18T08:38:47+00:00","twitter_card":"summary_large_image","twitter_misc":{"Arvioitu lukuaika":"4 minuuttia"},"schema":{"@context":"https:\/\/schema.org","@graph":[{"@type":"WebPage","@id":"https:\/\/www.electroluxprofessional.com\/fi\/showroom-och-framtidens-kok\/","url":"https:\/\/www.electroluxprofessional.com\/fi\/showroom-och-framtidens-kok\/","name":"Svenska Kocklandslagets tr\u00e4ningsk\u00f6k - Electrolux Professional","isPartOf":{"@id":"https:\/\/www.electroluxprofessional.com\/fi\/#website"},"datePublished":"2017-04-03T11:43:44+00:00","dateModified":"2023-08-18T08:38:47+00:00","description":"Electrolux Showroom och Utbildningsk\u00f6k, Framtidens K\u00f6k, ger inspiration f\u00f6r professionell k\u00f6ksutrustning. Boka en utbildning idag.","breadcrumb":{"@id":"https:\/\/www.electroluxprofessional.com\/fi\/showroom-och-framtidens-kok\/#breadcrumb"},"inLanguage":"fi","potentialAction":[{"@type":"ReadAction","target":["https:\/\/www.electroluxprofessional.com\/fi\/showroom-och-framtidens-kok\/"]}]},{"@type":"BreadcrumbList","@id":"https:\/\/www.electroluxprofessional.com\/fi\/showroom-och-framtidens-kok\/#breadcrumb","itemListElement":[{"@type":"ListItem","position":1,"name":"Home","item":"https:\/\/www.electroluxprofessional.com\/fi\/"},{"@type":"ListItem","position":2,"name":"Showroom och Framtidens k\u00f6k"}]},{"@type":"WebSite","@id":"https:\/\/www.electroluxprofessional.com\/fi\/#website","url":"https:\/\/www.electroluxprofessional.com\/fi\/","name":"Electrolux Professional Suomi","description":"","potentialAction":[{"@type":"SearchAction","target":{"@type":"EntryPoint","urlTemplate":"https:\/\/www.electroluxprofessional.com\/fi\/?src={search_term_string}"},"query-input":"required name=search_term_string"}],"inLanguage":"fi"}]}},"_links":{"self":[{"href":"https:\/\/www.electroluxprofessional.com\/fi\/wp-json\/wp\/v2\/pages\/2373"}],"collection":[{"href":"https:\/\/www.electroluxprofessional.com\/fi\/wp-json\/wp\/v2\/pages"}],"about":[{"href":"https:\/\/www.electroluxprofessional.com\/fi\/wp-json\/wp\/v2\/types\/page"}],"author":[{"embeddable":true,"href":"https:\/\/www.electroluxprofessional.com\/fi\/wp-json\/wp\/v2\/users\/1"}],"replies":[{"embeddable":true,"href":"https:\/\/www.electroluxprofessional.com\/fi\/wp-json\/wp\/v2\/comments?post=2373"}],"version-history":[{"count":12,"href":"https:\/\/www.electroluxprofessional.com\/fi\/wp-json\/wp\/v2\/pages\/2373\/revisions"}],"predecessor-version":[{"id":3631,"href":"https:\/\/www.electroluxprofessional.com\/fi\/wp-json\/wp\/v2\/pages\/2373\/revisions\/3631"}],"wp:attachment":[{"href":"https:\/\/www.electroluxprofessional.com\/fi\/wp-json\/wp\/v2\/media?parent=2373"}],"curies":[{"name":"wp","href":"https:\/\/api.w.org\/{rel}","templated":true}]}}