{"id":2363,"date":"2023-03-01T08:00:20","date_gmt":"2023-03-01T08:00:20","guid":{"rendered":"https:\/\/www.electroluxprofessional.com\/fi\/?page_id=2363"},"modified":"2024-08-16T14:04:34","modified_gmt":"2024-08-16T14:04:34","slug":"ammattikeittiolaitteet","status":"publish","type":"page","link":"https:\/\/www.electroluxprofessional.com\/fi\/ammattikeittiolaitteet\/","title":{"rendered":"Ammattikeitti\u00f6laitteet"},"content":{"rendered":"<p>[vc_row full_width=&#8221;electroluxpro-full-width-no-padding&#8221;][vc_column][vc_single_image image=&#8221;11991&#8243; img_size=&#8221;full&#8221; alignment=&#8221;center&#8221;][vc_empty_space][elx_heading font_container=&#8221;h1&#8243; text_color=&#8221;inherit&#8221; text_align=&#8221;text-center&#8221;]Electrolux Professional ammattikeitti\u00f6laitteet[\/elx_heading][\/vc_column][\/vc_row][vc_row][vc_column][elx_heading text_color=&#8221;inherit&#8221; text_align=&#8221;text-center&#8221;]Electrolux Professional tarjoaa luotettavat ja energiatehokkaat ammattikeitti\u00f6laitteet niin pieniin kuin suuriinkin ammattikeitti\u00f6ihin.<br \/>\nTutustu monipuoliseen tuotevalikoimaamme![\/elx_heading][\/vc_column][\/vc_row][vc_row][vc_column][vc_empty_space height=&#8221;80px&#8221;][\/vc_column][\/vc_row][vc_row][vc_column width=&#8221;1\/3&#8243;][elx_navigation_branch title_link=&#8221;title-linkable&#8221; menu_list=&#8221;12977&#8243; image=&#8221;13080&#8243;][vc_empty_space][\/vc_column][vc_column width=&#8221;1\/3&#8243;][elx_navigation_branch menu_list=&#8221;12936&#8243; image=&#8221;11396&#8243;][vc_empty_space][\/vc_column][vc_column width=&#8221;1\/3&#8243;][elx_navigation_branch menu_list=&#8221;12973&#8243; image=&#8221;11393&#8243;][vc_empty_space][\/vc_column][\/vc_row][vc_row][vc_column width=&#8221;1\/3&#8243;][elx_navigation_branch menu_list=&#8221;12966&#8243; image=&#8221;11397&#8243;][\/vc_column][vc_column width=&#8221;1\/3&#8243;][elx_navigation_branch menu_list=&#8221;12958&#8243; image=&#8221;11394&#8243;][\/vc_column][vc_column width=&#8221;1\/3&#8243;][elx_navigation_branch menu_list=&#8221;12984&#8243; image=&#8221;13083&#8243;][\/vc_column][\/vc_row][vc_row][vc_column][vc_empty_space height=&#8221;70px&#8221;][elx_heading font_size=&#8221;h2&#8243; text_color=&#8221;inherit&#8221; text_align=&#8221;text-center&#8221;]Haluatko lis\u00e4tietoja ammattikeitti\u00f6laitteistamme? Ota meihin yhteytt\u00e4.[\/elx_heading][vc_empty_space height=&#8221;70px&#8221;][elx_o2000_contact_us s=&#8221;Tietopyynt\u00f6, ammattikeitti\u00f6laitteet&#8221; country=&#8221;Finland&#8221; b=&#8221;food&#8221; container=&#8221;elxcontactus1493986478&#8243; r=&#8221;Haluaisin lis\u00e4\u00e4 tietoa ammattikeitti\u00f6laitteista&#8221; l=&#8221;fi&#8221; e=&#8221;ammattikeittiot@electroluxprofessional.com&#8221;][vc_empty_space height=&#8221;100px&#8221;][elx_heading font_size=&#8221;h2&#8243; text_color=&#8221;inherit&#8221; text_align=&#8221;text-center&#8221;]Saatat olla kiinnostunut seuraavista:[\/elx_heading][\/vc_column][\/vc_row][vc_row equal_height=&#8221;yes&#8221;][vc_column width=&#8221;1\/3&#8243;][elx_maylike_box id_box=&#8221;4476&#8243;][\/vc_column][vc_column width=&#8221;1\/3&#8243;][elx_maylike_box id_box=&#8221;4479&#8243;][\/vc_column][vc_column width=&#8221;1\/3&#8243;][elx_maylike_box id_box=&#8221;5568&#8243;][\/vc_column][\/vc_row][vc_row][vc_column][\/vc_column][\/vc_row]<\/p>\n","protected":false},"excerpt":{"rendered":"<p>[vc_row full_width=&#8221;electroluxpro-full-width-no-padding&#8221;][vc_column][vc_single_image image=&#8221;11991&#8243; img_size=&#8221;full&#8221; alignment=&#8221;center&#8221;][vc_empty_space][elx_heading font_container=&#8221;h1&#8243; text_color=&#8221;inherit&#8221; text_align=&#8221;text-center&#8221;]Electrolux Professional ammattikeitti\u00f6laitteet[\/elx_heading][\/vc_column][\/vc_row][vc_row][vc_column][elx_heading text_color=&#8221;inherit&#8221; text_align=&#8221;text-center&#8221;]Electrolux Professional tarjoaa luotettavat ja energiatehokkaat ammattikeitti\u00f6laitteet niin pieniin kuin suuriinkin ammattikeitti\u00f6ihin. Tutustu monipuoliseen tuotevalikoimaamme![\/elx_heading][\/vc_column][\/vc_row][vc_row][vc_column][vc_empty_space height=&#8221;80px&#8221;][\/vc_column][\/vc_row][vc_row][vc_column width=&#8221;1\/3&#8243;][elx_navigation_branch title_link=&#8221;title-linkable&#8221; menu_list=&#8221;12977&#8243; image=&#8221;13080&#8243;][vc_empty_space][\/vc_column][vc_column width=&#8221;1\/3&#8243;][elx_navigation_branch menu_list=&#8221;12936&#8243; image=&#8221;11396&#8243;][vc_empty_space][\/vc_column][vc_column width=&#8221;1\/3&#8243;][elx_navigation_branch menu_list=&#8221;12973&#8243; image=&#8221;11393&#8243;][vc_empty_space][\/vc_column][\/vc_row][vc_row][vc_column width=&#8221;1\/3&#8243;][elx_navigation_branch menu_list=&#8221;12966&#8243; image=&#8221;11397&#8243;][\/vc_column][vc_column width=&#8221;1\/3&#8243;][elx_navigation_branch menu_list=&#8221;12958&#8243; image=&#8221;11394&#8243;][\/vc_column][vc_column width=&#8221;1\/3&#8243;][elx_navigation_branch menu_list=&#8221;12984&#8243; image=&#8221;13083&#8243;][\/vc_column][\/vc_row][vc_row][vc_column][vc_empty_space height=&#8221;70px&#8221;][elx_heading font_size=&#8221;h2&#8243; text_color=&#8221;inherit&#8221; text_align=&#8221;text-center&#8221;]Haluatko lis\u00e4tietoja ammattikeitti\u00f6laitteistamme? Ota meihin yhteytt\u00e4.[\/elx_heading][vc_empty_space [&hellip;]<\/p>\n","protected":false},"author":1,"featured_media":0,"parent":0,"menu_order":0,"comment_status":"closed","ping_status":"closed","template":"","meta":{"footnotes":""},"class_list":["post-2363","page","type-page","status-publish","hentry"],"yoast_head":"<!-- This site is optimized with the Yoast SEO plugin v23.3 - https:\/\/yoast.com\/wordpress\/plugins\/seo\/ -->\n<title>Luotettavat ammattikeitti\u00f6laitteet - Electrolux Professional Suomi<\/title>\n<meta name=\"description\" content=\"Electrolux Professionalilta l\u00f6yd\u00e4t luotettavat &amp; energiatehokkaat ammattikeitti\u00f6laitteet niin pieniin kuin suuriinkin ammattikeitti\u00f6ihin. Tutustu.\" \/>\n<meta name=\"robots\" content=\"index, follow, max-snippet:-1, max-image-preview:large, max-video-preview:-1\" \/>\n<link rel=\"canonical\" href=\"https:\/\/www.electroluxprofessional.com\/fi\/ammattikeittiolaitteet\/\" \/>\n<meta property=\"og:locale\" content=\"fi_FI\" \/>\n<meta property=\"og:type\" content=\"article\" \/>\n<meta property=\"og:title\" content=\"Luotettavat ammattikeitti\u00f6laitteet - Electrolux Professional Suomi\" \/>\n<meta property=\"og:description\" content=\"Electrolux Professionalilta l\u00f6yd\u00e4t luotettavat &amp; energiatehokkaat ammattikeitti\u00f6laitteet niin pieniin kuin suuriinkin ammattikeitti\u00f6ihin. Tutustu.\" \/>\n<meta property=\"og:url\" content=\"https:\/\/www.electroluxprofessional.com\/fi\/ammattikeittiolaitteet\/\" \/>\n<meta property=\"og:site_name\" content=\"Electrolux Professional Suomi\" \/>\n<meta property=\"article:modified_time\" content=\"2024-08-16T14:04:34+00:00\" \/>\n<meta name=\"twitter:card\" content=\"summary_large_image\" \/>\n<meta name=\"twitter:label1\" content=\"Arvioitu lukuaika\" \/>\n\t<meta name=\"twitter:data1\" content=\"1 minuutti\" \/>\n<script type=\"application\/ld+json\" class=\"yoast-schema-graph\">{\"@context\":\"https:\/\/schema.org\",\"@graph\":[{\"@type\":\"WebPage\",\"@id\":\"https:\/\/www.electroluxprofessional.com\/fi\/ammattikeittiolaitteet\/\",\"url\":\"https:\/\/www.electroluxprofessional.com\/fi\/ammattikeittiolaitteet\/\",\"name\":\"Luotettavat ammattikeitti\u00f6laitteet - Electrolux Professional Suomi\",\"isPartOf\":{\"@id\":\"https:\/\/www.electroluxprofessional.com\/fi\/#website\"},\"datePublished\":\"2023-03-01T08:00:20+00:00\",\"dateModified\":\"2024-08-16T14:04:34+00:00\",\"description\":\"Electrolux Professionalilta l\u00f6yd\u00e4t luotettavat & energiatehokkaat ammattikeitti\u00f6laitteet niin pieniin kuin suuriinkin ammattikeitti\u00f6ihin. Tutustu.\",\"breadcrumb\":{\"@id\":\"https:\/\/www.electroluxprofessional.com\/fi\/ammattikeittiolaitteet\/#breadcrumb\"},\"inLanguage\":\"fi\",\"potentialAction\":[{\"@type\":\"ReadAction\",\"target\":[\"https:\/\/www.electroluxprofessional.com\/fi\/ammattikeittiolaitteet\/\"]}]},{\"@type\":\"BreadcrumbList\",\"@id\":\"https:\/\/www.electroluxprofessional.com\/fi\/ammattikeittiolaitteet\/#breadcrumb\",\"itemListElement\":[{\"@type\":\"ListItem\",\"position\":1,\"name\":\"Home\",\"item\":\"https:\/\/www.electroluxprofessional.com\/fi\/\"},{\"@type\":\"ListItem\",\"position\":2,\"name\":\"Ammattikeitti\u00f6laitteet\"}]},{\"@type\":\"WebSite\",\"@id\":\"https:\/\/www.electroluxprofessional.com\/fi\/#website\",\"url\":\"https:\/\/www.electroluxprofessional.com\/fi\/\",\"name\":\"Electrolux Professional Suomi\",\"description\":\"\",\"potentialAction\":[{\"@type\":\"SearchAction\",\"target\":{\"@type\":\"EntryPoint\",\"urlTemplate\":\"https:\/\/www.electroluxprofessional.com\/fi\/?src={search_term_string}\"},\"query-input\":\"required name=search_term_string\"}],\"inLanguage\":\"fi\"}]}<\/script>\n<!-- \/ Yoast SEO plugin. -->","yoast_head_json":{"title":"Luotettavat ammattikeitti\u00f6laitteet - Electrolux Professional Suomi","description":"Electrolux Professionalilta l\u00f6yd\u00e4t luotettavat & energiatehokkaat ammattikeitti\u00f6laitteet niin pieniin kuin suuriinkin ammattikeitti\u00f6ihin. Tutustu.","robots":{"index":"index","follow":"follow","max-snippet":"max-snippet:-1","max-image-preview":"max-image-preview:large","max-video-preview":"max-video-preview:-1"},"canonical":"https:\/\/www.electroluxprofessional.com\/fi\/ammattikeittiolaitteet\/","og_locale":"fi_FI","og_type":"article","og_title":"Luotettavat ammattikeitti\u00f6laitteet - Electrolux Professional Suomi","og_description":"Electrolux Professionalilta l\u00f6yd\u00e4t luotettavat & energiatehokkaat ammattikeitti\u00f6laitteet niin pieniin kuin suuriinkin ammattikeitti\u00f6ihin. Tutustu.","og_url":"https:\/\/www.electroluxprofessional.com\/fi\/ammattikeittiolaitteet\/","og_site_name":"Electrolux Professional Suomi","article_modified_time":"2024-08-16T14:04:34+00:00","twitter_card":"summary_large_image","twitter_misc":{"Arvioitu lukuaika":"1 minuutti"},"schema":{"@context":"https:\/\/schema.org","@graph":[{"@type":"WebPage","@id":"https:\/\/www.electroluxprofessional.com\/fi\/ammattikeittiolaitteet\/","url":"https:\/\/www.electroluxprofessional.com\/fi\/ammattikeittiolaitteet\/","name":"Luotettavat ammattikeitti\u00f6laitteet - Electrolux Professional Suomi","isPartOf":{"@id":"https:\/\/www.electroluxprofessional.com\/fi\/#website"},"datePublished":"2023-03-01T08:00:20+00:00","dateModified":"2024-08-16T14:04:34+00:00","description":"Electrolux Professionalilta l\u00f6yd\u00e4t luotettavat & energiatehokkaat ammattikeitti\u00f6laitteet niin pieniin kuin suuriinkin ammattikeitti\u00f6ihin. Tutustu.","breadcrumb":{"@id":"https:\/\/www.electroluxprofessional.com\/fi\/ammattikeittiolaitteet\/#breadcrumb"},"inLanguage":"fi","potentialAction":[{"@type":"ReadAction","target":["https:\/\/www.electroluxprofessional.com\/fi\/ammattikeittiolaitteet\/"]}]},{"@type":"BreadcrumbList","@id":"https:\/\/www.electroluxprofessional.com\/fi\/ammattikeittiolaitteet\/#breadcrumb","itemListElement":[{"@type":"ListItem","position":1,"name":"Home","item":"https:\/\/www.electroluxprofessional.com\/fi\/"},{"@type":"ListItem","position":2,"name":"Ammattikeitti\u00f6laitteet"}]},{"@type":"WebSite","@id":"https:\/\/www.electroluxprofessional.com\/fi\/#website","url":"https:\/\/www.electroluxprofessional.com\/fi\/","name":"Electrolux Professional Suomi","description":"","potentialAction":[{"@type":"SearchAction","target":{"@type":"EntryPoint","urlTemplate":"https:\/\/www.electroluxprofessional.com\/fi\/?src={search_term_string}"},"query-input":"required name=search_term_string"}],"inLanguage":"fi"}]}},"_links":{"self":[{"href":"https:\/\/www.electroluxprofessional.com\/fi\/wp-json\/wp\/v2\/pages\/2363"}],"collection":[{"href":"https:\/\/www.electroluxprofessional.com\/fi\/wp-json\/wp\/v2\/pages"}],"about":[{"href":"https:\/\/www.electroluxprofessional.com\/fi\/wp-json\/wp\/v2\/types\/page"}],"author":[{"embeddable":true,"href":"https:\/\/www.electroluxprofessional.com\/fi\/wp-json\/wp\/v2\/users\/1"}],"replies":[{"embeddable":true,"href":"https:\/\/www.electroluxprofessional.com\/fi\/wp-json\/wp\/v2\/comments?post=2363"}],"version-history":[{"count":144,"href":"https:\/\/www.electroluxprofessional.com\/fi\/wp-json\/wp\/v2\/pages\/2363\/revisions"}],"predecessor-version":[{"id":13086,"href":"https:\/\/www.electroluxprofessional.com\/fi\/wp-json\/wp\/v2\/pages\/2363\/revisions\/13086"}],"wp:attachment":[{"href":"https:\/\/www.electroluxprofessional.com\/fi\/wp-json\/wp\/v2\/media?parent=2363"}],"curies":[{"name":"wp","href":"https:\/\/api.w.org\/{rel}","templated":true}]}}