{"id":2354,"date":"2017-03-23T13:01:01","date_gmt":"2017-03-23T13:01:01","guid":{"rendered":"https:\/\/www.electroluxprofessional.com\/fi\/?page_id=2354"},"modified":"2017-04-19T08:28:23","modified_gmt":"2017-04-19T08:28:23","slug":"tillbehor-forbrukningsvaror-varmkok","status":"publish","type":"page","link":"https:\/\/www.electroluxprofessional.com\/fi\/tillbehor-forbrukningsvaror-varmkok\/","title":{"rendered":"Tillbeh\u00f6r och f\u00f6rbrukningsvaror &#8211; Varmk\u00f6k"},"content":{"rendered":"<p>[vc_row full_width=&#8221;electroluxpro-full-width-no-padding&#8221;][vc_column][elx_hero_title label=&#8221;&#8221; background_image=&#8221;1894&#8243;][elx_heading font_container=&#8221;h1&#8243; text_color=&#8221;white&#8221; text_align=&#8221;text-center&#8221;]Tillbeh\u00f6r<br \/>\nVarmk\u00f6ksutrustning[\/elx_heading][\/elx_hero_title][\/vc_column][\/vc_row][vc_row][vc_column][vc_empty_space height=&#8221;50px&#8221;][elx_heading font_container=&#8221;h3&#8243; text_color=&#8221;inherit&#8221; text_align=&#8221;text-center&#8221;]Pastakokare, extremt m\u00e5ngsidig[\/elx_heading][vc_empty_space height=&#8221;50px&#8221;][\/vc_column][\/vc_row][vc_row full_width=&#8221;electroluxpro-container-no-padding&#8221; equal_height=&#8221;yes&#8221;][vc_column width=&#8221;1\/2&#8243;][vc_single_image image=&#8221;801&#8243; img_size=&#8221;600&#215;300&#8243; alignment=&#8221;center&#8221; css_animation=&#8221;right-to-left&#8221;][\/vc_column][vc_column width=&#8221;1\/2&#8243;][elx_simple_block background_color=&#8221;inherit&#8221;][vc_column_text]<\/p>\n<h4>Pastakorgar<\/h4>\n<p>Helt i rostfritt st\u00e5l AISI 304 f\u00f6r maximal hygien. Korgarna \u00e4r designade f\u00f6r maximal ergonomi.[\/vc_column_text][\/elx_simple_block][\/vc_column][\/vc_row][vc_row][vc_column][vc_empty_space height=&#8221;50px&#8221;][elx_heading font_container=&#8221;h3&#8243; text_color=&#8221;inherit&#8221; text_align=&#8221;text-center&#8221;]Professionell avfettare f\u00f6r heta ytor[\/elx_heading][vc_empty_space height=&#8221;50px&#8221;][\/vc_column][\/vc_row][vc_row full_width=&#8221;electroluxpro-container-no-padding&#8221; equal_height=&#8221;yes&#8221;][vc_column width=&#8221;1\/2&#8243;][vc_single_image image=&#8221;803&#8243; img_size=&#8221;440&#215;265&#8243; css_animation=&#8221;right-to-left&#8221;][\/vc_column][vc_column width=&#8221;1\/2&#8243;][elx_simple_block background_color=&#8221;inherit&#8221;][vc_column_text]<\/p>\n<h4>Professionell avfettare<\/h4>\n<p>V\u00e5r avfettning \u00e4r avsedd f\u00f6r professionellt bruk och \u00e4r den ideala l\u00f6sningen f\u00f6r reng\u00f6ring av ytor med h\u00f6g temperatur, exempelvis stekh\u00e4llar.[\/vc_column_text][\/elx_simple_block][\/vc_column][\/vc_row][vc_row][vc_column][vc_empty_space][\/vc_column][\/vc_row][vc_row][vc_column width=&#8221;1\/3&#8243;][elx_download_block text=&#8221;Tillbeh\u00f6r och f\u00f6rbrukningsvaror<br \/>\nVarmk\u00f6k&#8221; link=&#8221;http:\/\/files.professional.electrolux.com\/docs\/?n=BR-9JE00045&amp;b=5&amp;l=1&#8243; background_color=&#8221;cat-cook&#8221; reveal_effect=&#8221;&#8221; reveal_duration=&#8221;&#8221; reveal_delay=&#8221;&#8221;][\/vc_column][vc_column width=&#8221;1\/3&#8243;][elx_download_block text=&#8221;therma<em>line<\/em><br \/>\ncooking ranges&#8221; link=&#8221;https:\/\/www.electroluxprofessional.com\/fi\/food\/thermaline-cooking-ranges\/&#8221; link_target=&#8221;self&#8221; background_color=&#8221;electrolux-blue&#8221; background_hover_color=&#8221;lighter-hover&#8221; background_image=&#8221;1909&#8243; reveal_effect=&#8221;&#8221; reveal_duration=&#8221;&#8221; reveal_delay=&#8221;&#8221;][\/vc_column][vc_column width=&#8221;1\/3&#8243;][elx_download_block text=&#8221;900XP and 700XP<br \/>\ncooking ranges&#8221; link=&#8221;https:\/\/www.electroluxprofessional.com\/commercial-kitchen-equipment\/900xp-700xp-cooking-ranges\/&#8221; link_target=&#8221;self&#8221; background_color=&#8221;electrolux-blue&#8221; background_hover_color=&#8221;lighter-hover&#8221; background_image=&#8221;2147&#8243; reveal_effect=&#8221;&#8221; reveal_duration=&#8221;&#8221; reveal_delay=&#8221;&#8221;][\/vc_column][\/vc_row][vc_row][vc_column][vc_empty_space][elx_heading font_container=&#8221;h3&#8243; text_color=&#8221;inherit&#8221;]Vill du veta mer? Kontakta oss![\/elx_heading][elx_o2000_contact_us r=&#8221;Jag skulle vilja veta mer om tillbeh\u00f6r f\u00f6r varmk\u00f6k. V\u00e4nligen kontakta mig.&#8221; s=&#8221;Request of information about accessories and consumables for modular cooking&#8221; country=&#8221;Sweden&#8221; l=&#8221;se&#8221; container=&#8221;elxcontactus1484304163&#8243;][vc_empty_space][\/vc_column][\/vc_row]<\/p>\n","protected":false},"excerpt":{"rendered":"<p>[vc_row full_width=&#8221;electroluxpro-full-width-no-padding&#8221;][vc_column][elx_hero_title label=&#8221;&#8221; background_image=&#8221;1894&#8243;][elx_heading font_container=&#8221;h1&#8243; text_color=&#8221;white&#8221; text_align=&#8221;text-center&#8221;]Tillbeh\u00f6r Varmk\u00f6ksutrustning[\/elx_heading][\/elx_hero_title][\/vc_column][\/vc_row][vc_row][vc_column][vc_empty_space height=&#8221;50px&#8221;][elx_heading font_container=&#8221;h3&#8243; text_color=&#8221;inherit&#8221; text_align=&#8221;text-center&#8221;]Pastakokare, extremt m\u00e5ngsidig[\/elx_heading][vc_empty_space height=&#8221;50px&#8221;][\/vc_column][\/vc_row][vc_row full_width=&#8221;electroluxpro-container-no-padding&#8221; equal_height=&#8221;yes&#8221;][vc_column width=&#8221;1\/2&#8243;][vc_single_image image=&#8221;801&#8243; img_size=&#8221;600&#215;300&#8243; alignment=&#8221;center&#8221; css_animation=&#8221;right-to-left&#8221;][\/vc_column][vc_column width=&#8221;1\/2&#8243;][elx_simple_block background_color=&#8221;inherit&#8221;][vc_column_text] Pastakorgar Helt i rostfritt st\u00e5l AISI 304 f\u00f6r maximal hygien. Korgarna \u00e4r designade f\u00f6r maximal ergonomi.[\/vc_column_text][\/elx_simple_block][\/vc_column][\/vc_row][vc_row][vc_column][vc_empty_space height=&#8221;50px&#8221;][elx_heading font_container=&#8221;h3&#8243; text_color=&#8221;inherit&#8221; text_align=&#8221;text-center&#8221;]Professionell avfettare f\u00f6r heta ytor[\/elx_heading][vc_empty_space height=&#8221;50px&#8221;][\/vc_column][\/vc_row][vc_row full_width=&#8221;electroluxpro-container-no-padding&#8221; equal_height=&#8221;yes&#8221;][vc_column width=&#8221;1\/2&#8243;][vc_single_image image=&#8221;803&#8243; img_size=&#8221;440&#215;265&#8243; css_animation=&#8221;right-to-left&#8221;][\/vc_column][vc_column [&hellip;]<\/p>\n","protected":false},"author":1,"featured_media":0,"parent":0,"menu_order":0,"comment_status":"closed","ping_status":"closed","template":"","meta":{"footnotes":""},"class_list":["post-2354","page","type-page","status-publish","hentry"],"yoast_head":"<!-- This site is optimized with the Yoast SEO plugin v23.3 - https:\/\/yoast.com\/wordpress\/plugins\/seo\/ -->\n<title>Tillbeh\u00f6r &amp; F\u00f6rbrukningsvaror, Varmk\u00f6k, Pastakorg, Avfettare - Electrolux Professional<\/title>\n<meta name=\"description\" content=\"Med r\u00e4tt tillbeh\u00f6r och f\u00f6rbrukningsvaror presterar produkterna i ditt professionella k\u00f6k. Ex.pastakorgar och professionell avfettare.\" \/>\n<meta name=\"robots\" content=\"index, follow, max-snippet:-1, max-image-preview:large, max-video-preview:-1\" \/>\n<link rel=\"canonical\" href=\"https:\/\/www.electroluxprofessional.com\/fi\/tillbehor-forbrukningsvaror-varmkok\/\" \/>\n<meta property=\"og:locale\" content=\"fi_FI\" \/>\n<meta property=\"og:type\" content=\"article\" \/>\n<meta property=\"og:title\" content=\"Tillbeh\u00f6r &amp; F\u00f6rbrukningsvaror, Varmk\u00f6k, Pastakorg, Avfettare - Electrolux Professional\" \/>\n<meta property=\"og:description\" content=\"Med r\u00e4tt tillbeh\u00f6r och f\u00f6rbrukningsvaror presterar produkterna i ditt professionella k\u00f6k. Ex.pastakorgar och professionell avfettare.\" \/>\n<meta property=\"og:url\" content=\"https:\/\/www.electroluxprofessional.com\/fi\/tillbehor-forbrukningsvaror-varmkok\/\" \/>\n<meta property=\"og:site_name\" content=\"Electrolux Professional Suomi\" \/>\n<meta property=\"article:modified_time\" content=\"2017-04-19T08:28:23+00:00\" \/>\n<meta name=\"twitter:card\" content=\"summary_large_image\" \/>\n<meta name=\"twitter:label1\" content=\"Arvioitu lukuaika\" \/>\n\t<meta name=\"twitter:data1\" content=\"2 minuuttia\" \/>\n<script type=\"application\/ld+json\" class=\"yoast-schema-graph\">{\"@context\":\"https:\/\/schema.org\",\"@graph\":[{\"@type\":\"WebPage\",\"@id\":\"https:\/\/www.electroluxprofessional.com\/fi\/tillbehor-forbrukningsvaror-varmkok\/\",\"url\":\"https:\/\/www.electroluxprofessional.com\/fi\/tillbehor-forbrukningsvaror-varmkok\/\",\"name\":\"Tillbeh\u00f6r & F\u00f6rbrukningsvaror, Varmk\u00f6k, Pastakorg, Avfettare - Electrolux Professional\",\"isPartOf\":{\"@id\":\"https:\/\/www.electroluxprofessional.com\/fi\/#website\"},\"datePublished\":\"2017-03-23T13:01:01+00:00\",\"dateModified\":\"2017-04-19T08:28:23+00:00\",\"description\":\"Med r\u00e4tt tillbeh\u00f6r och f\u00f6rbrukningsvaror presterar produkterna i ditt professionella k\u00f6k. Ex.pastakorgar och professionell avfettare.\",\"breadcrumb\":{\"@id\":\"https:\/\/www.electroluxprofessional.com\/fi\/tillbehor-forbrukningsvaror-varmkok\/#breadcrumb\"},\"inLanguage\":\"fi\",\"potentialAction\":[{\"@type\":\"ReadAction\",\"target\":[\"https:\/\/www.electroluxprofessional.com\/fi\/tillbehor-forbrukningsvaror-varmkok\/\"]}]},{\"@type\":\"BreadcrumbList\",\"@id\":\"https:\/\/www.electroluxprofessional.com\/fi\/tillbehor-forbrukningsvaror-varmkok\/#breadcrumb\",\"itemListElement\":[{\"@type\":\"ListItem\",\"position\":1,\"name\":\"Home\",\"item\":\"https:\/\/www.electroluxprofessional.com\/fi\/\"},{\"@type\":\"ListItem\",\"position\":2,\"name\":\"Tillbeh\u00f6r och f\u00f6rbrukningsvaror &#8211; Varmk\u00f6k\"}]},{\"@type\":\"WebSite\",\"@id\":\"https:\/\/www.electroluxprofessional.com\/fi\/#website\",\"url\":\"https:\/\/www.electroluxprofessional.com\/fi\/\",\"name\":\"Electrolux Professional Suomi\",\"description\":\"\",\"potentialAction\":[{\"@type\":\"SearchAction\",\"target\":{\"@type\":\"EntryPoint\",\"urlTemplate\":\"https:\/\/www.electroluxprofessional.com\/fi\/?src={search_term_string}\"},\"query-input\":\"required name=search_term_string\"}],\"inLanguage\":\"fi\"}]}<\/script>\n<!-- \/ Yoast SEO plugin. -->","yoast_head_json":{"title":"Tillbeh\u00f6r & F\u00f6rbrukningsvaror, Varmk\u00f6k, Pastakorg, Avfettare - Electrolux Professional","description":"Med r\u00e4tt tillbeh\u00f6r och f\u00f6rbrukningsvaror presterar produkterna i ditt professionella k\u00f6k. Ex.pastakorgar och professionell avfettare.","robots":{"index":"index","follow":"follow","max-snippet":"max-snippet:-1","max-image-preview":"max-image-preview:large","max-video-preview":"max-video-preview:-1"},"canonical":"https:\/\/www.electroluxprofessional.com\/fi\/tillbehor-forbrukningsvaror-varmkok\/","og_locale":"fi_FI","og_type":"article","og_title":"Tillbeh\u00f6r & F\u00f6rbrukningsvaror, Varmk\u00f6k, Pastakorg, Avfettare - Electrolux Professional","og_description":"Med r\u00e4tt tillbeh\u00f6r och f\u00f6rbrukningsvaror presterar produkterna i ditt professionella k\u00f6k. Ex.pastakorgar och professionell avfettare.","og_url":"https:\/\/www.electroluxprofessional.com\/fi\/tillbehor-forbrukningsvaror-varmkok\/","og_site_name":"Electrolux Professional Suomi","article_modified_time":"2017-04-19T08:28:23+00:00","twitter_card":"summary_large_image","twitter_misc":{"Arvioitu lukuaika":"2 minuuttia"},"schema":{"@context":"https:\/\/schema.org","@graph":[{"@type":"WebPage","@id":"https:\/\/www.electroluxprofessional.com\/fi\/tillbehor-forbrukningsvaror-varmkok\/","url":"https:\/\/www.electroluxprofessional.com\/fi\/tillbehor-forbrukningsvaror-varmkok\/","name":"Tillbeh\u00f6r & F\u00f6rbrukningsvaror, Varmk\u00f6k, Pastakorg, Avfettare - Electrolux Professional","isPartOf":{"@id":"https:\/\/www.electroluxprofessional.com\/fi\/#website"},"datePublished":"2017-03-23T13:01:01+00:00","dateModified":"2017-04-19T08:28:23+00:00","description":"Med r\u00e4tt tillbeh\u00f6r och f\u00f6rbrukningsvaror presterar produkterna i ditt professionella k\u00f6k. Ex.pastakorgar och professionell avfettare.","breadcrumb":{"@id":"https:\/\/www.electroluxprofessional.com\/fi\/tillbehor-forbrukningsvaror-varmkok\/#breadcrumb"},"inLanguage":"fi","potentialAction":[{"@type":"ReadAction","target":["https:\/\/www.electroluxprofessional.com\/fi\/tillbehor-forbrukningsvaror-varmkok\/"]}]},{"@type":"BreadcrumbList","@id":"https:\/\/www.electroluxprofessional.com\/fi\/tillbehor-forbrukningsvaror-varmkok\/#breadcrumb","itemListElement":[{"@type":"ListItem","position":1,"name":"Home","item":"https:\/\/www.electroluxprofessional.com\/fi\/"},{"@type":"ListItem","position":2,"name":"Tillbeh\u00f6r och f\u00f6rbrukningsvaror &#8211; Varmk\u00f6k"}]},{"@type":"WebSite","@id":"https:\/\/www.electroluxprofessional.com\/fi\/#website","url":"https:\/\/www.electroluxprofessional.com\/fi\/","name":"Electrolux Professional Suomi","description":"","potentialAction":[{"@type":"SearchAction","target":{"@type":"EntryPoint","urlTemplate":"https:\/\/www.electroluxprofessional.com\/fi\/?src={search_term_string}"},"query-input":"required name=search_term_string"}],"inLanguage":"fi"}]}},"_links":{"self":[{"href":"https:\/\/www.electroluxprofessional.com\/fi\/wp-json\/wp\/v2\/pages\/2354"}],"collection":[{"href":"https:\/\/www.electroluxprofessional.com\/fi\/wp-json\/wp\/v2\/pages"}],"about":[{"href":"https:\/\/www.electroluxprofessional.com\/fi\/wp-json\/wp\/v2\/types\/page"}],"author":[{"embeddable":true,"href":"https:\/\/www.electroluxprofessional.com\/fi\/wp-json\/wp\/v2\/users\/1"}],"replies":[{"embeddable":true,"href":"https:\/\/www.electroluxprofessional.com\/fi\/wp-json\/wp\/v2\/comments?post=2354"}],"version-history":[{"count":8,"href":"https:\/\/www.electroluxprofessional.com\/fi\/wp-json\/wp\/v2\/pages\/2354\/revisions"}],"predecessor-version":[{"id":3684,"href":"https:\/\/www.electroluxprofessional.com\/fi\/wp-json\/wp\/v2\/pages\/2354\/revisions\/3684"}],"wp:attachment":[{"href":"https:\/\/www.electroluxprofessional.com\/fi\/wp-json\/wp\/v2\/media?parent=2354"}],"curies":[{"name":"wp","href":"https:\/\/api.w.org\/{rel}","templated":true}]}}