{"id":2348,"date":"2017-03-14T13:17:12","date_gmt":"2017-03-14T13:17:12","guid":{"rendered":"https:\/\/www.electroluxprofessional.com\/fi\/?page_id=2348"},"modified":"2017-04-19T08:17:54","modified_gmt":"2017-04-19T08:17:54","slug":"tillbehor-forbrukningsvaror-cook-chill","status":"publish","type":"page","link":"https:\/\/www.electroluxprofessional.com\/fi\/tillbehor-forbrukningsvaror-cook-chill\/","title":{"rendered":"Tillbeh\u00f6r och f\u00f6rbrukningsvaror &#8211; Cook and chill"},"content":{"rendered":"<p>[vc_row full_width=&#8221;electroluxpro-full-width-no-padding&#8221;][vc_column][elx_hero_title label=&#8221;&#8221; label_background_color=&#8221;inherit&#8221; background_image=&#8221;658&#8243;][elx_heading font_container=&#8221;h1&#8243; font_size=&#8221;h1&#8243; text_color=&#8221;white&#8221; text_align=&#8221;text-center&#8221;]Tillbeh\u00f6r och f\u00f6rbrukningsvaror<br \/>\nCook &amp; Chill[\/elx_heading][\/elx_hero_title][\/vc_column][\/vc_row][vc_row][vc_column][vc_empty_space][elx_heading font_size=&#8221;h3&#8243; text_color=&#8221;inherit&#8221; text_align=&#8221;text-center&#8221;]Har du koll p\u00e5 alla tillbeh\u00f6r? Se dem h\u00e4r![\/elx_heading][elx_video_block background_image=&#8221;693&#8243; video_link=&#8221;https:\/\/www.youtube.com\/watch?v=u_2r9PxDHzI&#8221; minimum_height=&#8221;400px&#8221;][elx_heading font_container=&#8221;h3&#8243; text_color=&#8221;inherit&#8221; text_align=&#8221;text-center&#8221;]F\u00e5 de b\u00e4sta resultaten med din air-o-system[\/elx_heading][\/vc_column][\/vc_row][vc_row full_width=&#8221;electroluxpro-container-no-padding&#8221; equal_height=&#8221;yes&#8221;][vc_column width=&#8221;1\/2&#8243;][vc_single_image image=&#8221;1829&#8243; img_size=&#8221;600&#215;300&#8243; css_animation=&#8221;right-to-left&#8221;][\/vc_column][vc_column width=&#8221;1\/2&#8243;][elx_simple_block background_color=&#8221;inherit&#8221;][vc_column_text]<\/p>\n<h4>Bleck och pl\u00e5tar<\/h4>\n<p><span id=\"result_box\" class=\"\" lang=\"sv\">Ett brett utbud av tillagningsl\u00f6sningar f\u00f6r att enkelt bredda din meny med hj\u00e4lp av air-o-steam Touchline. V\u00e4lj bland universalpannor, stekbleck, grillpl\u00e5tar, grillgaller, grillspett, friteringskorg <span class=\"\">och<\/span> <span class=\"\">mycket<\/span> <span class=\"\">mer<\/span><span class=\"\">.<\/span><\/span>[\/vc_column_text][\/elx_simple_block][\/vc_column][\/vc_row][vc_row][vc_column][elx_heading font_container=&#8221;h3&#8243; text_color=&#8221;inherit&#8221; text_align=&#8221;text-center&#8221;]Sous-vide cooking, det perfekta komplementet[\/elx_heading][\/vc_column][\/vc_row][vc_row full_width=&#8221;electroluxpro-container-no-padding&#8221; equal_height=&#8221;yes&#8221;][vc_column width=&#8221;1\/2&#8243;][vc_single_image image=&#8221;800&#8243; img_size=&#8221;600&#215;300&#8243; css_animation=&#8221;right-to-left&#8221;][\/vc_column][vc_column width=&#8221;1\/2&#8243;][elx_simple_block background_color=&#8221;inherit&#8221;][vc_column_text]<\/p>\n<h4>Vakuumf\u00f6rpackare<\/h4>\n<p>Vakuumf\u00f6rpackaren \u00e4r n\u00f6dv\u00e4ndig f\u00f6r sous-vide tillagning och \u00e4r \u00e4ven anv\u00e4ndbar f\u00f6r att bevara mat och skydda den fr\u00e5n fukt och luft.[\/vc_column_text][\/elx_simple_block][\/vc_column][\/vc_row][vc_row][vc_column][elx_heading font_container=&#8221;h3&#8243; text_color=&#8221;inherit&#8221; text_align=&#8221;text-center&#8221;]Gl\u00e4dj dina g\u00e4ster med en r\u00f6kig touch[\/elx_heading][\/vc_column][\/vc_row][vc_row full_width=&#8221;electroluxpro-container-no-padding&#8221; equal_height=&#8221;yes&#8221;][vc_column width=&#8221;1\/2&#8243;][vc_single_image image=&#8221;806&#8243; img_size=&#8221;500&#215;285&#8243; css_animation=&#8221;right-to-left&#8221;][\/vc_column][vc_column width=&#8221;1\/2&#8243;][elx_simple_block background_color=&#8221;inherit&#8221;][vc_column_text]<\/p>\n<h4>R\u00f6ktillsats<\/h4>\n<p>R\u00f6ktillsatsen \u00e4r ett perfekt tillbeh\u00f6r f\u00f6r kombiugnar. Den passar perfekt f\u00f6r tillagning och r\u00f6kning av m\u00e4ngder av r\u00e5varor, med hj\u00e4lp av tr\u00e4flis eller torkade kryddor.[\/vc_column_text][\/elx_simple_block][\/vc_column][\/vc_row][vc_row][vc_column][elx_heading font_container=&#8221;h3&#8243; text_color=&#8221;inherit&#8221; text_align=&#8221;text-center&#8221;]L\u00e4cker kyckling har aldrig varit enklare[\/elx_heading][\/vc_column][\/vc_row][vc_row full_width=&#8221;electroluxpro-container-no-padding&#8221; equal_height=&#8221;yes&#8221;][vc_column width=&#8221;1\/2&#8243;][vc_single_image image=&#8221;807&#8243; img_size=&#8221;530&#215;285&#8243; css_animation=&#8221;right-to-left&#8221;][\/vc_column][vc_column width=&#8221;1\/2&#8243;][elx_simple_block][vc_column_text]<\/p>\n<h4>Grillsystem<\/h4>\n<p>Minimera tillagningstiden och maximera smaken med air-o-steam Touchline. Tillagningsprogrammet f\u00f6r krispig, saftig kyckling i kombination med r\u00e4tt tillbeh\u00f6r \u00e4r den b\u00e4sta l\u00f6sningen f\u00f6r ett toppenresultat.[\/vc_column_text][\/elx_simple_block][\/vc_column][\/vc_row][vc_row][vc_column][elx_heading font_container=&#8221;h3&#8243; text_color=&#8221;inherit&#8221; text_align=&#8221;text-center&#8221;]Ta hand om din utrustning[\/elx_heading][\/vc_column][\/vc_row][vc_row full_width=&#8221;electroluxpro-container-no-padding&#8221; equal_height=&#8221;yes&#8221;][vc_column width=&#8221;1\/2&#8243;][vc_single_image image=&#8221;802&#8243; img_size=&#8221;440&#215;265&#8243; css_animation=&#8221;right-to-left&#8221;][\/vc_column][vc_column width=&#8221;1\/2&#8243;][elx_simple_block background_color=&#8221;inherit&#8221;][vc_column_text]<\/p>\n<h4>Extra stark reng\u00f6ring f\u00f6r ugnar<\/h4>\n<p><span id=\"result_box\" class=\"\" lang=\"sv\">V\u00e5ra <span class=\"\">reng\u00f6ringsmedel<\/span><span class=\"\"> \u00e4r<\/span><span class=\"\"> mycket effektiva<\/span> f\u00f6r utrustningen och dess <span class=\"\">prestanda, och \u00f6verensst\u00e4mmer med r\u00e5dande hygien och s\u00e4kerhetstandard.<\/span><span class=\"\"><br \/>\n<\/span><\/span>[\/vc_column_text][\/elx_simple_block][\/vc_column][\/vc_row][vc_row][vc_column][vc_empty_space][vc_empty_space height=&#8221;20px&#8221;][\/vc_column][\/vc_row][vc_row][vc_column][vc_empty_space height=&#8221;40px&#8221;][\/vc_column][\/vc_row][vc_row][vc_column width=&#8221;1\/3&#8243;][elx_download_block text=&#8221;Tillbeh\u00f6r<br \/>\nCook and Chill&#8221; link=&#8221;https:\/\/www.electroluxprofessional.com\/fi\/wp-content\/uploads\/2017\/04\/Electrolux_Air_o_system_Tillbehor.pdf&#8221; background_color=&#8221;cat-cook-and-chill&#8221; reveal_effect=&#8221;&#8221; reveal_duration=&#8221;&#8221; reveal_delay=&#8221;&#8221;][\/vc_column][vc_column width=&#8221;1\/3&#8243;][elx_download_block text=&#8221;air-o-system<br \/>\nBroschyr&#8221; link=&#8221;http:\/\/files.professional.electrolux.com\/docs\/?n=BR-9JEET&amp;b=5&amp;l=1&#8243; background_color=&#8221;cat-cook-and-chill&#8221; reveal_effect=&#8221;&#8221; reveal_duration=&#8221;&#8221; reveal_delay=&#8221;&#8221;][\/vc_column][vc_column width=&#8221;1\/3&#8243;][elx_download_block text=&#8221;L\u00e4s mer om<br \/>\nCook and Chill&#8221; link=&#8221;https:\/\/www.electroluxprofessional.com\/fi\/food\/cook-and-chill\/&#8221; link_target=&#8221;self&#8221; background_color=&#8221;electrolux-blue&#8221; background_hover_color=&#8221;lighter-hover&#8221; background_image=&#8221;2145&#8243; reveal_effect=&#8221;&#8221; reveal_duration=&#8221;&#8221; reveal_delay=&#8221;&#8221;][\/vc_column][\/vc_row][vc_row][vc_column][vc_empty_space][elx_heading font_container=&#8221;h3&#8243; text_color=&#8221;inherit&#8221;]Vill du veta mer? Kontakta oss![\/elx_heading][elx_o2000_contact_us r=&#8221;Jag skulle vilja veta mer om tillbeh\u00f6r f\u00f6r cook and chill. V\u00e4nligen kontakta mig.&#8221; s=&#8221;Request of information about accessories for cook and chill&#8221; country=&#8221;Sweden&#8221; l=&#8221;se&#8221; container=&#8221;elxcontactus1484302025&#8243;][\/vc_column][\/vc_row]<\/p>\n","protected":false},"excerpt":{"rendered":"<p>[vc_row full_width=&#8221;electroluxpro-full-width-no-padding&#8221;][vc_column][elx_hero_title label=&#8221;&#8221; label_background_color=&#8221;inherit&#8221; background_image=&#8221;658&#8243;][elx_heading font_container=&#8221;h1&#8243; font_size=&#8221;h1&#8243; text_color=&#8221;white&#8221; text_align=&#8221;text-center&#8221;]Tillbeh\u00f6r och f\u00f6rbrukningsvaror Cook &amp; Chill[\/elx_heading][\/elx_hero_title][\/vc_column][\/vc_row][vc_row][vc_column][vc_empty_space][elx_heading font_size=&#8221;h3&#8243; text_color=&#8221;inherit&#8221; text_align=&#8221;text-center&#8221;]Har du koll p\u00e5 alla tillbeh\u00f6r? Se dem h\u00e4r![\/elx_heading][elx_video_block background_image=&#8221;693&#8243; video_link=&#8221;https:\/\/www.youtube.com\/watch?v=u_2r9PxDHzI&#8221; minimum_height=&#8221;400px&#8221;][elx_heading font_container=&#8221;h3&#8243; text_color=&#8221;inherit&#8221; text_align=&#8221;text-center&#8221;]F\u00e5 de b\u00e4sta resultaten med din air-o-system[\/elx_heading][\/vc_column][\/vc_row][vc_row full_width=&#8221;electroluxpro-container-no-padding&#8221; equal_height=&#8221;yes&#8221;][vc_column width=&#8221;1\/2&#8243;][vc_single_image image=&#8221;1829&#8243; img_size=&#8221;600&#215;300&#8243; css_animation=&#8221;right-to-left&#8221;][\/vc_column][vc_column width=&#8221;1\/2&#8243;][elx_simple_block background_color=&#8221;inherit&#8221;][vc_column_text] Bleck och pl\u00e5tar Ett brett utbud av tillagningsl\u00f6sningar f\u00f6r att [&hellip;]<\/p>\n","protected":false},"author":1,"featured_media":0,"parent":0,"menu_order":0,"comment_status":"closed","ping_status":"closed","template":"","meta":{"footnotes":""},"class_list":["post-2348","page","type-page","status-publish","hentry"],"yoast_head":"<!-- This site is optimized with the Yoast SEO plugin v23.3 - https:\/\/yoast.com\/wordpress\/plugins\/seo\/ -->\n<title>Tillbeh\u00f6r &amp; f\u00f6rbrukningsvaror - Cook &amp; Chill - Electrolux Professional<\/title>\n<meta name=\"description\" content=\"F\u00e5 b\u00e4sta resultatet med din ugn och chill blaster. Med r\u00e4tt tillbeh\u00f6r som bleck, pl\u00e5tar, r\u00f6k, vakuumf\u00f6rpackare, grillsystem samt reng\u00f6ring &amp; underh\u00e5ll.\" \/>\n<meta name=\"robots\" content=\"index, follow, max-snippet:-1, max-image-preview:large, max-video-preview:-1\" \/>\n<link rel=\"canonical\" href=\"https:\/\/www.electroluxprofessional.com\/fi\/tillbehor-forbrukningsvaror-cook-chill\/\" \/>\n<meta property=\"og:locale\" content=\"fi_FI\" \/>\n<meta property=\"og:type\" content=\"article\" \/>\n<meta property=\"og:title\" content=\"Tillbeh\u00f6r &amp; f\u00f6rbrukningsvaror - Cook &amp; Chill - Electrolux Professional\" \/>\n<meta property=\"og:description\" content=\"F\u00e5 b\u00e4sta resultatet med din ugn och chill blaster. Med r\u00e4tt tillbeh\u00f6r som bleck, pl\u00e5tar, r\u00f6k, vakuumf\u00f6rpackare, grillsystem samt reng\u00f6ring &amp; underh\u00e5ll.\" \/>\n<meta property=\"og:url\" content=\"https:\/\/www.electroluxprofessional.com\/fi\/tillbehor-forbrukningsvaror-cook-chill\/\" \/>\n<meta property=\"og:site_name\" content=\"Electrolux Professional Suomi\" \/>\n<meta property=\"article:modified_time\" content=\"2017-04-19T08:17:54+00:00\" \/>\n<meta name=\"twitter:card\" content=\"summary_large_image\" \/>\n<meta name=\"twitter:label1\" content=\"Arvioitu lukuaika\" \/>\n\t<meta name=\"twitter:data1\" content=\"4 minuuttia\" \/>\n<script type=\"application\/ld+json\" class=\"yoast-schema-graph\">{\"@context\":\"https:\/\/schema.org\",\"@graph\":[{\"@type\":\"WebPage\",\"@id\":\"https:\/\/www.electroluxprofessional.com\/fi\/tillbehor-forbrukningsvaror-cook-chill\/\",\"url\":\"https:\/\/www.electroluxprofessional.com\/fi\/tillbehor-forbrukningsvaror-cook-chill\/\",\"name\":\"Tillbeh\u00f6r & f\u00f6rbrukningsvaror - Cook & Chill - Electrolux Professional\",\"isPartOf\":{\"@id\":\"https:\/\/www.electroluxprofessional.com\/fi\/#website\"},\"datePublished\":\"2017-03-14T13:17:12+00:00\",\"dateModified\":\"2017-04-19T08:17:54+00:00\",\"description\":\"F\u00e5 b\u00e4sta resultatet med din ugn och chill blaster. Med r\u00e4tt tillbeh\u00f6r som bleck, pl\u00e5tar, r\u00f6k, vakuumf\u00f6rpackare, grillsystem samt reng\u00f6ring & underh\u00e5ll.\",\"breadcrumb\":{\"@id\":\"https:\/\/www.electroluxprofessional.com\/fi\/tillbehor-forbrukningsvaror-cook-chill\/#breadcrumb\"},\"inLanguage\":\"fi\",\"potentialAction\":[{\"@type\":\"ReadAction\",\"target\":[\"https:\/\/www.electroluxprofessional.com\/fi\/tillbehor-forbrukningsvaror-cook-chill\/\"]}]},{\"@type\":\"BreadcrumbList\",\"@id\":\"https:\/\/www.electroluxprofessional.com\/fi\/tillbehor-forbrukningsvaror-cook-chill\/#breadcrumb\",\"itemListElement\":[{\"@type\":\"ListItem\",\"position\":1,\"name\":\"Home\",\"item\":\"https:\/\/www.electroluxprofessional.com\/fi\/\"},{\"@type\":\"ListItem\",\"position\":2,\"name\":\"Tillbeh\u00f6r och f\u00f6rbrukningsvaror &#8211; Cook and chill\"}]},{\"@type\":\"WebSite\",\"@id\":\"https:\/\/www.electroluxprofessional.com\/fi\/#website\",\"url\":\"https:\/\/www.electroluxprofessional.com\/fi\/\",\"name\":\"Electrolux Professional Suomi\",\"description\":\"\",\"potentialAction\":[{\"@type\":\"SearchAction\",\"target\":{\"@type\":\"EntryPoint\",\"urlTemplate\":\"https:\/\/www.electroluxprofessional.com\/fi\/?src={search_term_string}\"},\"query-input\":\"required name=search_term_string\"}],\"inLanguage\":\"fi\"}]}<\/script>\n<!-- \/ Yoast SEO plugin. -->","yoast_head_json":{"title":"Tillbeh\u00f6r & f\u00f6rbrukningsvaror - Cook & Chill - Electrolux Professional","description":"F\u00e5 b\u00e4sta resultatet med din ugn och chill blaster. Med r\u00e4tt tillbeh\u00f6r som bleck, pl\u00e5tar, r\u00f6k, vakuumf\u00f6rpackare, grillsystem samt reng\u00f6ring & underh\u00e5ll.","robots":{"index":"index","follow":"follow","max-snippet":"max-snippet:-1","max-image-preview":"max-image-preview:large","max-video-preview":"max-video-preview:-1"},"canonical":"https:\/\/www.electroluxprofessional.com\/fi\/tillbehor-forbrukningsvaror-cook-chill\/","og_locale":"fi_FI","og_type":"article","og_title":"Tillbeh\u00f6r & f\u00f6rbrukningsvaror - Cook & Chill - Electrolux Professional","og_description":"F\u00e5 b\u00e4sta resultatet med din ugn och chill blaster. Med r\u00e4tt tillbeh\u00f6r som bleck, pl\u00e5tar, r\u00f6k, vakuumf\u00f6rpackare, grillsystem samt reng\u00f6ring & underh\u00e5ll.","og_url":"https:\/\/www.electroluxprofessional.com\/fi\/tillbehor-forbrukningsvaror-cook-chill\/","og_site_name":"Electrolux Professional Suomi","article_modified_time":"2017-04-19T08:17:54+00:00","twitter_card":"summary_large_image","twitter_misc":{"Arvioitu lukuaika":"4 minuuttia"},"schema":{"@context":"https:\/\/schema.org","@graph":[{"@type":"WebPage","@id":"https:\/\/www.electroluxprofessional.com\/fi\/tillbehor-forbrukningsvaror-cook-chill\/","url":"https:\/\/www.electroluxprofessional.com\/fi\/tillbehor-forbrukningsvaror-cook-chill\/","name":"Tillbeh\u00f6r & f\u00f6rbrukningsvaror - Cook & Chill - Electrolux Professional","isPartOf":{"@id":"https:\/\/www.electroluxprofessional.com\/fi\/#website"},"datePublished":"2017-03-14T13:17:12+00:00","dateModified":"2017-04-19T08:17:54+00:00","description":"F\u00e5 b\u00e4sta resultatet med din ugn och chill blaster. Med r\u00e4tt tillbeh\u00f6r som bleck, pl\u00e5tar, r\u00f6k, vakuumf\u00f6rpackare, grillsystem samt reng\u00f6ring & underh\u00e5ll.","breadcrumb":{"@id":"https:\/\/www.electroluxprofessional.com\/fi\/tillbehor-forbrukningsvaror-cook-chill\/#breadcrumb"},"inLanguage":"fi","potentialAction":[{"@type":"ReadAction","target":["https:\/\/www.electroluxprofessional.com\/fi\/tillbehor-forbrukningsvaror-cook-chill\/"]}]},{"@type":"BreadcrumbList","@id":"https:\/\/www.electroluxprofessional.com\/fi\/tillbehor-forbrukningsvaror-cook-chill\/#breadcrumb","itemListElement":[{"@type":"ListItem","position":1,"name":"Home","item":"https:\/\/www.electroluxprofessional.com\/fi\/"},{"@type":"ListItem","position":2,"name":"Tillbeh\u00f6r och f\u00f6rbrukningsvaror &#8211; Cook and chill"}]},{"@type":"WebSite","@id":"https:\/\/www.electroluxprofessional.com\/fi\/#website","url":"https:\/\/www.electroluxprofessional.com\/fi\/","name":"Electrolux Professional Suomi","description":"","potentialAction":[{"@type":"SearchAction","target":{"@type":"EntryPoint","urlTemplate":"https:\/\/www.electroluxprofessional.com\/fi\/?src={search_term_string}"},"query-input":"required name=search_term_string"}],"inLanguage":"fi"}]}},"_links":{"self":[{"href":"https:\/\/www.electroluxprofessional.com\/fi\/wp-json\/wp\/v2\/pages\/2348"}],"collection":[{"href":"https:\/\/www.electroluxprofessional.com\/fi\/wp-json\/wp\/v2\/pages"}],"about":[{"href":"https:\/\/www.electroluxprofessional.com\/fi\/wp-json\/wp\/v2\/types\/page"}],"author":[{"embeddable":true,"href":"https:\/\/www.electroluxprofessional.com\/fi\/wp-json\/wp\/v2\/users\/1"}],"replies":[{"embeddable":true,"href":"https:\/\/www.electroluxprofessional.com\/fi\/wp-json\/wp\/v2\/comments?post=2348"}],"version-history":[{"count":13,"href":"https:\/\/www.electroluxprofessional.com\/fi\/wp-json\/wp\/v2\/pages\/2348\/revisions"}],"predecessor-version":[{"id":3683,"href":"https:\/\/www.electroluxprofessional.com\/fi\/wp-json\/wp\/v2\/pages\/2348\/revisions\/3683"}],"wp:attachment":[{"href":"https:\/\/www.electroluxprofessional.com\/fi\/wp-json\/wp\/v2\/media?parent=2348"}],"curies":[{"name":"wp","href":"https:\/\/api.w.org\/{rel}","templated":true}]}}