{"id":2345,"date":"2017-03-23T12:52:04","date_gmt":"2017-03-23T12:52:04","guid":{"rendered":"https:\/\/www.electroluxprofessional.com\/fi\/?page_id=2345"},"modified":"2017-04-19T08:10:36","modified_gmt":"2017-04-19T08:10:36","slug":"tillbehor-och-forbrukningsvaror","status":"publish","type":"page","link":"https:\/\/www.electroluxprofessional.com\/fi\/tillbehor-och-forbrukningsvaror\/","title":{"rendered":"Tillbeh\u00f6r och f\u00f6rbrukningsvaror"},"content":{"rendered":"<p>[vc_row full_width=&#8221;electroluxpro-full-width-no-padding&#8221;][vc_column][elx_hero_title label=&#8221;&#8221; background_image=&#8221;335&#8243;][elx_heading font_container=&#8221;h1&#8243; text_color=&#8221;white&#8221;]Tillbeh\u00f6r &amp; F\u00f6rbrukningsvaror[\/elx_heading][\/elx_hero_title][\/vc_column][\/vc_row][vc_row][vc_column width=&#8221;1\/3&#8243;][elx_maylike_box id_box=&#8221;2673&#8243;][\/vc_column][vc_column width=&#8221;1\/3&#8243;][elx_maylike_box id_box=&#8221;2668&#8243;][\/vc_column][vc_column width=&#8221;1\/3&#8243;][elx_maylike_box id_box=&#8221;2675&#8243;][\/vc_column][\/vc_row][vc_row][vc_column width=&#8221;1\/3&#8243;][elx_maylike_box id_box=&#8221;1860&#8243;][\/vc_column][vc_column width=&#8221;1\/3&#8243;][elx_maylike_box id_box=&#8221;2666&#8243;][\/vc_column][vc_column width=&#8221;1\/3&#8243;][elx_maylike_box id_box=&#8221;2670&#8243;][\/vc_column][\/vc_row][vc_row][vc_column][vc_empty_space height=&#8221;50px&#8221;][\/vc_column][\/vc_row][vc_row][vc_column][vc_empty_space][elx_heading font_container=&#8221;h3&#8243; text_color=&#8221;inherit&#8221;]Vill du veta mer? Kontakta oss![\/elx_heading][elx_o2000_contact_us r=&#8221;Jag skulle vilja veta mer om tillbeh\u00f6r och f\u00f6rbrukningsvaror. V\u00e4nligen kontakta mig!&#8221; s=&#8221;Request of information about accessories and consumables.&#8221; e=&#8221;anders.norell@electrolux.com&#8221; country=&#8221;Sweden&#8221; l=&#8221;se&#8221; container=&#8221;elxcontactus1484303211&#8243;][\/vc_column][\/vc_row]<\/p>\n","protected":false},"excerpt":{"rendered":"<p>[vc_row full_width=&#8221;electroluxpro-full-width-no-padding&#8221;][vc_column][elx_hero_title label=&#8221;&#8221; background_image=&#8221;335&#8243;][elx_heading font_container=&#8221;h1&#8243; text_color=&#8221;white&#8221;]Tillbeh\u00f6r &amp; F\u00f6rbrukningsvaror[\/elx_heading][\/elx_hero_title][\/vc_column][\/vc_row][vc_row][vc_column width=&#8221;1\/3&#8243;][elx_maylike_box id_box=&#8221;2673&#8243;][\/vc_column][vc_column width=&#8221;1\/3&#8243;][elx_maylike_box id_box=&#8221;2668&#8243;][\/vc_column][vc_column width=&#8221;1\/3&#8243;][elx_maylike_box id_box=&#8221;2675&#8243;][\/vc_column][\/vc_row][vc_row][vc_column width=&#8221;1\/3&#8243;][elx_maylike_box id_box=&#8221;1860&#8243;][\/vc_column][vc_column width=&#8221;1\/3&#8243;][elx_maylike_box id_box=&#8221;2666&#8243;][\/vc_column][vc_column width=&#8221;1\/3&#8243;][elx_maylike_box id_box=&#8221;2670&#8243;][\/vc_column][\/vc_row][vc_row][vc_column][vc_empty_space height=&#8221;50px&#8221;][\/vc_column][\/vc_row][vc_row][vc_column][vc_empty_space][elx_heading font_container=&#8221;h3&#8243; text_color=&#8221;inherit&#8221;]Vill du veta mer? Kontakta oss![\/elx_heading][elx_o2000_contact_us r=&#8221;Jag skulle vilja veta mer om tillbeh\u00f6r och f\u00f6rbrukningsvaror. V\u00e4nligen kontakta mig!&#8221; s=&#8221;Request of information about accessories and consumables.&#8221; e=&#8221;anders.norell@electrolux.com&#8221; country=&#8221;Sweden&#8221; l=&#8221;se&#8221; container=&#8221;elxcontactus1484303211&#8243;][\/vc_column][\/vc_row]<\/p>\n","protected":false},"author":1,"featured_media":0,"parent":0,"menu_order":0,"comment_status":"closed","ping_status":"closed","template":"","meta":{"footnotes":""},"class_list":["post-2345","page","type-page","status-publish","hentry"],"yoast_head":"<!-- This site is optimized with the Yoast SEO plugin v23.3 - https:\/\/yoast.com\/wordpress\/plugins\/seo\/ -->\n<title>Tillbeh\u00f6r &amp; F\u00f6rbrukningsvaror, Disk, Ugn, Kyla, Varmk\u00f6k - Electrolux Professional<\/title>\n<meta name=\"description\" content=\"Tillbeh\u00f6r och F\u00f6rbrukningsvaror f\u00f6r ditt professionella k\u00f6k. Har du r\u00e4tt tillbeh\u00f6r f\u00f6r ditt professionella k\u00f6k? Diskutrustning, Ugn, Kylutrustning, varmk\u00f6k\" \/>\n<meta name=\"robots\" content=\"index, follow, max-snippet:-1, max-image-preview:large, max-video-preview:-1\" \/>\n<link rel=\"canonical\" href=\"https:\/\/www.electroluxprofessional.com\/fi\/tillbehor-och-forbrukningsvaror\/\" \/>\n<meta property=\"og:locale\" content=\"fi_FI\" \/>\n<meta property=\"og:type\" content=\"article\" \/>\n<meta property=\"og:title\" content=\"Tillbeh\u00f6r &amp; F\u00f6rbrukningsvaror, Disk, Ugn, Kyla, Varmk\u00f6k - Electrolux Professional\" \/>\n<meta property=\"og:description\" content=\"Tillbeh\u00f6r och F\u00f6rbrukningsvaror f\u00f6r ditt professionella k\u00f6k. Har du r\u00e4tt tillbeh\u00f6r f\u00f6r ditt professionella k\u00f6k? Diskutrustning, Ugn, Kylutrustning, varmk\u00f6k\" \/>\n<meta property=\"og:url\" content=\"https:\/\/www.electroluxprofessional.com\/fi\/tillbehor-och-forbrukningsvaror\/\" \/>\n<meta property=\"og:site_name\" content=\"Electrolux Professional Suomi\" \/>\n<meta property=\"article:modified_time\" content=\"2017-04-19T08:10:36+00:00\" \/>\n<meta name=\"twitter:card\" content=\"summary_large_image\" \/>\n<meta name=\"twitter:label1\" content=\"Arvioitu lukuaika\" \/>\n\t<meta name=\"twitter:data1\" content=\"1 minuutti\" \/>\n<script type=\"application\/ld+json\" class=\"yoast-schema-graph\">{\"@context\":\"https:\/\/schema.org\",\"@graph\":[{\"@type\":\"WebPage\",\"@id\":\"https:\/\/www.electroluxprofessional.com\/fi\/tillbehor-och-forbrukningsvaror\/\",\"url\":\"https:\/\/www.electroluxprofessional.com\/fi\/tillbehor-och-forbrukningsvaror\/\",\"name\":\"Tillbeh\u00f6r & F\u00f6rbrukningsvaror, Disk, Ugn, Kyla, Varmk\u00f6k - Electrolux Professional\",\"isPartOf\":{\"@id\":\"https:\/\/www.electroluxprofessional.com\/fi\/#website\"},\"datePublished\":\"2017-03-23T12:52:04+00:00\",\"dateModified\":\"2017-04-19T08:10:36+00:00\",\"description\":\"Tillbeh\u00f6r och F\u00f6rbrukningsvaror f\u00f6r ditt professionella k\u00f6k. Har du r\u00e4tt tillbeh\u00f6r f\u00f6r ditt professionella k\u00f6k? Diskutrustning, Ugn, Kylutrustning, varmk\u00f6k\",\"breadcrumb\":{\"@id\":\"https:\/\/www.electroluxprofessional.com\/fi\/tillbehor-och-forbrukningsvaror\/#breadcrumb\"},\"inLanguage\":\"fi\",\"potentialAction\":[{\"@type\":\"ReadAction\",\"target\":[\"https:\/\/www.electroluxprofessional.com\/fi\/tillbehor-och-forbrukningsvaror\/\"]}]},{\"@type\":\"BreadcrumbList\",\"@id\":\"https:\/\/www.electroluxprofessional.com\/fi\/tillbehor-och-forbrukningsvaror\/#breadcrumb\",\"itemListElement\":[{\"@type\":\"ListItem\",\"position\":1,\"name\":\"Home\",\"item\":\"https:\/\/www.electroluxprofessional.com\/fi\/\"},{\"@type\":\"ListItem\",\"position\":2,\"name\":\"Tillbeh\u00f6r och f\u00f6rbrukningsvaror\"}]},{\"@type\":\"WebSite\",\"@id\":\"https:\/\/www.electroluxprofessional.com\/fi\/#website\",\"url\":\"https:\/\/www.electroluxprofessional.com\/fi\/\",\"name\":\"Electrolux Professional Suomi\",\"description\":\"\",\"potentialAction\":[{\"@type\":\"SearchAction\",\"target\":{\"@type\":\"EntryPoint\",\"urlTemplate\":\"https:\/\/www.electroluxprofessional.com\/fi\/?src={search_term_string}\"},\"query-input\":\"required name=search_term_string\"}],\"inLanguage\":\"fi\"}]}<\/script>\n<!-- \/ Yoast SEO plugin. -->","yoast_head_json":{"title":"Tillbeh\u00f6r & F\u00f6rbrukningsvaror, Disk, Ugn, Kyla, Varmk\u00f6k - Electrolux Professional","description":"Tillbeh\u00f6r och F\u00f6rbrukningsvaror f\u00f6r ditt professionella k\u00f6k. Har du r\u00e4tt tillbeh\u00f6r f\u00f6r ditt professionella k\u00f6k? Diskutrustning, Ugn, Kylutrustning, varmk\u00f6k","robots":{"index":"index","follow":"follow","max-snippet":"max-snippet:-1","max-image-preview":"max-image-preview:large","max-video-preview":"max-video-preview:-1"},"canonical":"https:\/\/www.electroluxprofessional.com\/fi\/tillbehor-och-forbrukningsvaror\/","og_locale":"fi_FI","og_type":"article","og_title":"Tillbeh\u00f6r & F\u00f6rbrukningsvaror, Disk, Ugn, Kyla, Varmk\u00f6k - Electrolux Professional","og_description":"Tillbeh\u00f6r och F\u00f6rbrukningsvaror f\u00f6r ditt professionella k\u00f6k. Har du r\u00e4tt tillbeh\u00f6r f\u00f6r ditt professionella k\u00f6k? Diskutrustning, Ugn, Kylutrustning, varmk\u00f6k","og_url":"https:\/\/www.electroluxprofessional.com\/fi\/tillbehor-och-forbrukningsvaror\/","og_site_name":"Electrolux Professional Suomi","article_modified_time":"2017-04-19T08:10:36+00:00","twitter_card":"summary_large_image","twitter_misc":{"Arvioitu lukuaika":"1 minuutti"},"schema":{"@context":"https:\/\/schema.org","@graph":[{"@type":"WebPage","@id":"https:\/\/www.electroluxprofessional.com\/fi\/tillbehor-och-forbrukningsvaror\/","url":"https:\/\/www.electroluxprofessional.com\/fi\/tillbehor-och-forbrukningsvaror\/","name":"Tillbeh\u00f6r & F\u00f6rbrukningsvaror, Disk, Ugn, Kyla, Varmk\u00f6k - Electrolux Professional","isPartOf":{"@id":"https:\/\/www.electroluxprofessional.com\/fi\/#website"},"datePublished":"2017-03-23T12:52:04+00:00","dateModified":"2017-04-19T08:10:36+00:00","description":"Tillbeh\u00f6r och F\u00f6rbrukningsvaror f\u00f6r ditt professionella k\u00f6k. Har du r\u00e4tt tillbeh\u00f6r f\u00f6r ditt professionella k\u00f6k? Diskutrustning, Ugn, Kylutrustning, varmk\u00f6k","breadcrumb":{"@id":"https:\/\/www.electroluxprofessional.com\/fi\/tillbehor-och-forbrukningsvaror\/#breadcrumb"},"inLanguage":"fi","potentialAction":[{"@type":"ReadAction","target":["https:\/\/www.electroluxprofessional.com\/fi\/tillbehor-och-forbrukningsvaror\/"]}]},{"@type":"BreadcrumbList","@id":"https:\/\/www.electroluxprofessional.com\/fi\/tillbehor-och-forbrukningsvaror\/#breadcrumb","itemListElement":[{"@type":"ListItem","position":1,"name":"Home","item":"https:\/\/www.electroluxprofessional.com\/fi\/"},{"@type":"ListItem","position":2,"name":"Tillbeh\u00f6r och f\u00f6rbrukningsvaror"}]},{"@type":"WebSite","@id":"https:\/\/www.electroluxprofessional.com\/fi\/#website","url":"https:\/\/www.electroluxprofessional.com\/fi\/","name":"Electrolux Professional Suomi","description":"","potentialAction":[{"@type":"SearchAction","target":{"@type":"EntryPoint","urlTemplate":"https:\/\/www.electroluxprofessional.com\/fi\/?src={search_term_string}"},"query-input":"required name=search_term_string"}],"inLanguage":"fi"}]}},"_links":{"self":[{"href":"https:\/\/www.electroluxprofessional.com\/fi\/wp-json\/wp\/v2\/pages\/2345"}],"collection":[{"href":"https:\/\/www.electroluxprofessional.com\/fi\/wp-json\/wp\/v2\/pages"}],"about":[{"href":"https:\/\/www.electroluxprofessional.com\/fi\/wp-json\/wp\/v2\/types\/page"}],"author":[{"embeddable":true,"href":"https:\/\/www.electroluxprofessional.com\/fi\/wp-json\/wp\/v2\/users\/1"}],"replies":[{"embeddable":true,"href":"https:\/\/www.electroluxprofessional.com\/fi\/wp-json\/wp\/v2\/comments?post=2345"}],"version-history":[{"count":10,"href":"https:\/\/www.electroluxprofessional.com\/fi\/wp-json\/wp\/v2\/pages\/2345\/revisions"}],"predecessor-version":[{"id":3538,"href":"https:\/\/www.electroluxprofessional.com\/fi\/wp-json\/wp\/v2\/pages\/2345\/revisions\/3538"}],"wp:attachment":[{"href":"https:\/\/www.electroluxprofessional.com\/fi\/wp-json\/wp\/v2\/media?parent=2345"}],"curies":[{"name":"wp","href":"https:\/\/api.w.org\/{rel}","templated":true}]}}