{"id":2333,"date":"2023-05-31T07:18:38","date_gmt":"2023-05-31T07:18:38","guid":{"rendered":"https:\/\/www.electroluxprofessional.com\/fi\/?page_id=2333"},"modified":"2026-03-04T08:40:41","modified_gmt":"2026-03-04T08:40:41","slug":"yhteystiedot-huolto-ja-jalleenmyyntiliikkeet","status":"publish","type":"page","link":"https:\/\/www.electroluxprofessional.com\/fi\/yhteystiedot-huolto-ja-jalleenmyyntiliikkeet\/","title":{"rendered":"Yhteystiedot huolto- ja j\u00e4lleenmyyntiliikkeet"},"content":{"rendered":"<p>[vc_row full_width=&#8221;electroluxpro-full-width-no-padding&#8221;][vc_column][elx_hero_slider label_text_color=&#8221;inherit&#8221; background_colors=&#8221;background-blue&#8221; width_box=&#8221;col-md-6&#8243; images=&#8221;10196&#8243;][elx_heading font_container=&#8221;h1&#8243; font_size=&#8221;h2&#8243; text_color=&#8221;white&#8221;]Yhteystiedot<br \/>\nhuolto- ja<br \/>\nj\u00e4lleenmyyntiliikkeet[\/elx_heading][\/elx_hero_slider][\/vc_column][\/vc_row][vc_row][vc_column][vc_empty_space][vc_column_text]<span style=\"color: #0000ff;\"><strong>Aina l\u00e4hell\u00e4, sinua varten.<\/strong><\/span><\/p>\n<p>T\u00e4\u00e4lt\u00e4 l\u00f6yd\u00e4t <strong>sinua l\u00e4himm\u00e4n valtuutetun Electrolux Professionalin<\/strong> <strong>huolto- ja j\u00e4lleenmyyntiliikkeen yhteystiedot.\u00a0<\/strong> Valitse allaolevasta valikosta alue ja sen j\u00e4lkeen osa-alue jonka yhteystietoja haet.[\/vc_column_text][\/vc_column][\/vc_row][vc_row][vc_column][vc_empty_space][elx_o2000_locator cf=&#8221;Finland&#8221; l=&#8221;fi&#8221; container=&#8221;elxlocator1494576595&#8243;][vc_empty_space][vc_empty_space][vc_column_text]<\/p>\n<h3 style=\"text-align: center;\"><strong>Haluatko ottaa yhteytt\u00e4 Electrolux Professional myyntiin?<br \/>\n<\/strong>L\u00f6yd\u00e4t myyntimme yhteystiedot t\u00e4\u00e4lt\u00e4:<\/h3>\n<p>[\/vc_column_text][vc_empty_space][elx_download_block text=&#8221;Electrolux Professional Oy, Myynti&#8221; file_picker=&#8221;16467&#8243; background_color=&#8221;electrolux-blue&#8221;][vc_empty_space][\/vc_column][\/vc_row][vc_row custom_color_row=&#8221;bg-row-light-blue&#8221; css=&#8221;.vc_custom_1739176875824{background-color: #e9eff5 !important;}&#8221;][vc_column][vc_empty_space][elx_heading font_size=&#8221;h4&#8243; text_color=&#8221;electrolux-blue&#8221; text_align=&#8221;text-left&#8221;]Tule sertifioiduksi palvelukumppaniksi![\/elx_heading][vc_empty_space height=&#8221;10px&#8221;][vc_column_text]<span class=\"TextRun SCXW244428560 BCX0\" data-contrast=\"none\"><span class=\"NormalTextRun SCXW244428560 BCX0\">Liity sertifioituun palveluverkostoomme! Laajenna liiketoimintaasi tulemalla valtuutetuksi palvelukumppaniksi. Saat k\u00e4ytt\u00f6\u00f6si ainutlaatuisia koulutuksia, tukea ja kasvumahdollisuuksia.\u00a0<\/span><\/span><span class=\"EOP SCXW244428560 BCX0\" data-ccp-props=\"{&quot;134233117&quot;:true,&quot;201341983&quot;:0,&quot;335557856&quot;:16777215,&quot;335559739&quot;:0,&quot;335559740&quot;:240}\">\u00a0<\/span>[\/vc_column_text][vc_empty_space height=&#8221;25px&#8221;][elx_o2000_contact_us request_type=&#8221;Customer support&#8221; button_mode=&#8221;true&#8221; postion_button=&#8221;text-left&#8221; postion_button_mobile=&#8221;text-left-mobile&#8221; text_btn_contact=&#8221;Hae t\u00e4n\u00e4\u00e4n!&#8221; r=&#8221;Haluaisin, ett\u00e4 minuun otetaan yhteytt\u00e4 tullakseni palvelukumppaniksenne. Kiitos.&#8221;][vc_empty_space height=&#8221;40px&#8221;][\/vc_column][\/vc_row]<\/p>\n","protected":false},"excerpt":{"rendered":"<p>[vc_row full_width=&#8221;electroluxpro-full-width-no-padding&#8221;][vc_column][elx_hero_slider label_text_color=&#8221;inherit&#8221; background_colors=&#8221;background-blue&#8221; width_box=&#8221;col-md-6&#8243; images=&#8221;10196&#8243;][elx_heading font_container=&#8221;h1&#8243; font_size=&#8221;h2&#8243; text_color=&#8221;white&#8221;]Yhteystiedot huolto- ja j\u00e4lleenmyyntiliikkeet[\/elx_heading][\/elx_hero_slider][\/vc_column][\/vc_row][vc_row][vc_column][vc_empty_space][vc_column_text]Aina l\u00e4hell\u00e4, sinua varten. T\u00e4\u00e4lt\u00e4 l\u00f6yd\u00e4t sinua l\u00e4himm\u00e4n valtuutetun Electrolux Professionalin huolto- ja j\u00e4lleenmyyntiliikkeen yhteystiedot.\u00a0 Valitse allaolevasta valikosta alue ja sen j\u00e4lkeen osa-alue jonka yhteystietoja haet.[\/vc_column_text][\/vc_column][\/vc_row][vc_row][vc_column][vc_empty_space][elx_o2000_locator cf=&#8221;Finland&#8221; l=&#8221;fi&#8221; container=&#8221;elxlocator1494576595&#8243;][vc_empty_space][vc_empty_space][vc_column_text] Haluatko ottaa yhteytt\u00e4 Electrolux Professional myyntiin? L\u00f6yd\u00e4t myyntimme yhteystiedot t\u00e4\u00e4lt\u00e4: [\/vc_column_text][vc_empty_space][elx_download_block text=&#8221;Electrolux Professional Oy, Myynti&#8221; [&hellip;]<\/p>\n","protected":false},"author":1,"featured_media":0,"parent":0,"menu_order":0,"comment_status":"closed","ping_status":"closed","template":"","meta":{"footnotes":""},"class_list":["post-2333","page","type-page","status-publish","hentry"],"yoast_head":"<!-- This site is optimized with the Yoast SEO plugin v23.3 - https:\/\/yoast.com\/wordpress\/plugins\/seo\/ -->\n<title>Yhteystiedot huolto- ja j\u00e4lleenmyyntiliikkeet - Electrolux Professional Oy<\/title>\n<meta name=\"description\" content=\"T\u00e4\u00e4lt\u00e4 l\u00f6yd\u00e4t sinua l\u00e4himm\u00e4n valtuutetun Electrolux Professionalin huolto- ja j\u00e4lleenmyyntiliikkeen yhteystiedot. Ota yhteytt\u00e4.\" \/>\n<meta name=\"robots\" content=\"index, follow, max-snippet:-1, max-image-preview:large, max-video-preview:-1\" \/>\n<link rel=\"canonical\" href=\"https:\/\/www.electroluxprofessional.com\/fi\/yhteystiedot-huolto-ja-jalleenmyyntiliikkeet\/\" \/>\n<meta property=\"og:locale\" content=\"fi_FI\" \/>\n<meta property=\"og:type\" content=\"article\" \/>\n<meta property=\"og:title\" content=\"Yhteystiedot huolto- ja j\u00e4lleenmyyntiliikkeet - Electrolux Professional Oy\" \/>\n<meta property=\"og:description\" content=\"T\u00e4\u00e4lt\u00e4 l\u00f6yd\u00e4t sinua l\u00e4himm\u00e4n valtuutetun Electrolux Professionalin huolto- ja j\u00e4lleenmyyntiliikkeen yhteystiedot. Ota yhteytt\u00e4.\" \/>\n<meta property=\"og:url\" content=\"https:\/\/www.electroluxprofessional.com\/fi\/yhteystiedot-huolto-ja-jalleenmyyntiliikkeet\/\" \/>\n<meta property=\"og:site_name\" content=\"Electrolux Professional Suomi\" \/>\n<meta property=\"article:modified_time\" content=\"2026-03-04T08:40:41+00:00\" \/>\n<meta name=\"twitter:card\" content=\"summary_large_image\" \/>\n<meta name=\"twitter:label1\" content=\"Arvioitu lukuaika\" \/>\n\t<meta name=\"twitter:data1\" content=\"1 minuutti\" \/>\n<script type=\"application\/ld+json\" class=\"yoast-schema-graph\">{\"@context\":\"https:\/\/schema.org\",\"@graph\":[{\"@type\":\"WebPage\",\"@id\":\"https:\/\/www.electroluxprofessional.com\/fi\/yhteystiedot-huolto-ja-jalleenmyyntiliikkeet\/\",\"url\":\"https:\/\/www.electroluxprofessional.com\/fi\/yhteystiedot-huolto-ja-jalleenmyyntiliikkeet\/\",\"name\":\"Yhteystiedot huolto- ja j\u00e4lleenmyyntiliikkeet - Electrolux Professional Oy\",\"isPartOf\":{\"@id\":\"https:\/\/www.electroluxprofessional.com\/fi\/#website\"},\"datePublished\":\"2023-05-31T07:18:38+00:00\",\"dateModified\":\"2026-03-04T08:40:41+00:00\",\"description\":\"T\u00e4\u00e4lt\u00e4 l\u00f6yd\u00e4t sinua l\u00e4himm\u00e4n valtuutetun Electrolux Professionalin huolto- ja j\u00e4lleenmyyntiliikkeen yhteystiedot. Ota yhteytt\u00e4.\",\"breadcrumb\":{\"@id\":\"https:\/\/www.electroluxprofessional.com\/fi\/yhteystiedot-huolto-ja-jalleenmyyntiliikkeet\/#breadcrumb\"},\"inLanguage\":\"fi\",\"potentialAction\":[{\"@type\":\"ReadAction\",\"target\":[\"https:\/\/www.electroluxprofessional.com\/fi\/yhteystiedot-huolto-ja-jalleenmyyntiliikkeet\/\"]}]},{\"@type\":\"BreadcrumbList\",\"@id\":\"https:\/\/www.electroluxprofessional.com\/fi\/yhteystiedot-huolto-ja-jalleenmyyntiliikkeet\/#breadcrumb\",\"itemListElement\":[{\"@type\":\"ListItem\",\"position\":1,\"name\":\"Home\",\"item\":\"https:\/\/www.electroluxprofessional.com\/fi\/\"},{\"@type\":\"ListItem\",\"position\":2,\"name\":\"Yhteystiedot huolto- ja j\u00e4lleenmyyntiliikkeet\"}]},{\"@type\":\"WebSite\",\"@id\":\"https:\/\/www.electroluxprofessional.com\/fi\/#website\",\"url\":\"https:\/\/www.electroluxprofessional.com\/fi\/\",\"name\":\"Electrolux Professional Suomi\",\"description\":\"\",\"potentialAction\":[{\"@type\":\"SearchAction\",\"target\":{\"@type\":\"EntryPoint\",\"urlTemplate\":\"https:\/\/www.electroluxprofessional.com\/fi\/?src={search_term_string}\"},\"query-input\":\"required name=search_term_string\"}],\"inLanguage\":\"fi\"}]}<\/script>\n<!-- \/ Yoast SEO plugin. -->","yoast_head_json":{"title":"Yhteystiedot huolto- ja j\u00e4lleenmyyntiliikkeet - Electrolux Professional Oy","description":"T\u00e4\u00e4lt\u00e4 l\u00f6yd\u00e4t sinua l\u00e4himm\u00e4n valtuutetun Electrolux Professionalin huolto- ja j\u00e4lleenmyyntiliikkeen yhteystiedot. Ota yhteytt\u00e4.","robots":{"index":"index","follow":"follow","max-snippet":"max-snippet:-1","max-image-preview":"max-image-preview:large","max-video-preview":"max-video-preview:-1"},"canonical":"https:\/\/www.electroluxprofessional.com\/fi\/yhteystiedot-huolto-ja-jalleenmyyntiliikkeet\/","og_locale":"fi_FI","og_type":"article","og_title":"Yhteystiedot huolto- ja j\u00e4lleenmyyntiliikkeet - Electrolux Professional Oy","og_description":"T\u00e4\u00e4lt\u00e4 l\u00f6yd\u00e4t sinua l\u00e4himm\u00e4n valtuutetun Electrolux Professionalin huolto- ja j\u00e4lleenmyyntiliikkeen yhteystiedot. Ota yhteytt\u00e4.","og_url":"https:\/\/www.electroluxprofessional.com\/fi\/yhteystiedot-huolto-ja-jalleenmyyntiliikkeet\/","og_site_name":"Electrolux Professional Suomi","article_modified_time":"2026-03-04T08:40:41+00:00","twitter_card":"summary_large_image","twitter_misc":{"Arvioitu lukuaika":"1 minuutti"},"schema":{"@context":"https:\/\/schema.org","@graph":[{"@type":"WebPage","@id":"https:\/\/www.electroluxprofessional.com\/fi\/yhteystiedot-huolto-ja-jalleenmyyntiliikkeet\/","url":"https:\/\/www.electroluxprofessional.com\/fi\/yhteystiedot-huolto-ja-jalleenmyyntiliikkeet\/","name":"Yhteystiedot huolto- ja j\u00e4lleenmyyntiliikkeet - Electrolux Professional Oy","isPartOf":{"@id":"https:\/\/www.electroluxprofessional.com\/fi\/#website"},"datePublished":"2023-05-31T07:18:38+00:00","dateModified":"2026-03-04T08:40:41+00:00","description":"T\u00e4\u00e4lt\u00e4 l\u00f6yd\u00e4t sinua l\u00e4himm\u00e4n valtuutetun Electrolux Professionalin huolto- ja j\u00e4lleenmyyntiliikkeen yhteystiedot. Ota yhteytt\u00e4.","breadcrumb":{"@id":"https:\/\/www.electroluxprofessional.com\/fi\/yhteystiedot-huolto-ja-jalleenmyyntiliikkeet\/#breadcrumb"},"inLanguage":"fi","potentialAction":[{"@type":"ReadAction","target":["https:\/\/www.electroluxprofessional.com\/fi\/yhteystiedot-huolto-ja-jalleenmyyntiliikkeet\/"]}]},{"@type":"BreadcrumbList","@id":"https:\/\/www.electroluxprofessional.com\/fi\/yhteystiedot-huolto-ja-jalleenmyyntiliikkeet\/#breadcrumb","itemListElement":[{"@type":"ListItem","position":1,"name":"Home","item":"https:\/\/www.electroluxprofessional.com\/fi\/"},{"@type":"ListItem","position":2,"name":"Yhteystiedot huolto- ja j\u00e4lleenmyyntiliikkeet"}]},{"@type":"WebSite","@id":"https:\/\/www.electroluxprofessional.com\/fi\/#website","url":"https:\/\/www.electroluxprofessional.com\/fi\/","name":"Electrolux Professional Suomi","description":"","potentialAction":[{"@type":"SearchAction","target":{"@type":"EntryPoint","urlTemplate":"https:\/\/www.electroluxprofessional.com\/fi\/?src={search_term_string}"},"query-input":"required name=search_term_string"}],"inLanguage":"fi"}]}},"_links":{"self":[{"href":"https:\/\/www.electroluxprofessional.com\/fi\/wp-json\/wp\/v2\/pages\/2333"}],"collection":[{"href":"https:\/\/www.electroluxprofessional.com\/fi\/wp-json\/wp\/v2\/pages"}],"about":[{"href":"https:\/\/www.electroluxprofessional.com\/fi\/wp-json\/wp\/v2\/types\/page"}],"author":[{"embeddable":true,"href":"https:\/\/www.electroluxprofessional.com\/fi\/wp-json\/wp\/v2\/users\/1"}],"replies":[{"embeddable":true,"href":"https:\/\/www.electroluxprofessional.com\/fi\/wp-json\/wp\/v2\/comments?post=2333"}],"version-history":[{"count":66,"href":"https:\/\/www.electroluxprofessional.com\/fi\/wp-json\/wp\/v2\/pages\/2333\/revisions"}],"predecessor-version":[{"id":16469,"href":"https:\/\/www.electroluxprofessional.com\/fi\/wp-json\/wp\/v2\/pages\/2333\/revisions\/16469"}],"wp:attachment":[{"href":"https:\/\/www.electroluxprofessional.com\/fi\/wp-json\/wp\/v2\/media?parent=2333"}],"curies":[{"name":"wp","href":"https:\/\/api.w.org\/{rel}","templated":true}]}}