{"id":16395,"date":"2026-02-25T10:26:01","date_gmt":"2026-02-25T10:26:01","guid":{"rendered":"https:\/\/www.electroluxprofessional.com\/fi\/?page_id=16395"},"modified":"2026-04-24T14:59:41","modified_gmt":"2026-04-24T14:59:41","slug":"vastuullisuusluokitukset-ja-sertifikaatit","status":"publish","type":"page","link":"https:\/\/www.electroluxprofessional.com\/fi\/vastuullisuus-keskiossa\/vastuullisuusluokitukset-ja-sertifikaatit\/","title":{"rendered":"Vastuullisuusluokitukset ja sertifikaatit"},"content":{"rendered":"<p>[vc_row full_width=&#8221;electroluxpro-full-width-no-padding&#8221;][vc_column][elx_image_block background_image=&#8221;16393&#8243; minimum_height=&#8221;400px&#8221;][\/vc_column][\/vc_row][vc_row][vc_column][vc_row_inner][vc_column_inner offset=&#8221;vc_hidden-sm vc_hidden-xs&#8221;][vc_empty_space height=&#8221;80px&#8221;][\/vc_column_inner][\/vc_row_inner][vc_row_inner][vc_column_inner offset=&#8221;vc_hidden-lg vc_hidden-md&#8221;][vc_empty_space][\/vc_column_inner][\/vc_row_inner][elx_heading font_container=&#8221;h1&#8243; text_color=&#8221;electrolux-blue&#8221; text_align=&#8221;text-center&#8221;]Vastuullisuusluokitukset ja sertifikaatit[\/elx_heading][vc_empty_space height=&#8221;14px&#8221;][vc_column_text]<\/p>\n<p style=\"text-align: center;\">Edist\u00e4mme sitoutumistamme kest\u00e4v\u00e4\u00e4n tulevaisuuteen vastuullisuustoimiemme l\u00e4pin\u00e4kyvyyden avulla.<\/p>\n<p>[\/vc_column_text][vc_row_inner][vc_column_inner offset=&#8221;vc_hidden-sm vc_hidden-xs&#8221;][vc_empty_space height=&#8221;80px&#8221;][\/vc_column_inner][\/vc_row_inner][vc_row_inner][vc_column_inner offset=&#8221;vc_hidden-lg vc_hidden-md&#8221;][vc_empty_space][\/vc_column_inner][\/vc_row_inner][\/vc_column][\/vc_row][vc_row css=&#8221;.vc_custom_1758284570657{background-color: #F5F5F5 !important;}&#8221;][vc_column][vc_empty_space height=&#8221;50px&#8221;][\/vc_column][\/vc_row][vc_row equal_height=&#8221;yes&#8221; css=&#8221;.vc_custom_1758802186212{background-color: #F5F5F5 !important;}&#8221;][vc_column width=&#8221;3\/5&#8243; el_class=&#8221;align-vertical-center&#8221;][elx_heading font_size=&#8221;h4&#8243; text_color=&#8221;electrolux-blue&#8221; text_align=&#8221;text-left&#8221;]Electrolux Professional Groupille on my\u00f6nnetty Gold-tason vastuullisuusluokitus EcoVadiksen kest\u00e4v\u00e4n kehityksen arvioinnissa. Tunnustus sijoittaa meid\u00e4t maailmanlaajuisesti arvioitujen yritysten parhaimmistoon (5 %).[\/elx_heading][vc_row_inner][vc_column_inner offset=&#8221;vc_hidden-lg vc_hidden-md vc_hidden-sm&#8221;][vc_empty_space][\/vc_column_inner][\/vc_row_inner][\/vc_column][vc_column width=&#8221;2\/5&#8243;][vc_single_image image=&#8221;16390&#8243; img_size=&#8221;200&#215;200&#8243; alignment=&#8221;center&#8221;][\/vc_column][\/vc_row][vc_row css=&#8221;.vc_custom_1771583221625{background-color: #f5f5f5 !important;}&#8221;][vc_column][vc_empty_space height=&#8221;50px&#8221;][\/vc_column][\/vc_row][vc_row][vc_column][vc_empty_space height=&#8221;80px&#8221;][\/vc_column][\/vc_row][vc_row css=&#8221;.vc_custom_1758794818846{background-image: url(https:\/\/eprdev.comunicazione21.com\/wp-content\/uploads\/2025\/09\/Screenshot-2025-09-25-115810.jpg?id=56214) !important;background-position: center !important;background-repeat: no-repeat !important;background-size: cover !important;}&#8221;][vc_column][vc_empty_space height=&#8221;64px&#8221;][vc_row_inner][vc_column_inner][vc_column_text]<\/p>\n<p style=\"text-align: center;\"><span style=\"color: #ffffff;\">YMP\u00c4RIST\u00d6SAAVUTUKSIAMME T\u00c4H\u00c4N MENNESS\u00c4<\/span><\/p>\n<p>[\/vc_column_text][vc_empty_space][elx_heading text_color=&#8221;white&#8221; text_align=&#8221;text-center&#8221;]Vuonna 2024 olemme pystyneet tekem\u00e4\u00e4n merkitt\u00e4v\u00e4\u00e4 edistyst\u00e4 kaikilla osa\u2011alueilla vuodesta 2019 l\u00e4htien.<br \/>\n[\/elx_heading][vc_empty_space][\/vc_column_inner][\/vc_row_inner][vc_row_inner][vc_column_inner width=&#8221;1\/3&#8243;][vc_column_text]<\/p>\n<p style=\"font-size: 83px; text-align: center;\"><span style=\"color: #ffffff;\"><strong>-70%<\/strong><\/span><\/p>\n<p>[\/vc_column_text][elx_heading font_container=&#8221;h3&#8243; font_size=&#8221;p&#8221; text_color=&#8221;white&#8221; text_align=&#8221;text-center&#8221;]CO2-p\u00e4\u00e4st\u00f6t, scope 1&amp;2[\/elx_heading][vc_empty_space][\/vc_column_inner][vc_column_inner width=&#8221;1\/3&#8243;][vc_column_text]<\/p>\n<p style=\"font-size: 83px; text-align: center;\"><span style=\"color: #ffffff;\"><strong>92%<\/strong><\/span><\/p>\n<p>[\/vc_column_text][elx_heading font_container=&#8221;h3&#8243; font_size=&#8221;p&#8221; text_color=&#8221;white&#8221; text_align=&#8221;text-center&#8221;]Uusiutuva energia[\/elx_heading][vc_empty_space][\/vc_column_inner][vc_column_inner width=&#8221;1\/3&#8243;][vc_column_text]<\/p>\n<p style=\"font-size: 83px; text-align: center;\"><span style=\"color: #ffffff;\"><strong>-41%<\/strong><\/span><\/p>\n<p>[\/vc_column_text][elx_heading font_container=&#8221;h3&#8243; font_size=&#8221;p&#8221; text_color=&#8221;white&#8221; text_align=&#8221;text-center&#8221;]CO2-p\u00e4\u00e4st\u00f6t, scope 3[\/elx_heading][vc_empty_space][\/vc_column_inner][\/vc_row_inner][vc_empty_space height=&#8221;100px&#8221;][\/vc_column][\/vc_row][vc_row][vc_column offset=&#8221;vc_hidden-sm vc_hidden-xs&#8221;][vc_empty_space height=&#8221;80px&#8221;][\/vc_column][\/vc_row][vc_row][vc_column offset=&#8221;vc_hidden-lg vc_hidden-md&#8221;][vc_empty_space][\/vc_column][\/vc_row][vc_row][vc_column][elx_carousel_sust_ratings cards_bg_color=&#8221;card-bg-green&#8221; first_title=&#8221;Ilmastoon liittyv\u00e4t tavoitteet&#8221; first_paragraph=&#8221;Electrolux Professional Group on alansa vastuullisuusjohtaja. Yl\u00e4tavoitteemme ja kunnianhimoinen p\u00e4\u00e4m\u00e4\u00e4r\u00e4mme on saavuttaa ilmastoneutraalius omassa toiminnassamme vuoteen 2030 menness\u00e4.&#8221; card_1_image=&#8221;16414&#8243; card_1_title=&#8221;Tehtaidemme scope 1 ja 2 p\u00e4\u00e4st\u00f6jen pienent\u00e4minen 70% vuoden 2019 tasosta&#8221; card_1_number=&#8221;-70%&#8221; card_1_number_text=&#8221;Saavutettu (2025)&#8221; card_2_image=&#8221;16414&#8243; card_2_title=&#8221;Myytyjen tuotteiden k\u00e4ytt\u00f6vaiheen Scope 3 \u2011p\u00e4\u00e4st\u00f6jen v\u00e4hent\u00e4minen&#8221; card_2_number=&#8221;-27,5%&#8221; card_2_number_text=&#8221;Tavoite saavutettu vuonna 2024&#8243;][vc_empty_space height=&#8221;64px&#8221;][elx_carousel_sust_ratings alignment=&#8221;right&#8221; first_title=&#8221;Ihmisiin liittyv\u00e4t tavoitteet&#8221; first_paragraph=&#8221;Teht\u00e4v\u00e4mme on tehd\u00e4 asiakkaidemme ty\u00f6el\u00e4m\u00e4st\u00e4 helpompaa, kannattavampaa \u2013 ja aidosti vastuullista joka p\u00e4iv\u00e4. T\u00e4m\u00e4 onnistuu vain suurimman voimavaramme \u2013 henkil\u00f6st\u00f6mme \u2013 avulla.&#8221; card_1_title=&#8221;Terveys- ja turvallisuustavoite vuodelle 2026&#8243; card_1_number=&#8221;0,5&#8243; card_1_number_text=&#8221;T\u00e4ll\u00e4 hetkell\u00e4 1,6&#8243; card_2_title=&#8221;Sukupuolten monimuotoisuustavoite vuodelle 2030&#8243; card_2_number=&#8221;40\/60&#8243; card_2_number_text=&#8221;T\u00e4ll\u00e4 hetkell\u00e4 27\/73&#8243; card_1_paragraph=&#8221;Ty\u00f6tapaturmien m\u00e4\u00e4r\u00e4 1,000,000 ty\u00f6tuntia kohden&#8221; card_2_paragraph=&#8221;Miesten\/naisten tai naisten\/miesten jakauma&#8221;][\/vc_column][\/vc_row][vc_row][vc_column offset=&#8221;vc_hidden-sm vc_hidden-xs&#8221;][vc_empty_space height=&#8221;80px&#8221;][\/vc_column][\/vc_row][vc_row][vc_column offset=&#8221;vc_hidden-lg vc_hidden-md&#8221;][vc_empty_space][\/vc_column][\/vc_row][vc_row css=&#8221;.vc_custom_1758284570657{background-color: #F5F5F5 !important;}&#8221;][vc_column][vc_empty_space height=&#8221;50px&#8221;][\/vc_column][\/vc_row][vc_row content_placement=&#8221;middle&#8221; css=&#8221;.vc_custom_1758808799747{background-color: #F5F5F5 !important;}&#8221;][vc_column width=&#8221;1\/3&#8243; el_class=&#8221;align-vertical-center&#8221;][vc_row_inner][vc_column_inner][vc_empty_space height=&#8221;42px&#8221;][\/vc_column_inner][\/vc_row_inner][vc_single_image image=&#8221;16394&#8243; img_size=&#8221;400&#215;200&#8243; alignment=&#8221;center&#8221; el_class=&#8221;align-vertical-center&#8221;][\/vc_column][vc_column width=&#8221;2\/3&#8243;][elx_heading text_color=&#8221;electrolux-blue&#8221; text_align=&#8221;text-left&#8221;]Ilmastoneutraali vuoteen 2030 menness\u00e4[\/elx_heading][vc_empty_space height=&#8221;16px&#8221;][vc_column_text]Tuemme YK:n kest\u00e4v\u00e4n kehityksen toimintaohjelmaa (Agenda 2030) ja siihen liittyvi\u00e4 kest\u00e4v\u00e4n kehityksen tavoitteita (SDG:t). Yl\u00e4tavoitteemme on olla ilmastoneutraali omassa toiminnassamme vuoteen 2030 menness\u00e4.[\/vc_column_text][vc_empty_space height=&#8221;28px&#8221;][elx_button button_text=&#8221;KEST\u00c4V\u00c4N KEHITYKSEN TAVOITTEEMME&#8221; button_display_block=&#8221;display_block_on&#8221; button_alignment_mobile=&#8221;text-left-mobile&#8221; button_link=&#8221;url:https%3A%2F%2Fwww.electroluxprofessionalgroup.com%2Fen%2Fsustainability%2Fsustainable-development-goals%2F|title:MEID%C3%84N%20KEST%C3%84V%C3%84N%20KEHITYKSEN%20TAVOITTEEMME|target:_blank&#8221;][\/vc_column][\/vc_row][vc_row css=&#8221;.vc_custom_1758284570657{background-color: #F5F5F5 !important;}&#8221;][vc_column][vc_empty_space height=&#8221;50px&#8221;][\/vc_column][\/vc_row][vc_row][vc_column][vc_empty_space height=&#8221;80px&#8221;][\/vc_column][\/vc_row][vc_row][vc_column][elx_double_banner_sust tag_title=&#8221;h2&#8243; left_title=&#8221;Vastuulliset ammattikeitti\u00f6ratkaisut&#8221; left_link=&#8221;url:https%3A%2F%2Fwww.electroluxprofessional.com%2Ffi%2Fvastuulliset-ammattikeittioratkaisut%2F|title:Lue%20lis%C3%A4%C3%A4&#8243; right_title=&#8221;Vastuulliset ammattipesularatkaisut&#8221; right_link=&#8221;url:https%3A%2F%2Fwww.electroluxprofessional.com%2Ffi%2Fvastuulliset-ammattipesularatkaisut%2F|title:Lue%20lis%C3%A4%C3%A4&#8243; left_image_media_library=&#8221;16413&#8243; right_image_media_library=&#8221;16415&#8243;][\/vc_column][\/vc_row][vc_row][vc_column][vc_empty_space height=&#8221;80px&#8221;][\/vc_column][\/vc_row]<\/p>\n","protected":false},"excerpt":{"rendered":"<p>[vc_row full_width=&#8221;electroluxpro-full-width-no-padding&#8221;][vc_column][elx_image_block background_image=&#8221;16393&#8243; minimum_height=&#8221;400px&#8221;][\/vc_column][\/vc_row][vc_row][vc_column][vc_row_inner][vc_column_inner offset=&#8221;vc_hidden-sm vc_hidden-xs&#8221;][vc_empty_space height=&#8221;80px&#8221;][\/vc_column_inner][\/vc_row_inner][vc_row_inner][vc_column_inner offset=&#8221;vc_hidden-lg vc_hidden-md&#8221;][vc_empty_space][\/vc_column_inner][\/vc_row_inner][elx_heading font_container=&#8221;h1&#8243; text_color=&#8221;electrolux-blue&#8221; text_align=&#8221;text-center&#8221;]Vastuullisuusluokitukset ja sertifikaatit[\/elx_heading][vc_empty_space height=&#8221;14px&#8221;][vc_column_text] Edist\u00e4mme sitoutumistamme kest\u00e4v\u00e4\u00e4n tulevaisuuteen vastuullisuustoimiemme l\u00e4pin\u00e4kyvyyden avulla. [\/vc_column_text][vc_row_inner][vc_column_inner offset=&#8221;vc_hidden-sm vc_hidden-xs&#8221;][vc_empty_space height=&#8221;80px&#8221;][\/vc_column_inner][\/vc_row_inner][vc_row_inner][vc_column_inner offset=&#8221;vc_hidden-lg vc_hidden-md&#8221;][vc_empty_space][\/vc_column_inner][\/vc_row_inner][\/vc_column][\/vc_row][vc_row css=&#8221;.vc_custom_1758284570657{background-color: #F5F5F5 !important;}&#8221;][vc_column][vc_empty_space height=&#8221;50px&#8221;][\/vc_column][\/vc_row][vc_row equal_height=&#8221;yes&#8221; css=&#8221;.vc_custom_1758802186212{background-color: #F5F5F5 !important;}&#8221;][vc_column width=&#8221;3\/5&#8243; el_class=&#8221;align-vertical-center&#8221;][elx_heading font_size=&#8221;h4&#8243; text_color=&#8221;electrolux-blue&#8221; text_align=&#8221;text-left&#8221;]Electrolux Professional Groupille on my\u00f6nnetty Gold-tason vastuullisuusluokitus EcoVadiksen kest\u00e4v\u00e4n kehityksen arvioinnissa. Tunnustus sijoittaa meid\u00e4t maailmanlaajuisesti [&hellip;]<\/p>\n","protected":false},"author":1,"featured_media":16369,"parent":16392,"menu_order":0,"comment_status":"closed","ping_status":"closed","template":"","meta":{"footnotes":""},"class_list":["post-16395","page","type-page","status-publish","has-post-thumbnail","hentry"],"yoast_head":"<!-- This site is optimized with the Yoast SEO plugin v23.3 - https:\/\/yoast.com\/wordpress\/plugins\/seo\/ -->\n<title>Vastuullisuusluokitukset ja sertifikaatit - Electrolux Professional Suomi<\/title>\n<meta name=\"description\" content=\"Vastuullisuusluokitukset ja sertifikaatit\" \/>\n<meta name=\"robots\" content=\"index, follow, max-snippet:-1, max-image-preview:large, max-video-preview:-1\" \/>\n<link rel=\"canonical\" href=\"https:\/\/www.electroluxprofessional.com\/fi\/vastuullisuus-keskiossa\/vastuullisuusluokitukset-ja-sertifikaatit\/\" \/>\n<meta property=\"og:locale\" content=\"fi_FI\" \/>\n<meta property=\"og:type\" content=\"article\" \/>\n<meta property=\"og:title\" content=\"Vastuullisuusluokitukset ja sertifikaatit - Electrolux Professional Suomi\" \/>\n<meta property=\"og:description\" content=\"Vastuullisuusluokitukset ja sertifikaatit\" \/>\n<meta property=\"og:url\" content=\"https:\/\/www.electroluxprofessional.com\/fi\/vastuullisuus-keskiossa\/vastuullisuusluokitukset-ja-sertifikaatit\/\" \/>\n<meta property=\"og:site_name\" content=\"Electrolux Professional Suomi\" \/>\n<meta property=\"article:modified_time\" content=\"2026-04-24T14:59:41+00:00\" \/>\n<meta property=\"og:image\" content=\"https:\/\/www.electroluxprofessional.com\/fi\/wp-content\/uploads\/2026\/02\/A-sustainable-approach_1.jpeg\" \/>\n\t<meta property=\"og:image:width\" content=\"577\" \/>\n\t<meta property=\"og:image:height\" content=\"540\" \/>\n\t<meta property=\"og:image:type\" content=\"image\/jpeg\" \/>\n<meta name=\"twitter:card\" content=\"summary_large_image\" \/>\n<meta name=\"twitter:label1\" content=\"Arvioitu lukuaika\" \/>\n\t<meta name=\"twitter:data1\" content=\"4 minuuttia\" \/>\n<script type=\"application\/ld+json\" class=\"yoast-schema-graph\">{\"@context\":\"https:\/\/schema.org\",\"@graph\":[{\"@type\":\"WebPage\",\"@id\":\"https:\/\/www.electroluxprofessional.com\/fi\/vastuullisuus-keskiossa\/vastuullisuusluokitukset-ja-sertifikaatit\/\",\"url\":\"https:\/\/www.electroluxprofessional.com\/fi\/vastuullisuus-keskiossa\/vastuullisuusluokitukset-ja-sertifikaatit\/\",\"name\":\"Vastuullisuusluokitukset ja sertifikaatit - Electrolux Professional Suomi\",\"isPartOf\":{\"@id\":\"https:\/\/www.electroluxprofessional.com\/fi\/#website\"},\"primaryImageOfPage\":{\"@id\":\"https:\/\/www.electroluxprofessional.com\/fi\/vastuullisuus-keskiossa\/vastuullisuusluokitukset-ja-sertifikaatit\/#primaryimage\"},\"image\":{\"@id\":\"https:\/\/www.electroluxprofessional.com\/fi\/vastuullisuus-keskiossa\/vastuullisuusluokitukset-ja-sertifikaatit\/#primaryimage\"},\"thumbnailUrl\":\"https:\/\/www.electroluxprofessional.com\/fi\/wp-content\/uploads\/2026\/02\/A-sustainable-approach_1.jpeg\",\"datePublished\":\"2026-02-25T10:26:01+00:00\",\"dateModified\":\"2026-04-24T14:59:41+00:00\",\"description\":\"Vastuullisuusluokitukset ja sertifikaatit\",\"breadcrumb\":{\"@id\":\"https:\/\/www.electroluxprofessional.com\/fi\/vastuullisuus-keskiossa\/vastuullisuusluokitukset-ja-sertifikaatit\/#breadcrumb\"},\"inLanguage\":\"fi\",\"potentialAction\":[{\"@type\":\"ReadAction\",\"target\":[\"https:\/\/www.electroluxprofessional.com\/fi\/vastuullisuus-keskiossa\/vastuullisuusluokitukset-ja-sertifikaatit\/\"]}]},{\"@type\":\"ImageObject\",\"inLanguage\":\"fi\",\"@id\":\"https:\/\/www.electroluxprofessional.com\/fi\/vastuullisuus-keskiossa\/vastuullisuusluokitukset-ja-sertifikaatit\/#primaryimage\",\"url\":\"https:\/\/www.electroluxprofessional.com\/fi\/wp-content\/uploads\/2026\/02\/A-sustainable-approach_1.jpeg\",\"contentUrl\":\"https:\/\/www.electroluxprofessional.com\/fi\/wp-content\/uploads\/2026\/02\/A-sustainable-approach_1.jpeg\",\"width\":577,\"height\":540},{\"@type\":\"BreadcrumbList\",\"@id\":\"https:\/\/www.electroluxprofessional.com\/fi\/vastuullisuus-keskiossa\/vastuullisuusluokitukset-ja-sertifikaatit\/#breadcrumb\",\"itemListElement\":[{\"@type\":\"ListItem\",\"position\":1,\"name\":\"Home\",\"item\":\"https:\/\/www.electroluxprofessional.com\/fi\/\"},{\"@type\":\"ListItem\",\"position\":2,\"name\":\"Vastuullisuus keski\u00f6ss\u00e4\",\"item\":\"https:\/\/www.electroluxprofessional.com\/fi\/vastuullisuus-keskiossa\/\"},{\"@type\":\"ListItem\",\"position\":3,\"name\":\"Vastuullisuusluokitukset ja sertifikaatit\"}]},{\"@type\":\"WebSite\",\"@id\":\"https:\/\/www.electroluxprofessional.com\/fi\/#website\",\"url\":\"https:\/\/www.electroluxprofessional.com\/fi\/\",\"name\":\"Electrolux Professional Suomi\",\"description\":\"\",\"potentialAction\":[{\"@type\":\"SearchAction\",\"target\":{\"@type\":\"EntryPoint\",\"urlTemplate\":\"https:\/\/www.electroluxprofessional.com\/fi\/?src={search_term_string}\"},\"query-input\":\"required name=search_term_string\"}],\"inLanguage\":\"fi\"}]}<\/script>\n<!-- \/ Yoast SEO plugin. -->","yoast_head_json":{"title":"Vastuullisuusluokitukset ja sertifikaatit - Electrolux Professional Suomi","description":"Vastuullisuusluokitukset ja sertifikaatit","robots":{"index":"index","follow":"follow","max-snippet":"max-snippet:-1","max-image-preview":"max-image-preview:large","max-video-preview":"max-video-preview:-1"},"canonical":"https:\/\/www.electroluxprofessional.com\/fi\/vastuullisuus-keskiossa\/vastuullisuusluokitukset-ja-sertifikaatit\/","og_locale":"fi_FI","og_type":"article","og_title":"Vastuullisuusluokitukset ja sertifikaatit - Electrolux Professional Suomi","og_description":"Vastuullisuusluokitukset ja sertifikaatit","og_url":"https:\/\/www.electroluxprofessional.com\/fi\/vastuullisuus-keskiossa\/vastuullisuusluokitukset-ja-sertifikaatit\/","og_site_name":"Electrolux Professional Suomi","article_modified_time":"2026-04-24T14:59:41+00:00","og_image":[{"width":577,"height":540,"url":"https:\/\/www.electroluxprofessional.com\/fi\/wp-content\/uploads\/2026\/02\/A-sustainable-approach_1.jpeg","type":"image\/jpeg"}],"twitter_card":"summary_large_image","twitter_misc":{"Arvioitu lukuaika":"4 minuuttia"},"schema":{"@context":"https:\/\/schema.org","@graph":[{"@type":"WebPage","@id":"https:\/\/www.electroluxprofessional.com\/fi\/vastuullisuus-keskiossa\/vastuullisuusluokitukset-ja-sertifikaatit\/","url":"https:\/\/www.electroluxprofessional.com\/fi\/vastuullisuus-keskiossa\/vastuullisuusluokitukset-ja-sertifikaatit\/","name":"Vastuullisuusluokitukset ja sertifikaatit - Electrolux Professional Suomi","isPartOf":{"@id":"https:\/\/www.electroluxprofessional.com\/fi\/#website"},"primaryImageOfPage":{"@id":"https:\/\/www.electroluxprofessional.com\/fi\/vastuullisuus-keskiossa\/vastuullisuusluokitukset-ja-sertifikaatit\/#primaryimage"},"image":{"@id":"https:\/\/www.electroluxprofessional.com\/fi\/vastuullisuus-keskiossa\/vastuullisuusluokitukset-ja-sertifikaatit\/#primaryimage"},"thumbnailUrl":"https:\/\/www.electroluxprofessional.com\/fi\/wp-content\/uploads\/2026\/02\/A-sustainable-approach_1.jpeg","datePublished":"2026-02-25T10:26:01+00:00","dateModified":"2026-04-24T14:59:41+00:00","description":"Vastuullisuusluokitukset ja sertifikaatit","breadcrumb":{"@id":"https:\/\/www.electroluxprofessional.com\/fi\/vastuullisuus-keskiossa\/vastuullisuusluokitukset-ja-sertifikaatit\/#breadcrumb"},"inLanguage":"fi","potentialAction":[{"@type":"ReadAction","target":["https:\/\/www.electroluxprofessional.com\/fi\/vastuullisuus-keskiossa\/vastuullisuusluokitukset-ja-sertifikaatit\/"]}]},{"@type":"ImageObject","inLanguage":"fi","@id":"https:\/\/www.electroluxprofessional.com\/fi\/vastuullisuus-keskiossa\/vastuullisuusluokitukset-ja-sertifikaatit\/#primaryimage","url":"https:\/\/www.electroluxprofessional.com\/fi\/wp-content\/uploads\/2026\/02\/A-sustainable-approach_1.jpeg","contentUrl":"https:\/\/www.electroluxprofessional.com\/fi\/wp-content\/uploads\/2026\/02\/A-sustainable-approach_1.jpeg","width":577,"height":540},{"@type":"BreadcrumbList","@id":"https:\/\/www.electroluxprofessional.com\/fi\/vastuullisuus-keskiossa\/vastuullisuusluokitukset-ja-sertifikaatit\/#breadcrumb","itemListElement":[{"@type":"ListItem","position":1,"name":"Home","item":"https:\/\/www.electroluxprofessional.com\/fi\/"},{"@type":"ListItem","position":2,"name":"Vastuullisuus keski\u00f6ss\u00e4","item":"https:\/\/www.electroluxprofessional.com\/fi\/vastuullisuus-keskiossa\/"},{"@type":"ListItem","position":3,"name":"Vastuullisuusluokitukset ja sertifikaatit"}]},{"@type":"WebSite","@id":"https:\/\/www.electroluxprofessional.com\/fi\/#website","url":"https:\/\/www.electroluxprofessional.com\/fi\/","name":"Electrolux Professional Suomi","description":"","potentialAction":[{"@type":"SearchAction","target":{"@type":"EntryPoint","urlTemplate":"https:\/\/www.electroluxprofessional.com\/fi\/?src={search_term_string}"},"query-input":"required name=search_term_string"}],"inLanguage":"fi"}]}},"_links":{"self":[{"href":"https:\/\/www.electroluxprofessional.com\/fi\/wp-json\/wp\/v2\/pages\/16395"}],"collection":[{"href":"https:\/\/www.electroluxprofessional.com\/fi\/wp-json\/wp\/v2\/pages"}],"about":[{"href":"https:\/\/www.electroluxprofessional.com\/fi\/wp-json\/wp\/v2\/types\/page"}],"author":[{"embeddable":true,"href":"https:\/\/www.electroluxprofessional.com\/fi\/wp-json\/wp\/v2\/users\/1"}],"replies":[{"embeddable":true,"href":"https:\/\/www.electroluxprofessional.com\/fi\/wp-json\/wp\/v2\/comments?post=16395"}],"version-history":[{"count":20,"href":"https:\/\/www.electroluxprofessional.com\/fi\/wp-json\/wp\/v2\/pages\/16395\/revisions"}],"predecessor-version":[{"id":17005,"href":"https:\/\/www.electroluxprofessional.com\/fi\/wp-json\/wp\/v2\/pages\/16395\/revisions\/17005"}],"up":[{"embeddable":true,"href":"https:\/\/www.electroluxprofessional.com\/fi\/wp-json\/wp\/v2\/pages\/16392"}],"wp:featuredmedia":[{"embeddable":true,"href":"https:\/\/www.electroluxprofessional.com\/fi\/wp-json\/wp\/v2\/media\/16369"}],"wp:attachment":[{"href":"https:\/\/www.electroluxprofessional.com\/fi\/wp-json\/wp\/v2\/media?parent=16395"}],"curies":[{"name":"wp","href":"https:\/\/api.w.org\/{rel}","templated":true}]}}