{"id":16392,"date":"2026-02-25T10:25:52","date_gmt":"2026-02-25T10:25:52","guid":{"rendered":"https:\/\/www.electroluxprofessional.com\/fi\/?page_id=16392"},"modified":"2026-04-24T14:53:03","modified_gmt":"2026-04-24T14:53:03","slug":"vastuullisuus-keskiossa","status":"publish","type":"page","link":"https:\/\/www.electroluxprofessional.com\/fi\/vastuullisuus-keskiossa\/","title":{"rendered":"Vastuullisuus keski\u00f6ss\u00e4"},"content":{"rendered":"<p>[vc_row full_width=&#8221;electroluxpro-full-width-no-padding&#8221; el_id=&#8221;banner&#8221; min_height=&#8221;500px&#8221;][vc_column][elx_hero_video text_position=&#8221;hero_video_text_align_left&#8221; width_box=&#8221;none&#8221; background_video_mp4=&#8221;https:\/\/www.electroluxprofessional.com\/fi\/wp-content\/uploads\/2026\/02\/Sustainability-video-electrolux-professional_HERO_ULTRA_2MB.mp4&#8243;][\/elx_hero_video][\/vc_column][\/vc_row][vc_row][vc_column][vc_empty_space height=&#8221;50px&#8221;][elx_heading font_container=&#8221;h1&#8243; font_size=&#8221;h2&#8243; text_color=&#8221;inherit&#8221; text_align=&#8221;text-center&#8221;]Vastuullisia ratkaisuja, jotka tuottavat asiakkaillemme pitk\u00e4aikaista lis\u00e4arvoa &#8211; ymp\u00e4ri maailmaa[\/elx_heading][vc_empty_space height=&#8221;20px&#8221;][vc_column_text]<\/p>\n<p style=\"text-align: center;\">Tavoitteemme on olla ammattikeitti\u00f6- ja pesula-alojen edell\u00e4k\u00e4vij\u00e4 innovaatioillamme &#8211; vastuullisuus keski\u00f6ss\u00e4, asiakkaidemme tarpeisiin vastaten.<\/p>\n<p>[\/vc_column_text][vc_empty_space height=&#8221;50px&#8221;][\/vc_column][\/vc_row][vc_row content_placement=&#8221;middle&#8221; css=&#8221;.vc_custom_1758178561518{background-color: #F6F6F6 !important;}&#8221;][vc_column][vc_empty_space height=&#8221;40px&#8221;][\/vc_column][\/vc_row][vc_row equal_height=&#8221;yes&#8221; content_placement=&#8221;middle&#8221; css=&#8221;.vc_custom_1759215775499{background-color: #F6F6F6 !important;}&#8221;][vc_column el_class=&#8221;align-vertical-center&#8221;][elx_heading text_color=&#8221;inherit&#8221;]Vastuullisuusjohtaja \u2013 tulevaisuudenkin tarpeita huomioiden[\/elx_heading][vc_empty_space][\/vc_column][\/vc_row][vc_row content_placement=&#8221;middle&#8221; css=&#8221;.vc_custom_1758178561518{background-color: #F6F6F6 !important;}&#8221;][vc_column][vc_empty_space height=&#8221;40px&#8221;][\/vc_column][\/vc_row][vc_row equal_height=&#8221;yes&#8221; content_placement=&#8221;middle&#8221; css=&#8221;.vc_custom_1759215775499{background-color: #F6F6F6 !important;}&#8221;][vc_column width=&#8221;2\/3&#8243;][vc_column_text css=&#8221;.vc_custom_1773691193175{background-color: #f6f6f6 !important;}&#8221;]Vastuullisuus on juurtunut toimintaamme ja kulttuuriimme. Tavoitteenamme on vaikuttaa my\u00f6nteisesti ammattikeitti\u00f6- ja pesula-aloihin auttamalla yrityksi\u00e4 toimimaan tehokkaammin, kannattavammin ja turvallisemmin &#8211;\u00a0 ja v\u00e4hent\u00e4m\u00e4\u00e4n samalla energian, veden ja pesuaineiden k\u00e4ytt\u00f6\u00e4.<\/p>\n<p>Strategiamme keskittyy ilmastoon, terveyteen, turvallisuuteen ja monimuotoisuuteen rakentuen kolmelle peruspilarille: vastuulliset ratkaisut, vastuullinen toiminta sek\u00e4 etiikka ja suhteet. Tavoitteenamme on olla ilmastoneutraali vuoteen 2030 menness\u00e4.<\/p>\n<p>Olemme ylpeit\u00e4 siit\u00e4, ett\u00e4 meid\u00e4t on tunnustettu alan vastuullisuusjohtajaksi. T\u00e4m\u00e4 tunnustus tuo mukanaan my\u00f6s vastuuta \u2013 kehitt\u00e4\u00e4ksemme toimintaamme edelleen ja voidaksemme huomioida tulevaisuudenkin tarpeet.[\/vc_column_text][vc_empty_space height=&#8221;20px&#8221;][vc_column_text]<strong><em>Alberto Zanata, Presidentti ja toimitusjohtaja<\/em><\/strong>[\/vc_column_text][\/vc_column][vc_column width=&#8221;1\/3&#8243;][vc_row_inner][vc_column_inner offset=&#8221;vc_hidden-lg vc_hidden-md vc_hidden-sm&#8221;][vc_empty_space][\/vc_column_inner][\/vc_row_inner][vc_empty_space height=&#8221;45px&#8221;][vc_single_image image=&#8221;16389&#8243; img_size=&#8221;full&#8221; alignment=&#8221;center&#8221;][\/vc_column][\/vc_row][vc_row content_placement=&#8221;middle&#8221; css=&#8221;.vc_custom_1758178561518{background-color: #F6F6F6 !important;}&#8221;][vc_column][vc_empty_space height=&#8221;40px&#8221;][\/vc_column][\/vc_row][vc_row][vc_column][vc_empty_space height=&#8221;50px&#8221;][\/vc_column][\/vc_row][vc_row][vc_column][elx_double_banner_sust tag_title=&#8221;h2&#8243; class_title=&#8221;h2&#8243; left_title=&#8221;Vastuulliset ammattikeitti\u00f6ratkaisut&#8221; left_image_media_library=&#8221;16413&#8243; right_title=&#8221;Vastuulliset ammattipesularatkaisut&#8221; right_image_media_library=&#8221;16415&#8243; left_link=&#8221;url:https%3A%2F%2Fwww.electroluxprofessional.com%2Ffi%2Fvastuulliset-ammattikeittioratkaisut%2F|title:Lue%20lis%C3%A4%C3%A4&#8243; right_link=&#8221;url:https%3A%2F%2Fwww.electroluxprofessional.com%2Ffi%2Fvastuulliset-ammattipesularatkaisut%2F|title:Lue%20lis%C3%A4%C3%A4&#8243;][\/vc_column][\/vc_row][vc_row][vc_column][vc_empty_space height=&#8221;50px&#8221;][\/vc_column][\/vc_row][vc_row content_placement=&#8221;middle&#8221; css=&#8221;.vc_custom_1758178561518{background-color: #F6F6F6 !important;}&#8221;][vc_column][vc_empty_space height=&#8221;40px&#8221;][\/vc_column][\/vc_row][vc_row content_placement=&#8221;middle&#8221; css=&#8221;.vc_custom_1758187212823{background-color: #F6F6F6 !important;}&#8221;][vc_column width=&#8221;3\/5&#8243;][vc_row_inner][vc_column_inner offset=&#8221;vc_hidden-sm vc_hidden-xs&#8221;][vc_empty_space][\/vc_column_inner][\/vc_row_inner][vc_column_text]<\/p>\n<h3>Electrolux Professional Groupille on my\u00f6nnetty Gold-tason vastuullisuusluokitus EcoVadiksen kest\u00e4v\u00e4n kehityksen arvioinnissa. Tunnustus sijoittaa meid\u00e4t 5% parhaimmistoon arvioitujen yli 130 000 yritysten joukossa, ollen upea osoitus sitoutumisestamme kest\u00e4viin liiketoimintatapoihin.<\/h3>\n<p>[\/vc_column_text][vc_row_inner][vc_column_inner offset=&#8221;vc_hidden-lg vc_hidden-md vc_hidden-sm&#8221;][vc_empty_space][\/vc_column_inner][\/vc_row_inner][\/vc_column][vc_column width=&#8221;2\/5&#8243;][vc_column_text css=&#8221;.vc_custom_1759216097926{background-color: #F6F6F6 !important;}&#8221;]<span style=\"color: #f6f6f6;\">.<\/span>[\/vc_column_text][vc_single_image image=&#8221;16390&#8243; img_size=&#8221;200&#215;200&#8243; alignment=&#8221;center&#8221;][\/vc_column][\/vc_row][vc_row content_placement=&#8221;middle&#8221; css=&#8221;.vc_custom_1758178561518{background-color: #F6F6F6 !important;}&#8221;][vc_column][vc_empty_space height=&#8221;40px&#8221;][\/vc_column][\/vc_row][vc_row][vc_column][vc_empty_space height=&#8221;50px&#8221;][\/vc_column][\/vc_row][vc_row css=&#8221;.vc_custom_1769764393796{background-image: url(https:\/\/eprdev.comunicazione21.com\/wp-content\/uploads\/2025\/09\/Screenshot-2025-09-25-115810.jpg?id=56214) !important;background-position: center !important;background-repeat: no-repeat !important;background-size: cover !important;}&#8221; el_class=&#8221;text-center&#8221;][vc_column][vc_empty_space height=&#8221;64px&#8221;][vc_row_inner][vc_column_inner][vc_column_text]<\/p>\n<p style=\"text-align: center;\"><span style=\"color: #ffffff;\">YMP\u00c4RIST\u00d6SAAVUTUKSIAMME T\u00c4H\u00c4N MENNESS\u00c4<\/span><\/p>\n<p>[\/vc_column_text][vc_empty_space][elx_heading text_color=&#8221;white&#8221; text_align=&#8221;text-center&#8221;]Vuonna 2024 olemme pystyneet tekem\u00e4\u00e4n merkitt\u00e4v\u00e4\u00e4 edistyst\u00e4 kaikilla osa\u2011alueilla vuodesta 2019 l\u00e4htien.[\/elx_heading][vc_empty_space][\/vc_column_inner][\/vc_row_inner][vc_row_inner][vc_column_inner width=&#8221;1\/3&#8243;][vc_column_text]<\/p>\n<p style=\"font-size: 83px; text-align: center;\"><span style=\"color: #ffffff;\"><strong>-70%<\/strong><\/span><\/p>\n<p>[\/vc_column_text][elx_heading font_container=&#8221;h3&#8243; font_size=&#8221;p&#8221; text_color=&#8221;white&#8221; text_align=&#8221;text-center&#8221;]CO2 scope 1&amp;2 -p\u00e4\u00e4st\u00f6t[\/elx_heading][vc_empty_space][\/vc_column_inner][vc_column_inner width=&#8221;1\/3&#8243;][vc_column_text]<\/p>\n<p style=\"font-size: 83px; text-align: center;\"><span style=\"color: #ffffff;\"><strong>92%<\/strong><\/span><\/p>\n<p>[\/vc_column_text][elx_heading font_container=&#8221;h3&#8243; font_size=&#8221;p&#8221; text_color=&#8221;white&#8221; text_align=&#8221;text-center&#8221;]Uusiutuva energia[\/elx_heading][vc_empty_space][\/vc_column_inner][vc_column_inner width=&#8221;1\/3&#8243;][vc_column_text]<\/p>\n<p style=\"font-size: 83px; text-align: center;\"><span style=\"color: #ffffff;\"><strong>-41%<\/strong><\/span><\/p>\n<p>[\/vc_column_text][elx_heading font_container=&#8221;h3&#8243; font_size=&#8221;p&#8221; text_color=&#8221;white&#8221; text_align=&#8221;text-center&#8221;]CO2 scope 3 -p\u00e4\u00e4st\u00f6t[\/elx_heading][vc_empty_space][\/vc_column_inner][\/vc_row_inner][vc_empty_space height=&#8221;70px&#8221;][elx_button button_text=&#8221;TUTUSTU SAAVUTUKSIIMME&#8221; button_style=&#8221;primary-white-bordered&#8221; button_link=&#8221;url:https%3A%2F%2Fwww.electroluxprofessional.com%2Ffi%2Fkestavat-ratkaisut%2Fkestavyysluokitukset-ja-sertifikaatit%2F|title:Kest%C3%A4vyysluokitukset%20ja%20sertifikaatit&#8221;][vc_empty_space height=&#8221;50px&#8221;][\/vc_column][\/vc_row][vc_row el_class=&#8221;text-center&#8221;][vc_column][vc_empty_space height=&#8221;55px&#8221;][\/vc_column][\/vc_row][vc_row][vc_column width=&#8221;1\/2&#8243;][vc_single_image image=&#8221;16369&#8243; img_size=&#8221;577&#215;540&#8243; alignment=&#8221;center&#8221;][vc_empty_space height=&#8221;20px&#8221;][elx_heading font_container=&#8221;h3&#8243; font_size=&#8221;h3&#8243; text_color=&#8221;inherit&#8221; text_align=&#8221;text-left&#8221;]Hyvi\u00e4 valintoja sinulle ja ymp\u00e4rist\u00f6lle[\/elx_heading][vc_empty_space height=&#8221;10px&#8221;][vc_column_text]Electrolux Professional auttaa l\u00f6yt\u00e4m\u00e4\u00e4n tien kest\u00e4v\u00e4\u00e4n tulevaisuuteen. Tarjoamme monenlaisia tehokkaita ja energiaa s\u00e4\u00e4st\u00e4vi\u00e4 ratkaisuita, joiden avulla voit vaikuttaa positiivisesti paitsi liiketoimintaasi, my\u00f6s yhteiseen elinymp\u00e4rist\u00f6\u00f6mme.[\/vc_column_text][vc_empty_space][\/vc_column][vc_column width=&#8221;1\/2&#8243;][vc_single_image image=&#8221;16391&#8243; img_size=&#8221;577&#215;540&#8243; alignment=&#8221;center&#8221;][vc_empty_space height=&#8221;20px&#8221;][elx_heading font_container=&#8221;h3&#8243; font_size=&#8221;h3&#8243; text_color=&#8221;inherit&#8221; text_align=&#8221;text-left&#8221;]Vastuullinen l\u00e4hestymistapa[\/elx_heading][vc_empty_space height=&#8221;10px&#8221;][vc_column_text]Missiomme on tehd\u00e4 asiakkaidemme ty\u00f6el\u00e4m\u00e4st\u00e4 helpompaa, kannattavampaa ja aidosti vastuullisempaa. Joka p\u00e4iv\u00e4. Vastuullisuus on keskeinen osa strategiaamme, kulttuuriamme ja toimintaamme. K\u00e4yt\u00e4mme kest\u00e4v\u00e4n kehityksen tavoitteita (SDG) kompassinamme. Pyrimme parantamaan p\u00e4ivitt\u00e4in vastuullisuutta asiakkaidemme prosesseissa ja arvoketjuissa.[\/vc_column_text][vc_empty_space][\/vc_column][\/vc_row][vc_row el_class=&#8221;text-center&#8221;][vc_column][vc_empty_space][elx_button button_text=&#8221;ETIIKKAMME&#8221; button_link=&#8221;url:https%3A%2F%2Fwww.electroluxprofessionalgroup.com%2Fen%2Fsustainability%2Four-ethics%2F|title:ETIIKKAMME|target:_blank&#8221;][vc_empty_space][\/vc_column][\/vc_row][vc_row custom_color_row=&#8221;bg-row-light-blue&#8221;][vc_column][elx_last_references title=&#8221;Referenssit&#8221; extra_class=&#8221;h4&#8243;][\/vc_column][\/vc_row][vc_row][vc_column][vc_empty_space height=&#8221;60px&#8221;][\/vc_column][\/vc_row]<\/p>\n","protected":false},"excerpt":{"rendered":"<p>[vc_row full_width=&#8221;electroluxpro-full-width-no-padding&#8221; el_id=&#8221;banner&#8221; min_height=&#8221;500px&#8221;][vc_column][elx_hero_video text_position=&#8221;hero_video_text_align_left&#8221; width_box=&#8221;none&#8221; background_video_mp4=&#8221;https:\/\/www.electroluxprofessional.com\/fi\/wp-content\/uploads\/2026\/02\/Sustainability-video-electrolux-professional_HERO_ULTRA_2MB.mp4&#8243;][\/elx_hero_video][\/vc_column][\/vc_row][vc_row][vc_column][vc_empty_space height=&#8221;50px&#8221;][elx_heading font_container=&#8221;h1&#8243; font_size=&#8221;h2&#8243; text_color=&#8221;inherit&#8221; text_align=&#8221;text-center&#8221;]Vastuullisia ratkaisuja, jotka tuottavat asiakkaillemme pitk\u00e4aikaista lis\u00e4arvoa &#8211; ymp\u00e4ri maailmaa[\/elx_heading][vc_empty_space height=&#8221;20px&#8221;][vc_column_text] Tavoitteemme on olla ammattikeitti\u00f6- ja pesula-alojen edell\u00e4k\u00e4vij\u00e4 innovaatioillamme &#8211; vastuullisuus keski\u00f6ss\u00e4, asiakkaidemme tarpeisiin vastaten. [\/vc_column_text][vc_empty_space height=&#8221;50px&#8221;][\/vc_column][\/vc_row][vc_row content_placement=&#8221;middle&#8221; css=&#8221;.vc_custom_1758178561518{background-color: #F6F6F6 !important;}&#8221;][vc_column][vc_empty_space height=&#8221;40px&#8221;][\/vc_column][\/vc_row][vc_row equal_height=&#8221;yes&#8221; content_placement=&#8221;middle&#8221; css=&#8221;.vc_custom_1759215775499{background-color: #F6F6F6 !important;}&#8221;][vc_column el_class=&#8221;align-vertical-center&#8221;][elx_heading text_color=&#8221;inherit&#8221;]Vastuullisuusjohtaja \u2013 tulevaisuudenkin tarpeita huomioiden[\/elx_heading][vc_empty_space][\/vc_column][\/vc_row][vc_row content_placement=&#8221;middle&#8221; [&hellip;]<\/p>\n","protected":false},"author":1,"featured_media":16369,"parent":0,"menu_order":0,"comment_status":"closed","ping_status":"closed","template":"","meta":{"footnotes":""},"class_list":["post-16392","page","type-page","status-publish","has-post-thumbnail","hentry"],"yoast_head":"<!-- This site is optimized with the Yoast SEO plugin v23.3 - https:\/\/yoast.com\/wordpress\/plugins\/seo\/ -->\n<title>Vastuullisuus keski\u00f6ss\u00e4 - Electrolux Professional Suomi<\/title>\n<meta name=\"description\" content=\"Tavoitteemme on olla ammattikeitti\u00f6- ja pesula-alojen edell\u00e4k\u00e4vij\u00e4 - asiakkaat ja vastuullisuus keski\u00f6ss\u00e4.\" \/>\n<meta name=\"robots\" content=\"index, follow, max-snippet:-1, max-image-preview:large, max-video-preview:-1\" \/>\n<link rel=\"canonical\" href=\"https:\/\/www.electroluxprofessional.com\/fi\/vastuullisuus-keskiossa\/\" \/>\n<meta property=\"og:locale\" content=\"fi_FI\" \/>\n<meta property=\"og:type\" content=\"article\" \/>\n<meta property=\"og:title\" content=\"Vastuullisuus keski\u00f6ss\u00e4 - Electrolux Professional Suomi\" \/>\n<meta property=\"og:description\" content=\"Tavoitteemme on olla ammattikeitti\u00f6- ja pesula-alojen edell\u00e4k\u00e4vij\u00e4 - asiakkaat ja vastuullisuus keski\u00f6ss\u00e4.\" \/>\n<meta property=\"og:url\" content=\"https:\/\/www.electroluxprofessional.com\/fi\/vastuullisuus-keskiossa\/\" \/>\n<meta property=\"og:site_name\" content=\"Electrolux Professional Suomi\" \/>\n<meta property=\"article:modified_time\" content=\"2026-04-24T14:53:03+00:00\" \/>\n<meta property=\"og:image\" content=\"https:\/\/www.electroluxprofessional.com\/fi\/wp-content\/uploads\/2026\/02\/A-sustainable-approach_1.jpeg\" \/>\n\t<meta property=\"og:image:width\" content=\"577\" \/>\n\t<meta property=\"og:image:height\" content=\"540\" \/>\n\t<meta property=\"og:image:type\" content=\"image\/jpeg\" \/>\n<meta name=\"twitter:card\" content=\"summary_large_image\" \/>\n<meta name=\"twitter:label1\" content=\"Arvioitu lukuaika\" \/>\n\t<meta name=\"twitter:data1\" content=\"4 minuuttia\" \/>\n<script type=\"application\/ld+json\" class=\"yoast-schema-graph\">{\"@context\":\"https:\/\/schema.org\",\"@graph\":[{\"@type\":\"WebPage\",\"@id\":\"https:\/\/www.electroluxprofessional.com\/fi\/vastuullisuus-keskiossa\/\",\"url\":\"https:\/\/www.electroluxprofessional.com\/fi\/vastuullisuus-keskiossa\/\",\"name\":\"Vastuullisuus keski\u00f6ss\u00e4 - Electrolux Professional Suomi\",\"isPartOf\":{\"@id\":\"https:\/\/www.electroluxprofessional.com\/fi\/#website\"},\"primaryImageOfPage\":{\"@id\":\"https:\/\/www.electroluxprofessional.com\/fi\/vastuullisuus-keskiossa\/#primaryimage\"},\"image\":{\"@id\":\"https:\/\/www.electroluxprofessional.com\/fi\/vastuullisuus-keskiossa\/#primaryimage\"},\"thumbnailUrl\":\"https:\/\/www.electroluxprofessional.com\/fi\/wp-content\/uploads\/2026\/02\/A-sustainable-approach_1.jpeg\",\"datePublished\":\"2026-02-25T10:25:52+00:00\",\"dateModified\":\"2026-04-24T14:53:03+00:00\",\"description\":\"Tavoitteemme on olla ammattikeitti\u00f6- ja pesula-alojen edell\u00e4k\u00e4vij\u00e4 - asiakkaat ja vastuullisuus keski\u00f6ss\u00e4.\",\"breadcrumb\":{\"@id\":\"https:\/\/www.electroluxprofessional.com\/fi\/vastuullisuus-keskiossa\/#breadcrumb\"},\"inLanguage\":\"fi\",\"potentialAction\":[{\"@type\":\"ReadAction\",\"target\":[\"https:\/\/www.electroluxprofessional.com\/fi\/vastuullisuus-keskiossa\/\"]}]},{\"@type\":\"ImageObject\",\"inLanguage\":\"fi\",\"@id\":\"https:\/\/www.electroluxprofessional.com\/fi\/vastuullisuus-keskiossa\/#primaryimage\",\"url\":\"https:\/\/www.electroluxprofessional.com\/fi\/wp-content\/uploads\/2026\/02\/A-sustainable-approach_1.jpeg\",\"contentUrl\":\"https:\/\/www.electroluxprofessional.com\/fi\/wp-content\/uploads\/2026\/02\/A-sustainable-approach_1.jpeg\",\"width\":577,\"height\":540},{\"@type\":\"BreadcrumbList\",\"@id\":\"https:\/\/www.electroluxprofessional.com\/fi\/vastuullisuus-keskiossa\/#breadcrumb\",\"itemListElement\":[{\"@type\":\"ListItem\",\"position\":1,\"name\":\"Home\",\"item\":\"https:\/\/www.electroluxprofessional.com\/fi\/\"},{\"@type\":\"ListItem\",\"position\":2,\"name\":\"Vastuullisuus keski\u00f6ss\u00e4\"}]},{\"@type\":\"WebSite\",\"@id\":\"https:\/\/www.electroluxprofessional.com\/fi\/#website\",\"url\":\"https:\/\/www.electroluxprofessional.com\/fi\/\",\"name\":\"Electrolux Professional Suomi\",\"description\":\"\",\"potentialAction\":[{\"@type\":\"SearchAction\",\"target\":{\"@type\":\"EntryPoint\",\"urlTemplate\":\"https:\/\/www.electroluxprofessional.com\/fi\/?src={search_term_string}\"},\"query-input\":\"required name=search_term_string\"}],\"inLanguage\":\"fi\"}]}<\/script>\n<!-- \/ Yoast SEO plugin. -->","yoast_head_json":{"title":"Vastuullisuus keski\u00f6ss\u00e4 - Electrolux Professional Suomi","description":"Tavoitteemme on olla ammattikeitti\u00f6- ja pesula-alojen edell\u00e4k\u00e4vij\u00e4 - asiakkaat ja vastuullisuus keski\u00f6ss\u00e4.","robots":{"index":"index","follow":"follow","max-snippet":"max-snippet:-1","max-image-preview":"max-image-preview:large","max-video-preview":"max-video-preview:-1"},"canonical":"https:\/\/www.electroluxprofessional.com\/fi\/vastuullisuus-keskiossa\/","og_locale":"fi_FI","og_type":"article","og_title":"Vastuullisuus keski\u00f6ss\u00e4 - Electrolux Professional Suomi","og_description":"Tavoitteemme on olla ammattikeitti\u00f6- ja pesula-alojen edell\u00e4k\u00e4vij\u00e4 - asiakkaat ja vastuullisuus keski\u00f6ss\u00e4.","og_url":"https:\/\/www.electroluxprofessional.com\/fi\/vastuullisuus-keskiossa\/","og_site_name":"Electrolux Professional Suomi","article_modified_time":"2026-04-24T14:53:03+00:00","og_image":[{"width":577,"height":540,"url":"https:\/\/www.electroluxprofessional.com\/fi\/wp-content\/uploads\/2026\/02\/A-sustainable-approach_1.jpeg","type":"image\/jpeg"}],"twitter_card":"summary_large_image","twitter_misc":{"Arvioitu lukuaika":"4 minuuttia"},"schema":{"@context":"https:\/\/schema.org","@graph":[{"@type":"WebPage","@id":"https:\/\/www.electroluxprofessional.com\/fi\/vastuullisuus-keskiossa\/","url":"https:\/\/www.electroluxprofessional.com\/fi\/vastuullisuus-keskiossa\/","name":"Vastuullisuus keski\u00f6ss\u00e4 - Electrolux Professional Suomi","isPartOf":{"@id":"https:\/\/www.electroluxprofessional.com\/fi\/#website"},"primaryImageOfPage":{"@id":"https:\/\/www.electroluxprofessional.com\/fi\/vastuullisuus-keskiossa\/#primaryimage"},"image":{"@id":"https:\/\/www.electroluxprofessional.com\/fi\/vastuullisuus-keskiossa\/#primaryimage"},"thumbnailUrl":"https:\/\/www.electroluxprofessional.com\/fi\/wp-content\/uploads\/2026\/02\/A-sustainable-approach_1.jpeg","datePublished":"2026-02-25T10:25:52+00:00","dateModified":"2026-04-24T14:53:03+00:00","description":"Tavoitteemme on olla ammattikeitti\u00f6- ja pesula-alojen edell\u00e4k\u00e4vij\u00e4 - asiakkaat ja vastuullisuus keski\u00f6ss\u00e4.","breadcrumb":{"@id":"https:\/\/www.electroluxprofessional.com\/fi\/vastuullisuus-keskiossa\/#breadcrumb"},"inLanguage":"fi","potentialAction":[{"@type":"ReadAction","target":["https:\/\/www.electroluxprofessional.com\/fi\/vastuullisuus-keskiossa\/"]}]},{"@type":"ImageObject","inLanguage":"fi","@id":"https:\/\/www.electroluxprofessional.com\/fi\/vastuullisuus-keskiossa\/#primaryimage","url":"https:\/\/www.electroluxprofessional.com\/fi\/wp-content\/uploads\/2026\/02\/A-sustainable-approach_1.jpeg","contentUrl":"https:\/\/www.electroluxprofessional.com\/fi\/wp-content\/uploads\/2026\/02\/A-sustainable-approach_1.jpeg","width":577,"height":540},{"@type":"BreadcrumbList","@id":"https:\/\/www.electroluxprofessional.com\/fi\/vastuullisuus-keskiossa\/#breadcrumb","itemListElement":[{"@type":"ListItem","position":1,"name":"Home","item":"https:\/\/www.electroluxprofessional.com\/fi\/"},{"@type":"ListItem","position":2,"name":"Vastuullisuus keski\u00f6ss\u00e4"}]},{"@type":"WebSite","@id":"https:\/\/www.electroluxprofessional.com\/fi\/#website","url":"https:\/\/www.electroluxprofessional.com\/fi\/","name":"Electrolux Professional Suomi","description":"","potentialAction":[{"@type":"SearchAction","target":{"@type":"EntryPoint","urlTemplate":"https:\/\/www.electroluxprofessional.com\/fi\/?src={search_term_string}"},"query-input":"required name=search_term_string"}],"inLanguage":"fi"}]}},"_links":{"self":[{"href":"https:\/\/www.electroluxprofessional.com\/fi\/wp-json\/wp\/v2\/pages\/16392"}],"collection":[{"href":"https:\/\/www.electroluxprofessional.com\/fi\/wp-json\/wp\/v2\/pages"}],"about":[{"href":"https:\/\/www.electroluxprofessional.com\/fi\/wp-json\/wp\/v2\/types\/page"}],"author":[{"embeddable":true,"href":"https:\/\/www.electroluxprofessional.com\/fi\/wp-json\/wp\/v2\/users\/1"}],"replies":[{"embeddable":true,"href":"https:\/\/www.electroluxprofessional.com\/fi\/wp-json\/wp\/v2\/comments?post=16392"}],"version-history":[{"count":28,"href":"https:\/\/www.electroluxprofessional.com\/fi\/wp-json\/wp\/v2\/pages\/16392\/revisions"}],"predecessor-version":[{"id":17007,"href":"https:\/\/www.electroluxprofessional.com\/fi\/wp-json\/wp\/v2\/pages\/16392\/revisions\/17007"}],"wp:featuredmedia":[{"embeddable":true,"href":"https:\/\/www.electroluxprofessional.com\/fi\/wp-json\/wp\/v2\/media\/16369"}],"wp:attachment":[{"href":"https:\/\/www.electroluxprofessional.com\/fi\/wp-json\/wp\/v2\/media?parent=16392"}],"curies":[{"name":"wp","href":"https:\/\/api.w.org\/{rel}","templated":true}]}}