{"id":16035,"date":"2026-01-20T14:05:10","date_gmt":"2026-01-20T14:05:10","guid":{"rendered":"https:\/\/www.electroluxprofessional.com\/fi\/?page_id=16035"},"modified":"2026-02-25T12:41:33","modified_gmt":"2026-02-25T12:41:33","slug":"e-xp-900-free-zone-induktioliedet","status":"publish","type":"page","link":"https:\/\/www.electroluxprofessional.com\/fi\/ammattikeittiolaitteet\/e-xp-900-free-zone-induktioliedet\/","title":{"rendered":"e-XP 900 Free-zone induktioliedet"},"content":{"rendered":"<p>[vc_row css=&#8221;.vc_custom_1765469176393{margin-top: 150px !important;}&#8221; el_id=&#8221;products-filter&#8221;][vc_column][elx_heading font_size=&#8221;h3&#8243; text_color=&#8221;inherit&#8221; text_align=&#8221;text-center&#8221;]e-XP 900 Free-zone induktioliedet.<br \/>\nTutustu tuotteisiin.[\/elx_heading]<div class=\"com21-product-filter-container 130\"><div class=\"\"><h4 class=\"text-center\">2 Tuotteet<\/h4><hr><\/div>\n                    <!-- PROD LIST -->\n                    <div class=\"product-list container\">\n                        <!--Hidden parameters-->\n                        <input type=\"hidden\" name=\"navigation_level_1\" id=\"navigation_level_1\" value=\"C\">\n                        <input type=\"hidden\" name=\"navigation_level_2\" id=\"navigation_level_2\" value=\"I\">\n                        <input type=\"hidden\" name=\"navigation_level_3\" id=\"navigation_level_3\" value=\"W\">\n                        <input type=\"hidden\" name=\"navigation_level_4\" id=\"navigation_level_4\" value=\"\">\n                        <input type=\"hidden\" name=\"filter_id\" id=\"filter_id\" value=\"130\">\n                        <input type=\"hidden\" name=\"navigation_language\" id=\"navigation_language\" value=\"5008\">\n                        <input type=\"hidden\" name=\"navigation_language_code\" id=\"navigation_language\" value=\"5008\">\n                        <input type=\"hidden\" name=\"page_id\" id=\"page_id\" value=\"16035\">\n                        <!--END Hidden parameters--><ul class=\"row\" ><li data-product-paged=\"\" class=\"anchor_tags_prod col-sm-6 col-md-3 wow fadeIn single-product-list 391666\"><div class=\"product-list-item\"><div class=\"product-content\"><a href=\"https:\/\/www.electroluxprofessional.com\/fi\/pd\/liesisarjat-ja-valmistuslaitteet\/e-xp-900\/free-zone-induktioliedet\/ravintolalaitteet-e-xp-900-free-zone-induktioliesi-400mm-391666\/\" target=\"_blank\" ><figure><img decoding=\"async\" src=\"https:\/\/tools.electroluxprofessional.com\/Mirror\/Doc\/PH_255x255%2FPH_391666_1_1_391666.jpg\" alt=\"Ravintolalaitteete-XP 900 Free-zone -induktioliesi 400mm\"\/><\/figure><div class=\"product-internal\"><div class=\"product-liv\">Free-zone -induktioliedet<\/div><h3 class=\"product-title\">Ravintolalaitteet<br>e-XP 900 Free-zone -induktioliesi 400mm<\/h3><div class=\"product-icons\"><div class=\"product-green\"><\/div><div class=\"product-cod\"><div class=\"hidden type_code\">0<\/div>COD <span class=\"product-code\" >391666<\/span><\/div><div class=\"product-fast\"><\/div>\n<\/div><div class=\"product-description-fast-green\"><\/div>\n<\/div><div class=\"product-actions\"><a href=\"https:\/\/www.electroluxprofessional.com\/fi\/pd\/liesisarjat-ja-valmistuslaitteet\/e-xp-900\/free-zone-induktioliedet\/ravintolalaitteet-e-xp-900-free-zone-induktioliesi-400mm-391666\/\" class=\"btn btn-primary-blue\">Lue lis\u00e4\u00e4<\/a><span class=\"compare-product\"><span class=\"compare-checkbox\"><span class=\"compare-checkbox-shape\"><input type=\"checkbox\" class=\"product-comparer\" id=\"prod_391666\"\/><label class=\"btn\" for=\"prod_391666\"><span class=\"label-bg\"><\/span>Vertaile<\/label><\/span><\/span><\/span><\/div><\/a><\/div><\/div><\/li><li data-product-paged=\"\" class=\"anchor_tags_prod col-sm-6 col-md-3 wow fadeIn single-product-list 391667\"><div class=\"product-list-item\"><div class=\"product-content\"><a href=\"https:\/\/www.electroluxprofessional.com\/fi\/pd\/liesisarjat-ja-valmistuslaitteet\/e-xp-900\/free-zone-induktioliedet\/ravintolalaitteet-e-xp-900-free-zone-induktioliesi-800mm-391667\/\" target=\"_blank\" ><figure><img decoding=\"async\" src=\"https:\/\/tools.electroluxprofessional.com\/Mirror\/Doc\/PH_255x255%2FPH_391667_1_1_391667.jpg\" alt=\"Ravintolalaitteete-XP 900 Free-zone -induktioliesi 800mm\"\/><\/figure><div class=\"product-internal\"><div class=\"product-liv\">Free-zone -induktioliedet<\/div><h3 class=\"product-title\">Ravintolalaitteet<br>e-XP 900 Free-zone -induktioliesi 800mm<\/h3><div class=\"product-icons\"><div class=\"product-green\"><\/div><div class=\"product-cod\"><div class=\"hidden type_code\">0<\/div>COD <span class=\"product-code\" >391667<\/span><\/div><div class=\"product-fast\"><\/div>\n<\/div><div class=\"product-description-fast-green\"><\/div>\n<\/div><div class=\"product-actions\"><a href=\"https:\/\/www.electroluxprofessional.com\/fi\/pd\/liesisarjat-ja-valmistuslaitteet\/e-xp-900\/free-zone-induktioliedet\/ravintolalaitteet-e-xp-900-free-zone-induktioliesi-800mm-391667\/\" class=\"btn btn-primary-blue\">Lue lis\u00e4\u00e4<\/a><span class=\"compare-product\"><span class=\"compare-checkbox\"><span class=\"compare-checkbox-shape\"><input type=\"checkbox\" class=\"product-comparer\" id=\"prod_391667\"\/><label class=\"btn\" for=\"prod_391667\"><span class=\"label-bg\"><\/span>Vertaile<\/label><\/span><\/span><\/span><\/div><\/a><\/div><\/div><\/li>\n                        <\/ul>\n                        <div class=\"text-center more-products\">\n                        <\/div>\n                    <\/div>\n                    <!-- END PRODUCT LIST -->\n                    <\/div>\n                    <!-- END PRODUCT LIST -->[\/vc_column][\/vc_row][vc_row el_id=&#8221;contact-us&#8221;][vc_column][elx_heading font_size=&#8221;h3&#8243; text_color=&#8221;inherit&#8221; text_align=&#8221;text-center&#8221;]Haluatko lis\u00e4tietoja e-XP Free-zone induktioliesist\u00e4? Ota meihin yhteytt\u00e4.[\/elx_heading][elx_o2000_contact_us s=&#8221;Request for information: e-XP Free-zone Induction&#8221; request_type=&#8221;&#8221; container=&#8221;elxcontactus1466429401&#8243; r=&#8221;I would like to find out more about solutions for e-XP Free-zone Induction, please get in touch with me.&#8221;][\/vc_column][\/vc_row]<\/p>\n","protected":false},"excerpt":{"rendered":"<p>[vc_row css=&#8221;.vc_custom_1765469176393{margin-top: 150px !important;}&#8221; el_id=&#8221;products-filter&#8221;][vc_column][elx_heading font_size=&#8221;h3&#8243; text_color=&#8221;inherit&#8221; text_align=&#8221;text-center&#8221;]e-XP 900 Free-zone induktioliedet. Tutustu tuotteisiin.[\/elx_heading][\/vc_column][\/vc_row][vc_row el_id=&#8221;contact-us&#8221;][vc_column][elx_heading font_size=&#8221;h3&#8243; text_color=&#8221;inherit&#8221; text_align=&#8221;text-center&#8221;]Haluatko lis\u00e4tietoja e-XP Free-zone induktioliesist\u00e4? Ota meihin yhteytt\u00e4.[\/elx_heading][elx_o2000_contact_us s=&#8221;Request for information: e-XP Free-zone Induction&#8221; request_type=&#8221;&#8221; container=&#8221;elxcontactus1466429401&#8243; r=&#8221;I would like to find out more about solutions for e-XP Free-zone Induction, please get in touch with me.&#8221;][\/vc_column][\/vc_row]<\/p>\n","protected":false},"author":1,"featured_media":0,"parent":2363,"menu_order":0,"comment_status":"closed","ping_status":"closed","template":"template-exp-ind.php","meta":{"footnotes":""},"class_list":["post-16035","page","type-page","status-publish","hentry"],"yoast_head":"<!-- This site is optimized with the Yoast SEO plugin v23.3 - https:\/\/yoast.com\/wordpress\/plugins\/seo\/ -->\n<title>e-XP 900 Free-zone induktioliedet - Electrolux Professional Suomi<\/title>\n<meta name=\"description\" content=\"e-XP 900 Free-zone induktioliedet: ruoanvalmistuksen \u00e4\u00e4rimm\u00e4ist\u00e4 joustavuutta ja helppoutta - huippuluokan energiatehokkuudella.\" \/>\n<meta name=\"robots\" content=\"index, follow, max-snippet:-1, max-image-preview:large, max-video-preview:-1\" \/>\n<link rel=\"canonical\" href=\"https:\/\/www.electroluxprofessional.com\/fi\/ammattikeittiolaitteet\/e-xp-900-free-zone-induktioliedet\/\" \/>\n<meta property=\"og:locale\" content=\"fi_FI\" \/>\n<meta property=\"og:type\" content=\"article\" \/>\n<meta property=\"og:title\" content=\"e-XP 900 Free-zone induktioliedet - Electrolux Professional Suomi\" \/>\n<meta property=\"og:description\" content=\"e-XP 900 Free-zone induktioliedet: ruoanvalmistuksen \u00e4\u00e4rimm\u00e4ist\u00e4 joustavuutta ja helppoutta - huippuluokan energiatehokkuudella.\" \/>\n<meta property=\"og:url\" content=\"https:\/\/www.electroluxprofessional.com\/fi\/ammattikeittiolaitteet\/e-xp-900-free-zone-induktioliedet\/\" \/>\n<meta property=\"og:site_name\" content=\"Electrolux Professional Suomi\" \/>\n<meta property=\"article:modified_time\" content=\"2026-02-25T12:41:33+00:00\" \/>\n<meta name=\"twitter:card\" content=\"summary_large_image\" \/>\n<meta name=\"twitter:label1\" content=\"Arvioitu lukuaika\" \/>\n\t<meta name=\"twitter:data1\" content=\"1 minuutti\" \/>\n<script type=\"application\/ld+json\" class=\"yoast-schema-graph\">{\"@context\":\"https:\/\/schema.org\",\"@graph\":[{\"@type\":\"WebPage\",\"@id\":\"https:\/\/www.electroluxprofessional.com\/fi\/ammattikeittiolaitteet\/e-xp-900-free-zone-induktioliedet\/\",\"url\":\"https:\/\/www.electroluxprofessional.com\/fi\/ammattikeittiolaitteet\/e-xp-900-free-zone-induktioliedet\/\",\"name\":\"e-XP 900 Free-zone induktioliedet - Electrolux Professional Suomi\",\"isPartOf\":{\"@id\":\"https:\/\/www.electroluxprofessional.com\/fi\/#website\"},\"datePublished\":\"2026-01-20T14:05:10+00:00\",\"dateModified\":\"2026-02-25T12:41:33+00:00\",\"description\":\"e-XP 900 Free-zone induktioliedet: ruoanvalmistuksen \u00e4\u00e4rimm\u00e4ist\u00e4 joustavuutta ja helppoutta - huippuluokan energiatehokkuudella.\",\"breadcrumb\":{\"@id\":\"https:\/\/www.electroluxprofessional.com\/fi\/ammattikeittiolaitteet\/e-xp-900-free-zone-induktioliedet\/#breadcrumb\"},\"inLanguage\":\"fi\",\"potentialAction\":[{\"@type\":\"ReadAction\",\"target\":[\"https:\/\/www.electroluxprofessional.com\/fi\/ammattikeittiolaitteet\/e-xp-900-free-zone-induktioliedet\/\"]}]},{\"@type\":\"BreadcrumbList\",\"@id\":\"https:\/\/www.electroluxprofessional.com\/fi\/ammattikeittiolaitteet\/e-xp-900-free-zone-induktioliedet\/#breadcrumb\",\"itemListElement\":[{\"@type\":\"ListItem\",\"position\":1,\"name\":\"Home\",\"item\":\"https:\/\/www.electroluxprofessional.com\/fi\/\"},{\"@type\":\"ListItem\",\"position\":2,\"name\":\"Ammattikeitti\u00f6laitteet\",\"item\":\"https:\/\/www.electroluxprofessional.com\/fi\/ammattikeittiolaitteet\/\"},{\"@type\":\"ListItem\",\"position\":3,\"name\":\"e-XP 900 Free-zone induktioliedet\"}]},{\"@type\":\"WebSite\",\"@id\":\"https:\/\/www.electroluxprofessional.com\/fi\/#website\",\"url\":\"https:\/\/www.electroluxprofessional.com\/fi\/\",\"name\":\"Electrolux Professional Suomi\",\"description\":\"\",\"potentialAction\":[{\"@type\":\"SearchAction\",\"target\":{\"@type\":\"EntryPoint\",\"urlTemplate\":\"https:\/\/www.electroluxprofessional.com\/fi\/?src={search_term_string}\"},\"query-input\":\"required name=search_term_string\"}],\"inLanguage\":\"fi\"}]}<\/script>\n<!-- \/ Yoast SEO plugin. -->","yoast_head_json":{"title":"e-XP 900 Free-zone induktioliedet - Electrolux Professional Suomi","description":"e-XP 900 Free-zone induktioliedet: ruoanvalmistuksen \u00e4\u00e4rimm\u00e4ist\u00e4 joustavuutta ja helppoutta - huippuluokan energiatehokkuudella.","robots":{"index":"index","follow":"follow","max-snippet":"max-snippet:-1","max-image-preview":"max-image-preview:large","max-video-preview":"max-video-preview:-1"},"canonical":"https:\/\/www.electroluxprofessional.com\/fi\/ammattikeittiolaitteet\/e-xp-900-free-zone-induktioliedet\/","og_locale":"fi_FI","og_type":"article","og_title":"e-XP 900 Free-zone induktioliedet - Electrolux Professional Suomi","og_description":"e-XP 900 Free-zone induktioliedet: ruoanvalmistuksen \u00e4\u00e4rimm\u00e4ist\u00e4 joustavuutta ja helppoutta - huippuluokan energiatehokkuudella.","og_url":"https:\/\/www.electroluxprofessional.com\/fi\/ammattikeittiolaitteet\/e-xp-900-free-zone-induktioliedet\/","og_site_name":"Electrolux Professional Suomi","article_modified_time":"2026-02-25T12:41:33+00:00","twitter_card":"summary_large_image","twitter_misc":{"Arvioitu lukuaika":"1 minuutti"},"schema":{"@context":"https:\/\/schema.org","@graph":[{"@type":"WebPage","@id":"https:\/\/www.electroluxprofessional.com\/fi\/ammattikeittiolaitteet\/e-xp-900-free-zone-induktioliedet\/","url":"https:\/\/www.electroluxprofessional.com\/fi\/ammattikeittiolaitteet\/e-xp-900-free-zone-induktioliedet\/","name":"e-XP 900 Free-zone induktioliedet - Electrolux Professional Suomi","isPartOf":{"@id":"https:\/\/www.electroluxprofessional.com\/fi\/#website"},"datePublished":"2026-01-20T14:05:10+00:00","dateModified":"2026-02-25T12:41:33+00:00","description":"e-XP 900 Free-zone induktioliedet: ruoanvalmistuksen \u00e4\u00e4rimm\u00e4ist\u00e4 joustavuutta ja helppoutta - huippuluokan energiatehokkuudella.","breadcrumb":{"@id":"https:\/\/www.electroluxprofessional.com\/fi\/ammattikeittiolaitteet\/e-xp-900-free-zone-induktioliedet\/#breadcrumb"},"inLanguage":"fi","potentialAction":[{"@type":"ReadAction","target":["https:\/\/www.electroluxprofessional.com\/fi\/ammattikeittiolaitteet\/e-xp-900-free-zone-induktioliedet\/"]}]},{"@type":"BreadcrumbList","@id":"https:\/\/www.electroluxprofessional.com\/fi\/ammattikeittiolaitteet\/e-xp-900-free-zone-induktioliedet\/#breadcrumb","itemListElement":[{"@type":"ListItem","position":1,"name":"Home","item":"https:\/\/www.electroluxprofessional.com\/fi\/"},{"@type":"ListItem","position":2,"name":"Ammattikeitti\u00f6laitteet","item":"https:\/\/www.electroluxprofessional.com\/fi\/ammattikeittiolaitteet\/"},{"@type":"ListItem","position":3,"name":"e-XP 900 Free-zone induktioliedet"}]},{"@type":"WebSite","@id":"https:\/\/www.electroluxprofessional.com\/fi\/#website","url":"https:\/\/www.electroluxprofessional.com\/fi\/","name":"Electrolux Professional Suomi","description":"","potentialAction":[{"@type":"SearchAction","target":{"@type":"EntryPoint","urlTemplate":"https:\/\/www.electroluxprofessional.com\/fi\/?src={search_term_string}"},"query-input":"required name=search_term_string"}],"inLanguage":"fi"}]}},"_links":{"self":[{"href":"https:\/\/www.electroluxprofessional.com\/fi\/wp-json\/wp\/v2\/pages\/16035"}],"collection":[{"href":"https:\/\/www.electroluxprofessional.com\/fi\/wp-json\/wp\/v2\/pages"}],"about":[{"href":"https:\/\/www.electroluxprofessional.com\/fi\/wp-json\/wp\/v2\/types\/page"}],"author":[{"embeddable":true,"href":"https:\/\/www.electroluxprofessional.com\/fi\/wp-json\/wp\/v2\/users\/1"}],"replies":[{"embeddable":true,"href":"https:\/\/www.electroluxprofessional.com\/fi\/wp-json\/wp\/v2\/comments?post=16035"}],"version-history":[{"count":19,"href":"https:\/\/www.electroluxprofessional.com\/fi\/wp-json\/wp\/v2\/pages\/16035\/revisions"}],"predecessor-version":[{"id":16438,"href":"https:\/\/www.electroluxprofessional.com\/fi\/wp-json\/wp\/v2\/pages\/16035\/revisions\/16438"}],"up":[{"embeddable":true,"href":"https:\/\/www.electroluxprofessional.com\/fi\/wp-json\/wp\/v2\/pages\/2363"}],"wp:attachment":[{"href":"https:\/\/www.electroluxprofessional.com\/fi\/wp-json\/wp\/v2\/media?parent=16035"}],"curies":[{"name":"wp","href":"https:\/\/api.w.org\/{rel}","templated":true}]}}