{"id":13940,"date":"2024-11-29T15:45:44","date_gmt":"2024-11-29T15:45:44","guid":{"rendered":"https:\/\/www.electroluxprofessional.com\/fi\/?page_id=13940"},"modified":"2025-11-05T14:31:02","modified_gmt":"2025-11-05T14:31:02","slug":"kahvilat-ja-baarit","status":"publish","type":"page","link":"https:\/\/www.electroluxprofessional.com\/fi\/your-business\/kahvilat-ja-baarit\/","title":{"rendered":"Kahvilat ja baarit"},"content":{"rendered":"<p>[vc_row full_width=&#8221;electroluxpro-full-width-no-padding&#8221; css=&#8221;.vc_custom_1663584595514{margin-top: -50px !important;}&#8221;][vc_column][elx_full_banner title=&#8221;Kahvilat ja baarit&#8221; background_image_media_library=&#8221;13938&#8243; background_image_media_library_mobile=&#8221;13939&#8243;][\/vc_column][\/vc_row][vc_row full_width=&#8221;electroluxpro-full-width-no-padding&#8221; disable_element=&#8221;yes&#8221;][vc_column][vc_single_image image=&#8221;13935&#8243; img_size=&#8221;2000&#215;350&#8243; alignment=&#8221;center&#8221;][\/vc_column][\/vc_row][vc_row disable_element=&#8221;yes&#8221;][vc_column width=&#8221;1\/4&#8243;][vc_single_image image=&#8221;13936&#8243; img_size=&#8221;110*110&#8243; alignment=&#8221;center&#8221;][\/vc_column][vc_column width=&#8221;3\/4&#8243;][vc_empty_space height=&#8221;15px&#8221;][elx_heading font_container=&#8221;h1&#8243; font_size=&#8221;h3&#8243; text_color=&#8221;bars&#8221; text_align=&#8221;text-left&#8221;]Baarit &amp; Kahvilat[\/elx_heading][\/vc_column][\/vc_row][vc_row][vc_column][vc_column_text]<\/p>\n<h1>Kahvilat &amp; baarit. Meilt\u00e4 l\u00f6yd\u00e4t t\u00e4ydelliset ratkaisut!<\/h1>\n<p>[\/vc_column_text][vc_empty_space][\/vc_column][\/vc_row][vc_row equal_height=&#8221;yes&#8221; content_placement=&#8221;middle&#8221; css=&#8221;.vc_custom_1517579733790{background-color: #f7f6f6 !important;}&#8221;][vc_column width=&#8221;1\/2&#8243;][elx_simple_link_block link=&#8221;url:https%3A%2F%2Fwww.electroluxprofessional.com%2Ffi%2Fammattikeittiolaitteet%2Fastianpesukoneet%2F|title:Glasswashers%20and%20undercounters%20e-flex&#8221; text_align=&#8221;text-left&#8221; text_color=&#8221;inherit&#8221; background_color=&#8221;inherit&#8221; background_hover_color=&#8221;darker-hover&#8221; extra_class=&#8221;&#8221; reveal_effect=&#8221;&#8221; reveal_duration=&#8221;&#8221; reveal_delay=&#8221;&#8221;][vc_single_image image=&#8221;13966&#8243; img_size=&#8221;555&#215;555&#8243; onclick=&#8221;custom_link&#8221; css=&#8221;.vc_custom_1733076699774{padding-top: 60px !important;}&#8221; link=&#8221;https:\/\/www.electroluxprofessional.com\/fi\/neoblue-touch-poydanalusastianpesukoneet\/&#8221;][elx_heading font_container=&#8221;h3&#8243; font_size=&#8221;h5&#8243; text_color=&#8221;electrolux-blue&#8221;]NeoBlue Touch p\u00f6yd\u00e4nalusastianpesukone[\/elx_heading][vc_column_text]<\/p>\n<ul>\n<li>T\u00e4ydelliset pesu- ja huuhtelutulokset<\/li>\n<li>Erinomainen hygienia<\/li>\n<li>Pitk\u00e4 k\u00e4ytt\u00f6ik\u00e4\n<p><strong><a href=\"https:\/\/www.electroluxprofessional.com\/fi\/neoblue-touch-poydanalusastianpesukoneet\/\">-&gt; NeoBlue Touch p\u00f6yd\u00e4nalusastianpesukone<\/a><\/strong><\/li>\n<\/ul>\n<p>[\/vc_column_text][\/elx_simple_link_block][\/vc_column][vc_column width=&#8221;1\/2&#8243;][elx_simple_link_block link=&#8221;url:https%3A%2F%2Fwww.electroluxprofessional.com%2Ffi%2Fammattikeittiolaitteet%2Fspeedelight-panini-grilli%2F|title:SpeeDelight%20high%20speed%20cooking&#8221; text_align=&#8221;text-left&#8221; text_color=&#8221;inherit&#8221; background_color=&#8221;inherit&#8221; background_hover_color=&#8221;darker-hover&#8221; extra_class=&#8221;&#8221; reveal_effect=&#8221;&#8221; reveal_duration=&#8221;&#8221; reveal_delay=&#8221;&#8221;][vc_single_image image=&#8221;13967&#8243; img_size=&#8221;full&#8221; onclick=&#8221;custom_link&#8221; css=&#8221;.vc_custom_1733076735411{padding-top: 60px !important;}&#8221; link=&#8221;https:\/\/www.electroluxprofessional.com\/fi\/ammattikeittiolaitteet\/speedelight-panini-grilli\/&#8221;][elx_heading font_container=&#8221;h3&#8243; font_size=&#8221;h5&#8243; text_color=&#8221;inherit&#8221;]SpeeDelight[\/elx_heading][vc_column_text]<\/p>\n<ul>\n<li>Tarjoa terveellisi\u00e4, herkullisia v\u00e4lipaloja nopeasti ja tehokkaasti<\/li>\n<li>Laatua joka tasolla\u00a0<strong>kolmen keittoj\u00e4rjestelm\u00e4n<\/strong> ansiosta<\/li>\n<li>Kansi nousee automaattisesti, kun v\u00e4lipala on valmis<\/li>\n<\/ul>\n<p><strong>-&gt; SpeeDelight paninigrilli<\/strong>[\/vc_column_text][\/elx_simple_link_block][\/vc_column][\/vc_row][vc_row css=&#8221;.vc_custom_1480591577587{background-color: #f7f6f6 !important;}&#8221;][vc_column][vc_empty_space][\/vc_column][\/vc_row][vc_row equal_height=&#8221;yes&#8221; content_placement=&#8221;middle&#8221; css=&#8221;.vc_custom_1517579733790{background-color: #f7f6f6 !important;}&#8221;][vc_column width=&#8221;1\/3&#8243;][elx_simple_block text_align=&#8221;text-center&#8221; background_color=&#8221;inherit&#8221;][elx_heading text_color=&#8221;electrolux-blue&#8221;]Ketjuliikkeet[\/elx_heading][vc_column_text]<\/p>\n<p style=\"text-align: center;\">Miten voimme erottua?<\/p>\n<p>[\/vc_column_text][elx_button button_text=&#8221;Lue lis\u00e4\u00e4&#8221; button_style=&#8221;default&#8221; button_link=&#8221;url:https%3A%2F%2Fwww.electroluxprofessional.com%2Ffi%2F%2Fyour-business%2Frestaurant-chains%2F|||&#8221;][\/elx_simple_block][\/vc_column][vc_column width=&#8221;1\/3&#8243;][vc_single_image image=&#8221;1674&#8243; img_size=&#8221;400*400&#8243;][\/vc_column][vc_column width=&#8221;1\/3&#8243;][vc_single_image image=&#8221;13937&#8243; img_size=&#8221;full&#8221;][\/vc_column][\/vc_row][vc_row css=&#8221;.vc_custom_1480591577587{background-color: #f7f6f6 !important;}&#8221;][vc_column][vc_empty_space][\/vc_column][\/vc_row][vc_row][vc_column][elx_heading font_container=&#8221;h3&#8243; font_size=&#8221;h5&#8243; text_color=&#8221;inherit&#8221; text_align=&#8221;text-center&#8221;]Kahvilat ja baarit.<br \/>\nHaluatko lis\u00e4tietoja?<br \/>\nOta meihin yhteytt\u00e4.[\/elx_heading][elx_o2000_contact_us s=&#8221;Lis\u00e4tietopyynt\u00f6si: Baarit &amp; Kahvilat&#8221; container=&#8221;elxcontactus1469457379&#8243; r=&#8221;Haluaisin saada lis\u00e4tietoja ratkaisuista baareille &amp; kahviloille.&#8221; l=&#8221;en&#8221;][vc_empty_space height=&#8221;50px&#8221;][\/vc_column][\/vc_row]<\/p>\n","protected":false},"excerpt":{"rendered":"<p>[vc_row full_width=&#8221;electroluxpro-full-width-no-padding&#8221; css=&#8221;.vc_custom_1663584595514{margin-top: -50px !important;}&#8221;][vc_column][elx_full_banner title=&#8221;Kahvilat ja baarit&#8221; background_image_media_library=&#8221;13938&#8243; background_image_media_library_mobile=&#8221;13939&#8243;][\/vc_column][\/vc_row][vc_row full_width=&#8221;electroluxpro-full-width-no-padding&#8221; disable_element=&#8221;yes&#8221;][vc_column][vc_single_image image=&#8221;13935&#8243; img_size=&#8221;2000&#215;350&#8243; alignment=&#8221;center&#8221;][\/vc_column][\/vc_row][vc_row disable_element=&#8221;yes&#8221;][vc_column width=&#8221;1\/4&#8243;][vc_single_image image=&#8221;13936&#8243; img_size=&#8221;110*110&#8243; alignment=&#8221;center&#8221;][\/vc_column][vc_column width=&#8221;3\/4&#8243;][vc_empty_space height=&#8221;15px&#8221;][elx_heading font_container=&#8221;h1&#8243; font_size=&#8221;h3&#8243; text_color=&#8221;bars&#8221; text_align=&#8221;text-left&#8221;]Baarit &amp; Kahvilat[\/elx_heading][\/vc_column][\/vc_row][vc_row][vc_column][vc_column_text] Kahvilat &amp; baarit. Meilt\u00e4 l\u00f6yd\u00e4t t\u00e4ydelliset ratkaisut! [\/vc_column_text][vc_empty_space][\/vc_column][\/vc_row][vc_row equal_height=&#8221;yes&#8221; content_placement=&#8221;middle&#8221; css=&#8221;.vc_custom_1517579733790{background-color: #f7f6f6 !important;}&#8221;][vc_column width=&#8221;1\/2&#8243;][elx_simple_link_block link=&#8221;url:https%3A%2F%2Fwww.electroluxprofessional.com%2Ffi%2Fammattikeittiolaitteet%2Fastianpesukoneet%2F|title:Glasswashers%20and%20undercounters%20e-flex&#8221; text_align=&#8221;text-left&#8221; text_color=&#8221;inherit&#8221; background_color=&#8221;inherit&#8221; background_hover_color=&#8221;darker-hover&#8221; extra_class=&#8221;&#8221; reveal_effect=&#8221;&#8221; reveal_duration=&#8221;&#8221; reveal_delay=&#8221;&#8221;][vc_single_image image=&#8221;13966&#8243; img_size=&#8221;555&#215;555&#8243; onclick=&#8221;custom_link&#8221; css=&#8221;.vc_custom_1733076699774{padding-top: [&hellip;]<\/p>\n","protected":false},"author":1,"featured_media":1379,"parent":3379,"menu_order":0,"comment_status":"closed","ping_status":"closed","template":"","meta":{"footnotes":""},"class_list":["post-13940","page","type-page","status-publish","has-post-thumbnail","hentry"],"yoast_head":"<!-- This site is optimized with the Yoast SEO plugin v23.3 - https:\/\/yoast.com\/wordpress\/plugins\/seo\/ -->\n<title>Kahvilat ja baarit - Electrolux Professional Suomi<\/title>\n<meta name=\"description\" content=\"Meilt\u00e4 l\u00f6yd\u00e4t monipuolisen valikoiman laitteita ja ratkaisuita kahvilaasi ja baariisi. Lue lis\u00e4\u00e4! Kahvilat ja baarit.\" \/>\n<meta name=\"robots\" content=\"index, follow, max-snippet:-1, max-image-preview:large, max-video-preview:-1\" \/>\n<link rel=\"canonical\" href=\"https:\/\/www.electroluxprofessional.com\/fi\/your-business\/kahvilat-ja-baarit\/\" \/>\n<meta property=\"og:locale\" content=\"fi_FI\" \/>\n<meta property=\"og:type\" content=\"article\" \/>\n<meta property=\"og:title\" content=\"Kahvilat ja baarit - Electrolux Professional Suomi\" \/>\n<meta property=\"og:description\" content=\"Meilt\u00e4 l\u00f6yd\u00e4t monipuolisen valikoiman laitteita ja ratkaisuita kahvilaasi ja baariisi. Lue lis\u00e4\u00e4! Kahvilat ja baarit.\" \/>\n<meta property=\"og:url\" content=\"https:\/\/www.electroluxprofessional.com\/fi\/your-business\/kahvilat-ja-baarit\/\" \/>\n<meta property=\"og:site_name\" content=\"Electrolux Professional Suomi\" \/>\n<meta property=\"article:modified_time\" content=\"2025-11-05T14:31:02+00:00\" \/>\n<meta property=\"og:image\" content=\"https:\/\/www.electroluxprofessional.com\/fi\/wp-content\/uploads\/2016\/11\/bar-cafe.jpg\" \/>\n\t<meta property=\"og:image:width\" content=\"700\" \/>\n\t<meta property=\"og:image:height\" content=\"700\" \/>\n\t<meta property=\"og:image:type\" content=\"image\/jpeg\" \/>\n<meta name=\"twitter:card\" content=\"summary_large_image\" \/>\n<meta name=\"twitter:label1\" content=\"Arvioitu lukuaika\" \/>\n\t<meta name=\"twitter:data1\" content=\"2 minuuttia\" \/>\n<script type=\"application\/ld+json\" class=\"yoast-schema-graph\">{\"@context\":\"https:\/\/schema.org\",\"@graph\":[{\"@type\":\"WebPage\",\"@id\":\"https:\/\/www.electroluxprofessional.com\/fi\/your-business\/kahvilat-ja-baarit\/\",\"url\":\"https:\/\/www.electroluxprofessional.com\/fi\/your-business\/kahvilat-ja-baarit\/\",\"name\":\"Kahvilat ja baarit - Electrolux Professional Suomi\",\"isPartOf\":{\"@id\":\"https:\/\/www.electroluxprofessional.com\/fi\/#website\"},\"primaryImageOfPage\":{\"@id\":\"https:\/\/www.electroluxprofessional.com\/fi\/your-business\/kahvilat-ja-baarit\/#primaryimage\"},\"image\":{\"@id\":\"https:\/\/www.electroluxprofessional.com\/fi\/your-business\/kahvilat-ja-baarit\/#primaryimage\"},\"thumbnailUrl\":\"https:\/\/www.electroluxprofessional.com\/fi\/wp-content\/uploads\/2016\/11\/bar-cafe.jpg\",\"datePublished\":\"2024-11-29T15:45:44+00:00\",\"dateModified\":\"2025-11-05T14:31:02+00:00\",\"description\":\"Meilt\u00e4 l\u00f6yd\u00e4t monipuolisen valikoiman laitteita ja ratkaisuita kahvilaasi ja baariisi. Lue lis\u00e4\u00e4! Kahvilat ja baarit.\",\"breadcrumb\":{\"@id\":\"https:\/\/www.electroluxprofessional.com\/fi\/your-business\/kahvilat-ja-baarit\/#breadcrumb\"},\"inLanguage\":\"fi\",\"potentialAction\":[{\"@type\":\"ReadAction\",\"target\":[\"https:\/\/www.electroluxprofessional.com\/fi\/your-business\/kahvilat-ja-baarit\/\"]}]},{\"@type\":\"ImageObject\",\"inLanguage\":\"fi\",\"@id\":\"https:\/\/www.electroluxprofessional.com\/fi\/your-business\/kahvilat-ja-baarit\/#primaryimage\",\"url\":\"https:\/\/www.electroluxprofessional.com\/fi\/wp-content\/uploads\/2016\/11\/bar-cafe.jpg\",\"contentUrl\":\"https:\/\/www.electroluxprofessional.com\/fi\/wp-content\/uploads\/2016\/11\/bar-cafe.jpg\",\"width\":700,\"height\":700,\"caption\":\"Bars &amp; Caf\u00e9s\"},{\"@type\":\"BreadcrumbList\",\"@id\":\"https:\/\/www.electroluxprofessional.com\/fi\/your-business\/kahvilat-ja-baarit\/#breadcrumb\",\"itemListElement\":[{\"@type\":\"ListItem\",\"position\":1,\"name\":\"Home\",\"item\":\"https:\/\/www.electroluxprofessional.com\/fi\/\"},{\"@type\":\"ListItem\",\"position\":2,\"name\":\"Your Business\",\"item\":\"https:\/\/www.electroluxprofessional.com\/fi\/your-business\/\"},{\"@type\":\"ListItem\",\"position\":3,\"name\":\"Kahvilat ja baarit\"}]},{\"@type\":\"WebSite\",\"@id\":\"https:\/\/www.electroluxprofessional.com\/fi\/#website\",\"url\":\"https:\/\/www.electroluxprofessional.com\/fi\/\",\"name\":\"Electrolux Professional Suomi\",\"description\":\"\",\"potentialAction\":[{\"@type\":\"SearchAction\",\"target\":{\"@type\":\"EntryPoint\",\"urlTemplate\":\"https:\/\/www.electroluxprofessional.com\/fi\/?src={search_term_string}\"},\"query-input\":\"required name=search_term_string\"}],\"inLanguage\":\"fi\"}]}<\/script>\n<!-- \/ Yoast SEO plugin. -->","yoast_head_json":{"title":"Kahvilat ja baarit - Electrolux Professional Suomi","description":"Meilt\u00e4 l\u00f6yd\u00e4t monipuolisen valikoiman laitteita ja ratkaisuita kahvilaasi ja baariisi. Lue lis\u00e4\u00e4! Kahvilat ja baarit.","robots":{"index":"index","follow":"follow","max-snippet":"max-snippet:-1","max-image-preview":"max-image-preview:large","max-video-preview":"max-video-preview:-1"},"canonical":"https:\/\/www.electroluxprofessional.com\/fi\/your-business\/kahvilat-ja-baarit\/","og_locale":"fi_FI","og_type":"article","og_title":"Kahvilat ja baarit - Electrolux Professional Suomi","og_description":"Meilt\u00e4 l\u00f6yd\u00e4t monipuolisen valikoiman laitteita ja ratkaisuita kahvilaasi ja baariisi. Lue lis\u00e4\u00e4! Kahvilat ja baarit.","og_url":"https:\/\/www.electroluxprofessional.com\/fi\/your-business\/kahvilat-ja-baarit\/","og_site_name":"Electrolux Professional Suomi","article_modified_time":"2025-11-05T14:31:02+00:00","og_image":[{"width":700,"height":700,"url":"https:\/\/www.electroluxprofessional.com\/fi\/wp-content\/uploads\/2016\/11\/bar-cafe.jpg","type":"image\/jpeg"}],"twitter_card":"summary_large_image","twitter_misc":{"Arvioitu lukuaika":"2 minuuttia"},"schema":{"@context":"https:\/\/schema.org","@graph":[{"@type":"WebPage","@id":"https:\/\/www.electroluxprofessional.com\/fi\/your-business\/kahvilat-ja-baarit\/","url":"https:\/\/www.electroluxprofessional.com\/fi\/your-business\/kahvilat-ja-baarit\/","name":"Kahvilat ja baarit - Electrolux Professional Suomi","isPartOf":{"@id":"https:\/\/www.electroluxprofessional.com\/fi\/#website"},"primaryImageOfPage":{"@id":"https:\/\/www.electroluxprofessional.com\/fi\/your-business\/kahvilat-ja-baarit\/#primaryimage"},"image":{"@id":"https:\/\/www.electroluxprofessional.com\/fi\/your-business\/kahvilat-ja-baarit\/#primaryimage"},"thumbnailUrl":"https:\/\/www.electroluxprofessional.com\/fi\/wp-content\/uploads\/2016\/11\/bar-cafe.jpg","datePublished":"2024-11-29T15:45:44+00:00","dateModified":"2025-11-05T14:31:02+00:00","description":"Meilt\u00e4 l\u00f6yd\u00e4t monipuolisen valikoiman laitteita ja ratkaisuita kahvilaasi ja baariisi. Lue lis\u00e4\u00e4! Kahvilat ja baarit.","breadcrumb":{"@id":"https:\/\/www.electroluxprofessional.com\/fi\/your-business\/kahvilat-ja-baarit\/#breadcrumb"},"inLanguage":"fi","potentialAction":[{"@type":"ReadAction","target":["https:\/\/www.electroluxprofessional.com\/fi\/your-business\/kahvilat-ja-baarit\/"]}]},{"@type":"ImageObject","inLanguage":"fi","@id":"https:\/\/www.electroluxprofessional.com\/fi\/your-business\/kahvilat-ja-baarit\/#primaryimage","url":"https:\/\/www.electroluxprofessional.com\/fi\/wp-content\/uploads\/2016\/11\/bar-cafe.jpg","contentUrl":"https:\/\/www.electroluxprofessional.com\/fi\/wp-content\/uploads\/2016\/11\/bar-cafe.jpg","width":700,"height":700,"caption":"Bars &amp; Caf\u00e9s"},{"@type":"BreadcrumbList","@id":"https:\/\/www.electroluxprofessional.com\/fi\/your-business\/kahvilat-ja-baarit\/#breadcrumb","itemListElement":[{"@type":"ListItem","position":1,"name":"Home","item":"https:\/\/www.electroluxprofessional.com\/fi\/"},{"@type":"ListItem","position":2,"name":"Your Business","item":"https:\/\/www.electroluxprofessional.com\/fi\/your-business\/"},{"@type":"ListItem","position":3,"name":"Kahvilat ja baarit"}]},{"@type":"WebSite","@id":"https:\/\/www.electroluxprofessional.com\/fi\/#website","url":"https:\/\/www.electroluxprofessional.com\/fi\/","name":"Electrolux Professional Suomi","description":"","potentialAction":[{"@type":"SearchAction","target":{"@type":"EntryPoint","urlTemplate":"https:\/\/www.electroluxprofessional.com\/fi\/?src={search_term_string}"},"query-input":"required name=search_term_string"}],"inLanguage":"fi"}]}},"_links":{"self":[{"href":"https:\/\/www.electroluxprofessional.com\/fi\/wp-json\/wp\/v2\/pages\/13940"}],"collection":[{"href":"https:\/\/www.electroluxprofessional.com\/fi\/wp-json\/wp\/v2\/pages"}],"about":[{"href":"https:\/\/www.electroluxprofessional.com\/fi\/wp-json\/wp\/v2\/types\/page"}],"author":[{"embeddable":true,"href":"https:\/\/www.electroluxprofessional.com\/fi\/wp-json\/wp\/v2\/users\/1"}],"replies":[{"embeddable":true,"href":"https:\/\/www.electroluxprofessional.com\/fi\/wp-json\/wp\/v2\/comments?post=13940"}],"version-history":[{"count":9,"href":"https:\/\/www.electroluxprofessional.com\/fi\/wp-json\/wp\/v2\/pages\/13940\/revisions"}],"predecessor-version":[{"id":15655,"href":"https:\/\/www.electroluxprofessional.com\/fi\/wp-json\/wp\/v2\/pages\/13940\/revisions\/15655"}],"up":[{"embeddable":true,"href":"https:\/\/www.electroluxprofessional.com\/fi\/wp-json\/wp\/v2\/pages\/3379"}],"wp:featuredmedia":[{"embeddable":true,"href":"https:\/\/www.electroluxprofessional.com\/fi\/wp-json\/wp\/v2\/media\/1379"}],"wp:attachment":[{"href":"https:\/\/www.electroluxprofessional.com\/fi\/wp-json\/wp\/v2\/media?parent=13940"}],"curies":[{"name":"wp","href":"https:\/\/api.w.org\/{rel}","templated":true}]}}