{"id":13917,"date":"2024-11-29T15:34:45","date_gmt":"2024-11-29T15:34:45","guid":{"rendered":"https:\/\/www.electroluxprofessional.com\/fi\/?page_id=13917"},"modified":"2025-11-05T14:33:56","modified_gmt":"2025-11-05T14:33:56","slug":"elintarvikemyymalat","status":"publish","type":"page","link":"https:\/\/www.electroluxprofessional.com\/fi\/your-business\/elintarvikemyymalat\/","title":{"rendered":"Elintarvikemyym\u00e4l\u00e4t"},"content":{"rendered":"<p>[vc_row full_width=&#8221;electroluxpro-full-width-no-padding&#8221;][vc_column][elx_full_banner title=&#8221;Elintarvikemyym\u00e4l\u00e4t&#8221; set_as_h1=&#8221;true&#8221; link=&#8221;title:Download%20the%20brochure&#8221; background_image_media_library=&#8221;13907&#8243; background_image_media_library_mobile=&#8221;13916&#8243;][vc_empty_space][elx_heading text_color=&#8221;inherit&#8221; text_align=&#8221;text-center&#8221;]Ratkaisumme jokaiseen elintarvikemyym\u00e4l\u00e4\u00e4n<br \/>\n[\/elx_heading][vc_empty_space][\/vc_column][\/vc_row][vc_row][vc_column][elx_heading text_color=&#8221;inherit&#8221; text_align=&#8221;text-center&#8221;]Paistettuja iloja; tuoreita herkkuja koko p\u00e4iv\u00e4n![\/elx_heading][vc_column_text]<\/p>\n<p style=\"text-align: center;\">Standardoi leipien ja leivonnaisten korkea laatu ja paranna huomattavasti tuottavuuttasi viimeisimm\u00e4n sukupolven Electrolux Professionalin leivontalaitteiden- ja ratkaisuiden avulla.<\/p>\n<p>[\/vc_column_text][vc_empty_space][\/vc_column][\/vc_row][vc_row][vc_column width=&#8221;1\/2&#8243;][vc_single_image image=&#8221;13908&#8243; img_size=&#8221;full&#8221; alignment=&#8221;center&#8221;][\/vc_column][vc_column width=&#8221;1\/2&#8243;][elx_heading font_container=&#8221;h3&#8243; text_color=&#8221;inherit&#8221;]Leivo sit\u00e4, mit\u00e4 tarvitaan milloin tahansa[\/elx_heading][vc_column_text]<a href=\"https:\/\/www.electroluxprofessional.com\/fi\/ammattikeittiolaitteet\/skyline-yhdistelmauunit\/\">SkyLine<\/a> <strong>-uunin vaihtuvanopeuksisen tuulettimen<\/strong> avulla voit valmistaa erilaisia ruokia koko p\u00e4iv\u00e4n, kuten croissantteja aamulla ja leip\u00e4\u00e4 koko p\u00e4iv\u00e4n. Virheett\u00f6m\u00e4t, tasalaatuiset tulokset <strong>k\u00e4\u00e4nteentekev\u00e4n OptiFlow-kiertoj\u00e4rjestelm\u00e4n avulla, joka takaa yhten\u00e4isen<\/strong> <strong>l\u00e4mm\u00f6n<\/strong>jaon ja vakiol\u00e4mp\u00f6tilan.[\/vc_column_text][vc_empty_space height=&#8221;15px&#8221;][elx_heading font_container=&#8221;h3&#8243; text_color=&#8221;inherit&#8221;]VALMISTUSOHJE* TUOTTAVUUS[\/elx_heading][vc_column_text]<\/p>\n<table>\n<tbody>\n<tr>\n<td style=\"padding-right: 20px;\"><strong>Voileiv\u00e4t<\/strong><\/td>\n<td>Jopa 240 leip\u00e4\u00e4 alle 13 minuutissa<\/td>\n<\/tr>\n<tr>\n<td style=\"padding-right: 20px;\"><strong>Patongit<\/strong><\/td>\n<td>Jopa 80 patonkia 25 minuutissa<\/td>\n<\/tr>\n<tr>\n<td style=\"padding-right: 20px;\"><strong>Pikkuleiv\u00e4t<\/strong><\/td>\n<td>Jopa 384 pikkuleip\u00e4\u00e4 12 minuutissa<\/td>\n<\/tr>\n<tr>\n<td style=\"padding-right: 20px;\"><strong>Muffinsit<\/strong><\/td>\n<td>Jopa 640 muffinsia 14 minuutissa<\/td>\n<\/tr>\n<\/tbody>\n<\/table>\n<p>[\/vc_column_text][vc_single_image image=&#8221;13909&#8243; img_size=&#8221;full&#8221; alignment=&#8221;center&#8221; css=&#8221;.vc_custom_1644848975284{padding-top: 30px !important;}&#8221;][\/vc_column][\/vc_row][vc_row][vc_column][vc_empty_space height=&#8221;50px&#8221;][\/vc_column][\/vc_row][vc_row][vc_column][elx_heading text_color=&#8221;inherit&#8221; text_align=&#8221;text-center&#8221;]Tee herkkuosastostasi paikka, josta haetaan lounas[\/elx_heading][vc_column_text]<\/p>\n<p style=\"text-align: center;\">Laajenna ruokalistaa korkealaatuisilla, l\u00e4mpimill\u00e4 ruokalajeilla, joita voidaan kopioida samanlaisina koko ajan lis\u00e4\u00e4. Nopeasti ja helposti valmistettavat lihapullat, grillivihannekset, leivitetyt fileet, paistetut ruuat ja muut herkut, jotta asiakkaasi palaavat hakemaan lis\u00e4\u00e4<\/p>\n<p>[\/vc_column_text][vc_empty_space][\/vc_column][\/vc_row][vc_row][vc_column width=&#8221;1\/2&#8243;][vc_single_image image=&#8221;13910&#8243; img_size=&#8221;large&#8221; alignment=&#8221;center&#8221;][\/vc_column][vc_column width=&#8221;1\/2&#8243;][elx_heading font_container=&#8221;h3&#8243; text_color=&#8221;inherit&#8221;]Ei en\u00e4\u00e4 pysyvi\u00e4 hajuja kiitos hajunpoistoj\u00e4rjestelm\u00e4ll\u00e4<br \/>\nvarustetun kiertoilmakuvun avulla[\/elx_heading][vc_column_text]<strong>Ilmansuodattimet ja UVC-lamput s\u00e4ilytt\u00e4v\u00e4t keitti\u00f6n puhtaana ja desinfioituna<\/strong>, vaikka et saa yhteytt\u00e4 <a href=\"https:\/\/www.electroluxprofessional.com\/fi\/ammattikeittiolaitteet\/skyline-yhdistelmauunit\/\">uunin<\/a> keskitettyyn ilmanvaihtoj\u00e4rjestelm\u00e4\u00e4n. Kupua voidaan k\u00e4ytt\u00e4\u00e4 my\u00f6s sen ymp\u00e4rist\u00f6n ilmanpuhdistajana: hieno etu pienemmille tiloille.[\/vc_column_text][vc_single_image image=&#8221;13911&#8243; img_size=&#8221;full&#8221; alignment=&#8221;center&#8221; css=&#8221;.vc_custom_1644849324090{padding-top: 30px !important;}&#8221;][vc_empty_space height=&#8221;15px&#8221;][elx_heading font_container=&#8221;h3&#8243; text_color=&#8221;inherit&#8221;]VALMISTUSOHJE* TUOTTAVUUS[\/elx_heading][vc_column_text]<\/p>\n<table>\n<tbody>\n<tr>\n<td style=\"padding-right: 20px;\"><strong>Paahdettu kana<\/strong><\/td>\n<td>Jopa 384 paahdettua kanaa 35 minuutissa<\/td>\n<\/tr>\n<tr>\n<td style=\"padding-right: 20px;\"><strong>Paahdetut perunat<\/strong><\/td>\n<td>Jopa 500 paahdettua perunaa 40 minuutissa<\/td>\n<\/tr>\n<tr>\n<td style=\"padding-right: 20px;\"><strong>Sekafriteeraus<\/strong><\/td>\n<td>Jopa 300 sekafriteerausannosta 30 minuutissa<\/td>\n<\/tr>\n<\/tbody>\n<\/table>\n<p>[\/vc_column_text][\/vc_column][\/vc_row][vc_row][vc_column][vc_empty_space height=&#8221;50px&#8221;][\/vc_column][\/vc_row][vc_row][vc_column][elx_heading text_color=&#8221;inherit&#8221; text_align=&#8221;text-center&#8221;]Nosta tasoa tuoreen kalan ja sushin avulla[\/elx_heading][vc_column_text]<\/p>\n<p style=\"text-align: center;\">Maistuva, terveellinen kala on herkkua hyvin valmistettuna. Ja mik\u00e4 on moderni supermarketti<br \/>\nilman sushi-annosta? N\u00e4it\u00e4 molempia varten oikeat laitteet ovat ehdoton vaatimus.<\/p>\n<p>[\/vc_column_text][vc_empty_space][\/vc_column][\/vc_row][vc_row][vc_column width=&#8221;1\/2&#8243;][vc_single_image image=&#8221;13912&#8243; img_size=&#8221;large&#8221; alignment=&#8221;center&#8221;][\/vc_column][vc_column width=&#8221;1\/2&#8243;][elx_heading font_container=&#8221;h3&#8243; text_color=&#8221;inherit&#8221;]Erityisen Cycles+-toiminnon t\u00e4rkeys[\/elx_heading][vc_column_text]Valitse erityisesti suunniteltu Sushi and sashimi -toiminto kalakategoriasta ja <a href=\"https:\/\/www.electroluxprofessional.com\/fi\/ammattikeittiolaitteet\/tehojaahdytyslaitteet\/\"><strong>SkyLine ChillS<\/strong><\/a> tekee loput. Jotta varmistetaan, ett\u00e4 ruoassa ei ole anisakiaasia, sushi pikapakastetaan -20 \u00b0C l\u00e4mp\u00f6tilassa 24** tuntia ajan ennen sulatusta ja valmistelua valmiiksi tarjoiltavaksi.<\/p>\n<p style=\"font-size: 12px;\">** Euroopan komission s\u00e4\u00e4d\u00f6ksen 853\/2004 mukaan<\/p>\n<p>[\/vc_column_text][vc_single_image image=&#8221;13913&#8243; img_size=&#8221;full&#8221; alignment=&#8221;center&#8221; css=&#8221;.vc_custom_1644850049446{padding-top: 30px !important;}&#8221;][\/vc_column][\/vc_row][vc_row][vc_column][vc_empty_space height=&#8221;50px&#8221;][\/vc_column][\/vc_row][vc_row][vc_column][elx_heading text_color=&#8221;inherit&#8221; text_align=&#8221;text-center&#8221;]Kaupungin uusi pikaravintola[\/elx_heading][vc_column_text]<\/p>\n<p style=\"text-align: center;\">Varmemmin kuin koskaan <strong>takeaway on tullut j\u00e4\u00e4d\u00e4kseen<\/strong>. Houkuttele asiakkaitasi kutsuvilla annoksilla, jotka ovat valmiita sy\u00f6t\u00e4v\u00e4ksi<br \/>\nheti tai t\u00e4ydellisi\u00e4 viet\u00e4v\u00e4ksi toimistoon, puistoon tai kotiin rentouttavaa iltaa varten.<\/p>\n<p>[\/vc_column_text][vc_empty_space][\/vc_column][\/vc_row][vc_row][vc_column width=&#8221;1\/2&#8243;][vc_single_image image=&#8221;13914&#8243; img_size=&#8221;large&#8221; alignment=&#8221;center&#8221;][\/vc_column][vc_column width=&#8221;1\/2&#8243;][elx_heading font_container=&#8221;h3&#8243; text_color=&#8221;inherit&#8221;]S\u00e4ilytys &amp; uudistaminen[\/elx_heading][vc_column_text]Valmistele, s\u00e4ilyt\u00e4 ja uudista k\u00e4ytt\u00e4m\u00e4ll\u00e4 <a href=\"https:\/\/www.electroluxprofessional.com\/fi\/ammattikeittiolaitteet\/skyline-yhdistelmauunit\/\"><strong>SkyLine-uunien<\/strong><\/a> automaattisia erikoisohjelmia sek\u00e4 erityisi\u00e4 lis\u00e4varusteita, kuten l\u00e4mmitysalustoja. Ruoka voidaan uudistaa nopeasti ja sen kosteutta voidaan hallita niin, ett\u00e4 se voidaan asettaa lautaselle ja tarjoiltavaksi.[\/vc_column_text][vc_empty_space height=&#8221;15px&#8221;][elx_heading font_container=&#8221;h3&#8243; text_color=&#8221;inherit&#8221;]L\u00e4mpim\u00e4t houkutukset[\/elx_heading][vc_column_text]<strong>Rapea paniini, voileiv\u00e4t ja monet muut<\/strong>! <a href=\"https:\/\/www.electroluxprofessional.com\/fi\/ammattikeittiolaitteet\/speedelight-panini-grilli\/\"><strong>SpeeDelight<\/strong><\/a>-ratkaisun avulla voit l\u00e4mmitt\u00e4\u00e4 lasagnea, pastaa, vihanneksi atai j\u00e4lkiruokia ja tarjota ne t\u00e4ydellisin\u00e4 lyhyess\u00e4 ajassa.[\/vc_column_text][vc_single_image image=&#8221;13915&#8243; img_size=&#8221;full&#8221; alignment=&#8221;center&#8221; css=&#8221;.vc_custom_1644920763274{padding-top: 30px !important;}&#8221;][vc_empty_space height=&#8221;15px&#8221;][elx_heading font_container=&#8221;h3&#8243; text_color=&#8221;inherit&#8221;]VALMISTUSOHJE* TUOTTAVUUS[\/elx_heading][vc_column_text]<\/p>\n<table>\n<tbody>\n<tr>\n<td style=\"padding-right: 20px;\"><strong>Focaccia <\/strong><\/td>\n<td>Jopa 256 Focaccia-leip\u00e4\u00e4 alle 21 minuutissa<\/td>\n<\/tr>\n<tr>\n<td style=\"padding-right: 20px; min-width: 185px;\"><strong>Quiche\/Lorraine<\/strong><\/td>\n<td>Jopa 256 Quiche lorraine -piirasta alle 30 minuutissa<\/td>\n<\/tr>\n<tr>\n<td style=\"padding-right: 20px;\"><strong>Pizza<\/strong><\/td>\n<td>Jopa 256 pizzaa<\/td>\n<\/tr>\n<\/tbody>\n<\/table>\n<p>[\/vc_column_text][\/vc_column][\/vc_row][vc_row][vc_column][vc_empty_space height=&#8221;50px&#8221;][vc_column_text]<\/p>\n<p style=\"text-align: center;\">* Yll\u00e4 olevat tiedot perustuvat kokkiemme tekemiin valmistustesteihin arvioiden laitteiden maksimikapasiteetin.<br \/>\nTulokset voivat vaihdella k\u00e4ytetyn reseptin ja aineiden mukaan.<\/p>\n<p>[\/vc_column_text][vc_empty_space height=&#8221;50px&#8221;][elx_heading text_color=&#8221;inherit&#8221; text_align=&#8221;text-center&#8221;]Pyyd\u00e4 lis\u00e4tietoja t\u00e4ytt\u00e4m\u00e4ll\u00e4 alla oleva lomake[\/elx_heading][vc_empty_space height=&#8221;15px&#8221;][elx_o2000_contact_us][vc_empty_space height=&#8221;15px&#8221;][\/vc_column][\/vc_row]<\/p>\n","protected":false},"excerpt":{"rendered":"<p>[vc_row full_width=&#8221;electroluxpro-full-width-no-padding&#8221;][vc_column][elx_full_banner title=&#8221;Elintarvikemyym\u00e4l\u00e4t&#8221; set_as_h1=&#8221;true&#8221; link=&#8221;title:Download%20the%20brochure&#8221; background_image_media_library=&#8221;13907&#8243; background_image_media_library_mobile=&#8221;13916&#8243;][vc_empty_space][elx_heading text_color=&#8221;inherit&#8221; text_align=&#8221;text-center&#8221;]Ratkaisumme jokaiseen elintarvikemyym\u00e4l\u00e4\u00e4n [\/elx_heading][vc_empty_space][\/vc_column][\/vc_row][vc_row][vc_column][elx_heading text_color=&#8221;inherit&#8221; text_align=&#8221;text-center&#8221;]Paistettuja iloja; tuoreita herkkuja koko p\u00e4iv\u00e4n![\/elx_heading][vc_column_text] Standardoi leipien ja leivonnaisten korkea laatu ja paranna huomattavasti tuottavuuttasi viimeisimm\u00e4n sukupolven Electrolux Professionalin leivontalaitteiden- ja ratkaisuiden avulla. [\/vc_column_text][vc_empty_space][\/vc_column][\/vc_row][vc_row][vc_column width=&#8221;1\/2&#8243;][vc_single_image image=&#8221;13908&#8243; img_size=&#8221;full&#8221; alignment=&#8221;center&#8221;][\/vc_column][vc_column width=&#8221;1\/2&#8243;][elx_heading font_container=&#8221;h3&#8243; text_color=&#8221;inherit&#8221;]Leivo sit\u00e4, mit\u00e4 tarvitaan milloin tahansa[\/elx_heading][vc_column_text]SkyLine -uunin vaihtuvanopeuksisen tuulettimen avulla voit [&hellip;]<\/p>\n","protected":false},"author":1,"featured_media":13907,"parent":3379,"menu_order":0,"comment_status":"closed","ping_status":"closed","template":"","meta":{"footnotes":""},"class_list":["post-13917","page","type-page","status-publish","has-post-thumbnail","hentry"],"yoast_head":"<!-- This site is optimized with the Yoast SEO plugin v23.3 - https:\/\/yoast.com\/wordpress\/plugins\/seo\/ -->\n<title>Elintarvikemyym\u00e4l\u00e4t - Electrolux Professional Suomi<\/title>\n<meta name=\"description\" content=\"The solution for every supermarket prepared foods corner: baked delights, fresh all day. Make your deli the place to pick up lunch. Aim high with fresh fish and sushi. Create a new bistro bar in town.\" \/>\n<meta name=\"robots\" content=\"index, follow, max-snippet:-1, max-image-preview:large, max-video-preview:-1\" \/>\n<link rel=\"canonical\" href=\"https:\/\/www.electroluxprofessional.com\/fi\/your-business\/elintarvikemyymalat\/\" \/>\n<meta property=\"og:locale\" content=\"fi_FI\" \/>\n<meta property=\"og:type\" content=\"article\" \/>\n<meta property=\"og:title\" content=\"Elintarvikemyym\u00e4l\u00e4t - Electrolux Professional Suomi\" \/>\n<meta property=\"og:description\" content=\"The solution for every supermarket prepared foods corner: baked delights, fresh all day. Make your deli the place to pick up lunch. Aim high with fresh fish and sushi. Create a new bistro bar in town.\" \/>\n<meta property=\"og:url\" content=\"https:\/\/www.electroluxprofessional.com\/fi\/your-business\/elintarvikemyymalat\/\" \/>\n<meta property=\"og:site_name\" content=\"Electrolux Professional Suomi\" \/>\n<meta property=\"article:modified_time\" content=\"2025-11-05T14:33:56+00:00\" \/>\n<meta property=\"og:image\" content=\"https:\/\/www.electroluxprofessional.com\/fi\/wp-content\/uploads\/2024\/11\/retail_banner_desk.jpg\" \/>\n\t<meta property=\"og:image:width\" content=\"1920\" \/>\n\t<meta property=\"og:image:height\" content=\"582\" \/>\n\t<meta property=\"og:image:type\" content=\"image\/jpeg\" \/>\n<meta name=\"twitter:card\" content=\"summary_large_image\" \/>\n<meta name=\"twitter:label1\" content=\"Arvioitu lukuaika\" \/>\n\t<meta name=\"twitter:data1\" content=\"4 minuuttia\" \/>\n<script type=\"application\/ld+json\" class=\"yoast-schema-graph\">{\"@context\":\"https:\/\/schema.org\",\"@graph\":[{\"@type\":\"WebPage\",\"@id\":\"https:\/\/www.electroluxprofessional.com\/fi\/your-business\/elintarvikemyymalat\/\",\"url\":\"https:\/\/www.electroluxprofessional.com\/fi\/your-business\/elintarvikemyymalat\/\",\"name\":\"Elintarvikemyym\u00e4l\u00e4t - Electrolux Professional Suomi\",\"isPartOf\":{\"@id\":\"https:\/\/www.electroluxprofessional.com\/fi\/#website\"},\"primaryImageOfPage\":{\"@id\":\"https:\/\/www.electroluxprofessional.com\/fi\/your-business\/elintarvikemyymalat\/#primaryimage\"},\"image\":{\"@id\":\"https:\/\/www.electroluxprofessional.com\/fi\/your-business\/elintarvikemyymalat\/#primaryimage\"},\"thumbnailUrl\":\"https:\/\/www.electroluxprofessional.com\/fi\/wp-content\/uploads\/2024\/11\/retail_banner_desk.jpg\",\"datePublished\":\"2024-11-29T15:34:45+00:00\",\"dateModified\":\"2025-11-05T14:33:56+00:00\",\"description\":\"The solution for every supermarket prepared foods corner: baked delights, fresh all day. Make your deli the place to pick up lunch. Aim high with fresh fish and sushi. Create a new bistro bar in town.\",\"breadcrumb\":{\"@id\":\"https:\/\/www.electroluxprofessional.com\/fi\/your-business\/elintarvikemyymalat\/#breadcrumb\"},\"inLanguage\":\"fi\",\"potentialAction\":[{\"@type\":\"ReadAction\",\"target\":[\"https:\/\/www.electroluxprofessional.com\/fi\/your-business\/elintarvikemyymalat\/\"]}]},{\"@type\":\"ImageObject\",\"inLanguage\":\"fi\",\"@id\":\"https:\/\/www.electroluxprofessional.com\/fi\/your-business\/elintarvikemyymalat\/#primaryimage\",\"url\":\"https:\/\/www.electroluxprofessional.com\/fi\/wp-content\/uploads\/2024\/11\/retail_banner_desk.jpg\",\"contentUrl\":\"https:\/\/www.electroluxprofessional.com\/fi\/wp-content\/uploads\/2024\/11\/retail_banner_desk.jpg\",\"width\":1920,\"height\":582},{\"@type\":\"BreadcrumbList\",\"@id\":\"https:\/\/www.electroluxprofessional.com\/fi\/your-business\/elintarvikemyymalat\/#breadcrumb\",\"itemListElement\":[{\"@type\":\"ListItem\",\"position\":1,\"name\":\"Home\",\"item\":\"https:\/\/www.electroluxprofessional.com\/fi\/\"},{\"@type\":\"ListItem\",\"position\":2,\"name\":\"Your Business\",\"item\":\"https:\/\/www.electroluxprofessional.com\/fi\/your-business\/\"},{\"@type\":\"ListItem\",\"position\":3,\"name\":\"Elintarvikemyym\u00e4l\u00e4t\"}]},{\"@type\":\"WebSite\",\"@id\":\"https:\/\/www.electroluxprofessional.com\/fi\/#website\",\"url\":\"https:\/\/www.electroluxprofessional.com\/fi\/\",\"name\":\"Electrolux Professional Suomi\",\"description\":\"\",\"potentialAction\":[{\"@type\":\"SearchAction\",\"target\":{\"@type\":\"EntryPoint\",\"urlTemplate\":\"https:\/\/www.electroluxprofessional.com\/fi\/?src={search_term_string}\"},\"query-input\":\"required name=search_term_string\"}],\"inLanguage\":\"fi\"}]}<\/script>\n<!-- \/ Yoast SEO plugin. -->","yoast_head_json":{"title":"Elintarvikemyym\u00e4l\u00e4t - Electrolux Professional Suomi","description":"The solution for every supermarket prepared foods corner: baked delights, fresh all day. Make your deli the place to pick up lunch. Aim high with fresh fish and sushi. Create a new bistro bar in town.","robots":{"index":"index","follow":"follow","max-snippet":"max-snippet:-1","max-image-preview":"max-image-preview:large","max-video-preview":"max-video-preview:-1"},"canonical":"https:\/\/www.electroluxprofessional.com\/fi\/your-business\/elintarvikemyymalat\/","og_locale":"fi_FI","og_type":"article","og_title":"Elintarvikemyym\u00e4l\u00e4t - Electrolux Professional Suomi","og_description":"The solution for every supermarket prepared foods corner: baked delights, fresh all day. Make your deli the place to pick up lunch. Aim high with fresh fish and sushi. Create a new bistro bar in town.","og_url":"https:\/\/www.electroluxprofessional.com\/fi\/your-business\/elintarvikemyymalat\/","og_site_name":"Electrolux Professional Suomi","article_modified_time":"2025-11-05T14:33:56+00:00","og_image":[{"width":1920,"height":582,"url":"https:\/\/www.electroluxprofessional.com\/fi\/wp-content\/uploads\/2024\/11\/retail_banner_desk.jpg","type":"image\/jpeg"}],"twitter_card":"summary_large_image","twitter_misc":{"Arvioitu lukuaika":"4 minuuttia"},"schema":{"@context":"https:\/\/schema.org","@graph":[{"@type":"WebPage","@id":"https:\/\/www.electroluxprofessional.com\/fi\/your-business\/elintarvikemyymalat\/","url":"https:\/\/www.electroluxprofessional.com\/fi\/your-business\/elintarvikemyymalat\/","name":"Elintarvikemyym\u00e4l\u00e4t - Electrolux Professional Suomi","isPartOf":{"@id":"https:\/\/www.electroluxprofessional.com\/fi\/#website"},"primaryImageOfPage":{"@id":"https:\/\/www.electroluxprofessional.com\/fi\/your-business\/elintarvikemyymalat\/#primaryimage"},"image":{"@id":"https:\/\/www.electroluxprofessional.com\/fi\/your-business\/elintarvikemyymalat\/#primaryimage"},"thumbnailUrl":"https:\/\/www.electroluxprofessional.com\/fi\/wp-content\/uploads\/2024\/11\/retail_banner_desk.jpg","datePublished":"2024-11-29T15:34:45+00:00","dateModified":"2025-11-05T14:33:56+00:00","description":"The solution for every supermarket prepared foods corner: baked delights, fresh all day. Make your deli the place to pick up lunch. Aim high with fresh fish and sushi. Create a new bistro bar in town.","breadcrumb":{"@id":"https:\/\/www.electroluxprofessional.com\/fi\/your-business\/elintarvikemyymalat\/#breadcrumb"},"inLanguage":"fi","potentialAction":[{"@type":"ReadAction","target":["https:\/\/www.electroluxprofessional.com\/fi\/your-business\/elintarvikemyymalat\/"]}]},{"@type":"ImageObject","inLanguage":"fi","@id":"https:\/\/www.electroluxprofessional.com\/fi\/your-business\/elintarvikemyymalat\/#primaryimage","url":"https:\/\/www.electroluxprofessional.com\/fi\/wp-content\/uploads\/2024\/11\/retail_banner_desk.jpg","contentUrl":"https:\/\/www.electroluxprofessional.com\/fi\/wp-content\/uploads\/2024\/11\/retail_banner_desk.jpg","width":1920,"height":582},{"@type":"BreadcrumbList","@id":"https:\/\/www.electroluxprofessional.com\/fi\/your-business\/elintarvikemyymalat\/#breadcrumb","itemListElement":[{"@type":"ListItem","position":1,"name":"Home","item":"https:\/\/www.electroluxprofessional.com\/fi\/"},{"@type":"ListItem","position":2,"name":"Your Business","item":"https:\/\/www.electroluxprofessional.com\/fi\/your-business\/"},{"@type":"ListItem","position":3,"name":"Elintarvikemyym\u00e4l\u00e4t"}]},{"@type":"WebSite","@id":"https:\/\/www.electroluxprofessional.com\/fi\/#website","url":"https:\/\/www.electroluxprofessional.com\/fi\/","name":"Electrolux Professional Suomi","description":"","potentialAction":[{"@type":"SearchAction","target":{"@type":"EntryPoint","urlTemplate":"https:\/\/www.electroluxprofessional.com\/fi\/?src={search_term_string}"},"query-input":"required name=search_term_string"}],"inLanguage":"fi"}]}},"_links":{"self":[{"href":"https:\/\/www.electroluxprofessional.com\/fi\/wp-json\/wp\/v2\/pages\/13917"}],"collection":[{"href":"https:\/\/www.electroluxprofessional.com\/fi\/wp-json\/wp\/v2\/pages"}],"about":[{"href":"https:\/\/www.electroluxprofessional.com\/fi\/wp-json\/wp\/v2\/types\/page"}],"author":[{"embeddable":true,"href":"https:\/\/www.electroluxprofessional.com\/fi\/wp-json\/wp\/v2\/users\/1"}],"replies":[{"embeddable":true,"href":"https:\/\/www.electroluxprofessional.com\/fi\/wp-json\/wp\/v2\/comments?post=13917"}],"version-history":[{"count":11,"href":"https:\/\/www.electroluxprofessional.com\/fi\/wp-json\/wp\/v2\/pages\/13917\/revisions"}],"predecessor-version":[{"id":15665,"href":"https:\/\/www.electroluxprofessional.com\/fi\/wp-json\/wp\/v2\/pages\/13917\/revisions\/15665"}],"up":[{"embeddable":true,"href":"https:\/\/www.electroluxprofessional.com\/fi\/wp-json\/wp\/v2\/pages\/3379"}],"wp:featuredmedia":[{"embeddable":true,"href":"https:\/\/www.electroluxprofessional.com\/fi\/wp-json\/wp\/v2\/media\/13907"}],"wp:attachment":[{"href":"https:\/\/www.electroluxprofessional.com\/fi\/wp-json\/wp\/v2\/media?parent=13917"}],"curies":[{"name":"wp","href":"https:\/\/api.w.org\/{rel}","templated":true}]}}