{"id":13903,"date":"2024-11-29T14:54:58","date_gmt":"2024-11-29T14:54:58","guid":{"rendered":"https:\/\/www.electroluxprofessional.com\/fi\/?page_id=13903"},"modified":"2025-11-05T14:33:15","modified_gmt":"2025-11-05T14:33:15","slug":"vieraspesulat","status":"publish","type":"page","link":"https:\/\/www.electroluxprofessional.com\/fi\/your-business\/vieraspesulat\/","title":{"rendered":"Vieraspesulat"},"content":{"rendered":"<p>[vc_row full_width=&#8221;electroluxpro-full-width-no-padding&#8221; equal_height=&#8221;yes&#8221; css=&#8221;.vc_custom_1604054607517{margin-top: -30px !important;border-top-width: -30px !important;padding-top: -30px !important;}&#8221;][vc_column][elx_full_banner title=&#8221;Vieraspesulat&#8221; set_as_h1=&#8221;true&#8221; background_image_media_library=&#8221;13895&#8243; background_image_media_library_mobile=&#8221;13900&#8243;][\/vc_column][\/vc_row][vc_row][vc_column][vc_empty_space][elx_heading font_size=&#8221;h2&#8243; text_color=&#8221;inherit&#8221; text_align=&#8221;text-center&#8221;]Todellista rentoutumista[\/elx_heading][vc_empty_space][vc_column_text]<\/p>\n<p style=\"text-align: center; font-size: 22px;\">Vapaa-aika on arvokasta \u2013 lomalla olevat ihmiset haluavat rentoutua ja nauttia olostaan \u200b\u200btiet\u00e4en, ett\u00e4 he voivat tarvittaessa pest\u00e4 ja kuivata vaatteensa nopeasti. Auta vieraitasi nauttimaan t\u00e4ysin lomamatkastaan<br \/>\nElectrolux Professional -pesularatkaisuiden avulla.[\/vc_column_text][vc_empty_space][vc_row_inner][vc_column_inner width=&#8221;1\/2&#8243;][vc_column_text]<\/p>\n<ul>\n<li style=\"font-size: 20px;\">Leirint\u00e4alueet<\/li>\n<li style=\"font-size: 20px;\">Lev\u00e4hdysalueet<\/li>\n<\/ul>\n<p>[\/vc_column_text][\/vc_column_inner][vc_column_inner width=&#8221;1\/2&#8243;][vc_column_text]<\/p>\n<ul>\n<li style=\"font-size: 20px;\">Kuntoklubit<\/li>\n<\/ul>\n<ul>\n<li style=\"font-size: 20px;\">Urheilukeskukset<\/li>\n<\/ul>\n<p>[\/vc_column_text][\/vc_column_inner][\/vc_row_inner][vc_empty_space][\/vc_column][\/vc_row][vc_row full_width=&#8221;electroluxpro-full-width-no-padding&#8221;][vc_column][elx_hero_slider text_position=&#8221;hero_slider_text_align_right&#8221; text_color=&#8221;electrolux-blue&#8221; label_text_color=&#8221;electrolux-blue&#8221; images=&#8221;13896&#8243;][elx_heading font_container=&#8221;h4&#8243; font_size=&#8221;h4&#8243; text_color=&#8221;electrolux-blue&#8221; text_align=&#8221;text-left&#8221;]Tee vieraidesi oleskelusta mukavaa[\/elx_heading][vc_column_text]<\/p>\n<p style=\"font-size: 20px;\">Jos hoidat leirint\u00e4aluetta, loma-asuntoa, retkeilymajaa, huvivenesatamaa tai muuta vapaa-ajanviettopaikkaa, vieraasi pit\u00e4v\u00e4t siit\u00e4, ett\u00e4 he voivat pest\u00e4 vaatteitaan matkalla ollessaan. Tehokkaat ja kest\u00e4v\u00e4t pesukoneet s\u00e4\u00e4st\u00e4v\u00e4t rahaa ja vieraiden arvokasta aikaa.<\/p>\n<p>[\/vc_column_text][\/elx_hero_slider][vc_empty_space][\/vc_column][\/vc_row][vc_row full_width=&#8221;electroluxpro-container-no-padding&#8221;][vc_column][vc_empty_space][elx_heading font_size=&#8221;h2&#8243; text_color=&#8221;inherit&#8221; text_align=&#8221;text-center&#8221;]Tutustu itsepalvelupesularatkaisuihimme[\/elx_heading][vc_empty_space][elx_double_banner title_1=&#8221;Line 6000 -pesukoneet&#8221; text_1=&#8221;Uudet Line 6000 -ammattipesukoneet on suunniteltu k\u00e4ytt\u00e4m\u00e4\u00e4n mahdollisimman v\u00e4h\u00e4n vett\u00e4, energiaa ja pesuaineita. Ennen kaikkea ne on suunniteltu tuottamaan paras k\u00e4ytt\u00e4j\u00e4kokemus.&#8221; title_2=&#8221;Line 6000 -kuivausrummut&#8221; text_2=&#8221;Uudet Line 6000 -kuivausrummut ovat paljon edell\u00e4 muita kuivausrumpuja energias\u00e4\u00e4st\u00f6jen ja nopeuden suhteen. Sertifioidun ergonomisen suunnittelun ja ihmiskeskeisen l\u00e4hestymistavan ansiosta ne tarjoavat t\u00e4ysin vaivattoman kokemuksen.&#8221; background_image_media_library_1=&#8221;13901&#8243; background_image_media_library_mobile_1=&#8221;13901&#8243; background_image_media_library_2=&#8221;13902&#8243; background_image_media_library_mobile_2=&#8221;13902&#8243; link_1=&#8221;url:https%3A%2F%2Fwww.electroluxprofessional.com%2Ffi%2Fammattipesulalaitteet%2Fline-6000-pesukoneet%2F|title:Discover%20our%20washers&#8221; link_2=&#8221;url:https%3A%2F%2Fwww.electroluxprofessional.com%2Ffi%2Fammattipesulalaitteet%2Fline-6000-kuivausrummut%2F|title:Discover%20our%20dryers&#8221;][vc_empty_space][vc_row_inner][vc_column_inner][\/vc_column_inner][\/vc_row_inner][\/vc_column][\/vc_row][vc_row][vc_column][vc_empty_space][elx_heading text_color=&#8221;inherit&#8221; text_align=&#8221;text-center&#8221;]Pyykinpesu ei ole koskaan ollut n\u00e4in helppoa ja kannattavaa.[\/elx_heading][vc_empty_space][\/vc_column][\/vc_row][vc_row][vc_column width=&#8221;1\/2&#8243;][vc_empty_space][vc_hoverbox image=&#8221;7343&#8243; primary_title=&#8221;Easy to use&#8221; hover_title=&#8221;Helppok\u00e4ytt\u00f6isyytt\u00e4&#8221;]Viimeistely\u00e4 ergonomiaa eritt\u00e4in helppok\u00e4ytt\u00f6isell\u00e4 ja intuitiivisella k\u00e4ytt\u00f6liittym\u00e4ll\u00e4[\/vc_hoverbox][vc_empty_space][\/vc_column][vc_column width=&#8221;1\/2&#8243;][vc_empty_space][vc_hoverbox image=&#8221;7343&#8243; primary_title=&#8221;Rahan s\u00e4\u00e4st\u00f6\u00e4&#8221; hover_title=&#8221;Rahan s\u00e4\u00e4st\u00f6\u00e4&#8221;]Nopea ja edullinen asennus. Eritt\u00e4in alhaiset energia- ja k\u00e4ytt\u00f6kustannukset ajan my\u00f6t\u00e4.[\/vc_hoverbox][vc_empty_space][\/vc_column][\/vc_row][vc_row full_width=&#8221;electroluxpro-container-no-padding&#8221;][vc_column width=&#8221;1\/2&#8243;][vc_empty_space][vc_hoverbox image=&#8221;7343&#8243; primary_title=&#8221;R\u00e4\u00e4t\u00e4l\u00f6it\u00e4viss\u00e4 tarpeidesi mukaan&#8221; hover_title=&#8221;R\u00e4\u00e4t\u00e4l\u00f6it\u00e4viss\u00e4 tarpeidesi mukaan&#8221; el_width=&#8221;90&#8243;]Koko valikoima on optimoitu tilan s\u00e4\u00e4st\u00f6\u00e4 silm\u00e4ll\u00e4pit\u00e4en &#8211; valitset sitten pienemm\u00e4t pinottavat mallit tai suuremmat koot[\/vc_hoverbox][vc_empty_space][\/vc_column][vc_column width=&#8221;1\/2&#8243;][vc_empty_space][vc_hoverbox image=&#8221;7343&#8243; primary_title=&#8221;Sertifioitua ergonomiaa&#8221; hover_title=&#8221;Sertifioitua ergonomiaa&#8221;]Pesukoneiden ja kuivausrumpujen uusi valikoima on sertifioitu kansainv\u00e4listen ergonomiastandardien ja ihmisl\u00e4heisten suunnitteluperiaatteiden mukaan.[\/vc_hoverbox][vc_empty_space][\/vc_column][\/vc_row][vc_row][vc_column][vc_row_inner][vc_column_inner width=&#8221;1\/4&#8243;][vc_empty_space][vc_single_image image=&#8221;13899&#8243; img_size=&#8221;medium&#8221; alignment=&#8221;center&#8221;][vc_empty_space][\/vc_column_inner][vc_column_inner width=&#8221;3\/4&#8243;][elx_heading text_color=&#8221;inherit&#8221; text_align=&#8221;text-left&#8221;]Lis\u00e4tietoja sertifioidusta ergonomiasta[\/elx_heading][vc_column_text]Line 6000 -valikoiman jokainen pesukone ja kuivain on sertifioitu kansainv\u00e4listen ergonomiastandardien ja ihmisl\u00e4heisten suunnitteluperiaatteiden mukaan. T\u00e4m\u00e4 tarkoittaa, ett\u00e4 ne on testattu, jotta voidaan varmistaa, ett\u00e4 pyykinpesu aiheuttaa v\u00e4hemm\u00e4n j\u00e4nnityst\u00e4 ja rasitusta.<\/p>\n<p><strong>Pesukoneiden ja joidenkin kuivainmallien ClarusVibe-versiot ovat saaneet arvostetun 4 t\u00e4hden Ergocert-luokituksen, joka on korkein saatavana oleva ergonomialuokitus.<\/strong>[\/vc_column_text][vc_empty_space][\/vc_column_inner][\/vc_row_inner][\/vc_column][\/vc_row][vc_row equal_height=&#8221;yes&#8221;][\/vc_row][vc_row css=&#8221;.vc_custom_1604014478182{background-color: #efefef !important;}&#8221;][vc_column][vc_empty_space][elx_heading text_color=&#8221;inherit&#8221; text_align=&#8221;text-center&#8221;]Useita k\u00e4yt\u00e4nn\u00f6llisi\u00e4 vaihtoehtoja[\/elx_heading][vc_empty_space][\/vc_column][\/vc_row][vc_row css=&#8221;.vc_custom_1604014467256{background-color: #efefef !important;}&#8221;][vc_column][vc_row_inner][vc_column_inner width=&#8221;1\/3&#8243;][vc_single_image image=&#8221;13497&#8243; img_size=&#8221;100px&#8221; alignment=&#8221;center&#8221;][elx_heading font_container=&#8221;h6&#8243; font_size=&#8221;h6&#8243; text_color=&#8221;electrolux-blue&#8221; text_align=&#8221;text-center&#8221;]Kolikkomittarit[\/elx_heading][vc_column_text]<\/p>\n<p style=\"font-size: 16px; text-align: center;\">Rahakkeet tai kolikot, mekaaniset tai s\u00e4hk\u00f6mekaaniset<\/p>\n<p>[\/vc_column_text][vc_empty_space][\/vc_column_inner][vc_column_inner width=&#8221;1\/3&#8243;][vc_single_image image=&#8221;13498&#8243; img_size=&#8221;100px&#8221; alignment=&#8221;center&#8221;][elx_heading font_container=&#8221;h6&#8243; font_size=&#8221;h6&#8243; text_color=&#8221;electrolux-blue&#8221; text_align=&#8221;text-center&#8221;]Kortinlukijat[\/elx_heading][vc_column_text]<\/p>\n<p style=\"font-size: 16px; text-align: center;\">Ennalta maksettu, avainkortit<br \/>\nPankkikortit[\/vc_column_text][vc_empty_space][\/vc_column_inner][vc_column_inner width=&#8221;1\/3&#8243;][vc_single_image image=&#8221;13499&#8243; img_size=&#8221;80px&#8221; alignment=&#8221;center&#8221;][elx_heading font_container=&#8221;h6&#8243; font_size=&#8221;h6&#8243; text_color=&#8221;electrolux-blue&#8221; text_align=&#8221;text-center&#8221;]Sovellukset[\/elx_heading][vc_column_text]<\/p>\n<p style=\"font-size: 16px; text-align: center;\">Erillinen<br \/>\nKytket\u00e4\u00e4n olemassa oleviin maksuj\u00e4rjestelmiin[\/vc_column_text][vc_empty_space][\/vc_column_inner][\/vc_row_inner][vc_row_inner][vc_column_inner width=&#8221;1\/3&#8243;][vc_single_image image=&#8221;13500&#8243; img_size=&#8221;100px&#8221; alignment=&#8221;center&#8221;][elx_heading font_container=&#8221;h6&#8243; font_size=&#8221;h6&#8243; text_color=&#8221;electrolux-blue&#8221; text_align=&#8221;text-center&#8221;]\u00c4lykk\u00e4\u00e4t mittarit[\/elx_heading][vc_column_text]<\/p>\n<p style=\"font-size: 16px; text-align: center;\">Erillinen mekanismi virtal\u00e4hteen k\u00e4ynnist\u00e4miseen ja sammuttamiseen<\/p>\n<p>[\/vc_column_text][vc_empty_space][\/vc_column_inner][vc_column_inner width=&#8221;1\/3&#8243;][vc_single_image image=&#8221;13501&#8243; img_size=&#8221;100px&#8221; alignment=&#8221;center&#8221;][elx_heading font_container=&#8221;h6&#8243; font_size=&#8221;h6&#8243; text_color=&#8221;electrolux-blue&#8221; text_align=&#8221;text-center&#8221;]Keskitetyt maksu-<br \/>\nj\u00e4rjestelm\u00e4t[\/elx_heading][vc_column_text]<\/p>\n<p style=\"font-size: 16px; text-align: center;\">Yksitt\u00e4inen maksuasema valvomassa useita koneita<\/p>\n<p>[\/vc_column_text][vc_empty_space][\/vc_column_inner][vc_column_inner width=&#8221;1\/3&#8243;][vc_single_image image=&#8221;13502&#8243; img_size=&#8221;100px&#8221; alignment=&#8221;center&#8221;][elx_heading font_container=&#8221;h6&#8243; font_size=&#8221;h6&#8243; text_color=&#8221;electrolux-blue&#8221; text_align=&#8221;text-center&#8221;]Varausj\u00e4rjestelm\u00e4t<br \/>\nkuukausimaksulla[\/elx_heading][vc_column_text]<\/p>\n<p style=\"font-size: 16px; text-align: center;\">Yksi laite pesulaa kohti koneiden varaamiseksi henkil\u00f6kohtaisesti tai et\u00e4k\u00e4yt\u00f6ll\u00e4. Useita maksuj\u00e4rjestelmi\u00e4<\/p>\n<p>[\/vc_column_text][vc_empty_space][\/vc_column_inner][\/vc_row_inner][vc_empty_space height=&#8221;50px&#8221;][\/vc_column][\/vc_row][vc_row css=&#8221;.vc_custom_1721718438484{background-color: #ffffff !important;}&#8221; el_id=&#8221;contact&#8221;][vc_column][vc_empty_space][elx_heading font_container=&#8221;h3&#8243; text_color=&#8221;electrolux-blue&#8221; text_align=&#8221;text-center&#8221;]Tutustu tarkemmin. Ota yhteytt\u00e4 asiantuntijoihimme[\/elx_heading][elx_o2000_contact_us s=&#8221;Lis\u00e4tietopyynt\u00f6 kerrostalon pyykinpesusta&#8221; b=&#8221;laundry&#8221; container=&#8221;elxcontactus1482242857&#8243; flag_background=&#8221;true&#8221; r=&#8221;Haluaisin saada lis\u00e4tietoja kerrostalon pyykinpesusta&#8221; l=&#8221;en&#8221;][\/vc_column][\/vc_row][vc_row][vc_column][vc_column_text][\/vc_column_text][\/vc_column][\/vc_row][vc_row][vc_column][vc_column_text][\/vc_column_text][\/vc_column][\/vc_row][vc_column width=&#8221;1\/6&#8243;][\/vc_column][vc_column width=&#8221;2\/6&#8243;][\/vc_column][vc_column width=&#8221;2\/6&#8243;][\/vc_column]<\/p>\n","protected":false},"excerpt":{"rendered":"<p>[vc_row full_width=&#8221;electroluxpro-full-width-no-padding&#8221; equal_height=&#8221;yes&#8221; css=&#8221;.vc_custom_1604054607517{margin-top: -30px !important;border-top-width: -30px !important;padding-top: -30px !important;}&#8221;][vc_column][elx_full_banner title=&#8221;Vieraspesulat&#8221; set_as_h1=&#8221;true&#8221; background_image_media_library=&#8221;13895&#8243; background_image_media_library_mobile=&#8221;13900&#8243;][\/vc_column][\/vc_row][vc_row][vc_column][vc_empty_space][elx_heading font_size=&#8221;h2&#8243; text_color=&#8221;inherit&#8221; text_align=&#8221;text-center&#8221;]Todellista rentoutumista[\/elx_heading][vc_empty_space][vc_column_text] Vapaa-aika on arvokasta \u2013 lomalla olevat ihmiset haluavat rentoutua ja nauttia olostaan \u200b\u200btiet\u00e4en, ett\u00e4 he voivat tarvittaessa pest\u00e4 ja kuivata vaatteensa nopeasti. Auta vieraitasi nauttimaan t\u00e4ysin lomamatkastaan Electrolux Professional -pesularatkaisuiden avulla.[\/vc_column_text][vc_empty_space][vc_row_inner][vc_column_inner width=&#8221;1\/2&#8243;][vc_column_text] Leirint\u00e4alueet Lev\u00e4hdysalueet [\/vc_column_text][\/vc_column_inner][vc_column_inner width=&#8221;1\/2&#8243;][vc_column_text] Kuntoklubit [&hellip;]<\/p>\n","protected":false},"author":1,"featured_media":13895,"parent":3379,"menu_order":0,"comment_status":"closed","ping_status":"closed","template":"","meta":{"footnotes":""},"class_list":["post-13903","page","type-page","status-publish","has-post-thumbnail","hentry"],"yoast_head":"<!-- This site is optimized with the Yoast SEO plugin v23.3 - https:\/\/yoast.com\/wordpress\/plugins\/seo\/ -->\n<title>Vieraspesulat - Electrolux Professional Suomi<\/title>\n<meta name=\"description\" content=\"Electrolux Professional -pesularatkaisut ja vieraspesulat auttavat vieraitasi nauttimaan t\u00e4ysin lomamatkastaan. Lue lis\u00e4\u00e4!\" \/>\n<meta name=\"robots\" content=\"index, follow, max-snippet:-1, max-image-preview:large, max-video-preview:-1\" \/>\n<link rel=\"canonical\" href=\"https:\/\/www.electroluxprofessional.com\/fi\/your-business\/vieraspesulat\/\" \/>\n<meta property=\"og:locale\" content=\"fi_FI\" \/>\n<meta property=\"og:type\" content=\"article\" \/>\n<meta property=\"og:title\" content=\"Vieraspesulat - Electrolux Professional Suomi\" \/>\n<meta property=\"og:description\" content=\"Electrolux Professional -pesularatkaisut ja vieraspesulat auttavat vieraitasi nauttimaan t\u00e4ysin lomamatkastaan. Lue lis\u00e4\u00e4!\" \/>\n<meta property=\"og:url\" content=\"https:\/\/www.electroluxprofessional.com\/fi\/your-business\/vieraspesulat\/\" \/>\n<meta property=\"og:site_name\" content=\"Electrolux Professional Suomi\" \/>\n<meta property=\"article:modified_time\" content=\"2025-11-05T14:33:15+00:00\" \/>\n<meta property=\"og:image\" content=\"https:\/\/www.electroluxprofessional.com\/fi\/wp-content\/uploads\/2024\/11\/top-banner-guest-laundries.jpg\" \/>\n\t<meta property=\"og:image:width\" content=\"1920\" \/>\n\t<meta property=\"og:image:height\" content=\"581\" \/>\n\t<meta property=\"og:image:type\" content=\"image\/jpeg\" \/>\n<meta name=\"twitter:card\" content=\"summary_large_image\" \/>\n<meta name=\"twitter:label1\" content=\"Arvioitu lukuaika\" \/>\n\t<meta name=\"twitter:data1\" content=\"3 minuuttia\" \/>\n<script type=\"application\/ld+json\" class=\"yoast-schema-graph\">{\"@context\":\"https:\/\/schema.org\",\"@graph\":[{\"@type\":\"WebPage\",\"@id\":\"https:\/\/www.electroluxprofessional.com\/fi\/your-business\/vieraspesulat\/\",\"url\":\"https:\/\/www.electroluxprofessional.com\/fi\/your-business\/vieraspesulat\/\",\"name\":\"Vieraspesulat - Electrolux Professional Suomi\",\"isPartOf\":{\"@id\":\"https:\/\/www.electroluxprofessional.com\/fi\/#website\"},\"primaryImageOfPage\":{\"@id\":\"https:\/\/www.electroluxprofessional.com\/fi\/your-business\/vieraspesulat\/#primaryimage\"},\"image\":{\"@id\":\"https:\/\/www.electroluxprofessional.com\/fi\/your-business\/vieraspesulat\/#primaryimage\"},\"thumbnailUrl\":\"https:\/\/www.electroluxprofessional.com\/fi\/wp-content\/uploads\/2024\/11\/top-banner-guest-laundries.jpg\",\"datePublished\":\"2024-11-29T14:54:58+00:00\",\"dateModified\":\"2025-11-05T14:33:15+00:00\",\"description\":\"Electrolux Professional -pesularatkaisut ja vieraspesulat auttavat vieraitasi nauttimaan t\u00e4ysin lomamatkastaan. Lue lis\u00e4\u00e4!\",\"breadcrumb\":{\"@id\":\"https:\/\/www.electroluxprofessional.com\/fi\/your-business\/vieraspesulat\/#breadcrumb\"},\"inLanguage\":\"fi\",\"potentialAction\":[{\"@type\":\"ReadAction\",\"target\":[\"https:\/\/www.electroluxprofessional.com\/fi\/your-business\/vieraspesulat\/\"]}]},{\"@type\":\"ImageObject\",\"inLanguage\":\"fi\",\"@id\":\"https:\/\/www.electroluxprofessional.com\/fi\/your-business\/vieraspesulat\/#primaryimage\",\"url\":\"https:\/\/www.electroluxprofessional.com\/fi\/wp-content\/uploads\/2024\/11\/top-banner-guest-laundries.jpg\",\"contentUrl\":\"https:\/\/www.electroluxprofessional.com\/fi\/wp-content\/uploads\/2024\/11\/top-banner-guest-laundries.jpg\",\"width\":1920,\"height\":581},{\"@type\":\"BreadcrumbList\",\"@id\":\"https:\/\/www.electroluxprofessional.com\/fi\/your-business\/vieraspesulat\/#breadcrumb\",\"itemListElement\":[{\"@type\":\"ListItem\",\"position\":1,\"name\":\"Home\",\"item\":\"https:\/\/www.electroluxprofessional.com\/fi\/\"},{\"@type\":\"ListItem\",\"position\":2,\"name\":\"Your Business\",\"item\":\"https:\/\/www.electroluxprofessional.com\/fi\/your-business\/\"},{\"@type\":\"ListItem\",\"position\":3,\"name\":\"Vieraspesulat\"}]},{\"@type\":\"WebSite\",\"@id\":\"https:\/\/www.electroluxprofessional.com\/fi\/#website\",\"url\":\"https:\/\/www.electroluxprofessional.com\/fi\/\",\"name\":\"Electrolux Professional Suomi\",\"description\":\"\",\"potentialAction\":[{\"@type\":\"SearchAction\",\"target\":{\"@type\":\"EntryPoint\",\"urlTemplate\":\"https:\/\/www.electroluxprofessional.com\/fi\/?src={search_term_string}\"},\"query-input\":\"required name=search_term_string\"}],\"inLanguage\":\"fi\"}]}<\/script>\n<!-- \/ Yoast SEO plugin. -->","yoast_head_json":{"title":"Vieraspesulat - Electrolux Professional Suomi","description":"Electrolux Professional -pesularatkaisut ja vieraspesulat auttavat vieraitasi nauttimaan t\u00e4ysin lomamatkastaan. Lue lis\u00e4\u00e4!","robots":{"index":"index","follow":"follow","max-snippet":"max-snippet:-1","max-image-preview":"max-image-preview:large","max-video-preview":"max-video-preview:-1"},"canonical":"https:\/\/www.electroluxprofessional.com\/fi\/your-business\/vieraspesulat\/","og_locale":"fi_FI","og_type":"article","og_title":"Vieraspesulat - Electrolux Professional Suomi","og_description":"Electrolux Professional -pesularatkaisut ja vieraspesulat auttavat vieraitasi nauttimaan t\u00e4ysin lomamatkastaan. Lue lis\u00e4\u00e4!","og_url":"https:\/\/www.electroluxprofessional.com\/fi\/your-business\/vieraspesulat\/","og_site_name":"Electrolux Professional Suomi","article_modified_time":"2025-11-05T14:33:15+00:00","og_image":[{"width":1920,"height":581,"url":"https:\/\/www.electroluxprofessional.com\/fi\/wp-content\/uploads\/2024\/11\/top-banner-guest-laundries.jpg","type":"image\/jpeg"}],"twitter_card":"summary_large_image","twitter_misc":{"Arvioitu lukuaika":"3 minuuttia"},"schema":{"@context":"https:\/\/schema.org","@graph":[{"@type":"WebPage","@id":"https:\/\/www.electroluxprofessional.com\/fi\/your-business\/vieraspesulat\/","url":"https:\/\/www.electroluxprofessional.com\/fi\/your-business\/vieraspesulat\/","name":"Vieraspesulat - Electrolux Professional Suomi","isPartOf":{"@id":"https:\/\/www.electroluxprofessional.com\/fi\/#website"},"primaryImageOfPage":{"@id":"https:\/\/www.electroluxprofessional.com\/fi\/your-business\/vieraspesulat\/#primaryimage"},"image":{"@id":"https:\/\/www.electroluxprofessional.com\/fi\/your-business\/vieraspesulat\/#primaryimage"},"thumbnailUrl":"https:\/\/www.electroluxprofessional.com\/fi\/wp-content\/uploads\/2024\/11\/top-banner-guest-laundries.jpg","datePublished":"2024-11-29T14:54:58+00:00","dateModified":"2025-11-05T14:33:15+00:00","description":"Electrolux Professional -pesularatkaisut ja vieraspesulat auttavat vieraitasi nauttimaan t\u00e4ysin lomamatkastaan. Lue lis\u00e4\u00e4!","breadcrumb":{"@id":"https:\/\/www.electroluxprofessional.com\/fi\/your-business\/vieraspesulat\/#breadcrumb"},"inLanguage":"fi","potentialAction":[{"@type":"ReadAction","target":["https:\/\/www.electroluxprofessional.com\/fi\/your-business\/vieraspesulat\/"]}]},{"@type":"ImageObject","inLanguage":"fi","@id":"https:\/\/www.electroluxprofessional.com\/fi\/your-business\/vieraspesulat\/#primaryimage","url":"https:\/\/www.electroluxprofessional.com\/fi\/wp-content\/uploads\/2024\/11\/top-banner-guest-laundries.jpg","contentUrl":"https:\/\/www.electroluxprofessional.com\/fi\/wp-content\/uploads\/2024\/11\/top-banner-guest-laundries.jpg","width":1920,"height":581},{"@type":"BreadcrumbList","@id":"https:\/\/www.electroluxprofessional.com\/fi\/your-business\/vieraspesulat\/#breadcrumb","itemListElement":[{"@type":"ListItem","position":1,"name":"Home","item":"https:\/\/www.electroluxprofessional.com\/fi\/"},{"@type":"ListItem","position":2,"name":"Your Business","item":"https:\/\/www.electroluxprofessional.com\/fi\/your-business\/"},{"@type":"ListItem","position":3,"name":"Vieraspesulat"}]},{"@type":"WebSite","@id":"https:\/\/www.electroluxprofessional.com\/fi\/#website","url":"https:\/\/www.electroluxprofessional.com\/fi\/","name":"Electrolux Professional Suomi","description":"","potentialAction":[{"@type":"SearchAction","target":{"@type":"EntryPoint","urlTemplate":"https:\/\/www.electroluxprofessional.com\/fi\/?src={search_term_string}"},"query-input":"required name=search_term_string"}],"inLanguage":"fi"}]}},"_links":{"self":[{"href":"https:\/\/www.electroluxprofessional.com\/fi\/wp-json\/wp\/v2\/pages\/13903"}],"collection":[{"href":"https:\/\/www.electroluxprofessional.com\/fi\/wp-json\/wp\/v2\/pages"}],"about":[{"href":"https:\/\/www.electroluxprofessional.com\/fi\/wp-json\/wp\/v2\/types\/page"}],"author":[{"embeddable":true,"href":"https:\/\/www.electroluxprofessional.com\/fi\/wp-json\/wp\/v2\/users\/1"}],"replies":[{"embeddable":true,"href":"https:\/\/www.electroluxprofessional.com\/fi\/wp-json\/wp\/v2\/comments?post=13903"}],"version-history":[{"count":8,"href":"https:\/\/www.electroluxprofessional.com\/fi\/wp-json\/wp\/v2\/pages\/13903\/revisions"}],"predecessor-version":[{"id":15662,"href":"https:\/\/www.electroluxprofessional.com\/fi\/wp-json\/wp\/v2\/pages\/13903\/revisions\/15662"}],"up":[{"embeddable":true,"href":"https:\/\/www.electroluxprofessional.com\/fi\/wp-json\/wp\/v2\/pages\/3379"}],"wp:featuredmedia":[{"embeddable":true,"href":"https:\/\/www.electroluxprofessional.com\/fi\/wp-json\/wp\/v2\/media\/13895"}],"wp:attachment":[{"href":"https:\/\/www.electroluxprofessional.com\/fi\/wp-json\/wp\/v2\/media?parent=13903"}],"curies":[{"name":"wp","href":"https:\/\/api.w.org\/{rel}","templated":true}]}}