{"id":13787,"date":"2024-11-27T19:05:12","date_gmt":"2024-11-27T19:05:12","guid":{"rendered":"https:\/\/www.electroluxprofessional.com\/fi\/?page_id=13787"},"modified":"2025-11-05T14:30:54","modified_gmt":"2025-11-05T14:30:54","slug":"hotelliketjut","status":"publish","type":"page","link":"https:\/\/www.electroluxprofessional.com\/fi\/your-business\/hotelliketjut\/","title":{"rendered":"Hotelliketjut"},"content":{"rendered":"<p>[vc_row full_width=&#8221;electroluxpro-full-width-no-padding&#8221;][vc_column][elx_hero_slider label_text_color=&#8221;inherit&#8221; images=&#8221;13853&#8243;][elx_heading font_container=&#8221;h1&#8243; text_color=&#8221;orange&#8221; text_align=&#8221;text-left&#8221;]Hotelliketjut[\/elx_heading][\/elx_hero_slider][\/vc_column][\/vc_row][vc_row full_width=&#8221;electroluxpro-container-no-padding&#8221; parallax=&#8221;content-moving&#8221;][vc_column css=&#8221;.vc_custom_1472030236138{padding-top: 20px !important;}&#8221;][vc_empty_space][elx_heading font_size=&#8221;h3&#8243; text_color=&#8221;inherit&#8221; text_align=&#8221;text-center&#8221;]Hotelliketjut. Arvoketjun rakentamista. Yhdess\u00e4.[\/elx_heading][vc_empty_space height=&#8221;50px&#8221;][\/vc_column][\/vc_row][vc_row][vc_column width=&#8221;1\/2&#8243;][vc_column_text drop_caps=&#8221;big-first-letter&#8221;]<\/p>\n<p style=\"text-align: left;\">Electrolux Professional auttaa turvaamaan <strong>kest\u00e4vyyden, tehokkuuden, turvallisuuden ja helppok\u00e4ytt\u00f6isyyden<\/strong> jokaisessa ammattikeitti\u00f6- ja pesulaym\u00e4rist\u00f6iss\u00e4 &#8211; hotelliketjut mukaanlukien.<\/p>\n<p>Maailmanlaajuisen <strong>kokemuksemme, huippuosaamisemme ja joustavien ratkaisuidemme<\/strong> ansiosta voimme rakentaa menestyv\u00e4n hotelliketjusi yhdess\u00e4.[\/vc_column_text][\/vc_column][vc_column width=&#8221;1\/2&#8243;][\/vc_column][\/vc_row][vc_row][vc_column][vc_empty_space][elx_heading text_color=&#8221;inherit&#8221; text_align=&#8221;text-center&#8221;]Hotelliketjut &#8211; referenssej\u00e4[\/elx_heading][\/vc_column][\/vc_row][vc_row][vc_column width=&#8221;1\/2&#8243;][elx_simple_block background_color=&#8221;inherit&#8221;][vc_single_image image=&#8221;2083&#8243; img_size=&#8221;full&#8221; style=&#8221;vc_box_circle_2&#8243;][\/elx_simple_block][\/vc_column][vc_column width=&#8221;1\/2&#8243;][elx_simple_block background_color=&#8221;inherit&#8221;][vc_column_text drop_caps=&#8221;big-first-letter&#8221;]<\/p>\n<h3>Mandarin Oriental<\/h3>\n<p>Milano, Italia<\/p>\n<h4>Huippuratkaisut, moitteeton palvelu<\/h4>\n<p><strong>T\u00e4ydelliset keitti\u00f6- ja pesulalaitteet<\/strong><br \/>\nMilanon keskell\u00e4 sijaitseva hienostohotelli hyv\u00e4ksyy vain korkeimman tason innovatiivisia laitteita.<br \/>\nT\u00e4m\u00e4n vuoksi Mandarin Oriental valitsee Electrolux Professionalin ratkaisut, joilla varustetaan nelj\u00e4 keitti\u00f6t\u00e4 ja sis\u00e4inen pesula.[\/vc_column_text][\/elx_simple_block][\/vc_column][\/vc_row][vc_row][vc_column width=&#8221;1\/2&#8243;][elx_simple_block background_color=&#8221;inherit&#8221;][vc_column_text drop_caps=&#8221;big-first-letter&#8221;]<\/p>\n<h3>Sofitel So<\/h3>\n<p>Singapore<\/p>\n<h4>Huipputason luksusbutiikkihotelli<\/h4>\n<p><em>&#8220;Keitti\u00f6ni on paikka, jossa ammattiel\u00e4m\u00e4ni tapahtuu. Se on paikka, joissa luon, improvisoin ja suoritan. <strong>Molteni on paras ratkaisu, joka minulla voi olla<\/strong>. T\u00e4m\u00e4 laite on arvokkain ammattitason instrumentti, joka tuottaa herkullisia tuloksia joka kerta, se on ravintolan paras yhteisty\u00f6kumppani ja paras yst\u00e4v\u00e4mme ravintolassa\u201d<\/em><br \/>\n<strong>Anne-Cecile Degenne<\/strong>, johtava p\u00e4\u00e4kokki[\/vc_column_text][\/elx_simple_block][\/vc_column][vc_column width=&#8221;1\/2&#8243;][elx_simple_block background_color=&#8221;inherit&#8221;][vc_single_image image=&#8221;435&#8243; img_size=&#8221;full&#8221; style=&#8221;vc_box_circle_2&#8243;][\/elx_simple_block][\/vc_column][\/vc_row][vc_row][vc_column width=&#8221;1\/2&#8243;][elx_simple_block background_color=&#8221;inherit&#8221;][vc_single_image image=&#8221;1297&#8243; img_size=&#8221;full&#8221; style=&#8221;vc_box_circle_2&#8243;][\/elx_simple_block][\/vc_column][vc_column width=&#8221;1\/2&#8243;][elx_simple_block background_color=&#8221;inherit&#8221;][vc_column_text drop_caps=&#8221;big-first-letter&#8221;]<\/p>\n<h3>Hilton Bomont -hotelli<\/h3>\n<p>Istanbul<\/p>\n<p>Kokin teht\u00e4v\u00e4n\u00e4 on tuottaa ruokailijalle makujen sinfonia kullekin ruokalistansa ruokalajille. H\u00e4n on kapellimestari; h\u00e4nen keitti\u00f6ns\u00e4 on h\u00e4nen orkesterinsa, ja jokainen osa koostuu h\u00e4nen t\u00e4rkeimmist\u00e4 ruoanlaittoinstrumenteistaan, joilla kaikilla on t\u00e4rke\u00e4 rooli lopullisessa mestariteoksessa.<br \/>\nUuden Hilton Bomonti Istanbulin, Turkin suurimman viiden t\u00e4hden hotellin ja kongressikeskuksen, kokkien gastronomiset sinfoniat ovat saaneet inspiraationsa Electrolux Professionalilta.[\/vc_column_text][\/elx_simple_block][\/vc_column][\/vc_row][vc_row][vc_column width=&#8221;1\/2&#8243;][elx_simple_block background_color=&#8221;inherit&#8221;][vc_column_text drop_caps=&#8221;big-first-letter&#8221;]<\/p>\n<h3>Rome Cavalieri, Waldorf Astoria-hotellit ja -lomakeskukset<\/h3>\n<p>Rooma, Italia<\/p>\n<p>Rome Cavalierin p\u00e4\u00e4kokki Franco Verucci haki ratkaisua, joka kest\u00e4\u00e4 vaativimmissakin tilanteissa ja tarjoaa parhaat mahdolliset tulokset maksimaalisella tehokkuudella. H\u00e4n joutui hoitamaan useita keitti\u00f6it\u00e4 ja suuria vastaanottoja, joten oikea kumppani ty\u00f6h\u00f6n oli Electrolux Professional, joka pystyi tarjoamaan t\u00e4ydellisen ratkaisun ja tekem\u00e4\u00e4n h\u00e4nen ty\u00f6st\u00e4\u00e4n helpompaa ja kannattavampaa hotellille.[\/vc_column_text][\/elx_simple_block][\/vc_column][vc_column width=&#8221;1\/2&#8243;][elx_simple_block background_color=&#8221;inherit&#8221;][vc_single_image image=&#8221;1405&#8243; img_size=&#8221;full&#8221; style=&#8221;vc_box_circle_2&#8243;][\/elx_simple_block][\/vc_column][\/vc_row][vc_row full_width=&#8221;electroluxpro-container-no-padding&#8221;][vc_column][vc_empty_space][\/vc_column][\/vc_row][vc_row][vc_column width=&#8221;1\/2&#8243;][elx_simple_block background_color=&#8221;inherit&#8221;][\/elx_simple_block][\/vc_column][\/vc_row][vc_row][vc_column][vc_empty_space height=&#8221;50px&#8221;][elx_heading font_size=&#8221;h2&#8243; text_color=&#8221;inherit&#8221; text_align=&#8221;text-center&#8221;]Ammattikeitti\u00f6- ja pesularatkaisut &#8211; hotelliketjut.<br \/>\nHaluatko lis\u00e4tietoja? Ota meihin yhteytt\u00e4.[\/elx_heading][vc_empty_space height=&#8221;50px&#8221;][elx_o2000_contact_us s=&#8221;Pyyd\u00e4 lis\u00e4tietoja ratkaisuista hotelliketjuille&#8221; container=&#8221;elxcontactus1472110569&#8243; r=&#8221;Haluaisin saada lis\u00e4tietoja ratkaisuistanne hotelliketjuille. Ota yhteytt\u00e4 minuun.&#8221;][\/vc_column][\/vc_row]<\/p>\n","protected":false},"excerpt":{"rendered":"<p>[vc_row full_width=&#8221;electroluxpro-full-width-no-padding&#8221;][vc_column][elx_hero_slider label_text_color=&#8221;inherit&#8221; images=&#8221;13853&#8243;][elx_heading font_container=&#8221;h1&#8243; text_color=&#8221;orange&#8221; text_align=&#8221;text-left&#8221;]Hotelliketjut[\/elx_heading][\/elx_hero_slider][\/vc_column][\/vc_row][vc_row full_width=&#8221;electroluxpro-container-no-padding&#8221; parallax=&#8221;content-moving&#8221;][vc_column css=&#8221;.vc_custom_1472030236138{padding-top: 20px !important;}&#8221;][vc_empty_space][elx_heading font_size=&#8221;h3&#8243; text_color=&#8221;inherit&#8221; text_align=&#8221;text-center&#8221;]Hotelliketjut. Arvoketjun rakentamista. Yhdess\u00e4.[\/elx_heading][vc_empty_space height=&#8221;50px&#8221;][\/vc_column][\/vc_row][vc_row][vc_column width=&#8221;1\/2&#8243;][vc_column_text drop_caps=&#8221;big-first-letter&#8221;] Electrolux Professional auttaa turvaamaan kest\u00e4vyyden, tehokkuuden, turvallisuuden ja helppok\u00e4ytt\u00f6isyyden jokaisessa ammattikeitti\u00f6- ja pesulaym\u00e4rist\u00f6iss\u00e4 &#8211; hotelliketjut mukaanlukien. Maailmanlaajuisen kokemuksemme, huippuosaamisemme ja joustavien ratkaisuidemme ansiosta voimme rakentaa menestyv\u00e4n hotelliketjusi yhdess\u00e4.[\/vc_column_text][\/vc_column][vc_column width=&#8221;1\/2&#8243;][\/vc_column][\/vc_row][vc_row][vc_column][vc_empty_space][elx_heading text_color=&#8221;inherit&#8221; text_align=&#8221;text-center&#8221;]Hotelliketjut &#8211; referenssej\u00e4[\/elx_heading][\/vc_column][\/vc_row][vc_row][vc_column width=&#8221;1\/2&#8243;][elx_simple_block [&hellip;]<\/p>\n","protected":false},"author":135,"featured_media":1301,"parent":3379,"menu_order":0,"comment_status":"closed","ping_status":"closed","template":"","meta":{"footnotes":""},"class_list":["post-13787","page","type-page","status-publish","has-post-thumbnail","hentry"],"yoast_head":"<!-- This site is optimized with the Yoast SEO plugin v23.3 - https:\/\/yoast.com\/wordpress\/plugins\/seo\/ -->\n<title>Hotelliketjut - Electrolux Professional Suomi<\/title>\n<meta name=\"description\" content=\"Autamme turvaamaan kest\u00e4vyyden, tehokkuuden, turvallisuuden ja helppok\u00e4ytt\u00f6isyyden jokaisessa ammattikeitti\u00f6- ja pesulaym\u00e4rist\u00f6iss\u00e4 - hotelliketjut mukaanlukien.\" \/>\n<meta name=\"robots\" content=\"index, follow, max-snippet:-1, max-image-preview:large, max-video-preview:-1\" \/>\n<link rel=\"canonical\" href=\"https:\/\/www.electroluxprofessional.com\/fi\/your-business\/hotelliketjut\/\" \/>\n<meta property=\"og:locale\" content=\"fi_FI\" \/>\n<meta property=\"og:type\" content=\"article\" \/>\n<meta property=\"og:title\" content=\"Hotelliketjut - Electrolux Professional Suomi\" \/>\n<meta property=\"og:description\" content=\"Autamme turvaamaan kest\u00e4vyyden, tehokkuuden, turvallisuuden ja helppok\u00e4ytt\u00f6isyyden jokaisessa ammattikeitti\u00f6- ja pesulaym\u00e4rist\u00f6iss\u00e4 - hotelliketjut mukaanlukien.\" \/>\n<meta property=\"og:url\" content=\"https:\/\/www.electroluxprofessional.com\/fi\/your-business\/hotelliketjut\/\" \/>\n<meta property=\"og:site_name\" content=\"Electrolux Professional Suomi\" \/>\n<meta property=\"article:modified_time\" content=\"2025-11-05T14:30:54+00:00\" \/>\n<meta property=\"og:image\" content=\"https:\/\/www.electroluxprofessional.com\/fi\/wp-content\/uploads\/2017\/02\/hotel-chain-food.jpg\" \/>\n\t<meta property=\"og:image:width\" content=\"700\" \/>\n\t<meta property=\"og:image:height\" content=\"700\" \/>\n\t<meta property=\"og:image:type\" content=\"image\/jpeg\" \/>\n<meta name=\"twitter:card\" content=\"summary_large_image\" \/>\n<meta name=\"twitter:label1\" content=\"Arvioitu lukuaika\" \/>\n\t<meta name=\"twitter:data1\" content=\"3 minuuttia\" \/>\n<script type=\"application\/ld+json\" class=\"yoast-schema-graph\">{\"@context\":\"https:\/\/schema.org\",\"@graph\":[{\"@type\":\"WebPage\",\"@id\":\"https:\/\/www.electroluxprofessional.com\/fi\/your-business\/hotelliketjut\/\",\"url\":\"https:\/\/www.electroluxprofessional.com\/fi\/your-business\/hotelliketjut\/\",\"name\":\"Hotelliketjut - Electrolux Professional Suomi\",\"isPartOf\":{\"@id\":\"https:\/\/www.electroluxprofessional.com\/fi\/#website\"},\"primaryImageOfPage\":{\"@id\":\"https:\/\/www.electroluxprofessional.com\/fi\/your-business\/hotelliketjut\/#primaryimage\"},\"image\":{\"@id\":\"https:\/\/www.electroluxprofessional.com\/fi\/your-business\/hotelliketjut\/#primaryimage\"},\"thumbnailUrl\":\"https:\/\/www.electroluxprofessional.com\/fi\/wp-content\/uploads\/2017\/02\/hotel-chain-food.jpg\",\"datePublished\":\"2024-11-27T19:05:12+00:00\",\"dateModified\":\"2025-11-05T14:30:54+00:00\",\"description\":\"Autamme turvaamaan kest\u00e4vyyden, tehokkuuden, turvallisuuden ja helppok\u00e4ytt\u00f6isyyden jokaisessa ammattikeitti\u00f6- ja pesulaym\u00e4rist\u00f6iss\u00e4 - hotelliketjut mukaanlukien.\",\"breadcrumb\":{\"@id\":\"https:\/\/www.electroluxprofessional.com\/fi\/your-business\/hotelliketjut\/#breadcrumb\"},\"inLanguage\":\"fi\",\"potentialAction\":[{\"@type\":\"ReadAction\",\"target\":[\"https:\/\/www.electroluxprofessional.com\/fi\/your-business\/hotelliketjut\/\"]}]},{\"@type\":\"ImageObject\",\"inLanguage\":\"fi\",\"@id\":\"https:\/\/www.electroluxprofessional.com\/fi\/your-business\/hotelliketjut\/#primaryimage\",\"url\":\"https:\/\/www.electroluxprofessional.com\/fi\/wp-content\/uploads\/2017\/02\/hotel-chain-food.jpg\",\"contentUrl\":\"https:\/\/www.electroluxprofessional.com\/fi\/wp-content\/uploads\/2017\/02\/hotel-chain-food.jpg\",\"width\":700,\"height\":700,\"caption\":\"hotel-chain-food\"},{\"@type\":\"BreadcrumbList\",\"@id\":\"https:\/\/www.electroluxprofessional.com\/fi\/your-business\/hotelliketjut\/#breadcrumb\",\"itemListElement\":[{\"@type\":\"ListItem\",\"position\":1,\"name\":\"Home\",\"item\":\"https:\/\/www.electroluxprofessional.com\/fi\/\"},{\"@type\":\"ListItem\",\"position\":2,\"name\":\"Your Business\",\"item\":\"https:\/\/www.electroluxprofessional.com\/fi\/your-business\/\"},{\"@type\":\"ListItem\",\"position\":3,\"name\":\"Hotelliketjut\"}]},{\"@type\":\"WebSite\",\"@id\":\"https:\/\/www.electroluxprofessional.com\/fi\/#website\",\"url\":\"https:\/\/www.electroluxprofessional.com\/fi\/\",\"name\":\"Electrolux Professional Suomi\",\"description\":\"\",\"potentialAction\":[{\"@type\":\"SearchAction\",\"target\":{\"@type\":\"EntryPoint\",\"urlTemplate\":\"https:\/\/www.electroluxprofessional.com\/fi\/?src={search_term_string}\"},\"query-input\":\"required name=search_term_string\"}],\"inLanguage\":\"fi\"}]}<\/script>\n<!-- \/ Yoast SEO plugin. -->","yoast_head_json":{"title":"Hotelliketjut - Electrolux Professional Suomi","description":"Autamme turvaamaan kest\u00e4vyyden, tehokkuuden, turvallisuuden ja helppok\u00e4ytt\u00f6isyyden jokaisessa ammattikeitti\u00f6- ja pesulaym\u00e4rist\u00f6iss\u00e4 - hotelliketjut mukaanlukien.","robots":{"index":"index","follow":"follow","max-snippet":"max-snippet:-1","max-image-preview":"max-image-preview:large","max-video-preview":"max-video-preview:-1"},"canonical":"https:\/\/www.electroluxprofessional.com\/fi\/your-business\/hotelliketjut\/","og_locale":"fi_FI","og_type":"article","og_title":"Hotelliketjut - Electrolux Professional Suomi","og_description":"Autamme turvaamaan kest\u00e4vyyden, tehokkuuden, turvallisuuden ja helppok\u00e4ytt\u00f6isyyden jokaisessa ammattikeitti\u00f6- ja pesulaym\u00e4rist\u00f6iss\u00e4 - hotelliketjut mukaanlukien.","og_url":"https:\/\/www.electroluxprofessional.com\/fi\/your-business\/hotelliketjut\/","og_site_name":"Electrolux Professional Suomi","article_modified_time":"2025-11-05T14:30:54+00:00","og_image":[{"width":700,"height":700,"url":"https:\/\/www.electroluxprofessional.com\/fi\/wp-content\/uploads\/2017\/02\/hotel-chain-food.jpg","type":"image\/jpeg"}],"twitter_card":"summary_large_image","twitter_misc":{"Arvioitu lukuaika":"3 minuuttia"},"schema":{"@context":"https:\/\/schema.org","@graph":[{"@type":"WebPage","@id":"https:\/\/www.electroluxprofessional.com\/fi\/your-business\/hotelliketjut\/","url":"https:\/\/www.electroluxprofessional.com\/fi\/your-business\/hotelliketjut\/","name":"Hotelliketjut - Electrolux Professional Suomi","isPartOf":{"@id":"https:\/\/www.electroluxprofessional.com\/fi\/#website"},"primaryImageOfPage":{"@id":"https:\/\/www.electroluxprofessional.com\/fi\/your-business\/hotelliketjut\/#primaryimage"},"image":{"@id":"https:\/\/www.electroluxprofessional.com\/fi\/your-business\/hotelliketjut\/#primaryimage"},"thumbnailUrl":"https:\/\/www.electroluxprofessional.com\/fi\/wp-content\/uploads\/2017\/02\/hotel-chain-food.jpg","datePublished":"2024-11-27T19:05:12+00:00","dateModified":"2025-11-05T14:30:54+00:00","description":"Autamme turvaamaan kest\u00e4vyyden, tehokkuuden, turvallisuuden ja helppok\u00e4ytt\u00f6isyyden jokaisessa ammattikeitti\u00f6- ja pesulaym\u00e4rist\u00f6iss\u00e4 - hotelliketjut mukaanlukien.","breadcrumb":{"@id":"https:\/\/www.electroluxprofessional.com\/fi\/your-business\/hotelliketjut\/#breadcrumb"},"inLanguage":"fi","potentialAction":[{"@type":"ReadAction","target":["https:\/\/www.electroluxprofessional.com\/fi\/your-business\/hotelliketjut\/"]}]},{"@type":"ImageObject","inLanguage":"fi","@id":"https:\/\/www.electroluxprofessional.com\/fi\/your-business\/hotelliketjut\/#primaryimage","url":"https:\/\/www.electroluxprofessional.com\/fi\/wp-content\/uploads\/2017\/02\/hotel-chain-food.jpg","contentUrl":"https:\/\/www.electroluxprofessional.com\/fi\/wp-content\/uploads\/2017\/02\/hotel-chain-food.jpg","width":700,"height":700,"caption":"hotel-chain-food"},{"@type":"BreadcrumbList","@id":"https:\/\/www.electroluxprofessional.com\/fi\/your-business\/hotelliketjut\/#breadcrumb","itemListElement":[{"@type":"ListItem","position":1,"name":"Home","item":"https:\/\/www.electroluxprofessional.com\/fi\/"},{"@type":"ListItem","position":2,"name":"Your Business","item":"https:\/\/www.electroluxprofessional.com\/fi\/your-business\/"},{"@type":"ListItem","position":3,"name":"Hotelliketjut"}]},{"@type":"WebSite","@id":"https:\/\/www.electroluxprofessional.com\/fi\/#website","url":"https:\/\/www.electroluxprofessional.com\/fi\/","name":"Electrolux Professional Suomi","description":"","potentialAction":[{"@type":"SearchAction","target":{"@type":"EntryPoint","urlTemplate":"https:\/\/www.electroluxprofessional.com\/fi\/?src={search_term_string}"},"query-input":"required name=search_term_string"}],"inLanguage":"fi"}]}},"_links":{"self":[{"href":"https:\/\/www.electroluxprofessional.com\/fi\/wp-json\/wp\/v2\/pages\/13787"}],"collection":[{"href":"https:\/\/www.electroluxprofessional.com\/fi\/wp-json\/wp\/v2\/pages"}],"about":[{"href":"https:\/\/www.electroluxprofessional.com\/fi\/wp-json\/wp\/v2\/types\/page"}],"author":[{"embeddable":true,"href":"https:\/\/www.electroluxprofessional.com\/fi\/wp-json\/wp\/v2\/users\/135"}],"replies":[{"embeddable":true,"href":"https:\/\/www.electroluxprofessional.com\/fi\/wp-json\/wp\/v2\/comments?post=13787"}],"version-history":[{"count":17,"href":"https:\/\/www.electroluxprofessional.com\/fi\/wp-json\/wp\/v2\/pages\/13787\/revisions"}],"predecessor-version":[{"id":15654,"href":"https:\/\/www.electroluxprofessional.com\/fi\/wp-json\/wp\/v2\/pages\/13787\/revisions\/15654"}],"up":[{"embeddable":true,"href":"https:\/\/www.electroluxprofessional.com\/fi\/wp-json\/wp\/v2\/pages\/3379"}],"wp:featuredmedia":[{"embeddable":true,"href":"https:\/\/www.electroluxprofessional.com\/fi\/wp-json\/wp\/v2\/media\/1301"}],"wp:attachment":[{"href":"https:\/\/www.electroluxprofessional.com\/fi\/wp-json\/wp\/v2\/media?parent=13787"}],"curies":[{"name":"wp","href":"https:\/\/api.w.org\/{rel}","templated":true}]}}