{"id":13786,"date":"2024-11-27T19:05:08","date_gmt":"2024-11-27T19:05:08","guid":{"rendered":"https:\/\/www.electroluxprofessional.com\/fi\/?page_id=13786"},"modified":"2025-11-05T14:32:01","modified_gmt":"2025-11-05T14:32:01","slug":"henkilostoravintolat","status":"publish","type":"page","link":"https:\/\/www.electroluxprofessional.com\/fi\/your-business\/henkilostoravintolat\/","title":{"rendered":"Henkil\u00f6st\u00f6ravintolat"},"content":{"rendered":"<p>[vc_row full_width=&#8221;electroluxpro-full-width-no-padding&#8221; css=&#8221;.vc_custom_1663586747054{margin-top: -50px !important;}&#8221;][vc_column][elx_full_banner title=&#8221;Henkil\u00f6st\u00f6ravintolat&#8221; set_as_h1=&#8221;true&#8221; background_image_media_library=&#8221;13784&#8243; background_image_media_library_mobile=&#8221;13785&#8243;][\/vc_column][\/vc_row][vc_row disable_element=&#8221;yes&#8221; css=&#8221;.vc_custom_1663586704023{background-color: #041e41 !important;}&#8221;][vc_column reveal_effect=&#8221;&#8221; width=&#8221;2\/3&#8243;][vc_empty_space][vc_row_inner full_width=&#8221;electroluxpro-full-width-no-padding&#8221;][vc_column_inner width=&#8221;1\/4&#8243;][vc_single_image image=&#8221;13482&#8243; img_size=&#8221;full&#8221;][\/vc_column_inner][vc_column_inner width=&#8221;3\/4&#8243;][vc_empty_space height=&#8221;25px&#8221;][elx_heading font_container=&#8221;h1&#8243; font_size=&#8221;h3&#8243; text_color=&#8221;business&#8221; text_align=&#8221;text-left&#8221;]Henkil\u00f6kunnan ruokalat[\/elx_heading][\/vc_column_inner][\/vc_row_inner][elx_heading font_size=&#8221;h5&#8243; text_color=&#8221;white&#8221;]\u201dOlemme hyvin tyytyv\u00e4isi\u00e4 voidessamme ty\u00f6skennell\u00e4 Electrolux Professionalin maailmanluokan koneilla, mik\u00e4 mahdollistaa meille ei luksustilan mukavuuden ja tunnelman lis\u00e4ksi sen, ett\u00e4 voimme yll\u00e4pit\u00e4\u00e4 kansainv\u00e4liset puhtaus- ja hygieniastandardit keitti\u00f6iss\u00e4mme. Olemme hyvin ylpeit\u00e4, ett\u00e4 olemme yhteisty\u00f6ss\u00e4 maailmanluokan yrityksen, kuten Electrolux, kanssa.\u201d[\/elx_heading][vc_column_text]<\/p>\n<p style=\"color: #fff;\"><strong>Mr. Ramesh Palagiri<\/strong>, Toimitusjohtaja &amp; CEO<br \/>\n<strong>Mrs. Maithili Bhojwani<\/strong>, Hallinto<br \/>\n<strong>Wirtgen Group<\/strong> &#8211; Pune, Intia[\/vc_column_text][vc_column reveal_effect=&#8221;&#8221; width=&#8221;1\/2&#8243;][\/vc_column][\/vc_column][vc_column reveal_effect=&#8221;&#8221; width=&#8221;1\/3&#8243;][elx_image_block background_image=&#8221;478&#8243; minimum_height=&#8221;580px&#8221;][\/vc_column][\/vc_row][vc_row][vc_column][vc_empty_space][elx_heading font_size=&#8221;h1&#8243; text_color=&#8221;inherit&#8221; text_align=&#8221;text-center&#8221;]Syntynyt suorituskykyiseksi[\/elx_heading][vc_empty_space][\/vc_column][\/vc_row][vc_row][vc_column width=&#8221;1\/3&#8243;][elx_icons icon_size=&#8221;elx-icon-medium&#8221; icon_electroluxpro=&#8221;elx-icon icon-circle-savings-green-blue&#8221;][elx_heading text_color=&#8221;inherit&#8221; text_align=&#8221;text-center&#8221;]Tuotantokustannusten<br \/>\nv\u00e4hent\u00e4minen[\/elx_heading][vc_empty_space][\/vc_column][vc_column width=&#8221;1\/3&#8243;][elx_icons icon_size=&#8221;elx-icon-medium&#8221; icon_electroluxpro=&#8221;elx-icon icon-circle-food-quality-blue&#8221;][elx_heading text_color=&#8221;inherit&#8221; text_align=&#8221;text-center&#8221;]Ruoan laadun ja yhdenmukaisuus taattu[\/elx_heading][\/vc_column][vc_column width=&#8221;1\/3&#8243;][vc_single_image image=&#8221;10620&#8243; img_size=&#8221;80&#215;80&#8243; alignment=&#8221;center&#8221;][elx_heading text_color=&#8221;inherit&#8221; text_align=&#8221;text-center&#8221;]Ruoan turvallisuus (HACCP) vaatimustenmukainen[\/elx_heading][\/vc_column][\/vc_row][vc_row][vc_column][vc_empty_space][elx_heading font_size=&#8221;h1&#8243; text_color=&#8221;inherit&#8221; text_align=&#8221;text-center&#8221;]Mit\u00e4 voit tehd\u00e4<br \/>\nalle 10 m<sup>2<\/sup> tilassa?[\/elx_heading][vc_empty_space][\/vc_column][\/vc_row][vc_row][vc_column width=&#8221;1\/2&#8243; css=&#8221;.vc_custom_1590559110836{background-color: #deebec !important;}&#8221;][elx_heading font_size=&#8221;h1&#8243; text_color=&#8221;inherit&#8221; text_align=&#8221;text-center&#8221;]1013 p\u00e4\u00e4-<br \/>\nruokaa[\/elx_heading][vc_column_text]<\/p>\n<h3 style=\"text-align: center;\">150 g gulashia +<br \/>\n75 g hapankaalia<\/h3>\n<p>[\/vc_column_text][vc_single_image image=&#8221;13780&#8243; img_size=&#8221;full&#8221; alignment=&#8221;center&#8221;][elx_heading font_size=&#8221;h1&#8243; text_color=&#8221;inherit&#8221; text_align=&#8221;text-center&#8221;]alle<br \/>\n8 tunnissa[\/elx_heading][vc_single_image image=&#8221;13781&#8243; img_size=&#8221;full&#8221; alignment=&#8221;center&#8221;][\/vc_column][vc_column width=&#8221;1\/2&#8243;][elx_heading text_color=&#8221;inherit&#8221; text_align=&#8221;text-center&#8221;]Katso, kuinka monta ateriaa voit valmistaa alle 10m<sup>2<\/sup> tilassa[\/elx_heading][elx_video_block background_image=&#8221;13778&#8243; video_link=&#8221;https:\/\/www.youtube.com\/watch?v=TvhF7dGZ3D4&#8243; minimum_height=&#8221;270px&#8221;][vc_empty_space][\/vc_column][\/vc_row][vc_row][vc_column][vc_empty_space][elx_heading font_size=&#8221;h3&#8243; text_color=&#8221;inherit&#8221;]Henkil\u00f6st\u00f6ravintolat &#8211; asiakkaamme[\/elx_heading][vc_empty_space][\/vc_column][\/vc_row][vc_row][vc_column width=&#8221;1\/2&#8243;][elx_image_block background_image=&#8221;490&#8243; minimum_height=&#8221;400px&#8221;][elx_heading font_container=&#8221;h3&#8243; font_size=&#8221;h5&#8243; text_color=&#8221;inherit&#8221;]GAI Industrie Spa[\/elx_heading][vc_column_text]Cuneo, Italia[\/vc_column_text][vc_column_text]Asennuksen hankaluus edellytti meilt\u00e4 nosturia, jotta saimme laitteistot kanttiinirakennuksen toiseen ja kolmanteen kerrokseen. T\u00e4m\u00e4 keitti\u00f6n erikoisuus on varmasti todellisten seinien puuttuminen: oikeastaan jokaisella nelj\u00e4ll\u00e4 sivulla on suuret ikkunat, mik\u00e4 mahdollistaa sen, ett\u00e4 n\u00e4et kokit ty\u00f6ss\u00e4\u00e4n milloin tahansa.<\/p>\n<p>Kaikilla j\u00e4\u00e4kaapeille on lasiovet, mik\u00e4 tarkoittaa tyyli\u00e4 ja hienoa ty\u00f6n organisointia. Keitti\u00f6n keskell\u00e4 on modulaarinen thermaline-keittosetti, Electrolux Professionalin ammattihellojen huippu.[\/vc_column_text][\/vc_column][vc_column width=&#8221;1\/2&#8243;][vc_single_image image=&#8221;479&#8243; img_size=&#8221;555*400&#8243; alignment=&#8221;right&#8221;][elx_heading font_container=&#8221;h3&#8243; font_size=&#8221;h5&#8243; text_color=&#8221;inherit&#8221;]Wirtgen Group[\/elx_heading][vc_column_text]Pune, Intia[\/vc_column_text][vc_column_text]Saksalainen rakennusyritys Wirtgen Group on teiden rakennus- ja parannuslaitteistojen valmistusyritys, jolla on moderni tuotantolaitos Punessa, Intiassa, sen kolmas tehdas Saksan ulkopuolella.<\/p>\n<p>Suuren kapasiteetin ammattikeitti\u00f6 henkil\u00f6kunnan aterioita varten on varustettu t\u00e4ysin Electrolux Professional -laitteilla.<\/p>\n<p><em>\u201d&#8230; t\u00e4m\u00e4 on my\u00f6s lis\u00e4nnyt henkil\u00f6kunnan tehokkuutta ja v\u00e4hent\u00e4nyt energiakustannuksia merkitt\u00e4v\u00e4sti, mik\u00e4 on edelleen osoittanut heille uudet ammattiruoanlaiton standardit.\u201d<\/em><\/p>\n<p><strong>Kokki Deepak<\/strong>[\/vc_column_text][vc_empty_space][\/vc_column][\/vc_row][vc_row][vc_column][vc_empty_space height=&#8221;50px&#8221;][\/vc_column][\/vc_row][vc_row][vc_column][elx_heading font_size=&#8221;h3&#8243; text_color=&#8221;inherit&#8221; text_align=&#8221;text-left&#8221;]Henkil\u00f6st\u00f6ravintolat &#8211; kolme suosituinta ratkaisuamme[\/elx_heading][\/vc_column][\/vc_row][vc_row css=&#8221;.vc_custom_1465550821993{padding-top: 20px !important;padding-bottom: 20px !important;background-color: #f7f6f6 !important;}&#8221;][vc_column width=&#8221;1\/3&#8243;][elx_simple_link_block link=&#8221;url:https%3A%2F%2Fwww.electroluxprofessional.com%2Ffi%2Fammattikeittiolaitteet%2Fthermaline-liesisarjat%2F|title:thermaline&#8221; text_align=&#8221;text-left&#8221; text_color=&#8221;inherit&#8221; background_color=&#8221;inherit&#8221; background_hover_color=&#8221;darker-hover&#8221; extra_class=&#8221;&#8221; reveal_effect=&#8221;&#8221; reveal_duration=&#8221;&#8221; reveal_delay=&#8221;&#8221;][vc_single_image image=&#8221;748&#8243; img_size=&#8221;full&#8221; alignment=&#8221;center&#8221;][elx_heading font_container=&#8221;h3&#8243; text_color=&#8221;inherit&#8221; text_align=&#8221;text-left&#8221;]therma<em>line<\/em>[\/elx_heading][vc_column_text]<\/p>\n<ul>\n<li>S\u00e4\u00e4st\u00e4t jopa 60 % energiakustannuksia samalla, kun parannat suoritusta korkealuokkaisen therma<em>line<\/em>-lieden avulla.<\/li>\n<li>Koko tason induktio tekee monien tuotteiden keitt\u00e4misen samanaikaisesti entist\u00e4 helpommaksi.<\/li>\n<\/ul>\n<p>[\/vc_column_text][\/elx_simple_link_block][\/vc_column][vc_column width=&#8221;1\/3&#8243;][elx_simple_link_block link=&#8221;url:https%3A%2F%2Fwww.electroluxprofessional.com%2Ffi%2Fammattikeittiolaitteet%2Fyhdistelmauunit-ja-tehojaahdytys%2F|title:Cook%20and%20chill&#8221; text_align=&#8221;text-left&#8221; text_color=&#8221;inherit&#8221; background_color=&#8221;inherit&#8221; background_hover_color=&#8221;darker-hover&#8221; extra_class=&#8221;&#8221; reveal_effect=&#8221;&#8221; reveal_duration=&#8221;&#8221; reveal_delay=&#8221;&#8221;][vc_single_image image=&#8221;13782&#8243; img_size=&#8221;large&#8221; alignment=&#8221;center&#8221;][elx_heading font_container=&#8221;h3&#8243; text_color=&#8221;inherit&#8221; text_align=&#8221;text-center&#8221;]Cook&amp;Chill[\/elx_heading][vc_column_text]<\/p>\n<ul>\n<li>Valmista ruokaa ymp\u00e4rist\u00f6yst\u00e4v\u00e4llisell\u00e4 tavalla Touchline-air-o-steam-uunissa, joka on vihrein nykyisin markkinoilla olevista yhdistelm\u00e4uuneista.<\/li>\n<li>enemm\u00e4n joustavia ruokalistoja, kevyempi\u00e4 ja selke\u00e4mpi\u00e4 ty\u00f6nkulkuja, v\u00e4hemm\u00e4n j\u00e4tteit\u00e4 ja aikaa, kustannusten ja energian s\u00e4\u00e4st\u00f6j\u00e4.<\/li>\n<\/ul>\n<p>[\/vc_column_text][\/elx_simple_link_block][\/vc_column][vc_column width=&#8221;1\/3&#8243;][elx_simple_link_block link=&#8221;url:https%3A%2F%2Fwww.electroluxprofessional.com%2Ffi%2Fammattikeittiolaitteet%2Fjaakaapit-ja-pakastekaapit%2F|title:ecostoreHP%20Refrigerated%20cabinets&#8221; text_align=&#8221;text-left&#8221; text_color=&#8221;inherit&#8221; background_color=&#8221;inherit&#8221; background_hover_color=&#8221;darker-hover&#8221; extra_class=&#8221;&#8221; reveal_effect=&#8221;&#8221; reveal_duration=&#8221;&#8221; reveal_delay=&#8221;&#8221;][vc_single_image image=&#8221;13783&#8243; img_size=&#8221;large&#8221;][elx_heading font_container=&#8221;h3&#8243; text_color=&#8221;inherit&#8221; text_align=&#8221;text-center&#8221;]Kylm\u00e4laitteet[\/elx_heading][vc_column_text]<\/p>\n<ul>\n<li>Pid\u00e4 ruoka kylm\u00e4n\u00e4 luokkansa parhaalla energiatehokkuudella ecostoren kylm\u00e4kaapeissa<\/li>\n<li>Tee keitti\u00f6st\u00e4 kest\u00e4v\u00e4mpi ja tuottavampi.<\/li>\n<\/ul>\n<p>[\/vc_column_text][\/elx_simple_link_block][\/vc_column][\/vc_row][vc_row][vc_column][vc_empty_space height=&#8221;50px&#8221;][elx_heading font_size=&#8221;h3&#8243; text_color=&#8221;inherit&#8221; text_align=&#8221;text-center&#8221;]Haluatko lis\u00e4tietoja? Ota meihin yhteytt\u00e4.[\/elx_heading][vc_empty_space height=&#8221;50px&#8221;][elx_o2000_contact_us s=&#8221;Lis\u00e4tietopyynt\u00f6si: henkil\u00f6kunnan ruokalat&#8221; container=&#8221;elxcontactus1466430938&#8243; r=&#8221;Haluaisin saada lis\u00e4tietoja ratkaisuista henkil\u00f6kunnan ruokaloille.&#8221;][\/vc_column][\/vc_row]<\/p>\n","protected":false},"excerpt":{"rendered":"<p>[vc_row full_width=&#8221;electroluxpro-full-width-no-padding&#8221; css=&#8221;.vc_custom_1663586747054{margin-top: -50px !important;}&#8221;][vc_column][elx_full_banner title=&#8221;Henkil\u00f6st\u00f6ravintolat&#8221; set_as_h1=&#8221;true&#8221; background_image_media_library=&#8221;13784&#8243; background_image_media_library_mobile=&#8221;13785&#8243;][\/vc_column][\/vc_row][vc_row disable_element=&#8221;yes&#8221; css=&#8221;.vc_custom_1663586704023{background-color: #041e41 !important;}&#8221;][vc_column reveal_effect=&#8221;&#8221; width=&#8221;2\/3&#8243;][vc_empty_space][vc_row_inner full_width=&#8221;electroluxpro-full-width-no-padding&#8221;][vc_column_inner width=&#8221;1\/4&#8243;][vc_single_image image=&#8221;13482&#8243; img_size=&#8221;full&#8221;][\/vc_column_inner][vc_column_inner width=&#8221;3\/4&#8243;][vc_empty_space height=&#8221;25px&#8221;][elx_heading font_container=&#8221;h1&#8243; font_size=&#8221;h3&#8243; text_color=&#8221;business&#8221; text_align=&#8221;text-left&#8221;]Henkil\u00f6kunnan ruokalat[\/elx_heading][\/vc_column_inner][\/vc_row_inner][elx_heading font_size=&#8221;h5&#8243; text_color=&#8221;white&#8221;]\u201dOlemme hyvin tyytyv\u00e4isi\u00e4 voidessamme ty\u00f6skennell\u00e4 Electrolux Professionalin maailmanluokan koneilla, mik\u00e4 mahdollistaa meille ei luksustilan mukavuuden ja tunnelman lis\u00e4ksi sen, ett\u00e4 voimme yll\u00e4pit\u00e4\u00e4 kansainv\u00e4liset puhtaus- ja hygieniastandardit keitti\u00f6iss\u00e4mme. Olemme [&hellip;]<\/p>\n","protected":false},"author":135,"featured_media":1906,"parent":3379,"menu_order":0,"comment_status":"closed","ping_status":"closed","template":"","meta":{"footnotes":""},"class_list":["post-13786","page","type-page","status-publish","has-post-thumbnail","hentry"],"yoast_head":"<!-- This site is optimized with the Yoast SEO plugin v23.3 - https:\/\/yoast.com\/wordpress\/plugins\/seo\/ -->\n<title>Henkil\u00f6st\u00f6ravintolat - Electrolux Professional Suomi<\/title>\n<meta name=\"description\" content=\"Henkil\u00f6st\u00f6ravintolat. Lue lis\u00e4\u00e4 monipuolisesta ammattikeitti\u00f6valikoimastamme.\" \/>\n<meta name=\"robots\" content=\"index, follow, max-snippet:-1, max-image-preview:large, max-video-preview:-1\" \/>\n<link rel=\"canonical\" href=\"https:\/\/www.electroluxprofessional.com\/fi\/your-business\/henkilostoravintolat\/\" \/>\n<meta property=\"og:locale\" content=\"fi_FI\" \/>\n<meta property=\"og:type\" content=\"article\" \/>\n<meta property=\"og:title\" content=\"Henkil\u00f6st\u00f6ravintolat - Electrolux Professional Suomi\" \/>\n<meta property=\"og:description\" content=\"Henkil\u00f6st\u00f6ravintolat. Lue lis\u00e4\u00e4 monipuolisesta ammattikeitti\u00f6valikoimastamme.\" \/>\n<meta property=\"og:url\" content=\"https:\/\/www.electroluxprofessional.com\/fi\/your-business\/henkilostoravintolat\/\" \/>\n<meta property=\"og:site_name\" content=\"Electrolux Professional Suomi\" \/>\n<meta property=\"article:modified_time\" content=\"2025-11-05T14:32:01+00:00\" \/>\n<meta property=\"og:image\" content=\"https:\/\/www.electroluxprofessional.com\/fi\/wp-content\/uploads\/2016\/11\/staff-canteens1.jpg\" \/>\n\t<meta property=\"og:image:width\" content=\"700\" \/>\n\t<meta property=\"og:image:height\" content=\"700\" \/>\n\t<meta property=\"og:image:type\" content=\"image\/jpeg\" \/>\n<meta name=\"twitter:card\" content=\"summary_large_image\" \/>\n<meta name=\"twitter:label1\" content=\"Arvioitu lukuaika\" \/>\n\t<meta name=\"twitter:data1\" content=\"3 minuuttia\" \/>\n<script type=\"application\/ld+json\" class=\"yoast-schema-graph\">{\"@context\":\"https:\/\/schema.org\",\"@graph\":[{\"@type\":\"WebPage\",\"@id\":\"https:\/\/www.electroluxprofessional.com\/fi\/your-business\/henkilostoravintolat\/\",\"url\":\"https:\/\/www.electroluxprofessional.com\/fi\/your-business\/henkilostoravintolat\/\",\"name\":\"Henkil\u00f6st\u00f6ravintolat - Electrolux Professional Suomi\",\"isPartOf\":{\"@id\":\"https:\/\/www.electroluxprofessional.com\/fi\/#website\"},\"primaryImageOfPage\":{\"@id\":\"https:\/\/www.electroluxprofessional.com\/fi\/your-business\/henkilostoravintolat\/#primaryimage\"},\"image\":{\"@id\":\"https:\/\/www.electroluxprofessional.com\/fi\/your-business\/henkilostoravintolat\/#primaryimage\"},\"thumbnailUrl\":\"https:\/\/www.electroluxprofessional.com\/fi\/wp-content\/uploads\/2016\/11\/staff-canteens1.jpg\",\"datePublished\":\"2024-11-27T19:05:08+00:00\",\"dateModified\":\"2025-11-05T14:32:01+00:00\",\"description\":\"Henkil\u00f6st\u00f6ravintolat. Lue lis\u00e4\u00e4 monipuolisesta ammattikeitti\u00f6valikoimastamme.\",\"breadcrumb\":{\"@id\":\"https:\/\/www.electroluxprofessional.com\/fi\/your-business\/henkilostoravintolat\/#breadcrumb\"},\"inLanguage\":\"fi\",\"potentialAction\":[{\"@type\":\"ReadAction\",\"target\":[\"https:\/\/www.electroluxprofessional.com\/fi\/your-business\/henkilostoravintolat\/\"]}]},{\"@type\":\"ImageObject\",\"inLanguage\":\"fi\",\"@id\":\"https:\/\/www.electroluxprofessional.com\/fi\/your-business\/henkilostoravintolat\/#primaryimage\",\"url\":\"https:\/\/www.electroluxprofessional.com\/fi\/wp-content\/uploads\/2016\/11\/staff-canteens1.jpg\",\"contentUrl\":\"https:\/\/www.electroluxprofessional.com\/fi\/wp-content\/uploads\/2016\/11\/staff-canteens1.jpg\",\"width\":700,\"height\":700,\"caption\":\"Staff Canteens\"},{\"@type\":\"BreadcrumbList\",\"@id\":\"https:\/\/www.electroluxprofessional.com\/fi\/your-business\/henkilostoravintolat\/#breadcrumb\",\"itemListElement\":[{\"@type\":\"ListItem\",\"position\":1,\"name\":\"Home\",\"item\":\"https:\/\/www.electroluxprofessional.com\/fi\/\"},{\"@type\":\"ListItem\",\"position\":2,\"name\":\"Your Business\",\"item\":\"https:\/\/www.electroluxprofessional.com\/fi\/your-business\/\"},{\"@type\":\"ListItem\",\"position\":3,\"name\":\"Henkil\u00f6st\u00f6ravintolat\"}]},{\"@type\":\"WebSite\",\"@id\":\"https:\/\/www.electroluxprofessional.com\/fi\/#website\",\"url\":\"https:\/\/www.electroluxprofessional.com\/fi\/\",\"name\":\"Electrolux Professional Suomi\",\"description\":\"\",\"potentialAction\":[{\"@type\":\"SearchAction\",\"target\":{\"@type\":\"EntryPoint\",\"urlTemplate\":\"https:\/\/www.electroluxprofessional.com\/fi\/?src={search_term_string}\"},\"query-input\":\"required name=search_term_string\"}],\"inLanguage\":\"fi\"}]}<\/script>\n<!-- \/ Yoast SEO plugin. -->","yoast_head_json":{"title":"Henkil\u00f6st\u00f6ravintolat - Electrolux Professional Suomi","description":"Henkil\u00f6st\u00f6ravintolat. Lue lis\u00e4\u00e4 monipuolisesta ammattikeitti\u00f6valikoimastamme.","robots":{"index":"index","follow":"follow","max-snippet":"max-snippet:-1","max-image-preview":"max-image-preview:large","max-video-preview":"max-video-preview:-1"},"canonical":"https:\/\/www.electroluxprofessional.com\/fi\/your-business\/henkilostoravintolat\/","og_locale":"fi_FI","og_type":"article","og_title":"Henkil\u00f6st\u00f6ravintolat - Electrolux Professional Suomi","og_description":"Henkil\u00f6st\u00f6ravintolat. Lue lis\u00e4\u00e4 monipuolisesta ammattikeitti\u00f6valikoimastamme.","og_url":"https:\/\/www.electroluxprofessional.com\/fi\/your-business\/henkilostoravintolat\/","og_site_name":"Electrolux Professional Suomi","article_modified_time":"2025-11-05T14:32:01+00:00","og_image":[{"width":700,"height":700,"url":"https:\/\/www.electroluxprofessional.com\/fi\/wp-content\/uploads\/2016\/11\/staff-canteens1.jpg","type":"image\/jpeg"}],"twitter_card":"summary_large_image","twitter_misc":{"Arvioitu lukuaika":"3 minuuttia"},"schema":{"@context":"https:\/\/schema.org","@graph":[{"@type":"WebPage","@id":"https:\/\/www.electroluxprofessional.com\/fi\/your-business\/henkilostoravintolat\/","url":"https:\/\/www.electroluxprofessional.com\/fi\/your-business\/henkilostoravintolat\/","name":"Henkil\u00f6st\u00f6ravintolat - Electrolux Professional Suomi","isPartOf":{"@id":"https:\/\/www.electroluxprofessional.com\/fi\/#website"},"primaryImageOfPage":{"@id":"https:\/\/www.electroluxprofessional.com\/fi\/your-business\/henkilostoravintolat\/#primaryimage"},"image":{"@id":"https:\/\/www.electroluxprofessional.com\/fi\/your-business\/henkilostoravintolat\/#primaryimage"},"thumbnailUrl":"https:\/\/www.electroluxprofessional.com\/fi\/wp-content\/uploads\/2016\/11\/staff-canteens1.jpg","datePublished":"2024-11-27T19:05:08+00:00","dateModified":"2025-11-05T14:32:01+00:00","description":"Henkil\u00f6st\u00f6ravintolat. Lue lis\u00e4\u00e4 monipuolisesta ammattikeitti\u00f6valikoimastamme.","breadcrumb":{"@id":"https:\/\/www.electroluxprofessional.com\/fi\/your-business\/henkilostoravintolat\/#breadcrumb"},"inLanguage":"fi","potentialAction":[{"@type":"ReadAction","target":["https:\/\/www.electroluxprofessional.com\/fi\/your-business\/henkilostoravintolat\/"]}]},{"@type":"ImageObject","inLanguage":"fi","@id":"https:\/\/www.electroluxprofessional.com\/fi\/your-business\/henkilostoravintolat\/#primaryimage","url":"https:\/\/www.electroluxprofessional.com\/fi\/wp-content\/uploads\/2016\/11\/staff-canteens1.jpg","contentUrl":"https:\/\/www.electroluxprofessional.com\/fi\/wp-content\/uploads\/2016\/11\/staff-canteens1.jpg","width":700,"height":700,"caption":"Staff Canteens"},{"@type":"BreadcrumbList","@id":"https:\/\/www.electroluxprofessional.com\/fi\/your-business\/henkilostoravintolat\/#breadcrumb","itemListElement":[{"@type":"ListItem","position":1,"name":"Home","item":"https:\/\/www.electroluxprofessional.com\/fi\/"},{"@type":"ListItem","position":2,"name":"Your Business","item":"https:\/\/www.electroluxprofessional.com\/fi\/your-business\/"},{"@type":"ListItem","position":3,"name":"Henkil\u00f6st\u00f6ravintolat"}]},{"@type":"WebSite","@id":"https:\/\/www.electroluxprofessional.com\/fi\/#website","url":"https:\/\/www.electroluxprofessional.com\/fi\/","name":"Electrolux Professional Suomi","description":"","potentialAction":[{"@type":"SearchAction","target":{"@type":"EntryPoint","urlTemplate":"https:\/\/www.electroluxprofessional.com\/fi\/?src={search_term_string}"},"query-input":"required name=search_term_string"}],"inLanguage":"fi"}]}},"_links":{"self":[{"href":"https:\/\/www.electroluxprofessional.com\/fi\/wp-json\/wp\/v2\/pages\/13786"}],"collection":[{"href":"https:\/\/www.electroluxprofessional.com\/fi\/wp-json\/wp\/v2\/pages"}],"about":[{"href":"https:\/\/www.electroluxprofessional.com\/fi\/wp-json\/wp\/v2\/types\/page"}],"author":[{"embeddable":true,"href":"https:\/\/www.electroluxprofessional.com\/fi\/wp-json\/wp\/v2\/users\/135"}],"replies":[{"embeddable":true,"href":"https:\/\/www.electroluxprofessional.com\/fi\/wp-json\/wp\/v2\/comments?post=13786"}],"version-history":[{"count":13,"href":"https:\/\/www.electroluxprofessional.com\/fi\/wp-json\/wp\/v2\/pages\/13786\/revisions"}],"predecessor-version":[{"id":15659,"href":"https:\/\/www.electroluxprofessional.com\/fi\/wp-json\/wp\/v2\/pages\/13786\/revisions\/15659"}],"up":[{"embeddable":true,"href":"https:\/\/www.electroluxprofessional.com\/fi\/wp-json\/wp\/v2\/pages\/3379"}],"wp:featuredmedia":[{"embeddable":true,"href":"https:\/\/www.electroluxprofessional.com\/fi\/wp-json\/wp\/v2\/media\/1906"}],"wp:attachment":[{"href":"https:\/\/www.electroluxprofessional.com\/fi\/wp-json\/wp\/v2\/media?parent=13786"}],"curies":[{"name":"wp","href":"https:\/\/api.w.org\/{rel}","templated":true}]}}