{"id":13777,"date":"2024-11-27T19:04:31","date_gmt":"2024-11-27T19:04:31","guid":{"rendered":"https:\/\/www.electroluxprofessional.com\/fi\/?page_id=13777"},"modified":"2025-11-05T14:30:17","modified_gmt":"2025-11-05T14:30:17","slug":"ravintolat","status":"publish","type":"page","link":"https:\/\/www.electroluxprofessional.com\/fi\/your-business\/ravintolat\/","title":{"rendered":"Ravintolat"},"content":{"rendered":"<p>[vc_row full_width=&#8221;electroluxpro-full-width-no-padding&#8221; css=&#8221;.vc_custom_1663584047097{margin-top: -50px !important;}&#8221;][vc_column reveal_effect=&#8221;&#8221;][elx_full_banner title=&#8221;Ravintolat&#8221; background_image_media_library=&#8221;13775&#8243; background_image_media_library_mobile=&#8221;13776&#8243;][\/vc_column][\/vc_row][vc_row disable_element=&#8221;yes&#8221; css=&#8221;.vc_custom_1663584023076{background-color: #041e41 !important;}&#8221;][vc_column reveal_effect=&#8221;&#8221; width=&#8221;2\/3&#8243;][vc_empty_space][vc_row_inner full_width=&#8221;electroluxpro-full-width-no-padding&#8221;][vc_column_inner width=&#8221;1\/4&#8243;][vc_single_image image=&#8221;13771&#8243; img_size=&#8221;full&#8221;][\/vc_column_inner][vc_column_inner width=&#8221;3\/4&#8243;][vc_empty_space height=&#8221;25px&#8221;][elx_heading font_container=&#8221;h1&#8243; font_size=&#8221;h3&#8243; text_color=&#8221;restaurant&#8221;]Ravintolat[\/elx_heading][\/vc_column_inner][\/vc_row_inner][vc_empty_space height=&#8221;50px&#8221;][elx_heading font_container=&#8221;p&#8221; font_size=&#8221;h5&#8243; text_color=&#8221;white&#8221; text_align=&#8221;text-left&#8221;]\u201dElectrolux Professional on ollut minulle hyv\u00e4 kumppani, ja sen laitteet ovat olleet eritt\u00e4in hyvi\u00e4 keitti\u00f6lleni. Suosittelen sen tuotteita ilomielin alani muille toimijoille.\u201d[\/elx_heading][vc_column_text]<\/p>\n<p style=\"color: #fff;\"><strong>Simon Hulstone<\/strong><br \/>\nP\u00e4\u00e4kokki-omistaja <strong>The Elephant<\/strong> &#8211; Michelin-t\u00e4hden ravintola<br \/>\n<strong>Devon, Iso-Britannia<\/strong>[\/vc_column_text][\/vc_column][vc_column reveal_effect=&#8221;&#8221; width=&#8221;1\/3&#8243;][elx_image_block background_image=&#8221;13774&#8243; minimum_height=&#8221;580px&#8221;][\/vc_column][\/vc_row][vc_row][vc_column][elx_heading font_size=&#8221;h3&#8243; text_color=&#8221;electrolux-blue&#8221; text_align=&#8221;text-left&#8221;]Electrolux Professional<br \/>\nammattikeitti\u00f6ratkaisut[\/elx_heading][vc_empty_space][\/vc_column][\/vc_row][vc_row][vc_column width=&#8221;2\/3&#8243; css=&#8221;.vc_custom_1464680696345{padding-top: 30px !important;}&#8221;][elx_image_block background_image=&#8221;598&#8243; minimum_height=&#8221;400px&#8221;][\/vc_column][vc_column width=&#8221;1\/3&#8243;][vc_empty_space height=&#8221;65px&#8221;][vc_column_text]Electrolux Professional tarjoaa ravintolaasi juuri sen joustavuuden, helppouden ja tehon, jota tarvitset optimaalisen ty\u00f6nkulun turvaamiseksi.[\/vc_column_text][\/vc_column][\/vc_row][vc_row][vc_column width=&#8221;2\/3&#8243;][vc_empty_space height=&#8221;50px&#8221;][elx_heading font_container=&#8221;h3&#8243; font_size=&#8221;h3&#8243; text_color=&#8221;inherit&#8221;]Keitti\u00f6, joka auttaa menestym\u00e4\u00e4n[\/elx_heading][vc_column_text css_animation=&#8221;none&#8221;]Electrolux Professionalin <strong>therma<em>line <\/em>ja Molteni<\/strong>, jotka on kehitetty p\u00e4\u00e4kokkien todelliseksi kumppaniksi, vastaavat kaikkia <strong>Fine dining -ravintoloiden<\/strong> vaatimuksia.[\/vc_column_text][elx_heading font_container=&#8221;h3&#8243; text_color=&#8221;inherit&#8221;]Kaikki tarpeet huomioitu.[\/elx_heading][vc_column_text css_animation=&#8221;none&#8221;]Hoidat sitten <strong>ketjuravintoloita ja\u00a0pikaruokaravintoloita<\/strong>, <strong>fine\u00a0dining<\/strong>&#8211; tai<strong> t\u00e4yden palvelun ravintoloita<\/strong>, Electrolux Professionalilla on laitteet, joiden avulla ratkaiset hankalimmatkin haasteet.[\/vc_column_text][\/vc_column][vc_column width=&#8221;1\/3&#8243; css=&#8221;.vc_custom_1484036847003{margin-top: 30px !important;border-top-width: 30px !important;padding-top: 30px !important;}&#8221;][elx_image_block background_image=&#8221;596&#8243; minimum_height=&#8221;400px&#8221;][\/vc_column][\/vc_row][vc_row][vc_column][vc_empty_space][\/vc_column][\/vc_row][vc_row css=&#8221;.vc_custom_1517564415244{background-color: #eeeeee !important;}&#8221;][vc_column css=&#8221;.vc_custom_1484036722557{padding-top: 30px !important;padding-bottom: 10px !important;}&#8221;][elx_heading font_container=&#8221;h3&#8243; font_size=&#8221;h3&#8243; text_color=&#8221;inherit&#8221; text_align=&#8221;text-left&#8221;]Ravintolat &#8211; ratkaisumme erilaisiin tarpeisiisi[\/elx_heading][vc_row_inner][vc_column_inner width=&#8221;1\/2&#8243;][elx_image_block background_image=&#8221;600&#8243; minimum_height=&#8221;332px&#8221;][elx_heading font_size=&#8221;h5&#8243; text_color=&#8221;inherit&#8221; text_align=&#8221;text-left&#8221;]T\u00e4yden palvelun<br \/>\nravintolat[\/elx_heading][vc_column_text]\u00c4l\u00e4 rajoita ruokalistaa, vaan anna asiakkaan valita laajan ruokalistan loputtomista erilaisista ruokalajeista. Valitse kumppanit keitti\u00f6\u00f6n, valitse Electrolux Professional luotettavaksi ja luottamuksenarvoiseksi kumppaniksi.[\/vc_column_text][vc_empty_space][elx_button button_text=&#8221;Saat lis\u00e4tietoja ottamalla yhteytt\u00e4&#8221; button_link=&#8221;url:%23contactus&#8221;][vc_empty_space][\/vc_column_inner][vc_column_inner width=&#8221;1\/2&#8243;][elx_image_block background_image=&#8221;601&#8243; minimum_height=&#8221;332px&#8221;][elx_heading font_size=&#8221;h5&#8243; text_color=&#8221;inherit&#8221; text_align=&#8221;text-left&#8221;]Pikaruokaravintolat[\/elx_heading][vc_column_text]Ole tehokas, ole nopeampi. Tee asiakkaan lyhyest\u00e4 lounastaukokokemuksesta nautinnollinen. Electrolux Professional on kumppanisi, jolla on ratkaisut. Valitse monitoimiset, joustavat ja nopeat laitteet.[\/vc_column_text][vc_empty_space][elx_button button_text=&#8221;Saat lis\u00e4tietoja ottamalla yhteytt\u00e4&#8221; button_link=&#8221;url:%23contactus&#8221;][vc_empty_space][\/vc_column_inner][\/vc_row_inner][\/vc_column][\/vc_row][vc_row][vc_column][vc_empty_space][\/vc_column][\/vc_row][vc_row equal_height=&#8221;yes&#8221; content_placement=&#8221;middle&#8221;][vc_column width=&#8221;1\/3&#8243;][elx_simple_block text_align=&#8221;text-center&#8221; background_color=&#8221;restaurant&#8221;][elx_heading text_color=&#8221;white&#8221;]Ketjuliikkeet[\/elx_heading][vc_column_text]<\/p>\n<p style=\"text-align: center;\"><span style=\"color: #ffffff;\">Miten voimme erottua?<\/span><\/p>\n<p>[\/vc_column_text][elx_button button_text=&#8221;Lue lis\u00e4\u00e4&#8221; button_style=&#8221;default&#8221; button_link=&#8221;url:https%3A%2F%2Fwww.electroluxprofessional.com%2Ffi%2F%2Fyour-business%2Frestaurant-chains%2F|||&#8221;][\/elx_simple_block][\/vc_column][vc_column width=&#8221;1\/3&#8243;][vc_single_image image=&#8221;13772&#8243; img_size=&#8221;full&#8221;][\/vc_column][vc_column width=&#8221;1\/3&#8243;][vc_single_image image=&#8221;13773&#8243; img_size=&#8221;full&#8221;][\/vc_column][\/vc_row][vc_row][vc_column][vc_empty_space][\/vc_column][\/vc_row][vc_row][vc_column][vc_empty_space][\/vc_column][\/vc_row][vc_row el_id=&#8221;contactus&#8221;][vc_column][elx_heading font_container=&#8221;h3&#8243; text_color=&#8221;inherit&#8221; text_align=&#8221;text-center&#8221;]Ammattikeitti\u00f6ratkaisut &#8211; ravintolat.<\/p>\n<p>Haluatko lis\u00e4tietoja? Ota meihin yhteytt\u00e4.[\/elx_heading][vc_empty_space][elx_o2000_contact_us s=&#8221;Lis\u00e4tietopyynt\u00f6si: ravintolat&#8221; container=&#8221;elxcontactus1466432017&#8243; r=&#8221;Haluaisin saada lis\u00e4tietoja ratkaisuista ravintoloille, voisitteko ottaa minuun yhteytt\u00e4.&#8221;][\/vc_column][\/vc_row][vc_row css=&#8221;.vc_custom_1464686680535{padding-bottom: 30px !important;}&#8221;][vc_column][vc_empty_space][elx_heading font_size=&#8221;h3&#8243; text_color=&#8221;inherit&#8221; text_align=&#8221;text-left&#8221;]Asiakkaidemme \u00e4\u00e4ni[\/elx_heading][\/vc_column][\/vc_row][vc_row][vc_column width=&#8221;1\/3&#8243;][elx_image_block background_image=&#8221;603&#8243; minimum_height=&#8221;400px&#8221;][elx_heading font_container=&#8221;h3&#8243; font_size=&#8221;h5&#8243; text_color=&#8221;inherit&#8221;]IYO[\/elx_heading][vc_column_text css_animation=&#8221;none&#8221; css=&#8221;.vc_custom_1517565076750{padding-top: 15px !important;}&#8221;]\u201d<em>Valitsimme Electrolux Professionalin, koska teknologian ja toimintojen suhteen sen koneet ovat taatusti askel eteenp\u00e4in. Thermaline-keittotaso auttaa meit\u00e4 olemaan todella hyvi\u00e4, koska se takaa vertaansa vailla olevan tehokkuuden ja varmuuden<\/em>&#8220;.<\/p>\n<p><strong>Claudio Liu, Perustaja<br \/>\n<\/strong>Iyo &#8211; Michelin-t\u00e4hden ravintola<strong><br \/>\nMilano, Italia<\/strong>[\/vc_column_text][\/vc_column][vc_column width=&#8221;1\/3&#8243;][elx_image_block background_image=&#8221;379&#8243; minimum_height=&#8221;400px&#8221;][elx_heading font_container=&#8221;h3&#8243; font_size=&#8221;h5&#8243; text_color=&#8221;inherit&#8221;]Priceless Milano[\/elx_heading][vc_column_text]<em>\u201dElectrolux tarjoaa niin paljon ruoanlaittoon liittyvi\u00e4 etuja, ett\u00e4 suosittelen sen ratkaisuja kollegoilleni, ei vain Italiassa vaan maailmanlaajuisesti.&#8221;<\/em><\/p>\n<p><strong>Christian Pircher<br \/>\n<\/strong>JRE chef, Kirchsteiger Restaurant<strong><br \/>\nFoiana<\/strong>[\/vc_column_text][\/vc_column][vc_column width=&#8221;1\/3&#8243;][elx_image_block background_image=&#8221;1684&#8243; vert_back_position=&#8221;top&#8221; minimum_height=&#8221;400px&#8221;][elx_heading font_container=&#8221;h3&#8243; font_size=&#8221;h5&#8243; text_color=&#8221;inherit&#8221;]Tiergarten[\/elx_heading][vc_column_text css_animation=&#8221;none&#8221; css=&#8221;.vc_custom_1517565108498{padding-top: 15px !important;}&#8221;]<em>\u201dP\u00e4\u00e4t\u00f6s valita Electrolux Professionalin laitteet oli tulosta tarjouskilpailusta. Electrolux Professionalin valinta perustui hyv\u00e4\u00e4n tukeen, tuotteiden luotettavuuteen sek\u00e4 Hinta\/suorituskyky-suhteeseen.\u201d<\/em><\/p>\n<p><strong>Maikel Konrad<br \/>\n<\/strong>P\u00e4\u00e4kokki Restaurant Tiergarten[\/vc_column_text][\/vc_column][\/vc_row][vc_row][vc_column][vc_empty_space][\/vc_column][\/vc_row]<\/p>\n","protected":false},"excerpt":{"rendered":"<p>[vc_row full_width=&#8221;electroluxpro-full-width-no-padding&#8221; css=&#8221;.vc_custom_1663584047097{margin-top: -50px !important;}&#8221;][vc_column reveal_effect=&#8221;&#8221;][elx_full_banner title=&#8221;Ravintolat&#8221; background_image_media_library=&#8221;13775&#8243; background_image_media_library_mobile=&#8221;13776&#8243;][\/vc_column][\/vc_row][vc_row disable_element=&#8221;yes&#8221; css=&#8221;.vc_custom_1663584023076{background-color: #041e41 !important;}&#8221;][vc_column reveal_effect=&#8221;&#8221; width=&#8221;2\/3&#8243;][vc_empty_space][vc_row_inner full_width=&#8221;electroluxpro-full-width-no-padding&#8221;][vc_column_inner width=&#8221;1\/4&#8243;][vc_single_image image=&#8221;13771&#8243; img_size=&#8221;full&#8221;][\/vc_column_inner][vc_column_inner width=&#8221;3\/4&#8243;][vc_empty_space height=&#8221;25px&#8221;][elx_heading font_container=&#8221;h1&#8243; font_size=&#8221;h3&#8243; text_color=&#8221;restaurant&#8221;]Ravintolat[\/elx_heading][\/vc_column_inner][\/vc_row_inner][vc_empty_space height=&#8221;50px&#8221;][elx_heading font_container=&#8221;p&#8221; font_size=&#8221;h5&#8243; text_color=&#8221;white&#8221; text_align=&#8221;text-left&#8221;]\u201dElectrolux Professional on ollut minulle hyv\u00e4 kumppani, ja sen laitteet ovat olleet eritt\u00e4in hyvi\u00e4 keitti\u00f6lleni. Suosittelen sen tuotteita ilomielin alani muille toimijoille.\u201d[\/elx_heading][vc_column_text] Simon Hulstone P\u00e4\u00e4kokki-omistaja The Elephant [&hellip;]<\/p>\n","protected":false},"author":135,"featured_media":598,"parent":3379,"menu_order":0,"comment_status":"closed","ping_status":"closed","template":"","meta":{"footnotes":""},"class_list":["post-13777","page","type-page","status-publish","has-post-thumbnail","hentry"],"yoast_head":"<!-- This site is optimized with the Yoast SEO plugin v23.3 - https:\/\/yoast.com\/wordpress\/plugins\/seo\/ -->\n<title>Ravintolat - Electrolux Professional Suomi<\/title>\n<meta name=\"description\" content=\"Electrolux Professional tarjoaa ravintolaasi joustavuuden, helppouden ja tehon, jota tarvitset optimaalisen ty\u00f6nkulun turvaamiseksi.\" \/>\n<meta name=\"robots\" content=\"index, follow, max-snippet:-1, max-image-preview:large, max-video-preview:-1\" \/>\n<link rel=\"canonical\" href=\"https:\/\/www.electroluxprofessional.com\/fi\/your-business\/ravintolat\/\" \/>\n<meta property=\"og:locale\" content=\"fi_FI\" \/>\n<meta property=\"og:type\" content=\"article\" \/>\n<meta property=\"og:title\" content=\"Ravintolat - Electrolux Professional Suomi\" \/>\n<meta property=\"og:description\" content=\"Electrolux Professional tarjoaa ravintolaasi joustavuuden, helppouden ja tehon, jota tarvitset optimaalisen ty\u00f6nkulun turvaamiseksi.\" \/>\n<meta property=\"og:url\" content=\"https:\/\/www.electroluxprofessional.com\/fi\/your-business\/ravintolat\/\" \/>\n<meta property=\"og:site_name\" content=\"Electrolux Professional Suomi\" \/>\n<meta property=\"article:modified_time\" content=\"2025-11-05T14:30:17+00:00\" \/>\n<meta property=\"og:image\" content=\"https:\/\/www.electroluxprofessional.com\/fi\/wp-content\/uploads\/2016\/05\/fine-dining-restaurants.jpg\" \/>\n\t<meta property=\"og:image:width\" content=\"1000\" \/>\n\t<meta property=\"og:image:height\" content=\"667\" \/>\n\t<meta property=\"og:image:type\" content=\"image\/jpeg\" \/>\n<meta name=\"twitter:card\" content=\"summary_large_image\" \/>\n<meta name=\"twitter:label1\" content=\"Arvioitu lukuaika\" \/>\n\t<meta name=\"twitter:data1\" content=\"3 minuuttia\" \/>\n<script type=\"application\/ld+json\" class=\"yoast-schema-graph\">{\"@context\":\"https:\/\/schema.org\",\"@graph\":[{\"@type\":\"WebPage\",\"@id\":\"https:\/\/www.electroluxprofessional.com\/fi\/your-business\/ravintolat\/\",\"url\":\"https:\/\/www.electroluxprofessional.com\/fi\/your-business\/ravintolat\/\",\"name\":\"Ravintolat - Electrolux Professional Suomi\",\"isPartOf\":{\"@id\":\"https:\/\/www.electroluxprofessional.com\/fi\/#website\"},\"primaryImageOfPage\":{\"@id\":\"https:\/\/www.electroluxprofessional.com\/fi\/your-business\/ravintolat\/#primaryimage\"},\"image\":{\"@id\":\"https:\/\/www.electroluxprofessional.com\/fi\/your-business\/ravintolat\/#primaryimage\"},\"thumbnailUrl\":\"https:\/\/www.electroluxprofessional.com\/fi\/wp-content\/uploads\/2016\/05\/fine-dining-restaurants.jpg\",\"datePublished\":\"2024-11-27T19:04:31+00:00\",\"dateModified\":\"2025-11-05T14:30:17+00:00\",\"description\":\"Electrolux Professional tarjoaa ravintolaasi joustavuuden, helppouden ja tehon, jota tarvitset optimaalisen ty\u00f6nkulun turvaamiseksi.\",\"breadcrumb\":{\"@id\":\"https:\/\/www.electroluxprofessional.com\/fi\/your-business\/ravintolat\/#breadcrumb\"},\"inLanguage\":\"fi\",\"potentialAction\":[{\"@type\":\"ReadAction\",\"target\":[\"https:\/\/www.electroluxprofessional.com\/fi\/your-business\/ravintolat\/\"]}]},{\"@type\":\"ImageObject\",\"inLanguage\":\"fi\",\"@id\":\"https:\/\/www.electroluxprofessional.com\/fi\/your-business\/ravintolat\/#primaryimage\",\"url\":\"https:\/\/www.electroluxprofessional.com\/fi\/wp-content\/uploads\/2016\/05\/fine-dining-restaurants.jpg\",\"contentUrl\":\"https:\/\/www.electroluxprofessional.com\/fi\/wp-content\/uploads\/2016\/05\/fine-dining-restaurants.jpg\",\"width\":1000,\"height\":667,\"caption\":\"fine dining restaurants\"},{\"@type\":\"BreadcrumbList\",\"@id\":\"https:\/\/www.electroluxprofessional.com\/fi\/your-business\/ravintolat\/#breadcrumb\",\"itemListElement\":[{\"@type\":\"ListItem\",\"position\":1,\"name\":\"Home\",\"item\":\"https:\/\/www.electroluxprofessional.com\/fi\/\"},{\"@type\":\"ListItem\",\"position\":2,\"name\":\"Your Business\",\"item\":\"https:\/\/www.electroluxprofessional.com\/fi\/your-business\/\"},{\"@type\":\"ListItem\",\"position\":3,\"name\":\"Ravintolat\"}]},{\"@type\":\"WebSite\",\"@id\":\"https:\/\/www.electroluxprofessional.com\/fi\/#website\",\"url\":\"https:\/\/www.electroluxprofessional.com\/fi\/\",\"name\":\"Electrolux Professional Suomi\",\"description\":\"\",\"potentialAction\":[{\"@type\":\"SearchAction\",\"target\":{\"@type\":\"EntryPoint\",\"urlTemplate\":\"https:\/\/www.electroluxprofessional.com\/fi\/?src={search_term_string}\"},\"query-input\":\"required name=search_term_string\"}],\"inLanguage\":\"fi\"}]}<\/script>\n<!-- \/ Yoast SEO plugin. -->","yoast_head_json":{"title":"Ravintolat - Electrolux Professional Suomi","description":"Electrolux Professional tarjoaa ravintolaasi joustavuuden, helppouden ja tehon, jota tarvitset optimaalisen ty\u00f6nkulun turvaamiseksi.","robots":{"index":"index","follow":"follow","max-snippet":"max-snippet:-1","max-image-preview":"max-image-preview:large","max-video-preview":"max-video-preview:-1"},"canonical":"https:\/\/www.electroluxprofessional.com\/fi\/your-business\/ravintolat\/","og_locale":"fi_FI","og_type":"article","og_title":"Ravintolat - Electrolux Professional Suomi","og_description":"Electrolux Professional tarjoaa ravintolaasi joustavuuden, helppouden ja tehon, jota tarvitset optimaalisen ty\u00f6nkulun turvaamiseksi.","og_url":"https:\/\/www.electroluxprofessional.com\/fi\/your-business\/ravintolat\/","og_site_name":"Electrolux Professional Suomi","article_modified_time":"2025-11-05T14:30:17+00:00","og_image":[{"width":1000,"height":667,"url":"https:\/\/www.electroluxprofessional.com\/fi\/wp-content\/uploads\/2016\/05\/fine-dining-restaurants.jpg","type":"image\/jpeg"}],"twitter_card":"summary_large_image","twitter_misc":{"Arvioitu lukuaika":"3 minuuttia"},"schema":{"@context":"https:\/\/schema.org","@graph":[{"@type":"WebPage","@id":"https:\/\/www.electroluxprofessional.com\/fi\/your-business\/ravintolat\/","url":"https:\/\/www.electroluxprofessional.com\/fi\/your-business\/ravintolat\/","name":"Ravintolat - Electrolux Professional Suomi","isPartOf":{"@id":"https:\/\/www.electroluxprofessional.com\/fi\/#website"},"primaryImageOfPage":{"@id":"https:\/\/www.electroluxprofessional.com\/fi\/your-business\/ravintolat\/#primaryimage"},"image":{"@id":"https:\/\/www.electroluxprofessional.com\/fi\/your-business\/ravintolat\/#primaryimage"},"thumbnailUrl":"https:\/\/www.electroluxprofessional.com\/fi\/wp-content\/uploads\/2016\/05\/fine-dining-restaurants.jpg","datePublished":"2024-11-27T19:04:31+00:00","dateModified":"2025-11-05T14:30:17+00:00","description":"Electrolux Professional tarjoaa ravintolaasi joustavuuden, helppouden ja tehon, jota tarvitset optimaalisen ty\u00f6nkulun turvaamiseksi.","breadcrumb":{"@id":"https:\/\/www.electroluxprofessional.com\/fi\/your-business\/ravintolat\/#breadcrumb"},"inLanguage":"fi","potentialAction":[{"@type":"ReadAction","target":["https:\/\/www.electroluxprofessional.com\/fi\/your-business\/ravintolat\/"]}]},{"@type":"ImageObject","inLanguage":"fi","@id":"https:\/\/www.electroluxprofessional.com\/fi\/your-business\/ravintolat\/#primaryimage","url":"https:\/\/www.electroluxprofessional.com\/fi\/wp-content\/uploads\/2016\/05\/fine-dining-restaurants.jpg","contentUrl":"https:\/\/www.electroluxprofessional.com\/fi\/wp-content\/uploads\/2016\/05\/fine-dining-restaurants.jpg","width":1000,"height":667,"caption":"fine dining restaurants"},{"@type":"BreadcrumbList","@id":"https:\/\/www.electroluxprofessional.com\/fi\/your-business\/ravintolat\/#breadcrumb","itemListElement":[{"@type":"ListItem","position":1,"name":"Home","item":"https:\/\/www.electroluxprofessional.com\/fi\/"},{"@type":"ListItem","position":2,"name":"Your Business","item":"https:\/\/www.electroluxprofessional.com\/fi\/your-business\/"},{"@type":"ListItem","position":3,"name":"Ravintolat"}]},{"@type":"WebSite","@id":"https:\/\/www.electroluxprofessional.com\/fi\/#website","url":"https:\/\/www.electroluxprofessional.com\/fi\/","name":"Electrolux Professional Suomi","description":"","potentialAction":[{"@type":"SearchAction","target":{"@type":"EntryPoint","urlTemplate":"https:\/\/www.electroluxprofessional.com\/fi\/?src={search_term_string}"},"query-input":"required name=search_term_string"}],"inLanguage":"fi"}]}},"_links":{"self":[{"href":"https:\/\/www.electroluxprofessional.com\/fi\/wp-json\/wp\/v2\/pages\/13777"}],"collection":[{"href":"https:\/\/www.electroluxprofessional.com\/fi\/wp-json\/wp\/v2\/pages"}],"about":[{"href":"https:\/\/www.electroluxprofessional.com\/fi\/wp-json\/wp\/v2\/types\/page"}],"author":[{"embeddable":true,"href":"https:\/\/www.electroluxprofessional.com\/fi\/wp-json\/wp\/v2\/users\/135"}],"replies":[{"embeddable":true,"href":"https:\/\/www.electroluxprofessional.com\/fi\/wp-json\/wp\/v2\/comments?post=13777"}],"version-history":[{"count":9,"href":"https:\/\/www.electroluxprofessional.com\/fi\/wp-json\/wp\/v2\/pages\/13777\/revisions"}],"predecessor-version":[{"id":15651,"href":"https:\/\/www.electroluxprofessional.com\/fi\/wp-json\/wp\/v2\/pages\/13777\/revisions\/15651"}],"up":[{"embeddable":true,"href":"https:\/\/www.electroluxprofessional.com\/fi\/wp-json\/wp\/v2\/pages\/3379"}],"wp:featuredmedia":[{"embeddable":true,"href":"https:\/\/www.electroluxprofessional.com\/fi\/wp-json\/wp\/v2\/media\/598"}],"wp:attachment":[{"href":"https:\/\/www.electroluxprofessional.com\/fi\/wp-json\/wp\/v2\/media?parent=13777"}],"curies":[{"name":"wp","href":"https:\/\/api.w.org\/{rel}","templated":true}]}}