{"id":13770,"date":"2024-11-27T19:03:55","date_gmt":"2024-11-27T19:03:55","guid":{"rendered":"https:\/\/www.electroluxprofessional.com\/fi\/?page_id=13770"},"modified":"2025-11-05T14:31:51","modified_gmt":"2025-11-05T14:31:51","slug":"elintarviketeollisuus","status":"publish","type":"page","link":"https:\/\/www.electroluxprofessional.com\/fi\/your-business\/elintarviketeollisuus\/","title":{"rendered":"Elintarviketeollisuus"},"content":{"rendered":"<p>[vc_row full_width=&#8221;electroluxpro-full-width-no-padding&#8221; css=&#8221;.vc_custom_1663597109776{margin-top: -50px !important;}&#8221;][vc_column][elx_full_banner title=&#8221;Elintarviketeollisuus&#8221; background_image_media_library=&#8221;13754&#8243; background_image_media_library_mobile=&#8221;13755&#8243;][\/vc_column][\/vc_row][vc_row][vc_column][vc_empty_space][elx_heading font_container=&#8221;h1&#8243; text_color=&#8221;inherit&#8221;]Elintarviketeollisuus edellytt\u00e4\u00e4 j\u00e4rjestelmi\u00e4, joiden avulla v\u00e4ltet\u00e4\u00e4n saastumisongelmat prosessin kaikilla tasoilla.[\/elx_heading][vc_empty_space][\/vc_column][\/vc_row][vc_row][vc_column width=&#8221;1\/2&#8243;][vc_column_text]<strong>HACCP<\/strong>\u00a0\u2013 Hazard Analysis and Critical Control Point -j\u00e4rjestelm\u00e4 on tapa arvioida tuotteeseen tai prosessiin liittyvi\u00e4 luontaisia riskej\u00e4 ja m\u00e4\u00e4ritt\u00e4\u00e4 tarvittavat toimenpiteet tunnistettujen riskien hallitsemiseksi. HACCP International auttaa v\u00e4hent\u00e4m\u00e4\u00e4n elintarvikkeiden turvallisuusriski\u00e4 tarjoamalla maailmanlaajuisesti tunnustetun vaatimustenmukaisuustodistuksen, joka todistaa tuotteen olevan turvallinen elintarviketeollisuuden k\u00e4ytt\u00f6\u00f6n.[\/vc_column_text][vc_column_text]Electrolux Professional on kunnioittanut HACCP-prosessia vuodesta 1998 l\u00e4htien, ja se on saanut maailmanlaajuisen pyykinpesuhygienian sertifikaatin. Electrolux Professional on <strong>ensimm\u00e4inen kaupallinen pesukonevalmistaja, jonka HACCP International on hyv\u00e4ksynyt<\/strong>.[\/vc_column_text][\/vc_column][vc_column width=&#8221;1\/2&#8243;][elx_image_block background_image=&#8221;13750&#8243; minimum_height=&#8221;410px&#8221;][\/vc_column][\/vc_row][vc_row][vc_column][vc_empty_space][elx_heading text_color=&#8221;inherit&#8221;]Turvallisuus alkaa ty\u00f6ntekij\u00f6ist\u00e4[\/elx_heading][vc_empty_space][vc_column_text]Turvallinen elintarvikkeiden k\u00e4sittely alkaa elintarviketehtaan ty\u00f6ntekij\u00f6iden ty\u00f6vaatteista. Elintarvikkeita k\u00e4sittelevien ty\u00f6ntekij\u00f6iden on yll\u00e4pidett\u00e4v\u00e4 korkeatasoista henkil\u00f6kohtaista hygieniaa ja puhtautta, jotta haitalliset bakteerit eiv\u00e4t siirry elintarvikkeisiin. T\u00e4m\u00e4n vuoksi hyv\u00e4 henkil\u00f6kohtainen hygienia on v\u00e4ltt\u00e4m\u00e4t\u00f6nt\u00e4 elintarviketurvallisuuden varmistamiseksi.\u00a0Ristikontaminaatio ja henkil\u00f6kohtainen hygienia ovat kaksi p\u00e4\u00e4asiaa, jotka on k\u00e4sitelt\u00e4v\u00e4 elintarviketeollisuudessa korkean laadun, hygienian ja turvallisuusstandardien takaamiseksi. Elintarviketuottajat haluavat v\u00e4hent\u00e4\u00e4 erityisesti:[\/vc_column_text][vc_empty_space][\/vc_column][\/vc_row][vc_row][vc_column width=&#8221;1\/2&#8243;][elx_image_block background_image=&#8221;13751&#8243; minimum_height=&#8221;500px&#8221;][\/vc_column][vc_column width=&#8221;1\/2&#8243;][vc_column_text]<\/p>\n<ul>\n<li>Tuotteiden hylk\u00e4yst\u00e4<\/li>\n<li>Tuotteiden takaisinvetoa<\/li>\n<li>Elintarvikkeiden kontaminaatiotapauksia<\/li>\n<li>Kustannukset<\/li>\n<\/ul>\n<p>[\/vc_column_text][vc_column_text]Elintarvikeyritysten on mietitt\u00e4v\u00e4 elintarvikkeiden turvallisuusriskej\u00e4 kaikista mahdollisista l\u00e4hteist\u00e4 koko toimitusketjussa. Riskit voidaan jakaa niiden luonteen mukaan seuraavaan nelj\u00e4\u00e4n kategoriaan:[\/vc_column_text][vc_column_text]<\/p>\n<ul>\n<li><strong>Biologiset\u00a0<\/strong>riskit, esim. bakteerit, virukset, loiset ja hajoavat orgaaniset aineet.<\/li>\n<li><strong>Kemialliset\u00a0<\/strong> riskit, esim. torjunta-aineet, prosessikemikaalit, l\u00e4\u00e4kej\u00e4\u00e4m\u00e4t ja muut haitalliset aineet.<\/li>\n<li><strong>Fyysiset\u00a0<\/strong> riskit, esim. lasin tai metallinpalat, hiukset, siemenet, luut tai hy\u00f6nteiset ja ulkoiset esineet.<\/li>\n<li><strong>Allergiariskit\u00a0<\/strong>esim. kemialliset vaarat, jotka aiheuttavat allergisen reaktion kohteelle.<\/li>\n<\/ul>\n<p>[\/vc_column_text][\/vc_column][\/vc_row][vc_row disable_element=&#8221;yes&#8221;][vc_column][elx_heading font_container=&#8221;h3&#8243; text_color=&#8221;inherit&#8221;]Kontaminaatioriskin minimointi[\/elx_heading][vc_empty_space][vc_column_text]Ruoan kontaminaatioriskin minimointi on mahdollista, ja se alkaa vaatteista. On olemassa joitakin peruss\u00e4\u00e4nt\u00f6j\u00e4, joita tulee aina noudattaa:[\/vc_column_text][vc_column_text]<\/p>\n<ul>\n<li>Puhdista ty\u00f6vaatteet, esiliinat ja muut vaatteet jokaisen ty\u00f6vuoron alussa ja vaihda ne s\u00e4\u00e4nn\u00f6llisesti.<\/li>\n<li>K\u00e4yt\u00e4 ty\u00f6vaatteita tai esiliinoja vain ruoanvalmistusalueella.<\/li>\n<li>V\u00e4lt\u00e4 nen\u00e4liinojen k\u00e4ytt\u00f6\u00e4 nen\u00e4n pyyhkimiseen tai niist\u00e4miseen.<\/li>\n<li>K\u00e4yt\u00e4 kertak\u00e4ytt\u00f6k\u00e4sineit\u00e4.<\/li>\n<li>V\u00e4lt\u00e4 korujen k\u00e4ytt\u00f6\u00e4, kun k\u00e4sittelet tai valmistat ruokaa.<\/li>\n<li>\u00c4l\u00e4 k\u00e4yt\u00e4 vahingoittuneita tai kuluneita ty\u00f6vaatteita, esiliinoja tai muita vaatteita.<\/li>\n<li>V\u00e4lt\u00e4 taskuja vy\u00f6t\u00e4r\u00f6n yl\u00e4puolella ja vaatteiden nappeja.<\/li>\n<\/ul>\n<p>[\/vc_column_text][elx_image_block background_image=&#8221;13752&#8243; minimum_height=&#8221;400px&#8221;][\/vc_column][\/vc_row][vc_row][vc_column][elx_heading text_color=&#8221;inherit&#8221;]Pesulalaitteiden suunnittelu ja k\u00e4ytt\u00f6 elintarviketurvallisuuden perustana[\/elx_heading][vc_empty_space][\/vc_column][\/vc_row][vc_row][vc_column width=&#8221;1\/2&#8243;][vc_column_text]Elintarviketurvallisuus ei koske vain vaatteita, vaan my\u00f6s pyykinpesulaitteita. Elintarviketeollisuus tunnustaakin, ett\u00e4 pesulalaitteiden suunnittelulla ja sill\u00e4, miten niit\u00e4 k\u00e4ytet\u00e4\u00e4n, on vaikutusta elintarviketurvallisuuteen. T\u00e4st\u00e4 syyst\u00e4 on t\u00e4rke\u00e4\u00e4, ett\u00e4 sinulla on oikea ja sertifioitu kumppani, joka pystyy tarjoamaan parhaat ratkaisut asiakkaillesi, pest\u00e4\u00e4n pyykki sitten yrityksen sis\u00e4ll\u00e4 vai onko pyykinpesu ulkoistettu.[\/vc_column_text][vc_column_text]<a href=\"https:\/\/www.electroluxprofessional.com\/fi\/ammattipesulalaitteet\/line-6000-pesukoneet\/\"><strong>Pesukoneiden<\/strong><\/a> ja <a href=\"https:\/\/www.electroluxprofessional.com\/fi\/ammattipesulalaitteet\/barrier-pesukoneet\/\"><strong>barrier-pesukoneiden<\/strong><\/a> on taattava t\u00e4ydellinen riskien hallinta pesuprosessin aikana poistamalla kaikki mahdolliset riskit.[\/vc_column_text][\/vc_column][vc_column width=&#8221;1\/2&#8243;][elx_image_block background_image=&#8221;13753&#8243; minimum_height=&#8221;310px&#8221;][\/vc_column][\/vc_row][vc_row][vc_column][vc_column_text]HACCP takaa, ett\u00e4 Electrolux Professionalin tavoitteena on tarkkailla n\u00e4it\u00e4 riskej\u00e4 huolellisesti ja minimoida mahdolliset esiin tulevat vaarat. Electrolux Professional arvostaa suuresti saamaansa HACCP Internationalin hyv\u00e4ksynt\u00e4\u00e4.[\/vc_column_text][\/vc_column][\/vc_row][vc_row][vc_column][elx_heading font_container=&#8221;h3&#8243; text_color=&#8221;inherit&#8221;]Kansainv\u00e4lisen HACCP-sertifioinnin edut[\/elx_heading][vc_empty_space][\/vc_column][\/vc_row][vc_row][vc_column width=&#8221;1\/3&#8243;][vc_single_image image=&#8221;657&#8243; img_size=&#8221;270&#215;270&#8243; alignment=&#8221;center&#8221;][\/vc_column][vc_column width=&#8221;2\/3&#8243;][vc_column_text]HACCP-sertifiointi tarjoaa monia etuja elintarviketeollisuudelle, sek\u00e4 ostajalle ett\u00e4 asiakkaille. Todistus vaatimustenmukaisuudesta varmistaa, ett\u00e4 kone on kaikkien HACCP-arviointikriteerien mukainen ja tarjoaa siten eritt\u00e4in korkeat hygieniastandardit. HACCP-vaatimustenmukaisuustodistuksen hy\u00f6tyj\u00e4 ovat:[\/vc_column_text][vc_column_text]<\/p>\n<ul>\n<li>Laitteet ja materiaalit tukevat\u00a0HACCP-elintarviketurvallisuuden hallintaohjelmaa.<\/li>\n<li>Sertifikaatti tunnustetaan toimitusketjussa maailmanlaajuisesti.<\/li>\n<li>Asiakkaat voivat k\u00e4ytt\u00e4\u00e4 HACCP Internationalia elintarviketurvallisuustiedon ja opastuksen keskuksena, kun tuotteita kehitet\u00e4\u00e4n.<\/li>\n<\/ul>\n<p>[\/vc_column_text][\/vc_column][\/vc_row][vc_row][vc_column][elx_heading text_color=&#8221;inherit&#8221;]Elintarviketeollisuus[\/elx_heading][vc_tta_tabs][vc_tta_section title=&#8221;Suuri elintarvikeyritys&#8221; tab_id=&#8221;1563981107015-56502026-460e&#8221;][vc_row_inner][vc_column_inner width=&#8221;1\/3&#8243;][vc_single_image image=&#8221;13748&#8243; img_size=&#8221;full&#8221;][\/vc_column_inner][vc_column_inner width=&#8221;2\/3&#8243;][elx_heading font_container=&#8221;h3&#8243; text_color=&#8221;inherit&#8221;]Suuri elintarvikeyritys (500 ty\u00f6ntekij\u00e4\u00e4)[\/elx_heading][vc_column_text]Sopiva ratkaisu 364-481 ty\u00f6vaatteelle p\u00e4iv\u00e4ss\u00e4:<\/p>\n<ul>\n<li>3 x <a href=\"https:\/\/www.electroluxprofessional.com\/fi\/ammattipesulalaitteet\/barrier-pesukoneet\/\">Barrier-pesukonetta <\/a>tai <a href=\"https:\/\/www.electroluxprofessional.com\/fi\/ammattipesulalaitteet\/line-6000-pesukoneet\/\">ammattipesukonetta<\/a> (90 kg)<\/li>\n<li>3 x k<a href=\"https:\/\/www.electroluxprofessional.com\/fi\/ammattipesulalaitteet\/line-6000-kuivausrummut\/\">uivausrumpua<\/a> (94 kg)<\/li>\n<\/ul>\n<p>[\/vc_column_text][\/vc_column_inner][\/vc_row_inner][\/vc_tta_section][vc_tta_section title=&#8221;Keskisuuri\/pieni elintarvikeyritys&#8221; tab_id=&#8221;1563981082261-f8b3cca1-26ab&#8221;][vc_row_inner][vc_column_inner width=&#8221;1\/3&#8243;][vc_single_image image=&#8221;13749&#8243; img_size=&#8221;full&#8221;][\/vc_column_inner][vc_column_inner width=&#8221;2\/3&#8243;][elx_heading font_container=&#8221;h3&#8243; text_color=&#8221;inherit&#8221;]Keskisuuri\/pieni elintarvikeyritys (300 ty\u00f6ntekij\u00e4\u00e4)[\/elx_heading][vc_column_text]Sopiva ratkaisu 257\u2013350 ty\u00f6vaatteelle p\u00e4iv\u00e4ss\u00e4:<\/p>\n<ul>\n<li>2 x <a href=\"https:\/\/www.electroluxprofessional.com\/fi\/\/commercial-laundry-equipment\/barrier-washers\/\">Barrier-pesukonetta<\/a> tai <a href=\"https:\/\/www.electroluxprofessional.com\/fi\/\/commercial-laundry-equipment\/commercial-washers\/\">ammattipesukonetta<\/a> (70 kg)<\/li>\n<li>2 x <a href=\"https:\/\/www.electroluxprofessional.com\/fi\/\/commercial-laundry-equipment\/tumble-dryer\/\">kuivausrumpua <\/a>(75 kg)<\/li>\n<\/ul>\n<p>[\/vc_column_text][\/vc_column_inner][\/vc_row_inner][\/vc_tta_section][\/vc_tta_tabs][\/vc_column][\/vc_row][vc_row][vc_column][elx_heading text_color=&#8221;inherit&#8221; text_align=&#8221;text-center&#8221;]Ammattipesularatkaisut &#8211; elintarviketeollisuus.<\/p>\n<p>Haluatko lis\u00e4tietoja? Ota meihin yhteytt\u00e4.[\/elx_heading][elx_o2000_contact_us s=&#8221;Lis\u00e4tietopyynt\u00f6: elintarviketeollisuus&#8221; b=&#8221;laundry&#8221; r=&#8221;Haluan saada yhteyden asiantuntijoihinne ja l\u00f6yt\u00e4\u00e4 sopivan ratkaisun tarpeisiimme.&#8221;][\/vc_column][\/vc_row]<\/p>\n","protected":false},"excerpt":{"rendered":"<p>[vc_row full_width=&#8221;electroluxpro-full-width-no-padding&#8221; css=&#8221;.vc_custom_1663597109776{margin-top: -50px !important;}&#8221;][vc_column][elx_full_banner title=&#8221;Elintarviketeollisuus&#8221; background_image_media_library=&#8221;13754&#8243; background_image_media_library_mobile=&#8221;13755&#8243;][\/vc_column][\/vc_row][vc_row][vc_column][vc_empty_space][elx_heading font_container=&#8221;h1&#8243; text_color=&#8221;inherit&#8221;]Elintarviketeollisuus edellytt\u00e4\u00e4 j\u00e4rjestelmi\u00e4, joiden avulla v\u00e4ltet\u00e4\u00e4n saastumisongelmat prosessin kaikilla tasoilla.[\/elx_heading][vc_empty_space][\/vc_column][\/vc_row][vc_row][vc_column width=&#8221;1\/2&#8243;][vc_column_text]HACCP\u00a0\u2013 Hazard Analysis and Critical Control Point -j\u00e4rjestelm\u00e4 on tapa arvioida tuotteeseen tai prosessiin liittyvi\u00e4 luontaisia riskej\u00e4 ja m\u00e4\u00e4ritt\u00e4\u00e4 tarvittavat toimenpiteet tunnistettujen riskien hallitsemiseksi. HACCP International auttaa v\u00e4hent\u00e4m\u00e4\u00e4n elintarvikkeiden turvallisuusriski\u00e4 tarjoamalla maailmanlaajuisesti tunnustetun vaatimustenmukaisuustodistuksen, joka todistaa [&hellip;]<\/p>\n","protected":false},"author":135,"featured_media":13747,"parent":3379,"menu_order":0,"comment_status":"closed","ping_status":"closed","template":"","meta":{"footnotes":""},"class_list":["post-13770","page","type-page","status-publish","has-post-thumbnail","hentry"],"yoast_head":"<!-- This site is optimized with the Yoast SEO plugin v23.3 - https:\/\/yoast.com\/wordpress\/plugins\/seo\/ -->\n<title>Elintarviketeollisuus - Electrolux Professional Suomi<\/title>\n<meta name=\"description\" content=\"Elintarviketeollisuus edellytt\u00e4\u00e4 j\u00e4rjestelmi\u00e4, joiden avulla v\u00e4ltet\u00e4\u00e4n saastumisongelmat prosessin kaikilla tasoilla.\" \/>\n<meta name=\"robots\" content=\"index, follow, max-snippet:-1, max-image-preview:large, max-video-preview:-1\" \/>\n<link rel=\"canonical\" href=\"https:\/\/www.electroluxprofessional.com\/fi\/your-business\/elintarviketeollisuus\/\" \/>\n<meta property=\"og:locale\" content=\"fi_FI\" \/>\n<meta property=\"og:type\" content=\"article\" \/>\n<meta property=\"og:title\" content=\"Elintarviketeollisuus - Electrolux Professional Suomi\" \/>\n<meta property=\"og:description\" content=\"Elintarviketeollisuus edellytt\u00e4\u00e4 j\u00e4rjestelmi\u00e4, joiden avulla v\u00e4ltet\u00e4\u00e4n saastumisongelmat prosessin kaikilla tasoilla.\" \/>\n<meta property=\"og:url\" content=\"https:\/\/www.electroluxprofessional.com\/fi\/your-business\/elintarviketeollisuus\/\" \/>\n<meta property=\"og:site_name\" content=\"Electrolux Professional Suomi\" \/>\n<meta property=\"article:modified_time\" content=\"2025-11-05T14:31:51+00:00\" \/>\n<meta property=\"og:image\" content=\"https:\/\/www.electroluxprofessional.com\/fi\/wp-content\/uploads\/2024\/11\/food-processing-featured.jpg\" \/>\n\t<meta property=\"og:image:width\" content=\"985\" \/>\n\t<meta property=\"og:image:height\" content=\"655\" \/>\n\t<meta property=\"og:image:type\" content=\"image\/jpeg\" \/>\n<meta name=\"twitter:card\" content=\"summary_large_image\" \/>\n<meta name=\"twitter:label1\" content=\"Arvioitu lukuaika\" \/>\n\t<meta name=\"twitter:data1\" content=\"4 minuuttia\" \/>\n<script type=\"application\/ld+json\" class=\"yoast-schema-graph\">{\"@context\":\"https:\/\/schema.org\",\"@graph\":[{\"@type\":\"WebPage\",\"@id\":\"https:\/\/www.electroluxprofessional.com\/fi\/your-business\/elintarviketeollisuus\/\",\"url\":\"https:\/\/www.electroluxprofessional.com\/fi\/your-business\/elintarviketeollisuus\/\",\"name\":\"Elintarviketeollisuus - Electrolux Professional Suomi\",\"isPartOf\":{\"@id\":\"https:\/\/www.electroluxprofessional.com\/fi\/#website\"},\"primaryImageOfPage\":{\"@id\":\"https:\/\/www.electroluxprofessional.com\/fi\/your-business\/elintarviketeollisuus\/#primaryimage\"},\"image\":{\"@id\":\"https:\/\/www.electroluxprofessional.com\/fi\/your-business\/elintarviketeollisuus\/#primaryimage\"},\"thumbnailUrl\":\"https:\/\/www.electroluxprofessional.com\/fi\/wp-content\/uploads\/2024\/11\/food-processing-featured.jpg\",\"datePublished\":\"2024-11-27T19:03:55+00:00\",\"dateModified\":\"2025-11-05T14:31:51+00:00\",\"description\":\"Elintarviketeollisuus edellytt\u00e4\u00e4 j\u00e4rjestelmi\u00e4, joiden avulla v\u00e4ltet\u00e4\u00e4n saastumisongelmat prosessin kaikilla tasoilla.\",\"breadcrumb\":{\"@id\":\"https:\/\/www.electroluxprofessional.com\/fi\/your-business\/elintarviketeollisuus\/#breadcrumb\"},\"inLanguage\":\"fi\",\"potentialAction\":[{\"@type\":\"ReadAction\",\"target\":[\"https:\/\/www.electroluxprofessional.com\/fi\/your-business\/elintarviketeollisuus\/\"]}]},{\"@type\":\"ImageObject\",\"inLanguage\":\"fi\",\"@id\":\"https:\/\/www.electroluxprofessional.com\/fi\/your-business\/elintarviketeollisuus\/#primaryimage\",\"url\":\"https:\/\/www.electroluxprofessional.com\/fi\/wp-content\/uploads\/2024\/11\/food-processing-featured.jpg\",\"contentUrl\":\"https:\/\/www.electroluxprofessional.com\/fi\/wp-content\/uploads\/2024\/11\/food-processing-featured.jpg\",\"width\":985,\"height\":655},{\"@type\":\"BreadcrumbList\",\"@id\":\"https:\/\/www.electroluxprofessional.com\/fi\/your-business\/elintarviketeollisuus\/#breadcrumb\",\"itemListElement\":[{\"@type\":\"ListItem\",\"position\":1,\"name\":\"Home\",\"item\":\"https:\/\/www.electroluxprofessional.com\/fi\/\"},{\"@type\":\"ListItem\",\"position\":2,\"name\":\"Your Business\",\"item\":\"https:\/\/www.electroluxprofessional.com\/fi\/your-business\/\"},{\"@type\":\"ListItem\",\"position\":3,\"name\":\"Elintarviketeollisuus\"}]},{\"@type\":\"WebSite\",\"@id\":\"https:\/\/www.electroluxprofessional.com\/fi\/#website\",\"url\":\"https:\/\/www.electroluxprofessional.com\/fi\/\",\"name\":\"Electrolux Professional Suomi\",\"description\":\"\",\"potentialAction\":[{\"@type\":\"SearchAction\",\"target\":{\"@type\":\"EntryPoint\",\"urlTemplate\":\"https:\/\/www.electroluxprofessional.com\/fi\/?src={search_term_string}\"},\"query-input\":\"required name=search_term_string\"}],\"inLanguage\":\"fi\"}]}<\/script>\n<!-- \/ Yoast SEO plugin. -->","yoast_head_json":{"title":"Elintarviketeollisuus - Electrolux Professional Suomi","description":"Elintarviketeollisuus edellytt\u00e4\u00e4 j\u00e4rjestelmi\u00e4, joiden avulla v\u00e4ltet\u00e4\u00e4n saastumisongelmat prosessin kaikilla tasoilla.","robots":{"index":"index","follow":"follow","max-snippet":"max-snippet:-1","max-image-preview":"max-image-preview:large","max-video-preview":"max-video-preview:-1"},"canonical":"https:\/\/www.electroluxprofessional.com\/fi\/your-business\/elintarviketeollisuus\/","og_locale":"fi_FI","og_type":"article","og_title":"Elintarviketeollisuus - Electrolux Professional Suomi","og_description":"Elintarviketeollisuus edellytt\u00e4\u00e4 j\u00e4rjestelmi\u00e4, joiden avulla v\u00e4ltet\u00e4\u00e4n saastumisongelmat prosessin kaikilla tasoilla.","og_url":"https:\/\/www.electroluxprofessional.com\/fi\/your-business\/elintarviketeollisuus\/","og_site_name":"Electrolux Professional Suomi","article_modified_time":"2025-11-05T14:31:51+00:00","og_image":[{"width":985,"height":655,"url":"https:\/\/www.electroluxprofessional.com\/fi\/wp-content\/uploads\/2024\/11\/food-processing-featured.jpg","type":"image\/jpeg"}],"twitter_card":"summary_large_image","twitter_misc":{"Arvioitu lukuaika":"4 minuuttia"},"schema":{"@context":"https:\/\/schema.org","@graph":[{"@type":"WebPage","@id":"https:\/\/www.electroluxprofessional.com\/fi\/your-business\/elintarviketeollisuus\/","url":"https:\/\/www.electroluxprofessional.com\/fi\/your-business\/elintarviketeollisuus\/","name":"Elintarviketeollisuus - Electrolux Professional Suomi","isPartOf":{"@id":"https:\/\/www.electroluxprofessional.com\/fi\/#website"},"primaryImageOfPage":{"@id":"https:\/\/www.electroluxprofessional.com\/fi\/your-business\/elintarviketeollisuus\/#primaryimage"},"image":{"@id":"https:\/\/www.electroluxprofessional.com\/fi\/your-business\/elintarviketeollisuus\/#primaryimage"},"thumbnailUrl":"https:\/\/www.electroluxprofessional.com\/fi\/wp-content\/uploads\/2024\/11\/food-processing-featured.jpg","datePublished":"2024-11-27T19:03:55+00:00","dateModified":"2025-11-05T14:31:51+00:00","description":"Elintarviketeollisuus edellytt\u00e4\u00e4 j\u00e4rjestelmi\u00e4, joiden avulla v\u00e4ltet\u00e4\u00e4n saastumisongelmat prosessin kaikilla tasoilla.","breadcrumb":{"@id":"https:\/\/www.electroluxprofessional.com\/fi\/your-business\/elintarviketeollisuus\/#breadcrumb"},"inLanguage":"fi","potentialAction":[{"@type":"ReadAction","target":["https:\/\/www.electroluxprofessional.com\/fi\/your-business\/elintarviketeollisuus\/"]}]},{"@type":"ImageObject","inLanguage":"fi","@id":"https:\/\/www.electroluxprofessional.com\/fi\/your-business\/elintarviketeollisuus\/#primaryimage","url":"https:\/\/www.electroluxprofessional.com\/fi\/wp-content\/uploads\/2024\/11\/food-processing-featured.jpg","contentUrl":"https:\/\/www.electroluxprofessional.com\/fi\/wp-content\/uploads\/2024\/11\/food-processing-featured.jpg","width":985,"height":655},{"@type":"BreadcrumbList","@id":"https:\/\/www.electroluxprofessional.com\/fi\/your-business\/elintarviketeollisuus\/#breadcrumb","itemListElement":[{"@type":"ListItem","position":1,"name":"Home","item":"https:\/\/www.electroluxprofessional.com\/fi\/"},{"@type":"ListItem","position":2,"name":"Your Business","item":"https:\/\/www.electroluxprofessional.com\/fi\/your-business\/"},{"@type":"ListItem","position":3,"name":"Elintarviketeollisuus"}]},{"@type":"WebSite","@id":"https:\/\/www.electroluxprofessional.com\/fi\/#website","url":"https:\/\/www.electroluxprofessional.com\/fi\/","name":"Electrolux Professional Suomi","description":"","potentialAction":[{"@type":"SearchAction","target":{"@type":"EntryPoint","urlTemplate":"https:\/\/www.electroluxprofessional.com\/fi\/?src={search_term_string}"},"query-input":"required name=search_term_string"}],"inLanguage":"fi"}]}},"_links":{"self":[{"href":"https:\/\/www.electroluxprofessional.com\/fi\/wp-json\/wp\/v2\/pages\/13770"}],"collection":[{"href":"https:\/\/www.electroluxprofessional.com\/fi\/wp-json\/wp\/v2\/pages"}],"about":[{"href":"https:\/\/www.electroluxprofessional.com\/fi\/wp-json\/wp\/v2\/types\/page"}],"author":[{"embeddable":true,"href":"https:\/\/www.electroluxprofessional.com\/fi\/wp-json\/wp\/v2\/users\/135"}],"replies":[{"embeddable":true,"href":"https:\/\/www.electroluxprofessional.com\/fi\/wp-json\/wp\/v2\/comments?post=13770"}],"version-history":[{"count":8,"href":"https:\/\/www.electroluxprofessional.com\/fi\/wp-json\/wp\/v2\/pages\/13770\/revisions"}],"predecessor-version":[{"id":15658,"href":"https:\/\/www.electroluxprofessional.com\/fi\/wp-json\/wp\/v2\/pages\/13770\/revisions\/15658"}],"up":[{"embeddable":true,"href":"https:\/\/www.electroluxprofessional.com\/fi\/wp-json\/wp\/v2\/pages\/3379"}],"wp:featuredmedia":[{"embeddable":true,"href":"https:\/\/www.electroluxprofessional.com\/fi\/wp-json\/wp\/v2\/media\/13747"}],"wp:attachment":[{"href":"https:\/\/www.electroluxprofessional.com\/fi\/wp-json\/wp\/v2\/media?parent=13770"}],"curies":[{"name":"wp","href":"https:\/\/api.w.org\/{rel}","templated":true}]}}