{"id":13758,"date":"2024-11-27T19:02:01","date_gmt":"2024-11-27T19:02:01","guid":{"rendered":"https:\/\/www.electroluxprofessional.com\/fi\/?page_id=13758"},"modified":"2025-11-05T14:34:18","modified_gmt":"2025-11-05T14:34:18","slug":"kampaamot-ja-parturit","status":"publish","type":"page","link":"https:\/\/www.electroluxprofessional.com\/fi\/your-business\/kampaamot-ja-parturit\/","title":{"rendered":"Parturi- ja kampaamopalvelut"},"content":{"rendered":"<p>[vc_row full_width=&#8221;electroluxpro-full-width-no-padding&#8221; css=&#8221;.vc_custom_1663592939648{margin-top: -50px !important;}&#8221;][vc_column][elx_full_banner title=&#8221;Kampaamot ja parturit&#8221; background_image_media_library=&#8221;13744&#8243; background_image_media_library_mobile=&#8221;13745&#8243;][\/vc_column][\/vc_row][vc_row][vc_column][vc_empty_space][\/vc_column][\/vc_row][vc_row][vc_column width=&#8221;2\/3&#8243;][elx_heading font_container=&#8221;h1&#8243; text_color=&#8221;electrolux-blue&#8221;]Pesularatkaisut kampaamo- ja parturiliikkeisiin[\/elx_heading][vc_column_text]Hitaat ohjelmat ja tukkeutuneet viem\u00e4rit ovat jokap\u00e4iv\u00e4isi\u00e4 ongelmia, kun k\u00e4ytet\u00e4\u00e4n kotitalousk\u00e4ytt\u00f6\u00f6n tarkoitettuja koneita <strong>kampaamojen pyykinpesutiloissa<\/strong>.<br \/>\nmyPRO-koneiden avulla voit keskitty\u00e4 ydinliiketoimintaasi.\u00a0Huippulaatuiset pyykinpesutulokset nopeasti ja suoraviivaisesti ilman ep\u00e4mukavuuksia.[\/vc_column_text][elx_button button_text=&#8221;TUTUSTU TUOTTEISIIN&#8221; button_style=&#8221;icon&#8221; button_link=&#8221;url:https%3A%2F%2Fwww.electroluxprofessional.com%2Ffi%2Fammattipesulalaitteet%2Fmypro-pesukoneet-kuivausrummut-mankelit%2F|title:myPRO%20washers%2C%20dryers%20and%20steam%20ironers%20for%20small%20businesses&#8221;][\/vc_column][vc_column width=&#8221;1\/3&#8243;][elx_download_block text=&#8221;myPRO laundry solution<br \/>\nfor Hairdressers &amp; Beauty Salons&#8221; document_type=&#8221;leaflets&#8221; background_color=&#8221;laundry-solutions&#8221; le_document_number=&#8221;CLF-9JE00013&#8243;][\/vc_column][\/vc_row][vc_row][vc_column][vc_single_image image=&#8221;13510&#8243; img_size=&#8221;full&#8221; alignment=&#8221;center&#8221;][\/vc_column][\/vc_row][vc_row content_placement=&#8221;top&#8221; el_class=&#8221;marginNegative&#8221;][vc_column width=&#8221;1\/3&#8243;][vc_empty_space][elx_heading font_container=&#8221;h5&#8243; font_size=&#8221;h5&#8243; text_color=&#8221;myPRO-light-blue&#8221;]Ammattilaisohjelmat[\/elx_heading][vc_column_text]myPRO tarjoaa <strong>parhaan pyykinpesun<\/strong> ja tuottaa pehme\u00e4t, raikkaat ja hygieenisesti puhtaat liinavaatteet oikeaan aikaan kest\u00e4vien pesukoneiden, tehokkaiden kuivausrumpujen ja tuottavien h\u00f6yrysilityslaitteiden ansiosta.[\/vc_column_text][\/vc_column][vc_column width=&#8221;1\/3&#8243;][vc_empty_space][elx_heading font_container=&#8221;h5&#8243; font_size=&#8221;h5&#8243; text_color=&#8221;myPRO-light-blue&#8221;]Desinfiointiohjelmat[\/elx_heading][vc_column_text]Parempi joustavuus ja ohjelmat monenlaisiin sovelluksiin, kuten <strong>desinfiointiohjelmat<\/strong>, joiden avulla t\u00e4yt\u00e4t hygienia- ja puhtausvaatimukset.[\/vc_column_text][\/vc_column][vc_column width=&#8221;1\/3&#8243;][vc_empty_space][elx_heading font_container=&#8221;h5&#8243; font_size=&#8221;h5&#8243; text_color=&#8221;myPRO-light-blue&#8221;]Helposti puhdistettava ruostumattomasta ter\u00e4ksest\u00e4 valmistettu yl\u00e4- ja etuosa[\/elx_heading][vc_column_text]Tyylik\u00e4s ja tukeva <strong>korroosionkest\u00e4v\u00e4<\/strong> ulkopinta, joka n\u00e4ytt\u00e4\u00e4 hyv\u00e4lt\u00e4 yrityksess\u00e4si.<br \/>\nHelposti puhdistettavan ruostumattomasta ter\u00e4ksest\u00e4 valmistetun yl\u00e4- ja etuosan avulla saat laadukkaan ratkaisun.[\/vc_column_text][\/vc_column][\/vc_row][vc_row content_placement=&#8221;top&#8221; el_class=&#8221;marginNegative&#8221;][vc_column width=&#8221;1\/3&#8243;][vc_single_image image=&#8221;13740&#8243; img_size=&#8221;large&#8221;][elx_heading text_color=&#8221;inherit&#8221;]Loistava hygienia<br \/>\nja luotettavuus[\/elx_heading][vc_column_text css=&#8221;.vc_custom_1569490540536{margin-bottom: 0px !important;}&#8221; el_class=&#8221;minHeightCirclesText&#8221;]<em>\u201dMinulla ei ole huolta iho- tai kynsitulehduksista\u201d<\/em>[\/vc_column_text][vc_column_text css=&#8221;.vc_custom_1571298164547{margin-top: 15px !important;}&#8221;]<\/p>\n<ul>\n<li class=\"li1\"><span class=\"s1\"><b>Ammattimaiset desinfiointiohjelmat<\/b><\/span><span class=\"s2\"> varmistavat pyyhkeiden hygienian.<\/span><\/li>\n<li>Hiusten ja hiukkasten<span class=\"s1\"><b>tehokas huuhtelu<\/b><\/span> rummusta varmistettu <em>suurten 4,5 mm reikien<\/em> ansiosta<\/li>\n<li class=\"li2\"><span class=\"s1\"><b>Kest\u00e4\u00e4 3 kertaa pidemp\u00e4\u00e4n<\/b><\/span> kuin kotitalousk\u00e4ytt\u00f6\u00f6n tarkoitetut johtuen <em>ammattimaisista komponenteista<\/em><\/li>\n<\/ul>\n<p>[\/vc_column_text][\/vc_column][vc_column width=&#8221;1\/3&#8243;][vc_single_image image=&#8221;13741&#8243; img_size=&#8221;large&#8221;][elx_heading text_color=&#8221;inherit&#8221; css=&#8221;.vc_custom_1569490012945{margin-top: 0px !important;}&#8221;]Huippulaatuiset<br \/>\npyykinpesutulokset[\/elx_heading][vc_column_text css=&#8221;.vc_custom_1569490550080{margin-bottom: 0px !important;}&#8221; el_class=&#8221;minHeightCirclesText&#8221;]<em>\u201dAsiakkaani huomaavat eron selke\u00e4sti. Puhtaammat ja pehme\u00e4mm\u00e4t pyyheliinat, joissa on raikkaampi tuoksu<\/em>[\/vc_column_text][vc_column_text css=&#8221;.vc_custom_1573046732696{margin-top: 15px !important;}&#8221;]<\/p>\n<ul>\n<li class=\"li1\"><span class=\"s1\"><b>Parhaat pesutulokset<\/b><\/span> ja <span class=\"s1\"><b>tekstiilien hoito<\/b><\/span> <em>SpeedCare-rummun<\/em> ansiosta<\/li>\n<li><span class=\"s1\"><b>S\u00e4\u00e4st\u00e4 energiaa ja kustannuksia<br \/>\n<\/b><\/span><em>A+++ pesukoneiden energiatehokkuus<\/em><br \/>\n<em>A++ kuivausrummun\u00a0energiatehokkuus<\/em><\/li>\n<li><span class=\"s1\"><b>Suuren tehokkuuden pesula<\/b><\/span><span class=\"s2\"> <em>kompaktissa muodossa\u00a0<\/em>optimoitu tilank\u00e4ytt\u00f6<\/span><\/li>\n<\/ul>\n<p>[\/vc_column_text][\/vc_column][vc_column width=&#8221;1\/3&#8243;][vc_single_image image=&#8221;13742&#8243; img_size=&#8221;large&#8221;][elx_heading text_color=&#8221;inherit&#8221;]Suuri nopeus vastaa ammattisi tarpeitasi.[\/elx_heading][vc_column_text css=&#8221;.vc_custom_1569490560500{margin-bottom: 0px !important;}&#8221; el_class=&#8221;minHeightCirclesText&#8221;]<em>\u201dVoin olla rauhallisin mielin, eik\u00e4 minun tarvitse ajatella vikoja.\u201d<\/em>[\/vc_column_text][vc_column_text css=&#8221;.vc_custom_1571298189804{margin-top: 15px !important;}&#8221;]<\/p>\n<ul>\n<li class=\"li1\"><span class=\"s1\"><b>Jopa 50 % nopeampi<\/b><\/span> <em>ammattilaisohjelmilla<\/em><\/li>\n<li class=\"li1\"><strong>Parhaat tulokset lyhyemm\u00e4ss\u00e4 ajassa<\/strong> k\u00e4ytt\u00e4m\u00e4ll\u00e4 h\u00f6yry\u00e4 silitt\u00e4ess\u00e4.<\/li>\n<li class=\"li1\"><span class=\"s1\"><b>Nopeampi kuivaussykli<\/b><\/span> <em>Automatic Moisture Control<\/em> -toiminnon ansiosta<\/li>\n<\/ul>\n<p>[\/vc_column_text][\/vc_column][\/vc_row][vc_row css=&#8221;.vc_custom_1571302025360{padding-top: 32px !important;padding-bottom: 32px !important;}&#8221;][vc_column width=&#8221;1\/2&#8243;][elx_video_block background_image=&#8221;13743&#8243; is_full_height=&#8221;full-height&#8221; video_link=&#8221;https:\/\/www.youtube.com\/watch?v=tKL9zCjHyaY&#8221; minimum_height=&#8221;320px&#8221;][\/vc_column][vc_column width=&#8221;1\/2&#8243;][elx_heading font_container=&#8221;h5&#8243; font_size=&#8221;h5&#8243; text_color=&#8221;inherit&#8221;]MAXG Parrucchieri, Pordenone (Italia)[\/elx_heading][vc_column_text]\u201dNimeni on Massimo Catalano, ja olen kampaaja. Aloitin t\u00e4m\u00e4n seikkailun sisareni kanssa vanhempiemme kampaamosalongissa, ja t\u00e4n\u00e4\u00e4n omistamme kuusi liikett\u00e4.<br \/>\nT\u00e4h\u00e4n saakka k\u00e4ytimme aina kotik\u00e4ytt\u00f6\u00f6n tarkoitettua pesukonetta ja kuivainta, mutta ne eiv\u00e4t pysyneet koskaan meid\u00e4n raskaan ty\u00f6kuormamme tahdissa. Sitten l\u00f6ysimme\u00a0myPROn\u2026\u201d[\/vc_column_text][\/vc_column][\/vc_row][vc_row][vc_column][vc_empty_space][vc_column_text]<\/p>\n<h4 style=\"text-align: center;\">Ammattipesularatkaisut &#8211; kampaamot ja parturit.<br \/>\nHaluatko lis\u00e4tietoja? Ota meihin yhteytt\u00e4.<\/h4>\n<p>[\/vc_column_text][vc_empty_space][\/vc_column][\/vc_row][vc_row][vc_column][elx_o2000_contact_us s=&#8221;Pyyd\u00e4 lis\u00e4tietoja ratkaisuista kampaamoille ja kauneushoitoloille&#8221; b=&#8221;laundry&#8221; r=&#8221;Haluaisin saada lis\u00e4tietoja pesularatkaisuista kampaamoille ja kauneushoitoloille&#8221; l=&#8221;en&#8221;][\/vc_column][\/vc_row][vc_row][vc_column][vc_empty_space][\/vc_column][\/vc_row][vc_row css=&#8221;.vc_custom_1534772259989{background-color: #eeeeee !important;}&#8221;][vc_column width=&#8221;2\/3&#8243;][elx_heading font_size=&#8221;h3&#8243; text_color=&#8221;inherit&#8221;]Haetko tuottavampia ratkaisuja?[\/elx_heading][elx_heading font_container=&#8221;h3&#8243; font_size=&#8221;h5&#8243; text_color=&#8221;inherit&#8221;]Katso pyykinpesuratkaisumme ammattik\u00e4ytt\u00f6\u00f6n[\/elx_heading][vc_column_text]Electrolux Professional tarjoa monia erilaisia tuotteita, jotka soveltuvat pyykinpesuun ammattik\u00e4yt\u00f6ss\u00e4.[\/vc_column_text][elx_button button_text=&#8221;Tutustu Line 6000 pesulalaitteisiimme&#8221; button_style=&#8221;icon&#8221; button_link=&#8221;url:https%3A%2F%2Fwww.electroluxprofessional.com%2Ffi%2Fammattipesulalaitteet%2Fline-6000-ammattipesulalaitteet%2F|title:Commercial%20Laundry%20Solutions&#8221;][\/vc_column][vc_column width=&#8221;1\/3&#8243;][vc_empty_space][vc_single_image image=&#8221;1888&#8243; img_size=&#8221;700px&#8221; onclick=&#8221;custom_link&#8221; link=&#8221;http:\/\/https:\/\/www.electroluxprofessional.com\/fi\/\/your-business\/commercial-laundries\/&#8221;][\/vc_column][\/vc_row]<\/p>\n","protected":false},"excerpt":{"rendered":"<p>[vc_row full_width=&#8221;electroluxpro-full-width-no-padding&#8221; css=&#8221;.vc_custom_1663592939648{margin-top: -50px !important;}&#8221;][vc_column][elx_full_banner title=&#8221;Kampaamot ja parturit&#8221; background_image_media_library=&#8221;13744&#8243; background_image_media_library_mobile=&#8221;13745&#8243;][\/vc_column][\/vc_row][vc_row][vc_column][vc_empty_space][\/vc_column][\/vc_row][vc_row][vc_column width=&#8221;2\/3&#8243;][elx_heading font_container=&#8221;h1&#8243; text_color=&#8221;electrolux-blue&#8221;]Pesularatkaisut kampaamo- ja parturiliikkeisiin[\/elx_heading][vc_column_text]Hitaat ohjelmat ja tukkeutuneet viem\u00e4rit ovat jokap\u00e4iv\u00e4isi\u00e4 ongelmia, kun k\u00e4ytet\u00e4\u00e4n kotitalousk\u00e4ytt\u00f6\u00f6n tarkoitettuja koneita kampaamojen pyykinpesutiloissa. myPRO-koneiden avulla voit keskitty\u00e4 ydinliiketoimintaasi.\u00a0Huippulaatuiset pyykinpesutulokset nopeasti ja suoraviivaisesti ilman ep\u00e4mukavuuksia.[\/vc_column_text][elx_button button_text=&#8221;TUTUSTU TUOTTEISIIN&#8221; button_style=&#8221;icon&#8221; button_link=&#8221;url:https%3A%2F%2Fwww.electroluxprofessional.com%2Ffi%2Fammattipesulalaitteet%2Fmypro-pesukoneet-kuivausrummut-mankelit%2F|title:myPRO%20washers%2C%20dryers%20and%20steam%20ironers%20for%20small%20businesses&#8221;][\/vc_column][vc_column width=&#8221;1\/3&#8243;][elx_download_block text=&#8221;myPRO laundry solution for Hairdressers &amp; Beauty Salons&#8221; document_type=&#8221;leaflets&#8221; [&hellip;]<\/p>\n","protected":false},"author":135,"featured_media":13739,"parent":3379,"menu_order":0,"comment_status":"closed","ping_status":"closed","template":"","meta":{"footnotes":""},"class_list":["post-13758","page","type-page","status-publish","has-post-thumbnail","hentry"],"yoast_head":"<!-- This site is optimized with the Yoast SEO plugin v23.3 - https:\/\/yoast.com\/wordpress\/plugins\/seo\/ -->\n<title>Parturi- ja kampaamopalvelut - Electrolux Professional Suomi<\/title>\n<meta name=\"description\" content=\"myPRO-koneiden avulla kampaamot ja parturit voivat keskitty\u00e4 olennaiseen.\u00a0Laadukkaat pyykinpesutulokset nopeasti ja tehokkaasti.\" \/>\n<meta name=\"robots\" content=\"index, follow, max-snippet:-1, max-image-preview:large, max-video-preview:-1\" \/>\n<link rel=\"canonical\" href=\"https:\/\/www.electroluxprofessional.com\/fi\/your-business\/kampaamot-ja-parturit\/\" \/>\n<meta property=\"og:locale\" content=\"fi_FI\" \/>\n<meta property=\"og:type\" content=\"article\" \/>\n<meta property=\"og:title\" content=\"Parturi- ja kampaamopalvelut - Electrolux Professional Suomi\" \/>\n<meta property=\"og:description\" content=\"myPRO-koneiden avulla kampaamot ja parturit voivat keskitty\u00e4 olennaiseen.\u00a0Laadukkaat pyykinpesutulokset nopeasti ja tehokkaasti.\" \/>\n<meta property=\"og:url\" content=\"https:\/\/www.electroluxprofessional.com\/fi\/your-business\/kampaamot-ja-parturit\/\" \/>\n<meta property=\"og:site_name\" content=\"Electrolux Professional Suomi\" \/>\n<meta property=\"article:modified_time\" content=\"2025-11-05T14:34:18+00:00\" \/>\n<meta property=\"og:image\" content=\"https:\/\/www.electroluxprofessional.com\/fi\/wp-content\/uploads\/2024\/11\/myPRO-health-beauty-salon-1170x546-1.jpg\" \/>\n\t<meta property=\"og:image:width\" content=\"1170\" \/>\n\t<meta property=\"og:image:height\" content=\"546\" \/>\n\t<meta property=\"og:image:type\" content=\"image\/jpeg\" \/>\n<meta name=\"twitter:card\" content=\"summary_large_image\" \/>\n<meta name=\"twitter:label1\" content=\"Arvioitu lukuaika\" \/>\n\t<meta name=\"twitter:data1\" content=\"4 minuuttia\" \/>\n<script type=\"application\/ld+json\" class=\"yoast-schema-graph\">{\"@context\":\"https:\/\/schema.org\",\"@graph\":[{\"@type\":\"WebPage\",\"@id\":\"https:\/\/www.electroluxprofessional.com\/fi\/your-business\/kampaamot-ja-parturit\/\",\"url\":\"https:\/\/www.electroluxprofessional.com\/fi\/your-business\/kampaamot-ja-parturit\/\",\"name\":\"Parturi- ja kampaamopalvelut - Electrolux Professional Suomi\",\"isPartOf\":{\"@id\":\"https:\/\/www.electroluxprofessional.com\/fi\/#website\"},\"primaryImageOfPage\":{\"@id\":\"https:\/\/www.electroluxprofessional.com\/fi\/your-business\/kampaamot-ja-parturit\/#primaryimage\"},\"image\":{\"@id\":\"https:\/\/www.electroluxprofessional.com\/fi\/your-business\/kampaamot-ja-parturit\/#primaryimage\"},\"thumbnailUrl\":\"https:\/\/www.electroluxprofessional.com\/fi\/wp-content\/uploads\/2024\/11\/myPRO-health-beauty-salon-1170x546-1.jpg\",\"datePublished\":\"2024-11-27T19:02:01+00:00\",\"dateModified\":\"2025-11-05T14:34:18+00:00\",\"description\":\"myPRO-koneiden avulla kampaamot ja parturit voivat keskitty\u00e4 olennaiseen.\u00a0Laadukkaat pyykinpesutulokset nopeasti ja tehokkaasti.\",\"breadcrumb\":{\"@id\":\"https:\/\/www.electroluxprofessional.com\/fi\/your-business\/kampaamot-ja-parturit\/#breadcrumb\"},\"inLanguage\":\"fi\",\"potentialAction\":[{\"@type\":\"ReadAction\",\"target\":[\"https:\/\/www.electroluxprofessional.com\/fi\/your-business\/kampaamot-ja-parturit\/\"]}]},{\"@type\":\"ImageObject\",\"inLanguage\":\"fi\",\"@id\":\"https:\/\/www.electroluxprofessional.com\/fi\/your-business\/kampaamot-ja-parturit\/#primaryimage\",\"url\":\"https:\/\/www.electroluxprofessional.com\/fi\/wp-content\/uploads\/2024\/11\/myPRO-health-beauty-salon-1170x546-1.jpg\",\"contentUrl\":\"https:\/\/www.electroluxprofessional.com\/fi\/wp-content\/uploads\/2024\/11\/myPRO-health-beauty-salon-1170x546-1.jpg\",\"width\":1170,\"height\":546},{\"@type\":\"BreadcrumbList\",\"@id\":\"https:\/\/www.electroluxprofessional.com\/fi\/your-business\/kampaamot-ja-parturit\/#breadcrumb\",\"itemListElement\":[{\"@type\":\"ListItem\",\"position\":1,\"name\":\"Home\",\"item\":\"https:\/\/www.electroluxprofessional.com\/fi\/\"},{\"@type\":\"ListItem\",\"position\":2,\"name\":\"Your Business\",\"item\":\"https:\/\/www.electroluxprofessional.com\/fi\/your-business\/\"},{\"@type\":\"ListItem\",\"position\":3,\"name\":\"Parturi- ja kampaamopalvelut\"}]},{\"@type\":\"WebSite\",\"@id\":\"https:\/\/www.electroluxprofessional.com\/fi\/#website\",\"url\":\"https:\/\/www.electroluxprofessional.com\/fi\/\",\"name\":\"Electrolux Professional Suomi\",\"description\":\"\",\"potentialAction\":[{\"@type\":\"SearchAction\",\"target\":{\"@type\":\"EntryPoint\",\"urlTemplate\":\"https:\/\/www.electroluxprofessional.com\/fi\/?src={search_term_string}\"},\"query-input\":\"required name=search_term_string\"}],\"inLanguage\":\"fi\"}]}<\/script>\n<!-- \/ Yoast SEO plugin. -->","yoast_head_json":{"title":"Parturi- ja kampaamopalvelut - Electrolux Professional Suomi","description":"myPRO-koneiden avulla kampaamot ja parturit voivat keskitty\u00e4 olennaiseen.\u00a0Laadukkaat pyykinpesutulokset nopeasti ja tehokkaasti.","robots":{"index":"index","follow":"follow","max-snippet":"max-snippet:-1","max-image-preview":"max-image-preview:large","max-video-preview":"max-video-preview:-1"},"canonical":"https:\/\/www.electroluxprofessional.com\/fi\/your-business\/kampaamot-ja-parturit\/","og_locale":"fi_FI","og_type":"article","og_title":"Parturi- ja kampaamopalvelut - Electrolux Professional Suomi","og_description":"myPRO-koneiden avulla kampaamot ja parturit voivat keskitty\u00e4 olennaiseen.\u00a0Laadukkaat pyykinpesutulokset nopeasti ja tehokkaasti.","og_url":"https:\/\/www.electroluxprofessional.com\/fi\/your-business\/kampaamot-ja-parturit\/","og_site_name":"Electrolux Professional Suomi","article_modified_time":"2025-11-05T14:34:18+00:00","og_image":[{"width":1170,"height":546,"url":"https:\/\/www.electroluxprofessional.com\/fi\/wp-content\/uploads\/2024\/11\/myPRO-health-beauty-salon-1170x546-1.jpg","type":"image\/jpeg"}],"twitter_card":"summary_large_image","twitter_misc":{"Arvioitu lukuaika":"4 minuuttia"},"schema":{"@context":"https:\/\/schema.org","@graph":[{"@type":"WebPage","@id":"https:\/\/www.electroluxprofessional.com\/fi\/your-business\/kampaamot-ja-parturit\/","url":"https:\/\/www.electroluxprofessional.com\/fi\/your-business\/kampaamot-ja-parturit\/","name":"Parturi- ja kampaamopalvelut - Electrolux Professional Suomi","isPartOf":{"@id":"https:\/\/www.electroluxprofessional.com\/fi\/#website"},"primaryImageOfPage":{"@id":"https:\/\/www.electroluxprofessional.com\/fi\/your-business\/kampaamot-ja-parturit\/#primaryimage"},"image":{"@id":"https:\/\/www.electroluxprofessional.com\/fi\/your-business\/kampaamot-ja-parturit\/#primaryimage"},"thumbnailUrl":"https:\/\/www.electroluxprofessional.com\/fi\/wp-content\/uploads\/2024\/11\/myPRO-health-beauty-salon-1170x546-1.jpg","datePublished":"2024-11-27T19:02:01+00:00","dateModified":"2025-11-05T14:34:18+00:00","description":"myPRO-koneiden avulla kampaamot ja parturit voivat keskitty\u00e4 olennaiseen.\u00a0Laadukkaat pyykinpesutulokset nopeasti ja tehokkaasti.","breadcrumb":{"@id":"https:\/\/www.electroluxprofessional.com\/fi\/your-business\/kampaamot-ja-parturit\/#breadcrumb"},"inLanguage":"fi","potentialAction":[{"@type":"ReadAction","target":["https:\/\/www.electroluxprofessional.com\/fi\/your-business\/kampaamot-ja-parturit\/"]}]},{"@type":"ImageObject","inLanguage":"fi","@id":"https:\/\/www.electroluxprofessional.com\/fi\/your-business\/kampaamot-ja-parturit\/#primaryimage","url":"https:\/\/www.electroluxprofessional.com\/fi\/wp-content\/uploads\/2024\/11\/myPRO-health-beauty-salon-1170x546-1.jpg","contentUrl":"https:\/\/www.electroluxprofessional.com\/fi\/wp-content\/uploads\/2024\/11\/myPRO-health-beauty-salon-1170x546-1.jpg","width":1170,"height":546},{"@type":"BreadcrumbList","@id":"https:\/\/www.electroluxprofessional.com\/fi\/your-business\/kampaamot-ja-parturit\/#breadcrumb","itemListElement":[{"@type":"ListItem","position":1,"name":"Home","item":"https:\/\/www.electroluxprofessional.com\/fi\/"},{"@type":"ListItem","position":2,"name":"Your Business","item":"https:\/\/www.electroluxprofessional.com\/fi\/your-business\/"},{"@type":"ListItem","position":3,"name":"Parturi- ja kampaamopalvelut"}]},{"@type":"WebSite","@id":"https:\/\/www.electroluxprofessional.com\/fi\/#website","url":"https:\/\/www.electroluxprofessional.com\/fi\/","name":"Electrolux Professional Suomi","description":"","potentialAction":[{"@type":"SearchAction","target":{"@type":"EntryPoint","urlTemplate":"https:\/\/www.electroluxprofessional.com\/fi\/?src={search_term_string}"},"query-input":"required name=search_term_string"}],"inLanguage":"fi"}]}},"_links":{"self":[{"href":"https:\/\/www.electroluxprofessional.com\/fi\/wp-json\/wp\/v2\/pages\/13758"}],"collection":[{"href":"https:\/\/www.electroluxprofessional.com\/fi\/wp-json\/wp\/v2\/pages"}],"about":[{"href":"https:\/\/www.electroluxprofessional.com\/fi\/wp-json\/wp\/v2\/types\/page"}],"author":[{"embeddable":true,"href":"https:\/\/www.electroluxprofessional.com\/fi\/wp-json\/wp\/v2\/users\/135"}],"replies":[{"embeddable":true,"href":"https:\/\/www.electroluxprofessional.com\/fi\/wp-json\/wp\/v2\/comments?post=13758"}],"version-history":[{"count":8,"href":"https:\/\/www.electroluxprofessional.com\/fi\/wp-json\/wp\/v2\/pages\/13758\/revisions"}],"predecessor-version":[{"id":15666,"href":"https:\/\/www.electroluxprofessional.com\/fi\/wp-json\/wp\/v2\/pages\/13758\/revisions\/15666"}],"up":[{"embeddable":true,"href":"https:\/\/www.electroluxprofessional.com\/fi\/wp-json\/wp\/v2\/pages\/3379"}],"wp:featuredmedia":[{"embeddable":true,"href":"https:\/\/www.electroluxprofessional.com\/fi\/wp-json\/wp\/v2\/media\/13739"}],"wp:attachment":[{"href":"https:\/\/www.electroluxprofessional.com\/fi\/wp-json\/wp\/v2\/media?parent=13758"}],"curies":[{"name":"wp","href":"https:\/\/api.w.org\/{rel}","templated":true}]}}