{"id":13738,"date":"2024-11-27T19:00:18","date_gmt":"2024-11-27T19:00:18","guid":{"rendered":"https:\/\/www.electroluxprofessional.com\/fi\/?page_id=13738"},"modified":"2025-11-05T14:34:31","modified_gmt":"2025-11-05T14:34:31","slug":"urheiluseurat-ja-kuntosalit","status":"publish","type":"page","link":"https:\/\/www.electroluxprofessional.com\/fi\/your-business\/urheiluseurat-ja-kuntosalit\/","title":{"rendered":"Liikuntakeskukset ja urheiluseurat"},"content":{"rendered":"<p>[vc_row full_width=&#8221;electroluxpro-full-width-no-padding&#8221; css=&#8221;.vc_custom_1663603533477{margin-top: -50px !important;}&#8221;][vc_column][elx_full_banner title=&#8221;Urheiluseurat ja kuntosalit&#8221; background_image_media_library=&#8221;13736&#8243; background_image_media_library_mobile=&#8221;13737&#8243;][\/vc_column][\/vc_row][vc_row][vc_column][vc_empty_space][\/vc_column][\/vc_row][vc_row][vc_column width=&#8221;2\/3&#8243;][elx_heading font_container=&#8221;h1&#8243; text_color=&#8221;electrolux-blue&#8221;]Pesularatkaisut urheiluseuroille ja kuntosaleihin[\/elx_heading][vc_column_text]<strong>Pinttyneet ruoho-, lika- ja hikitahrat<\/strong> ovat usein enemm\u00e4n kuin mit\u00e4 tavalliset kotitalouskoneet pystyv\u00e4t k\u00e4sittelem\u00e4\u00e4n.<br \/>\nmyPROn avulla sinun ei tarvitse koskaan en\u00e4\u00e4 olla huolissasi huonojen pesutulosten tai konevikojen vuoksi.\u00a0Lataa, aloita ja rentoudu![\/vc_column_text][elx_button button_text=&#8221;TUTUSTU TUOTTEISIIN&#8221; button_style=&#8221;icon&#8221; button_link=&#8221;url:https%3A%2F%2Fwww.electroluxprofessional.com%2Ffi%2Fammattipesulalaitteet%2Fmypro-pesukoneet-kuivausrummut-mankelit%2F|title:myPRO%20pesulalaitteet&#8221;][\/vc_column][vc_column width=&#8221;1\/3&#8243;][\/vc_column][\/vc_row][vc_row][vc_column][vc_single_image image=&#8221;13510&#8243; img_size=&#8221;full&#8221; alignment=&#8221;center&#8221;][\/vc_column][\/vc_row][vc_row content_placement=&#8221;top&#8221; el_class=&#8221;marginNegative&#8221;][vc_column width=&#8221;1\/3&#8243;][vc_empty_space][elx_heading font_container=&#8221;h5&#8243; font_size=&#8221;h5&#8243; text_color=&#8221;inherit&#8221;]Optimoidut rummun rei&#8217;itykset[\/elx_heading][vc_column_text]varmistavat kaiken lian ja hiukkasten poistamisen.\u00a0<strong>Suuret 4,5 mm rei\u00e4t<\/strong>\u00a0varmistavat, ett\u00e4 kiinte\u00e4t hiukkaset huuhdotaan tehokkaasti ulos rummusta, mik\u00e4 minimoi tekstiilin hankauksen.[\/vc_column_text][\/vc_column][vc_column width=&#8221;1\/3&#8243;][vc_empty_space][elx_heading font_container=&#8221;h5&#8243; font_size=&#8221;h5&#8243; text_color=&#8221;inherit&#8221;]Huippulaatua puolessa ajassa[\/elx_heading][vc_column_text]<strong>Luokkansa paras vedenpoisto<\/strong> saa aikaan <strong>lyhemm\u00e4t kuivaussyklit<\/strong>, alemmat k\u00e4ytt\u00f6kustannukset ja hienot tulokset joka kerta.[\/vc_column_text][\/vc_column][vc_column width=&#8221;1\/3&#8243;][vc_empty_space][elx_heading font_container=&#8221;h5&#8243; font_size=&#8221;h5&#8243; text_color=&#8221;inherit&#8221;]SpeedCare-rumpu[\/elx_heading][vc_column_text]Lyhemm\u00e4t kuivaussyklit\u00a0vaatteiden sis\u00e4isen kosteustason <strong>tosiaikaisen hallinnan<\/strong> ansiosta.<br \/>\nEst\u00e4\u00e4 kuituja kuivumasta liikaa, s\u00e4\u00e4st\u00e4\u00e4 aikaa ja antaa k\u00e4ytt\u00e4jille rauhallisen mielen.[\/vc_column_text][\/vc_column][\/vc_row][vc_row content_placement=&#8221;top&#8221; el_class=&#8221;marginNegative&#8221;][vc_column width=&#8221;1\/3&#8243;][vc_single_image image=&#8221;13732&#8243; img_size=&#8221;large&#8221;][elx_heading text_color=&#8221;inherit&#8221;]Raha-, energia- ja tilas\u00e4\u00e4st\u00f6t[\/elx_heading][vc_column_text css=&#8221;.vc_custom_1571819645236{margin-bottom: 0px !important;}&#8221; el_class=&#8221;minHeightCirclesText&#8221;]<em>\u201dTiimini varusteet n\u00e4ytt\u00e4v\u00e4t aina parhailta kent\u00e4ll\u00e4\u201d<\/em>[\/vc_column_text][vc_column_text css=&#8221;.vc_custom_1573204016295{margin-top: 15px !important;}&#8221;]<\/p>\n<ul>\n<li>Parhaat pesutulokset Electrolux SpeedCare -rummun ansiosta<\/li>\n<li><strong>S\u00e4\u00e4st\u00e4t energiaa ja kustannuksia<\/strong> (A+++ pesukoneiden energiatehokkuusluokitus)<\/li>\n<li>Suuren tehokkuuden pesula kompaktissa muodossa\u00a0optimoitu yrityksen tilank\u00e4ytt\u00f6\u00f6n<\/li>\n<\/ul>\n<p>[\/vc_column_text][\/vc_column][vc_column width=&#8221;1\/3&#8243;][vc_single_image image=&#8221;13733&#8243; img_size=&#8221;large&#8221;][elx_heading text_color=&#8221;inherit&#8221; css=&#8221;.vc_custom_1571819718816{margin-top: 0px !important;}&#8221;]Huippulaatua puolessa ajassa[\/elx_heading][vc_column_text css=&#8221;.vc_custom_1571819703317{margin-bottom: 0px !important;}&#8221; el_class=&#8221;minHeightCirclesText&#8221;]<em>\u201dVoin olla varma, ett\u00e4\u00a0<\/em><em>pyykit on pesty ajoissa ennen peli\u00e4\u201d<\/em>[\/vc_column_text][vc_column_text css=&#8221;.vc_custom_1573204218930{margin-top: 15px !important;}&#8221;]<\/p>\n<ul>\n<li><strong>Suuren tehokkuuden pesula<\/strong> kompaktissa muodossa, jotta pesu on valmis ajoissa ennen seuraavaa peli\u00e4!<\/li>\n<li>Maaper\u00e4n ja kivien tehokas huuhtelu rummusta varmistettu suurten 4,5 mm reikien ansiosta<\/li>\n<li><strong>Nopeampi kuivaussykli<\/strong> Automatic Moisture Control -toiminnon ansiosta<\/li>\n<\/ul>\n<p>[\/vc_column_text][\/vc_column][vc_column width=&#8221;1\/3&#8243;][vc_single_image image=&#8221;13734&#8243; img_size=&#8221;large&#8221;][elx_heading text_color=&#8221;inherit&#8221;]Suuri nopeus vastaa ammattisi tarpeitasi.[\/elx_heading][vc_column_text css=&#8221;.vc_custom_1571821257055{margin-bottom: 0px !important;}&#8221; el_class=&#8221;minHeightCirclesText&#8221;]<em>\u201dVoin vuokrata pyyhkeit\u00e4 klubin j\u00e4senille ja ansaita lis\u00e4\u00e4 tuloja.\u201d<\/em>[\/vc_column_text][vc_column_text css=&#8221;.vc_custom_1573204252689{margin-top: 15px !important;}&#8221;]<\/p>\n<ul>\n<li><strong>Ammattimaiset desinfiointiohjelmat<\/strong> varmistavat korkeatasoisen hygienian.<\/li>\n<li>Huippulaatuinen ratkaisu, joka on luotu <strong>kest\u00e4m\u00e4\u00e4n pidemp\u00e4\u00e4n<\/strong><\/li>\n<li><strong>Takuu<\/strong> ammattik\u00e4ytt\u00f6\u00f6n<\/li>\n<\/ul>\n<p>[\/vc_column_text][\/vc_column][\/vc_row][vc_row][vc_column][vc_empty_space][vc_column_text]<\/p>\n<h4 style=\"text-align: center;\">Pesularatkaisut &#8211; urheiluseurat ja kuntosalit.<br \/>\nHaluatko lis\u00e4tietoja? Ota meihin yhteytt\u00e4.<\/h4>\n<p>[\/vc_column_text][vc_empty_space][\/vc_column][\/vc_row][vc_row][vc_column][elx_o2000_contact_us s=&#8221;Pyyd\u00e4 lis\u00e4tietoja ratkaisuista kampaamoille ja kauneushoitoloille&#8221; b=&#8221;laundry&#8221; r=&#8221;Haluaisin saada lis\u00e4tietoja pyykinpesuratkaisuista Urheilu- ja kuntoklubeille&#8221; l=&#8221;en&#8221;][\/vc_column][\/vc_row][vc_row][vc_column][vc_empty_space][\/vc_column][\/vc_row][vc_row][vc_column width=&#8221;1\/2&#8243;][vc_single_image image=&#8221;13735&#8243; img_size=&#8221;full&#8221;][\/vc_column][vc_column width=&#8221;1\/2&#8243;][elx_heading font_container=&#8221;h5&#8243; text_color=&#8221;inherit&#8221;]Richmond Football Club, Melbourne (Australia)[\/elx_heading][vc_column_text]\u201dMeill\u00e4 on nyt kolme pesukonetta ja kuivainta asennettuna pienelle pyykinpesualueelle; koneet ovat kompakteja, hiljaisia, ja ne tekev\u00e4t erinomaista ty\u00f6t\u00e4 pesten 100\u2013120 pesukuormaa viikossa. Ei en\u00e4\u00e4 nurmitahroja tai rasvaj\u00e4\u00e4nteit\u00e4, jotka voivat olla paloriskej\u00e4.\u201d<br \/>\n<strong>Giuseppe Mamone, is\u00e4nn\u00f6itsij\u00e4<\/strong>[\/vc_column_text][elx_button button_text=&#8221;Richmond Football Club&#8221; button_style=&#8221;icon&#8221; button_link=&#8221;url:https%3A%2F%2Fwww.electroluxprofessional.com%2Freferences%2Fmypro-for-richmond-football-club%2F|title:Richmond%20Football%20Club&#8221;][\/vc_column][\/vc_row][vc_row][vc_column][vc_empty_space][\/vc_column][\/vc_row][vc_row css=&#8221;.vc_custom_1534772259989{background-color: #eeeeee !important;}&#8221;][vc_column width=&#8221;2\/3&#8243;][elx_heading font_size=&#8221;h3&#8243; text_color=&#8221;inherit&#8221;]Haetko tuottavampia ratkaisuja?[\/elx_heading][elx_heading font_container=&#8221;h3&#8243; font_size=&#8221;h5&#8243; text_color=&#8221;inherit&#8221;]Katso pyykinpesuratkaisumme ammattik\u00e4ytt\u00f6\u00f6n[\/elx_heading][vc_column_text]Electrolux Professional tarjoa monia erilaisia tuotteita, jotka soveltuvat ammattik\u00e4yt\u00f6n pyykinpesuun.[\/vc_column_text][elx_button button_text=&#8221;Tutustu Line 6000 pesulalaitteisiimme&#8221; button_style=&#8221;icon&#8221; button_link=&#8221;url:https%3A%2F%2Fwww.electroluxprofessional.com%2Ffi%2Fammattipesulalaitteet%2Fline-6000-ammattipesulalaitteet%2F|title:Commercial%20Laundry%20Solutions&#8221;][\/vc_column][vc_column width=&#8221;1\/3&#8243;][vc_empty_space][vc_single_image image=&#8221;1888&#8243; img_size=&#8221;700px&#8221; onclick=&#8221;custom_link&#8221; link=&#8221;http:\/\/https:\/\/www.electroluxprofessional.com\/fi\/\/your-business\/commercial-laundries\/&#8221;][\/vc_column][\/vc_row]<\/p>\n","protected":false},"excerpt":{"rendered":"<p>[vc_row full_width=&#8221;electroluxpro-full-width-no-padding&#8221; css=&#8221;.vc_custom_1663603533477{margin-top: -50px !important;}&#8221;][vc_column][elx_full_banner title=&#8221;Urheiluseurat ja kuntosalit&#8221; background_image_media_library=&#8221;13736&#8243; background_image_media_library_mobile=&#8221;13737&#8243;][\/vc_column][\/vc_row][vc_row][vc_column][vc_empty_space][\/vc_column][\/vc_row][vc_row][vc_column width=&#8221;2\/3&#8243;][elx_heading font_container=&#8221;h1&#8243; text_color=&#8221;electrolux-blue&#8221;]Pesularatkaisut urheiluseuroille ja kuntosaleihin[\/elx_heading][vc_column_text]Pinttyneet ruoho-, lika- ja hikitahrat ovat usein enemm\u00e4n kuin mit\u00e4 tavalliset kotitalouskoneet pystyv\u00e4t k\u00e4sittelem\u00e4\u00e4n. myPROn avulla sinun ei tarvitse koskaan en\u00e4\u00e4 olla huolissasi huonojen pesutulosten tai konevikojen vuoksi.\u00a0Lataa, aloita ja rentoudu![\/vc_column_text][elx_button button_text=&#8221;TUTUSTU TUOTTEISIIN&#8221; button_style=&#8221;icon&#8221; button_link=&#8221;url:https%3A%2F%2Fwww.electroluxprofessional.com%2Ffi%2Fammattipesulalaitteet%2Fmypro-pesukoneet-kuivausrummut-mankelit%2F|title:myPRO%20pesulalaitteet&#8221;][\/vc_column][vc_column width=&#8221;1\/3&#8243;][\/vc_column][\/vc_row][vc_row][vc_column][vc_single_image image=&#8221;13510&#8243; img_size=&#8221;full&#8221; alignment=&#8221;center&#8221;][\/vc_column][\/vc_row][vc_row content_placement=&#8221;top&#8221; [&hellip;]<\/p>\n","protected":false},"author":135,"featured_media":0,"parent":3379,"menu_order":0,"comment_status":"closed","ping_status":"closed","template":"","meta":{"footnotes":""},"class_list":["post-13738","page","type-page","status-publish","hentry"],"yoast_head":"<!-- This site is optimized with the Yoast SEO plugin v23.3 - https:\/\/yoast.com\/wordpress\/plugins\/seo\/ -->\n<title>Urheiluseurat ja kuntosalit - Electrolux Professional Suomi<\/title>\n<meta name=\"description\" content=\"Tutustu urheiluseuroille ja kuntosaleihin suunnattuihin pesularatkaisuihimme. Urheiluseurat ja kuntosalit.\" \/>\n<meta name=\"robots\" content=\"index, follow, max-snippet:-1, max-image-preview:large, max-video-preview:-1\" \/>\n<link rel=\"canonical\" href=\"https:\/\/www.electroluxprofessional.com\/fi\/your-business\/urheiluseurat-ja-kuntosalit\/\" \/>\n<meta property=\"og:locale\" content=\"fi_FI\" \/>\n<meta property=\"og:type\" content=\"article\" \/>\n<meta property=\"og:title\" content=\"Urheiluseurat ja kuntosalit - Electrolux Professional Suomi\" \/>\n<meta property=\"og:description\" content=\"Tutustu urheiluseuroille ja kuntosaleihin suunnattuihin pesularatkaisuihimme. Urheiluseurat ja kuntosalit.\" \/>\n<meta property=\"og:url\" content=\"https:\/\/www.electroluxprofessional.com\/fi\/your-business\/urheiluseurat-ja-kuntosalit\/\" \/>\n<meta property=\"og:site_name\" content=\"Electrolux Professional Suomi\" \/>\n<meta property=\"article:modified_time\" content=\"2025-11-05T14:34:31+00:00\" \/>\n<meta name=\"twitter:card\" content=\"summary_large_image\" \/>\n<meta name=\"twitter:label1\" content=\"Arvioitu lukuaika\" \/>\n\t<meta name=\"twitter:data1\" content=\"4 minuuttia\" \/>\n<script type=\"application\/ld+json\" class=\"yoast-schema-graph\">{\"@context\":\"https:\/\/schema.org\",\"@graph\":[{\"@type\":\"WebPage\",\"@id\":\"https:\/\/www.electroluxprofessional.com\/fi\/your-business\/urheiluseurat-ja-kuntosalit\/\",\"url\":\"https:\/\/www.electroluxprofessional.com\/fi\/your-business\/urheiluseurat-ja-kuntosalit\/\",\"name\":\"Urheiluseurat ja kuntosalit - Electrolux Professional Suomi\",\"isPartOf\":{\"@id\":\"https:\/\/www.electroluxprofessional.com\/fi\/#website\"},\"datePublished\":\"2024-11-27T19:00:18+00:00\",\"dateModified\":\"2025-11-05T14:34:31+00:00\",\"description\":\"Tutustu urheiluseuroille ja kuntosaleihin suunnattuihin pesularatkaisuihimme. Urheiluseurat ja kuntosalit.\",\"breadcrumb\":{\"@id\":\"https:\/\/www.electroluxprofessional.com\/fi\/your-business\/urheiluseurat-ja-kuntosalit\/#breadcrumb\"},\"inLanguage\":\"fi\",\"potentialAction\":[{\"@type\":\"ReadAction\",\"target\":[\"https:\/\/www.electroluxprofessional.com\/fi\/your-business\/urheiluseurat-ja-kuntosalit\/\"]}]},{\"@type\":\"BreadcrumbList\",\"@id\":\"https:\/\/www.electroluxprofessional.com\/fi\/your-business\/urheiluseurat-ja-kuntosalit\/#breadcrumb\",\"itemListElement\":[{\"@type\":\"ListItem\",\"position\":1,\"name\":\"Home\",\"item\":\"https:\/\/www.electroluxprofessional.com\/fi\/\"},{\"@type\":\"ListItem\",\"position\":2,\"name\":\"Your Business\",\"item\":\"https:\/\/www.electroluxprofessional.com\/fi\/your-business\/\"},{\"@type\":\"ListItem\",\"position\":3,\"name\":\"Liikuntakeskukset ja urheiluseurat\"}]},{\"@type\":\"WebSite\",\"@id\":\"https:\/\/www.electroluxprofessional.com\/fi\/#website\",\"url\":\"https:\/\/www.electroluxprofessional.com\/fi\/\",\"name\":\"Electrolux Professional Suomi\",\"description\":\"\",\"potentialAction\":[{\"@type\":\"SearchAction\",\"target\":{\"@type\":\"EntryPoint\",\"urlTemplate\":\"https:\/\/www.electroluxprofessional.com\/fi\/?src={search_term_string}\"},\"query-input\":\"required name=search_term_string\"}],\"inLanguage\":\"fi\"}]}<\/script>\n<!-- \/ Yoast SEO plugin. -->","yoast_head_json":{"title":"Urheiluseurat ja kuntosalit - Electrolux Professional Suomi","description":"Tutustu urheiluseuroille ja kuntosaleihin suunnattuihin pesularatkaisuihimme. Urheiluseurat ja kuntosalit.","robots":{"index":"index","follow":"follow","max-snippet":"max-snippet:-1","max-image-preview":"max-image-preview:large","max-video-preview":"max-video-preview:-1"},"canonical":"https:\/\/www.electroluxprofessional.com\/fi\/your-business\/urheiluseurat-ja-kuntosalit\/","og_locale":"fi_FI","og_type":"article","og_title":"Urheiluseurat ja kuntosalit - Electrolux Professional Suomi","og_description":"Tutustu urheiluseuroille ja kuntosaleihin suunnattuihin pesularatkaisuihimme. Urheiluseurat ja kuntosalit.","og_url":"https:\/\/www.electroluxprofessional.com\/fi\/your-business\/urheiluseurat-ja-kuntosalit\/","og_site_name":"Electrolux Professional Suomi","article_modified_time":"2025-11-05T14:34:31+00:00","twitter_card":"summary_large_image","twitter_misc":{"Arvioitu lukuaika":"4 minuuttia"},"schema":{"@context":"https:\/\/schema.org","@graph":[{"@type":"WebPage","@id":"https:\/\/www.electroluxprofessional.com\/fi\/your-business\/urheiluseurat-ja-kuntosalit\/","url":"https:\/\/www.electroluxprofessional.com\/fi\/your-business\/urheiluseurat-ja-kuntosalit\/","name":"Urheiluseurat ja kuntosalit - Electrolux Professional Suomi","isPartOf":{"@id":"https:\/\/www.electroluxprofessional.com\/fi\/#website"},"datePublished":"2024-11-27T19:00:18+00:00","dateModified":"2025-11-05T14:34:31+00:00","description":"Tutustu urheiluseuroille ja kuntosaleihin suunnattuihin pesularatkaisuihimme. Urheiluseurat ja kuntosalit.","breadcrumb":{"@id":"https:\/\/www.electroluxprofessional.com\/fi\/your-business\/urheiluseurat-ja-kuntosalit\/#breadcrumb"},"inLanguage":"fi","potentialAction":[{"@type":"ReadAction","target":["https:\/\/www.electroluxprofessional.com\/fi\/your-business\/urheiluseurat-ja-kuntosalit\/"]}]},{"@type":"BreadcrumbList","@id":"https:\/\/www.electroluxprofessional.com\/fi\/your-business\/urheiluseurat-ja-kuntosalit\/#breadcrumb","itemListElement":[{"@type":"ListItem","position":1,"name":"Home","item":"https:\/\/www.electroluxprofessional.com\/fi\/"},{"@type":"ListItem","position":2,"name":"Your Business","item":"https:\/\/www.electroluxprofessional.com\/fi\/your-business\/"},{"@type":"ListItem","position":3,"name":"Liikuntakeskukset ja urheiluseurat"}]},{"@type":"WebSite","@id":"https:\/\/www.electroluxprofessional.com\/fi\/#website","url":"https:\/\/www.electroluxprofessional.com\/fi\/","name":"Electrolux Professional Suomi","description":"","potentialAction":[{"@type":"SearchAction","target":{"@type":"EntryPoint","urlTemplate":"https:\/\/www.electroluxprofessional.com\/fi\/?src={search_term_string}"},"query-input":"required name=search_term_string"}],"inLanguage":"fi"}]}},"_links":{"self":[{"href":"https:\/\/www.electroluxprofessional.com\/fi\/wp-json\/wp\/v2\/pages\/13738"}],"collection":[{"href":"https:\/\/www.electroluxprofessional.com\/fi\/wp-json\/wp\/v2\/pages"}],"about":[{"href":"https:\/\/www.electroluxprofessional.com\/fi\/wp-json\/wp\/v2\/types\/page"}],"author":[{"embeddable":true,"href":"https:\/\/www.electroluxprofessional.com\/fi\/wp-json\/wp\/v2\/users\/135"}],"replies":[{"embeddable":true,"href":"https:\/\/www.electroluxprofessional.com\/fi\/wp-json\/wp\/v2\/comments?post=13738"}],"version-history":[{"count":11,"href":"https:\/\/www.electroluxprofessional.com\/fi\/wp-json\/wp\/v2\/pages\/13738\/revisions"}],"predecessor-version":[{"id":15667,"href":"https:\/\/www.electroluxprofessional.com\/fi\/wp-json\/wp\/v2\/pages\/13738\/revisions\/15667"}],"up":[{"embeddable":true,"href":"https:\/\/www.electroluxprofessional.com\/fi\/wp-json\/wp\/v2\/pages\/3379"}],"wp:attachment":[{"href":"https:\/\/www.electroluxprofessional.com\/fi\/wp-json\/wp\/v2\/media?parent=13738"}],"curies":[{"name":"wp","href":"https:\/\/api.w.org\/{rel}","templated":true}]}}