{"id":13731,"date":"2024-11-27T18:59:42","date_gmt":"2024-11-27T18:59:42","guid":{"rendered":"https:\/\/www.electroluxprofessional.com\/fi\/?page_id=13731"},"modified":"2025-11-05T14:30:42","modified_gmt":"2025-11-05T14:30:42","slug":"hotellit","status":"publish","type":"page","link":"https:\/\/www.electroluxprofessional.com\/fi\/your-business\/hotellit\/","title":{"rendered":"Hotellit"},"content":{"rendered":"<p>[vc_row full_width=&#8221;electroluxpro-full-width-no-padding&#8221; css=&#8221;.vc_custom_1663583749994{margin-top: -50px !important;}&#8221;][vc_column reveal_effect=&#8221;&#8221;][elx_full_banner title=&#8221;Hotellit&#8221; background_image_media_library=&#8221;13729&#8243; background_image_media_library_mobile=&#8221;13730&#8243;][\/vc_column][\/vc_row][vc_row][vc_column][vc_empty_space][\/vc_column][\/vc_row][vc_row][vc_column][elx_heading font_size=&#8221;h3&#8243; text_color=&#8221;inherit&#8221; text_align=&#8221;text-left&#8221;]Hotellikeitti\u00f6t[\/elx_heading][vc_empty_space][\/vc_column][\/vc_row][vc_row equal_height=&#8221;yes&#8221;][vc_column width=&#8221;2\/3&#8243;][elx_image_block background_image=&#8221;13728&#8243; minimum_height=&#8221;300px&#8221;][\/vc_column][vc_column width=&#8221;1\/3&#8243;][elx_heading font_container=&#8221;h3&#8243; font_size=&#8221;h5&#8243; text_color=&#8221;inherit&#8221;]Tiesitk\u00f6, ett\u00e4 5 t\u00e4hden palvelu voi synty\u00e4 ilman ruokaj\u00e4tett\u00e4?[\/elx_heading][vc_column_text]Mit\u00e4 ikin\u00e4 hotellikeitti\u00f6si tarvitseekin, Electrolux Professionalilla on kattavat ratkaisut, jotka voivat parantaa keitti\u00f6si tuottavuutta ja kest\u00e4vyytt\u00e4.<\/p>\n<p><strong>Hotellit ja hotelliketjut..Meilt\u00e4 l\u00f6yd\u00e4t\u00a0 ratkaisut\u00a0 sek\u00e4 hotelliketjuihin ett\u00e4 yksityisiin hotelleihin.\u00a0<\/strong>[\/vc_column_text][\/vc_column][\/vc_row][vc_row][vc_column][vc_empty_space][\/vc_column][\/vc_row][vc_row][vc_column width=&#8221;1\/3&#8243;][elx_simple_link_block link=&#8221;url:https%3A%2F%2Fwww.electroluxprofessional.com%2Ffi%2Fammattikeittiolaitteet%2Fthermaline-liesisarjat%2F|title:thermaline&#8221; text_align=&#8221;text-left&#8221; text_color=&#8221;inherit&#8221; background_color=&#8221;inherit&#8221; background_hover_color=&#8221;darker-hover&#8221; extra_class=&#8221;&#8221; reveal_effect=&#8221;&#8221; reveal_duration=&#8221;&#8221; reveal_delay=&#8221;&#8221;][vc_single_image image=&#8221;748&#8243; img_size=&#8221;full&#8221; alignment=&#8221;center&#8221; onclick=&#8221;custom_link&#8221;][elx_heading font_container=&#8221;h3&#8243; font_size=&#8221;h5&#8243; text_color=&#8221;inherit&#8221; text_align=&#8221;text-left&#8221;]therma<em>line<\/em>[\/elx_heading][vc_column_text]S\u00e4\u00e4st\u00e4t jopa 60 % energiakustannuksia samalla, kun parannat suoritusta korkealuokkaisen therma<em>line<\/em>-lieden avulla.<br \/>\nKoko tason induktio tekee monien tuotteiden keitt\u00e4misen samanaikaisesti entist\u00e4 helpommaksi.[\/vc_column_text][\/elx_simple_link_block][\/vc_column][vc_column width=&#8221;1\/3&#8243;][elx_simple_link_block link=&#8221;url:https%3A%2F%2Fwww.electroluxprofessional.com%2Ffi%2Fammattikeittiolaitteet%2Fyhdistelmauunit-ja-tehojaahdytys%2F|title:Cook%20%26%20Chill&#8221; text_align=&#8221;text-left&#8221; text_color=&#8221;inherit&#8221; background_color=&#8221;inherit&#8221; background_hover_color=&#8221;darker-hover&#8221; extra_class=&#8221;&#8221; reveal_effect=&#8221;&#8221; reveal_duration=&#8221;&#8221; reveal_delay=&#8221;&#8221;][vc_single_image image=&#8221;9485&#8243; img_size=&#8221;500&#215;333&#8243; alignment=&#8221;center&#8221; onclick=&#8221;custom_link&#8221;][elx_heading font_container=&#8221;h3&#8243; font_size=&#8221;h5&#8243; text_color=&#8221;inherit&#8221; text_align=&#8221;text-left&#8221;]SkyLine Cook and Chill[\/elx_heading][vc_column_text]Esittelyss\u00e4 uraauurtava\u00a0<strong>Cook and Chill<\/strong>\u00a0-ratkaisu. Se ennakoi tarpeesi\u00a0<strong>SkyDuo<\/strong>n avulla, joka on saumaton, intuitiivinen yhteys\u00a0<strong>SkyLine-laitteiden<\/strong> v\u00e4liil\u00e4.[\/vc_column_text][\/elx_simple_link_block][\/vc_column][vc_column width=&#8221;1\/3&#8243;][elx_simple_link_block link=&#8221;url:https%3A%2F%2Fwww.electroluxprofessional.com%2Ffi%2Fammattikeittiolaitteet%2Fjaakaapit-ja-pakastekaapit%2F|title:Refrigeration&#8221; text_align=&#8221;text-left&#8221; text_color=&#8221;inherit&#8221; background_color=&#8221;inherit&#8221; background_hover_color=&#8221;darker-hover&#8221; extra_class=&#8221;&#8221; reveal_effect=&#8221;&#8221; reveal_duration=&#8221;&#8221; reveal_delay=&#8221;&#8221;][vc_single_image image=&#8221;13724&#8243; img_size=&#8221;large&#8221; onclick=&#8221;custom_link&#8221;][elx_heading font_container=&#8221;h3&#8243; font_size=&#8221;h5&#8243; text_color=&#8221;inherit&#8221; text_align=&#8221;text-left&#8221;]Kylm\u00e4laitteet[\/elx_heading][vc_column_text]Pid\u00e4 ruoka kylm\u00e4n\u00e4 luokkansa parhaalla energiatehokkuudella ecostoren kylm\u00e4kaapeissa.<br \/>\nTee keitti\u00f6st\u00e4 kest\u00e4v\u00e4mpi ja tuottavampi.[\/vc_column_text][\/elx_simple_link_block][\/vc_column][\/vc_row][vc_row css=&#8221;.vc_custom_1522939207643{background-color: #ededc9 !important;}&#8221;][vc_column][vc_empty_space][\/vc_column][\/vc_row][vc_row][vc_column][elx_heading font_size=&#8221;h3&#8243; text_color=&#8221;inherit&#8221; text_align=&#8221;text-left&#8221;]Miksi hotellit tarvitsevat oma pesulan?[\/elx_heading][vc_empty_space][\/vc_column][\/vc_row][vc_row equal_height=&#8221;yes&#8221;][vc_column width=&#8221;2\/3&#8243;][elx_heading font_size=&#8221;h5&#8243; text_color=&#8221;inherit&#8221;]Tied\u00e4tk\u00f6, mik\u00e4 merkitsee eniten hotellisi asukkaille?[\/elx_heading][vc_column_text]Viimeisimm\u00e4t alan tutkimukset osoittavat, ett\u00e4:<\/p>\n<ul>\n<li>99 % vieraista piti laadukkaita pyyhkeit\u00e4 ja liinavaatteita hyvin t\u00e4rkein\u00e4<\/li>\n<li>96 % sanoi, ett\u00e4 he eiv\u00e4t palaa hotelliin, jos sen pyyhkeet tai liinavaatteet olivat huonolaatuisia tai tahraisia.<\/li>\n<\/ul>\n<p>Ota asia hallintaan ja varmista erinomainen hygienia ja puhtaus Electrolux Professionalin <strong>pesulalaitteiden<\/strong> avulla.[\/vc_column_text][\/vc_column][vc_column width=&#8221;1\/3&#8243;][vc_single_image image=&#8221;13725&#8243; img_size=&#8221;full&#8221;][\/vc_column][\/vc_row][vc_row][vc_column width=&#8221;1\/3&#8243;][elx_heading font_container=&#8221;h3&#8243; font_size=&#8221;h5&#8243; text_color=&#8221;inherit&#8221; text_align=&#8221;text-left&#8221;]Ylivoimainen puhtaus[\/elx_heading][vc_column_text]Ylivoimainen puhtaus ja hygienia mukautettujen ohjelmien ja pesuprosessien ansiosta mahdollistaa todellisen prosessien ja kustannusten hallinnan.[\/vc_column_text][\/vc_column][vc_column width=&#8221;1\/3&#8243;][elx_heading font_container=&#8221;h3&#8243; font_size=&#8221;h5&#8243; text_color=&#8221;inherit&#8221; text_align=&#8221;text-left&#8221;]Tarkka hallinta[\/elx_heading][vc_column_text]Tarkka hygienian ja kustannusten hallinta Certus- johdon tiedonhallintaj\u00e4rjestelm\u00e4ll\u00e4.<br \/>\nJopa 50 % alemmat k\u00e4ytt\u00f6kustannukset automaattisella s\u00e4\u00e4st\u00f6j\u00e4rjestelm\u00e4ll\u00e4 ja l\u00e4mp\u00f6pumpputeknologialla.[\/vc_column_text][\/vc_column][vc_column width=&#8221;1\/3&#8243;][elx_heading font_container=&#8221;h3&#8243; font_size=&#8221;h5&#8243; text_color=&#8221;inherit&#8221; text_align=&#8221;text-left&#8221;]Suurempi k\u00e4ytett\u00e4vyys[\/elx_heading][vc_column_text]Suurempi k\u00e4ytett\u00e4vyys ja alemmat ty\u00f6vaatekustannukset nopeamman pyykink\u00e4sittelyn ansioista.<br \/>\nV\u00e4henn\u00e4 energian ja veden kulutusta.[\/vc_column_text][\/vc_column][\/vc_row][vc_row][vc_column][vc_empty_space][\/vc_column][\/vc_row][vc_row][vc_column width=&#8221;1\/3&#8243;][elx_download_block text=&#8221;Hospitality laundry<br \/>\nBrochure&#8221; link=&#8221;http:\/\/files.professional.electrolux.com\/docs\/?t=BR&amp;n=A0005&amp;l=1&#8243; background_color=&#8221;hotels&#8221; reveal_effect=&#8221;&#8221; reveal_duration=&#8221;&#8221; reveal_delay=&#8221;&#8221;][\/vc_column][vc_column width=&#8221;1\/3&#8243;][elx_download_block text=&#8221;Hospitality laundry<br \/>\nRange overview&#8221; link=&#8221;http:\/\/files.professional.electrolux.com\/docs\/?t=RO&amp;n=Range%20Overview%20Hospitality%20Laundry%20&amp;l=1&#8243; background_color=&#8221;hotels&#8221; reveal_effect=&#8221;&#8221; reveal_duration=&#8221;&#8221; reveal_delay=&#8221;&#8221;][\/vc_column][vc_column width=&#8221;1\/3&#8243;][vc_single_image image=&#8221;11408&#8243; img_size=&#8221;360*160&#8243;][\/vc_column][\/vc_row][vc_row][vc_column width=&#8221;1\/3&#8243;][vc_empty_space height=&#8221;16px&#8221;][elx_image_block background_image=&#8221;629&#8243; minimum_height=&#8221;260px&#8221;][vc_empty_space][\/vc_column][vc_column width=&#8221;2\/3&#8243;][elx_heading font_container=&#8221;h3&#8243; font_size=&#8221;h5&#8243; text_color=&#8221;electrolux-blue&#8221; text_align=&#8221;text-left&#8221;]Vieraanvaraisuuden vihre\u00e4 puoli<br \/>\nlagoon\u00ae Advanced Care:<br \/>\nveden teho[\/elx_heading][vc_column_text]<\/p>\n<h5>Kest\u00e4v\u00e4<\/h5>\n<p>Ymp\u00e4rist\u00f6yst\u00e4v\u00e4llinen ilman myrkyllisi\u00e4 kemikaaleja, joita k\u00e4ytet\u00e4\u00e4n prosesseissa, koska vesi liottaa niit\u00e4.<\/p>\n<h5>Varovainen herkkien materiaalien kanssa<\/h5>\n<p>Loistavat tulokset valet-palvelullesi, kaikista herkimmille tekstiileille ja hienolle villalle, jotka on merkitty vain kuivapesuun.<\/p>\n<h5>T\u00e4ydellinen puhdistuspalvelu 55 minuutissa<\/h5>\n<p>M\u00e4rk\u00e4puhdistuksen edell\u00e4k\u00e4vij\u00e4: kaikki vedenk\u00e4yt\u00f6n edut sek\u00e4 liuotinpuhdistuksen nopeus ja yksinkertaisuus. Ty\u00f6vaatteet saadaan aina t\u00e4ysin puhtaiksi, niit\u00e4 k\u00e4sitell\u00e4\u00e4n varovasti ja ne pest\u00e4\u00e4n ajoissa.[\/vc_column_text][elx_button button_text=&#8221;lagoon\u00ae Advanced Care&#8221; button_style=&#8221;icon&#8221; button_link=&#8221;url:https%3A%2F%2Fwww.electroluxprofessional.com%2Ffi%2Fammattipesulalaitteet%2Flagoon-advanced-care-markapesu%2F|title:lagoon%20Advanced%20Care&#8221;][\/vc_column][\/vc_row][vc_row][vc_column][vc_empty_space][elx_heading font_container=&#8221;h3&#8243; font_size=&#8221;h5&#8243; text_color=&#8221;inherit&#8221; text_align=&#8221;text-center&#8221;]Ammattikeitti\u00f6- ja pesularatkaisut &#8211; hotellit.<br \/>\nHaluatko lis\u00e4tietoja? Ota meihin yhteytt\u00e4.[\/elx_heading][vc_empty_space][elx_o2000_contact_us s=&#8221;Lis\u00e4tietopyynt\u00f6si: pesularatkaisut hotelleille&#8221; b=&#8221;laundry&#8221; container=&#8221;elxcontactus1466430938&#8243; r=&#8221;Haluaisin saada lis\u00e4tietoja pesularatkaisuista hotellilleni.&#8221;][\/vc_column][\/vc_row][vc_row][vc_column][vc_empty_space][\/vc_column][\/vc_row][vc_row full_width=&#8221;electroluxpro-full-width-no-padding&#8221;][vc_column][vc_empty_space height=&#8221;1px&#8221; css=&#8221;.vc_custom_1520265277906{border-top-width: 1px !important;background-color: #eeeeee !important;border-top-color: #eeeeee !important;}&#8221;][vc_empty_space height=&#8221;50px&#8221;][\/vc_column][\/vc_row][vc_row equal_height=&#8221;yes&#8221; content_placement=&#8221;middle&#8221;][vc_column width=&#8221;1\/3&#8243;][elx_heading font_size=&#8221;h3&#8243; text_color=&#8221;electrolux-blue&#8221; text_align=&#8221;text-left&#8221;]Ketjuliikkeet[\/elx_heading][vc_column_text]<\/p>\n<p style=\"text-align: left;\"><span style=\"color: #041e41;\">Miten voimme erottua?<\/span><\/p>\n<p>[\/vc_column_text][elx_button button_text=&#8221;Hotelliketjut&#8221; button_style=&#8221;icon&#8221; button_link=&#8221;url:https%3A%2F%2Fwww.electroluxprofessional.com%2Ffi%2Fyour-business%2Fhotelliketjut%2F|title:Hotelliketjut&#8221;][\/vc_column][vc_column width=&#8221;1\/3&#8243;][vc_single_image image=&#8221;13726&#8243; img_size=&#8221;360*260&#8243;][\/vc_column][vc_column width=&#8221;1\/3&#8243;][vc_single_image image=&#8221;13727&#8243; img_size=&#8221;360*260&#8243;][\/vc_column][\/vc_row][vc_row][vc_column][vc_empty_space][elx_heading font_size=&#8221;h3&#8243; text_color=&#8221;inherit&#8221; text_align=&#8221;text-left&#8221;]Asiakkaidemme \u00e4\u00e4ni[\/elx_heading][vc_empty_space height=&#8221;10px&#8221;][\/vc_column][\/vc_row][vc_row][vc_column width=&#8221;1\/3&#8243;][vc_single_image image=&#8221;14058&#8243; img_size=&#8221;360*260&#8243; alignment=&#8221;center&#8221;][elx_heading font_container=&#8221;h3&#8243; font_size=&#8221;h5&#8243; text_color=&#8221;inherit&#8221;]Kumppani, johon voi luottaa[\/elx_heading][vc_column_text]\u201d<em>Arvostan hyvin paljon Electrolux Professional laitteiden k\u00e4ytt\u00e4j\u00e4yst\u00e4v\u00e4llisyytt\u00e4. Electrolux Professionalilla laaja kokemus sek\u00e4 valtava kansainv\u00e4linen asiantuntemus<\/em>&#8220;.<\/p>\n<p><strong>Mansour Memarian, <\/strong>The Chedi Andermatt -hotellin vastaava kokki<strong><br \/>\n<\/strong><strong>Andermatt, Sveitsi<\/strong>[\/vc_column_text][elx_button button_text=&#8221;lue lis\u00e4\u00e4&#8221; button_style=&#8221;icon&#8221; button_link=&#8221;url:https%3A%2F%2Fwww.electroluxprofessional.com%2Ffi%2Fyour-business%2Fhotellit%2F|title:hotellit&#8221;][\/vc_column][vc_column width=&#8221;1\/3&#8243;][vc_single_image image=&#8221;754&#8243; img_size=&#8221;360*260&#8243; alignment=&#8221;center&#8221;][elx_heading font_container=&#8221;h3&#8243; font_size=&#8221;h5&#8243; text_color=&#8221;inherit&#8221;]Kun on kyse puhtaudesta, on parasta luottaa omaan asiantuntemukseen[\/elx_heading][vc_column_text]\u201d<em>Pyykinpesu on meille ensisijaista. Oman talon sis\u00e4inen pesula mahdollistaa meille liinavaatteiden ja niiden laadun koko hallinnan. Liinavaatteiden tuoksu ja raikkaus ovat t\u00e4rkeit\u00e4 yksityiskohtia, joiden avulla voimme s\u00e4ilytt\u00e4\u00e4 tilojemme luksusluonteen. Sen k\u00e4ytt\u00f6\u00e4 on helppoa koko henkil\u00f6kunnalleni, ja se toimii johdonmukaisesti<\/em>&#8220;.<\/p>\n<p><strong>Lionel Chatard, <\/strong>johtaja, Middlethorpe Hall<br \/>\n<strong> Hotel &#8211; York, Iso-Britannia<\/strong>[\/vc_column_text][elx_button button_text=&#8221;lue lis\u00e4\u00e4&#8221; button_style=&#8221;icon&#8221; button_link=&#8221;url:https%3A%2F%2Fwww.electroluxprofessional.com%2Freferences%2Fmiddlethorpe-hall%2F|title:Middlethorpe%20Hall%20reference&#8221;][\/vc_column][vc_column width=&#8221;1\/3&#8243;][vc_single_image image=&#8221;471&#8243; img_size=&#8221;360*260&#8243;][elx_heading font_container=&#8221;h3&#8243; font_size=&#8221;h5&#8243; text_color=&#8221;inherit&#8221;]Sujuvampi toiminta keitti\u00f6ss\u00e4[\/elx_heading][vc_column_text]\u201d<em>Cook&amp;Chill -j\u00e4rjestelm\u00e4 ja innovatiivinen teknologia antavat tiimilleni mahdollisuuden valmistella keitti\u00f6n ja kaikki tarvikkeet etuk\u00e4teen. T\u00e4m\u00e4 mahdollistaa tehokkaamman p\u00e4ivitt\u00e4isen ty\u00f6skentelyn ja auttaa valmistautumaan erilaisiin ruokavaliotarpeisiin.<\/em>\u201d<\/p>\n<p><strong>Kong Kok Kiang<\/strong>, johtava p\u00e4\u00e4kokki, Connexion<strong><br \/>\nSingapore<\/strong>[\/vc_column_text][elx_button button_text=&#8221;lue lis\u00e4\u00e4&#8221; button_style=&#8221;icon&#8221; button_link=&#8221;url:https%3A%2F%2Fwww.electroluxprofessional.com%2Freferences%2Fconnexion-hotel-medical-center%2F|title:Lue%20lis%C3%A4%C3%A4&#8243;][\/vc_column][\/vc_row][vc_row][vc_column][vc_empty_space][\/vc_column][\/vc_row]<\/p>\n","protected":false},"excerpt":{"rendered":"<p>[vc_row full_width=&#8221;electroluxpro-full-width-no-padding&#8221; css=&#8221;.vc_custom_1663583749994{margin-top: -50px !important;}&#8221;][vc_column reveal_effect=&#8221;&#8221;][elx_full_banner title=&#8221;Hotellit&#8221; background_image_media_library=&#8221;13729&#8243; background_image_media_library_mobile=&#8221;13730&#8243;][\/vc_column][\/vc_row][vc_row][vc_column][vc_empty_space][\/vc_column][\/vc_row][vc_row][vc_column][elx_heading font_size=&#8221;h3&#8243; text_color=&#8221;inherit&#8221; text_align=&#8221;text-left&#8221;]Hotellikeitti\u00f6t[\/elx_heading][vc_empty_space][\/vc_column][\/vc_row][vc_row equal_height=&#8221;yes&#8221;][vc_column width=&#8221;2\/3&#8243;][elx_image_block background_image=&#8221;13728&#8243; minimum_height=&#8221;300px&#8221;][\/vc_column][vc_column width=&#8221;1\/3&#8243;][elx_heading font_container=&#8221;h3&#8243; font_size=&#8221;h5&#8243; text_color=&#8221;inherit&#8221;]Tiesitk\u00f6, ett\u00e4 5 t\u00e4hden palvelu voi synty\u00e4 ilman ruokaj\u00e4tett\u00e4?[\/elx_heading][vc_column_text]Mit\u00e4 ikin\u00e4 hotellikeitti\u00f6si tarvitseekin, Electrolux Professionalilla on kattavat ratkaisut, jotka voivat parantaa keitti\u00f6si tuottavuutta ja kest\u00e4vyytt\u00e4. Hotellit ja hotelliketjut..Meilt\u00e4 l\u00f6yd\u00e4t\u00a0 ratkaisut\u00a0 sek\u00e4 hotelliketjuihin ett\u00e4 yksityisiin hotelleihin.\u00a0[\/vc_column_text][\/vc_column][\/vc_row][vc_row][vc_column][vc_empty_space][\/vc_column][\/vc_row][vc_row][vc_column width=&#8221;1\/3&#8243;][elx_simple_link_block link=&#8221;url:https%3A%2F%2Fwww.electroluxprofessional.com%2Ffi%2Fammattikeittiolaitteet%2Fthermaline-liesisarjat%2F|title:thermaline&#8221; [&hellip;]<\/p>\n","protected":false},"author":135,"featured_media":373,"parent":3379,"menu_order":0,"comment_status":"closed","ping_status":"closed","template":"","meta":{"footnotes":""},"class_list":["post-13731","page","type-page","status-publish","has-post-thumbnail","hentry"],"yoast_head":"<!-- This site is optimized with the Yoast SEO plugin v23.3 - https:\/\/yoast.com\/wordpress\/plugins\/seo\/ -->\n<title>Hotellit - Electrolux Professional Suomi<\/title>\n<meta name=\"description\" content=\"Electrolux Professional tarjoaa kattavat ratkaisut, jotka voivat parantaa hotellikeitti\u00f6si tuottavuutta ja kest\u00e4vyytt\u00e4.\" \/>\n<meta name=\"robots\" content=\"index, follow, max-snippet:-1, max-image-preview:large, max-video-preview:-1\" \/>\n<link rel=\"canonical\" href=\"https:\/\/www.electroluxprofessional.com\/fi\/your-business\/hotellit\/\" \/>\n<meta property=\"og:locale\" content=\"fi_FI\" \/>\n<meta property=\"og:type\" content=\"article\" \/>\n<meta property=\"og:title\" content=\"Hotellit - Electrolux Professional Suomi\" \/>\n<meta property=\"og:description\" content=\"Electrolux Professional tarjoaa kattavat ratkaisut, jotka voivat parantaa hotellikeitti\u00f6si tuottavuutta ja kest\u00e4vyytt\u00e4.\" \/>\n<meta property=\"og:url\" content=\"https:\/\/www.electroluxprofessional.com\/fi\/your-business\/hotellit\/\" \/>\n<meta property=\"og:site_name\" content=\"Electrolux Professional Suomi\" \/>\n<meta property=\"article:modified_time\" content=\"2025-11-05T14:30:42+00:00\" \/>\n<meta name=\"twitter:card\" content=\"summary_large_image\" \/>\n<meta name=\"twitter:image\" content=\"https:\/\/www.electroluxprofessional.com\/fi\/wp-content\/uploads\/2016\/06\/hotel-preview.jpg\" \/>\n<meta name=\"twitter:label1\" content=\"Arvioitu lukuaika\" \/>\n\t<meta name=\"twitter:data1\" content=\"4 minuuttia\" \/>\n<script type=\"application\/ld+json\" class=\"yoast-schema-graph\">{\"@context\":\"https:\/\/schema.org\",\"@graph\":[{\"@type\":\"WebPage\",\"@id\":\"https:\/\/www.electroluxprofessional.com\/fi\/your-business\/hotellit\/\",\"url\":\"https:\/\/www.electroluxprofessional.com\/fi\/your-business\/hotellit\/\",\"name\":\"Hotellit - Electrolux Professional Suomi\",\"isPartOf\":{\"@id\":\"https:\/\/www.electroluxprofessional.com\/fi\/#website\"},\"primaryImageOfPage\":{\"@id\":\"https:\/\/www.electroluxprofessional.com\/fi\/your-business\/hotellit\/#primaryimage\"},\"image\":{\"@id\":\"https:\/\/www.electroluxprofessional.com\/fi\/your-business\/hotellit\/#primaryimage\"},\"thumbnailUrl\":\"https:\/\/www.electroluxprofessional.com\/fi\/wp-content\/uploads\/2016\/06\/hotel-preview.jpg\",\"datePublished\":\"2024-11-27T18:59:42+00:00\",\"dateModified\":\"2025-11-05T14:30:42+00:00\",\"description\":\"Electrolux Professional tarjoaa kattavat ratkaisut, jotka voivat parantaa hotellikeitti\u00f6si tuottavuutta ja kest\u00e4vyytt\u00e4.\",\"breadcrumb\":{\"@id\":\"https:\/\/www.electroluxprofessional.com\/fi\/your-business\/hotellit\/#breadcrumb\"},\"inLanguage\":\"fi\",\"potentialAction\":[{\"@type\":\"ReadAction\",\"target\":[\"https:\/\/www.electroluxprofessional.com\/fi\/your-business\/hotellit\/\"]}]},{\"@type\":\"ImageObject\",\"inLanguage\":\"fi\",\"@id\":\"https:\/\/www.electroluxprofessional.com\/fi\/your-business\/hotellit\/#primaryimage\",\"url\":\"https:\/\/www.electroluxprofessional.com\/fi\/wp-content\/uploads\/2016\/06\/hotel-preview.jpg\",\"contentUrl\":\"https:\/\/www.electroluxprofessional.com\/fi\/wp-content\/uploads\/2016\/06\/hotel-preview.jpg\",\"width\":365,\"height\":365,\"caption\":\"hotels\"},{\"@type\":\"BreadcrumbList\",\"@id\":\"https:\/\/www.electroluxprofessional.com\/fi\/your-business\/hotellit\/#breadcrumb\",\"itemListElement\":[{\"@type\":\"ListItem\",\"position\":1,\"name\":\"Home\",\"item\":\"https:\/\/www.electroluxprofessional.com\/fi\/\"},{\"@type\":\"ListItem\",\"position\":2,\"name\":\"Your Business\",\"item\":\"https:\/\/www.electroluxprofessional.com\/fi\/your-business\/\"},{\"@type\":\"ListItem\",\"position\":3,\"name\":\"Hotellit\"}]},{\"@type\":\"WebSite\",\"@id\":\"https:\/\/www.electroluxprofessional.com\/fi\/#website\",\"url\":\"https:\/\/www.electroluxprofessional.com\/fi\/\",\"name\":\"Electrolux Professional Suomi\",\"description\":\"\",\"potentialAction\":[{\"@type\":\"SearchAction\",\"target\":{\"@type\":\"EntryPoint\",\"urlTemplate\":\"https:\/\/www.electroluxprofessional.com\/fi\/?src={search_term_string}\"},\"query-input\":\"required name=search_term_string\"}],\"inLanguage\":\"fi\"}]}<\/script>\n<!-- \/ Yoast SEO plugin. -->","yoast_head_json":{"title":"Hotellit - Electrolux Professional Suomi","description":"Electrolux Professional tarjoaa kattavat ratkaisut, jotka voivat parantaa hotellikeitti\u00f6si tuottavuutta ja kest\u00e4vyytt\u00e4.","robots":{"index":"index","follow":"follow","max-snippet":"max-snippet:-1","max-image-preview":"max-image-preview:large","max-video-preview":"max-video-preview:-1"},"canonical":"https:\/\/www.electroluxprofessional.com\/fi\/your-business\/hotellit\/","og_locale":"fi_FI","og_type":"article","og_title":"Hotellit - Electrolux Professional Suomi","og_description":"Electrolux Professional tarjoaa kattavat ratkaisut, jotka voivat parantaa hotellikeitti\u00f6si tuottavuutta ja kest\u00e4vyytt\u00e4.","og_url":"https:\/\/www.electroluxprofessional.com\/fi\/your-business\/hotellit\/","og_site_name":"Electrolux Professional Suomi","article_modified_time":"2025-11-05T14:30:42+00:00","twitter_card":"summary_large_image","twitter_image":"https:\/\/www.electroluxprofessional.com\/fi\/wp-content\/uploads\/2016\/06\/hotel-preview.jpg","twitter_misc":{"Arvioitu lukuaika":"4 minuuttia"},"schema":{"@context":"https:\/\/schema.org","@graph":[{"@type":"WebPage","@id":"https:\/\/www.electroluxprofessional.com\/fi\/your-business\/hotellit\/","url":"https:\/\/www.electroluxprofessional.com\/fi\/your-business\/hotellit\/","name":"Hotellit - Electrolux Professional Suomi","isPartOf":{"@id":"https:\/\/www.electroluxprofessional.com\/fi\/#website"},"primaryImageOfPage":{"@id":"https:\/\/www.electroluxprofessional.com\/fi\/your-business\/hotellit\/#primaryimage"},"image":{"@id":"https:\/\/www.electroluxprofessional.com\/fi\/your-business\/hotellit\/#primaryimage"},"thumbnailUrl":"https:\/\/www.electroluxprofessional.com\/fi\/wp-content\/uploads\/2016\/06\/hotel-preview.jpg","datePublished":"2024-11-27T18:59:42+00:00","dateModified":"2025-11-05T14:30:42+00:00","description":"Electrolux Professional tarjoaa kattavat ratkaisut, jotka voivat parantaa hotellikeitti\u00f6si tuottavuutta ja kest\u00e4vyytt\u00e4.","breadcrumb":{"@id":"https:\/\/www.electroluxprofessional.com\/fi\/your-business\/hotellit\/#breadcrumb"},"inLanguage":"fi","potentialAction":[{"@type":"ReadAction","target":["https:\/\/www.electroluxprofessional.com\/fi\/your-business\/hotellit\/"]}]},{"@type":"ImageObject","inLanguage":"fi","@id":"https:\/\/www.electroluxprofessional.com\/fi\/your-business\/hotellit\/#primaryimage","url":"https:\/\/www.electroluxprofessional.com\/fi\/wp-content\/uploads\/2016\/06\/hotel-preview.jpg","contentUrl":"https:\/\/www.electroluxprofessional.com\/fi\/wp-content\/uploads\/2016\/06\/hotel-preview.jpg","width":365,"height":365,"caption":"hotels"},{"@type":"BreadcrumbList","@id":"https:\/\/www.electroluxprofessional.com\/fi\/your-business\/hotellit\/#breadcrumb","itemListElement":[{"@type":"ListItem","position":1,"name":"Home","item":"https:\/\/www.electroluxprofessional.com\/fi\/"},{"@type":"ListItem","position":2,"name":"Your Business","item":"https:\/\/www.electroluxprofessional.com\/fi\/your-business\/"},{"@type":"ListItem","position":3,"name":"Hotellit"}]},{"@type":"WebSite","@id":"https:\/\/www.electroluxprofessional.com\/fi\/#website","url":"https:\/\/www.electroluxprofessional.com\/fi\/","name":"Electrolux Professional Suomi","description":"","potentialAction":[{"@type":"SearchAction","target":{"@type":"EntryPoint","urlTemplate":"https:\/\/www.electroluxprofessional.com\/fi\/?src={search_term_string}"},"query-input":"required name=search_term_string"}],"inLanguage":"fi"}]}},"_links":{"self":[{"href":"https:\/\/www.electroluxprofessional.com\/fi\/wp-json\/wp\/v2\/pages\/13731"}],"collection":[{"href":"https:\/\/www.electroluxprofessional.com\/fi\/wp-json\/wp\/v2\/pages"}],"about":[{"href":"https:\/\/www.electroluxprofessional.com\/fi\/wp-json\/wp\/v2\/types\/page"}],"author":[{"embeddable":true,"href":"https:\/\/www.electroluxprofessional.com\/fi\/wp-json\/wp\/v2\/users\/135"}],"replies":[{"embeddable":true,"href":"https:\/\/www.electroluxprofessional.com\/fi\/wp-json\/wp\/v2\/comments?post=13731"}],"version-history":[{"count":11,"href":"https:\/\/www.electroluxprofessional.com\/fi\/wp-json\/wp\/v2\/pages\/13731\/revisions"}],"predecessor-version":[{"id":15653,"href":"https:\/\/www.electroluxprofessional.com\/fi\/wp-json\/wp\/v2\/pages\/13731\/revisions\/15653"}],"up":[{"embeddable":true,"href":"https:\/\/www.electroluxprofessional.com\/fi\/wp-json\/wp\/v2\/pages\/3379"}],"wp:featuredmedia":[{"embeddable":true,"href":"https:\/\/www.electroluxprofessional.com\/fi\/wp-json\/wp\/v2\/media\/373"}],"wp:attachment":[{"href":"https:\/\/www.electroluxprofessional.com\/fi\/wp-json\/wp\/v2\/media?parent=13731"}],"curies":[{"name":"wp","href":"https:\/\/api.w.org\/{rel}","templated":true}]}}