{"id":13675,"date":"2024-11-27T18:55:40","date_gmt":"2024-11-27T18:55:40","guid":{"rendered":"https:\/\/www.electroluxprofessional.com\/fi\/?page_id=13675"},"modified":"2025-11-05T14:31:17","modified_gmt":"2025-11-05T14:31:17","slug":"koulutus-vapaa-aika-urheilu","status":"publish","type":"page","link":"https:\/\/www.electroluxprofessional.com\/fi\/your-business\/koulutus-vapaa-aika-urheilu\/","title":{"rendered":"Koulut, p\u00e4iv\u00e4kodit, urheilu &#038; vapaa-aika"},"content":{"rendered":"<p>[vc_row full_width=&#8221;electroluxpro-full-width-no-padding&#8221; css=&#8221;.vc_custom_1663596219879{margin-top: -50px !important;}&#8221;][vc_column][elx_full_banner title=&#8221;Koulut, p\u00e4iv\u00e4kodit, urheilu &amp; vapaa-aika&#8221; set_as_h1=&#8221;true&#8221; background_image_media_library=&#8221;13674&#8243; background_image_media_library_mobile=&#8221;13669&#8243;][\/vc_column][\/vc_row][vc_row][vc_column][vc_empty_space][elx_heading font_container=&#8221;h1&#8243; text_color=&#8221;inherit&#8221;]T\u00e4ydelliset ammattikeitti\u00f6- ja pesularatkaisut koulutus-, vapaa-ajan- ja urheilutiloihin[\/elx_heading][vc_empty_space][vc_column_text]Electrolux Professional on maailmanlaajuinen elintarvike- ja pesularatkaisujen asiantuntija ja tarjoaa markkinoiden laajimman ratkaisuvalikoiman ja parhaan ohjelmien joustavuuden.[\/vc_column_text][vc_empty_space][\/vc_column][\/vc_row][vc_row][vc_column width=&#8221;1\/3&#8243;][elx_image_block background_image=&#8221;13670&#8243; vert_back_position=&#8221;top&#8221; minimum_height=&#8221;450px&#8221;][vc_column_text drop_caps=&#8221;big-first-letter&#8221;]<\/p>\n<h3>Prue Leith<br \/>\nChefs Academy<\/h3>\n<p>Pretoria, Etel\u00e4-Afrikka<br \/>\n<strong>Chef Academy<\/strong><\/p>\n<p><em>\u201dElectrolux Professional -tuotteet on kehitetty eritt\u00e4in korkealaatuisiksi. Olemme Afrikan paras Chefs Academy. Haluamme opiskelijoidemme olevan parhaita, ja t\u00e4m\u00e4n saavuttamiseksi heid\u00e4n on ty\u00f6skennelt\u00e4v\u00e4 ja harjoiteltava parhaissa tiloissa ja parhailla laitteilla.<\/em>\u201d<br \/>\n<strong>Anthony Roberts<\/strong>, johtaja[\/vc_column_text][\/vc_column][vc_column width=&#8221;1\/3&#8243;][elx_image_block background_image=&#8221;13671&#8243; vert_back_position=&#8221;top&#8221; minimum_height=&#8221;450px&#8221;][vc_column_text drop_caps=&#8221;big-first-letter&#8221;]<\/p>\n<h3>FICO<br \/>\nEataly World<\/h3>\n<p>Bologna, Italia<br \/>\n<strong>Vapaa-aika<\/strong><\/p>\n<p><em>&#8220;Loistavan keitti\u00f6teknologian tavoite on vaikuttaa raaka-aineisiin mahdollisimman v\u00e4h\u00e4n. Haluamme, ett\u00e4 kaikki 47 FICO-ravintolaa on varustettava Electrolux Professional <\/em><em>-tuotteilla; yrityksen, joka on ollut kanssamme matkamme alusta asti.<\/em>\u201d<br \/>\n<strong>Oscar Farinetti<\/strong>, kunniapresidentti[\/vc_column_text][\/vc_column][vc_column width=&#8221;1\/3&#8243;][elx_image_block background_image=&#8221;1286&#8243; vert_back_position=&#8221;top&#8221; minimum_height=&#8221;450px&#8221;][vc_column_text drop_caps=&#8221;big-first-letter&#8221;]<\/p>\n<h3>Diemen Zuid -kampus<\/h3>\n<p>Alankomaat<br \/>\n<strong>Vuokra-asuntotalon pesula<\/strong><\/p>\n<p>Diemen Zuid -kampus tarvitsi nykyaikaisen vuokra-asuntotalon asukkailleen sopivan pyykinpesuratkaisun. T\u00e4ll\u00e4 tavalla se pystyi tarjoamaan t\u00e4ydellisen ja kokonaisvaltaisen ratkaisun: huippulaatuiset pesutulokset, joka sis\u00e4lt\u00e4\u00e4 pesuaineet ja integroinnin kampuksen maksuj\u00e4rjestelm\u00e4\u00e4n ilman alkuinvestointeja asukkaiden maksaessa koneista itse jokaisella pesulla.[\/vc_column_text][\/vc_column][\/vc_row][vc_row][vc_column width=&#8221;1\/3&#8243;][elx_image_block background_image=&#8221;557&#8243; vert_back_position=&#8221;top&#8221; minimum_height=&#8221;450px&#8221;][vc_column_text drop_caps=&#8221;big-first-letter&#8221;]<\/p>\n<h3>ICCA Dubai<\/h3>\n<p>Dubai<br \/>\n<strong>Kulinaarinen teatteri<\/strong><\/p>\n<p><em>\u201dUskomme, ett\u00e4 voimme erottautua alallamme. T\u00e4m\u00e4 ero on tulosta kumppanuudestamme Electrolux Professionalin kanssa. Toimme ammatillisen koulutuksen js ammattimaisen teknologian yksitt\u00e4iselle alustalle, jonka tavoitteena on vaikuttaa positiivisesti toimialaamme ja kokkiemme menestykseen.<\/em>\u201d<br \/>\n<strong>Sunjeh Raja<\/strong>, Johtaja[\/vc_column_text][\/vc_column][vc_column width=&#8221;1\/3&#8243;][elx_image_block background_image=&#8221;1471&#8243; minimum_height=&#8221;450px&#8221;][vc_column_text drop_caps=&#8221;big-first-letter&#8221;]<\/p>\n<h3>Strandpark De Zeeuwse Kust<\/h3>\n<p>Alankomaat<br \/>\n<strong>Huvipuisto<\/strong><\/p>\n<p><em>\u201dHy\u00f6dynsimme Electrolux Professionalin PayperWash-konseptia. Meid\u00e4n ai tarvinnut investoida koneisiin, mutta t\u00e4m\u00e4n sijasta sek\u00e4 yrityksemme ett\u00e4 asiakkaat maksavat kiinte\u00e4n hinnan pesu- ja kuivauskerrasta. T\u00e4m\u00e4 ratkaisu yhdess\u00e4 Electrolux Professionalin laitteiden kest\u00e4vyyden, helppok\u00e4ytt\u00f6isyyden ja yleisen korkean laadun kanssa teki Electrolux Professionalin valinnasta helpon.\u201d<\/em><br \/>\n<strong>Marc Ruijtenberg<\/strong>[\/vc_column_text][\/vc_column][vc_column width=&#8221;1\/3&#8243;][elx_image_block background_image=&#8221;1310&#8243; minimum_height=&#8221;450px&#8221;][vc_column_text drop_caps=&#8221;big-first-letter&#8221;]<\/p>\n<h3>Union Berlin -jalkapalloseura<\/h3>\n<p>Saksa<br \/>\n<strong>Stadionin keitti\u00f6<\/strong><\/p>\n<p><em>&#8220;Electrolux Professional voi tarjota suuren joukon ratkaisuja, mik\u00e4 on etu, jota kilpailijoilla ei ole. Lis\u00e4ksi Electrolux Professional tarjoaa t\u00e4ydellisen ratkaisun, jolla voi suunnitella ja valmistaa Cook &amp; Chill -ateriat 1900 ihmiselle. T\u00e4m\u00e4 oli t\u00e4m\u00e4n menestystarinan viimeinen silaus.&#8221;<\/em>[\/vc_column_text][\/vc_column][\/vc_row][vc_row][vc_column][\/vc_column][\/vc_row][vc_row][vc_column width=&#8221;1\/3&#8243;][elx_download_block text=&#8221;Solutions for Education Brochure&#8221; file_picker=&#8221;25204&#8243; background_color=&#8221;electrolux-blue&#8221;][\/vc_column][vc_column width=&#8221;1\/3&#8243;][\/vc_column][\/vc_row][vc_row css=&#8221;.vc_custom_1542027408159{background-color: #eeeeee !important;}&#8221;][vc_column width=&#8221;1\/3&#8243;][elx_maylike_box id_box=&#8221;2683&#8243;][\/vc_column][\/vc_row][vc_row][vc_column][vc_empty_space][elx_heading text_color=&#8221;inherit&#8221; text_align=&#8221;text-center&#8221;]Haluatko lis\u00e4tietoja? Ota meihin yhteytt\u00e4.[\/elx_heading][vc_empty_space][elx_o2000_contact_us s=&#8221;Pyyd\u00e4 tietoja ratkaisuista koulutus-, vapaa-ajan ja urheilutiloihin&#8221; container=&#8221;elxcontactus1487857958&#8243; r=&#8221;Haluaisin saada lis\u00e4tietoja ratkaisuista koulutus-, vapaa-ajan- ja urheilutiloihin. Ota yhteytt\u00e4 minuun.&#8221;][vc_empty_space][\/vc_column][\/vc_row]<\/p>\n","protected":false},"excerpt":{"rendered":"<p>[vc_row full_width=&#8221;electroluxpro-full-width-no-padding&#8221; css=&#8221;.vc_custom_1663596219879{margin-top: -50px !important;}&#8221;][vc_column][elx_full_banner title=&#8221;Koulut, p\u00e4iv\u00e4kodit, urheilu &amp; vapaa-aika&#8221; set_as_h1=&#8221;true&#8221; background_image_media_library=&#8221;13674&#8243; background_image_media_library_mobile=&#8221;13669&#8243;][\/vc_column][\/vc_row][vc_row][vc_column][vc_empty_space][elx_heading font_container=&#8221;h1&#8243; text_color=&#8221;inherit&#8221;]T\u00e4ydelliset ammattikeitti\u00f6- ja pesularatkaisut koulutus-, vapaa-ajan- ja urheilutiloihin[\/elx_heading][vc_empty_space][vc_column_text]Electrolux Professional on maailmanlaajuinen elintarvike- ja pesularatkaisujen asiantuntija ja tarjoaa markkinoiden laajimman ratkaisuvalikoiman ja parhaan ohjelmien joustavuuden.[\/vc_column_text][vc_empty_space][\/vc_column][\/vc_row][vc_row][vc_column width=&#8221;1\/3&#8243;][elx_image_block background_image=&#8221;13670&#8243; vert_back_position=&#8221;top&#8221; minimum_height=&#8221;450px&#8221;][vc_column_text drop_caps=&#8221;big-first-letter&#8221;] Prue Leith Chefs Academy Pretoria, Etel\u00e4-Afrikka Chef Academy \u201dElectrolux Professional -tuotteet on [&hellip;]<\/p>\n","protected":false},"author":135,"featured_media":13669,"parent":3379,"menu_order":0,"comment_status":"closed","ping_status":"closed","template":"","meta":{"footnotes":""},"class_list":["post-13675","page","type-page","status-publish","has-post-thumbnail","hentry"],"yoast_head":"<!-- This site is optimized with the Yoast SEO plugin v23.3 - https:\/\/yoast.com\/wordpress\/plugins\/seo\/ -->\n<title>Koulut, p\u00e4iv\u00e4kodit, urheilu &amp; vapaa-aika - Electrolux Professional Suomi<\/title>\n<meta name=\"description\" content=\"Meilt\u00e4 l\u00f6yd\u00e4t t\u00e4ydelliset ammattikeitti\u00f6- ja pesularatkaisut koulutus-, vapaa-ajan- ja urheilutiloihin. Lue lis\u00e4\u00e4!\" \/>\n<meta name=\"robots\" content=\"index, follow, max-snippet:-1, max-image-preview:large, max-video-preview:-1\" \/>\n<link rel=\"canonical\" href=\"https:\/\/www.electroluxprofessional.com\/fi\/your-business\/koulutus-vapaa-aika-urheilu\/\" \/>\n<meta property=\"og:locale\" content=\"fi_FI\" \/>\n<meta property=\"og:type\" content=\"article\" \/>\n<meta property=\"og:title\" content=\"Koulut, p\u00e4iv\u00e4kodit, urheilu &amp; vapaa-aika - Electrolux Professional Suomi\" \/>\n<meta property=\"og:description\" content=\"Meilt\u00e4 l\u00f6yd\u00e4t t\u00e4ydelliset ammattikeitti\u00f6- ja pesularatkaisut koulutus-, vapaa-ajan- ja urheilutiloihin. Lue lis\u00e4\u00e4!\" \/>\n<meta property=\"og:url\" content=\"https:\/\/www.electroluxprofessional.com\/fi\/your-business\/koulutus-vapaa-aika-urheilu\/\" \/>\n<meta property=\"og:site_name\" content=\"Electrolux Professional Suomi\" \/>\n<meta property=\"article:modified_time\" content=\"2025-11-05T14:31:17+00:00\" \/>\n<meta property=\"og:image\" content=\"https:\/\/www.electroluxprofessional.com\/fi\/wp-content\/uploads\/2024\/11\/education-banner-v.jpg\" \/>\n\t<meta property=\"og:image:width\" content=\"1125\" \/>\n\t<meta property=\"og:image:height\" content=\"1583\" \/>\n\t<meta property=\"og:image:type\" content=\"image\/jpeg\" \/>\n<meta name=\"twitter:card\" content=\"summary_large_image\" \/>\n<meta name=\"twitter:label1\" content=\"Arvioitu lukuaika\" \/>\n\t<meta name=\"twitter:data1\" content=\"4 minuuttia\" \/>\n<script type=\"application\/ld+json\" class=\"yoast-schema-graph\">{\"@context\":\"https:\/\/schema.org\",\"@graph\":[{\"@type\":\"WebPage\",\"@id\":\"https:\/\/www.electroluxprofessional.com\/fi\/your-business\/koulutus-vapaa-aika-urheilu\/\",\"url\":\"https:\/\/www.electroluxprofessional.com\/fi\/your-business\/koulutus-vapaa-aika-urheilu\/\",\"name\":\"Koulut, p\u00e4iv\u00e4kodit, urheilu & vapaa-aika - Electrolux Professional Suomi\",\"isPartOf\":{\"@id\":\"https:\/\/www.electroluxprofessional.com\/fi\/#website\"},\"primaryImageOfPage\":{\"@id\":\"https:\/\/www.electroluxprofessional.com\/fi\/your-business\/koulutus-vapaa-aika-urheilu\/#primaryimage\"},\"image\":{\"@id\":\"https:\/\/www.electroluxprofessional.com\/fi\/your-business\/koulutus-vapaa-aika-urheilu\/#primaryimage\"},\"thumbnailUrl\":\"https:\/\/www.electroluxprofessional.com\/fi\/wp-content\/uploads\/2024\/11\/education-banner-v.jpg\",\"datePublished\":\"2024-11-27T18:55:40+00:00\",\"dateModified\":\"2025-11-05T14:31:17+00:00\",\"description\":\"Meilt\u00e4 l\u00f6yd\u00e4t t\u00e4ydelliset ammattikeitti\u00f6- ja pesularatkaisut koulutus-, vapaa-ajan- ja urheilutiloihin. Lue lis\u00e4\u00e4!\",\"breadcrumb\":{\"@id\":\"https:\/\/www.electroluxprofessional.com\/fi\/your-business\/koulutus-vapaa-aika-urheilu\/#breadcrumb\"},\"inLanguage\":\"fi\",\"potentialAction\":[{\"@type\":\"ReadAction\",\"target\":[\"https:\/\/www.electroluxprofessional.com\/fi\/your-business\/koulutus-vapaa-aika-urheilu\/\"]}]},{\"@type\":\"ImageObject\",\"inLanguage\":\"fi\",\"@id\":\"https:\/\/www.electroluxprofessional.com\/fi\/your-business\/koulutus-vapaa-aika-urheilu\/#primaryimage\",\"url\":\"https:\/\/www.electroluxprofessional.com\/fi\/wp-content\/uploads\/2024\/11\/education-banner-v.jpg\",\"contentUrl\":\"https:\/\/www.electroluxprofessional.com\/fi\/wp-content\/uploads\/2024\/11\/education-banner-v.jpg\",\"width\":1125,\"height\":1583},{\"@type\":\"BreadcrumbList\",\"@id\":\"https:\/\/www.electroluxprofessional.com\/fi\/your-business\/koulutus-vapaa-aika-urheilu\/#breadcrumb\",\"itemListElement\":[{\"@type\":\"ListItem\",\"position\":1,\"name\":\"Home\",\"item\":\"https:\/\/www.electroluxprofessional.com\/fi\/\"},{\"@type\":\"ListItem\",\"position\":2,\"name\":\"Your Business\",\"item\":\"https:\/\/www.electroluxprofessional.com\/fi\/your-business\/\"},{\"@type\":\"ListItem\",\"position\":3,\"name\":\"Koulut, p\u00e4iv\u00e4kodit, urheilu &#038; vapaa-aika\"}]},{\"@type\":\"WebSite\",\"@id\":\"https:\/\/www.electroluxprofessional.com\/fi\/#website\",\"url\":\"https:\/\/www.electroluxprofessional.com\/fi\/\",\"name\":\"Electrolux Professional Suomi\",\"description\":\"\",\"potentialAction\":[{\"@type\":\"SearchAction\",\"target\":{\"@type\":\"EntryPoint\",\"urlTemplate\":\"https:\/\/www.electroluxprofessional.com\/fi\/?src={search_term_string}\"},\"query-input\":\"required name=search_term_string\"}],\"inLanguage\":\"fi\"}]}<\/script>\n<!-- \/ Yoast SEO plugin. -->","yoast_head_json":{"title":"Koulut, p\u00e4iv\u00e4kodit, urheilu & vapaa-aika - Electrolux Professional Suomi","description":"Meilt\u00e4 l\u00f6yd\u00e4t t\u00e4ydelliset ammattikeitti\u00f6- ja pesularatkaisut koulutus-, vapaa-ajan- ja urheilutiloihin. Lue lis\u00e4\u00e4!","robots":{"index":"index","follow":"follow","max-snippet":"max-snippet:-1","max-image-preview":"max-image-preview:large","max-video-preview":"max-video-preview:-1"},"canonical":"https:\/\/www.electroluxprofessional.com\/fi\/your-business\/koulutus-vapaa-aika-urheilu\/","og_locale":"fi_FI","og_type":"article","og_title":"Koulut, p\u00e4iv\u00e4kodit, urheilu & vapaa-aika - Electrolux Professional Suomi","og_description":"Meilt\u00e4 l\u00f6yd\u00e4t t\u00e4ydelliset ammattikeitti\u00f6- ja pesularatkaisut koulutus-, vapaa-ajan- ja urheilutiloihin. Lue lis\u00e4\u00e4!","og_url":"https:\/\/www.electroluxprofessional.com\/fi\/your-business\/koulutus-vapaa-aika-urheilu\/","og_site_name":"Electrolux Professional Suomi","article_modified_time":"2025-11-05T14:31:17+00:00","og_image":[{"width":1125,"height":1583,"url":"https:\/\/www.electroluxprofessional.com\/fi\/wp-content\/uploads\/2024\/11\/education-banner-v.jpg","type":"image\/jpeg"}],"twitter_card":"summary_large_image","twitter_misc":{"Arvioitu lukuaika":"4 minuuttia"},"schema":{"@context":"https:\/\/schema.org","@graph":[{"@type":"WebPage","@id":"https:\/\/www.electroluxprofessional.com\/fi\/your-business\/koulutus-vapaa-aika-urheilu\/","url":"https:\/\/www.electroluxprofessional.com\/fi\/your-business\/koulutus-vapaa-aika-urheilu\/","name":"Koulut, p\u00e4iv\u00e4kodit, urheilu & vapaa-aika - Electrolux Professional Suomi","isPartOf":{"@id":"https:\/\/www.electroluxprofessional.com\/fi\/#website"},"primaryImageOfPage":{"@id":"https:\/\/www.electroluxprofessional.com\/fi\/your-business\/koulutus-vapaa-aika-urheilu\/#primaryimage"},"image":{"@id":"https:\/\/www.electroluxprofessional.com\/fi\/your-business\/koulutus-vapaa-aika-urheilu\/#primaryimage"},"thumbnailUrl":"https:\/\/www.electroluxprofessional.com\/fi\/wp-content\/uploads\/2024\/11\/education-banner-v.jpg","datePublished":"2024-11-27T18:55:40+00:00","dateModified":"2025-11-05T14:31:17+00:00","description":"Meilt\u00e4 l\u00f6yd\u00e4t t\u00e4ydelliset ammattikeitti\u00f6- ja pesularatkaisut koulutus-, vapaa-ajan- ja urheilutiloihin. Lue lis\u00e4\u00e4!","breadcrumb":{"@id":"https:\/\/www.electroluxprofessional.com\/fi\/your-business\/koulutus-vapaa-aika-urheilu\/#breadcrumb"},"inLanguage":"fi","potentialAction":[{"@type":"ReadAction","target":["https:\/\/www.electroluxprofessional.com\/fi\/your-business\/koulutus-vapaa-aika-urheilu\/"]}]},{"@type":"ImageObject","inLanguage":"fi","@id":"https:\/\/www.electroluxprofessional.com\/fi\/your-business\/koulutus-vapaa-aika-urheilu\/#primaryimage","url":"https:\/\/www.electroluxprofessional.com\/fi\/wp-content\/uploads\/2024\/11\/education-banner-v.jpg","contentUrl":"https:\/\/www.electroluxprofessional.com\/fi\/wp-content\/uploads\/2024\/11\/education-banner-v.jpg","width":1125,"height":1583},{"@type":"BreadcrumbList","@id":"https:\/\/www.electroluxprofessional.com\/fi\/your-business\/koulutus-vapaa-aika-urheilu\/#breadcrumb","itemListElement":[{"@type":"ListItem","position":1,"name":"Home","item":"https:\/\/www.electroluxprofessional.com\/fi\/"},{"@type":"ListItem","position":2,"name":"Your Business","item":"https:\/\/www.electroluxprofessional.com\/fi\/your-business\/"},{"@type":"ListItem","position":3,"name":"Koulut, p\u00e4iv\u00e4kodit, urheilu &#038; vapaa-aika"}]},{"@type":"WebSite","@id":"https:\/\/www.electroluxprofessional.com\/fi\/#website","url":"https:\/\/www.electroluxprofessional.com\/fi\/","name":"Electrolux Professional Suomi","description":"","potentialAction":[{"@type":"SearchAction","target":{"@type":"EntryPoint","urlTemplate":"https:\/\/www.electroluxprofessional.com\/fi\/?src={search_term_string}"},"query-input":"required name=search_term_string"}],"inLanguage":"fi"}]}},"_links":{"self":[{"href":"https:\/\/www.electroluxprofessional.com\/fi\/wp-json\/wp\/v2\/pages\/13675"}],"collection":[{"href":"https:\/\/www.electroluxprofessional.com\/fi\/wp-json\/wp\/v2\/pages"}],"about":[{"href":"https:\/\/www.electroluxprofessional.com\/fi\/wp-json\/wp\/v2\/types\/page"}],"author":[{"embeddable":true,"href":"https:\/\/www.electroluxprofessional.com\/fi\/wp-json\/wp\/v2\/users\/135"}],"replies":[{"embeddable":true,"href":"https:\/\/www.electroluxprofessional.com\/fi\/wp-json\/wp\/v2\/comments?post=13675"}],"version-history":[{"count":11,"href":"https:\/\/www.electroluxprofessional.com\/fi\/wp-json\/wp\/v2\/pages\/13675\/revisions"}],"predecessor-version":[{"id":15656,"href":"https:\/\/www.electroluxprofessional.com\/fi\/wp-json\/wp\/v2\/pages\/13675\/revisions\/15656"}],"up":[{"embeddable":true,"href":"https:\/\/www.electroluxprofessional.com\/fi\/wp-json\/wp\/v2\/pages\/3379"}],"wp:featuredmedia":[{"embeddable":true,"href":"https:\/\/www.electroluxprofessional.com\/fi\/wp-json\/wp\/v2\/media\/13669"}],"wp:attachment":[{"href":"https:\/\/www.electroluxprofessional.com\/fi\/wp-json\/wp\/v2\/media?parent=13675"}],"curies":[{"name":"wp","href":"https:\/\/api.w.org\/{rel}","templated":true}]}}