{"id":13630,"date":"2024-11-22T16:15:35","date_gmt":"2024-11-22T16:15:35","guid":{"rendered":"https:\/\/www.electroluxprofessional.com\/fi\/?page_id=13630"},"modified":"2025-11-05T14:09:25","modified_gmt":"2025-11-05T14:09:25","slug":"high-speed-ruoanvalmistuslaitteet","status":"publish","type":"page","link":"https:\/\/www.electroluxprofessional.com\/fi\/ammattikeittiolaitteet\/high-speed-ruoanvalmistuslaitteet\/","title":{"rendered":"High Speed ruoanvalmistuslaitteet"},"content":{"rendered":"<p>[vc_row full_width=&#8221;electroluxpro-full-width-no-padding&#8221;][vc_column][elx_image_block background_image=&#8221;13627&#8243; minimum_height=&#8221;400px&#8221;][vc_empty_space][\/vc_column][\/vc_row][vc_row][vc_column][vc_column_text]<\/p>\n<h1>High Speed \u200b\u200bruoanvalmistuslaitteet &#8211; tehosta keitti\u00f6si tuottavuutta<\/h1>\n<p>Nopeatempoisissa ammattikeitti\u00f6iss\u00e4 tehokkuus ja ty\u00f6nkulun sujuvuus ovat oleellisen t\u00e4rkeit\u00e4, laadusta tinkim\u00e4tt\u00e4. Electrolux Professionalin <strong>High Speed \u200b\u200bruoanvalmistuslaitteet &#8211; GourmeXpress turbouuni ja SpeeDelight paninigrilli<\/strong> &#8211; auttavat keitti\u00f6t\u00e4si valmistamaan monipuolisia ja korkealaatuisia ruokia k\u00e4den k\u00e4\u00e4nteess\u00e4.[\/vc_column_text][vc_empty_space height=&#8221;15px&#8221;][elx_o2000_contact_us form_alignment=&#8221;left&#8221; text_color=&#8221;#14133B&#8221; button_mode=&#8221;true&#8221; button_style=&#8221;secondary-bordered&#8221; postion_button=&#8221;text-left&#8221; postion_button_mobile=&#8221;text-left-mobile&#8221; text_btn_contact=&#8221;KYSY MEILT\u00c4 LIS\u00c4\u00c4&#8221;][vc_empty_space height=&#8221;50px&#8221;][\/vc_column][\/vc_row][vc_row][vc_column width=&#8221;1\/6&#8243;][vc_empty_space][\/vc_column][vc_column width=&#8221;2\/6&#8243;][vc_single_image image=&#8221;11883&#8243; img_size=&#8221;medium&#8221; alignment=&#8221;center&#8221;][vc_column_text]<\/p>\n<h2>GourmeXpress turbouuni<\/h2>\n<p>Tutustu GourmeXpressiin, ammattik\u00e4ytt\u00f6\u00f6n tarkoitettuun nopeaan turbouuniin, joka lyhent\u00e4\u00e4 kypsennysaikaa s\u00e4ilytt\u00e4en samalla t\u00e4ydelliset tulokset. Olipa kyseess\u00e4 esimerkiksi kala, liha, vihannekset, tai lasagne, GourmeXpress turbouuni auttaa sinua laajentamaan ruokalistaasi helposti.[\/vc_column_text][vc_empty_space height=&#8221;15px&#8221;][elx_button button_text=&#8221;TUTUSTU GOURMEXPRESS-TURBOUUNIIN&#8221; button_style=&#8221;secondary-bordered&#8221; button_link=&#8221;url:https%3A%2F%2Fwww.electroluxprofessional.com%2Ffi%2Fammattikeittiolaitteet%2Fgourmexpress-turbouuni%2F|target:_blank&#8221;][vc_empty_space height=&#8221;50px&#8221;][\/vc_column][vc_column width=&#8221;2\/6&#8243;][vc_single_image image=&#8221;13628&#8243; img_size=&#8221;medium&#8221; alignment=&#8221;center&#8221;][vc_column_text]<\/p>\n<h2>SpeeDelight paninigrilli<\/h2>\n<p>SpeeDelight-paninigrilliss\u00e4 yhdistyv\u00e4t suorat ja ep\u00e4suorat kypsennystekniikat t\u00e4ydellisen rapeiden ja herkullisten v\u00e4lipalojen luomiseksi enn\u00e4tysajassa. Energiatehokas muotoilu ja plug and play -kokoonpano tekev\u00e4t SpeeDelightista ihanteellisen ratkaisun kaikenkokoisille yrityksille.[\/vc_column_text][vc_empty_space height=&#8221;15px&#8221;][elx_button button_text=&#8221;TUTUSTU SPEEDELIGHT-PANINIGRILLIIN&#8221; button_style=&#8221;secondary-bordered&#8221; button_link=&#8221;url:https%3A%2F%2Fwww.electroluxprofessional.com%2Ffi%2Fammattikeittiolaitteet%2Fspeedelight-paninigrilli%2F|target:_blank&#8221;][vc_empty_space height=&#8221;50px&#8221;][\/vc_column][vc_column width=&#8221;1\/6&#8243;][vc_empty_space][\/vc_column][\/vc_row][vc_row custom_color_row=&#8221;bg-row-light-blue&#8221; css=&#8221;.vc_custom_1729151351892{background-color: #e9eff5 !important;}&#8221;][vc_column][elx_features_download title=&#8221;&#8221; tag_title=&#8221;h2&#8243; title_download=&#8221;Lataa&#8221; title_position=&#8221;top&#8221; bg_row=&#8221;bg-row-light-blue&#8221; values=&#8221;%5B%7B%22select_type%22%3A%22link%22%2C%22link_download%22%3A%22url%3Ahttps%253A%252F%252Fwww.electroluxprofessional.com%252Ffi%252Fwp-content%252Fuploads%252F2024%252F11%252FGourmeXpress-turbouuni-esite_11_2024.pdf%7Ctitle%3AGourmeXpress%2520turbouuni%2520-esite%2520(FI)%22%2C%22label_pride_document%22%3A%22GourmeXpress%20brochure%22%2C%22document_type%22%3A%22brochures%22%2C%22br_document_number%22%3A%22BR-9JE00217%22%7D%2C%7B%22select_type%22%3A%22link%22%2C%22link_download%22%3A%22url%3Ahttps%253A%252F%252Fwww.electroluxprofessional.com%252Ffi%252Fwp-content%252Fuploads%252F2024%252F12%252FBR_BR-9JE00128_1_5_1_18_EPR_BrochureSpeeDelight_2022_LR_EN.pdf%7Ctitle%3ASpeeDelight%2520paninigrilli%2520-esite%2520(EN)%22%2C%22label_pride_document%22%3A%22SpeeDelight%20brochure%22%2C%22document_type%22%3A%22brochures%22%2C%22br_document_number%22%3A%22BR-9JE00128%22%7D%5D&#8221; discover=&#8221;%5B%7B%7D%5D&#8221; features=&#8221;%5B%7B%22icon_electroluxpro%22%3A%22elx-icon%20icon-circle-easy-blue%22%2C%22title_icon%22%3A%22Helppok%C3%A4ytt%C3%B6isyytt%C3%A4%22%2C%22text_icon%22%3A%22Electrolux%20Professionalin%20High%20Speed%20ruoanvalmistuslaitteet%20takaavat%20helppok%C3%A4ytt%C3%B6isyyden%20ja%20monipuolisuuden%20%E2%80%93%20ilman%20keskuskeitti%C3%B6n%20tarvetta.%22%7D%2C%7B%22icon_electroluxpro%22%3A%22elx-icon%20icon-tray%22%2C%22title_icon%22%3A%22Monipuolisuutta%22%2C%22text_icon%22%3A%22GourmeXpress%20ja%20SpeeDelight%20sopivat%20t%C3%A4ydellisesti%20pienille%20yrityksille%2C%20jotka%20haluavat%20tarjota%20monipuolisen%20ruokalistavalikoiman.%22%7D%2C%7B%22icon_electroluxpro%22%3A%22elx-icon%20icon-watch%22%2C%22title_icon%22%3A%22Nopeaa%20palvelua%22%2C%22text_icon%22%3A%22High%20Speed%20ruoanvalmistuslaitteet%20auttavat%20optimoimaan%20palvelun%20nopeuden%20ja%20laadun%20kiireisimpin%C3%A4kin%20hetkin%C3%A4.%20%22%7D%2C%7B%22icon_electroluxpro%22%3A%22elx-icon%20icon-circle-star-perfomance-blue%22%2C%22title_icon%22%3A%22Tasalaatuisuutta%22%2C%22text_icon%22%3A%22Tasainen%20ruoan%20laatu%20ja%20korkeat%20standardit%20-%20k%C3%A4ytt%C3%A4j%C3%A4st%C3%A4%20riippumatta%20ja%20vaikka%20henkil%C3%B6st%C3%B6%20vaihtuisi%20usein.%20%22%7D%5D&#8221;]<\/p>\n<h2>High Speed ruoanvalmistuslaitteet maksimoivat keitti\u00f6si tehokkuuden<\/h2>\n<p>[\/elx_features_download][vc_empty_space][\/vc_column][\/vc_row][vc_row][vc_column][vc_empty_space][elx_video_text link_video=&#8221;https:\/\/youtu.be\/d-dbiqBKxHQ&#8221; title=&#8221;Koe GourmeXpressin ja SpeeDelightin tehokkuus!&#8221; class_title=&#8221;h4&#8243; bg_row=&#8221;bg-download-blue&#8221; color_text_row=&#8221;text-white&#8221; image_preview=&#8221;13629&#8243;]Katso videoltamme kuinka ruoanvalmistusratkaisumme voivat muuttaa keitti\u00f6si tehokkuutta valmistamalla laadukkaita ruokia &#8211; nopeasti ja vaivattomasti.[\/elx_video_text][vc_empty_space][\/vc_column][\/vc_row][vc_row][vc_column][elx_multiple_columns number_columns=&#8221;4&#8243; tag_title_clm=&#8221;h2&#8243; bg_row=&#8221;bg-download-white&#8221; title=&#8221;High Speed ruoanvalmistuslaitteet &#8211; k\u00e4ytt\u00f6kohteita&#8221; values=&#8221;%5B%7B%22image_section%22%3A%2213621%22%2C%22title_section%22%3A%22Kahvilat%20%26%20baarit%22%2C%22text_section%22%3A%22Tutustu%20r%C3%A4%C3%A4t%C3%A4l%C3%B6it%C3%A4viin%20ratkaisuihimme%2C%20jotka%20on%20suunniteltu%20vastaamaan%20yrityksesi%20ainutlaatuisiin%20tarpeisiin%20ja%20parantamaan%20tehokkuutta%20sek%C3%A4%20%20asiakaskokemusta.%22%2C%22link_section%22%3A%22url%3Ahttps%253A%252F%252Fwww.electroluxprofessional.com%252Ffi%252Fyour-business%252Fkahvilat-ja-baarit%252F%7Ctitle%3ALUE%2520LIS%25C3%2584%25C3%2584%7Ctarget%3A_blank%22%2C%22button_style%22%3A%22secondary-bordered%22%7D%2C%7B%22image_section%22%3A%2213622%22%2C%22title_section%22%3A%22Ravintolat%22%2C%22text_section%22%3A%22Valitsemalla%20ratkaisumme%20saavutat%20tarvitsemasi%20joustavuuden%2C%20helppok%C3%A4ytt%C3%B6isyyden%20sek%C3%A4%20suorituskyvyn%20-%20ja%20laadukkaat%20tulokset.%22%2C%22link_section%22%3A%22url%3Ahttps%253A%252F%252Fwww.electroluxprofessional.com%252Ffi%252Fyour-business%252Fravintolat%252F%7Ctitle%3Alue%2520lis%25C3%25A4%25C3%25A4%7Ctarget%3A_blank%22%2C%22button_style%22%3A%22secondary-bordered%22%7D%2C%7B%22image_section%22%3A%2213623%22%2C%22title_section%22%3A%22Liiketoiminta%2C%20liikenne%20ja%20teollisuus%22%2C%22text_section%22%3A%22Optimaaliset%20laitteet%20henkil%C3%B6kuntaravintoloihin%2C%20kongressikeskuksiin%2C%20kiinteist%C3%B6nhuoltoon%20ja%20erikoisteollisuuteen.%22%2C%22link_section%22%3A%22url%3Ahttps%253A%252F%252Fwww.electroluxprofessional.com%252Fyour-business%252Fbusiness-transport-industry%252F%7Ctitle%3ALUE%2520LIS%25C3%2584%25C3%2584%2520%7Ctarget%3A_blank%22%2C%22button_style%22%3A%22secondary-bordered%22%7D%5D&#8221;][\/elx_multiple_columns][\/vc_column][\/vc_row][vc_row][vc_column][vc_empty_space][elx_heading font_size=&#8221;h2&#8243; text_color=&#8221;electrolux-blue&#8221; text_align=&#8221;text-center&#8221;]High Speed ruoanvalmistuslaitteet &#8211; haluatko lis\u00e4tietoja?<br \/>\nOta meihin yhteytt\u00e4.[\/elx_heading][vc_empty_space][elx_o2000_contact_us][\/vc_column][\/vc_row]<\/p>\n","protected":false},"excerpt":{"rendered":"<p>[vc_row full_width=&#8221;electroluxpro-full-width-no-padding&#8221;][vc_column][elx_image_block background_image=&#8221;13627&#8243; minimum_height=&#8221;400px&#8221;][vc_empty_space][\/vc_column][\/vc_row][vc_row][vc_column][vc_column_text] High Speed \u200b\u200bruoanvalmistuslaitteet &#8211; tehosta keitti\u00f6si tuottavuutta Nopeatempoisissa ammattikeitti\u00f6iss\u00e4 tehokkuus ja ty\u00f6nkulun sujuvuus ovat oleellisen t\u00e4rkeit\u00e4, laadusta tinkim\u00e4tt\u00e4. Electrolux Professionalin High Speed \u200b\u200bruoanvalmistuslaitteet &#8211; GourmeXpress turbouuni ja SpeeDelight paninigrilli &#8211; auttavat keitti\u00f6t\u00e4si valmistamaan monipuolisia ja korkealaatuisia ruokia k\u00e4den k\u00e4\u00e4nteess\u00e4.[\/vc_column_text][vc_empty_space height=&#8221;15px&#8221;][elx_o2000_contact_us form_alignment=&#8221;left&#8221; text_color=&#8221;#14133B&#8221; button_mode=&#8221;true&#8221; button_style=&#8221;secondary-bordered&#8221; postion_button=&#8221;text-left&#8221; postion_button_mobile=&#8221;text-left-mobile&#8221; text_btn_contact=&#8221;KYSY MEILT\u00c4 LIS\u00c4\u00c4&#8221;][vc_empty_space height=&#8221;50px&#8221;][\/vc_column][\/vc_row][vc_row][vc_column width=&#8221;1\/6&#8243;][vc_empty_space][\/vc_column][vc_column [&hellip;]<\/p>\n","protected":false},"author":135,"featured_media":13626,"parent":2363,"menu_order":0,"comment_status":"closed","ping_status":"closed","template":"","meta":{"footnotes":""},"class_list":["post-13630","page","type-page","status-publish","has-post-thumbnail","hentry"],"yoast_head":"<!-- This site is optimized with the Yoast SEO plugin v23.3 - https:\/\/yoast.com\/wordpress\/plugins\/seo\/ -->\n<title>High Speed ruoanvalmistuslaitteet - Electrolux Professional Suomi<\/title>\n<meta name=\"description\" content=\"Electrolux Professionalin High Speed \u200b\u200bruoanvalmistuslaitteet auttavat keitti\u00f6t\u00e4si valmistamaan laadukkaita aterioita, huippunopeasti.\" \/>\n<meta name=\"robots\" content=\"index, follow, max-snippet:-1, max-image-preview:large, max-video-preview:-1\" \/>\n<link rel=\"canonical\" href=\"https:\/\/www.electroluxprofessional.com\/fi\/ammattikeittiolaitteet\/high-speed-ruoanvalmistuslaitteet\/\" \/>\n<meta property=\"og:locale\" content=\"fi_FI\" \/>\n<meta property=\"og:type\" content=\"article\" \/>\n<meta property=\"og:title\" content=\"High Speed ruoanvalmistuslaitteet - Electrolux Professional Suomi\" \/>\n<meta property=\"og:description\" content=\"Electrolux Professionalin High Speed \u200b\u200bruoanvalmistuslaitteet auttavat keitti\u00f6t\u00e4si valmistamaan laadukkaita aterioita, huippunopeasti.\" \/>\n<meta property=\"og:url\" content=\"https:\/\/www.electroluxprofessional.com\/fi\/ammattikeittiolaitteet\/high-speed-ruoanvalmistuslaitteet\/\" \/>\n<meta property=\"og:site_name\" content=\"Electrolux Professional Suomi\" \/>\n<meta property=\"article:modified_time\" content=\"2025-11-05T14:09:25+00:00\" \/>\n<meta property=\"og:image\" content=\"https:\/\/www.electroluxprofessional.com\/fi\/wp-content\/uploads\/2024\/11\/High-Speed-Cooking-600x600-1.jpg\" \/>\n\t<meta property=\"og:image:width\" content=\"600\" \/>\n\t<meta property=\"og:image:height\" content=\"600\" \/>\n\t<meta property=\"og:image:type\" content=\"image\/jpeg\" \/>\n<meta name=\"twitter:card\" content=\"summary_large_image\" \/>\n<meta name=\"twitter:label1\" content=\"Arvioitu lukuaika\" \/>\n\t<meta name=\"twitter:data1\" content=\"2 minuuttia\" \/>\n<script type=\"application\/ld+json\" class=\"yoast-schema-graph\">{\"@context\":\"https:\/\/schema.org\",\"@graph\":[{\"@type\":\"WebPage\",\"@id\":\"https:\/\/www.electroluxprofessional.com\/fi\/ammattikeittiolaitteet\/high-speed-ruoanvalmistuslaitteet\/\",\"url\":\"https:\/\/www.electroluxprofessional.com\/fi\/ammattikeittiolaitteet\/high-speed-ruoanvalmistuslaitteet\/\",\"name\":\"High Speed ruoanvalmistuslaitteet - Electrolux Professional Suomi\",\"isPartOf\":{\"@id\":\"https:\/\/www.electroluxprofessional.com\/fi\/#website\"},\"primaryImageOfPage\":{\"@id\":\"https:\/\/www.electroluxprofessional.com\/fi\/ammattikeittiolaitteet\/high-speed-ruoanvalmistuslaitteet\/#primaryimage\"},\"image\":{\"@id\":\"https:\/\/www.electroluxprofessional.com\/fi\/ammattikeittiolaitteet\/high-speed-ruoanvalmistuslaitteet\/#primaryimage\"},\"thumbnailUrl\":\"https:\/\/www.electroluxprofessional.com\/fi\/wp-content\/uploads\/2024\/11\/High-Speed-Cooking-600x600-1.jpg\",\"datePublished\":\"2024-11-22T16:15:35+00:00\",\"dateModified\":\"2025-11-05T14:09:25+00:00\",\"description\":\"Electrolux Professionalin High Speed \u200b\u200bruoanvalmistuslaitteet auttavat keitti\u00f6t\u00e4si valmistamaan laadukkaita aterioita, huippunopeasti.\",\"breadcrumb\":{\"@id\":\"https:\/\/www.electroluxprofessional.com\/fi\/ammattikeittiolaitteet\/high-speed-ruoanvalmistuslaitteet\/#breadcrumb\"},\"inLanguage\":\"fi\",\"potentialAction\":[{\"@type\":\"ReadAction\",\"target\":[\"https:\/\/www.electroluxprofessional.com\/fi\/ammattikeittiolaitteet\/high-speed-ruoanvalmistuslaitteet\/\"]}]},{\"@type\":\"ImageObject\",\"inLanguage\":\"fi\",\"@id\":\"https:\/\/www.electroluxprofessional.com\/fi\/ammattikeittiolaitteet\/high-speed-ruoanvalmistuslaitteet\/#primaryimage\",\"url\":\"https:\/\/www.electroluxprofessional.com\/fi\/wp-content\/uploads\/2024\/11\/High-Speed-Cooking-600x600-1.jpg\",\"contentUrl\":\"https:\/\/www.electroluxprofessional.com\/fi\/wp-content\/uploads\/2024\/11\/High-Speed-Cooking-600x600-1.jpg\",\"width\":600,\"height\":600},{\"@type\":\"BreadcrumbList\",\"@id\":\"https:\/\/www.electroluxprofessional.com\/fi\/ammattikeittiolaitteet\/high-speed-ruoanvalmistuslaitteet\/#breadcrumb\",\"itemListElement\":[{\"@type\":\"ListItem\",\"position\":1,\"name\":\"Home\",\"item\":\"https:\/\/www.electroluxprofessional.com\/fi\/\"},{\"@type\":\"ListItem\",\"position\":2,\"name\":\"Ammattikeitti\u00f6laitteet\",\"item\":\"https:\/\/www.electroluxprofessional.com\/fi\/ammattikeittiolaitteet\/\"},{\"@type\":\"ListItem\",\"position\":3,\"name\":\"High Speed ruoanvalmistuslaitteet\"}]},{\"@type\":\"WebSite\",\"@id\":\"https:\/\/www.electroluxprofessional.com\/fi\/#website\",\"url\":\"https:\/\/www.electroluxprofessional.com\/fi\/\",\"name\":\"Electrolux Professional Suomi\",\"description\":\"\",\"potentialAction\":[{\"@type\":\"SearchAction\",\"target\":{\"@type\":\"EntryPoint\",\"urlTemplate\":\"https:\/\/www.electroluxprofessional.com\/fi\/?src={search_term_string}\"},\"query-input\":\"required name=search_term_string\"}],\"inLanguage\":\"fi\"}]}<\/script>\n<!-- \/ Yoast SEO plugin. -->","yoast_head_json":{"title":"High Speed ruoanvalmistuslaitteet - Electrolux Professional Suomi","description":"Electrolux Professionalin High Speed \u200b\u200bruoanvalmistuslaitteet auttavat keitti\u00f6t\u00e4si valmistamaan laadukkaita aterioita, huippunopeasti.","robots":{"index":"index","follow":"follow","max-snippet":"max-snippet:-1","max-image-preview":"max-image-preview:large","max-video-preview":"max-video-preview:-1"},"canonical":"https:\/\/www.electroluxprofessional.com\/fi\/ammattikeittiolaitteet\/high-speed-ruoanvalmistuslaitteet\/","og_locale":"fi_FI","og_type":"article","og_title":"High Speed ruoanvalmistuslaitteet - Electrolux Professional Suomi","og_description":"Electrolux Professionalin High Speed \u200b\u200bruoanvalmistuslaitteet auttavat keitti\u00f6t\u00e4si valmistamaan laadukkaita aterioita, huippunopeasti.","og_url":"https:\/\/www.electroluxprofessional.com\/fi\/ammattikeittiolaitteet\/high-speed-ruoanvalmistuslaitteet\/","og_site_name":"Electrolux Professional Suomi","article_modified_time":"2025-11-05T14:09:25+00:00","og_image":[{"width":600,"height":600,"url":"https:\/\/www.electroluxprofessional.com\/fi\/wp-content\/uploads\/2024\/11\/High-Speed-Cooking-600x600-1.jpg","type":"image\/jpeg"}],"twitter_card":"summary_large_image","twitter_misc":{"Arvioitu lukuaika":"2 minuuttia"},"schema":{"@context":"https:\/\/schema.org","@graph":[{"@type":"WebPage","@id":"https:\/\/www.electroluxprofessional.com\/fi\/ammattikeittiolaitteet\/high-speed-ruoanvalmistuslaitteet\/","url":"https:\/\/www.electroluxprofessional.com\/fi\/ammattikeittiolaitteet\/high-speed-ruoanvalmistuslaitteet\/","name":"High Speed ruoanvalmistuslaitteet - Electrolux Professional Suomi","isPartOf":{"@id":"https:\/\/www.electroluxprofessional.com\/fi\/#website"},"primaryImageOfPage":{"@id":"https:\/\/www.electroluxprofessional.com\/fi\/ammattikeittiolaitteet\/high-speed-ruoanvalmistuslaitteet\/#primaryimage"},"image":{"@id":"https:\/\/www.electroluxprofessional.com\/fi\/ammattikeittiolaitteet\/high-speed-ruoanvalmistuslaitteet\/#primaryimage"},"thumbnailUrl":"https:\/\/www.electroluxprofessional.com\/fi\/wp-content\/uploads\/2024\/11\/High-Speed-Cooking-600x600-1.jpg","datePublished":"2024-11-22T16:15:35+00:00","dateModified":"2025-11-05T14:09:25+00:00","description":"Electrolux Professionalin High Speed \u200b\u200bruoanvalmistuslaitteet auttavat keitti\u00f6t\u00e4si valmistamaan laadukkaita aterioita, huippunopeasti.","breadcrumb":{"@id":"https:\/\/www.electroluxprofessional.com\/fi\/ammattikeittiolaitteet\/high-speed-ruoanvalmistuslaitteet\/#breadcrumb"},"inLanguage":"fi","potentialAction":[{"@type":"ReadAction","target":["https:\/\/www.electroluxprofessional.com\/fi\/ammattikeittiolaitteet\/high-speed-ruoanvalmistuslaitteet\/"]}]},{"@type":"ImageObject","inLanguage":"fi","@id":"https:\/\/www.electroluxprofessional.com\/fi\/ammattikeittiolaitteet\/high-speed-ruoanvalmistuslaitteet\/#primaryimage","url":"https:\/\/www.electroluxprofessional.com\/fi\/wp-content\/uploads\/2024\/11\/High-Speed-Cooking-600x600-1.jpg","contentUrl":"https:\/\/www.electroluxprofessional.com\/fi\/wp-content\/uploads\/2024\/11\/High-Speed-Cooking-600x600-1.jpg","width":600,"height":600},{"@type":"BreadcrumbList","@id":"https:\/\/www.electroluxprofessional.com\/fi\/ammattikeittiolaitteet\/high-speed-ruoanvalmistuslaitteet\/#breadcrumb","itemListElement":[{"@type":"ListItem","position":1,"name":"Home","item":"https:\/\/www.electroluxprofessional.com\/fi\/"},{"@type":"ListItem","position":2,"name":"Ammattikeitti\u00f6laitteet","item":"https:\/\/www.electroluxprofessional.com\/fi\/ammattikeittiolaitteet\/"},{"@type":"ListItem","position":3,"name":"High Speed ruoanvalmistuslaitteet"}]},{"@type":"WebSite","@id":"https:\/\/www.electroluxprofessional.com\/fi\/#website","url":"https:\/\/www.electroluxprofessional.com\/fi\/","name":"Electrolux Professional Suomi","description":"","potentialAction":[{"@type":"SearchAction","target":{"@type":"EntryPoint","urlTemplate":"https:\/\/www.electroluxprofessional.com\/fi\/?src={search_term_string}"},"query-input":"required name=search_term_string"}],"inLanguage":"fi"}]}},"_links":{"self":[{"href":"https:\/\/www.electroluxprofessional.com\/fi\/wp-json\/wp\/v2\/pages\/13630"}],"collection":[{"href":"https:\/\/www.electroluxprofessional.com\/fi\/wp-json\/wp\/v2\/pages"}],"about":[{"href":"https:\/\/www.electroluxprofessional.com\/fi\/wp-json\/wp\/v2\/types\/page"}],"author":[{"embeddable":true,"href":"https:\/\/www.electroluxprofessional.com\/fi\/wp-json\/wp\/v2\/users\/135"}],"replies":[{"embeddable":true,"href":"https:\/\/www.electroluxprofessional.com\/fi\/wp-json\/wp\/v2\/comments?post=13630"}],"version-history":[{"count":17,"href":"https:\/\/www.electroluxprofessional.com\/fi\/wp-json\/wp\/v2\/pages\/13630\/revisions"}],"predecessor-version":[{"id":15606,"href":"https:\/\/www.electroluxprofessional.com\/fi\/wp-json\/wp\/v2\/pages\/13630\/revisions\/15606"}],"up":[{"embeddable":true,"href":"https:\/\/www.electroluxprofessional.com\/fi\/wp-json\/wp\/v2\/pages\/2363"}],"wp:featuredmedia":[{"embeddable":true,"href":"https:\/\/www.electroluxprofessional.com\/fi\/wp-json\/wp\/v2\/media\/13626"}],"wp:attachment":[{"href":"https:\/\/www.electroluxprofessional.com\/fi\/wp-json\/wp\/v2\/media?parent=13630"}],"curies":[{"name":"wp","href":"https:\/\/api.w.org\/{rel}","templated":true}]}}