{"id":13519,"date":"2024-11-12T16:45:25","date_gmt":"2024-11-12T16:45:25","guid":{"rendered":"https:\/\/www.electroluxprofessional.com\/fi\/?page_id=13519"},"modified":"2025-11-05T14:34:44","modified_gmt":"2025-11-05T14:34:44","slug":"hotellit-ja-ravintolat","status":"publish","type":"page","link":"https:\/\/www.electroluxprofessional.com\/fi\/your-business\/hotellit-ja-ravintolat\/","title":{"rendered":"Hotellit, ravintolat ja B&#038;B-majatalot"},"content":{"rendered":"<p>[vc_row full_width=&#8221;electroluxpro-full-width-no-padding&#8221; css=&#8221;.vc_custom_1663604325303{margin-top: -50px !important;}&#8221;][vc_column][elx_full_banner title=&#8221;Hotellit, ravintolat ja B&amp;B-majatalot&#8221; background_image_media_library=&#8221;13517&#8243; background_image_media_library_mobile=&#8221;13518&#8243;][\/vc_column][\/vc_row][vc_row][vc_column][vc_empty_space][\/vc_column][\/vc_row][vc_row][vc_column width=&#8221;2\/3&#8243;][elx_heading font_container=&#8221;h1&#8243; text_color=&#8221;electrolux-blue&#8221;]Pyykinpesuratkaisut hotelleihin, B&amp;B-kohteisiin ja ravintoloihin[\/elx_heading][vc_column_text]P\u00f6yt\u00e4liinojen vaikeat tahrat, ostopalveluiden korkeat kustannukset, liinavaatteiden pesu, kuivaus ja vaihtaminen ajoissa ovat p\u00e4ivitt\u00e4isi\u00e4 haasteita pieness\u00e4 hotellissa, B&amp;B-kohteissa tai ravintolassa. myPRO <strong>vapauttaa enemm\u00e4n aikaa ydinliiketoimintaasi<\/strong>.<br \/>\nHuippulaatuiset pyykinpesutulokset nopeasti ja helposti![\/vc_column_text][elx_button button_text=&#8221;TUTUSTU TUOTTEISIIN&#8221; button_style=&#8221;icon&#8221; button_link=&#8221;url:https%3A%2F%2Fwww.electroluxprofessional.com%2Ffi%2Fammattipesulalaitteet%2Fmypro-pesukoneet-kuivausrummut-mankelit%2F|title:myPRO%20pesulalaitteet&#8221;][\/vc_column][vc_column width=&#8221;1\/3&#8243;][\/vc_column][\/vc_row][vc_row][vc_column][vc_single_image image=&#8221;13510&#8243; img_size=&#8221;full&#8221; alignment=&#8221;center&#8221;][\/vc_column][\/vc_row][vc_row content_placement=&#8221;top&#8221; el_class=&#8221;marginNegative&#8221;][vc_column width=&#8221;1\/3&#8243;][vc_empty_space][elx_heading font_container=&#8221;h5&#8243; font_size=&#8221;h5&#8243; text_color=&#8221;inherit&#8221;]Joustavuus ja kest\u00e4vyys[\/elx_heading][vc_column_text]Parempi kest\u00e4vyys, enemm\u00e4n joustavuutta ja loistavat tulokset lyhyemm\u00e4ss\u00e4 ajassa myPRO-pyykinpesuratkaisujen avulla: <strong>tehokkaampi ja nopeampi kuin tavalliset kotitalouskoneet<\/strong>.[\/vc_column_text][\/vc_column][vc_column width=&#8221;1\/3&#8243;][vc_empty_space][elx_heading font_container=&#8221;h5&#8243; font_size=&#8221;h5&#8243; text_color=&#8221;inherit&#8221;]Energiatehokkuus[\/elx_heading][vc_column_text]<strong>S\u00e4\u00e4st\u00e4 vett\u00e4, energiaa ja rahaa<\/strong><\/p>\n<ul>\n<li><strong>A+++<\/strong>-luokan pesukoneiden energiatehokkuuden avulla<\/li>\n<li><strong> A++<\/strong> kuivausrumpujen energiatehokkuuden avulla<\/li>\n<\/ul>\n<p>[\/vc_column_text][\/vc_column][vc_column width=&#8221;1\/3&#8243;][vc_empty_space][elx_heading font_container=&#8221;h5&#8243; font_size=&#8221;h5&#8243; text_color=&#8221;inherit&#8221;]Takuu ammattik\u00e4ytt\u00f6\u00f6n[\/elx_heading][vc_column_text]myPRO-tuoteperhe toimitetaan <strong>ammattitakuulla<\/strong> sijoituksesi suojaamiseksi. Useissa maissa t\u00e4m\u00e4ntyyppinen takuu ei ole voimassa, jos kotitalousk\u00e4ytt\u00f6\u00f6n tarkoitettua laitetta k\u00e4ytet\u00e4\u00e4n ammattik\u00e4yt\u00f6ss\u00e4. T\u00e4m\u00e4 ei p\u00e4de myPRO:n tapauksessa.[\/vc_column_text][\/vc_column][\/vc_row][vc_row content_placement=&#8221;top&#8221; el_class=&#8221;marginNegative&#8221;][vc_column width=&#8221;1\/3&#8243;][vc_single_image image=&#8221;13511&#8243; img_size=&#8221;large&#8221;][elx_heading text_color=&#8221;inherit&#8221;]Huippulaatu ja suuri joustavuus[\/elx_heading][vc_column_text css=&#8221;.vc_custom_1571839884168{margin-bottom: 0px !important;}&#8221; el_class=&#8221;minHeightCirclesText&#8221;]<em>\u201dAsiakkaamme huomaavat heti tavallista korkeamman tekstiilien laadun. Puhtaampi, pehme\u00e4mpi ja raikkaampi tuoksu&#8221;<\/em>[\/vc_column_text][vc_column_text css=&#8221;.vc_custom_1573204903078{margin-top: 15px !important;}&#8221;]<\/p>\n<ul>\n<li class=\"li1\"><span class=\"s1\"><b>Parhaat pesutulokset<\/b><\/span> <em>Electrolux SpeedCare -rummun<\/em> ansiosta<\/li>\n<li class=\"li1\"><span class=\"s1\"><b>Enemm\u00e4n joustavuutta<\/b><\/span>\u00a0<em>ammattilaisohjelmilla<\/em> erilaisiin sovelluksiin<\/li>\n<li><strong>Pitk\u00e4\u00e4n jatkuva <\/strong>\u00a0<strong>h\u00f6yryntuotto<\/strong> suuren kapasiteetin vesis\u00e4ili\u00f6iden ansiosta (1,9 litraa)<\/li>\n<\/ul>\n<p>[\/vc_column_text][\/vc_column][vc_column width=&#8221;1\/3&#8243;][vc_single_image image=&#8221;13512&#8243; img_size=&#8221;large&#8221;][elx_heading text_color=&#8221;inherit&#8221; css=&#8221;.vc_custom_1571839852608{margin-top: 0px !important;}&#8221;]Suuri nopeus ja korkea luotettavuus[\/elx_heading][vc_column_text css=&#8221;.vc_custom_1571839897583{margin-bottom: 0px !important;}&#8221; el_class=&#8221;minHeightCirclesText&#8221;]<em>\u201dVoin olla rauhallisin mielin, ja voin hoitaa vaivattomasti ruuhkahuippuja ongelmitta<\/em><em>&#8220;<\/em>[\/vc_column_text][vc_column_text css=&#8221;.vc_custom_1571839909101{margin-top: 15px !important;}&#8221;]<\/p>\n<ul>\n<li class=\"li1\"><span class=\"s1\"><b>Jopa 50 % nopeampi<\/b><\/span> <em>ammattilaisohjelmilla<\/em><\/li>\n<li class=\"li1\"><span class=\"s1\"><b>Nopeampi kuivaussykli<\/b><\/span> <em>automaattisen Moisture Control -toiminnon<\/em> ansiosta<\/li>\n<li class=\"li1\"><strong>Silitysajan s\u00e4\u00e4st\u00f6<\/strong> kaikentyyppisill\u00e4 materiaaleilla <strong>miellytt\u00e4v\u00e4sti<\/strong><\/li>\n<\/ul>\n<p>[\/vc_column_text][\/vc_column][vc_column width=&#8221;1\/3&#8243;][vc_single_image image=&#8221;13513&#8243; img_size=&#8221;large&#8221;][elx_heading text_color=&#8221;inherit&#8221;]Lis\u00e4s\u00e4\u00e4st\u00f6t[\/elx_heading][vc_column_text css=&#8221;.vc_custom_1571841558848{margin-bottom: 0px !important;}&#8221; el_class=&#8221;minHeightCirclesText&#8221;]<em>\u201dS\u00e4\u00e4st\u00e4n kustannuksia kest\u00e4v\u00e4sti hoidetun ja kest\u00e4v\u00e4n pyykin ansiosta&#8221;<\/em>[\/vc_column_text][vc_column_text css=&#8221;.vc_custom_1573204926430{margin-top: 15px !important;}&#8221;]<\/p>\n<ul>\n<li class=\"li1\"><span class=\"s1\"><b>S\u00e4\u00e4st\u00e4 energiaa ja kustannuksia<\/b><\/span><br \/>\n<em>A+++-luokan pesukoneiden energiatehokkuuden avulla<br \/>\n<\/em><\/li>\n<li class=\"li1\">Pesukone ja kuivausrumpu, jotka on suunniteltu kest\u00e4m\u00e4\u00e4n <span class=\"s1\"><b>kolme kertaa pidemp\u00e4\u00e4n<\/b><\/span> kuin kotitalousk\u00e4ytt\u00f6\u00f6n tarkoitetut koneet<\/li>\n<li><strong>S\u00e4\u00e4st\u00e4t tilaa<\/strong>\u00a0 h\u00f6yrysilityksen taitettavan rakenteen ansiosta. (IS185)<\/li>\n<\/ul>\n<p>[\/vc_column_text][\/vc_column][\/vc_row][vc_row][vc_column][vc_empty_space][\/vc_column][\/vc_row][vc_row][vc_column width=&#8221;1\/2&#8243;][elx_video_block background_image=&#8221;13514&#8243; video_link=&#8221;https:\/\/www.youtube.com\/watch?v=m50wL0sjn9s&#8221; minimum_height=&#8221;300px&#8221;][\/vc_column][vc_column width=&#8221;1\/2&#8243;][vc_empty_space][elx_heading font_container=&#8221;h5&#8243; text_color=&#8221;inherit&#8221;]Zuani Casa,<br \/>\nSan Floriano del Collio (Italia)[\/elx_heading][vc_column_text]\u201dOlemme Zuanin perheyritys, jolla on viinitila ja B&amp;B.<br \/>\nAsiakkaamme y\u00f6pyv\u00e4t 2 &#8211; 3 p\u00e4iv\u00e4\u00e4, joten meid\u00e4n on oltava nopeita pyykinpesussa ja laadukkaan palvelun tarjoamisessa. K\u00e4ytimme kotitalousk\u00e4ytt\u00f6\u00f6n tarkoitettuja koneita, mutta pyykinpesu- ja kuivausajat olivat hyvin pitki\u00e4 ja manuaalisen ty\u00f6n m\u00e4\u00e4r\u00e4 oli hyvin suuri.\u201d[\/vc_column_text][\/vc_column][\/vc_row][vc_row][vc_column][vc_empty_space][\/vc_column][\/vc_row][vc_row][vc_column width=&#8221;1\/2&#8243;][elx_video_block background_image=&#8221;13515&#8243; video_link=&#8221;https:\/\/www.youtube.com\/watch?v=EJ4RMJFdkdo&#8221; minimum_height=&#8221;300px&#8221;][\/vc_column][vc_column width=&#8221;1\/2&#8243;][vc_empty_space][elx_heading font_container=&#8221;h5&#8243; text_color=&#8221;inherit&#8221;]Due Fiumi, Sacile (Italia)[\/elx_heading][vc_column_text]\u201dHei, nimeni on Claudia.<br \/>\nKollegani ja min\u00e4 olemme p\u00e4\u00e4tt\u00e4neet kunnostaa maalaistalon ja muuntaa sen Bed-and-Breakfast-majataloksi.<br \/>\nK\u00e4ytt\u00e4m\u00e4mme pesukone on pieni, kotik\u00e4ytt\u00f6\u00f6n tarkoitettu kone, joka ei pysty k\u00e4sittelem\u00e4\u00e4n kuormaa tehokkaasti.\u201d[\/vc_column_text][\/vc_column][\/vc_row][vc_row][vc_column][vc_empty_space][\/vc_column][\/vc_row][vc_row][vc_column width=&#8221;1\/2&#8243;][elx_video_block background_image=&#8221;13516&#8243; video_link=&#8221;https:\/\/www.youtube.com\/watch?v=mk4zVX8F0BQ&#8221; minimum_height=&#8221;300px&#8221;][\/vc_column][vc_column width=&#8221;1\/2&#8243;][vc_empty_space][elx_heading font_container=&#8221;h5&#8243; text_color=&#8221;inherit&#8221;]Majatalo Fraune, Salzkotten (Saksa)[\/elx_heading][vc_column_text]\u201dAjans\u00e4\u00e4st\u00f6 verrattuna tavallisiin kotik\u00e4yt\u00f6n pesukoneisiin on valtava. Erityisen SpeedCare-rummun ja ammattipesuohjelmien ansiosta pesuaika on nyt puolet siit\u00e4, mit\u00e4 se oli ennen, ja pesutulokset ovat t\u00e4ydelliset.\u201d<br \/>\n<strong>Stefanie L\u00fctkewitte-Fraune, <\/strong>omistaja[\/vc_column_text][\/vc_column][\/vc_row][vc_row][vc_column][vc_empty_space][\/vc_column][\/vc_row][vc_row][vc_column][elx_o2000_contact_us s=&#8221;Pyyd\u00e4 lis\u00e4tietoja ratkaisuista kampaamoille ja kauneushoitoloille&#8221; b=&#8221;laundry&#8221; r=&#8221;Haluaisin saada lis\u00e4tietoja pyykinpesuratkaisuista hotelleille ja B&amp;B-majoituskohteille&#8221; l=&#8221;en&#8221;][\/vc_column][\/vc_row][vc_row][vc_column][vc_empty_space][\/vc_column][\/vc_row][vc_row css=&#8221;.vc_custom_1534772259989{background-color: #eeeeee !important;}&#8221;][vc_column width=&#8221;2\/3&#8243;][elx_heading font_size=&#8221;h3&#8243; text_color=&#8221;inherit&#8221;]Haetko tuottavampia ratkaisuja?[\/elx_heading][elx_heading font_container=&#8221;h3&#8243; font_size=&#8221;h5&#8243; text_color=&#8221;inherit&#8221;]Tutustu ammattipesularatkaisuihimme.[\/elx_heading][vc_column_text]Electrolux Professional tarjoaa monipuolisen valikoiman pesulalaitteita &#8211; niin pieniin kuin suuriinkin ammattipesuloihin.[\/vc_column_text][elx_button button_text=&#8221;Tutustu Line 6000 pesulalaitteisiimme&#8221; button_style=&#8221;icon&#8221; button_link=&#8221;url:https%3A%2F%2Fwww.electroluxprofessional.com%2Ffi%2Fammattipesulalaitteet%2Fline-6000-ammattipesulalaitteet%2F|title:Ammattipesulalaitteet&#8221;][\/vc_column][vc_column width=&#8221;1\/3&#8243;][vc_empty_space][vc_single_image image=&#8221;1888&#8243; img_size=&#8221;700px&#8221; onclick=&#8221;custom_link&#8221; link=&#8221;http:\/\/https:\/\/www.electroluxprofessional.com\/fi\/\/your-business\/commercial-laundries\/&#8221;][\/vc_column][\/vc_row]<\/p>\n","protected":false},"excerpt":{"rendered":"<p>[vc_row full_width=&#8221;electroluxpro-full-width-no-padding&#8221; css=&#8221;.vc_custom_1663604325303{margin-top: -50px !important;}&#8221;][vc_column][elx_full_banner title=&#8221;Hotellit, ravintolat ja B&amp;B-majatalot&#8221; background_image_media_library=&#8221;13517&#8243; background_image_media_library_mobile=&#8221;13518&#8243;][\/vc_column][\/vc_row][vc_row][vc_column][vc_empty_space][\/vc_column][\/vc_row][vc_row][vc_column width=&#8221;2\/3&#8243;][elx_heading font_container=&#8221;h1&#8243; text_color=&#8221;electrolux-blue&#8221;]Pyykinpesuratkaisut hotelleihin, B&amp;B-kohteisiin ja ravintoloihin[\/elx_heading][vc_column_text]P\u00f6yt\u00e4liinojen vaikeat tahrat, ostopalveluiden korkeat kustannukset, liinavaatteiden pesu, kuivaus ja vaihtaminen ajoissa ovat p\u00e4ivitt\u00e4isi\u00e4 haasteita pieness\u00e4 hotellissa, B&amp;B-kohteissa tai ravintolassa. myPRO vapauttaa enemm\u00e4n aikaa ydinliiketoimintaasi. Huippulaatuiset pyykinpesutulokset nopeasti ja helposti![\/vc_column_text][elx_button button_text=&#8221;TUTUSTU TUOTTEISIIN&#8221; button_style=&#8221;icon&#8221; button_link=&#8221;url:https%3A%2F%2Fwww.electroluxprofessional.com%2Ffi%2Fammattipesulalaitteet%2Fmypro-pesukoneet-kuivausrummut-mankelit%2F|title:myPRO%20pesulalaitteet&#8221;][\/vc_column][vc_column width=&#8221;1\/3&#8243;][\/vc_column][\/vc_row][vc_row][vc_column][vc_single_image image=&#8221;13510&#8243; img_size=&#8221;full&#8221; alignment=&#8221;center&#8221;][\/vc_column][\/vc_row][vc_row [&hellip;]<\/p>\n","protected":false},"author":1,"featured_media":13509,"parent":3379,"menu_order":0,"comment_status":"closed","ping_status":"closed","template":"","meta":{"footnotes":""},"class_list":["post-13519","page","type-page","status-publish","has-post-thumbnail","hentry"],"yoast_head":"<!-- This site is optimized with the Yoast SEO plugin v23.3 - https:\/\/yoast.com\/wordpress\/plugins\/seo\/ -->\n<title>Hotellit, ravintolat ja B&amp;B-majatalot - Electrolux Professional Suomi<\/title>\n<meta name=\"description\" content=\"Meilt\u00e4 l\u00f6yd\u00e4t pyykinpesuratkaisut hotelleihin, B&amp;B-kohteisiin ja ravintoloihin. Tutustu monipuoliseen valikoimaamme!\" \/>\n<meta name=\"robots\" content=\"index, follow, max-snippet:-1, max-image-preview:large, max-video-preview:-1\" \/>\n<link rel=\"canonical\" href=\"https:\/\/www.electroluxprofessional.com\/fi\/your-business\/hotellit-ja-ravintolat\/\" \/>\n<meta property=\"og:locale\" content=\"fi_FI\" \/>\n<meta property=\"og:type\" content=\"article\" \/>\n<meta property=\"og:title\" content=\"Hotellit, ravintolat ja B&amp;B-majatalot - Electrolux Professional Suomi\" \/>\n<meta property=\"og:description\" content=\"Meilt\u00e4 l\u00f6yd\u00e4t pyykinpesuratkaisut hotelleihin, B&amp;B-kohteisiin ja ravintoloihin. Tutustu monipuoliseen valikoimaamme!\" \/>\n<meta property=\"og:url\" content=\"https:\/\/www.electroluxprofessional.com\/fi\/your-business\/hotellit-ja-ravintolat\/\" \/>\n<meta property=\"og:site_name\" content=\"Electrolux Professional Suomi\" \/>\n<meta property=\"article:modified_time\" content=\"2025-11-05T14:34:44+00:00\" \/>\n<meta property=\"og:image\" content=\"https:\/\/www.electroluxprofessional.com\/fi\/wp-content\/uploads\/2024\/11\/hotel-BB-restaurant.jpg\" \/>\n\t<meta property=\"og:image:width\" content=\"800\" \/>\n\t<meta property=\"og:image:height\" content=\"500\" \/>\n\t<meta property=\"og:image:type\" content=\"image\/jpeg\" \/>\n<meta name=\"twitter:card\" content=\"summary_large_image\" \/>\n<meta name=\"twitter:label1\" content=\"Arvioitu lukuaika\" \/>\n\t<meta name=\"twitter:data1\" content=\"5 minuuttia\" \/>\n<script type=\"application\/ld+json\" class=\"yoast-schema-graph\">{\"@context\":\"https:\/\/schema.org\",\"@graph\":[{\"@type\":\"WebPage\",\"@id\":\"https:\/\/www.electroluxprofessional.com\/fi\/your-business\/hotellit-ja-ravintolat\/\",\"url\":\"https:\/\/www.electroluxprofessional.com\/fi\/your-business\/hotellit-ja-ravintolat\/\",\"name\":\"Hotellit, ravintolat ja B&B-majatalot - Electrolux Professional Suomi\",\"isPartOf\":{\"@id\":\"https:\/\/www.electroluxprofessional.com\/fi\/#website\"},\"primaryImageOfPage\":{\"@id\":\"https:\/\/www.electroluxprofessional.com\/fi\/your-business\/hotellit-ja-ravintolat\/#primaryimage\"},\"image\":{\"@id\":\"https:\/\/www.electroluxprofessional.com\/fi\/your-business\/hotellit-ja-ravintolat\/#primaryimage\"},\"thumbnailUrl\":\"https:\/\/www.electroluxprofessional.com\/fi\/wp-content\/uploads\/2024\/11\/hotel-BB-restaurant.jpg\",\"datePublished\":\"2024-11-12T16:45:25+00:00\",\"dateModified\":\"2025-11-05T14:34:44+00:00\",\"description\":\"Meilt\u00e4 l\u00f6yd\u00e4t pyykinpesuratkaisut hotelleihin, B&B-kohteisiin ja ravintoloihin. Tutustu monipuoliseen valikoimaamme!\",\"breadcrumb\":{\"@id\":\"https:\/\/www.electroluxprofessional.com\/fi\/your-business\/hotellit-ja-ravintolat\/#breadcrumb\"},\"inLanguage\":\"fi\",\"potentialAction\":[{\"@type\":\"ReadAction\",\"target\":[\"https:\/\/www.electroluxprofessional.com\/fi\/your-business\/hotellit-ja-ravintolat\/\"]}]},{\"@type\":\"ImageObject\",\"inLanguage\":\"fi\",\"@id\":\"https:\/\/www.electroluxprofessional.com\/fi\/your-business\/hotellit-ja-ravintolat\/#primaryimage\",\"url\":\"https:\/\/www.electroluxprofessional.com\/fi\/wp-content\/uploads\/2024\/11\/hotel-BB-restaurant.jpg\",\"contentUrl\":\"https:\/\/www.electroluxprofessional.com\/fi\/wp-content\/uploads\/2024\/11\/hotel-BB-restaurant.jpg\",\"width\":800,\"height\":500},{\"@type\":\"BreadcrumbList\",\"@id\":\"https:\/\/www.electroluxprofessional.com\/fi\/your-business\/hotellit-ja-ravintolat\/#breadcrumb\",\"itemListElement\":[{\"@type\":\"ListItem\",\"position\":1,\"name\":\"Home\",\"item\":\"https:\/\/www.electroluxprofessional.com\/fi\/\"},{\"@type\":\"ListItem\",\"position\":2,\"name\":\"Your Business\",\"item\":\"https:\/\/www.electroluxprofessional.com\/fi\/your-business\/\"},{\"@type\":\"ListItem\",\"position\":3,\"name\":\"Hotellit, ravintolat ja B&#038;B-majatalot\"}]},{\"@type\":\"WebSite\",\"@id\":\"https:\/\/www.electroluxprofessional.com\/fi\/#website\",\"url\":\"https:\/\/www.electroluxprofessional.com\/fi\/\",\"name\":\"Electrolux Professional Suomi\",\"description\":\"\",\"potentialAction\":[{\"@type\":\"SearchAction\",\"target\":{\"@type\":\"EntryPoint\",\"urlTemplate\":\"https:\/\/www.electroluxprofessional.com\/fi\/?src={search_term_string}\"},\"query-input\":\"required name=search_term_string\"}],\"inLanguage\":\"fi\"}]}<\/script>\n<!-- \/ Yoast SEO plugin. -->","yoast_head_json":{"title":"Hotellit, ravintolat ja B&B-majatalot - Electrolux Professional Suomi","description":"Meilt\u00e4 l\u00f6yd\u00e4t pyykinpesuratkaisut hotelleihin, B&B-kohteisiin ja ravintoloihin. Tutustu monipuoliseen valikoimaamme!","robots":{"index":"index","follow":"follow","max-snippet":"max-snippet:-1","max-image-preview":"max-image-preview:large","max-video-preview":"max-video-preview:-1"},"canonical":"https:\/\/www.electroluxprofessional.com\/fi\/your-business\/hotellit-ja-ravintolat\/","og_locale":"fi_FI","og_type":"article","og_title":"Hotellit, ravintolat ja B&B-majatalot - Electrolux Professional Suomi","og_description":"Meilt\u00e4 l\u00f6yd\u00e4t pyykinpesuratkaisut hotelleihin, B&B-kohteisiin ja ravintoloihin. Tutustu monipuoliseen valikoimaamme!","og_url":"https:\/\/www.electroluxprofessional.com\/fi\/your-business\/hotellit-ja-ravintolat\/","og_site_name":"Electrolux Professional Suomi","article_modified_time":"2025-11-05T14:34:44+00:00","og_image":[{"width":800,"height":500,"url":"https:\/\/www.electroluxprofessional.com\/fi\/wp-content\/uploads\/2024\/11\/hotel-BB-restaurant.jpg","type":"image\/jpeg"}],"twitter_card":"summary_large_image","twitter_misc":{"Arvioitu lukuaika":"5 minuuttia"},"schema":{"@context":"https:\/\/schema.org","@graph":[{"@type":"WebPage","@id":"https:\/\/www.electroluxprofessional.com\/fi\/your-business\/hotellit-ja-ravintolat\/","url":"https:\/\/www.electroluxprofessional.com\/fi\/your-business\/hotellit-ja-ravintolat\/","name":"Hotellit, ravintolat ja B&B-majatalot - Electrolux Professional Suomi","isPartOf":{"@id":"https:\/\/www.electroluxprofessional.com\/fi\/#website"},"primaryImageOfPage":{"@id":"https:\/\/www.electroluxprofessional.com\/fi\/your-business\/hotellit-ja-ravintolat\/#primaryimage"},"image":{"@id":"https:\/\/www.electroluxprofessional.com\/fi\/your-business\/hotellit-ja-ravintolat\/#primaryimage"},"thumbnailUrl":"https:\/\/www.electroluxprofessional.com\/fi\/wp-content\/uploads\/2024\/11\/hotel-BB-restaurant.jpg","datePublished":"2024-11-12T16:45:25+00:00","dateModified":"2025-11-05T14:34:44+00:00","description":"Meilt\u00e4 l\u00f6yd\u00e4t pyykinpesuratkaisut hotelleihin, B&B-kohteisiin ja ravintoloihin. Tutustu monipuoliseen valikoimaamme!","breadcrumb":{"@id":"https:\/\/www.electroluxprofessional.com\/fi\/your-business\/hotellit-ja-ravintolat\/#breadcrumb"},"inLanguage":"fi","potentialAction":[{"@type":"ReadAction","target":["https:\/\/www.electroluxprofessional.com\/fi\/your-business\/hotellit-ja-ravintolat\/"]}]},{"@type":"ImageObject","inLanguage":"fi","@id":"https:\/\/www.electroluxprofessional.com\/fi\/your-business\/hotellit-ja-ravintolat\/#primaryimage","url":"https:\/\/www.electroluxprofessional.com\/fi\/wp-content\/uploads\/2024\/11\/hotel-BB-restaurant.jpg","contentUrl":"https:\/\/www.electroluxprofessional.com\/fi\/wp-content\/uploads\/2024\/11\/hotel-BB-restaurant.jpg","width":800,"height":500},{"@type":"BreadcrumbList","@id":"https:\/\/www.electroluxprofessional.com\/fi\/your-business\/hotellit-ja-ravintolat\/#breadcrumb","itemListElement":[{"@type":"ListItem","position":1,"name":"Home","item":"https:\/\/www.electroluxprofessional.com\/fi\/"},{"@type":"ListItem","position":2,"name":"Your Business","item":"https:\/\/www.electroluxprofessional.com\/fi\/your-business\/"},{"@type":"ListItem","position":3,"name":"Hotellit, ravintolat ja B&#038;B-majatalot"}]},{"@type":"WebSite","@id":"https:\/\/www.electroluxprofessional.com\/fi\/#website","url":"https:\/\/www.electroluxprofessional.com\/fi\/","name":"Electrolux Professional Suomi","description":"","potentialAction":[{"@type":"SearchAction","target":{"@type":"EntryPoint","urlTemplate":"https:\/\/www.electroluxprofessional.com\/fi\/?src={search_term_string}"},"query-input":"required name=search_term_string"}],"inLanguage":"fi"}]}},"_links":{"self":[{"href":"https:\/\/www.electroluxprofessional.com\/fi\/wp-json\/wp\/v2\/pages\/13519"}],"collection":[{"href":"https:\/\/www.electroluxprofessional.com\/fi\/wp-json\/wp\/v2\/pages"}],"about":[{"href":"https:\/\/www.electroluxprofessional.com\/fi\/wp-json\/wp\/v2\/types\/page"}],"author":[{"embeddable":true,"href":"https:\/\/www.electroluxprofessional.com\/fi\/wp-json\/wp\/v2\/users\/1"}],"replies":[{"embeddable":true,"href":"https:\/\/www.electroluxprofessional.com\/fi\/wp-json\/wp\/v2\/comments?post=13519"}],"version-history":[{"count":8,"href":"https:\/\/www.electroluxprofessional.com\/fi\/wp-json\/wp\/v2\/pages\/13519\/revisions"}],"predecessor-version":[{"id":15668,"href":"https:\/\/www.electroluxprofessional.com\/fi\/wp-json\/wp\/v2\/pages\/13519\/revisions\/15668"}],"up":[{"embeddable":true,"href":"https:\/\/www.electroluxprofessional.com\/fi\/wp-json\/wp\/v2\/pages\/3379"}],"wp:featuredmedia":[{"embeddable":true,"href":"https:\/\/www.electroluxprofessional.com\/fi\/wp-json\/wp\/v2\/media\/13509"}],"wp:attachment":[{"href":"https:\/\/www.electroluxprofessional.com\/fi\/wp-json\/wp\/v2\/media?parent=13519"}],"curies":[{"name":"wp","href":"https:\/\/api.w.org\/{rel}","templated":true}]}}