{"id":13508,"date":"2024-11-12T16:31:36","date_gmt":"2024-11-12T16:31:36","guid":{"rendered":"https:\/\/www.electroluxprofessional.com\/fi\/?page_id=13508"},"modified":"2025-11-05T14:33:28","modified_gmt":"2025-11-05T14:33:28","slug":"talopesulat","status":"publish","type":"page","link":"https:\/\/www.electroluxprofessional.com\/fi\/your-business\/talopesulat\/","title":{"rendered":"Talopesulat"},"content":{"rendered":"<p>[vc_row full_width=&#8221;electroluxpro-full-width-no-padding&#8221; equal_height=&#8221;yes&#8221; css=&#8221;.vc_custom_1604054607517{margin-top: -30px !important;border-top-width: -30px !important;padding-top: -30px !important;}&#8221;][vc_column][elx_full_banner title=&#8221;Talopesulat&#8221; set_as_h1=&#8221;true&#8221; background_image_media_library=&#8221;13503&#8243; background_image_media_library_mobile=&#8221;13504&#8243;][\/vc_column][\/vc_row][vc_row][vc_column][vc_empty_space][elx_heading font_size=&#8221;h2&#8243; text_color=&#8221;inherit&#8221; text_align=&#8221;text-center&#8221;]Pienemmille rakennuksille, opiskelija-asuntoloille ja paikkoihin, joissa on rajoitetut toiminnalliset oleskelutilat[\/elx_heading][vc_empty_space][vc_column_text]<\/p>\n<p style=\"text-align: center; font-size: 22px;\">Oletko taloyhti\u00f6n puheenjohtaja? Haluatko tehd\u00e4 pyykinpesun helpoksi asukkaille? Jos haet luotettavia, helppok\u00e4ytt\u00f6isi\u00e4, kest\u00e4vi\u00e4 koneita, jotka pesev\u00e4t ja kuivaavat hyvin&#8230;meill\u00e4 on sinulle ratkaisu!<\/p>\n<p>[\/vc_column_text][vc_empty_space][vc_row_inner][vc_column_inner width=&#8221;1\/2&#8243;][vc_column_text]<\/p>\n<ul>\n<li style=\"font-size: 20px;\">Kerrostalorakennukset<\/li>\n<li style=\"font-size: 20px;\">Asuntolat<\/li>\n<li style=\"font-size: 20px;\">Yliopistot &amp; opistot<\/li>\n<li style=\"font-size: 20px;\">Opiskelija-asunnot<\/li>\n<\/ul>\n<p>[\/vc_column_text][\/vc_column_inner][vc_column_inner width=&#8221;1\/2&#8243;][vc_column_text]<\/p>\n<ul>\n<li style=\"font-size: 20px;\">Nuorten ty\u00f6ntekij\u00f6iden asunnot<\/li>\n<li style=\"font-size: 20px;\">Pitk\u00e4aikaisasunnot ty\u00f6ntekij\u00f6ille<\/li>\n<li style=\"font-size: 20px;\">Ryhm\u00e4kodit<\/li>\n<\/ul>\n<p>[\/vc_column_text][\/vc_column_inner][\/vc_row_inner][vc_empty_space][\/vc_column][\/vc_row][vc_row full_width=&#8221;electroluxpro-full-width&#8221;][vc_column][elx_hero_slider text_position=&#8221;hero_slider_text_align_right&#8221; text_color=&#8221;electrolux-blue&#8221; label_text_color=&#8221;electrolux-blue&#8221; images=&#8221;13495&#8243;][elx_heading font_container=&#8221;h4&#8243; font_size=&#8221;h4&#8243; text_color=&#8221;electrolux-blue&#8221; text_align=&#8221;text-left&#8221;]Parasta tehokkuutta alhaisimmilla vesi-, viem\u00e4ri- ja s\u00e4hk\u00f6kustannuksilla[\/elx_heading][vc_column_text]<\/p>\n<p style=\"font-size: 20px;\">Kun on kyse pyykinpesusta <strong>yhteistiloissa<\/strong>, laatu tarkoittaa optimaalisia pesutuloksia, lyhyit\u00e4 pesuaikoja, alhaisia k\u00e4ytt\u00f6kuluja ja virheet\u00f6nt\u00e4 luotettavuutta. Siksi tarvitset kumppania, jolla on <strong>asiantuntemusta ja kokemusta<\/strong> \u2013 kumppania, joka tuntee pesulalaitteet.<\/p>\n<p>[\/vc_column_text][\/elx_hero_slider][vc_empty_space][\/vc_column][\/vc_row][vc_row][vc_column][vc_empty_space][elx_heading font_size=&#8221;h2&#8243; text_color=&#8221;inherit&#8221; text_align=&#8221;text-center&#8221;]R\u00e4\u00e4t\u00e4l\u00f6idyt ratkaisut[\/elx_heading][vc_empty_space][vc_column_text]<\/p>\n<p style=\"font-size: 22px; text-align: center;\">Olemme t\u00e4\u00e4ll\u00e4 auttamassa <strong>ja luomassa juuri tarpeisiisi parhaiten sopivan ratkaisun.<\/strong><br \/>\n<strong>Kokoonpanot eiv\u00e4t ole samanlaisia:<\/strong> peruskoon ja suorituskykyparametrien lis\u00e4ksi ratkaisut eroavat letkutyypin, tuuletuksen, virtal\u00e4hteiden ja muiden ominaisuuksien mukaan niin, ett\u00e4 ne sopivat vuokralaistesi tarpeisiin. Pesukoneet, kuivausrummut ja lis\u00e4varusteet \u2013 <strong>kaikki Electrolux Professional -ratkaisut on suunniteltu toimimaan yhdess\u00e4 ja tuottamaan optimaalisen suorituskyvyn.<\/strong>[\/vc_column_text][vc_empty_space][elx_single_banner title=&#8221;Line 6000 -pesukoneet ja -kuivausrummut&#8221; text=&#8221;&#8221; text_mobile=&#8221;&#8221; link=&#8221;url:https%3A%2F%2Ftools.electroluxprofessional.com%2FMirror%2FDoc%2FELS%2FBRO%2FElectrolux%2520Professional_Line%25206000-Washers%2520%26%2520Dryers%2520brochure-LR.pdf|title:Download%20brochure&#8221; background_image_media_library=&#8221;12340&#8243; background_image_media_library_mobile=&#8221;13492&#8243;][vc_empty_space][\/vc_column][\/vc_row][vc_row full_width=&#8221;electroluxpro-full-width&#8221;][vc_column][elx_hero_slider text_color=&#8221;electrolux-blue&#8221; label_text_color=&#8221;electrolux-blue&#8221; images=&#8221;13496&#8243;][elx_heading font_container=&#8221;h4&#8243; font_size=&#8221;h4&#8243; text_color=&#8221;electrolux-blue&#8221; text_align=&#8221;text-left&#8221;]Palveluksessasi[\/elx_heading][vc_column_text]<\/p>\n<p style=\"font-size: 20px;\">Meilt\u00e4 l\u00f6yd\u00e4t tarpeitasi vastaavat, innovatiivisimmat ratkaisut. Kokeneet pesula-asiantuntijamme simuloivat mit\u00e4 tahansa haluamaasi kokoonpanoa k\u00e4ytt\u00e4m\u00e4ll\u00e4 huippuluokan virtuaalitodellisuuden piirustusty\u00f6kaluja.<br \/>\n<strong>Konsultoiva myynti: olemme kumppaninne koko prosessin ajan.<\/strong>[\/vc_column_text][elx_button button_text=&#8221;Ota yhteytt\u00e4&#8221; button_link=&#8221;url:%23contact|||&#8221;][\/elx_hero_slider][vc_empty_space][\/vc_column][\/vc_row][vc_row css=&#8221;.vc_custom_1604014478182{background-color: #efefef !important;}&#8221;][vc_column][vc_empty_space][elx_heading text_color=&#8221;inherit&#8221; text_align=&#8221;text-center&#8221;]Useita k\u00e4yt\u00e4nn\u00f6llisi\u00e4 vaihtoehtoja[\/elx_heading][vc_empty_space][\/vc_column][\/vc_row][vc_row css=&#8221;.vc_custom_1604014467256{background-color: #efefef !important;}&#8221;][vc_column][vc_row_inner][vc_column_inner width=&#8221;1\/3&#8243;][vc_single_image image=&#8221;13497&#8243; img_size=&#8221;100px&#8221; alignment=&#8221;center&#8221;][elx_heading font_container=&#8221;h6&#8243; font_size=&#8221;h6&#8243; text_color=&#8221;electrolux-blue&#8221; text_align=&#8221;text-center&#8221;]Kolikoilla toimivat koneet[\/elx_heading][vc_column_text]<\/p>\n<p style=\"font-size: 16px; text-align: center;\">Rahakkeet tai kolikot, mekaaniset tai s\u00e4hk\u00f6mekaaniset<\/p>\n<p>[\/vc_column_text][vc_empty_space][\/vc_column_inner][vc_column_inner width=&#8221;1\/3&#8243;][vc_single_image image=&#8221;13498&#8243; img_size=&#8221;100px&#8221; alignment=&#8221;center&#8221;][elx_heading font_container=&#8221;h6&#8243; font_size=&#8221;h6&#8243; text_color=&#8221;electrolux-blue&#8221; text_align=&#8221;text-center&#8221;]Kortinlukijat[\/elx_heading][vc_column_text]<\/p>\n<p style=\"font-size: 16px; text-align: center;\">Ennalta maksettu, avainkortit<br \/>\nPankkikortit[\/vc_column_text][vc_empty_space][\/vc_column_inner][vc_column_inner width=&#8221;1\/3&#8243;][vc_single_image image=&#8221;13499&#8243; img_size=&#8221;80px&#8221; alignment=&#8221;center&#8221;][elx_heading font_container=&#8221;h6&#8243; font_size=&#8221;h6&#8243; text_color=&#8221;electrolux-blue&#8221; text_align=&#8221;text-center&#8221;]Sovellukset[\/elx_heading][vc_column_text]<\/p>\n<p style=\"font-size: 16px; text-align: center;\">Erillinen<br \/>\nKytket\u00e4\u00e4n olemassa oleviin maksuj\u00e4rjestelmiin[\/vc_column_text][vc_empty_space][\/vc_column_inner][\/vc_row_inner][vc_row_inner][vc_column_inner width=&#8221;1\/3&#8243;][vc_single_image image=&#8221;13500&#8243; img_size=&#8221;100px&#8221; alignment=&#8221;center&#8221;][elx_heading font_container=&#8221;h6&#8243; font_size=&#8221;h6&#8243; text_color=&#8221;electrolux-blue&#8221; text_align=&#8221;text-center&#8221;]\u00c4lykk\u00e4\u00e4t mittarit[\/elx_heading][vc_column_text]<\/p>\n<p style=\"font-size: 16px; text-align: center;\">Erillinen mekanismi virtal\u00e4hteen k\u00e4ynnist\u00e4miseen ja sammuttamiseen<\/p>\n<p>[\/vc_column_text][vc_empty_space][\/vc_column_inner][vc_column_inner width=&#8221;1\/3&#8243;][vc_single_image image=&#8221;13501&#8243; img_size=&#8221;100px&#8221; alignment=&#8221;center&#8221;][elx_heading font_container=&#8221;h6&#8243; font_size=&#8221;h6&#8243; text_color=&#8221;electrolux-blue&#8221; text_align=&#8221;text-center&#8221;]Keskitetyt maksu-<br \/>\nj\u00e4rjestelm\u00e4t[\/elx_heading][vc_column_text]<\/p>\n<p style=\"font-size: 16px; text-align: center;\">Yksitt\u00e4inen maksuasema valvomassa useita koneita<\/p>\n<p>[\/vc_column_text][vc_empty_space][\/vc_column_inner][vc_column_inner width=&#8221;1\/3&#8243;][vc_single_image image=&#8221;13502&#8243; img_size=&#8221;100px&#8221; alignment=&#8221;center&#8221;][elx_heading font_container=&#8221;h6&#8243; font_size=&#8221;h6&#8243; text_color=&#8221;electrolux-blue&#8221; text_align=&#8221;text-center&#8221;]Varausj\u00e4rjestelm\u00e4t<br \/>\nkuukausimaksulla[\/elx_heading][vc_column_text]<\/p>\n<p style=\"font-size: 16px; text-align: center;\">Yksi laite pyykinpesua kohtaan koneiden varaamiseksi henkil\u00f6kohtaisesti tai et\u00e4k\u00e4yt\u00f6ll\u00e4. Useita maksuj\u00e4rjestelmi\u00e4<\/p>\n<p>[\/vc_column_text][vc_empty_space][\/vc_column_inner][\/vc_row_inner][vc_empty_space height=&#8221;50px&#8221;][\/vc_column][\/vc_row][vc_row][vc_column][elx_heading text_color=&#8221;inherit&#8221; text_align=&#8221;text-center&#8221;]Mit\u00e4 pyykkikoneiden k\u00e4ytt\u00e4j\u00e4mme sanovat[\/elx_heading][\/vc_column][\/vc_row][vc_row][vc_column width=&#8221;1\/3&#8243;][elx_image_block background_image=&#8221;1286&#8243; vert_back_position=&#8221;top&#8221; minimum_height=&#8221;300px&#8221;][elx_heading font_container=&#8221;h4&#8243; text_color=&#8221;inherit&#8221;]Opiskelija-asunnot[\/elx_heading][vc_column_text]<\/p>\n<h4 class=\" h6 inherit inherit\"><strong>Diemen Zuid -kampus<\/strong><\/h4>\n<p style=\"font-size: 18px;\"><b>Alankomaat<\/b><\/p>\n<p style=\"font-size: 16px;\">Diemen Zuid -kampus tarvitsi nykyaikaisen vuokra-asuntotalon pesukoneet asukkailleen. Se valitsi Electrolux Professional Line 5000 -koneet yhdess\u00e4 pesukohtaisen maksuj\u00e4rjestelm\u00e4n kanssa tarjotakseen opiskelijoille huipputasoiset tilat ja luovat maksumenetelm\u00e4t.<\/p>\n<p>[\/vc_column_text][vc_empty_space][\/vc_column][vc_column width=&#8221;1\/3&#8243;][elx_image_block background_image=&#8221;1315&#8243; minimum_height=&#8221;300px&#8221;][elx_heading font_container=&#8221;h4&#8243; text_color=&#8221;inherit&#8221;]Kerrostalorakennukset[\/elx_heading][vc_column_text]<\/p>\n<h4 class=\" h6 inherit inherit\"><strong>Charlottenborg<\/strong><\/h4>\n<p style=\"font-size: 18px;\"><b>Ruotsi<\/b><\/p>\n<p style=\"font-size: 16px;\">Charlottenborg, 311 asunnon yhdistys on s\u00e4\u00e4st\u00e4nyt paljon rahaa v\u00e4hent\u00e4m\u00e4ll\u00e4 s\u00e4hk\u00f6n ja veden kulutustaan. \u201dOlemme s\u00e4\u00e4st\u00e4neet vuodessa 52 000 Ruotsin kruunua (noin 5 200 euroa) [almost $8,500] siirtym\u00e4ll\u00e4 uusiin energiatehokkaisiin pyykinpesu- ja kuivauskoneisiin.\u201d<br \/>\nRoland Bengtsson, HSB Sk\u00e5nen teknikko[\/vc_column_text][vc_empty_space][\/vc_column][vc_column width=&#8221;1\/3&#8243;][elx_image_block background_image=&#8221;1321&#8243; minimum_height=&#8221;300px&#8221;][elx_heading font_container=&#8221;h4&#8243; text_color=&#8221;inherit&#8221;]Opiskelija-asunnot[\/elx_heading][vc_column_text]<\/p>\n<h4 class=\" h6 inherit inherit\"><strong>Malm\u00f6 opiskelija-asuntola<\/strong><\/h4>\n<p style=\"font-size: 18px;\"><b>Ruotsi<\/b><\/p>\n<p style=\"font-size: 16px;\">Uusi tila on suuri menestys: siit\u00e4 on tullut luonnollinen tapaamispaikka, jossa opiskelijat kokoontuvat, nauttivat v\u00e4lipaloja ja opiskelevat odottaessaan pyykkej\u00e4\u00e4n.<br \/>\nSis\u00e4\u00e4n p\u00e4\u00e4st\u00e4kseen opiskelijat tarvitsevat ennalta ohjelmoidun avainkortin tai tagin, jota k\u00e4ytet\u00e4\u00e4n my\u00f6s pyykkiaikojen ja opiskelutilojen varaukseen; kaikki t\u00e4m\u00e4 hoidetaan Electrolux Professional Laundry Vision -j\u00e4rjestelm\u00e4ll\u00e4.[\/vc_column_text][vc_empty_space][\/vc_column][\/vc_row][vc_row css=&#8221;.vc_custom_1603316831487{background-color: #14133b !important;}&#8221; el_id=&#8221;contact&#8221;][vc_column][vc_empty_space][elx_heading font_container=&#8221;h3&#8243; text_color=&#8221;white&#8221; text_align=&#8221;text-center&#8221;]Tutustu tarkemmin. Ota yhteytt\u00e4 asiantuntijoihimme[\/elx_heading][elx_o2000_contact_us s=&#8221;Kysy tietoja kerrostalon pyykinpesusta&#8221; b=&#8221;laundry&#8221; text_color=&#8221;#FFFFFF&#8221; container=&#8221;elxcontactus1482242857&#8243; flag_background=&#8221;true&#8221; r=&#8221;Haluaisin saada lis\u00e4tietoja kerrostalojen pyykinpesuratkaisuista&#8221; l=&#8221;en&#8221;][\/vc_column][\/vc_row][vc_row][vc_column][vc_column_text][\/vc_column_text][\/vc_column][\/vc_row]<\/p>\n","protected":false},"excerpt":{"rendered":"<p>[vc_row full_width=&#8221;electroluxpro-full-width-no-padding&#8221; equal_height=&#8221;yes&#8221; css=&#8221;.vc_custom_1604054607517{margin-top: -30px !important;border-top-width: -30px !important;padding-top: -30px !important;}&#8221;][vc_column][elx_full_banner title=&#8221;Talopesulat&#8221; set_as_h1=&#8221;true&#8221; background_image_media_library=&#8221;13503&#8243; background_image_media_library_mobile=&#8221;13504&#8243;][\/vc_column][\/vc_row][vc_row][vc_column][vc_empty_space][elx_heading font_size=&#8221;h2&#8243; text_color=&#8221;inherit&#8221; text_align=&#8221;text-center&#8221;]Pienemmille rakennuksille, opiskelija-asuntoloille ja paikkoihin, joissa on rajoitetut toiminnalliset oleskelutilat[\/elx_heading][vc_empty_space][vc_column_text] Oletko taloyhti\u00f6n puheenjohtaja? Haluatko tehd\u00e4 pyykinpesun helpoksi asukkaille? Jos haet luotettavia, helppok\u00e4ytt\u00f6isi\u00e4, kest\u00e4vi\u00e4 koneita, jotka pesev\u00e4t ja kuivaavat hyvin&#8230;meill\u00e4 on sinulle ratkaisu! [\/vc_column_text][vc_empty_space][vc_row_inner][vc_column_inner width=&#8221;1\/2&#8243;][vc_column_text] Kerrostalorakennukset Asuntolat Yliopistot &amp; opistot [&hellip;]<\/p>\n","protected":false},"author":1,"featured_media":8410,"parent":3379,"menu_order":0,"comment_status":"closed","ping_status":"closed","template":"","meta":{"footnotes":""},"class_list":["post-13508","page","type-page","status-publish","has-post-thumbnail","hentry"],"yoast_head":"<!-- This site is optimized with the Yoast SEO plugin v23.3 - https:\/\/yoast.com\/wordpress\/plugins\/seo\/ -->\n<title>Talopesulat - Electrolux Professional Suomi<\/title>\n<meta name=\"description\" content=\"Haluatko tehd\u00e4 pyykinpesun helpoksi asukkaille? Jos etsit luotettavia ja helppok\u00e4ytt\u00f6isi\u00e4,koneita, meill\u00e4 on sinulle ratkaisu!\" \/>\n<meta name=\"robots\" content=\"index, follow, max-snippet:-1, max-image-preview:large, max-video-preview:-1\" \/>\n<link rel=\"canonical\" href=\"https:\/\/www.electroluxprofessional.com\/fi\/your-business\/talopesulat\/\" \/>\n<meta property=\"og:locale\" content=\"fi_FI\" \/>\n<meta property=\"og:type\" content=\"article\" \/>\n<meta property=\"og:title\" content=\"Talopesulat - Electrolux Professional Suomi\" \/>\n<meta property=\"og:description\" content=\"Haluatko tehd\u00e4 pyykinpesun helpoksi asukkaille? Jos etsit luotettavia ja helppok\u00e4ytt\u00f6isi\u00e4,koneita, meill\u00e4 on sinulle ratkaisu!\" \/>\n<meta property=\"og:url\" content=\"https:\/\/www.electroluxprofessional.com\/fi\/your-business\/talopesulat\/\" \/>\n<meta property=\"og:site_name\" content=\"Electrolux Professional Suomi\" \/>\n<meta property=\"article:modified_time\" content=\"2025-11-05T14:33:28+00:00\" \/>\n<meta property=\"og:image\" content=\"https:\/\/www.electroluxprofessional.com\/fi\/wp-content\/uploads\/2022\/05\/maylike-multihousing.jpg\" \/>\n\t<meta property=\"og:image:width\" content=\"700\" \/>\n\t<meta property=\"og:image:height\" content=\"700\" \/>\n\t<meta property=\"og:image:type\" content=\"image\/jpeg\" \/>\n<meta name=\"twitter:card\" content=\"summary_large_image\" \/>\n<meta name=\"twitter:label1\" content=\"Arvioitu lukuaika\" \/>\n\t<meta name=\"twitter:data1\" content=\"4 minuuttia\" \/>\n<script type=\"application\/ld+json\" class=\"yoast-schema-graph\">{\"@context\":\"https:\/\/schema.org\",\"@graph\":[{\"@type\":\"WebPage\",\"@id\":\"https:\/\/www.electroluxprofessional.com\/fi\/your-business\/talopesulat\/\",\"url\":\"https:\/\/www.electroluxprofessional.com\/fi\/your-business\/talopesulat\/\",\"name\":\"Talopesulat - Electrolux Professional Suomi\",\"isPartOf\":{\"@id\":\"https:\/\/www.electroluxprofessional.com\/fi\/#website\"},\"primaryImageOfPage\":{\"@id\":\"https:\/\/www.electroluxprofessional.com\/fi\/your-business\/talopesulat\/#primaryimage\"},\"image\":{\"@id\":\"https:\/\/www.electroluxprofessional.com\/fi\/your-business\/talopesulat\/#primaryimage\"},\"thumbnailUrl\":\"https:\/\/www.electroluxprofessional.com\/fi\/wp-content\/uploads\/2022\/05\/maylike-multihousing.jpg\",\"datePublished\":\"2024-11-12T16:31:36+00:00\",\"dateModified\":\"2025-11-05T14:33:28+00:00\",\"description\":\"Haluatko tehd\u00e4 pyykinpesun helpoksi asukkaille? Jos etsit luotettavia ja helppok\u00e4ytt\u00f6isi\u00e4,koneita, meill\u00e4 on sinulle ratkaisu!\",\"breadcrumb\":{\"@id\":\"https:\/\/www.electroluxprofessional.com\/fi\/your-business\/talopesulat\/#breadcrumb\"},\"inLanguage\":\"fi\",\"potentialAction\":[{\"@type\":\"ReadAction\",\"target\":[\"https:\/\/www.electroluxprofessional.com\/fi\/your-business\/talopesulat\/\"]}]},{\"@type\":\"ImageObject\",\"inLanguage\":\"fi\",\"@id\":\"https:\/\/www.electroluxprofessional.com\/fi\/your-business\/talopesulat\/#primaryimage\",\"url\":\"https:\/\/www.electroluxprofessional.com\/fi\/wp-content\/uploads\/2022\/05\/maylike-multihousing.jpg\",\"contentUrl\":\"https:\/\/www.electroluxprofessional.com\/fi\/wp-content\/uploads\/2022\/05\/maylike-multihousing.jpg\",\"width\":700,\"height\":700,\"caption\":\"maylike-multihousing\"},{\"@type\":\"BreadcrumbList\",\"@id\":\"https:\/\/www.electroluxprofessional.com\/fi\/your-business\/talopesulat\/#breadcrumb\",\"itemListElement\":[{\"@type\":\"ListItem\",\"position\":1,\"name\":\"Home\",\"item\":\"https:\/\/www.electroluxprofessional.com\/fi\/\"},{\"@type\":\"ListItem\",\"position\":2,\"name\":\"Your Business\",\"item\":\"https:\/\/www.electroluxprofessional.com\/fi\/your-business\/\"},{\"@type\":\"ListItem\",\"position\":3,\"name\":\"Talopesulat\"}]},{\"@type\":\"WebSite\",\"@id\":\"https:\/\/www.electroluxprofessional.com\/fi\/#website\",\"url\":\"https:\/\/www.electroluxprofessional.com\/fi\/\",\"name\":\"Electrolux Professional Suomi\",\"description\":\"\",\"potentialAction\":[{\"@type\":\"SearchAction\",\"target\":{\"@type\":\"EntryPoint\",\"urlTemplate\":\"https:\/\/www.electroluxprofessional.com\/fi\/?src={search_term_string}\"},\"query-input\":\"required name=search_term_string\"}],\"inLanguage\":\"fi\"}]}<\/script>\n<!-- \/ Yoast SEO plugin. -->","yoast_head_json":{"title":"Talopesulat - Electrolux Professional Suomi","description":"Haluatko tehd\u00e4 pyykinpesun helpoksi asukkaille? Jos etsit luotettavia ja helppok\u00e4ytt\u00f6isi\u00e4,koneita, meill\u00e4 on sinulle ratkaisu!","robots":{"index":"index","follow":"follow","max-snippet":"max-snippet:-1","max-image-preview":"max-image-preview:large","max-video-preview":"max-video-preview:-1"},"canonical":"https:\/\/www.electroluxprofessional.com\/fi\/your-business\/talopesulat\/","og_locale":"fi_FI","og_type":"article","og_title":"Talopesulat - Electrolux Professional Suomi","og_description":"Haluatko tehd\u00e4 pyykinpesun helpoksi asukkaille? Jos etsit luotettavia ja helppok\u00e4ytt\u00f6isi\u00e4,koneita, meill\u00e4 on sinulle ratkaisu!","og_url":"https:\/\/www.electroluxprofessional.com\/fi\/your-business\/talopesulat\/","og_site_name":"Electrolux Professional Suomi","article_modified_time":"2025-11-05T14:33:28+00:00","og_image":[{"width":700,"height":700,"url":"https:\/\/www.electroluxprofessional.com\/fi\/wp-content\/uploads\/2022\/05\/maylike-multihousing.jpg","type":"image\/jpeg"}],"twitter_card":"summary_large_image","twitter_misc":{"Arvioitu lukuaika":"4 minuuttia"},"schema":{"@context":"https:\/\/schema.org","@graph":[{"@type":"WebPage","@id":"https:\/\/www.electroluxprofessional.com\/fi\/your-business\/talopesulat\/","url":"https:\/\/www.electroluxprofessional.com\/fi\/your-business\/talopesulat\/","name":"Talopesulat - Electrolux Professional Suomi","isPartOf":{"@id":"https:\/\/www.electroluxprofessional.com\/fi\/#website"},"primaryImageOfPage":{"@id":"https:\/\/www.electroluxprofessional.com\/fi\/your-business\/talopesulat\/#primaryimage"},"image":{"@id":"https:\/\/www.electroluxprofessional.com\/fi\/your-business\/talopesulat\/#primaryimage"},"thumbnailUrl":"https:\/\/www.electroluxprofessional.com\/fi\/wp-content\/uploads\/2022\/05\/maylike-multihousing.jpg","datePublished":"2024-11-12T16:31:36+00:00","dateModified":"2025-11-05T14:33:28+00:00","description":"Haluatko tehd\u00e4 pyykinpesun helpoksi asukkaille? Jos etsit luotettavia ja helppok\u00e4ytt\u00f6isi\u00e4,koneita, meill\u00e4 on sinulle ratkaisu!","breadcrumb":{"@id":"https:\/\/www.electroluxprofessional.com\/fi\/your-business\/talopesulat\/#breadcrumb"},"inLanguage":"fi","potentialAction":[{"@type":"ReadAction","target":["https:\/\/www.electroluxprofessional.com\/fi\/your-business\/talopesulat\/"]}]},{"@type":"ImageObject","inLanguage":"fi","@id":"https:\/\/www.electroluxprofessional.com\/fi\/your-business\/talopesulat\/#primaryimage","url":"https:\/\/www.electroluxprofessional.com\/fi\/wp-content\/uploads\/2022\/05\/maylike-multihousing.jpg","contentUrl":"https:\/\/www.electroluxprofessional.com\/fi\/wp-content\/uploads\/2022\/05\/maylike-multihousing.jpg","width":700,"height":700,"caption":"maylike-multihousing"},{"@type":"BreadcrumbList","@id":"https:\/\/www.electroluxprofessional.com\/fi\/your-business\/talopesulat\/#breadcrumb","itemListElement":[{"@type":"ListItem","position":1,"name":"Home","item":"https:\/\/www.electroluxprofessional.com\/fi\/"},{"@type":"ListItem","position":2,"name":"Your Business","item":"https:\/\/www.electroluxprofessional.com\/fi\/your-business\/"},{"@type":"ListItem","position":3,"name":"Talopesulat"}]},{"@type":"WebSite","@id":"https:\/\/www.electroluxprofessional.com\/fi\/#website","url":"https:\/\/www.electroluxprofessional.com\/fi\/","name":"Electrolux Professional Suomi","description":"","potentialAction":[{"@type":"SearchAction","target":{"@type":"EntryPoint","urlTemplate":"https:\/\/www.electroluxprofessional.com\/fi\/?src={search_term_string}"},"query-input":"required name=search_term_string"}],"inLanguage":"fi"}]}},"_links":{"self":[{"href":"https:\/\/www.electroluxprofessional.com\/fi\/wp-json\/wp\/v2\/pages\/13508"}],"collection":[{"href":"https:\/\/www.electroluxprofessional.com\/fi\/wp-json\/wp\/v2\/pages"}],"about":[{"href":"https:\/\/www.electroluxprofessional.com\/fi\/wp-json\/wp\/v2\/types\/page"}],"author":[{"embeddable":true,"href":"https:\/\/www.electroluxprofessional.com\/fi\/wp-json\/wp\/v2\/users\/1"}],"replies":[{"embeddable":true,"href":"https:\/\/www.electroluxprofessional.com\/fi\/wp-json\/wp\/v2\/comments?post=13508"}],"version-history":[{"count":9,"href":"https:\/\/www.electroluxprofessional.com\/fi\/wp-json\/wp\/v2\/pages\/13508\/revisions"}],"predecessor-version":[{"id":15663,"href":"https:\/\/www.electroluxprofessional.com\/fi\/wp-json\/wp\/v2\/pages\/13508\/revisions\/15663"}],"up":[{"embeddable":true,"href":"https:\/\/www.electroluxprofessional.com\/fi\/wp-json\/wp\/v2\/pages\/3379"}],"wp:featuredmedia":[{"embeddable":true,"href":"https:\/\/www.electroluxprofessional.com\/fi\/wp-json\/wp\/v2\/media\/8410"}],"wp:attachment":[{"href":"https:\/\/www.electroluxprofessional.com\/fi\/wp-json\/wp\/v2\/media?parent=13508"}],"curies":[{"name":"wp","href":"https:\/\/api.w.org\/{rel}","templated":true}]}}