{"id":13494,"date":"2024-11-12T16:23:42","date_gmt":"2024-11-12T16:23:42","guid":{"rendered":"https:\/\/www.electroluxprofessional.com\/fi\/?page_id=13494"},"modified":"2025-11-05T14:32:25","modified_gmt":"2025-11-05T14:32:25","slug":"raskaan-kayton-pesulat","status":"publish","type":"page","link":"https:\/\/www.electroluxprofessional.com\/fi\/your-business\/raskaan-kayton-pesulat\/","title":{"rendered":"Raskaan k\u00e4yt\u00f6n pesulat"},"content":{"rendered":"<p>[vc_row full_width=&#8221;electroluxpro-full-width-no-padding&#8221; equal_height=&#8221;yes&#8221;][vc_column reveal_effect=&#8221;&#8221;][elx_full_banner title=&#8221;Raskaan k\u00e4yt\u00f6n pesulat&#8221; set_as_h1=&#8221;true&#8221; background_image_media_library=&#8221;13493&#8243; background_image_media_library_mobile=&#8221;13492&#8243;][\/vc_column][\/vc_row][vc_row][vc_column][vc_column_text]<\/p>\n<h1 style=\"text-align: left;\">Pyykinpesuprosessin korkea suorituskyky, suurempi tuottavuus, alemmat k\u00e4ytt\u00f6kustannukset ja maksimin\u00e4kyvyys.<\/h1>\n<p>[\/vc_column_text][vc_empty_space][elx_heading text_color=&#8221;inherit&#8221;]Ratkaisumme tuottavat merkitt\u00e4vi\u00e4 ajan ja rahan s\u00e4\u00e4st\u00f6j\u00e4[\/elx_heading][vc_column_text css_animation=&#8221;none&#8221;]<\/p>\n<ul>\n<li>Optimoitu veden, energian ja pesuaineen kulutus<br \/>\n\u00e4lykk\u00e4\u00e4n teknologian ansiosta<\/li>\n<li>Nopeammat ohjelmat<\/li>\n<li>Nopeammat ja edullisemmat kuivausprosessit alimman mahdollisen vedenpid\u00e4tyksen ansiosta<\/li>\n<li>Markkinoiden paras silityssuorituskyky<\/li>\n<li>Laaja joukko silitysratkaisuja \u2013 jopa t\u00e4ydellisi\u00e4 silityslinjoja, jotka sis\u00e4lt\u00e4v\u00e4t sy\u00f6tt\u00f6- ja taittolaitteistot<\/li>\n<li>Suurempi huoltojoustavuus \u2013<br \/>\nasiantuntijat, koulutus ja maailman laajin huoltoverkosto<\/li>\n<\/ul>\n<p>[\/vc_column_text][vc_empty_space][\/vc_column][\/vc_row][vc_row equal_height=&#8221;yes&#8221;][vc_column width=&#8221;1\/2&#8243;][elx_image_block background_image=&#8221;710&#8243; minimum_height=&#8221;600px&#8221;][\/vc_column][vc_column width=&#8221;1\/2&#8243;][elx_simple_block background_color=&#8221;inherit&#8221;][elx_heading text_color=&#8221;inherit&#8221;]HIA Commercial -yrityksen pyykinpesu[\/elx_heading][vc_column_text]<\/p>\n<h3><em>&#8220;Electrolux Professional on auttanut meit\u00e4 nostamaan tehokkuuttamme&#8221;.<\/em><\/h3>\n<p><strong><br \/>\nEva-Maj Axelsson, Laundry Manager HIA <\/strong><br \/>\n<strong> Eksj\u00f6, Ruotsi<\/strong>[\/vc_column_text][\/elx_simple_block][\/vc_column][\/vc_row][vc_row][vc_column][vc_empty_space][elx_heading text_color=&#8221;inherit&#8221; text_align=&#8221;text-center&#8221;]Konfiguroitu tarpeisiinne.<br \/>\nValitse ratkaisupaketti.<\/p>\n<p>[\/elx_heading][\/vc_column][\/vc_row][vc_row equal_height=&#8221;yes&#8221;][vc_column width=&#8221;1\/2&#8243;][elx_image_block background_image=&#8221;711&#8243; minimum_height=&#8221;350px&#8221;][\/vc_column][vc_column width=&#8221;1\/2&#8243;][elx_simple_block background_color=&#8221;inherit&#8221;][elx_heading text_color=&#8221;inherit&#8221;]K\u00e4ytt\u00f6ratkaisu[\/elx_heading][vc_column_text]<\/p>\n<ul>\n<li>Eritt\u00e4in alhainen veden ja energian kulutus ja jopa <strong>50 % vedens\u00e4\u00e4st\u00f6 puolikuormituksella<\/strong><\/li>\n<li><strong>30 % lyhempi<\/strong> kuivausaika<\/li>\n<li>Erityiset hoito-ominaisuudet tasaisille ja sileille liinavaatteille sek\u00e4 <strong>silityshihnoille<\/strong>, jotka on suunniteltu pitk\u00e4aikaiseen k\u00e4ytt\u00f6\u00f6n korkeilla l\u00e4mp\u00f6tiloilla<\/li>\n<\/ul>\n<p>[\/vc_column_text][vc_column_text]2 x edest\u00e4 t\u00e4ytett\u00e4v\u00e4\u00e4 pesukonetta (33 kg)<br \/>\n1 x kuivausrumpu (30,5 kg)<br \/>\n1 x sylinterityyppinen silitt\u00e4j\u00e4 (2065 mm)[\/vc_column_text][\/elx_simple_block][\/vc_column][\/vc_row][vc_row equal_height=&#8221;yes&#8221; css=&#8221;.vc_custom_1465207502266{padding-top: 30px !important;}&#8221;][vc_column width=&#8221;1\/2&#8243;][elx_image_block background_image=&#8221;709&#8243; minimum_height=&#8221;350px&#8221;][\/vc_column][vc_column width=&#8221;1\/2&#8243;][elx_simple_block background_color=&#8221;inherit&#8221;][elx_heading text_color=&#8221;inherit&#8221;]Edistynyt ratkaisu[\/elx_heading][vc_column_text]<\/p>\n<ul>\n<li><strong>Loistava pesu<\/strong>,\u00a0loistava hoito, jotka ovat tulosta integroidusta s\u00e4\u00e4st\u00f6j\u00e4rjestelm\u00e4st\u00e4 <strong>pesukoneen t\u00e4ytt\u00e4miseksi optimaalisesti<\/strong><\/li>\n<li>Kuivausprosessi jopa<strong> 10 % nopeampi ja 15 % energiatehokkaampi<\/strong><\/li>\n<li>Suora silitt\u00e4j\u00e4, jossa k\u00e4yt\u00f6ss\u00e4 edistynyt kosteudenhallinnan ratkaisu<\/li>\n<\/ul>\n<p>[\/vc_column_text][vc_column_text]3 x edest\u00e4 t\u00e4ytett\u00e4v\u00e4\u00e4 pesukonetta (45 kg)<br \/>\n1 x kuivausrumpu (45 kg)<br \/>\n1 x sylinterityyppinen silitt\u00e4j\u00e4 sy\u00f6tt\u00f6laitteella, taittajalla ja pinoajalla (3170 mm)[\/vc_column_text][\/elx_simple_block][\/vc_column][\/vc_row][vc_row equal_height=&#8221;yes&#8221; css=&#8221;.vc_custom_1465208851809{padding-top: 30px !important;}&#8221;][vc_column width=&#8221;1\/2&#8243;][elx_image_block background_image=&#8221;713&#8243; minimum_height=&#8221;350px&#8221;][\/vc_column][vc_column width=&#8221;1\/2&#8243;][elx_simple_block background_color=&#8221;inherit&#8221;][elx_heading text_color=&#8221;inherit&#8221;]Ylivoimainen ratkaisu[\/elx_heading][vc_column_text]<\/p>\n<ul>\n<li><strong>Loistava pesu<\/strong>, joka on tulosta integroidusta s\u00e4\u00e4st\u00f6j\u00e4rjestelm\u00e4st\u00e4 <strong>pesukoneen t\u00e4ytt\u00e4miseksi optimaalisesti<\/strong> sek\u00e4 veden ja <strong>pesuaineen annostelemiseksi<\/strong><\/li>\n<li>Paras suorituskyky ja korkea tuottavuus: jopa <strong>10 % nopeampi<\/strong> ja <strong>15 % energiatehokkaampi<\/strong><\/li>\n<li>Laatikkotyyppinen<strong> teollisuussilitt\u00e4j\u00e4<\/strong> superjoustavalla mobiililaatikolla ja kiinte\u00e4ll\u00e4 rullalla, mik\u00e4 mahdollistaa<strong> jatkuvan paineen ja maksimisilityspinnan<\/strong> ja parhaan silityslaadun<\/li>\n<\/ul>\n<p>[\/vc_column_text][vc_column_text]3 x edest\u00e4 t\u00e4ytett\u00e4v\u00e4\u00e4 pesukonetta (120 kg)<br \/>\n2 x edest\u00e4 t\u00e4ytett\u00e4v\u00e4\u00e4 pesukonetta (65 kg)<br \/>\n1 x edest\u00e4 t\u00e4ytett\u00e4v\u00e4 pesukone (20 kg)<br \/>\n4 x kuivausrumpua (60 kg)<br \/>\n1 x kuivausrumpu (20 kg)<br \/>\n1 x C-Flex-silitt\u00e4j\u00e4[\/vc_column_text][\/elx_simple_block][\/vc_column][\/vc_row][vc_row][vc_column][vc_empty_space][\/vc_column][\/vc_row][vc_row el_id=&#8221;contactus&#8221;][vc_column][vc_empty_space][elx_heading text_color=&#8221;inherit&#8221;]Ota yhteytt\u00e4 asiantuntijatiimiimme ja ota selv\u00e4\u00e4, miten Electrolux Professional voi auttaa yrityst\u00e4nne.[\/elx_heading][elx_o2000_contact_us s=&#8221;Pyyd\u00e4 lis\u00e4tietoja: ammattipesularatkaisut&#8221; container=&#8221;elxcontactus1466427204&#8243; r=&#8221;Haluan saada yhteyden asiantuntijoihinne ja l\u00f6yt\u00e4\u00e4 sopivan ratkaisun tarpeisiimme.&#8221;][\/vc_column][\/vc_row][vc_row][vc_column][vc_empty_space][\/vc_column][\/vc_row]<\/p>\n","protected":false},"excerpt":{"rendered":"<p>[vc_row full_width=&#8221;electroluxpro-full-width-no-padding&#8221; equal_height=&#8221;yes&#8221;][vc_column reveal_effect=&#8221;&#8221;][elx_full_banner title=&#8221;Raskaan k\u00e4yt\u00f6n pesulat&#8221; set_as_h1=&#8221;true&#8221; background_image_media_library=&#8221;13493&#8243; background_image_media_library_mobile=&#8221;13492&#8243;][\/vc_column][\/vc_row][vc_row][vc_column][vc_column_text] Pyykinpesuprosessin korkea suorituskyky, suurempi tuottavuus, alemmat k\u00e4ytt\u00f6kustannukset ja maksimin\u00e4kyvyys. [\/vc_column_text][vc_empty_space][elx_heading text_color=&#8221;inherit&#8221;]Ratkaisumme tuottavat merkitt\u00e4vi\u00e4 ajan ja rahan s\u00e4\u00e4st\u00f6j\u00e4[\/elx_heading][vc_column_text css_animation=&#8221;none&#8221;] Optimoitu veden, energian ja pesuaineen kulutus \u00e4lykk\u00e4\u00e4n teknologian ansiosta Nopeammat ohjelmat Nopeammat ja edullisemmat kuivausprosessit alimman mahdollisen vedenpid\u00e4tyksen ansiosta Markkinoiden paras silityssuorituskyky Laaja joukko silitysratkaisuja \u2013 jopa [&hellip;]<\/p>\n","protected":false},"author":1,"featured_media":13492,"parent":3379,"menu_order":0,"comment_status":"closed","ping_status":"closed","template":"","meta":{"footnotes":""},"class_list":["post-13494","page","type-page","status-publish","has-post-thumbnail","hentry"],"yoast_head":"<!-- This site is optimized with the Yoast SEO plugin v23.3 - https:\/\/yoast.com\/wordpress\/plugins\/seo\/ -->\n<title>Raskaan k\u00e4yt\u00f6n pesulat - Electrolux Professional Suomi<\/title>\n<meta name=\"description\" content=\"Korkeampi suorituskyky, suurempi tuottavuus, alemmat k\u00e4ytt\u00f6kustannukset. Ratkaisumme tuottavat merkitt\u00e4vi\u00e4 ajan ja rahan s\u00e4\u00e4st\u00f6j\u00e4.\" \/>\n<meta name=\"robots\" content=\"index, follow, max-snippet:-1, max-image-preview:large, max-video-preview:-1\" \/>\n<link rel=\"canonical\" href=\"https:\/\/www.electroluxprofessional.com\/fi\/your-business\/raskaan-kayton-pesulat\/\" \/>\n<meta property=\"og:locale\" content=\"fi_FI\" \/>\n<meta property=\"og:type\" content=\"article\" \/>\n<meta property=\"og:title\" content=\"Raskaan k\u00e4yt\u00f6n pesulat - Electrolux Professional Suomi\" \/>\n<meta property=\"og:description\" content=\"Korkeampi suorituskyky, suurempi tuottavuus, alemmat k\u00e4ytt\u00f6kustannukset. Ratkaisumme tuottavat merkitt\u00e4vi\u00e4 ajan ja rahan s\u00e4\u00e4st\u00f6j\u00e4.\" \/>\n<meta property=\"og:url\" content=\"https:\/\/www.electroluxprofessional.com\/fi\/your-business\/raskaan-kayton-pesulat\/\" \/>\n<meta property=\"og:site_name\" content=\"Electrolux Professional Suomi\" \/>\n<meta property=\"article:modified_time\" content=\"2025-11-05T14:32:25+00:00\" \/>\n<meta property=\"og:image\" content=\"https:\/\/www.electroluxprofessional.com\/fi\/wp-content\/uploads\/2024\/11\/Full-Banner-11251583.jpg\" \/>\n\t<meta property=\"og:image:width\" content=\"1125\" \/>\n\t<meta property=\"og:image:height\" content=\"1583\" \/>\n\t<meta property=\"og:image:type\" content=\"image\/jpeg\" \/>\n<meta name=\"twitter:card\" content=\"summary_large_image\" \/>\n<meta name=\"twitter:label1\" content=\"Arvioitu lukuaika\" \/>\n\t<meta name=\"twitter:data1\" content=\"4 minuuttia\" \/>\n<script type=\"application\/ld+json\" class=\"yoast-schema-graph\">{\"@context\":\"https:\/\/schema.org\",\"@graph\":[{\"@type\":\"WebPage\",\"@id\":\"https:\/\/www.electroluxprofessional.com\/fi\/your-business\/raskaan-kayton-pesulat\/\",\"url\":\"https:\/\/www.electroluxprofessional.com\/fi\/your-business\/raskaan-kayton-pesulat\/\",\"name\":\"Raskaan k\u00e4yt\u00f6n pesulat - Electrolux Professional Suomi\",\"isPartOf\":{\"@id\":\"https:\/\/www.electroluxprofessional.com\/fi\/#website\"},\"primaryImageOfPage\":{\"@id\":\"https:\/\/www.electroluxprofessional.com\/fi\/your-business\/raskaan-kayton-pesulat\/#primaryimage\"},\"image\":{\"@id\":\"https:\/\/www.electroluxprofessional.com\/fi\/your-business\/raskaan-kayton-pesulat\/#primaryimage\"},\"thumbnailUrl\":\"https:\/\/www.electroluxprofessional.com\/fi\/wp-content\/uploads\/2024\/11\/Full-Banner-11251583.jpg\",\"datePublished\":\"2024-11-12T16:23:42+00:00\",\"dateModified\":\"2025-11-05T14:32:25+00:00\",\"description\":\"Korkeampi suorituskyky, suurempi tuottavuus, alemmat k\u00e4ytt\u00f6kustannukset. Ratkaisumme tuottavat merkitt\u00e4vi\u00e4 ajan ja rahan s\u00e4\u00e4st\u00f6j\u00e4.\",\"breadcrumb\":{\"@id\":\"https:\/\/www.electroluxprofessional.com\/fi\/your-business\/raskaan-kayton-pesulat\/#breadcrumb\"},\"inLanguage\":\"fi\",\"potentialAction\":[{\"@type\":\"ReadAction\",\"target\":[\"https:\/\/www.electroluxprofessional.com\/fi\/your-business\/raskaan-kayton-pesulat\/\"]}]},{\"@type\":\"ImageObject\",\"inLanguage\":\"fi\",\"@id\":\"https:\/\/www.electroluxprofessional.com\/fi\/your-business\/raskaan-kayton-pesulat\/#primaryimage\",\"url\":\"https:\/\/www.electroluxprofessional.com\/fi\/wp-content\/uploads\/2024\/11\/Full-Banner-11251583.jpg\",\"contentUrl\":\"https:\/\/www.electroluxprofessional.com\/fi\/wp-content\/uploads\/2024\/11\/Full-Banner-11251583.jpg\",\"width\":1125,\"height\":1583},{\"@type\":\"BreadcrumbList\",\"@id\":\"https:\/\/www.electroluxprofessional.com\/fi\/your-business\/raskaan-kayton-pesulat\/#breadcrumb\",\"itemListElement\":[{\"@type\":\"ListItem\",\"position\":1,\"name\":\"Home\",\"item\":\"https:\/\/www.electroluxprofessional.com\/fi\/\"},{\"@type\":\"ListItem\",\"position\":2,\"name\":\"Your Business\",\"item\":\"https:\/\/www.electroluxprofessional.com\/fi\/your-business\/\"},{\"@type\":\"ListItem\",\"position\":3,\"name\":\"Raskaan k\u00e4yt\u00f6n pesulat\"}]},{\"@type\":\"WebSite\",\"@id\":\"https:\/\/www.electroluxprofessional.com\/fi\/#website\",\"url\":\"https:\/\/www.electroluxprofessional.com\/fi\/\",\"name\":\"Electrolux Professional Suomi\",\"description\":\"\",\"potentialAction\":[{\"@type\":\"SearchAction\",\"target\":{\"@type\":\"EntryPoint\",\"urlTemplate\":\"https:\/\/www.electroluxprofessional.com\/fi\/?src={search_term_string}\"},\"query-input\":\"required name=search_term_string\"}],\"inLanguage\":\"fi\"}]}<\/script>\n<!-- \/ Yoast SEO plugin. -->","yoast_head_json":{"title":"Raskaan k\u00e4yt\u00f6n pesulat - Electrolux Professional Suomi","description":"Korkeampi suorituskyky, suurempi tuottavuus, alemmat k\u00e4ytt\u00f6kustannukset. Ratkaisumme tuottavat merkitt\u00e4vi\u00e4 ajan ja rahan s\u00e4\u00e4st\u00f6j\u00e4.","robots":{"index":"index","follow":"follow","max-snippet":"max-snippet:-1","max-image-preview":"max-image-preview:large","max-video-preview":"max-video-preview:-1"},"canonical":"https:\/\/www.electroluxprofessional.com\/fi\/your-business\/raskaan-kayton-pesulat\/","og_locale":"fi_FI","og_type":"article","og_title":"Raskaan k\u00e4yt\u00f6n pesulat - Electrolux Professional Suomi","og_description":"Korkeampi suorituskyky, suurempi tuottavuus, alemmat k\u00e4ytt\u00f6kustannukset. Ratkaisumme tuottavat merkitt\u00e4vi\u00e4 ajan ja rahan s\u00e4\u00e4st\u00f6j\u00e4.","og_url":"https:\/\/www.electroluxprofessional.com\/fi\/your-business\/raskaan-kayton-pesulat\/","og_site_name":"Electrolux Professional Suomi","article_modified_time":"2025-11-05T14:32:25+00:00","og_image":[{"width":1125,"height":1583,"url":"https:\/\/www.electroluxprofessional.com\/fi\/wp-content\/uploads\/2024\/11\/Full-Banner-11251583.jpg","type":"image\/jpeg"}],"twitter_card":"summary_large_image","twitter_misc":{"Arvioitu lukuaika":"4 minuuttia"},"schema":{"@context":"https:\/\/schema.org","@graph":[{"@type":"WebPage","@id":"https:\/\/www.electroluxprofessional.com\/fi\/your-business\/raskaan-kayton-pesulat\/","url":"https:\/\/www.electroluxprofessional.com\/fi\/your-business\/raskaan-kayton-pesulat\/","name":"Raskaan k\u00e4yt\u00f6n pesulat - Electrolux Professional Suomi","isPartOf":{"@id":"https:\/\/www.electroluxprofessional.com\/fi\/#website"},"primaryImageOfPage":{"@id":"https:\/\/www.electroluxprofessional.com\/fi\/your-business\/raskaan-kayton-pesulat\/#primaryimage"},"image":{"@id":"https:\/\/www.electroluxprofessional.com\/fi\/your-business\/raskaan-kayton-pesulat\/#primaryimage"},"thumbnailUrl":"https:\/\/www.electroluxprofessional.com\/fi\/wp-content\/uploads\/2024\/11\/Full-Banner-11251583.jpg","datePublished":"2024-11-12T16:23:42+00:00","dateModified":"2025-11-05T14:32:25+00:00","description":"Korkeampi suorituskyky, suurempi tuottavuus, alemmat k\u00e4ytt\u00f6kustannukset. Ratkaisumme tuottavat merkitt\u00e4vi\u00e4 ajan ja rahan s\u00e4\u00e4st\u00f6j\u00e4.","breadcrumb":{"@id":"https:\/\/www.electroluxprofessional.com\/fi\/your-business\/raskaan-kayton-pesulat\/#breadcrumb"},"inLanguage":"fi","potentialAction":[{"@type":"ReadAction","target":["https:\/\/www.electroluxprofessional.com\/fi\/your-business\/raskaan-kayton-pesulat\/"]}]},{"@type":"ImageObject","inLanguage":"fi","@id":"https:\/\/www.electroluxprofessional.com\/fi\/your-business\/raskaan-kayton-pesulat\/#primaryimage","url":"https:\/\/www.electroluxprofessional.com\/fi\/wp-content\/uploads\/2024\/11\/Full-Banner-11251583.jpg","contentUrl":"https:\/\/www.electroluxprofessional.com\/fi\/wp-content\/uploads\/2024\/11\/Full-Banner-11251583.jpg","width":1125,"height":1583},{"@type":"BreadcrumbList","@id":"https:\/\/www.electroluxprofessional.com\/fi\/your-business\/raskaan-kayton-pesulat\/#breadcrumb","itemListElement":[{"@type":"ListItem","position":1,"name":"Home","item":"https:\/\/www.electroluxprofessional.com\/fi\/"},{"@type":"ListItem","position":2,"name":"Your Business","item":"https:\/\/www.electroluxprofessional.com\/fi\/your-business\/"},{"@type":"ListItem","position":3,"name":"Raskaan k\u00e4yt\u00f6n pesulat"}]},{"@type":"WebSite","@id":"https:\/\/www.electroluxprofessional.com\/fi\/#website","url":"https:\/\/www.electroluxprofessional.com\/fi\/","name":"Electrolux Professional Suomi","description":"","potentialAction":[{"@type":"SearchAction","target":{"@type":"EntryPoint","urlTemplate":"https:\/\/www.electroluxprofessional.com\/fi\/?src={search_term_string}"},"query-input":"required name=search_term_string"}],"inLanguage":"fi"}]}},"_links":{"self":[{"href":"https:\/\/www.electroluxprofessional.com\/fi\/wp-json\/wp\/v2\/pages\/13494"}],"collection":[{"href":"https:\/\/www.electroluxprofessional.com\/fi\/wp-json\/wp\/v2\/pages"}],"about":[{"href":"https:\/\/www.electroluxprofessional.com\/fi\/wp-json\/wp\/v2\/types\/page"}],"author":[{"embeddable":true,"href":"https:\/\/www.electroluxprofessional.com\/fi\/wp-json\/wp\/v2\/users\/1"}],"replies":[{"embeddable":true,"href":"https:\/\/www.electroluxprofessional.com\/fi\/wp-json\/wp\/v2\/comments?post=13494"}],"version-history":[{"count":3,"href":"https:\/\/www.electroluxprofessional.com\/fi\/wp-json\/wp\/v2\/pages\/13494\/revisions"}],"predecessor-version":[{"id":15660,"href":"https:\/\/www.electroluxprofessional.com\/fi\/wp-json\/wp\/v2\/pages\/13494\/revisions\/15660"}],"up":[{"embeddable":true,"href":"https:\/\/www.electroluxprofessional.com\/fi\/wp-json\/wp\/v2\/pages\/3379"}],"wp:featuredmedia":[{"embeddable":true,"href":"https:\/\/www.electroluxprofessional.com\/fi\/wp-json\/wp\/v2\/media\/13492"}],"wp:attachment":[{"href":"https:\/\/www.electroluxprofessional.com\/fi\/wp-json\/wp\/v2\/media?parent=13494"}],"curies":[{"name":"wp","href":"https:\/\/api.w.org\/{rel}","templated":true}]}}