{"id":13411,"date":"2024-10-30T19:02:43","date_gmt":"2024-10-30T19:02:43","guid":{"rendered":"https:\/\/www.electroluxprofessional.com\/fi\/?page_id=13411"},"modified":"2025-06-13T11:18:51","modified_gmt":"2025-06-13T11:18:51","slug":"zero-waste","status":"publish","type":"page","link":"https:\/\/www.electroluxprofessional.com\/fi\/ammattikeittiolaitteet\/zero-waste\/","title":{"rendered":"Zero Waste"},"content":{"rendered":"<p>[vc_row full_width=&#8221;electroluxpro-full-width-no-padding&#8221;][vc_column][elx_image_block background_image=&#8221;13397&#8243; minimum_height=&#8221;400px&#8221;][vc_empty_space][\/vc_column][\/vc_row][vc_row][vc_column][elx_text_image tag_title=&#8221;h1&#8243; class_title=&#8221;h1&#8243; style_image=&#8221;image_vertical&#8221; bg_row=&#8221;bg-download-white&#8221; lists=&#8221;%5B%7B%7D%5D&#8221; values=&#8221;%5B%7B%7D%5D&#8221; single_image=&#8221;15140&#8243;]<\/p>\n<h1><strong>Zero Waste: h\u00e4vikist\u00e4 ruoaksi<\/strong><\/h1>\n<p>Ammattikeitti\u00f6iss\u00e4 k\u00e4sitell\u00e4\u00e4n p\u00e4ivitt\u00e4in suuria m\u00e4\u00e4ri\u00e4 ruoka-aineita, jotka heitet\u00e4\u00e4n usein pois heti, kun niiden viimeinen k\u00e4ytt\u00f6p\u00e4iv\u00e4 on kulunut.<\/p>\n<p>Me Electrolux Professionalilla haastoimme itse\u00e4mme miettim\u00e4ll\u00e4 miten voisimme vaikuttaa asiaan &#8211; ja auttaa pienent\u00e4m\u00e4\u00e4n ruokaj\u00e4tteen m\u00e4\u00e4r\u00e4\u00e4. N\u00e4imme ongelman mahdollisuutena innovoida ja l\u00f6yt\u00e4\u00e4 uusia tapoja k\u00e4ytt\u00e4\u00e4 ruoka-aineita, jotka ovat edelleen t\u00e4ysin k\u00e4ytt\u00f6kelpoisia.<\/p>\n<p>T\u00e4m\u00e4 johti <strong>Zero Waste -ohjelman<\/strong> luomiseen, joka osoittaa, kuinka alkeellisimmat ja edullisimmatkin <strong>ainekset, joista usein tulee ruok\u00e4h\u00e4vikki\u00e4, voidaan muuttaa houkutteleviksi makuel\u00e4myksiksi.<\/strong><\/p>\n<p>Vaikutetaan yhdess\u00e4! Vaihda Zero Wasteen ja muuta tapaa, jolla yrityksesi k\u00e4sittelee ruokaa.[\/elx_text_image][elx_o2000_contact_us b=&#8221;food&#8221; button_mode=&#8221;true&#8221; button_style=&#8221;secondary-bordered&#8221; postion_button=&#8221;text-left&#8221; postion_button_mobile=&#8221;text-left-mobile&#8221; text_btn_contact=&#8221;KYSY MEILT\u00c4 LIS\u00c4\u00c4&#8221;][\/vc_column][\/vc_row][vc_row][vc_column][vc_empty_space height=&#8221;60px&#8221;][elx_multiple_columns number_columns=&#8221;3&#8243; bg_row=&#8221;bg-download-white&#8221; values=&#8221;%5B%7B%22image_section%22%3A%2213407%22%2C%22title_section%22%3A%22Ainesosien%20valinta%22%2C%22text_section%22%3A%22Ennen%20kuin%20h%C3%A4vit%C3%A4t%20ruoka-aineita%2C%20tunnista%20ainekset%2C%20jotka%20ovat%20edelleen%20k%C3%A4ytt%C3%B6kelpoisia%2C%20mutta%20joita%20ei%20voida%20en%C3%A4%C3%A4%20tarjota%20sellaisenaan.%22%2C%22button_style%22%3A%22secondary%22%7D%2C%7B%22image_section%22%3A%2213408%22%2C%22title_section%22%3A%22Reseptin%20haku%22%2C%22text_section%22%3A%22Kun%20Zero%20Waste%20-ohjelma%20on%20integroitu%20SkyLine%20Cook%26Chill%20-ratkaisuun%2C%20l%C3%B6yd%C3%A4t%20reseptit%20suoraan%20SkyLine%20yhdistelm%C3%A4uunin%20ohjauspaneelista.%22%2C%22button_style%22%3A%22secondary%22%7D%2C%7B%22image_section%22%3A%2213409%22%2C%22title_section%22%3A%22Valmistus%22%2C%22text_section%22%3A%22Zero%20Waste%20asettaa%20automaattisesti%20optimaalisen%20l%C3%A4mp%C3%B6tilan%20ja%20valmistusajan%20valitsemallesi%20reseptille.%22%2C%22button_style%22%3A%22secondary%22%7D%2C%7B%22image_section%22%3A%2213410%22%2C%22title_section%22%3A%22Tarjoilu%22%2C%22text_section%22%3A%22Tarjoile%20Zero%20Waste%20-ohjelmalla%20kierr%C3%A4tetyist%C3%A4%20raaka-aineista%20valmistamiasi%20ruokia.%20%22%2C%22button_style%22%3A%22secondary%22%7D%5D&#8221; title=&#8221;Zero Waste &#8211; mist\u00e4 on kyse?&#8221;]Zero Waste auttaa\u00a0 saavuttamaan <strong>rahallisia s\u00e4\u00e4st\u00f6j\u00e4, pienent\u00e4m\u00e4\u00e4n ruokaj\u00e4tteen m\u00e4\u00e4r\u00e4\u00e4 ja samalla v\u00e4hent\u00e4m\u00e4\u00e4n ymp\u00e4rist\u00f6vaikutuksia.<\/strong>[\/elx_multiple_columns][vc_empty_space][\/vc_column][\/vc_row][vc_row][vc_column][vc_tta_tabs active_section=&#8221;1&#8243; title=&#8221;Tutustu Zero Waste -resepteihimme&#8221;][vc_tta_section title=&#8221;Banaani-karpaloleip\u00e4&#8221; tab_id=&#8221;1727106018841-6e4418a2-d711&#8243;][vc_empty_space height=&#8221;50px&#8221;][elx_text_image style_image=&#8221;image_square&#8221; button_style=&#8221;secondary-bordered&#8221; bg_row=&#8221;bg-download-white&#8221; lists=&#8221;%5B%7B%7D%5D&#8221; single_image=&#8221;13399&#8243; values=&#8221;%5B%7B%7D%5D&#8221; link=&#8221;url:https%3A%2F%2Fwww.electroluxprofessional.com%2Frecipes%2Fzero-waste-banana-cranberry-bread%2F|title:Avaa%20resepti|target:_blank&#8221;]<\/p>\n<h2>Banaani-karpaloleip\u00e4<\/h2>\n<p>[\/elx_text_image][\/vc_tta_section][vc_tta_section title=&#8221;Banaanikeksit&#8221; tab_id=&#8221;1727106018851-aa18af67-9502&#8243;][vc_empty_space height=&#8221;50px&#8221;][elx_text_image style_image=&#8221;image_square&#8221; button_style=&#8221;secondary-bordered&#8221; bg_row=&#8221;bg-download-white&#8221; lists=&#8221;%5B%7B%7D%5D&#8221; single_image=&#8221;13400&#8243; values=&#8221;%5B%7B%7D%5D&#8221; link=&#8221;url:https%3A%2F%2Fwww.electroluxprofessional.com%2Fcommercial-kitchen-equipment%2Fzero-waste%2Fzero-waste-banana-cookies%2F|title:Avaa%20resepti|target:_blank&#8221;]<\/p>\n<h2>Banaanikeksit<\/h2>\n<p>[\/elx_text_image][\/vc_tta_section][vc_tta_section title=&#8221;Porkkanasipsit&#8221; tab_id=&#8221;1727106083346-ba73d0f8-e849&#8243;][vc_empty_space height=&#8221;50px&#8221;][elx_text_image style_image=&#8221;image_square&#8221; button_style=&#8221;secondary-bordered&#8221; bg_row=&#8221;bg-download-white&#8221; lists=&#8221;%5B%7B%7D%5D&#8221; single_image=&#8221;13401&#8243; values=&#8221;%5B%7B%7D%5D&#8221; link=&#8221;url:https%3A%2F%2Fwww.electroluxprofessional.com%2Fcommercial-kitchen-equipment%2Fzero-waste%2Fzero-waste-carrot-chips%2F|title:Avaa%20resepti|target:_blank&#8221;]<\/p>\n<h2>Porkkanasipsit<\/h2>\n<p>[\/elx_text_image][\/vc_tta_section][vc_tta_section title=&#8221;Porkkanajogurtti&#8221; tab_id=&#8221;1727106416267-ecc6333f-cffe&#8221;][vc_empty_space height=&#8221;50px&#8221;][elx_text_image style_image=&#8221;image_square&#8221; button_style=&#8221;secondary-bordered&#8221; bg_row=&#8221;bg-download-white&#8221; lists=&#8221;%5B%7B%7D%5D&#8221; single_image=&#8221;13402&#8243; values=&#8221;%5B%7B%7D%5D&#8221; link=&#8221;url:https%3A%2F%2Fwww.electroluxprofessional.com%2Fcommercial-kitchen-equipment%2Fzero-waste%2Fzero-waste-carrot-yogurt%2F|title:Avaa%20resepti|target:_blank&#8221;]<\/p>\n<h2>Porkkanajogurtti<\/h2>\n<p>[\/elx_text_image][\/vc_tta_section][vc_tta_section title=&#8221;Munakoiso-browniet&#8221; tab_id=&#8221;1727106431904-bd9085e4-1ac8&#8243;][vc_empty_space height=&#8221;50px&#8221;][elx_text_image style_image=&#8221;image_square&#8221; button_style=&#8221;secondary-bordered&#8221; bg_row=&#8221;bg-download-white&#8221; lists=&#8221;%5B%7B%7D%5D&#8221; single_image=&#8221;13403&#8243; values=&#8221;%5B%7B%7D%5D&#8221; link=&#8221;url:https%3A%2F%2Fwww.electroluxprofessional.com%2Fcommercial-kitchen-equipment%2Fzero-waste%2Fzero-waste-eggplant-brownies%2F|title:Avaa%20resepti|target:_blank&#8221;]<\/p>\n<h2>Munakoiso-browniet<\/h2>\n<p>[\/elx_text_image][\/vc_tta_section][vc_tta_section title=&#8221;Porkkanakeitto&#8221; tab_id=&#8221;1727106450402-8c7aa73d-7794&#8243;][vc_empty_space height=&#8221;50px&#8221;][elx_text_image style_image=&#8221;image_square&#8221; button_style=&#8221;secondary-bordered&#8221; bg_row=&#8221;bg-download-white&#8221; lists=&#8221;%5B%7B%7D%5D&#8221; single_image=&#8221;13404&#8243; values=&#8221;%5B%7B%7D%5D&#8221; link=&#8221;url:https%3A%2F%2Fwww.electroluxprofessional.com%2Fcommercial-kitchen-equipment%2Fzero-waste%2Fzero-waste-thai-carrot-soup%2F|title:Avaa%20resepti|target:_blank&#8221;]<\/p>\n<h2>Porkkanakeitto<\/h2>\n<p>[\/elx_text_image][\/vc_tta_section][vc_tta_section title=&#8221;Vegetable stock powder&#8221; tab_id=&#8221;1727106465259-ac58caaf-37c3&#8243;][vc_empty_space height=&#8221;50px&#8221;][elx_text_image style_image=&#8221;image_square&#8221; button_style=&#8221;secondary-bordered&#8221; bg_row=&#8221;bg-download-white&#8221; lists=&#8221;%5B%7B%7D%5D&#8221; single_image=&#8221;13405&#8243; values=&#8221;%5B%7B%7D%5D&#8221; link=&#8221;url:https%3A%2F%2Fwww.electroluxprofessional.com%2Ffi%2Fcommercial-kitchen-equipment%2Fzero-waste%2Fzero-waste-vegetable-stock-powder%2F|title:Open%20the%20recipe|target:_blank&#8221;]<\/p>\n<h2>Vegetable stock powder<\/h2>\n<p>Discover the recipe and start reducing food waste today.[\/elx_text_image][\/vc_tta_section][\/vc_tta_tabs][\/vc_column][\/vc_row][vc_row][vc_column][vc_empty_space][\/vc_column][\/vc_row][vc_row css=&#8221;.vc_custom_1744203924195{background-color: #c4d69a !important;}&#8221;][vc_column][elx_features_download title=&#8221;&#8221; title_position=&#8221;top&#8221; bg_row=&#8221;bg-row-sustainability-green&#8221; values=&#8221;%5B%7B%22select_type%22%3A%22link%22%7D%5D&#8221; discover=&#8221;%5B%7B%7D%5D&#8221; features=&#8221;%5B%7B%22icon_electroluxpro%22%3A%22elx-icon%20icon-circle-green-blue%22%2C%22title_icon%22%3A%22Vastuullisuuden%20merkitys%20asiakkaille%22%2C%22text_icon%22%3A%22Kuluttajien%20terveystietoisuus%20on%20lis%C3%A4%C3%A4ntynyt%20ja%20%3Cb%3Ekiinnostus%20ruokah%C3%A4vikki%C3%A4%20ja%20vastuullisuutta%20kohtaan%20on%20kasvanut%3C%2Fb%3E%20-%20ulottuen%20kotikeitti%C3%B6ist%C3%A4%20ravintoloihin%2C%20henkil%C3%B6st%C3%B6ruokaloihin%2C%20lasten%20p%C3%A4iv%C3%A4koteihin%2C%20kouluihin%2C%20kahviloihin%3B%20k%C3%A4yt%C3%A4nn%C3%B6ss%C3%A4%20mihin%20tahansa%20ammattikeitti%C3%B6%C3%B6n.%20%3Cb%3EZero%20Waste%3C%2Fb%3E%20-ohjelma%20voi%20olla%20arvokas%20apu%20%3Cb%3Et%C3%A4m%C3%A4n%20ymp%C3%A4rist%C3%B6-%20ja%20terveystietoisen%20asiakaskunnan%20palvelemisessa%3C%2Fb%3E.%22%7D%5D&#8221;][\/elx_features_download][\/vc_column][\/vc_row][vc_row][vc_column][vc_empty_space][elx_text_image style_image=&#8221;image_vertical&#8221; bg_row=&#8221;bg-download-white&#8221; lists=&#8221;%5B%7B%22title_list%22%3A%22%20%22%7D%2C%7B%22icon_electroluxpro%22%3A%22elx-icon%20icon-circle-checkmark-blue%22%2C%22title_list%22%3A%22Nopea%20p%C3%A4%C3%A4sy%22%2C%22text_list%22%3A%22Valitse%20Zero%20Waste%20-kuvake%20sek%C3%A4%20SkyLine%20yhdistelm%C3%A4uunin%20ett%C3%A4%20SkyLine%20tehoj%C3%A4%C3%A4hdytyslaitteen%20ohjauspaneelista.%22%7D%2C%7B%22icon_electroluxpro%22%3A%22elx-icon%20icon-circle-checkmark-blue%22%2C%22title_list%22%3A%22Integroidut%20parametrit%22%2C%22text_list%22%3A%22SkyLine%20Cook%20%26%20Chill%20-ratkaisumme%20ansiosta%20sinun%20ei%20tarvitse%20asettaa%20Zero%20Waste%20-reseptiparametreja%20manuaalisesti.%20Kun%20olet%20valinnut%20reseptin%2C%20uuni%20ja%20tehoj%C3%A4%C3%A4hdytyslaite%20s%C3%A4%C3%A4t%C3%A4v%C3%A4t%20automaattisesti%20l%C3%A4mp%C3%B6tilat%2C%20kypsennystavat%20ja%20ajoituksen.%22%7D%2C%7B%22icon_electroluxpro%22%3A%22elx-icon%20icon-circle-checkmark-blue%22%2C%22title_list%22%3A%22SkyDuo-viestint%C3%A4%22%2C%22text_list%22%3A%22SkyLine%20yhdistelm%C3%A4uuni%20ja%20tehoj%C3%A4%C3%A4hdytyslaite%20keskustelevat%20kesken%C3%A4%C3%A4n%3A%20uuni%20viestii%20tehoj%C3%A4%C3%A4hdytyslaitteelle%2C%20kun%20on%20aika%20valmistautua%20j%C3%A4%C3%A4hdytt%C3%A4miseen%20-%20varmistaen%20saumattoman%20ruoanvalmistusprosessin.%22%7D%5D&#8221; values=&#8221;%5B%7B%7D%5D&#8221; single_image=&#8221;13406&#8243; title=&#8221;Ota kaikki irti Zero Waste -ohjelmasta SkyLine Cook&#038;Chillin avulla&#8221;]Kun Zero Waste -ohjelma on integroitu SkyLine Cook&amp;Chill -ratkaisuun, l\u00f6yd\u00e4t valmiita Zero Waste -reseptej\u00e4 suoraan laitteiden ohjeuspaneeleista ja voit valmistaa reseptiemme mukaisia leivonnaisia, v\u00e4lipaloja ja ruokia nopeasti ja helposti.[\/elx_text_image][\/vc_column][\/vc_row][vc_row][vc_column width=&#8221;2\/3&#8243;][vc_empty_space][\/vc_column][vc_column width=&#8221;1\/3&#8243;][elx_button button_text=&#8221;Lue lis\u00e4\u00e4 SkyLine Cook&amp;Chill -ratkaisuista&#8221; button_style=&#8221;primary-gold-blu&#8221; button_link=&#8221;url:https%3A%2F%2Fwww.electroluxprofessional.com%2Ffi%2Fammattikeittiolaitteet%2Fyhdistelmauunit-ja-tehojaahdytyslaitteet%2F&#8221;][\/vc_column][\/vc_row][vc_row][vc_column][vc_empty_space height=&#8221;50px&#8221;][elx_heading text_color=&#8221;inherit&#8221; text_align=&#8221;text-center&#8221;]Haluatko lis\u00e4tietoja Zero Waste -ohjelmastamme?<\/p>\n<p>Ota meihin yhteytt\u00e4.[\/elx_heading][vc_empty_space][elx_o2000_contact_us b=&#8221;food&#8221;][\/vc_column][\/vc_row]<\/p>\n","protected":false},"excerpt":{"rendered":"<p>[vc_row full_width=&#8221;electroluxpro-full-width-no-padding&#8221;][vc_column][elx_image_block background_image=&#8221;13397&#8243; minimum_height=&#8221;400px&#8221;][vc_empty_space][\/vc_column][\/vc_row][vc_row][vc_column][elx_text_image tag_title=&#8221;h1&#8243; class_title=&#8221;h1&#8243; style_image=&#8221;image_vertical&#8221; bg_row=&#8221;bg-download-white&#8221; lists=&#8221;%5B%7B%7D%5D&#8221; values=&#8221;%5B%7B%7D%5D&#8221; single_image=&#8221;15140&#8243;] Zero Waste: h\u00e4vikist\u00e4 ruoaksi Ammattikeitti\u00f6iss\u00e4 k\u00e4sitell\u00e4\u00e4n p\u00e4ivitt\u00e4in suuria m\u00e4\u00e4ri\u00e4 ruoka-aineita, jotka heitet\u00e4\u00e4n usein pois heti, kun niiden viimeinen k\u00e4ytt\u00f6p\u00e4iv\u00e4 on kulunut. Me Electrolux Professionalilla haastoimme itse\u00e4mme miettim\u00e4ll\u00e4 miten voisimme vaikuttaa asiaan &#8211; ja auttaa pienent\u00e4m\u00e4\u00e4n ruokaj\u00e4tteen m\u00e4\u00e4r\u00e4\u00e4. N\u00e4imme ongelman mahdollisuutena innovoida ja l\u00f6yt\u00e4\u00e4 uusia [&hellip;]<\/p>\n","protected":false},"author":135,"featured_media":13396,"parent":2363,"menu_order":0,"comment_status":"closed","ping_status":"closed","template":"","meta":{"footnotes":""},"class_list":["post-13411","page","type-page","status-publish","has-post-thumbnail","hentry"],"yoast_head":"<!-- This site is optimized with the Yoast SEO plugin v23.3 - https:\/\/yoast.com\/wordpress\/plugins\/seo\/ -->\n<title>Zero Waste - Electrolux Professional Suomi<\/title>\n<meta name=\"description\" content=\"Zero waste\" \/>\n<meta name=\"robots\" content=\"index, follow, max-snippet:-1, max-image-preview:large, max-video-preview:-1\" \/>\n<link rel=\"canonical\" href=\"https:\/\/www.electroluxprofessional.com\/fi\/ammattikeittiolaitteet\/zero-waste\/\" \/>\n<meta property=\"og:locale\" content=\"fi_FI\" \/>\n<meta property=\"og:type\" content=\"article\" \/>\n<meta property=\"og:title\" content=\"Zero Waste - Electrolux Professional Suomi\" \/>\n<meta property=\"og:description\" content=\"Zero waste\" \/>\n<meta property=\"og:url\" content=\"https:\/\/www.electroluxprofessional.com\/fi\/ammattikeittiolaitteet\/zero-waste\/\" \/>\n<meta property=\"og:site_name\" content=\"Electrolux Professional Suomi\" \/>\n<meta property=\"article:modified_time\" content=\"2025-06-13T11:18:51+00:00\" \/>\n<meta property=\"og:image\" content=\"https:\/\/www.electroluxprofessional.com\/fi\/wp-content\/uploads\/2024\/10\/Zero-Waste-600x600-1.jpg\" \/>\n\t<meta property=\"og:image:width\" content=\"600\" \/>\n\t<meta property=\"og:image:height\" content=\"600\" \/>\n\t<meta property=\"og:image:type\" content=\"image\/jpeg\" \/>\n<meta name=\"twitter:card\" content=\"summary_large_image\" \/>\n<meta name=\"twitter:label1\" content=\"Arvioitu lukuaika\" \/>\n\t<meta name=\"twitter:data1\" content=\"5 minuuttia\" \/>\n<script type=\"application\/ld+json\" class=\"yoast-schema-graph\">{\"@context\":\"https:\/\/schema.org\",\"@graph\":[{\"@type\":\"WebPage\",\"@id\":\"https:\/\/www.electroluxprofessional.com\/fi\/ammattikeittiolaitteet\/zero-waste\/\",\"url\":\"https:\/\/www.electroluxprofessional.com\/fi\/ammattikeittiolaitteet\/zero-waste\/\",\"name\":\"Zero Waste - Electrolux Professional Suomi\",\"isPartOf\":{\"@id\":\"https:\/\/www.electroluxprofessional.com\/fi\/#website\"},\"primaryImageOfPage\":{\"@id\":\"https:\/\/www.electroluxprofessional.com\/fi\/ammattikeittiolaitteet\/zero-waste\/#primaryimage\"},\"image\":{\"@id\":\"https:\/\/www.electroluxprofessional.com\/fi\/ammattikeittiolaitteet\/zero-waste\/#primaryimage\"},\"thumbnailUrl\":\"https:\/\/www.electroluxprofessional.com\/fi\/wp-content\/uploads\/2024\/10\/Zero-Waste-600x600-1.jpg\",\"datePublished\":\"2024-10-30T19:02:43+00:00\",\"dateModified\":\"2025-06-13T11:18:51+00:00\",\"description\":\"Zero waste\",\"breadcrumb\":{\"@id\":\"https:\/\/www.electroluxprofessional.com\/fi\/ammattikeittiolaitteet\/zero-waste\/#breadcrumb\"},\"inLanguage\":\"fi\",\"potentialAction\":[{\"@type\":\"ReadAction\",\"target\":[\"https:\/\/www.electroluxprofessional.com\/fi\/ammattikeittiolaitteet\/zero-waste\/\"]}]},{\"@type\":\"ImageObject\",\"inLanguage\":\"fi\",\"@id\":\"https:\/\/www.electroluxprofessional.com\/fi\/ammattikeittiolaitteet\/zero-waste\/#primaryimage\",\"url\":\"https:\/\/www.electroluxprofessional.com\/fi\/wp-content\/uploads\/2024\/10\/Zero-Waste-600x600-1.jpg\",\"contentUrl\":\"https:\/\/www.electroluxprofessional.com\/fi\/wp-content\/uploads\/2024\/10\/Zero-Waste-600x600-1.jpg\",\"width\":600,\"height\":600},{\"@type\":\"BreadcrumbList\",\"@id\":\"https:\/\/www.electroluxprofessional.com\/fi\/ammattikeittiolaitteet\/zero-waste\/#breadcrumb\",\"itemListElement\":[{\"@type\":\"ListItem\",\"position\":1,\"name\":\"Home\",\"item\":\"https:\/\/www.electroluxprofessional.com\/fi\/\"},{\"@type\":\"ListItem\",\"position\":2,\"name\":\"Ammattikeitti\u00f6laitteet\",\"item\":\"https:\/\/www.electroluxprofessional.com\/fi\/ammattikeittiolaitteet\/\"},{\"@type\":\"ListItem\",\"position\":3,\"name\":\"Zero Waste\"}]},{\"@type\":\"WebSite\",\"@id\":\"https:\/\/www.electroluxprofessional.com\/fi\/#website\",\"url\":\"https:\/\/www.electroluxprofessional.com\/fi\/\",\"name\":\"Electrolux Professional Suomi\",\"description\":\"\",\"potentialAction\":[{\"@type\":\"SearchAction\",\"target\":{\"@type\":\"EntryPoint\",\"urlTemplate\":\"https:\/\/www.electroluxprofessional.com\/fi\/?src={search_term_string}\"},\"query-input\":\"required name=search_term_string\"}],\"inLanguage\":\"fi\"}]}<\/script>\n<!-- \/ Yoast SEO plugin. -->","yoast_head_json":{"title":"Zero Waste - Electrolux Professional Suomi","description":"Zero waste","robots":{"index":"index","follow":"follow","max-snippet":"max-snippet:-1","max-image-preview":"max-image-preview:large","max-video-preview":"max-video-preview:-1"},"canonical":"https:\/\/www.electroluxprofessional.com\/fi\/ammattikeittiolaitteet\/zero-waste\/","og_locale":"fi_FI","og_type":"article","og_title":"Zero Waste - Electrolux Professional Suomi","og_description":"Zero waste","og_url":"https:\/\/www.electroluxprofessional.com\/fi\/ammattikeittiolaitteet\/zero-waste\/","og_site_name":"Electrolux Professional Suomi","article_modified_time":"2025-06-13T11:18:51+00:00","og_image":[{"width":600,"height":600,"url":"https:\/\/www.electroluxprofessional.com\/fi\/wp-content\/uploads\/2024\/10\/Zero-Waste-600x600-1.jpg","type":"image\/jpeg"}],"twitter_card":"summary_large_image","twitter_misc":{"Arvioitu lukuaika":"5 minuuttia"},"schema":{"@context":"https:\/\/schema.org","@graph":[{"@type":"WebPage","@id":"https:\/\/www.electroluxprofessional.com\/fi\/ammattikeittiolaitteet\/zero-waste\/","url":"https:\/\/www.electroluxprofessional.com\/fi\/ammattikeittiolaitteet\/zero-waste\/","name":"Zero Waste - Electrolux Professional Suomi","isPartOf":{"@id":"https:\/\/www.electroluxprofessional.com\/fi\/#website"},"primaryImageOfPage":{"@id":"https:\/\/www.electroluxprofessional.com\/fi\/ammattikeittiolaitteet\/zero-waste\/#primaryimage"},"image":{"@id":"https:\/\/www.electroluxprofessional.com\/fi\/ammattikeittiolaitteet\/zero-waste\/#primaryimage"},"thumbnailUrl":"https:\/\/www.electroluxprofessional.com\/fi\/wp-content\/uploads\/2024\/10\/Zero-Waste-600x600-1.jpg","datePublished":"2024-10-30T19:02:43+00:00","dateModified":"2025-06-13T11:18:51+00:00","description":"Zero waste","breadcrumb":{"@id":"https:\/\/www.electroluxprofessional.com\/fi\/ammattikeittiolaitteet\/zero-waste\/#breadcrumb"},"inLanguage":"fi","potentialAction":[{"@type":"ReadAction","target":["https:\/\/www.electroluxprofessional.com\/fi\/ammattikeittiolaitteet\/zero-waste\/"]}]},{"@type":"ImageObject","inLanguage":"fi","@id":"https:\/\/www.electroluxprofessional.com\/fi\/ammattikeittiolaitteet\/zero-waste\/#primaryimage","url":"https:\/\/www.electroluxprofessional.com\/fi\/wp-content\/uploads\/2024\/10\/Zero-Waste-600x600-1.jpg","contentUrl":"https:\/\/www.electroluxprofessional.com\/fi\/wp-content\/uploads\/2024\/10\/Zero-Waste-600x600-1.jpg","width":600,"height":600},{"@type":"BreadcrumbList","@id":"https:\/\/www.electroluxprofessional.com\/fi\/ammattikeittiolaitteet\/zero-waste\/#breadcrumb","itemListElement":[{"@type":"ListItem","position":1,"name":"Home","item":"https:\/\/www.electroluxprofessional.com\/fi\/"},{"@type":"ListItem","position":2,"name":"Ammattikeitti\u00f6laitteet","item":"https:\/\/www.electroluxprofessional.com\/fi\/ammattikeittiolaitteet\/"},{"@type":"ListItem","position":3,"name":"Zero Waste"}]},{"@type":"WebSite","@id":"https:\/\/www.electroluxprofessional.com\/fi\/#website","url":"https:\/\/www.electroluxprofessional.com\/fi\/","name":"Electrolux Professional Suomi","description":"","potentialAction":[{"@type":"SearchAction","target":{"@type":"EntryPoint","urlTemplate":"https:\/\/www.electroluxprofessional.com\/fi\/?src={search_term_string}"},"query-input":"required name=search_term_string"}],"inLanguage":"fi"}]}},"_links":{"self":[{"href":"https:\/\/www.electroluxprofessional.com\/fi\/wp-json\/wp\/v2\/pages\/13411"}],"collection":[{"href":"https:\/\/www.electroluxprofessional.com\/fi\/wp-json\/wp\/v2\/pages"}],"about":[{"href":"https:\/\/www.electroluxprofessional.com\/fi\/wp-json\/wp\/v2\/types\/page"}],"author":[{"embeddable":true,"href":"https:\/\/www.electroluxprofessional.com\/fi\/wp-json\/wp\/v2\/users\/135"}],"replies":[{"embeddable":true,"href":"https:\/\/www.electroluxprofessional.com\/fi\/wp-json\/wp\/v2\/comments?post=13411"}],"version-history":[{"count":37,"href":"https:\/\/www.electroluxprofessional.com\/fi\/wp-json\/wp\/v2\/pages\/13411\/revisions"}],"predecessor-version":[{"id":15145,"href":"https:\/\/www.electroluxprofessional.com\/fi\/wp-json\/wp\/v2\/pages\/13411\/revisions\/15145"}],"up":[{"embeddable":true,"href":"https:\/\/www.electroluxprofessional.com\/fi\/wp-json\/wp\/v2\/pages\/2363"}],"wp:featuredmedia":[{"embeddable":true,"href":"https:\/\/www.electroluxprofessional.com\/fi\/wp-json\/wp\/v2\/media\/13396"}],"wp:attachment":[{"href":"https:\/\/www.electroluxprofessional.com\/fi\/wp-json\/wp\/v2\/media?parent=13411"}],"curies":[{"name":"wp","href":"https:\/\/api.w.org\/{rel}","templated":true}]}}