{"id":13354,"date":"2024-10-15T10:30:42","date_gmt":"2024-10-15T10:30:42","guid":{"rendered":"https:\/\/www.electroluxprofessional.com\/fi\/?page_id=13354"},"modified":"2024-10-16T06:29:33","modified_gmt":"2024-10-16T06:29:33","slug":"texcare2024","status":"publish","type":"page","link":"https:\/\/www.electroluxprofessional.com\/fi\/texcare2024\/","title":{"rendered":"Texcare 2024"},"content":{"rendered":"<p>[vc_row full_width=&#8221;electroluxpro-full-width-no-padding&#8221;][vc_column][elx_image align=&#8221;text-center&#8221; image_media_library=&#8221;13232&#8243; image_media_library_mobile=&#8221;13233&#8243;][vc_empty_space][\/vc_column][\/vc_row][vc_row][vc_column][elx_heading font_container=&#8221;h1&#8243; font_size=&#8221;h1&#8243; text_color=&#8221;inherit&#8221; text_align=&#8221;text-center&#8221;]Texcare International[\/elx_heading][elx_heading text_color=&#8221;inherit&#8221; text_align=&#8221;text-center&#8221;]Frankfurt am Main 6.-11.2024[\/elx_heading][vc_empty_space][vc_column_text]<\/p>\n<h4 style=\"text-align: center;\"><strong>Electrolux Professionalin ammattipesulalaitteet on mukana Texcare International -messuilla Frankfurtissa 6.-9.11.24. <\/strong><strong>Texcare International on johtava tekstiilihuoltoalan tapahtuma, joka kokoaa yhteen pesula- ja tekstiiliteollisuuden ammattilaiset ymp\u00e4ri maailman.<\/strong><\/h4>\n<h4 style=\"text-align: center;\"><strong><br \/>\nL\u00f6yd\u00e4t meid\u00e4t hallista 8.0, osastolta J90.<br \/>\nTervetuloa tapaamaan asiantuntijoitamme ja tutustumaan vastuullisiin pesularatkaisuihimme.\u00a0<\/strong><\/h4>\n<p>[\/vc_column_text][vc_empty_space height=&#8221;50px&#8221;][\/vc_column][\/vc_row][vc_row disable_element=&#8221;yes&#8221;][vc_column width=&#8221;2\/5&#8243;][vc_empty_space][vc_single_image image=&#8221;13226&#8243; img_size=&#8221;1000&#215;600&#8243;][\/vc_column][vc_column width=&#8221;3\/5&#8243;][vc_empty_space height=&#8221;20px&#8221;][vc_column_text]<\/p>\n<h3>November 6 &#8211; 9, 2024 &#8211; HALL 8.0 Stand J90<\/h3>\n<p>[\/vc_column_text][vc_empty_space height=&#8221;20px&#8221;][vc_column_text]Explore cutting-edge technology and witness how we are are Shaping the Sustainable Laundry. Then, now and forever.[\/vc_column_text][vc_empty_space height=&#8221;40px&#8221;][vc_column_text]<\/p>\n<h6>More coming soon<\/h6>\n<p>[\/vc_column_text][\/vc_column][\/vc_row][vc_row][vc_column][vc_column_text]<\/p>\n<h1 style=\"text-align: center;\">Osastollamme esill\u00e4:<\/h1>\n<p>[\/vc_column_text][vc_empty_space height=&#8221;40px&#8221;][\/vc_column][\/vc_row][vc_row][vc_column width=&#8221;1\/4&#8243;][elx_image align=&#8221;text-center&#8221; image_media_library=&#8221;13349&#8243; image_media_library_mobile=&#8221;13349&#8243;][vc_empty_space][vc_column_text]<strong>Line 6000 pesukoneet ja l\u00e4mp\u00f6pumppukuivausrummut<\/strong><\/p>\n<p>Korkeateholinkouksen, resursseja s\u00e4\u00e4st\u00e4vien toimintojen ja uuden l\u00e4mp\u00f6pumpputeknologian ansiosta Line 6000 tuoteperheen pesukoneet ja l\u00e4mp\u00f6pumppukuivausrummut tarjoavat jopa 70 % energians\u00e4\u00e4st\u00f6t*<\/p>\n<p><sup>*<em>normaalilinkoiseen pesukoneeseen ja hormiliit\u00e4nt\u00e4iseen kuivausrumpuun verrattuna<\/em><\/sup>[\/vc_column_text][vc_empty_space height=&#8221;40px&#8221;][elx_button button_text=&#8221;lue lis\u00e4\u00e4&#8221; button_style=&#8221;secondary&#8221; button_link=&#8221;url:https%3A%2F%2Fwww.electroluxprofessional.com%2Ffi%2Fammattipesulalaitteet%2Fline-6000-ammattipesulalaitteet%2F|target:_blank&#8221;][vc_empty_space height=&#8221;28px&#8221;][vc_empty_space height=&#8221;40px&#8221;][\/vc_column][vc_column width=&#8221;1\/4&#8243;][elx_image image_media_library=&#8221;13350&#8243; image_media_library_mobile=&#8221;13350&#8243;][vc_empty_space][vc_column_text]<strong>Line 6000 FFS Vibe -mankelit<\/strong><\/p>\n<p>Line 6000 FFS Vibe -sarjan mankeleidemme automaattiset toiminnot optimoivat liinavaatteiden hoidon tehokkaasti, turvallisesti ja laadukkaasti &#8211; parantaen pesulatoimintojen tuottavuutta.[\/vc_column_text][vc_empty_space][elx_button button_text=&#8221;lue lis\u00e4\u00e4&#8221; button_style=&#8221;secondary&#8221; button_link=&#8221;url:https%3A%2F%2Fwww.electroluxprofessional.com%2Ffi%2Fammattipesulalaitteet%2Fline-6000-mankelit%2F|target:_blank&#8221;][vc_empty_space height=&#8221;28px&#8221;][vc_empty_space height=&#8221;40px&#8221;][\/vc_column][vc_column width=&#8221;1\/4&#8243;][elx_image image_media_library=&#8221;13352&#8243; image_media_library_mobile=&#8221;13352&#8243;][vc_empty_space height=&#8221;28px&#8221;][vc_column_text]<strong>Line 6000 Barrier -pesukoneet<\/strong><\/p>\n<p>Line 6000 Barrier -pesukoneet tarjoavat huippuluokan suorituskyky\u00e4 ja hygieniaa est\u00e4en tehokkaasti mikro-organismien levi\u00e4misen herkimmiss\u00e4kin pyykinpesuymp\u00e4rist\u00f6iss\u00e4.[\/vc_column_text][vc_empty_space height=&#8221;40px&#8221;][elx_button button_text=&#8221;lue lis\u00e4\u00e4&#8221; button_style=&#8221;secondary&#8221; button_link=&#8221;url:https%3A%2F%2Fwww.electroluxprofessional.com%2Ffi%2Fammattipesulalaitteet%2Fbarrier-pesukoneet%2F|target:_blank&#8221;][\/vc_column][vc_column width=&#8221;1\/4&#8243;][elx_image image_media_library=&#8221;13351&#8243; image_media_library_mobile=&#8221;13351&#8243;][vc_empty_space height=&#8221;28px&#8221;][vc_column_text]<strong>lagoon\u00ae Advanced Care<\/strong><\/p>\n<p>lagoon\u00ae Advanced Care on edistyksellinen ratkaisumme herkkien vaatteiden, nahkojen ja kenkien pesemiseen tarjoten ymp\u00e4rist\u00f6yst\u00e4v\u00e4llisen vaihtoehdon perinteisille kuivapesumenetelmille. Pesumentelm\u00e4ss\u00e4 k\u00e4sitell\u00e4\u00e4n herkki\u00e4 kankaita ilman vaarallisia kemikaaleja, k\u00e4ytt\u00e4m\u00e4ll\u00e4 vain vett\u00e4 liuottimena.[\/vc_column_text][vc_empty_space height=&#8221;40px&#8221;][elx_button button_text=&#8221;lue lis\u00e4\u00e4&#8221; button_style=&#8221;secondary&#8221; button_link=&#8221;url:https%3A%2F%2Fwww.electroluxprofessional.com%2Ffi%2Fammattipesulalaitteet%2Flagoon-advanced-care%2F|target:_blank&#8221;][\/vc_column][\/vc_row][vc_row][vc_column][vc_empty_space height=&#8221;28px&#8221;][vc_empty_space height=&#8221;28px&#8221;][elx_heading text_color=&#8221;inherit&#8221; text_align=&#8221;text-center&#8221;]Haluatko lis\u00e4tietoja? Ota meihin yhteytt\u00e4.[\/elx_heading][vc_empty_space height=&#8221;28px&#8221;][elx_o2000_contact_us][\/vc_column][\/vc_row]<\/p>\n","protected":false},"excerpt":{"rendered":"<p>[vc_row full_width=&#8221;electroluxpro-full-width-no-padding&#8221;][vc_column][elx_image align=&#8221;text-center&#8221; image_media_library=&#8221;13232&#8243; image_media_library_mobile=&#8221;13233&#8243;][vc_empty_space][\/vc_column][\/vc_row][vc_row][vc_column][elx_heading font_container=&#8221;h1&#8243; font_size=&#8221;h1&#8243; text_color=&#8221;inherit&#8221; text_align=&#8221;text-center&#8221;]Texcare International[\/elx_heading][elx_heading text_color=&#8221;inherit&#8221; text_align=&#8221;text-center&#8221;]Frankfurt am Main 6.-11.2024[\/elx_heading][vc_empty_space][vc_column_text] Electrolux Professionalin ammattipesulalaitteet on mukana Texcare International -messuilla Frankfurtissa 6.-9.11.24. Texcare International on johtava tekstiilihuoltoalan tapahtuma, joka kokoaa yhteen pesula- ja tekstiiliteollisuuden ammattilaiset ymp\u00e4ri maailman. L\u00f6yd\u00e4t meid\u00e4t hallista 8.0, osastolta J90. Tervetuloa tapaamaan asiantuntijoitamme ja tutustumaan vastuullisiin pesularatkaisuihimme.\u00a0 [\/vc_column_text][vc_empty_space height=&#8221;50px&#8221;][\/vc_column][\/vc_row][vc_row [&hellip;]<\/p>\n","protected":false},"author":135,"featured_media":0,"parent":0,"menu_order":0,"comment_status":"closed","ping_status":"closed","template":"","meta":{"footnotes":""},"class_list":["post-13354","page","type-page","status-publish","hentry"],"yoast_head":"<!-- This site is optimized with the Yoast SEO plugin v23.3 - https:\/\/yoast.com\/wordpress\/plugins\/seo\/ -->\n<title>Texcare 2024 - Electrolux Professional Suomi<\/title>\n<meta name=\"description\" content=\"Electrolux Professionalin ammattipesulalaitteet on mukana Texcare International -messuilla Frankfurtissa 6.-9.11.24.\" \/>\n<meta name=\"robots\" content=\"noindex, nofollow\" \/>\n<meta property=\"og:locale\" content=\"fi_FI\" \/>\n<meta property=\"og:type\" content=\"article\" \/>\n<meta property=\"og:title\" content=\"Texcare 2024 - Electrolux Professional Suomi\" \/>\n<meta property=\"og:description\" content=\"Electrolux Professionalin ammattipesulalaitteet on mukana Texcare International -messuilla Frankfurtissa 6.-9.11.24.\" \/>\n<meta property=\"og:url\" content=\"https:\/\/www.electroluxprofessional.com\/fi\/texcare2024\/\" \/>\n<meta property=\"og:site_name\" content=\"Electrolux Professional Suomi\" \/>\n<meta property=\"article:modified_time\" content=\"2024-10-16T06:29:33+00:00\" \/>\n<meta name=\"twitter:card\" content=\"summary_large_image\" \/>\n<meta name=\"twitter:label1\" content=\"Arvioitu lukuaika\" \/>\n\t<meta name=\"twitter:data1\" content=\"2 minuuttia\" \/>\n<script type=\"application\/ld+json\" class=\"yoast-schema-graph\">{\"@context\":\"https:\/\/schema.org\",\"@graph\":[{\"@type\":\"WebPage\",\"@id\":\"https:\/\/www.electroluxprofessional.com\/fi\/texcare2024\/\",\"url\":\"https:\/\/www.electroluxprofessional.com\/fi\/texcare2024\/\",\"name\":\"Texcare 2024 - Electrolux Professional Suomi\",\"isPartOf\":{\"@id\":\"https:\/\/www.electroluxprofessional.com\/fi\/#website\"},\"datePublished\":\"2024-10-15T10:30:42+00:00\",\"dateModified\":\"2024-10-16T06:29:33+00:00\",\"description\":\"Electrolux Professionalin ammattipesulalaitteet on mukana Texcare International -messuilla Frankfurtissa 6.-9.11.24.\",\"breadcrumb\":{\"@id\":\"https:\/\/www.electroluxprofessional.com\/fi\/texcare2024\/#breadcrumb\"},\"inLanguage\":\"fi\",\"potentialAction\":[{\"@type\":\"ReadAction\",\"target\":[\"https:\/\/www.electroluxprofessional.com\/fi\/texcare2024\/\"]}]},{\"@type\":\"BreadcrumbList\",\"@id\":\"https:\/\/www.electroluxprofessional.com\/fi\/texcare2024\/#breadcrumb\",\"itemListElement\":[{\"@type\":\"ListItem\",\"position\":1,\"name\":\"Home\",\"item\":\"https:\/\/www.electroluxprofessional.com\/fi\/\"},{\"@type\":\"ListItem\",\"position\":2,\"name\":\"Texcare 2024\"}]},{\"@type\":\"WebSite\",\"@id\":\"https:\/\/www.electroluxprofessional.com\/fi\/#website\",\"url\":\"https:\/\/www.electroluxprofessional.com\/fi\/\",\"name\":\"Electrolux Professional Suomi\",\"description\":\"\",\"potentialAction\":[{\"@type\":\"SearchAction\",\"target\":{\"@type\":\"EntryPoint\",\"urlTemplate\":\"https:\/\/www.electroluxprofessional.com\/fi\/?src={search_term_string}\"},\"query-input\":\"required name=search_term_string\"}],\"inLanguage\":\"fi\"}]}<\/script>\n<!-- \/ Yoast SEO plugin. -->","yoast_head_json":{"title":"Texcare 2024 - Electrolux Professional Suomi","description":"Electrolux Professionalin ammattipesulalaitteet on mukana Texcare International -messuilla Frankfurtissa 6.-9.11.24.","robots":{"index":"noindex","follow":"nofollow"},"og_locale":"fi_FI","og_type":"article","og_title":"Texcare 2024 - Electrolux Professional Suomi","og_description":"Electrolux Professionalin ammattipesulalaitteet on mukana Texcare International -messuilla Frankfurtissa 6.-9.11.24.","og_url":"https:\/\/www.electroluxprofessional.com\/fi\/texcare2024\/","og_site_name":"Electrolux Professional Suomi","article_modified_time":"2024-10-16T06:29:33+00:00","twitter_card":"summary_large_image","twitter_misc":{"Arvioitu lukuaika":"2 minuuttia"},"schema":{"@context":"https:\/\/schema.org","@graph":[{"@type":"WebPage","@id":"https:\/\/www.electroluxprofessional.com\/fi\/texcare2024\/","url":"https:\/\/www.electroluxprofessional.com\/fi\/texcare2024\/","name":"Texcare 2024 - Electrolux Professional Suomi","isPartOf":{"@id":"https:\/\/www.electroluxprofessional.com\/fi\/#website"},"datePublished":"2024-10-15T10:30:42+00:00","dateModified":"2024-10-16T06:29:33+00:00","description":"Electrolux Professionalin ammattipesulalaitteet on mukana Texcare International -messuilla Frankfurtissa 6.-9.11.24.","breadcrumb":{"@id":"https:\/\/www.electroluxprofessional.com\/fi\/texcare2024\/#breadcrumb"},"inLanguage":"fi","potentialAction":[{"@type":"ReadAction","target":["https:\/\/www.electroluxprofessional.com\/fi\/texcare2024\/"]}]},{"@type":"BreadcrumbList","@id":"https:\/\/www.electroluxprofessional.com\/fi\/texcare2024\/#breadcrumb","itemListElement":[{"@type":"ListItem","position":1,"name":"Home","item":"https:\/\/www.electroluxprofessional.com\/fi\/"},{"@type":"ListItem","position":2,"name":"Texcare 2024"}]},{"@type":"WebSite","@id":"https:\/\/www.electroluxprofessional.com\/fi\/#website","url":"https:\/\/www.electroluxprofessional.com\/fi\/","name":"Electrolux Professional Suomi","description":"","potentialAction":[{"@type":"SearchAction","target":{"@type":"EntryPoint","urlTemplate":"https:\/\/www.electroluxprofessional.com\/fi\/?src={search_term_string}"},"query-input":"required name=search_term_string"}],"inLanguage":"fi"}]}},"_links":{"self":[{"href":"https:\/\/www.electroluxprofessional.com\/fi\/wp-json\/wp\/v2\/pages\/13354"}],"collection":[{"href":"https:\/\/www.electroluxprofessional.com\/fi\/wp-json\/wp\/v2\/pages"}],"about":[{"href":"https:\/\/www.electroluxprofessional.com\/fi\/wp-json\/wp\/v2\/types\/page"}],"author":[{"embeddable":true,"href":"https:\/\/www.electroluxprofessional.com\/fi\/wp-json\/wp\/v2\/users\/135"}],"replies":[{"embeddable":true,"href":"https:\/\/www.electroluxprofessional.com\/fi\/wp-json\/wp\/v2\/comments?post=13354"}],"version-history":[{"count":11,"href":"https:\/\/www.electroluxprofessional.com\/fi\/wp-json\/wp\/v2\/pages\/13354\/revisions"}],"predecessor-version":[{"id":13371,"href":"https:\/\/www.electroluxprofessional.com\/fi\/wp-json\/wp\/v2\/pages\/13354\/revisions\/13371"}],"wp:attachment":[{"href":"https:\/\/www.electroluxprofessional.com\/fi\/wp-json\/wp\/v2\/media?parent=13354"}],"curies":[{"name":"wp","href":"https:\/\/api.w.org\/{rel}","templated":true}]}}