{"id":12403,"date":"2024-04-03T14:12:58","date_gmt":"2024-04-03T14:12:58","guid":{"rendered":"https:\/\/www.electroluxprofessional.com\/fi\/?page_id=12403"},"modified":"2026-01-27T11:08:56","modified_gmt":"2026-01-27T11:08:56","slug":"ammattipesulalaitteiden-vuokrauspalvelu","status":"publish","type":"page","link":"https:\/\/www.electroluxprofessional.com\/fi\/ammattipesulalaitteet\/ammattipesulalaitteiden-vuokrauspalvelu\/","title":{"rendered":"NCircl-U: ammattipesulalaitteiden vuokrauspalvelu"},"content":{"rendered":"<p>[vc_row full_width=&#8221;electroluxpro-full-width-no-padding&#8221;][vc_column][elx_image_block background_image=&#8221;12399&#8243; minimum_height=&#8221;400px&#8221;][vc_empty_space][\/vc_column][\/vc_row][vc_row][vc_column][elx_text_image tag_title=&#8221;h1&#8243; style_image=&#8221;image_square&#8221; bg_row=&#8221;bg-download-white&#8221; title=&#8221;NCircl-U \u2013 ammattipesulalaitteiden vuokrauspalvelu&#8221; lists=&#8221;%5B%7B%7D%5D&#8221; values=&#8221;%5B%7B%22tag_icon_title%22%3A%22h4%22%7D%5D&#8221; link=&#8221;url:%23contactus|title:kysy%20meilt%C3%A4%20lis%C3%A4%C3%A4&#8243; single_image=&#8221;12455&#8243;]<span class=\"TextRun SCXW725271 BCX0\" lang=\"FI-FI\" xml:lang=\"FI-FI\" data-contrast=\"auto\"><span class=\"NormalTextRun SpellingErrorV2Themed SCXW725271 BCX0\">NCircl<\/span><span class=\"NormalTextRun SCXW725271 BCX0\">-U on\u00a0<\/span><\/span><span class=\"TextRun Highlight SCXW725271 BCX0\" lang=\"FI-FI\" xml:lang=\"FI-FI\" data-contrast=\"auto\"><span class=\"NormalTextRun SCXW725271 BCX0\">t\u00e4yden palvelun\u00a0<\/span><span class=\"NormalTextRun SCXW725271 BCX0\">ammattipesulalaitteiden vuokrauspalvelu<\/span><\/span><span class=\"TextRun SCXW725271 BCX0\" lang=\"FI-FI\" xml:lang=\"FI-FI\" data-contrast=\"auto\"><span class=\"NormalTextRun SCXW725271 BCX0\">, joka on rakennettu sinun ymp\u00e4rillesi. Keskity omaan\u00a0<\/span><\/span><span class=\"TextRun Highlight SCXW725271 BCX0\" lang=\"FI-FI\" xml:lang=\"FI-FI\" data-contrast=\"auto\"><span class=\"NormalTextRun SCXW725271 BCX0\">ydin<\/span><span class=\"NormalTextRun SCXW725271 BCX0\">liiketoimintaasi<\/span><\/span><span class=\"TextRun SCXW725271 BCX0\" lang=\"FI-FI\" xml:lang=\"FI-FI\" data-contrast=\"auto\"><span class=\"NormalTextRun SCXW725271 BCX0\"> \u2013 ja j\u00e4t\u00e4 pesulaprosessiesi p\u00e4ivitt\u00e4inen hallinta meille. Maksat vain yhden kiinte\u00e4n kuukausimaksun* \u2013 ilman piilokuluja.<\/span><\/span><\/p>\n<p><sup>*<em>k\u00e4ytt\u00f6kustannukset, kuten s\u00e4hk\u00f6, vesi ja pesuaineet eiv\u00e4t sis\u00e4lly kuukausihintaan<\/em>.<\/sup>[\/elx_text_image][vc_empty_space][\/vc_column][\/vc_row][vc_row full_width=&#8221;electroluxpro-full-width-no-padding&#8221;][vc_column][elx_features_download title=&#8221;Ammattipesulalaitteiden vuokrauspalvelu \u2013 ilman yll\u00e4tyksi\u00e4&#8221; class_title=&#8221;h2&#8243; title_download=&#8221;Lataa&#8221; title_discover=&#8221;&#8221; bg_discover_color=&#8221;bg-download-white&#8221; link_discover_color=&#8221;download-text-blue&#8221; title_position=&#8221;top&#8221; bg_row=&#8221;bg-row-light-blue&#8221; values=&#8221;%5B%7B%22select_type%22%3A%22link%22%2C%22link_download%22%3A%22url%3Ahttps%253A%252F%252Fwww.electroluxprofessional.com%252Ffi%252Fwp-content%252Fuploads%252F2024%252F04%252FNCircl-U_esite-FI.pdf%7Ctitle%3ANCircl-U%2520-esite%7Ctarget%3A_blank%22%2C%22label_pride_document%22%3A%22Line%206000%20Washers%20and%20Dryers%20brochure%22%2C%22document_type%22%3A%22brochures%22%2C%22br_document_number%22%3A%22A0109%22%7D%5D&#8221; discover=&#8221;%5B%7B%7D%5D&#8221; features=&#8221;%5B%7B%22icon_electroluxpro%22%3A%22elx-icon%20icon-circle-star-perfomance-blue%22%2C%22title_icon%22%3A%22T%C3%A4ysi%20tuki%22%2C%22tag_icon_title%22%3A%22h3%22%2C%22text_icon%22%3A%22Sis%C3%A4lt%C3%A4en%20laitem%C3%A4%C3%A4rityksen%2C%20asennuksen%2C%20yll%C3%A4pidon%20ja%20huollon%22%7D%2C%7B%22icon_electroluxpro%22%3A%22elx-icon%20icon-circle-easy-blue%22%2C%22title_icon%22%3A%22Yksi%20kuukausimaksu%22%2C%22tag_icon_title%22%3A%22h3%22%2C%22text_icon%22%3A%22Maksat%20vain%20yhden%20kuukausimaksun%20%E2%80%93%20ilman%20odottamattomia%20kuluja%22%7D%2C%7B%22icon_electroluxpro%22%3A%22elx-icon%20icon-circle-laundry-productivity-blue%22%2C%22title_icon%22%3A%22Erikoisvarusteet%22%2C%22tag_icon_title%22%3A%22h3%22%2C%22text_icon%22%3A%22Mikrokuituisten%20siivoustekstiilien%20tehokas%20puhdistus%22%7D%5D&#8221;][\/elx_features_download][vc_empty_space height=&#8221;40px&#8221;][\/vc_column][\/vc_row][vc_row][vc_column][elx_video_text link_video=&#8221;https:\/\/youtu.be\/yJT6vPyGLgE&#8221; title=&#8221;T\u00e4yden tuen palvelu&#8221; bg_row=&#8221;bg-download-blue&#8221; color_text_row=&#8221;text-white&#8221; image_preview=&#8221;12402&#8243;]NCircl-U-tiimi arvioi pyykinpesutarpeesi, suosittelee k\u00e4ytt\u00f6\u00f6si parhaita <span class=\"TextRun Highlight SCXW148644861 BCX0\" lang=\"FI-FI\" xml:lang=\"FI-FI\" data-contrast=\"auto\"><span class=\"NormalTextRun SCXW148644861 BCX0\">pesula<\/span><span class=\"NormalTextRun SCXW148644861 BCX0\">laitteita<\/span><\/span> ja toimittaa, asentaa sek\u00e4 ohjelmoi ne. <span class=\"TextRun Highlight SCXW148644861 BCX0\" lang=\"FI-FI\" xml:lang=\"FI-FI\" data-contrast=\"auto\"><span class=\"NormalTextRun SCXW148644861 BCX0\">Pesulal<\/span><span class=\"NormalTextRun SCXW148644861 BCX0\">aitteet<\/span><\/span>\u00a0voidaan tarvittaessa vaihtaa, poistaa k\u00e4yt\u00f6st\u00e4, varastoida sek\u00e4 asentaa uuteen paikkaan. Huolehdimme my\u00f6s vanhojen laitteiden h\u00e4vitt\u00e4misen.[\/elx_video_text][\/vc_column][\/vc_row][vc_row][vc_column][vc_empty_space][elx_text_image style_image=&#8221;image_square&#8221; bg_row=&#8221;bg-download-white&#8221; title=&#8221;Yksi kiinte\u00e4 kuukausimaksu&#8221; lists=&#8221;%5B%7B%7D%5D&#8221; values=&#8221;%5B%7B%7D%5D&#8221; single_image=&#8221;12395&#8243;]Kiinte\u00e4 kuukausihinta* kattaa kaikki kustannukset \u2013 ilman piilokuluja, koko sopimuksen voimassaoloajan. Kuukausimaksuun sis\u00e4ltyy laitevuokra, asennus, Electrolux Professionalin huolto-ohjelman mukaiset huollot ja tarvittavat varaosat, sek\u00e4 mahdolliset rikkoutumis- ja korjauskustannukset.<\/p>\n<p>Jos laitetta ei voida vikatilanteessa korjata, toimitamme sinulle veloituksetta vastaavan laitteen tilalle. NCircl-U -sopimus tarjoaa t\u00e4yden takuun koko sopimuskauden ajaksi.<\/p>\n<p><sup>*<em>k\u00e4ytt\u00f6kustannukset, kuten s\u00e4hk\u00f6, vesi ja pesuaineet eiv\u00e4t sis\u00e4lly kuukausihintaan<\/em><\/sup>[\/elx_text_image][vc_empty_space][\/vc_column][\/vc_row][vc_row][vc_column][elx_text_image style_image=&#8221;image_square&#8221; image_position=&#8221;image_left&#8221; bg_row=&#8221;bg-download-white&#8221; title=&#8221;Erikoisvarusteet&#8221; lists=&#8221;%5B%7B%7D%5D&#8221; values=&#8221;%5B%7B%22tag_icon_title%22%3A%22h4%22%7D%5D&#8221; single_image=&#8221;12401&#8243;]NCircl-U -sopimuksissa k\u00e4ytet\u00e4\u00e4n erikoispesukoneita ja kuivausrumpuja mikrokuituisten siivoustekstiilien optimaalisen puhdistamisen turvaamiseksi.<\/p>\n<p><span class=\"NormalTextRun SCXW23285486 BCX0\">Hanki\u00a0<\/span><span class=\"NormalTextRun SCXW23285486 BCX0\">pyykin<\/span><span class=\"NormalTextRun SCXW23285486 BCX0\">p<\/span><span class=\"NormalTextRun SCXW23285486 BCX0\">esukone<\/span><span class=\"NormalTextRun SCXW23285486 BCX0\">\u00a0ammattik\u00e4ytt\u00f6\u00f6n ja<\/span><span class=\"NormalTextRun SCXW23285486 BCX0\"> varmista,<\/span> ett\u00e4 jokainen tekstiili on hygieenisesti puhdas pesu- ja kuivausjakson lopussa. Lis\u00e4ksi oikean ohjelman k\u00e4ytt\u00f6 voi auttaa pident\u00e4m\u00e4\u00e4n mikrokuitumateriaalien k\u00e4ytt\u00f6ik\u00e4\u00e4 ja pienent\u00e4m\u00e4\u00e4n kuluja entisest\u00e4\u00e4n.[\/elx_text_image][vc_empty_space][\/vc_column][\/vc_row][vc_row custom_color_row=&#8221;bg-row-light-blue&#8221; full_width=&#8221;electroluxpro-full-width-no-padding&#8221;][vc_column][vc_empty_space][vc_column_text]<\/p>\n<h3 style=\"text-align: center;\">NCircl-U.<br \/>\nT\u00e4yden palvelun ammattipesularatkaisu.<br \/>\nSinun ymp\u00e4rillesi rakennettu.<\/h3>\n<p>[\/vc_column_text][vc_empty_space][vc_empty_space][\/vc_column][\/vc_row][vc_row el_id=&#8221;contactus&#8221;][vc_column][vc_empty_space height=&#8221;32pt&#8221;][elx_heading font_container=&#8221;h1&#8243; text_color=&#8221;inherit&#8221; text_align=&#8221;text-center&#8221;]Haluatko tiet\u00e4\u00e4 lis\u00e4\u00e4? Ota meihin yhteytt\u00e4.[\/elx_heading][vc_empty_space height=&#8221;15pt&#8221;][elx_o2000_contact_us flag_hide_request_type=&#8221;true&#8221; b=&#8221;laundry&#8221; r=&#8221;Haluan lis\u00e4tietoja NCircl-U -vuokrauspalvelusta.&#8221;][vc_empty_space height=&#8221;32pt&#8221;][vc_empty_space][elx_heading text_color=&#8221;inherit&#8221;]Usein kysytyt kysymykset[\/elx_heading]<div class=\"elx-accordion \">    <div class=\"elx-accordion-heading\">        <a class=\"elx-accordion-link elx-accordion-close\">            <h3 class=\" elx-accordion-title\">                Mik\u00e4 on NCircl-U-palvelu?                <img decoding=\"async\" src=\"https:\/\/www.electroluxprofessional.com\/fi\/wp-content\/themes\/electroluxpro\/assets\/epr-icon-minus-blue.svg\" class=\"elx-minus elx-hidden\" \/>                <img decoding=\"async\" src=\"https:\/\/www.electroluxprofessional.com\/fi\/wp-content\/themes\/electroluxpro\/assets\/epr-icon-plus-blue.svg\" class=\"elx-plus\" \/>            <\/h3>        <\/a>    <\/div>    <div class=\"elx-accordion-body elx-accordion-close\"><p>[vc_column_text]<span class=\"TextRun SCXW227921102 BCX0\" lang=\"FI-FI\" xml:lang=\"FI-FI\" data-contrast=\"auto\"><span class=\"NormalTextRun SCXW227921102 BCX0\">Electrolux Professionalin\u00a0<\/span><span class=\"NormalTextRun SpellingErrorV2Themed SCXW227921102 BCX0\">NCircl<\/span><span class=\"NormalTextRun SCXW227921102 BCX0\">-U on ammattipesulalaitteiden vuokrauspalvelu<\/span><span class=\"NormalTextRun SCXW227921102 BCX0\">, jonka\u00a0<\/span><span class=\"NormalTextRun SCXW227921102 BCX0\">avulla voit keskitty\u00e4\u00a0<\/span><span class=\"NormalTextRun SCXW227921102 BCX0\">ydin<\/span><span class=\"NormalTextRun SCXW227921102 BCX0\">liiketoimintaasi, ilman huolta pesulalaitteidesi p\u00e4ivitt\u00e4isest\u00e4 hallinnasta.\u00a0<\/span><span class=\"NormalTextRun SpellingErrorV2Themed SCXW227921102 BCX0\">NCircl<\/span><span class=\"NormalTextRun SCXW227921102 BCX0\">-U-vuokrauspalvelu<\/span><span class=\"NormalTextRun SCXW227921102 BCX0\">\u00a0on t\u00e4yden palvelun\u00a0<\/span><span class=\"NormalTextRun SCXW227921102 BCX0\">pesula<\/span><span class=\"NormalTextRun SCXW227921102 BCX0\">ratkaisu, joka on rakennettu sinun ymp\u00e4rillesi<\/span><span class=\"NormalTextRun SCXW227921102 BCX0\">.<\/span><\/span>[\/vc_column_text]<\/p>\n    <\/div><\/div><div class=\"elx-accordion \">    <div class=\"elx-accordion-heading\">        <a class=\"elx-accordion-link elx-accordion-close\">            <h3 class=\" elx-accordion-title\">                Mit\u00e4 kaikkea NCircl-U-palveluun kuuluu?                <img decoding=\"async\" src=\"https:\/\/www.electroluxprofessional.com\/fi\/wp-content\/themes\/electroluxpro\/assets\/epr-icon-minus-blue.svg\" class=\"elx-minus elx-hidden\" \/>                <img decoding=\"async\" src=\"https:\/\/www.electroluxprofessional.com\/fi\/wp-content\/themes\/electroluxpro\/assets\/epr-icon-plus-blue.svg\" class=\"elx-plus\" \/>            <\/h3>        <\/a>    <\/div>    <div class=\"elx-accordion-body elx-accordion-close\"><p>[vc_column_text]<span data-contrast=\"auto\">Electrolux Professionalin\u00a0NCircl-U-palvelu on t\u00e4yden palvelun\u00a0pesulalaitteiden vuokrauspalvelu, jossa maksat vain kiinte\u00e4n kuukausihinnan. Arvioimme my\u00f6s pyykinpesutarpeesi, suosittelemme sinulle parhaiten sopivat pesulalaitteet ja toimitamme ne. Kiinte\u00e4 kuukausihinta kattaa:<\/span><span data-ccp-props=\"{}\">\u00a0<\/span><\/p>\n<ul>\n<li aria-setsize=\"-1\" data-leveltext=\"\uf0b7\" data-font=\"Symbol\" data-listid=\"2\" data-list-defn-props=\"{&quot;335552541&quot;:1,&quot;335559685&quot;:720,&quot;335559991&quot;:360,&quot;469769226&quot;:&quot;Symbol&quot;,&quot;469769242&quot;:[8226],&quot;469777803&quot;:&quot;left&quot;,&quot;469777804&quot;:&quot;\uf0b7&quot;,&quot;469777815&quot;:&quot;hybridMultilevel&quot;}\" data-aria-posinset=\"1\" data-aria-level=\"1\"><span data-contrast=\"auto\">Laitevuokran<\/span><span data-ccp-props=\"{}\">\u00a0<\/span><\/li>\n<li aria-setsize=\"-1\" data-leveltext=\"\uf0b7\" data-font=\"Symbol\" data-listid=\"2\" data-list-defn-props=\"{&quot;335552541&quot;:1,&quot;335559685&quot;:720,&quot;335559991&quot;:360,&quot;469769226&quot;:&quot;Symbol&quot;,&quot;469769242&quot;:[8226],&quot;469777803&quot;:&quot;left&quot;,&quot;469777804&quot;:&quot;\uf0b7&quot;,&quot;469777815&quot;:&quot;hybridMultilevel&quot;}\" data-aria-posinset=\"1\" data-aria-level=\"1\"><span data-contrast=\"auto\">Pesulalaitteen asennuksen ja ohjelmoinnin<\/span><span data-ccp-props=\"{}\">\u00a0<\/span><\/li>\n<li aria-setsize=\"-1\" data-leveltext=\"\uf0b7\" data-font=\"Symbol\" data-listid=\"2\" data-list-defn-props=\"{&quot;335552541&quot;:1,&quot;335559685&quot;:720,&quot;335559991&quot;:360,&quot;469769226&quot;:&quot;Symbol&quot;,&quot;469769242&quot;:[8226],&quot;469777803&quot;:&quot;left&quot;,&quot;469777804&quot;:&quot;\uf0b7&quot;,&quot;469777815&quot;:&quot;hybridMultilevel&quot;}\" data-aria-posinset=\"1\" data-aria-level=\"1\"><span data-contrast=\"auto\">Electrolux Professionalin huolto-ohjelman mukaiset huollot ja tarvittavat varaosat<\/span><span data-ccp-props=\"{}\">\u00a0<\/span><\/li>\n<li aria-setsize=\"-1\" data-leveltext=\"\uf0b7\" data-font=\"Symbol\" data-listid=\"2\" data-list-defn-props=\"{&quot;335552541&quot;:1,&quot;335559685&quot;:720,&quot;335559991&quot;:360,&quot;469769226&quot;:&quot;Symbol&quot;,&quot;469769242&quot;:[8226],&quot;469777803&quot;:&quot;left&quot;,&quot;469777804&quot;:&quot;\uf0b7&quot;,&quot;469777815&quot;:&quot;hybridMultilevel&quot;}\" data-aria-posinset=\"1\" data-aria-level=\"1\"><span data-contrast=\"auto\">Mahdolliset rikkoutumis- ja korjauskustannukset<\/span><span data-ccp-props=\"{}\">\u00a0<\/span><\/li>\n<li aria-setsize=\"-1\" data-leveltext=\"\uf0b7\" data-font=\"Symbol\" data-listid=\"2\" data-list-defn-props=\"{&quot;335552541&quot;:1,&quot;335559685&quot;:720,&quot;335559991&quot;:360,&quot;469769226&quot;:&quot;Symbol&quot;,&quot;469769242&quot;:[8226],&quot;469777803&quot;:&quot;left&quot;,&quot;469777804&quot;:&quot;\uf0b7&quot;,&quot;469777815&quot;:&quot;hybridMultilevel&quot;}\" data-aria-posinset=\"1\" data-aria-level=\"1\"><span data-contrast=\"auto\">T\u00e4yden takuun koko sopimuskauden ajaksi<\/span><span data-ccp-props=\"{}\">\u00a0<\/span><\/li>\n<li aria-setsize=\"-1\" data-leveltext=\"\uf0b7\" data-font=\"Symbol\" data-listid=\"2\" data-list-defn-props=\"{&quot;335552541&quot;:1,&quot;335559685&quot;:720,&quot;335559991&quot;:360,&quot;469769226&quot;:&quot;Symbol&quot;,&quot;469769242&quot;:[8226],&quot;469777803&quot;:&quot;left&quot;,&quot;469777804&quot;:&quot;\uf0b7&quot;,&quot;469777815&quot;:&quot;hybridMultilevel&quot;}\" data-aria-posinset=\"1\" data-aria-level=\"1\"><span data-contrast=\"auto\">Jatkuvan tuen<\/span><\/li>\n<\/ul>\n<p>[\/vc_column_text]<\/p>\n    <\/div><\/div><div class=\"elx-accordion \">    <div class=\"elx-accordion-heading\">        <a class=\"elx-accordion-link elx-accordion-close\">            <h3 class=\" elx-accordion-title\">                Miksi kannattaa vuokrata pesulalaite ostamisen sijaan?                <img decoding=\"async\" src=\"https:\/\/www.electroluxprofessional.com\/fi\/wp-content\/themes\/electroluxpro\/assets\/epr-icon-minus-blue.svg\" class=\"elx-minus elx-hidden\" \/>                <img decoding=\"async\" src=\"https:\/\/www.electroluxprofessional.com\/fi\/wp-content\/themes\/electroluxpro\/assets\/epr-icon-plus-blue.svg\" class=\"elx-plus\" \/>            <\/h3>        <\/a>    <\/div>    <div class=\"elx-accordion-body elx-accordion-close\"><p>[vc_column_text]<span data-contrast=\"auto\">Pesulalaitteen\u00a0vuokraaminen\u00a0NCircl-U-palvelun kautta\u00a0tuo mukanaan lukuisia etuja\u00a0ostamisen sijaan:<\/span><span data-ccp-props=\"{}\">\u00a0<\/span><\/p>\n<ul>\n<li><span data-contrast=\"auto\">Electrolux Professionalin asiakkaana maksat vain kiinte\u00e4n kuukausihinnan \u2013 ilman piilokuluja.<\/span><span data-ccp-props=\"{}\">\u00a0<\/span><\/li>\n<li><span data-contrast=\"auto\">Vuokraaminen suojaa yrityksen kassavirtaa.<\/span><span data-ccp-props=\"{}\">\u00a0<\/span><\/li>\n<li><span data-contrast=\"auto\">Sinulle r\u00e4\u00e4t\u00e4l\u00f6idyt ammattipesularatkaisut: saa k\u00e4ytt\u00f6\u00f6si\u00a0parhaat mahdolliset ammattipesulalaitteet, sis\u00e4lt\u00e4en mm. erikoisohjelmat moppien ja mikrokuituliinojen hygieeniseen puhdistamiseen.<\/span><span data-ccp-props=\"{}\">\u00a0<\/span><\/li>\n<li><span data-contrast=\"auto\">Vuokraus tuo joustavuutta:\u00a0voit tarpeen muuttuessa p\u00e4ivitt\u00e4\u00e4 tai uudelleenasentaa laitteet.<\/span><span data-ccp-props=\"{}\">\u00a0<\/span><\/li>\n<li><span data-contrast=\"auto\">Electrolux Professional poistaa\u00a0laitteet k\u00e4yt\u00f6st\u00e4, varastoi\u00a0ne kolmen kuukauden ajan ja asentaa\u00a0tarvittaessa uudelleen uuteen paikkaan, jos olosuhteet muuttuvat.<\/span><span data-ccp-props=\"{}\">\u00a0<\/span><\/li>\n<\/ul>\n<p>[\/vc_column_text]<\/p>\n    <\/div><\/div>[vc_empty_space][\/vc_column][\/vc_row]<\/p>\n","protected":false},"excerpt":{"rendered":"<p>[vc_row full_width=&#8221;electroluxpro-full-width-no-padding&#8221;][vc_column][elx_image_block background_image=&#8221;12399&#8243; minimum_height=&#8221;400px&#8221;][vc_empty_space][\/vc_column][\/vc_row][vc_row][vc_column][elx_text_image tag_title=&#8221;h1&#8243; style_image=&#8221;image_square&#8221; bg_row=&#8221;bg-download-white&#8221; title=&#8221;NCircl-U \u2013 ammattipesulalaitteiden vuokrauspalvelu&#8221; lists=&#8221;%5B%7B%7D%5D&#8221; values=&#8221;%5B%7B%22tag_icon_title%22%3A%22h4%22%7D%5D&#8221; link=&#8221;url:%23contactus|title:kysy%20meilt%C3%A4%20lis%C3%A4%C3%A4&#8243; single_image=&#8221;12455&#8243;]NCircl-U on\u00a0t\u00e4yden palvelun\u00a0ammattipesulalaitteiden vuokrauspalvelu, joka on rakennettu sinun ymp\u00e4rillesi. Keskity omaan\u00a0ydinliiketoimintaasi \u2013 ja j\u00e4t\u00e4 pesulaprosessiesi p\u00e4ivitt\u00e4inen hallinta meille. Maksat vain yhden kiinte\u00e4n kuukausimaksun* \u2013 ilman piilokuluja. *k\u00e4ytt\u00f6kustannukset, kuten s\u00e4hk\u00f6, vesi ja pesuaineet eiv\u00e4t sis\u00e4lly kuukausihintaan.[\/elx_text_image][vc_empty_space][\/vc_column][\/vc_row][vc_row full_width=&#8221;electroluxpro-full-width-no-padding&#8221;][vc_column][elx_features_download title=&#8221;Ammattipesulalaitteiden vuokrauspalvelu \u2013 ilman yll\u00e4tyksi\u00e4&#8221; [&hellip;]<\/p>\n","protected":false},"author":135,"featured_media":0,"parent":2396,"menu_order":0,"comment_status":"closed","ping_status":"closed","template":"","meta":{"footnotes":""},"class_list":["post-12403","page","type-page","status-publish","hentry"],"yoast_head":"<!-- This site is optimized with the Yoast SEO plugin v23.3 - https:\/\/yoast.com\/wordpress\/plugins\/seo\/ -->\n<title>Pesulalaitteiden vuokrauspalvelu<\/title>\n<meta name=\"description\" content=\"Etsitk\u00f6 ammattik\u00e4ytt\u00f6\u00f6n pesulalaitteita ilman p\u00e4ivitt\u00e4ist\u00e4 yll\u00e4pitohuolta? Tutustu NCircl-U-palveluun \u2013 maksat vain kiinte\u00e4n kuukausimaksun!\" \/>\n<meta name=\"robots\" content=\"index, follow, max-snippet:-1, max-image-preview:large, max-video-preview:-1\" \/>\n<link rel=\"canonical\" href=\"https:\/\/www.electroluxprofessional.com\/fi\/ammattipesulalaitteet\/ammattipesulalaitteiden-vuokrauspalvelu\/\" \/>\n<meta property=\"og:locale\" content=\"fi_FI\" \/>\n<meta property=\"og:type\" content=\"article\" \/>\n<meta property=\"og:title\" content=\"Pesulalaitteiden vuokrauspalvelu\" \/>\n<meta property=\"og:description\" content=\"Etsitk\u00f6 ammattik\u00e4ytt\u00f6\u00f6n pesulalaitteita ilman p\u00e4ivitt\u00e4ist\u00e4 yll\u00e4pitohuolta? Tutustu NCircl-U-palveluun \u2013 maksat vain kiinte\u00e4n kuukausimaksun!\" \/>\n<meta property=\"og:url\" content=\"https:\/\/www.electroluxprofessional.com\/fi\/ammattipesulalaitteet\/ammattipesulalaitteiden-vuokrauspalvelu\/\" \/>\n<meta property=\"og:site_name\" content=\"Electrolux Professional Suomi\" \/>\n<meta property=\"article:modified_time\" content=\"2026-01-27T11:08:56+00:00\" \/>\n<meta name=\"twitter:card\" content=\"summary_large_image\" \/>\n<meta name=\"twitter:label1\" content=\"Arvioitu lukuaika\" \/>\n\t<meta name=\"twitter:data1\" content=\"3 minuuttia\" \/>\n<script type=\"application\/ld+json\" class=\"yoast-schema-graph\">{\"@context\":\"https:\/\/schema.org\",\"@graph\":[{\"@type\":\"WebPage\",\"@id\":\"https:\/\/www.electroluxprofessional.com\/fi\/ammattipesulalaitteet\/ammattipesulalaitteiden-vuokrauspalvelu\/\",\"url\":\"https:\/\/www.electroluxprofessional.com\/fi\/ammattipesulalaitteet\/ammattipesulalaitteiden-vuokrauspalvelu\/\",\"name\":\"Pesulalaitteiden vuokrauspalvelu\",\"isPartOf\":{\"@id\":\"https:\/\/www.electroluxprofessional.com\/fi\/#website\"},\"datePublished\":\"2024-04-03T14:12:58+00:00\",\"dateModified\":\"2026-01-27T11:08:56+00:00\",\"description\":\"Etsitk\u00f6 ammattik\u00e4ytt\u00f6\u00f6n pesulalaitteita ilman p\u00e4ivitt\u00e4ist\u00e4 yll\u00e4pitohuolta? Tutustu NCircl-U-palveluun \u2013 maksat vain kiinte\u00e4n kuukausimaksun!\",\"breadcrumb\":{\"@id\":\"https:\/\/www.electroluxprofessional.com\/fi\/ammattipesulalaitteet\/ammattipesulalaitteiden-vuokrauspalvelu\/#breadcrumb\"},\"inLanguage\":\"fi\",\"potentialAction\":[{\"@type\":\"ReadAction\",\"target\":[\"https:\/\/www.electroluxprofessional.com\/fi\/ammattipesulalaitteet\/ammattipesulalaitteiden-vuokrauspalvelu\/\"]}]},{\"@type\":\"BreadcrumbList\",\"@id\":\"https:\/\/www.electroluxprofessional.com\/fi\/ammattipesulalaitteet\/ammattipesulalaitteiden-vuokrauspalvelu\/#breadcrumb\",\"itemListElement\":[{\"@type\":\"ListItem\",\"position\":1,\"name\":\"Home\",\"item\":\"https:\/\/www.electroluxprofessional.com\/fi\/\"},{\"@type\":\"ListItem\",\"position\":2,\"name\":\"Ammattipesulalaitteet\",\"item\":\"https:\/\/www.electroluxprofessional.com\/fi\/ammattipesulalaitteet\/\"},{\"@type\":\"ListItem\",\"position\":3,\"name\":\"NCircl-U: ammattipesulalaitteiden vuokrauspalvelu\"}]},{\"@type\":\"WebSite\",\"@id\":\"https:\/\/www.electroluxprofessional.com\/fi\/#website\",\"url\":\"https:\/\/www.electroluxprofessional.com\/fi\/\",\"name\":\"Electrolux Professional Suomi\",\"description\":\"\",\"potentialAction\":[{\"@type\":\"SearchAction\",\"target\":{\"@type\":\"EntryPoint\",\"urlTemplate\":\"https:\/\/www.electroluxprofessional.com\/fi\/?src={search_term_string}\"},\"query-input\":\"required name=search_term_string\"}],\"inLanguage\":\"fi\"}]}<\/script>\n<!-- \/ Yoast SEO plugin. -->","yoast_head_json":{"title":"Pesulalaitteiden vuokrauspalvelu","description":"Etsitk\u00f6 ammattik\u00e4ytt\u00f6\u00f6n pesulalaitteita ilman p\u00e4ivitt\u00e4ist\u00e4 yll\u00e4pitohuolta? Tutustu NCircl-U-palveluun \u2013 maksat vain kiinte\u00e4n kuukausimaksun!","robots":{"index":"index","follow":"follow","max-snippet":"max-snippet:-1","max-image-preview":"max-image-preview:large","max-video-preview":"max-video-preview:-1"},"canonical":"https:\/\/www.electroluxprofessional.com\/fi\/ammattipesulalaitteet\/ammattipesulalaitteiden-vuokrauspalvelu\/","og_locale":"fi_FI","og_type":"article","og_title":"Pesulalaitteiden vuokrauspalvelu","og_description":"Etsitk\u00f6 ammattik\u00e4ytt\u00f6\u00f6n pesulalaitteita ilman p\u00e4ivitt\u00e4ist\u00e4 yll\u00e4pitohuolta? Tutustu NCircl-U-palveluun \u2013 maksat vain kiinte\u00e4n kuukausimaksun!","og_url":"https:\/\/www.electroluxprofessional.com\/fi\/ammattipesulalaitteet\/ammattipesulalaitteiden-vuokrauspalvelu\/","og_site_name":"Electrolux Professional Suomi","article_modified_time":"2026-01-27T11:08:56+00:00","twitter_card":"summary_large_image","twitter_misc":{"Arvioitu lukuaika":"3 minuuttia"},"schema":{"@context":"https:\/\/schema.org","@graph":[{"@type":"WebPage","@id":"https:\/\/www.electroluxprofessional.com\/fi\/ammattipesulalaitteet\/ammattipesulalaitteiden-vuokrauspalvelu\/","url":"https:\/\/www.electroluxprofessional.com\/fi\/ammattipesulalaitteet\/ammattipesulalaitteiden-vuokrauspalvelu\/","name":"Pesulalaitteiden vuokrauspalvelu","isPartOf":{"@id":"https:\/\/www.electroluxprofessional.com\/fi\/#website"},"datePublished":"2024-04-03T14:12:58+00:00","dateModified":"2026-01-27T11:08:56+00:00","description":"Etsitk\u00f6 ammattik\u00e4ytt\u00f6\u00f6n pesulalaitteita ilman p\u00e4ivitt\u00e4ist\u00e4 yll\u00e4pitohuolta? Tutustu NCircl-U-palveluun \u2013 maksat vain kiinte\u00e4n kuukausimaksun!","breadcrumb":{"@id":"https:\/\/www.electroluxprofessional.com\/fi\/ammattipesulalaitteet\/ammattipesulalaitteiden-vuokrauspalvelu\/#breadcrumb"},"inLanguage":"fi","potentialAction":[{"@type":"ReadAction","target":["https:\/\/www.electroluxprofessional.com\/fi\/ammattipesulalaitteet\/ammattipesulalaitteiden-vuokrauspalvelu\/"]}]},{"@type":"BreadcrumbList","@id":"https:\/\/www.electroluxprofessional.com\/fi\/ammattipesulalaitteet\/ammattipesulalaitteiden-vuokrauspalvelu\/#breadcrumb","itemListElement":[{"@type":"ListItem","position":1,"name":"Home","item":"https:\/\/www.electroluxprofessional.com\/fi\/"},{"@type":"ListItem","position":2,"name":"Ammattipesulalaitteet","item":"https:\/\/www.electroluxprofessional.com\/fi\/ammattipesulalaitteet\/"},{"@type":"ListItem","position":3,"name":"NCircl-U: ammattipesulalaitteiden vuokrauspalvelu"}]},{"@type":"WebSite","@id":"https:\/\/www.electroluxprofessional.com\/fi\/#website","url":"https:\/\/www.electroluxprofessional.com\/fi\/","name":"Electrolux Professional Suomi","description":"","potentialAction":[{"@type":"SearchAction","target":{"@type":"EntryPoint","urlTemplate":"https:\/\/www.electroluxprofessional.com\/fi\/?src={search_term_string}"},"query-input":"required name=search_term_string"}],"inLanguage":"fi"}]}},"_links":{"self":[{"href":"https:\/\/www.electroluxprofessional.com\/fi\/wp-json\/wp\/v2\/pages\/12403"}],"collection":[{"href":"https:\/\/www.electroluxprofessional.com\/fi\/wp-json\/wp\/v2\/pages"}],"about":[{"href":"https:\/\/www.electroluxprofessional.com\/fi\/wp-json\/wp\/v2\/types\/page"}],"author":[{"embeddable":true,"href":"https:\/\/www.electroluxprofessional.com\/fi\/wp-json\/wp\/v2\/users\/135"}],"replies":[{"embeddable":true,"href":"https:\/\/www.electroluxprofessional.com\/fi\/wp-json\/wp\/v2\/comments?post=12403"}],"version-history":[{"count":14,"href":"https:\/\/www.electroluxprofessional.com\/fi\/wp-json\/wp\/v2\/pages\/12403\/revisions"}],"predecessor-version":[{"id":16178,"href":"https:\/\/www.electroluxprofessional.com\/fi\/wp-json\/wp\/v2\/pages\/12403\/revisions\/16178"}],"up":[{"embeddable":true,"href":"https:\/\/www.electroluxprofessional.com\/fi\/wp-json\/wp\/v2\/pages\/2396"}],"wp:attachment":[{"href":"https:\/\/www.electroluxprofessional.com\/fi\/wp-json\/wp\/v2\/media?parent=12403"}],"curies":[{"name":"wp","href":"https:\/\/api.w.org\/{rel}","templated":true}]}}