{"id":12311,"date":"2024-03-28T20:25:13","date_gmt":"2024-03-28T20:25:13","guid":{"rendered":"https:\/\/www.electroluxprofessional.com\/fi\/?page_id=12311"},"modified":"2025-11-05T14:21:39","modified_gmt":"2025-11-05T14:21:39","slug":"line-6000-ammattipesulalaitteet","status":"publish","type":"page","link":"https:\/\/www.electroluxprofessional.com\/fi\/ammattipesulalaitteet\/line-6000-ammattipesulalaitteet\/","title":{"rendered":"Line 6000 ammattipesulalaitteet"},"content":{"rendered":"<p>[vc_row full_width=&#8221;electroluxpro-full-width-no-padding&#8221;][vc_column][elx_image_block background_image=&#8221;12296&#8243; minimum_height=&#8221;400px&#8221;][vc_empty_space][\/vc_column][\/vc_row][vc_row][vc_column][elx_heading font_container=&#8221;h1&#8243; text_color=&#8221;inherit&#8221; text_align=&#8221;text-center&#8221;]Line 6000 ammattipesulalaitteet[\/elx_heading][elx_heading text_color=&#8221;inherit&#8221; text_align=&#8221;text-center&#8221;]Line 6000 pesukoneet, kuivauskaapit, kuivausrummut ja mankelit \u2013 energiatehokkaat ammattipesulalaitteet jokaiseen pesulaan.[\/elx_heading][vc_empty_space][vc_column_text]Pienenn\u00e4 pesulasi kokonaisk\u00e4ytt\u00f6kustannuksia tinkim\u00e4tt\u00e4 suorituskyvyst\u00e4.<\/p>\n<p>Yhdist\u00e4 <strong>korkeateholinkoiset pesukoneet<\/strong> uuden sukupolven <strong>l\u00e4mp\u00f6pumppukuivausrumpujen<\/strong> kanssa minimoidaksesi nousevien energiakustannusten vaikutukset ja pysy\u00e4ksesi kilpailukykyisen\u00e4. Viimeistele pesuprosessisi <strong>mankeliemme<\/strong> avulla &#8211; ja saavuta t\u00e4ydelliset pyykinpesutulokset![\/vc_column_text][vc_empty_space][elx_button button_text=&#8221;siirry tuotteisiin&#8221; button_style=&#8221;secondary&#8221; button_link=&#8221;url:%23products|title:siirry%20tuotteisiin&#8221;][vc_empty_space][\/vc_column][\/vc_row][vc_row full_width=&#8221;electroluxpro-full-width-no-padding&#8221;][vc_column][elx_features_download title=&#8221;&#8221; title_position=&#8221;top&#8221; bg_row=&#8221;bg-row-sustainability-green&#8221; values=&#8221;%5B%7B%22select_type%22%3A%22link%22%7D%5D&#8221; discover=&#8221;%5B%7B%7D%5D&#8221; features=&#8221;%5B%7B%22icon_electroluxpro%22%3A%22elx-icon%20icon-70-energy-savings-white%22%2C%22title_icon%22%3A%22Energians%C3%A4%C3%A4st%C3%B6t%22%2C%22text_icon%22%3A%22%C3%84lyk%C3%A4s%20sijoitus%20konkreettiseen%20tuottoon%20%E2%80%93%20s%C3%A4%C3%A4st%C3%A4%20yli%2070%20%25%20pesulasi%20k%C3%A4ytt%C3%B6kustannuksia%20k%C3%A4ytt%C3%A4m%C3%A4ll%C3%A4%20korkeateholinkoisia%20Line%206000%20pesukoneita%20yhdess%C3%A4%20Line%206000%20l%C3%A4mp%C3%B6pumppukuivausrumpujen%20kanssa.%20%5Cn%3Cbr%3E%5Cn%3Cbr%3E%5Cn%3Csup%3E*verrattaessa%20normaalilinkoista%20pesukonetta%20ja%20hormiliit%C3%A4nt%C3%A4ist%C3%A4%20kuivausrumpua%20(WN6-14%20ja%20TD6-14)%20pesukoneeseen%20WH6-14%20ja%20kuivausrumpuun%20TD6-14HP.%3C%2Fsup%3E%22%7D%5D&#8221;][\/elx_features_download][elx_features_download title=&#8221;Vastuullisen pyykinpesun edell\u00e4j\u00e4k\u00e4vijyytt\u00e4&#8221; class_title=&#8221;h2&#8243; title_download=&#8221;Lataa esite&#8221; title_discover=&#8221;Tutustu&#8221; bg_discover_color=&#8221;bg-download-white&#8221; link_discover_color=&#8221;download-text-blue&#8221; title_position=&#8221;top&#8221; bg_row=&#8221;bg-row-light-blue&#8221; values=&#8221;%5B%7B%22select_type%22%3A%22link%22%2C%22link_download%22%3A%22url%3Ahttps%253A%252F%252Fwww.electroluxprofessional.com%252Ffi%252Fwp-content%252Fuploads%252F2024%252F03%252FElectrolux-Professional-Vastuullisuus-esite.pdf%7Ctitle%3AVastuullisuus%2520esite%2520%7Ctarget%3A_blank%22%7D%2C%7B%22select_type%22%3A%22link%22%2C%22link_download%22%3A%22url%3Ahttps%253A%252F%252Fwww.electroluxprofessional.com%252Ffi%252Fwp-content%252Fuploads%252F2024%252F03%252FEPR_Line-6000-Washers-Dryers-brochure-16032023_LR.pdf%7Ctitle%3ALine%25206000%2520pesukoneet%2520ja%2520kuivausrummut%2520(EN)%22%2C%22label_pride_document%22%3A%22Line%206000%20Washers%20and%20Dryers%22%2C%22document_type%22%3A%22brochures%22%2C%22br_document_number%22%3A%22A0109%22%7D%2C%7B%22select_type%22%3A%22link%22%2C%22link_download%22%3A%22url%3Ahttps%253A%252F%252Fwww.electroluxprofessional.com%252Fwp-content%252Fuploads%252F2023%252F09%252FEPR_Leaflet-Detergents_Ecolabel_ENG_05102021_LR.pdf%7Ctitle%3AEcolabel%2520pesuaineet%2520(EN)%22%2C%22label_pride_document%22%3A%22Ecolabel%20Detergents%22%2C%22document_type%22%3A%22brochures%22%2C%22br_document_number%22%3A%22A0123%22%7D%5D&#8221; discover=&#8221;%5B%7B%22link_discover%22%3A%22url%3Ahttps%253A%252F%252Fwww.electroluxprofessional.com%252Ffi%252Ftee-pesulaliiketoiminnastasi-kestavampaa%252F%7Ctitle%3A4%2520vinkki%25C3%25A4%253A%2520tee%2520pesulaliiketoiminnastasi%2520kest%25C3%25A4v%25C3%25A4mp%25C3%25A4%25C3%25A4%7Ctarget%3A_blank%22%7D%2C%7B%22link_discover%22%3A%22url%3Ahttps%253A%252F%252Fwww.electroluxprofessional.com%252Ffi%252Fkuivausrummut-ja-energiansaasto%252F%7Ctitle%3AS%25C3%25A4%25C3%25A4st%25C3%25A4%2520jopa%252065%2525%2520l%25C3%25A4mp%25C3%25B6pumppukuivausrumpujemme%2520avulla%7Ctarget%3A_blank%22%7D%5D&#8221; features=&#8221;%5B%7B%22icon_electroluxpro%22%3A%22elx-icon%20icon-circle-savings-green-blue%22%2C%22title_icon%22%3A%22Alhaisempi%20kemikaalien%20ja%20pesuaineiden%20kulutus%22%2C%22text_icon%22%3A%22Pienemm%C3%A4t%20elinkaarikustannukset%20%C3%A4lykk%C3%A4iden%20annostelutoimintojen%20ansiosta%22%7D%2C%7B%22icon_electroluxpro%22%3A%22elx-icon%20icon-circle-graphic-blue%22%2C%22title_icon%22%3A%22Maksimaalinen%20vedenpoisto%22%2C%22text_icon%22%3A%22Suuret%20poistonopeudet%20tehostavat%20veden%20k%C3%A4ytt%C3%B6%C3%A4%22%7D%2C%7B%22icon_electroluxpro%22%3A%22elx-icon%20icon-circle-laundry-productivity-blue%22%2C%22title_icon%22%3A%22Suorituskyvyn%20yll%C3%A4pito%2065%20%25%20v%C3%A4hemm%C3%A4ll%C3%A4%20energialla%22%2C%22text_icon%22%3A%22Nopeammat%20kuivausjaksot%20uuden%20l%C3%A4mp%C3%B6pumpputekniikan%20ansiosta%5Cn%22%7D%5D&#8221;][\/elx_features_download][vc_empty_space][\/vc_column][\/vc_row][vc_row][vc_column][elx_text_image style_image=&#8221;image_square&#8221; bg_row=&#8221;bg-download-white&#8221; title=&#8221;Alhaisempi kemikaalien ja pesuaineiden kulutus&#8221; lists=&#8221;%5B%7B%7D%5D&#8221; values=&#8221;%5B%7B%7D%5D&#8221; single_image=&#8221;12300&#8243;]Pesuaineet, kemikaalit ja apuohjelmat muodostavat jopa 90 % ammattik\u00e4yt\u00f6n pesukoneen elinkaarikustannuksista.<\/p>\n<p>Lopeta yliannostelu ja paranna kokonaiskustannuksia Clarus Vibe -malleissa saatavilla olevien \u00e4lykk\u00e4iden ominaisuuksien avulla. S\u00e4\u00e4d\u00e4 pesuainetta automaattisesti kuorman painon mukaan k\u00e4ytt\u00e4m\u00e4ll\u00e4 <strong>Intelligent Dosing -annostelutoimintoa<\/strong>, kun taas <strong>Integrated Savings\u00a0-s\u00e4\u00e4st\u00f6toiminto<\/strong> tarjoaa reaaliaikaista tietoa koneen yli- tai alikuormituksen v\u00e4ltt\u00e4miseksi.[\/elx_text_image][\/vc_column][\/vc_row][vc_row][vc_column][elx_text_image number_images=&#8221;n&#8221; style_image=&#8221;image_square&#8221; image_position=&#8221;image_left&#8221; bg_row=&#8221;bg-download-white&#8221; title=&#8221;Maksimaalinen vedenpoisto&#8221; lists=&#8221;%5B%7B%7D%5D&#8221; values=&#8221;%5B%7B%7D%5D&#8221; multi_images=&#8221;12301&#8243;]Maksimoi vedenpoisto pesuvaiheessa j\u00e4\u00e4nn\u00f6skosteuspitoisuuden minimoimiseksi ja kuivumisajan lyhent\u00e4miseksi.<\/p>\n<p><strong>Automatic Savings -s\u00e4\u00e4st\u00f6toiminto<\/strong> punnitsee liinavaatteet ja s\u00e4\u00e4t\u00e4\u00e4 vedenoton automaattisesti todellisen t\u00e4ytt\u00f6m\u00e4\u00e4r\u00e4n mukaan. T\u00e4m\u00e4 auttaa s\u00e4\u00e4st\u00e4m\u00e4\u00e4n vett\u00e4, energiaa ja pesuainetta.<\/p>\n<p><strong>Power Balance -toiminto<\/strong> auttaa saavuttamaan mahdollisimman alhaisen vedenpid\u00e4tyskyvyn ennen kuivausvaihetta reaaliaikaisen ep\u00e4tasapainon valvonnan ja G-tekij\u00e4n s\u00e4\u00e4d\u00f6n avulla.[\/elx_text_image][vc_empty_space][\/vc_column][\/vc_row][vc_row][vc_column][elx_text_image number_images=&#8221;n&#8221; style_image=&#8221;image_square&#8221; bg_row=&#8221;bg-download-white&#8221; title=&#8221;Suorituskyvyn yll\u00e4pito 65 % v\u00e4hemm\u00e4ll\u00e4 energialla&#8221; lists=&#8221;%5B%7B%7D%5D&#8221; values=&#8221;%5B%7B%7D%5D&#8221; multi_images=&#8221;12302&#8243;]Saavuta vastaavat kuivausajat kuin hormiliit\u00e4nt\u00e4isell\u00e4 kuivausrummulla &#8211; vain murto-osalla energiankulutuksesta.<\/p>\n<p><strong>Uusi teknologia mahdollistaa 35 minuutin kuivausjaksot<\/strong> \u2013 kaksi kertaa nopeammat kuin perinteisill\u00e4 l\u00e4mp\u00f6pumppukuivausrummuilla. Hiljaisempaa toimintaa, enemm\u00e4n tuottavuutta ja nopeampaa ROI:ta![\/elx_text_image][vc_empty_space][\/vc_column][\/vc_row][vc_row disable_element=&#8221;yes&#8221; css=&#8221;.vc_custom_1699948553798{background-color: #e9eff5 !important;}&#8221;][vc_column][elx_multiple_columns number_columns=&#8221;4&#8243; title=&#8221;Industry solutions&#8221; values=&#8221;%5B%7B%22image_section%22%3A%2212308%22%2C%22title_section%22%3A%22Laundromats%22%2C%22text_section%22%3A%22Generate%20more%20revenue%20by%20reducing%20cycle%20times%20to%5Cnmaximize%20customer%20throughput.%20%5Cn%22%2C%22link_section%22%3A%22url%3Ahttps%253A%252F%252Fwww.electroluxprofessional.com%252Fyour-business%252Fself-service-laundries%252Flaundromats%252F%7Ctitle%3ADiscover%22%7D%2C%7B%22image_section%22%3A%2212309%22%2C%22title_section%22%3A%22Hotels%22%2C%22text_section%22%3A%22Offset%20rising%20energy%20costs%20by%20reducing%20utility%5Cnconsumption%20and%20optimizing%20machine%20utilization.%20%22%2C%22link_section%22%3A%22url%3Ahttps%253A%252F%252Fwww.electroluxprofessional.com%252Fyour-business%252Fhotels%252F%7Ctitle%3ADiscover%22%7D%2C%7B%22image_section%22%3A%2212310%22%2C%22title_section%22%3A%22Multi-housing%20laundries%22%2C%22text_section%22%3A%22Minimize%20noise%20disruption%20through%20quiet%20heat%20pump%5Cnoperation%20while%20offering%20affordable%20cost-per-cycle.%22%2C%22link_section%22%3A%22url%3Ahttps%253A%252F%252Fwww.electroluxprofessional.com%252Fyour-business%252Fself-service-laundries%252Fmulti-housing-laundry%252F%7Ctitle%3ADiscover%22%7D%5D&#8221;][\/elx_multiple_columns][\/vc_column][\/vc_row][vc_row css=&#8221;.vc_custom_1697797242921{background-color: rgba(136,184,204,0.8) !important;*background-color: rgb(136,184,204) !important;}&#8221;][vc_column][elx_heading text_color=&#8221;inherit&#8221; text_align=&#8221;text-center&#8221;]K\u00e4ytt\u00f6kohteita[\/elx_heading][vc_empty_space][\/vc_column][\/vc_row][vc_row css=&#8221;.vc_custom_1697795488697{background-color: rgba(136,184,204,0.8) !important;*background-color: rgb(136,184,204) !important;}&#8221;][vc_column width=&#8221;1\/3&#8243;][vc_single_image image=&#8221;12374&#8243; img_size=&#8221;full&#8221; alignment=&#8221;center&#8221;][vc_empty_space height=&#8221;20px&#8221;][elx_heading text_color=&#8221;inherit&#8221; text_align=&#8221;text-center&#8221;]Terveydenhuolto[\/elx_heading][vc_empty_space][\/vc_column][vc_column width=&#8221;1\/3&#8243;][vc_single_image image=&#8221;12371&#8243; img_size=&#8221;full&#8221; alignment=&#8221;center&#8221;][vc_empty_space height=&#8221;20px&#8221;][elx_heading text_color=&#8221;inherit&#8221; text_align=&#8221;text-center&#8221;]Hotellit[\/elx_heading][vc_empty_space][\/vc_column][vc_column width=&#8221;1\/3&#8243;][vc_single_image image=&#8221;12372&#8243; img_size=&#8221;full&#8221; alignment=&#8221;center&#8221;][vc_empty_space height=&#8221;20px&#8221;][elx_heading text_color=&#8221;inherit&#8221; text_align=&#8221;text-center&#8221;]Kiinteist\u00f6pesulat[\/elx_heading][vc_empty_space][\/vc_column][\/vc_row][vc_row el_id=&#8221;products&#8221;][vc_column][vc_empty_space][elx_heading text_color=&#8221;inherit&#8221; text_align=&#8221;text-center&#8221;]Line 6000 ammattipesulalaitteet \u2013 tutustu tuoteperheeseen[\/elx_heading][vc_empty_space][elx_product_showcase number_columns=&#8221;3&#8243; order_col1=&#8221;1&#8243; image_col1=&#8221;12303&#8243; order_col2=&#8221;2&#8243; image_col2=&#8221;12305&#8243; order_col3=&#8221;3&#8243; image_col3=&#8221;12307&#8243; order_col4=&#8221;4&#8243; bg_row=&#8221;bg-download-white&#8221; title_col1=&#8221;Pesukoneet&#8221; title_col2=&#8221;Barrier pesukoneet&#8221; title_col3=&#8221;Kuivausrummut&#8221; link_col1=&#8221;url:https%3A%2F%2Fwww.electroluxprofessional.com%2Ffi%2Fammattipesulalaitteet%2Fline-6000-pesukoneet%2F&#8221; link_col2=&#8221;url:https%3A%2F%2Fwww.electroluxprofessional.com%2Ffi%2Fammattipesulalaitteet%2Fbarrier-pesukoneet%2F&#8221; link_col3=&#8221;url:https%3A%2F%2Fwww.electroluxprofessional.com%2Ffi%2Fammattipesulalaitteet%2Fline-6000-kuivausrummut%2F&#8221;][vc_empty_space][elx_product_showcase number_columns=&#8221;2&#8243; order_col1=&#8221;1&#8243; image_col1=&#8221;12304&#8243; order_col2=&#8221;2&#8243; image_col2=&#8221;12306&#8243; order_col3=&#8221;3&#8243; order_col4=&#8221;4&#8243; bg_row=&#8221;bg-download-white&#8221; title_col1=&#8221;Kuivauskaapit&#8221; title_col2=&#8221;Mankelit&#8221; link_col1=&#8221;url:https%3A%2F%2Fwww.electroluxprofessional.com%2Ffi%2Fammattipesulalaitteet%2Fkuivauskaapit%2F&#8221; link_col2=&#8221;url:https%3A%2F%2Fwww.electroluxprofessional.com%2Ffi%2Fammattipesulalaitteet%2Fline-6000-mankelit%2F&#8221;][\/vc_column][\/vc_row][vc_row full_width=&#8221;electroluxpro-full-width-no-padding&#8221;][vc_column][elx_features_download title=&#8221;Essentia huoltopalvelut: asiakaspalvelun ytimess\u00e4&#8221; title_download=&#8221;&#8221; bg_row=&#8221;bg-row-light-blue&#8221; values=&#8221;%5B%7B%22select_type%22%3A%22link%22%2C%22link_download%22%3A%22url%3Ahttps%253A%252F%252Fwww.electroluxprofessional.com%252Ffi%252Fwp-content%252Fuploads%252F2024%252F03%252FElectrolux-Professional-Essentia-huoltopalvelut_FI.pdf%7Ctitle%3ATutustu%2520Essentia%2520huoltopalveluihin%7Ctarget%3A_blank%22%7D%5D&#8221; discover=&#8221;%5B%7B%7D%5D&#8221; features=&#8221;%5B%7B%7D%5D&#8221;]R\u00e4\u00e4t\u00e4l\u00f6it\u00e4v\u00e4 Essentia- huoltopalvelukokonaisuutemme tarjoaa sinulle tarvitsemaasi tukea ja hoitaa prosessejasi luotettavan huoltoliikeverkoston, r\u00e4\u00e4t\u00e4l\u00f6ityjen asiakaskohtaisten palveluvalikoiman, kattavien m\u00e4\u00e4r\u00e4aikaishuoltopakettien sek\u00e4 innovatiivisen teknologian avulla.[\/elx_features_download][\/vc_column][\/vc_row]<\/p>\n","protected":false},"excerpt":{"rendered":"<p>[vc_row full_width=&#8221;electroluxpro-full-width-no-padding&#8221;][vc_column][elx_image_block background_image=&#8221;12296&#8243; minimum_height=&#8221;400px&#8221;][vc_empty_space][\/vc_column][\/vc_row][vc_row][vc_column][elx_heading font_container=&#8221;h1&#8243; text_color=&#8221;inherit&#8221; text_align=&#8221;text-center&#8221;]Line 6000 ammattipesulalaitteet[\/elx_heading][elx_heading text_color=&#8221;inherit&#8221; text_align=&#8221;text-center&#8221;]Line 6000 pesukoneet, kuivauskaapit, kuivausrummut ja mankelit \u2013 energiatehokkaat ammattipesulalaitteet jokaiseen pesulaan.[\/elx_heading][vc_empty_space][vc_column_text]Pienenn\u00e4 pesulasi kokonaisk\u00e4ytt\u00f6kustannuksia tinkim\u00e4tt\u00e4 suorituskyvyst\u00e4. Yhdist\u00e4 korkeateholinkoiset pesukoneet uuden sukupolven l\u00e4mp\u00f6pumppukuivausrumpujen kanssa minimoidaksesi nousevien energiakustannusten vaikutukset ja pysy\u00e4ksesi kilpailukykyisen\u00e4. Viimeistele pesuprosessisi mankeliemme avulla &#8211; ja saavuta t\u00e4ydelliset pyykinpesutulokset![\/vc_column_text][vc_empty_space][elx_button button_text=&#8221;siirry tuotteisiin&#8221; button_style=&#8221;secondary&#8221; button_link=&#8221;url:%23products|title:siirry%20tuotteisiin&#8221;][vc_empty_space][\/vc_column][\/vc_row][vc_row full_width=&#8221;electroluxpro-full-width-no-padding&#8221;][vc_column][elx_features_download title=&#8221;&#8221; [&hellip;]<\/p>\n","protected":false},"author":135,"featured_media":0,"parent":2396,"menu_order":0,"comment_status":"closed","ping_status":"closed","template":"","meta":{"footnotes":""},"class_list":["post-12311","page","type-page","status-publish","hentry"],"yoast_head":"<!-- This site is optimized with the Yoast SEO plugin v23.3 - https:\/\/yoast.com\/wordpress\/plugins\/seo\/ -->\n<title>Line 6000 ammattipesulalaitteet - Electrolux Professional Suomi<\/title>\n<meta name=\"description\" content=\"Line 6000 pesukoneet, kuivauskaapit, kuivausrummut ja mankelit \u2013 energiatehokkaat ammattipesulalaitteet jokaiseen pesulaan.\" \/>\n<meta name=\"robots\" content=\"index, follow, max-snippet:-1, max-image-preview:large, max-video-preview:-1\" \/>\n<link rel=\"canonical\" href=\"https:\/\/www.electroluxprofessional.com\/fi\/ammattipesulalaitteet\/line-6000-ammattipesulalaitteet\/\" \/>\n<meta property=\"og:locale\" content=\"fi_FI\" \/>\n<meta property=\"og:type\" content=\"article\" \/>\n<meta property=\"og:title\" content=\"Line 6000 ammattipesulalaitteet - Electrolux Professional Suomi\" \/>\n<meta property=\"og:description\" content=\"Line 6000 pesukoneet, kuivauskaapit, kuivausrummut ja mankelit \u2013 energiatehokkaat ammattipesulalaitteet jokaiseen pesulaan.\" \/>\n<meta property=\"og:url\" content=\"https:\/\/www.electroluxprofessional.com\/fi\/ammattipesulalaitteet\/line-6000-ammattipesulalaitteet\/\" \/>\n<meta property=\"og:site_name\" content=\"Electrolux Professional Suomi\" \/>\n<meta property=\"article:modified_time\" content=\"2025-11-05T14:21:39+00:00\" \/>\n<meta name=\"twitter:card\" content=\"summary_large_image\" \/>\n<meta name=\"twitter:label1\" content=\"Arvioitu lukuaika\" \/>\n\t<meta name=\"twitter:data1\" content=\"3 minuuttia\" \/>\n<script type=\"application\/ld+json\" class=\"yoast-schema-graph\">{\"@context\":\"https:\/\/schema.org\",\"@graph\":[{\"@type\":\"WebPage\",\"@id\":\"https:\/\/www.electroluxprofessional.com\/fi\/ammattipesulalaitteet\/line-6000-ammattipesulalaitteet\/\",\"url\":\"https:\/\/www.electroluxprofessional.com\/fi\/ammattipesulalaitteet\/line-6000-ammattipesulalaitteet\/\",\"name\":\"Line 6000 ammattipesulalaitteet - Electrolux Professional Suomi\",\"isPartOf\":{\"@id\":\"https:\/\/www.electroluxprofessional.com\/fi\/#website\"},\"datePublished\":\"2024-03-28T20:25:13+00:00\",\"dateModified\":\"2025-11-05T14:21:39+00:00\",\"description\":\"Line 6000 pesukoneet, kuivauskaapit, kuivausrummut ja mankelit \u2013 energiatehokkaat ammattipesulalaitteet jokaiseen pesulaan.\",\"breadcrumb\":{\"@id\":\"https:\/\/www.electroluxprofessional.com\/fi\/ammattipesulalaitteet\/line-6000-ammattipesulalaitteet\/#breadcrumb\"},\"inLanguage\":\"fi\",\"potentialAction\":[{\"@type\":\"ReadAction\",\"target\":[\"https:\/\/www.electroluxprofessional.com\/fi\/ammattipesulalaitteet\/line-6000-ammattipesulalaitteet\/\"]}]},{\"@type\":\"BreadcrumbList\",\"@id\":\"https:\/\/www.electroluxprofessional.com\/fi\/ammattipesulalaitteet\/line-6000-ammattipesulalaitteet\/#breadcrumb\",\"itemListElement\":[{\"@type\":\"ListItem\",\"position\":1,\"name\":\"Home\",\"item\":\"https:\/\/www.electroluxprofessional.com\/fi\/\"},{\"@type\":\"ListItem\",\"position\":2,\"name\":\"Ammattipesulalaitteet\",\"item\":\"https:\/\/www.electroluxprofessional.com\/fi\/ammattipesulalaitteet\/\"},{\"@type\":\"ListItem\",\"position\":3,\"name\":\"Line 6000 ammattipesulalaitteet\"}]},{\"@type\":\"WebSite\",\"@id\":\"https:\/\/www.electroluxprofessional.com\/fi\/#website\",\"url\":\"https:\/\/www.electroluxprofessional.com\/fi\/\",\"name\":\"Electrolux Professional Suomi\",\"description\":\"\",\"potentialAction\":[{\"@type\":\"SearchAction\",\"target\":{\"@type\":\"EntryPoint\",\"urlTemplate\":\"https:\/\/www.electroluxprofessional.com\/fi\/?src={search_term_string}\"},\"query-input\":\"required name=search_term_string\"}],\"inLanguage\":\"fi\"}]}<\/script>\n<!-- \/ Yoast SEO plugin. -->","yoast_head_json":{"title":"Line 6000 ammattipesulalaitteet - Electrolux Professional Suomi","description":"Line 6000 pesukoneet, kuivauskaapit, kuivausrummut ja mankelit \u2013 energiatehokkaat ammattipesulalaitteet jokaiseen pesulaan.","robots":{"index":"index","follow":"follow","max-snippet":"max-snippet:-1","max-image-preview":"max-image-preview:large","max-video-preview":"max-video-preview:-1"},"canonical":"https:\/\/www.electroluxprofessional.com\/fi\/ammattipesulalaitteet\/line-6000-ammattipesulalaitteet\/","og_locale":"fi_FI","og_type":"article","og_title":"Line 6000 ammattipesulalaitteet - Electrolux Professional Suomi","og_description":"Line 6000 pesukoneet, kuivauskaapit, kuivausrummut ja mankelit \u2013 energiatehokkaat ammattipesulalaitteet jokaiseen pesulaan.","og_url":"https:\/\/www.electroluxprofessional.com\/fi\/ammattipesulalaitteet\/line-6000-ammattipesulalaitteet\/","og_site_name":"Electrolux Professional Suomi","article_modified_time":"2025-11-05T14:21:39+00:00","twitter_card":"summary_large_image","twitter_misc":{"Arvioitu lukuaika":"3 minuuttia"},"schema":{"@context":"https:\/\/schema.org","@graph":[{"@type":"WebPage","@id":"https:\/\/www.electroluxprofessional.com\/fi\/ammattipesulalaitteet\/line-6000-ammattipesulalaitteet\/","url":"https:\/\/www.electroluxprofessional.com\/fi\/ammattipesulalaitteet\/line-6000-ammattipesulalaitteet\/","name":"Line 6000 ammattipesulalaitteet - Electrolux Professional Suomi","isPartOf":{"@id":"https:\/\/www.electroluxprofessional.com\/fi\/#website"},"datePublished":"2024-03-28T20:25:13+00:00","dateModified":"2025-11-05T14:21:39+00:00","description":"Line 6000 pesukoneet, kuivauskaapit, kuivausrummut ja mankelit \u2013 energiatehokkaat ammattipesulalaitteet jokaiseen pesulaan.","breadcrumb":{"@id":"https:\/\/www.electroluxprofessional.com\/fi\/ammattipesulalaitteet\/line-6000-ammattipesulalaitteet\/#breadcrumb"},"inLanguage":"fi","potentialAction":[{"@type":"ReadAction","target":["https:\/\/www.electroluxprofessional.com\/fi\/ammattipesulalaitteet\/line-6000-ammattipesulalaitteet\/"]}]},{"@type":"BreadcrumbList","@id":"https:\/\/www.electroluxprofessional.com\/fi\/ammattipesulalaitteet\/line-6000-ammattipesulalaitteet\/#breadcrumb","itemListElement":[{"@type":"ListItem","position":1,"name":"Home","item":"https:\/\/www.electroluxprofessional.com\/fi\/"},{"@type":"ListItem","position":2,"name":"Ammattipesulalaitteet","item":"https:\/\/www.electroluxprofessional.com\/fi\/ammattipesulalaitteet\/"},{"@type":"ListItem","position":3,"name":"Line 6000 ammattipesulalaitteet"}]},{"@type":"WebSite","@id":"https:\/\/www.electroluxprofessional.com\/fi\/#website","url":"https:\/\/www.electroluxprofessional.com\/fi\/","name":"Electrolux Professional Suomi","description":"","potentialAction":[{"@type":"SearchAction","target":{"@type":"EntryPoint","urlTemplate":"https:\/\/www.electroluxprofessional.com\/fi\/?src={search_term_string}"},"query-input":"required name=search_term_string"}],"inLanguage":"fi"}]}},"_links":{"self":[{"href":"https:\/\/www.electroluxprofessional.com\/fi\/wp-json\/wp\/v2\/pages\/12311"}],"collection":[{"href":"https:\/\/www.electroluxprofessional.com\/fi\/wp-json\/wp\/v2\/pages"}],"about":[{"href":"https:\/\/www.electroluxprofessional.com\/fi\/wp-json\/wp\/v2\/types\/page"}],"author":[{"embeddable":true,"href":"https:\/\/www.electroluxprofessional.com\/fi\/wp-json\/wp\/v2\/users\/135"}],"replies":[{"embeddable":true,"href":"https:\/\/www.electroluxprofessional.com\/fi\/wp-json\/wp\/v2\/comments?post=12311"}],"version-history":[{"count":18,"href":"https:\/\/www.electroluxprofessional.com\/fi\/wp-json\/wp\/v2\/pages\/12311\/revisions"}],"predecessor-version":[{"id":15635,"href":"https:\/\/www.electroluxprofessional.com\/fi\/wp-json\/wp\/v2\/pages\/12311\/revisions\/15635"}],"up":[{"embeddable":true,"href":"https:\/\/www.electroluxprofessional.com\/fi\/wp-json\/wp\/v2\/pages\/2396"}],"wp:attachment":[{"href":"https:\/\/www.electroluxprofessional.com\/fi\/wp-json\/wp\/v2\/media?parent=12311"}],"curies":[{"name":"wp","href":"https:\/\/api.w.org\/{rel}","templated":true}]}}