{"id":10876,"date":"2023-05-04T09:52:28","date_gmt":"2023-05-04T09:52:28","guid":{"rendered":"https:\/\/www.electroluxprofessional.com\/fi\/?page_id=10876"},"modified":"2025-11-05T14:21:17","modified_gmt":"2025-11-05T14:21:17","slug":"lisavarusteet-kylmasailytys","status":"publish","type":"page","link":"https:\/\/www.electroluxprofessional.com\/fi\/lisavarusteet-kylmasailytys\/","title":{"rendered":"Lis\u00e4varusteet &#8211; kylm\u00e4s\u00e4ilytys"},"content":{"rendered":"<p>[vc_row full_width=&#8221;electroluxpro-full-width-no-padding&#8221;][vc_column css=&#8221;.vc_custom_1618358802266{margin-top: -40px !important;border-top-width: -40px !important;padding-top: -40px !important;}&#8221;][elx_full_banner title=&#8221;Lis\u00e4varusteet &#8211; kylm\u00e4s\u00e4ilytys&#8221; set_as_h1=&#8221;true&#8221; background_image_media_library=&#8221;10873&#8243; background_image_media_library_mobile=&#8221;35109&#8243; link=&#8221;url:%23contact|title:Pyyd%C3%A4%20lis%C3%A4tietoja&#8221;][vc_row_inner full_width=&#8221;electroluxpro-full-width&#8221; gap=&#8221;15&#8243;][vc_column_inner width=&#8221;1\/4&#8243;][elx_download_block text=&#8221;Accessories for protection, sanitizing and cleaning catalogue&#8221; document_type=&#8221;cat&#8221; file_picker=&#8221;24892&#8243; background_color=&#8221;electrolux-blue&#8221; background_hover_color=&#8221;lighter-hover&#8221; ca_document_number=&#8221;CAT10&#8243;][\/vc_column_inner][vc_column_inner width=&#8221;1\/4&#8243;][elx_download_block text=&#8221;Alkuper\u00e4isvaraosat ja lis\u00e4tarvikkeet -katalogi (EN)&#8221; document_type=&#8221;brochures&#8221; file_picker=&#8221;10881&#8243; background_color=&#8221;electrolux-blue&#8221; background_hover_color=&#8221;lighter-hover&#8221;][\/vc_column_inner][vc_column_inner width=&#8221;1\/4&#8243;][elx_download_block text=&#8221;Varaosasarjat-katalogi (EN)&#8221; document_type=&#8221;brochures&#8221; file_picker=&#8221;10882&#8243; background_color=&#8221;electrolux-blue&#8221; background_hover_color=&#8221;lighter-hover&#8221;][\/vc_column_inner][vc_column_inner width=&#8221;1\/4&#8243;][elx_download_block text=&#8221;Professional cleaning detergents Selection Guide&#8221; file_picker=&#8221;47320&#8243; background_color=&#8221;electrolux-blue&#8221;][\/vc_column_inner][\/vc_row_inner][\/vc_column][\/vc_row][vc_row][vc_column][\/vc_column][\/vc_row][vc_row full_width=&#8221;electroluxpro-container-no-padding&#8221; css=&#8221;.vc_custom_1618362424015{background-position: center !important;background-repeat: no-repeat !important;background-size: cover !important;}&#8221;][vc_column width=&#8221;1\/2&#8243;][elx_heading font_size=&#8221;h5&#8243; text_color=&#8221;inherit&#8221;]Ritil\u00e4hyllyt, korit ja jalkapolkimet[\/elx_heading][vc_column_text]Valitse oikeat lis\u00e4varusteet ruoan kylm\u00e4s\u00e4ilytykseen &#8211; ja koko keitti\u00f6si tehokkaan toiminnan tueksi! Electrolux Professionalin kylm\u00e4s\u00e4ilytyslaitteisiin on tarjolla laaja lis\u00e4varustevalikoima. L\u00f6yd\u00e4t meilt\u00e4 mm. erilaiset ritil\u00e4hyllyt, korit, jalkapolkimet ja lihakoukut.[\/vc_column_text][vc_empty_space][vc_empty_space][\/vc_column][vc_column width=&#8221;1\/2&#8243;][vc_row_inner][vc_column_inner][vc_single_image image=&#8221;805&#8243; img_size=&#8221;full&#8221; alignment=&#8221;center&#8221; css_animation=&#8221;none&#8221;][\/vc_column_inner][\/vc_row_inner][\/vc_column][\/vc_row][vc_row][vc_column][elx_double_banner text_colors_1=&#8221;text-blue&#8221; text_colors_2=&#8221;text-blue&#8221; title_1=&#8221;Kylm\u00e4kaapit&#8221; title_2=&#8221;Kylm\u00e4kalusteet&#8221; link_1=&#8221;url:https%3A%2F%2Fwww.electroluxprofessional.com%2Ffi%2Fammattikeittiolaitteet%2Fkylmakaapit%2F|title:Lue%20lis%C3%A4%C3%A4%20kylm%C3%A4kaapeistamme&#8221; background_image_media_library_1=&#8221;10874&#8243; link_2=&#8221;url:https%3A%2F%2Fwww.electroluxprofessional.com%2Ffi%2Fammattikeittiolaitteet%2Fkylmakalusteet%2F|title:Lue%20lis%C3%A4%C3%A4%20%20kylm%C3%A4kalusteistamme&#8221; background_image_media_library_2=&#8221;10875&#8243; background_image_media_library_mobile_2=&#8221;34923&#8243;][vc_empty_space][vc_empty_space][vc_empty_space][\/vc_column][\/vc_row][vc_row el_id=&#8221;contact&#8221;][vc_column][elx_heading font_container=&#8221;h4&#8243; font_size=&#8221;h3&#8243; text_color=&#8221;inherit&#8221; text_align=&#8221;text-center&#8221;]Haluatko tiet\u00e4\u00e4 lis\u00e4\u00e4? Ota meihin yhteytt\u00e4. [\/elx_heading][vc_empty_space][elx_o2000_contact_us s=&#8221;Haluan lis\u00e4tietoja ruoan kylm\u00e4s\u00e4ilytyksen lis\u00e4varusteista.&#8221; container=&#8221;elxcontactus1484306106&#8243; r=&#8221;Haluan lis\u00e4tietoja ruoan kylm\u00e4s\u00e4ilytyksen lis\u00e4varusteista.&#8221;][\/vc_column][\/vc_row]<\/p>\n","protected":false},"excerpt":{"rendered":"<p>[vc_row full_width=&#8221;electroluxpro-full-width-no-padding&#8221;][vc_column css=&#8221;.vc_custom_1618358802266{margin-top: -40px !important;border-top-width: -40px !important;padding-top: -40px !important;}&#8221;][elx_full_banner title=&#8221;Lis\u00e4varusteet &#8211; kylm\u00e4s\u00e4ilytys&#8221; set_as_h1=&#8221;true&#8221; background_image_media_library=&#8221;10873&#8243; background_image_media_library_mobile=&#8221;35109&#8243; link=&#8221;url:%23contact|title:Pyyd%C3%A4%20lis%C3%A4tietoja&#8221;][vc_row_inner full_width=&#8221;electroluxpro-full-width&#8221; gap=&#8221;15&#8243;][vc_column_inner width=&#8221;1\/4&#8243;][elx_download_block text=&#8221;Accessories for protection, sanitizing and cleaning catalogue&#8221; document_type=&#8221;cat&#8221; file_picker=&#8221;24892&#8243; background_color=&#8221;electrolux-blue&#8221; background_hover_color=&#8221;lighter-hover&#8221; ca_document_number=&#8221;CAT10&#8243;][\/vc_column_inner][vc_column_inner width=&#8221;1\/4&#8243;][elx_download_block text=&#8221;Alkuper\u00e4isvaraosat ja lis\u00e4tarvikkeet -katalogi (EN)&#8221; document_type=&#8221;brochures&#8221; file_picker=&#8221;10881&#8243; background_color=&#8221;electrolux-blue&#8221; background_hover_color=&#8221;lighter-hover&#8221;][\/vc_column_inner][vc_column_inner width=&#8221;1\/4&#8243;][elx_download_block text=&#8221;Varaosasarjat-katalogi (EN)&#8221; document_type=&#8221;brochures&#8221; file_picker=&#8221;10882&#8243; background_color=&#8221;electrolux-blue&#8221; background_hover_color=&#8221;lighter-hover&#8221;][\/vc_column_inner][vc_column_inner width=&#8221;1\/4&#8243;][elx_download_block text=&#8221;Professional cleaning detergents Selection Guide&#8221; file_picker=&#8221;47320&#8243; [&hellip;]<\/p>\n","protected":false},"author":135,"featured_media":2149,"parent":0,"menu_order":0,"comment_status":"closed","ping_status":"closed","template":"","meta":{"footnotes":""},"class_list":["post-10876","page","type-page","status-publish","has-post-thumbnail","hentry"],"yoast_head":"<!-- This site is optimized with the Yoast SEO plugin v23.3 - https:\/\/yoast.com\/wordpress\/plugins\/seo\/ -->\n<title>Lis\u00e4varusteet - kylm\u00e4s\u00e4ilytys - Electrolux Professional Suomi<\/title>\n<meta name=\"description\" content=\"To preserve the food, accessories and consumables are the most valuable asset in your kitchen. Choose the proper accessory for your refrigeration equipment.\" \/>\n<meta name=\"robots\" content=\"index, follow, max-snippet:-1, max-image-preview:large, max-video-preview:-1\" \/>\n<link rel=\"canonical\" href=\"https:\/\/www.electroluxprofessional.com\/fi\/lisavarusteet-kylmasailytys\/\" \/>\n<meta property=\"og:locale\" content=\"fi_FI\" \/>\n<meta property=\"og:type\" content=\"article\" \/>\n<meta property=\"og:title\" content=\"Lis\u00e4varusteet - kylm\u00e4s\u00e4ilytys - Electrolux Professional Suomi\" \/>\n<meta property=\"og:description\" content=\"To preserve the food, accessories and consumables are the most valuable asset in your kitchen. Choose the proper accessory for your refrigeration equipment.\" \/>\n<meta property=\"og:url\" content=\"https:\/\/www.electroluxprofessional.com\/fi\/lisavarusteet-kylmasailytys\/\" \/>\n<meta property=\"og:site_name\" content=\"Electrolux Professional Suomi\" \/>\n<meta property=\"article:modified_time\" content=\"2025-11-05T14:21:17+00:00\" \/>\n<meta property=\"og:image\" content=\"https:\/\/www.electroluxprofessional.com\/fi\/wp-content\/uploads\/2016\/05\/refrigeration-kitchen-preparation.jpg\" \/>\n\t<meta property=\"og:image:width\" content=\"995\" \/>\n\t<meta property=\"og:image:height\" content=\"666\" \/>\n\t<meta property=\"og:image:type\" content=\"image\/jpeg\" \/>\n<meta name=\"twitter:card\" content=\"summary_large_image\" \/>\n<meta name=\"twitter:label1\" content=\"Arvioitu lukuaika\" \/>\n\t<meta name=\"twitter:data1\" content=\"2 minuuttia\" \/>\n<script type=\"application\/ld+json\" class=\"yoast-schema-graph\">{\"@context\":\"https:\/\/schema.org\",\"@graph\":[{\"@type\":\"WebPage\",\"@id\":\"https:\/\/www.electroluxprofessional.com\/fi\/lisavarusteet-kylmasailytys\/\",\"url\":\"https:\/\/www.electroluxprofessional.com\/fi\/lisavarusteet-kylmasailytys\/\",\"name\":\"Lis\u00e4varusteet - kylm\u00e4s\u00e4ilytys - Electrolux Professional Suomi\",\"isPartOf\":{\"@id\":\"https:\/\/www.electroluxprofessional.com\/fi\/#website\"},\"primaryImageOfPage\":{\"@id\":\"https:\/\/www.electroluxprofessional.com\/fi\/lisavarusteet-kylmasailytys\/#primaryimage\"},\"image\":{\"@id\":\"https:\/\/www.electroluxprofessional.com\/fi\/lisavarusteet-kylmasailytys\/#primaryimage\"},\"thumbnailUrl\":\"https:\/\/www.electroluxprofessional.com\/fi\/wp-content\/uploads\/2016\/05\/refrigeration-kitchen-preparation.jpg\",\"datePublished\":\"2023-05-04T09:52:28+00:00\",\"dateModified\":\"2025-11-05T14:21:17+00:00\",\"description\":\"To preserve the food, accessories and consumables are the most valuable asset in your kitchen. Choose the proper accessory for your refrigeration equipment.\",\"breadcrumb\":{\"@id\":\"https:\/\/www.electroluxprofessional.com\/fi\/lisavarusteet-kylmasailytys\/#breadcrumb\"},\"inLanguage\":\"fi\",\"potentialAction\":[{\"@type\":\"ReadAction\",\"target\":[\"https:\/\/www.electroluxprofessional.com\/fi\/lisavarusteet-kylmasailytys\/\"]}]},{\"@type\":\"ImageObject\",\"inLanguage\":\"fi\",\"@id\":\"https:\/\/www.electroluxprofessional.com\/fi\/lisavarusteet-kylmasailytys\/#primaryimage\",\"url\":\"https:\/\/www.electroluxprofessional.com\/fi\/wp-content\/uploads\/2016\/05\/refrigeration-kitchen-preparation.jpg\",\"contentUrl\":\"https:\/\/www.electroluxprofessional.com\/fi\/wp-content\/uploads\/2016\/05\/refrigeration-kitchen-preparation.jpg\",\"width\":995,\"height\":666,\"caption\":\"refrigeration equipment in the kitchen\"},{\"@type\":\"BreadcrumbList\",\"@id\":\"https:\/\/www.electroluxprofessional.com\/fi\/lisavarusteet-kylmasailytys\/#breadcrumb\",\"itemListElement\":[{\"@type\":\"ListItem\",\"position\":1,\"name\":\"Home\",\"item\":\"https:\/\/www.electroluxprofessional.com\/fi\/\"},{\"@type\":\"ListItem\",\"position\":2,\"name\":\"Lis\u00e4varusteet &#8211; kylm\u00e4s\u00e4ilytys\"}]},{\"@type\":\"WebSite\",\"@id\":\"https:\/\/www.electroluxprofessional.com\/fi\/#website\",\"url\":\"https:\/\/www.electroluxprofessional.com\/fi\/\",\"name\":\"Electrolux Professional Suomi\",\"description\":\"\",\"potentialAction\":[{\"@type\":\"SearchAction\",\"target\":{\"@type\":\"EntryPoint\",\"urlTemplate\":\"https:\/\/www.electroluxprofessional.com\/fi\/?src={search_term_string}\"},\"query-input\":\"required name=search_term_string\"}],\"inLanguage\":\"fi\"}]}<\/script>\n<!-- \/ Yoast SEO plugin. -->","yoast_head_json":{"title":"Lis\u00e4varusteet - kylm\u00e4s\u00e4ilytys - Electrolux Professional Suomi","description":"To preserve the food, accessories and consumables are the most valuable asset in your kitchen. Choose the proper accessory for your refrigeration equipment.","robots":{"index":"index","follow":"follow","max-snippet":"max-snippet:-1","max-image-preview":"max-image-preview:large","max-video-preview":"max-video-preview:-1"},"canonical":"https:\/\/www.electroluxprofessional.com\/fi\/lisavarusteet-kylmasailytys\/","og_locale":"fi_FI","og_type":"article","og_title":"Lis\u00e4varusteet - kylm\u00e4s\u00e4ilytys - Electrolux Professional Suomi","og_description":"To preserve the food, accessories and consumables are the most valuable asset in your kitchen. Choose the proper accessory for your refrigeration equipment.","og_url":"https:\/\/www.electroluxprofessional.com\/fi\/lisavarusteet-kylmasailytys\/","og_site_name":"Electrolux Professional Suomi","article_modified_time":"2025-11-05T14:21:17+00:00","og_image":[{"width":995,"height":666,"url":"https:\/\/www.electroluxprofessional.com\/fi\/wp-content\/uploads\/2016\/05\/refrigeration-kitchen-preparation.jpg","type":"image\/jpeg"}],"twitter_card":"summary_large_image","twitter_misc":{"Arvioitu lukuaika":"2 minuuttia"},"schema":{"@context":"https:\/\/schema.org","@graph":[{"@type":"WebPage","@id":"https:\/\/www.electroluxprofessional.com\/fi\/lisavarusteet-kylmasailytys\/","url":"https:\/\/www.electroluxprofessional.com\/fi\/lisavarusteet-kylmasailytys\/","name":"Lis\u00e4varusteet - kylm\u00e4s\u00e4ilytys - Electrolux Professional Suomi","isPartOf":{"@id":"https:\/\/www.electroluxprofessional.com\/fi\/#website"},"primaryImageOfPage":{"@id":"https:\/\/www.electroluxprofessional.com\/fi\/lisavarusteet-kylmasailytys\/#primaryimage"},"image":{"@id":"https:\/\/www.electroluxprofessional.com\/fi\/lisavarusteet-kylmasailytys\/#primaryimage"},"thumbnailUrl":"https:\/\/www.electroluxprofessional.com\/fi\/wp-content\/uploads\/2016\/05\/refrigeration-kitchen-preparation.jpg","datePublished":"2023-05-04T09:52:28+00:00","dateModified":"2025-11-05T14:21:17+00:00","description":"To preserve the food, accessories and consumables are the most valuable asset in your kitchen. Choose the proper accessory for your refrigeration equipment.","breadcrumb":{"@id":"https:\/\/www.electroluxprofessional.com\/fi\/lisavarusteet-kylmasailytys\/#breadcrumb"},"inLanguage":"fi","potentialAction":[{"@type":"ReadAction","target":["https:\/\/www.electroluxprofessional.com\/fi\/lisavarusteet-kylmasailytys\/"]}]},{"@type":"ImageObject","inLanguage":"fi","@id":"https:\/\/www.electroluxprofessional.com\/fi\/lisavarusteet-kylmasailytys\/#primaryimage","url":"https:\/\/www.electroluxprofessional.com\/fi\/wp-content\/uploads\/2016\/05\/refrigeration-kitchen-preparation.jpg","contentUrl":"https:\/\/www.electroluxprofessional.com\/fi\/wp-content\/uploads\/2016\/05\/refrigeration-kitchen-preparation.jpg","width":995,"height":666,"caption":"refrigeration equipment in the kitchen"},{"@type":"BreadcrumbList","@id":"https:\/\/www.electroluxprofessional.com\/fi\/lisavarusteet-kylmasailytys\/#breadcrumb","itemListElement":[{"@type":"ListItem","position":1,"name":"Home","item":"https:\/\/www.electroluxprofessional.com\/fi\/"},{"@type":"ListItem","position":2,"name":"Lis\u00e4varusteet &#8211; kylm\u00e4s\u00e4ilytys"}]},{"@type":"WebSite","@id":"https:\/\/www.electroluxprofessional.com\/fi\/#website","url":"https:\/\/www.electroluxprofessional.com\/fi\/","name":"Electrolux Professional Suomi","description":"","potentialAction":[{"@type":"SearchAction","target":{"@type":"EntryPoint","urlTemplate":"https:\/\/www.electroluxprofessional.com\/fi\/?src={search_term_string}"},"query-input":"required name=search_term_string"}],"inLanguage":"fi"}]}},"_links":{"self":[{"href":"https:\/\/www.electroluxprofessional.com\/fi\/wp-json\/wp\/v2\/pages\/10876"}],"collection":[{"href":"https:\/\/www.electroluxprofessional.com\/fi\/wp-json\/wp\/v2\/pages"}],"about":[{"href":"https:\/\/www.electroluxprofessional.com\/fi\/wp-json\/wp\/v2\/types\/page"}],"author":[{"embeddable":true,"href":"https:\/\/www.electroluxprofessional.com\/fi\/wp-json\/wp\/v2\/users\/135"}],"replies":[{"embeddable":true,"href":"https:\/\/www.electroluxprofessional.com\/fi\/wp-json\/wp\/v2\/comments?post=10876"}],"version-history":[{"count":16,"href":"https:\/\/www.electroluxprofessional.com\/fi\/wp-json\/wp\/v2\/pages\/10876\/revisions"}],"predecessor-version":[{"id":15634,"href":"https:\/\/www.electroluxprofessional.com\/fi\/wp-json\/wp\/v2\/pages\/10876\/revisions\/15634"}],"wp:featuredmedia":[{"embeddable":true,"href":"https:\/\/www.electroluxprofessional.com\/fi\/wp-json\/wp\/v2\/media\/2149"}],"wp:attachment":[{"href":"https:\/\/www.electroluxprofessional.com\/fi\/wp-json\/wp\/v2\/media?parent=10876"}],"curies":[{"name":"wp","href":"https:\/\/api.w.org\/{rel}","templated":true}]}}