{"id":10872,"date":"2023-05-04T09:52:19","date_gmt":"2023-05-04T09:52:19","guid":{"rendered":"https:\/\/www.electroluxprofessional.com\/fi\/?page_id=10872"},"modified":"2025-11-05T14:20:49","modified_gmt":"2025-11-05T14:20:49","slug":"lisavarusteet-yhdistelmauunit-ja-tehojaahdytyslaitteet","status":"publish","type":"page","link":"https:\/\/www.electroluxprofessional.com\/fi\/lisavarusteet-yhdistelmauunit-ja-tehojaahdytyslaitteet\/","title":{"rendered":"Lis\u00e4varusteet &#8211; Skyline yhdistelm\u00e4uunit ja tehoj\u00e4\u00e4hdytyslaitteet"},"content":{"rendered":"<p>[vc_row full_width=&#8221;electroluxpro-full-width-no-padding&#8221;][vc_column css=&#8221;.vc_custom_1618358802266{margin-top: -40px !important;border-top-width: -40px !important;padding-top: -40px !important;}&#8221;][elx_full_banner title=&#8221;Lis\u00e4varusteet &#8211; SkyLine yhdistelm\u00e4uunit ja tehoj\u00e4\u00e4hdytyslaitteet&#8221; set_as_h1=&#8221;true&#8221; background_image_media_library=&#8221;10870&#8243; background_image_media_library_mobile=&#8221;35065&#8243; link=&#8221;url:%23contact|title:Pyyd%C3%A4%20lis%C3%A4tietoja&#8221;][vc_row_inner full_width=&#8221;electroluxpro-full-width&#8221; gap=&#8221;15&#8243;][vc_column_inner width=&#8221;1\/4&#8243;][elx_download_block text=&#8221;Accessories for protection, sanitizing and cleaning catalogue&#8221; document_type=&#8221;cat&#8221; file_picker=&#8221;24892&#8243; background_color=&#8221;electrolux-blue&#8221; background_hover_color=&#8221;lighter-hover&#8221; ca_document_number=&#8221;CAT10&#8243;][\/vc_column_inner][vc_column_inner width=&#8221;1\/4&#8243;][elx_download_block text=&#8221;Alkuper\u00e4isvaraosat ja lis\u00e4tarvikkeet -katalogi (EN)&#8221; document_type=&#8221;brochures&#8221; file_picker=&#8221;10881&#8243; background_color=&#8221;electrolux-blue&#8221; background_hover_color=&#8221;lighter-hover&#8221;][\/vc_column_inner][vc_column_inner width=&#8221;1\/4&#8243;][elx_download_block text=&#8221;Varaosasarjat-katalogi (EN)&#8221; document_type=&#8221;brochures&#8221; file_picker=&#8221;10914&#8243; background_color=&#8221;electrolux-blue&#8221; background_hover_color=&#8221;lighter-hover&#8221;][\/vc_column_inner][vc_column_inner width=&#8221;1\/4&#8243;][elx_download_block text=&#8221;Professional cleaning detergents Selection Guide&#8221; file_picker=&#8221;47320&#8243; background_color=&#8221;electrolux-blue&#8221;][\/vc_column_inner][\/vc_row_inner][\/vc_column][\/vc_row][vc_row][vc_column][\/vc_column][\/vc_row][vc_row][vc_column][vc_column_text]<\/p>\n<h3 style=\"text-align: center;\">Hy\u00f6dynn\u00e4 monipuolista SkyLine uunien ja tehoj\u00e4\u00e4hdytyslaitteiden lis\u00e4varustevalikoimaamme &#8211; ja maksimoi laitteidesi suorituskyky.<\/h3>\n<p>[\/vc_column_text][vc_empty_space][\/vc_column][\/vc_row][vc_row][vc_column width=&#8221;1\/3&#8243;][vc_single_image image=&#8221;806&#8243; img_size=&#8221;full&#8221; css_animation=&#8221;none&#8221;][vc_empty_space height=&#8221;50px&#8221;][elx_heading font_size=&#8221;h5&#8243; text_color=&#8221;inherit&#8221;]Tulivuorisavustin[\/elx_heading][vc_column_text]<\/p>\n<p>Valmista savun makuisia ruokia SkyLine-uunissasi puulastujen ja kuivattujen mausteiden avulla.<\/p>\n<p>[\/vc_column_text][\/vc_column][vc_column width=&#8221;1\/3&#8243;][vc_single_image image=&#8221;10865&#8243; img_size=&#8221;medium&#8221; css_animation=&#8221;none&#8221;][elx_heading font_size=&#8221;h5&#8243; text_color=&#8221;inherit&#8221;]Tyhji\u00f6pakkaaminen [\/elx_heading][vc_column_text]<\/p>\n<p>Tyhji\u00f6pakkaustarvikkeiden avulla suojaat elintarvikkeet kosteudelta ja ilman haitalliselta vaikutukselta &#8211; pident\u00e4en ruokasi s\u00e4ilymisaikaa.<\/p>\n<p>[\/vc_column_text][vc_empty_space][\/vc_column][vc_column width=&#8221;1\/3&#8243;][vc_single_image image=&#8221;10866&#8243; img_size=&#8221;full&#8221; css_animation=&#8221;none&#8221;][vc_empty_space height=&#8221;15px&#8221;][elx_heading font_size=&#8221;h5&#8243; text_color=&#8221;inherit&#8221;]Sous vide -anturi[\/elx_heading][vc_column_text]<\/p>\n<p>Sous vide -anturi varmistaa, ett\u00e4 saavutat sous vide -kypsennyksen aikana juuri oikeann l\u00e4mp\u00f6tilan. Erityisell\u00e4 vinosti leikatulla neulalla voit v\u00e4ltt\u00e4\u00e4 tyhji\u00f6pakkauksen rikkoutumisen.<\/p>\n<p>[\/vc_column_text][vc_empty_space][vc_empty_space][\/vc_column][\/vc_row][vc_row][vc_column width=&#8221;1\/3&#8243;][vc_single_image image=&#8221;1829&#8243; img_size=&#8221;full&#8221; css_animation=&#8221;none&#8221;][elx_heading font_size=&#8221;h5&#8243; text_color=&#8221;inherit&#8221;]Tarjottimet ja ritil\u00e4t[\/elx_heading][vc_column_text]<\/p>\n<p>L\u00f6yd\u00e4t laajan valikoiman ruoanlaittotarvikkeita ja -ratkaisuja, joilla voit helposti laajentaa yhdistelm\u00e4uunisi ruokalistaa.<\/p>\n<p>[\/vc_column_text][vc_empty_space][\/vc_column][vc_column width=&#8221;1\/3&#8243;][vc_single_image image=&#8221;10868&#8243; img_size=&#8221;full&#8221; css_animation=&#8221;none&#8221;][elx_heading font_size=&#8221;h5&#8243; text_color=&#8221;inherit&#8221;]Uunin puhdistus[\/elx_heading][vc_column_text]Turvaa SkyLine-uuniesi maksimaalinen k\u00e4ytt\u00f6ik\u00e4 ja suorituskyky fosfaatittomilla ja fosforittomilla SkyLine uuninpuhdistusaineilla.[\/vc_column_text][vc_empty_space][elx_button button_text=&#8221;Lue lis\u00e4\u00e4 SkyLine uuninpuhdistusaineista&#8221; button_display_block=&#8221;display_block_on&#8221; button_alignment=&#8221;align_center&#8221; button_link=&#8221;url:https%3A%2F%2Fwww.electroluxprofessional.com%2Ffi%2Fskyline-uuninpuhdistusaineet%2F|title:SkyLine%20uuninpuhdistusaineet&#8221;][\/vc_column][\/vc_row][vc_row full_width=&#8221;electroluxpro-full-width-no-padding&#8221; disable_element=&#8221;yes&#8221;][vc_column][elx_image_block background_image=&#8221;10864&#8243; minimum_height=&#8221;400px&#8221;][\/vc_column][\/vc_row][vc_row el_id=&#8221;contact&#8221;][vc_column][vc_empty_space][elx_heading font_container=&#8221;h4&#8243; font_size=&#8221;h3&#8243; text_color=&#8221;inherit&#8221; text_align=&#8221;text-center&#8221;]Haluatko lis\u00e4tietoja SkyLinen yhdistelm\u00e4uunien ja tehoj\u00e4\u00e4hdytyslaitteiden lis\u00e4varusteista?[\/elx_heading][vc_empty_space][elx_heading text_color=&#8221;inherit&#8221; text_align=&#8221;text-center&#8221;]Ota meihin yhteytt\u00e4.[\/elx_heading][elx_o2000_contact_us s=&#8221;Haluan lis\u00e4tietoja SkyLinen yhdistelm\u00e4uunien ja tehoj\u00e4\u00e4hdytyslaitteiden lis\u00e4varusteista.&#8221; container=&#8221;elxcontactus1484302025&#8243; r=&#8221;Haluan lis\u00e4tietoja SkyLinen yhdistelm\u00e4uunien ja tehoj\u00e4\u00e4hdytyslaitteiden lis\u00e4varusteista.&#8221;][\/vc_column][\/vc_row]<\/p>\n","protected":false},"excerpt":{"rendered":"<p>[vc_row full_width=&#8221;electroluxpro-full-width-no-padding&#8221;][vc_column css=&#8221;.vc_custom_1618358802266{margin-top: -40px !important;border-top-width: -40px !important;padding-top: -40px !important;}&#8221;][elx_full_banner title=&#8221;Lis\u00e4varusteet &#8211; SkyLine yhdistelm\u00e4uunit ja tehoj\u00e4\u00e4hdytyslaitteet&#8221; set_as_h1=&#8221;true&#8221; background_image_media_library=&#8221;10870&#8243; background_image_media_library_mobile=&#8221;35065&#8243; link=&#8221;url:%23contact|title:Pyyd%C3%A4%20lis%C3%A4tietoja&#8221;][vc_row_inner full_width=&#8221;electroluxpro-full-width&#8221; gap=&#8221;15&#8243;][vc_column_inner width=&#8221;1\/4&#8243;][elx_download_block text=&#8221;Accessories for protection, sanitizing and cleaning catalogue&#8221; document_type=&#8221;cat&#8221; file_picker=&#8221;24892&#8243; background_color=&#8221;electrolux-blue&#8221; background_hover_color=&#8221;lighter-hover&#8221; ca_document_number=&#8221;CAT10&#8243;][\/vc_column_inner][vc_column_inner width=&#8221;1\/4&#8243;][elx_download_block text=&#8221;Alkuper\u00e4isvaraosat ja lis\u00e4tarvikkeet -katalogi (EN)&#8221; document_type=&#8221;brochures&#8221; file_picker=&#8221;10881&#8243; background_color=&#8221;electrolux-blue&#8221; background_hover_color=&#8221;lighter-hover&#8221;][\/vc_column_inner][vc_column_inner width=&#8221;1\/4&#8243;][elx_download_block text=&#8221;Varaosasarjat-katalogi (EN)&#8221; document_type=&#8221;brochures&#8221; file_picker=&#8221;10914&#8243; background_color=&#8221;electrolux-blue&#8221; background_hover_color=&#8221;lighter-hover&#8221;][\/vc_column_inner][vc_column_inner width=&#8221;1\/4&#8243;][elx_download_block text=&#8221;Professional cleaning detergents [&hellip;]<\/p>\n","protected":false},"author":135,"featured_media":0,"parent":0,"menu_order":0,"comment_status":"closed","ping_status":"closed","template":"","meta":{"footnotes":""},"class_list":["post-10872","page","type-page","status-publish","hentry"],"yoast_head":"<!-- This site is optimized with the Yoast SEO plugin v23.3 - https:\/\/yoast.com\/wordpress\/plugins\/seo\/ -->\n<title>Lis\u00e4varusteet - Skyline yhdistelm\u00e4uunit ja tehoj\u00e4\u00e4hdytyslaitteet - Electrolux Professional Suomi<\/title>\n<meta name=\"description\" content=\"Get the best results out of your SkyLine. Cook&amp;Chill. Discover our accessories and consumables: grids, trays, vacuum packers, volcano smokers and more.\" \/>\n<meta name=\"robots\" content=\"index, follow, max-snippet:-1, max-image-preview:large, max-video-preview:-1\" \/>\n<link rel=\"canonical\" href=\"https:\/\/www.electroluxprofessional.com\/fi\/lisavarusteet-yhdistelmauunit-ja-tehojaahdytyslaitteet\/\" \/>\n<meta property=\"og:locale\" content=\"fi_FI\" \/>\n<meta property=\"og:type\" content=\"article\" \/>\n<meta property=\"og:title\" content=\"Lis\u00e4varusteet - Skyline yhdistelm\u00e4uunit ja tehoj\u00e4\u00e4hdytyslaitteet - Electrolux Professional Suomi\" \/>\n<meta property=\"og:description\" content=\"Get the best results out of your SkyLine. Cook&amp;Chill. Discover our accessories and consumables: grids, trays, vacuum packers, volcano smokers and more.\" \/>\n<meta property=\"og:url\" content=\"https:\/\/www.electroluxprofessional.com\/fi\/lisavarusteet-yhdistelmauunit-ja-tehojaahdytyslaitteet\/\" \/>\n<meta property=\"og:site_name\" content=\"Electrolux Professional Suomi\" \/>\n<meta property=\"article:modified_time\" content=\"2025-11-05T14:20:49+00:00\" \/>\n<meta name=\"twitter:card\" content=\"summary_large_image\" \/>\n<meta name=\"twitter:label1\" content=\"Arvioitu lukuaika\" \/>\n\t<meta name=\"twitter:data1\" content=\"2 minuuttia\" \/>\n<script type=\"application\/ld+json\" class=\"yoast-schema-graph\">{\"@context\":\"https:\/\/schema.org\",\"@graph\":[{\"@type\":\"WebPage\",\"@id\":\"https:\/\/www.electroluxprofessional.com\/fi\/lisavarusteet-yhdistelmauunit-ja-tehojaahdytyslaitteet\/\",\"url\":\"https:\/\/www.electroluxprofessional.com\/fi\/lisavarusteet-yhdistelmauunit-ja-tehojaahdytyslaitteet\/\",\"name\":\"Lis\u00e4varusteet - Skyline yhdistelm\u00e4uunit ja tehoj\u00e4\u00e4hdytyslaitteet - Electrolux Professional Suomi\",\"isPartOf\":{\"@id\":\"https:\/\/www.electroluxprofessional.com\/fi\/#website\"},\"datePublished\":\"2023-05-04T09:52:19+00:00\",\"dateModified\":\"2025-11-05T14:20:49+00:00\",\"description\":\"Get the best results out of your SkyLine. Cook&Chill. Discover our accessories and consumables: grids, trays, vacuum packers, volcano smokers and more.\",\"breadcrumb\":{\"@id\":\"https:\/\/www.electroluxprofessional.com\/fi\/lisavarusteet-yhdistelmauunit-ja-tehojaahdytyslaitteet\/#breadcrumb\"},\"inLanguage\":\"fi\",\"potentialAction\":[{\"@type\":\"ReadAction\",\"target\":[\"https:\/\/www.electroluxprofessional.com\/fi\/lisavarusteet-yhdistelmauunit-ja-tehojaahdytyslaitteet\/\"]}]},{\"@type\":\"BreadcrumbList\",\"@id\":\"https:\/\/www.electroluxprofessional.com\/fi\/lisavarusteet-yhdistelmauunit-ja-tehojaahdytyslaitteet\/#breadcrumb\",\"itemListElement\":[{\"@type\":\"ListItem\",\"position\":1,\"name\":\"Home\",\"item\":\"https:\/\/www.electroluxprofessional.com\/fi\/\"},{\"@type\":\"ListItem\",\"position\":2,\"name\":\"Lis\u00e4varusteet &#8211; Skyline yhdistelm\u00e4uunit ja tehoj\u00e4\u00e4hdytyslaitteet\"}]},{\"@type\":\"WebSite\",\"@id\":\"https:\/\/www.electroluxprofessional.com\/fi\/#website\",\"url\":\"https:\/\/www.electroluxprofessional.com\/fi\/\",\"name\":\"Electrolux Professional Suomi\",\"description\":\"\",\"potentialAction\":[{\"@type\":\"SearchAction\",\"target\":{\"@type\":\"EntryPoint\",\"urlTemplate\":\"https:\/\/www.electroluxprofessional.com\/fi\/?src={search_term_string}\"},\"query-input\":\"required name=search_term_string\"}],\"inLanguage\":\"fi\"}]}<\/script>\n<!-- \/ Yoast SEO plugin. -->","yoast_head_json":{"title":"Lis\u00e4varusteet - Skyline yhdistelm\u00e4uunit ja tehoj\u00e4\u00e4hdytyslaitteet - Electrolux Professional Suomi","description":"Get the best results out of your SkyLine. Cook&Chill. Discover our accessories and consumables: grids, trays, vacuum packers, volcano smokers and more.","robots":{"index":"index","follow":"follow","max-snippet":"max-snippet:-1","max-image-preview":"max-image-preview:large","max-video-preview":"max-video-preview:-1"},"canonical":"https:\/\/www.electroluxprofessional.com\/fi\/lisavarusteet-yhdistelmauunit-ja-tehojaahdytyslaitteet\/","og_locale":"fi_FI","og_type":"article","og_title":"Lis\u00e4varusteet - Skyline yhdistelm\u00e4uunit ja tehoj\u00e4\u00e4hdytyslaitteet - Electrolux Professional Suomi","og_description":"Get the best results out of your SkyLine. Cook&Chill. Discover our accessories and consumables: grids, trays, vacuum packers, volcano smokers and more.","og_url":"https:\/\/www.electroluxprofessional.com\/fi\/lisavarusteet-yhdistelmauunit-ja-tehojaahdytyslaitteet\/","og_site_name":"Electrolux Professional Suomi","article_modified_time":"2025-11-05T14:20:49+00:00","twitter_card":"summary_large_image","twitter_misc":{"Arvioitu lukuaika":"2 minuuttia"},"schema":{"@context":"https:\/\/schema.org","@graph":[{"@type":"WebPage","@id":"https:\/\/www.electroluxprofessional.com\/fi\/lisavarusteet-yhdistelmauunit-ja-tehojaahdytyslaitteet\/","url":"https:\/\/www.electroluxprofessional.com\/fi\/lisavarusteet-yhdistelmauunit-ja-tehojaahdytyslaitteet\/","name":"Lis\u00e4varusteet - Skyline yhdistelm\u00e4uunit ja tehoj\u00e4\u00e4hdytyslaitteet - Electrolux Professional Suomi","isPartOf":{"@id":"https:\/\/www.electroluxprofessional.com\/fi\/#website"},"datePublished":"2023-05-04T09:52:19+00:00","dateModified":"2025-11-05T14:20:49+00:00","description":"Get the best results out of your SkyLine. Cook&Chill. Discover our accessories and consumables: grids, trays, vacuum packers, volcano smokers and more.","breadcrumb":{"@id":"https:\/\/www.electroluxprofessional.com\/fi\/lisavarusteet-yhdistelmauunit-ja-tehojaahdytyslaitteet\/#breadcrumb"},"inLanguage":"fi","potentialAction":[{"@type":"ReadAction","target":["https:\/\/www.electroluxprofessional.com\/fi\/lisavarusteet-yhdistelmauunit-ja-tehojaahdytyslaitteet\/"]}]},{"@type":"BreadcrumbList","@id":"https:\/\/www.electroluxprofessional.com\/fi\/lisavarusteet-yhdistelmauunit-ja-tehojaahdytyslaitteet\/#breadcrumb","itemListElement":[{"@type":"ListItem","position":1,"name":"Home","item":"https:\/\/www.electroluxprofessional.com\/fi\/"},{"@type":"ListItem","position":2,"name":"Lis\u00e4varusteet &#8211; Skyline yhdistelm\u00e4uunit ja tehoj\u00e4\u00e4hdytyslaitteet"}]},{"@type":"WebSite","@id":"https:\/\/www.electroluxprofessional.com\/fi\/#website","url":"https:\/\/www.electroluxprofessional.com\/fi\/","name":"Electrolux Professional Suomi","description":"","potentialAction":[{"@type":"SearchAction","target":{"@type":"EntryPoint","urlTemplate":"https:\/\/www.electroluxprofessional.com\/fi\/?src={search_term_string}"},"query-input":"required name=search_term_string"}],"inLanguage":"fi"}]}},"_links":{"self":[{"href":"https:\/\/www.electroluxprofessional.com\/fi\/wp-json\/wp\/v2\/pages\/10872"}],"collection":[{"href":"https:\/\/www.electroluxprofessional.com\/fi\/wp-json\/wp\/v2\/pages"}],"about":[{"href":"https:\/\/www.electroluxprofessional.com\/fi\/wp-json\/wp\/v2\/types\/page"}],"author":[{"embeddable":true,"href":"https:\/\/www.electroluxprofessional.com\/fi\/wp-json\/wp\/v2\/users\/135"}],"replies":[{"embeddable":true,"href":"https:\/\/www.electroluxprofessional.com\/fi\/wp-json\/wp\/v2\/comments?post=10872"}],"version-history":[{"count":7,"href":"https:\/\/www.electroluxprofessional.com\/fi\/wp-json\/wp\/v2\/pages\/10872\/revisions"}],"predecessor-version":[{"id":15632,"href":"https:\/\/www.electroluxprofessional.com\/fi\/wp-json\/wp\/v2\/pages\/10872\/revisions\/15632"}],"wp:attachment":[{"href":"https:\/\/www.electroluxprofessional.com\/fi\/wp-json\/wp\/v2\/media?parent=10872"}],"curies":[{"name":"wp","href":"https:\/\/api.w.org\/{rel}","templated":true}]}}