{"id":10862,"date":"2023-05-04T09:50:52","date_gmt":"2023-05-04T09:50:52","guid":{"rendered":"https:\/\/www.electroluxprofessional.com\/fi\/?page_id=10862"},"modified":"2025-11-05T14:20:39","modified_gmt":"2025-11-05T14:20:39","slug":"lisavarusteet-modulaarinen-ruoanvalmistus","status":"publish","type":"page","link":"https:\/\/www.electroluxprofessional.com\/fi\/lisavarusteet-modulaarinen-ruoanvalmistus\/","title":{"rendered":"Lis\u00e4varusteet &#8211; modulaarinen ruoanvalmistus"},"content":{"rendered":"<p>[vc_row full_width=&#8221;electroluxpro-full-width-no-padding&#8221;][vc_column css=&#8221;.vc_custom_1618358802266{margin-top: -40px !important;border-top-width: -40px !important;padding-top: -40px !important;}&#8221;][elx_full_banner title=&#8221;Lis\u00e4varusteet &#8211; modulaarinen ruoanvalmistus&#8221; set_as_h1=&#8221;true&#8221; background_image_media_library=&#8221;10861&#8243; background_image_media_library_mobile=&#8221;35233&#8243; link=&#8221;url:%23contact|title:Pyyd%C3%A4%20lis%C3%A4tietoja&#8221;][vc_row_inner full_width=&#8221;electroluxpro-full-width&#8221; gap=&#8221;15&#8243;][vc_column_inner width=&#8221;1\/4&#8243;][elx_download_block text=&#8221;Accessories for protection, sanitizing and cleaning catalogue&#8221; document_type=&#8221;cat&#8221; file_picker=&#8221;24892&#8243; background_color=&#8221;electrolux-blue&#8221; background_hover_color=&#8221;lighter-hover&#8221; ca_document_number=&#8221;CAT10&#8243;][\/vc_column_inner][vc_column_inner width=&#8221;1\/4&#8243;][elx_download_block text=&#8221;Alkuper\u00e4isvaraosat ja lis\u00e4tarvikkeet -katalogi (EN)&#8221; document_type=&#8221;brochures&#8221; file_picker=&#8221;10881&#8243; background_color=&#8221;electrolux-blue&#8221; background_hover_color=&#8221;lighter-hover&#8221;][\/vc_column_inner][vc_column_inner width=&#8221;1\/4&#8243;][elx_download_block text=&#8221;Varaosasarjat-katalogi (EN)&#8221; document_type=&#8221;brochures&#8221; file_picker=&#8221;10882&#8243; background_color=&#8221;electrolux-blue&#8221; background_hover_color=&#8221;lighter-hover&#8221;][\/vc_column_inner][vc_column_inner width=&#8221;1\/4&#8243;][elx_download_block text=&#8221;Professional cleaning detergents Selection Guide&#8221; file_picker=&#8221;47320&#8243; background_color=&#8221;electrolux-blue&#8221;][\/vc_column_inner][\/vc_row_inner][\/vc_column][\/vc_row][vc_row][vc_column][vc_column_text][\/vc_column_text][\/vc_column][\/vc_row][vc_row][vc_column][vc_empty_space][vc_column_text]<strong>Pasta- ja rasvakeitinten korit, lastat, pannut, ritil\u00e4t, ammattimaiset rasvanpoistoaineet ja paljon muuta. Modulaarisiin laitesarjoihimme on tarjolla valtava m\u00e4\u00e4r\u00e4 lis\u00e4varusteita ruoanlaittoasi helpottamaan.<\/strong>[\/vc_column_text][vc_empty_space][\/vc_column][\/vc_row][vc_row][vc_column width=&#8221;1\/3&#8243;][vc_empty_space][\/vc_column][vc_column width=&#8221;1\/3&#8243;][elx_button button_text=&#8221;KYSY MEILT\u00c4 LIS\u00c4TIETOJA&#8221; button_link=&#8221;url:%23contact&#8221;][\/vc_column][vc_column width=&#8221;1\/3&#8243;][\/vc_column][\/vc_row][vc_row][vc_column width=&#8221;1\/3&#8243;][vc_empty_space height=&#8221;10px&#8221;][vc_single_image image=&#8221;10855&#8243; img_size=&#8221;full&#8221; alignment=&#8221;center&#8221; css_animation=&#8221;none&#8221;][vc_empty_space height=&#8221;10px&#8221;][elx_heading font_size=&#8221;h5&#8243; text_color=&#8221;inherit&#8221;]Pastakeitinkorit[\/elx_heading][vc_column_text]Ruostumattomasta AISI 304 ter\u00e4ksest\u00e4 valmistetut ergonomiset korimme turvaavat k\u00e4ytt\u00f6mukavuuden ja maksimaalisen hygienian.[\/vc_column_text][vc_empty_space height=&#8221;33px&#8221;][vc_empty_space height=&#8221;25px&#8221;][vc_empty_space height=&#8221;25px&#8221;][\/vc_column][vc_column width=&#8221;1\/3&#8243;][vc_empty_space height=&#8221;10px&#8221;][vc_single_image image=&#8221;10856&#8243; img_size=&#8221;full&#8221; css_animation=&#8221;none&#8221;][vc_empty_space height=&#8221;10px&#8221;][elx_heading font_size=&#8221;h5&#8243; text_color=&#8221;inherit&#8221;]Rasvanpoistoaineet[\/elx_heading][vc_column_text]Ammattimainen rasvanpoistoaineemme on ihanteellinen ratkaisu keittopintojen puhdistukseen korkeissa l\u00e4mp\u00f6tiloissa. Suositellaan monitoimi- ja paistinpannuille sek\u00e4 monitoimiliesille.[\/vc_column_text][vc_empty_space height=&#8221;25px&#8221;][\/vc_column][vc_column width=&#8221;1\/3&#8243;][\/vc_column][\/vc_row][vc_row][vc_column width=&#8221;1\/3&#8243;][vc_empty_space height=&#8221;58px&#8221;][vc_single_image image=&#8221;10858&#8243; img_size=&#8221;full&#8221; alignment=&#8221;center&#8221; css_animation=&#8221;none&#8221;][vc_empty_space height=&#8221;30px&#8221;][elx_heading font_size=&#8221;h5&#8243; text_color=&#8221;inherit&#8221;]Paperisuodattimet[\/elx_heading][vc_column_text]Paperisuodattimet 23 litran rasvakeittimelle. Suodatusj\u00e4rjestelm\u00e4n avulla voidaan poistaa pienimm\u00e4t ruokaj\u00e4\u00e4m\u00e4t ja pident\u00e4\u00e4 \u00f6ljyn k\u00e4ytt\u00f6ik\u00e4\u00e4.[\/vc_column_text][\/vc_column][vc_column width=&#8221;1\/3&#8243;][vc_empty_space height=&#8221;50px&#8221;][vc_single_image image=&#8221;10859&#8243; img_size=&#8221;medium&#8221; css_animation=&#8221;none&#8221;][vc_empty_space height=&#8221;45px&#8221;][elx_heading font_size=&#8221;h5&#8243; text_color=&#8221;inherit&#8221;]Rasvakeitinkorit[\/elx_heading][vc_column_text]Ruostumattomasta AISI 304 ter\u00e4ksest\u00e4 valmistetut ergonomiset korimme turvaavat k\u00e4ytt\u00f6mukavuuden ja maksimaalisen hygienian.[\/vc_column_text][vc_empty_space height=&#8221;33px&#8221;][\/vc_column][vc_column width=&#8221;1\/3&#8243;][vc_empty_space height=&#8221;100px&#8221;][vc_single_image image=&#8221;10860&#8243; img_size=&#8221;large&#8221;][vc_empty_space height=&#8221;20px&#8221;][vc_empty_space height=&#8221;30px&#8221;][vc_empty_space height=&#8221;30px&#8221;][vc_empty_space height=&#8221;30px&#8221;][elx_heading font_size=&#8221;h5&#8243; text_color=&#8221;inherit&#8221;]Induktiopannut kahvalla[\/elx_heading][vc_column_text]Induktiowokkiin t\u00e4ydellisesti istuva wok-pannu est\u00e4\u00e4 hukkal\u00e4mm\u00f6n muodostumisen. Valmistettu ruostumattomasta ter\u00e4ksest\u00e4.[\/vc_column_text][vc_empty_space height=&#8221;58px&#8221;][\/vc_column][\/vc_row][vc_row][vc_column width=&#8221;1\/3&#8243;][\/vc_column][vc_column width=&#8221;1\/3&#8243;][\/vc_column][\/vc_row][vc_row][vc_column][elx_heading font_container=&#8221;h4&#8243; font_size=&#8221;h3&#8243; text_color=&#8221;inherit&#8221; text_align=&#8221;text-center&#8221;]Haluatko lis\u00e4tietoja modulaarisen ruoanlaiton lis\u00e4tarvikkeistamme?[\/elx_heading][\/vc_column][\/vc_row][vc_row disable_element=&#8221;yes&#8221;][vc_column width=&#8221;1\/3&#8243;][elx_maylike_box id_box=&#8221;2691&#8243;][\/vc_column][vc_column width=&#8221;1\/3&#8243;][elx_maylike_box id_box=&#8221;2694&#8243;][\/vc_column][vc_column width=&#8221;1\/3&#8243;][elx_maylike_box id_box=&#8221;2688&#8243; link_target=&#8221;blank&#8221;][\/vc_column][\/vc_row][vc_row el_id=&#8221;contact&#8221;][vc_column][elx_heading text_color=&#8221;inherit&#8221; text_align=&#8221;text-center&#8221;]Ota meihin yhteytt\u00e4.[\/elx_heading][elx_o2000_contact_us s=&#8221;Lis\u00e4tietoja modulaarisen ruoanlaiton lis\u00e4tarvikkeista.&#8221; container=&#8221;elxcontactus1484304163&#8243; r=&#8221;Haluan saada lis\u00e4tietoja modulaarisen ruoanlaiton lis\u00e4tarvikkeista.&#8221;][vc_empty_space][\/vc_column][\/vc_row][vc_row][vc_column][vc_column_text][\/vc_column_text][\/vc_column][\/vc_row]<\/p>\n","protected":false},"excerpt":{"rendered":"<p>[vc_row full_width=&#8221;electroluxpro-full-width-no-padding&#8221;][vc_column css=&#8221;.vc_custom_1618358802266{margin-top: -40px !important;border-top-width: -40px !important;padding-top: -40px !important;}&#8221;][elx_full_banner title=&#8221;Lis\u00e4varusteet &#8211; modulaarinen ruoanvalmistus&#8221; set_as_h1=&#8221;true&#8221; background_image_media_library=&#8221;10861&#8243; background_image_media_library_mobile=&#8221;35233&#8243; link=&#8221;url:%23contact|title:Pyyd%C3%A4%20lis%C3%A4tietoja&#8221;][vc_row_inner full_width=&#8221;electroluxpro-full-width&#8221; gap=&#8221;15&#8243;][vc_column_inner width=&#8221;1\/4&#8243;][elx_download_block text=&#8221;Accessories for protection, sanitizing and cleaning catalogue&#8221; document_type=&#8221;cat&#8221; file_picker=&#8221;24892&#8243; background_color=&#8221;electrolux-blue&#8221; background_hover_color=&#8221;lighter-hover&#8221; ca_document_number=&#8221;CAT10&#8243;][\/vc_column_inner][vc_column_inner width=&#8221;1\/4&#8243;][elx_download_block text=&#8221;Alkuper\u00e4isvaraosat ja lis\u00e4tarvikkeet -katalogi (EN)&#8221; document_type=&#8221;brochures&#8221; file_picker=&#8221;10881&#8243; background_color=&#8221;electrolux-blue&#8221; background_hover_color=&#8221;lighter-hover&#8221;][\/vc_column_inner][vc_column_inner width=&#8221;1\/4&#8243;][elx_download_block text=&#8221;Varaosasarjat-katalogi (EN)&#8221; document_type=&#8221;brochures&#8221; file_picker=&#8221;10882&#8243; background_color=&#8221;electrolux-blue&#8221; background_hover_color=&#8221;lighter-hover&#8221;][\/vc_column_inner][vc_column_inner width=&#8221;1\/4&#8243;][elx_download_block text=&#8221;Professional cleaning detergents Selection Guide&#8221; [&hellip;]<\/p>\n","protected":false},"author":135,"featured_media":1894,"parent":0,"menu_order":0,"comment_status":"closed","ping_status":"closed","template":"","meta":{"footnotes":""},"class_list":["post-10862","page","type-page","status-publish","has-post-thumbnail","hentry"],"yoast_head":"<!-- This site is optimized with the Yoast SEO plugin v23.3 - https:\/\/yoast.com\/wordpress\/plugins\/seo\/ -->\n<title>Lis\u00e4varusteet - modulaarinen ruoanvalmistus - Electrolux Professional<\/title>\n<meta name=\"description\" content=\"Pasta- ja rasvakeitinten korit, lastat, pannut, rasvanpoistoaineet ja paljon muuta. Modulaarisiin laitesarjoihimme on tarjolla valtava m\u00e4\u00e4r\u00e4 lis\u00e4varusteita.\" \/>\n<meta name=\"robots\" content=\"index, follow, max-snippet:-1, max-image-preview:large, max-video-preview:-1\" \/>\n<link rel=\"canonical\" href=\"https:\/\/www.electroluxprofessional.com\/fi\/lisavarusteet-modulaarinen-ruoanvalmistus\/\" \/>\n<meta property=\"og:locale\" content=\"fi_FI\" \/>\n<meta property=\"og:type\" content=\"article\" \/>\n<meta property=\"og:title\" content=\"Lis\u00e4varusteet - modulaarinen ruoanvalmistus - Electrolux Professional\" \/>\n<meta property=\"og:description\" content=\"Pasta- ja rasvakeitinten korit, lastat, pannut, rasvanpoistoaineet ja paljon muuta. Modulaarisiin laitesarjoihimme on tarjolla valtava m\u00e4\u00e4r\u00e4 lis\u00e4varusteita.\" \/>\n<meta property=\"og:url\" content=\"https:\/\/www.electroluxprofessional.com\/fi\/lisavarusteet-modulaarinen-ruoanvalmistus\/\" \/>\n<meta property=\"og:site_name\" content=\"Electrolux Professional Suomi\" \/>\n<meta property=\"article:modified_time\" content=\"2025-11-05T14:20:39+00:00\" \/>\n<meta property=\"og:image\" content=\"https:\/\/www.electroluxprofessional.com\/fi\/wp-content\/uploads\/2016\/11\/xp1.jpg\" \/>\n\t<meta property=\"og:image:width\" content=\"2000\" \/>\n\t<meta property=\"og:image:height\" content=\"1333\" \/>\n\t<meta property=\"og:image:type\" content=\"image\/jpeg\" \/>\n<meta name=\"twitter:card\" content=\"summary_large_image\" \/>\n<meta name=\"twitter:label1\" content=\"Arvioitu lukuaika\" \/>\n\t<meta name=\"twitter:data1\" content=\"2 minuuttia\" \/>\n<script type=\"application\/ld+json\" class=\"yoast-schema-graph\">{\"@context\":\"https:\/\/schema.org\",\"@graph\":[{\"@type\":\"WebPage\",\"@id\":\"https:\/\/www.electroluxprofessional.com\/fi\/lisavarusteet-modulaarinen-ruoanvalmistus\/\",\"url\":\"https:\/\/www.electroluxprofessional.com\/fi\/lisavarusteet-modulaarinen-ruoanvalmistus\/\",\"name\":\"Lis\u00e4varusteet - modulaarinen ruoanvalmistus - Electrolux Professional\",\"isPartOf\":{\"@id\":\"https:\/\/www.electroluxprofessional.com\/fi\/#website\"},\"primaryImageOfPage\":{\"@id\":\"https:\/\/www.electroluxprofessional.com\/fi\/lisavarusteet-modulaarinen-ruoanvalmistus\/#primaryimage\"},\"image\":{\"@id\":\"https:\/\/www.electroluxprofessional.com\/fi\/lisavarusteet-modulaarinen-ruoanvalmistus\/#primaryimage\"},\"thumbnailUrl\":\"https:\/\/www.electroluxprofessional.com\/fi\/wp-content\/uploads\/2016\/11\/xp1.jpg\",\"datePublished\":\"2023-05-04T09:50:52+00:00\",\"dateModified\":\"2025-11-05T14:20:39+00:00\",\"description\":\"Pasta- ja rasvakeitinten korit, lastat, pannut, rasvanpoistoaineet ja paljon muuta. Modulaarisiin laitesarjoihimme on tarjolla valtava m\u00e4\u00e4r\u00e4 lis\u00e4varusteita.\",\"breadcrumb\":{\"@id\":\"https:\/\/www.electroluxprofessional.com\/fi\/lisavarusteet-modulaarinen-ruoanvalmistus\/#breadcrumb\"},\"inLanguage\":\"fi\",\"potentialAction\":[{\"@type\":\"ReadAction\",\"target\":[\"https:\/\/www.electroluxprofessional.com\/fi\/lisavarusteet-modulaarinen-ruoanvalmistus\/\"]}]},{\"@type\":\"ImageObject\",\"inLanguage\":\"fi\",\"@id\":\"https:\/\/www.electroluxprofessional.com\/fi\/lisavarusteet-modulaarinen-ruoanvalmistus\/#primaryimage\",\"url\":\"https:\/\/www.electroluxprofessional.com\/fi\/wp-content\/uploads\/2016\/11\/xp1.jpg\",\"contentUrl\":\"https:\/\/www.electroluxprofessional.com\/fi\/wp-content\/uploads\/2016\/11\/xp1.jpg\",\"width\":2000,\"height\":1333,\"caption\":\"900XP and 700XP\"},{\"@type\":\"BreadcrumbList\",\"@id\":\"https:\/\/www.electroluxprofessional.com\/fi\/lisavarusteet-modulaarinen-ruoanvalmistus\/#breadcrumb\",\"itemListElement\":[{\"@type\":\"ListItem\",\"position\":1,\"name\":\"Home\",\"item\":\"https:\/\/www.electroluxprofessional.com\/fi\/\"},{\"@type\":\"ListItem\",\"position\":2,\"name\":\"Lis\u00e4varusteet &#8211; modulaarinen ruoanvalmistus\"}]},{\"@type\":\"WebSite\",\"@id\":\"https:\/\/www.electroluxprofessional.com\/fi\/#website\",\"url\":\"https:\/\/www.electroluxprofessional.com\/fi\/\",\"name\":\"Electrolux Professional Suomi\",\"description\":\"\",\"potentialAction\":[{\"@type\":\"SearchAction\",\"target\":{\"@type\":\"EntryPoint\",\"urlTemplate\":\"https:\/\/www.electroluxprofessional.com\/fi\/?src={search_term_string}\"},\"query-input\":\"required name=search_term_string\"}],\"inLanguage\":\"fi\"}]}<\/script>\n<!-- \/ Yoast SEO plugin. -->","yoast_head_json":{"title":"Lis\u00e4varusteet - modulaarinen ruoanvalmistus - Electrolux Professional","description":"Pasta- ja rasvakeitinten korit, lastat, pannut, rasvanpoistoaineet ja paljon muuta. Modulaarisiin laitesarjoihimme on tarjolla valtava m\u00e4\u00e4r\u00e4 lis\u00e4varusteita.","robots":{"index":"index","follow":"follow","max-snippet":"max-snippet:-1","max-image-preview":"max-image-preview:large","max-video-preview":"max-video-preview:-1"},"canonical":"https:\/\/www.electroluxprofessional.com\/fi\/lisavarusteet-modulaarinen-ruoanvalmistus\/","og_locale":"fi_FI","og_type":"article","og_title":"Lis\u00e4varusteet - modulaarinen ruoanvalmistus - Electrolux Professional","og_description":"Pasta- ja rasvakeitinten korit, lastat, pannut, rasvanpoistoaineet ja paljon muuta. Modulaarisiin laitesarjoihimme on tarjolla valtava m\u00e4\u00e4r\u00e4 lis\u00e4varusteita.","og_url":"https:\/\/www.electroluxprofessional.com\/fi\/lisavarusteet-modulaarinen-ruoanvalmistus\/","og_site_name":"Electrolux Professional Suomi","article_modified_time":"2025-11-05T14:20:39+00:00","og_image":[{"width":2000,"height":1333,"url":"https:\/\/www.electroluxprofessional.com\/fi\/wp-content\/uploads\/2016\/11\/xp1.jpg","type":"image\/jpeg"}],"twitter_card":"summary_large_image","twitter_misc":{"Arvioitu lukuaika":"2 minuuttia"},"schema":{"@context":"https:\/\/schema.org","@graph":[{"@type":"WebPage","@id":"https:\/\/www.electroluxprofessional.com\/fi\/lisavarusteet-modulaarinen-ruoanvalmistus\/","url":"https:\/\/www.electroluxprofessional.com\/fi\/lisavarusteet-modulaarinen-ruoanvalmistus\/","name":"Lis\u00e4varusteet - modulaarinen ruoanvalmistus - Electrolux Professional","isPartOf":{"@id":"https:\/\/www.electroluxprofessional.com\/fi\/#website"},"primaryImageOfPage":{"@id":"https:\/\/www.electroluxprofessional.com\/fi\/lisavarusteet-modulaarinen-ruoanvalmistus\/#primaryimage"},"image":{"@id":"https:\/\/www.electroluxprofessional.com\/fi\/lisavarusteet-modulaarinen-ruoanvalmistus\/#primaryimage"},"thumbnailUrl":"https:\/\/www.electroluxprofessional.com\/fi\/wp-content\/uploads\/2016\/11\/xp1.jpg","datePublished":"2023-05-04T09:50:52+00:00","dateModified":"2025-11-05T14:20:39+00:00","description":"Pasta- ja rasvakeitinten korit, lastat, pannut, rasvanpoistoaineet ja paljon muuta. Modulaarisiin laitesarjoihimme on tarjolla valtava m\u00e4\u00e4r\u00e4 lis\u00e4varusteita.","breadcrumb":{"@id":"https:\/\/www.electroluxprofessional.com\/fi\/lisavarusteet-modulaarinen-ruoanvalmistus\/#breadcrumb"},"inLanguage":"fi","potentialAction":[{"@type":"ReadAction","target":["https:\/\/www.electroluxprofessional.com\/fi\/lisavarusteet-modulaarinen-ruoanvalmistus\/"]}]},{"@type":"ImageObject","inLanguage":"fi","@id":"https:\/\/www.electroluxprofessional.com\/fi\/lisavarusteet-modulaarinen-ruoanvalmistus\/#primaryimage","url":"https:\/\/www.electroluxprofessional.com\/fi\/wp-content\/uploads\/2016\/11\/xp1.jpg","contentUrl":"https:\/\/www.electroluxprofessional.com\/fi\/wp-content\/uploads\/2016\/11\/xp1.jpg","width":2000,"height":1333,"caption":"900XP and 700XP"},{"@type":"BreadcrumbList","@id":"https:\/\/www.electroluxprofessional.com\/fi\/lisavarusteet-modulaarinen-ruoanvalmistus\/#breadcrumb","itemListElement":[{"@type":"ListItem","position":1,"name":"Home","item":"https:\/\/www.electroluxprofessional.com\/fi\/"},{"@type":"ListItem","position":2,"name":"Lis\u00e4varusteet &#8211; modulaarinen ruoanvalmistus"}]},{"@type":"WebSite","@id":"https:\/\/www.electroluxprofessional.com\/fi\/#website","url":"https:\/\/www.electroluxprofessional.com\/fi\/","name":"Electrolux Professional Suomi","description":"","potentialAction":[{"@type":"SearchAction","target":{"@type":"EntryPoint","urlTemplate":"https:\/\/www.electroluxprofessional.com\/fi\/?src={search_term_string}"},"query-input":"required name=search_term_string"}],"inLanguage":"fi"}]}},"_links":{"self":[{"href":"https:\/\/www.electroluxprofessional.com\/fi\/wp-json\/wp\/v2\/pages\/10862"}],"collection":[{"href":"https:\/\/www.electroluxprofessional.com\/fi\/wp-json\/wp\/v2\/pages"}],"about":[{"href":"https:\/\/www.electroluxprofessional.com\/fi\/wp-json\/wp\/v2\/types\/page"}],"author":[{"embeddable":true,"href":"https:\/\/www.electroluxprofessional.com\/fi\/wp-json\/wp\/v2\/users\/135"}],"replies":[{"embeddable":true,"href":"https:\/\/www.electroluxprofessional.com\/fi\/wp-json\/wp\/v2\/comments?post=10862"}],"version-history":[{"count":26,"href":"https:\/\/www.electroluxprofessional.com\/fi\/wp-json\/wp\/v2\/pages\/10862\/revisions"}],"predecessor-version":[{"id":15631,"href":"https:\/\/www.electroluxprofessional.com\/fi\/wp-json\/wp\/v2\/pages\/10862\/revisions\/15631"}],"wp:featuredmedia":[{"embeddable":true,"href":"https:\/\/www.electroluxprofessional.com\/fi\/wp-json\/wp\/v2\/media\/1894"}],"wp:attachment":[{"href":"https:\/\/www.electroluxprofessional.com\/fi\/wp-json\/wp\/v2\/media?parent=10862"}],"curies":[{"name":"wp","href":"https:\/\/api.w.org\/{rel}","templated":true}]}}