{"id":9007,"date":"2019-06-03T16:02:10","date_gmt":"2019-06-03T14:02:10","guid":{"rendered":"https:\/\/www.electroluxprofessional.com\/es\/?page_id=9007"},"modified":"2026-03-31T09:17:24","modified_gmt":"2026-03-31T09:17:24","slug":"service-agreements","status":"publish","type":"page","link":"https:\/\/www.electroluxprofessional.com\/es\/service-agreements\/","title":{"rendered":"Service Agreements"},"content":{"rendered":"<p>[vc_row][vc_column][elx_heading font_container=&#8221;h1&#8243; font_size=&#8221;h3&#8243; text_color=&#8221;inherit&#8221;]Contratos de servicio[\/elx_heading][\/vc_column][\/vc_row][vc_row][vc_column width=&#8221;2\/3&#8243;][elx_heading font_size=&#8221;h5&#8243; text_color=&#8221;inherit&#8221;]Puedes confiar[\/elx_heading][vc_column_text]<\/p>\n<p class=\"p1\"><span class=\"s1\">La Atenci\u00f3n al Cliente de Electrolux Professional ofrece distintos paquetes de <\/span><span class=\"s2\"><b>contratos de servicio personalizados<\/b><\/span><span class=\"s1\">, dise\u00f1ados de acuerdo a nuestros manuales de productos y pensados para mantener el rendimiento, la disponibilidad y la seguridad de tus equipos con el objetivo de\u00a0<\/span><span class=\"s2\"><b>maximizar su<\/b>\u00a0<\/span><span class=\"s2\"><b>vida \u00fatil y su rentabilidad<\/b><\/span><span class=\"s1\">.<\/span><\/p>\n<p>[\/vc_column_text][vc_empty_space][elx_heading font_size=&#8221;h5&#8243; text_color=&#8221;inherit&#8221;]Paquete de Servicio B\u00e1sico[\/elx_heading][vc_column_text]<\/p>\n<p class=\"p1\"><span class=\"s1\">Cuidado B\u00e1sico, incluido con todos los productos registrados, que proporciona ayuda y asistencia telef\u00f3nica o a trav\u00e9s de correo electr\u00f3nico durante la jornada laboral para resolver los problemas menos cr\u00edticos, ofrecer acceso al inventario global de piezas de repuesto y la entrada a nuestra completa red de servicio sobre el terreno.<\/span><\/p>\n<p>[\/vc_column_text][\/vc_column][vc_column width=&#8221;1\/3&#8243;][vc_single_image image=&#8221;8944&#8243; img_size=&#8221;full&#8221;][\/vc_column][\/vc_row][vc_row][vc_column][elx_heading font_size=&#8221;h3&#8243; text_color=&#8221;inherit&#8221;]Paquetes de contratos de servicios (*)[\/elx_heading][elx_heading font_container=&#8221;h3&#8243; font_size=&#8221;h5&#8243; text_color=&#8221;inherit&#8221;](*) Sujetos a disponibilidad local[\/elx_heading][\/vc_column][\/vc_row][vc_row][vc_column width=&#8221;1\/3&#8243;][vc_empty_space css=&#8221;.vc_custom_1559570326163{background-color: #9fb5ba !important;}&#8221;][elx_heading font_container=&#8221;h3&#8243; font_size=&#8221;h3&#8243; text_color=&#8221;inherit&#8221;]Rendimiento[\/elx_heading][elx_heading font_container=&#8221;h4&#8243; font_size=&#8221;h5&#8243; text_color=&#8221;inherit&#8221;]Eleva tus est\u00e1ndares[\/elx_heading][vc_column_text]<\/p>\n<p class=\"p1\"><span class=\"s1\">Dise\u00f1ado para reducir los tiempos de parada imprevistos, mantener las condiciones de la garant\u00eda y asegurar un rendimiento \u00f3ptimo. Nuestro paquete de Servicio Rendimiento incluye las ventajas del mantenimiento preventivo anual junto con las revisiones y el servicio conforme a los manuales de producto Electrolux.<\/span><\/p>\n<p>[\/vc_column_text][\/vc_column][vc_column width=&#8221;1\/3&#8243;][vc_empty_space css=&#8221;.vc_custom_1559570354815{background-color: #666765 !important;}&#8221;][elx_heading font_container=&#8221;h3&#8243; font_size=&#8221;h3&#8243; text_color=&#8221;inherit&#8221;]Premium[\/elx_heading][elx_heading font_container=&#8221;h4&#8243; font_size=&#8221;h5&#8243; text_color=&#8221;inherit&#8221;]A\u00fan m\u00e1s para ti[\/elx_heading][vc_column_text]<\/p>\n<p class=\"p1\"><span class=\"s1\">Nuestro siguiente nivel en servicio, el paquete Premium, mejora la oferta del Servicio Rendimiento con la ventaja a\u00f1adida de que incluye los repuestos para las intervenciones reactivas <i>in situ<\/i>. Como beneficio adicional, recibir\u00e1s tambi\u00e9n un descuento en nuestra gama de Accesorios &amp; Consumibles y un acceso ampliado a la red de asistencia sobre el terreno Electrolux.<\/span><\/p>\n<p>[\/vc_column_text][\/vc_column][vc_column width=&#8221;1\/3&#8243;][vc_empty_space css=&#8221;.vc_custom_1559570375585{background-color: #bc8c47 !important;}&#8221;][elx_heading font_container=&#8221;h3&#8243; font_size=&#8221;h3&#8243; text_color=&#8221;inherit&#8221;]Excelencia[\/elx_heading][elx_heading font_container=&#8221;h4&#8243; font_size=&#8221;h5&#8243; text_color=&#8221;inherit&#8221;]Tranquilidad asegurada[\/elx_heading][vc_column_text]<\/p>\n<p class=\"p1\"><span class=\"s1\">El Servicio Excelencia incluye los beneficios del Servicio Premium adem\u00e1s de ofrecerte una tranquilidad absoluta en caso de que surja alg\u00fan problema inesperado. Una caracter\u00edstica clave del Servicio Excelencia es la ampliaci\u00f3n de la propia garant\u00eda de Electrolux, que proporciona cobertura profesional para dar asistencia y mantener tu equipo por un coste fijo. El paquete tambi\u00e9n incluye un tiempo de respuesta garantizado para las intervenciones de servicio sobre el terreno.<\/span><\/p>\n<p>[\/vc_column_text][\/vc_column][\/vc_row][vc_row][vc_column][vc_single_image image=&#8221;9048&#8243; img_size=&#8221;full&#8221;][vc_row_inner][vc_column_inner][vc_empty_space][elx_heading font_size=&#8221;h3&#8243; text_color=&#8221;inherit&#8221;]Conf\u00eda en nosotros[\/elx_heading][vc_column_text]Te cuidamos para que usted puedas cuidar tu negocio.[\/vc_column_text][\/vc_column_inner][\/vc_row_inner][vc_row_inner][vc_column_inner][elx_download_block text=&#8221;Acuerdos del servicio&#8221; file_picker=&#8221;9018&#8243; background_color=&#8221;electrolux-blue&#8221;][\/vc_column_inner][\/vc_row_inner][\/vc_column][\/vc_row][vc_row full_width=&#8221;electroluxpro-container-no-padding&#8221; css=&#8221;.vc_custom_1559572297059{background-color: #eeeeee !important;}&#8221;][vc_column][elx_heading font_size=&#8221;h3&#8243; text_color=&#8221;inherit&#8221;]Encuentra m\u00e1s informaci\u00f3n sobre la soluci\u00f3n completa[\/elx_heading][\/vc_column][\/vc_row][vc_row css=&#8221;.vc_custom_1559572558798{background-color: #eeeeee !important;}&#8221;][vc_column width=&#8221;1\/3&#8243;][elx_maylike_box id_box=&#8221;7260&#8243;][\/vc_column][vc_column width=&#8221;1\/3&#8243;][\/vc_column][vc_column width=&#8221;1\/3&#8243;][\/vc_column][\/vc_row]<\/p>\n","protected":false},"excerpt":{"rendered":"<p>[vc_row][vc_column][elx_heading font_container=&#8221;h1&#8243; font_size=&#8221;h3&#8243; text_color=&#8221;inherit&#8221;]Contratos de servicio[\/elx_heading][\/vc_column][\/vc_row][vc_row][vc_column width=&#8221;2\/3&#8243;][elx_heading font_size=&#8221;h5&#8243; text_color=&#8221;inherit&#8221;]Puedes confiar[\/elx_heading][vc_column_text] La Atenci\u00f3n al Cliente de Electrolux Professional ofrece distintos paquetes de contratos de servicio personalizados, dise\u00f1ados de acuerdo a nuestros manuales de productos y pensados para mantener el rendimiento, la disponibilidad y la seguridad de tus equipos con el objetivo de\u00a0maximizar su\u00a0vida \u00fatil y su [&hellip;]<\/p>\n","protected":false},"author":197,"featured_media":9008,"parent":0,"menu_order":0,"comment_status":"closed","ping_status":"closed","template":"","meta":{"footnotes":""},"class_list":["post-9007","page","type-page","status-publish","has-post-thumbnail","hentry"],"acf":[],"yoast_head":"<!-- This site is optimized with the Yoast SEO plugin v23.4 - https:\/\/yoast.com\/wordpress\/plugins\/seo\/ -->\n<title>Service Agreements | Electrolux Professional<\/title>\n<meta name=\"description\" content=\"Servicios personalizados de Electrolux para mantener rendimiento, disponibilidad y seguridad con completos contratos b\u00e1sicos, premium y excelencia.\" \/>\n<meta name=\"robots\" content=\"index, follow, max-snippet:-1, max-image-preview:large, max-video-preview:-1\" \/>\n<link rel=\"canonical\" href=\"https:\/\/www.electroluxprofessional.com\/es\/service-agreements\/\" \/>\n<meta property=\"og:locale\" content=\"es_ES\" \/>\n<meta property=\"og:type\" content=\"article\" \/>\n<meta property=\"og:title\" content=\"Service Agreements | Electrolux Professional\" \/>\n<meta property=\"og:description\" content=\"Servicios personalizados de Electrolux para mantener rendimiento, disponibilidad y seguridad con completos contratos b\u00e1sicos, premium y excelencia.\" \/>\n<meta property=\"og:url\" content=\"https:\/\/www.electroluxprofessional.com\/es\/service-agreements\/\" \/>\n<meta property=\"og:site_name\" content=\"Electrolux Professional Espa\u00f1a\" \/>\n<meta property=\"article:modified_time\" content=\"2026-03-31T09:17:24+00:00\" \/>\n<meta property=\"og:image\" content=\"https:\/\/www.electroluxprofessional.com\/es\/wp-content\/uploads\/2019\/06\/Clipboard04.jpg\" \/>\n\t<meta property=\"og:image:width\" content=\"2000\" \/>\n\t<meta property=\"og:image:height\" content=\"596\" \/>\n\t<meta property=\"og:image:type\" content=\"image\/jpeg\" \/>\n<meta name=\"twitter:card\" content=\"summary_large_image\" \/>\n<meta name=\"twitter:label1\" content=\"Tiempo de lectura\" \/>\n\t<meta name=\"twitter:data1\" content=\"3 minutos\" \/>\n<script type=\"application\/ld+json\" class=\"yoast-schema-graph\">{\"@context\":\"https:\/\/schema.org\",\"@graph\":[{\"@type\":\"WebPage\",\"@id\":\"https:\/\/www.electroluxprofessional.com\/es\/service-agreements\/\",\"url\":\"https:\/\/www.electroluxprofessional.com\/es\/service-agreements\/\",\"name\":\"Service Agreements | Electrolux Professional\",\"isPartOf\":{\"@id\":\"https:\/\/www.electroluxprofessional.com\/es\/#website\"},\"primaryImageOfPage\":{\"@id\":\"https:\/\/www.electroluxprofessional.com\/es\/service-agreements\/#primaryimage\"},\"image\":{\"@id\":\"https:\/\/www.electroluxprofessional.com\/es\/service-agreements\/#primaryimage\"},\"thumbnailUrl\":\"https:\/\/www.electroluxprofessional.com\/es\/wp-content\/uploads\/2019\/06\/Clipboard04.jpg\",\"datePublished\":\"2019-06-03T14:02:10+00:00\",\"dateModified\":\"2026-03-31T09:17:24+00:00\",\"description\":\"Servicios personalizados de Electrolux para mantener rendimiento, disponibilidad y seguridad con completos contratos b\u00e1sicos, premium y excelencia.\",\"breadcrumb\":{\"@id\":\"https:\/\/www.electroluxprofessional.com\/es\/service-agreements\/#breadcrumb\"},\"inLanguage\":\"es\",\"potentialAction\":[{\"@type\":\"ReadAction\",\"target\":[\"https:\/\/www.electroluxprofessional.com\/es\/service-agreements\/\"]}]},{\"@type\":\"ImageObject\",\"inLanguage\":\"es\",\"@id\":\"https:\/\/www.electroluxprofessional.com\/es\/service-agreements\/#primaryimage\",\"url\":\"https:\/\/www.electroluxprofessional.com\/es\/wp-content\/uploads\/2019\/06\/Clipboard04.jpg\",\"contentUrl\":\"https:\/\/www.electroluxprofessional.com\/es\/wp-content\/uploads\/2019\/06\/Clipboard04.jpg\",\"width\":2000,\"height\":596,\"caption\":\"Clipboard04\"},{\"@type\":\"BreadcrumbList\",\"@id\":\"https:\/\/www.electroluxprofessional.com\/es\/service-agreements\/#breadcrumb\",\"itemListElement\":[{\"@type\":\"ListItem\",\"position\":1,\"name\":\"Home\",\"item\":\"https:\/\/www.electroluxprofessional.com\/es\/\"},{\"@type\":\"ListItem\",\"position\":2,\"name\":\"Service Agreements\"}]},{\"@type\":\"WebSite\",\"@id\":\"https:\/\/www.electroluxprofessional.com\/es\/#website\",\"url\":\"https:\/\/www.electroluxprofessional.com\/es\/\",\"name\":\"Electrolux Professional Espa\u00f1a\",\"description\":\"Equipamiento cocinas profesionales y lavander\u00edas comerciales. Excelencia en el suministro de soluciones profesionales.\",\"potentialAction\":[{\"@type\":\"SearchAction\",\"target\":{\"@type\":\"EntryPoint\",\"urlTemplate\":\"https:\/\/www.electroluxprofessional.com\/es\/?src={search_term_string}\"},\"query-input\":{\"@type\":\"PropertyValueSpecification\",\"valueRequired\":true,\"valueName\":\"search_term_string\"}}],\"inLanguage\":\"es\"}]}<\/script>\n<!-- \/ Yoast SEO plugin. -->","yoast_head_json":{"title":"Service Agreements | Electrolux Professional","description":"Servicios personalizados de Electrolux para mantener rendimiento, disponibilidad y seguridad con completos contratos b\u00e1sicos, premium y excelencia.","robots":{"index":"index","follow":"follow","max-snippet":"max-snippet:-1","max-image-preview":"max-image-preview:large","max-video-preview":"max-video-preview:-1"},"canonical":"https:\/\/www.electroluxprofessional.com\/es\/service-agreements\/","og_locale":"es_ES","og_type":"article","og_title":"Service Agreements | Electrolux Professional","og_description":"Servicios personalizados de Electrolux para mantener rendimiento, disponibilidad y seguridad con completos contratos b\u00e1sicos, premium y excelencia.","og_url":"https:\/\/www.electroluxprofessional.com\/es\/service-agreements\/","og_site_name":"Electrolux Professional Espa\u00f1a","article_modified_time":"2026-03-31T09:17:24+00:00","og_image":[{"width":2000,"height":596,"url":"https:\/\/www.electroluxprofessional.com\/es\/wp-content\/uploads\/2019\/06\/Clipboard04.jpg","type":"image\/jpeg"}],"twitter_card":"summary_large_image","twitter_misc":{"Tiempo de lectura":"3 minutos"},"schema":{"@context":"https:\/\/schema.org","@graph":[{"@type":"WebPage","@id":"https:\/\/www.electroluxprofessional.com\/es\/service-agreements\/","url":"https:\/\/www.electroluxprofessional.com\/es\/service-agreements\/","name":"Service Agreements | Electrolux Professional","isPartOf":{"@id":"https:\/\/www.electroluxprofessional.com\/es\/#website"},"primaryImageOfPage":{"@id":"https:\/\/www.electroluxprofessional.com\/es\/service-agreements\/#primaryimage"},"image":{"@id":"https:\/\/www.electroluxprofessional.com\/es\/service-agreements\/#primaryimage"},"thumbnailUrl":"https:\/\/www.electroluxprofessional.com\/es\/wp-content\/uploads\/2019\/06\/Clipboard04.jpg","datePublished":"2019-06-03T14:02:10+00:00","dateModified":"2026-03-31T09:17:24+00:00","description":"Servicios personalizados de Electrolux para mantener rendimiento, disponibilidad y seguridad con completos contratos b\u00e1sicos, premium y excelencia.","breadcrumb":{"@id":"https:\/\/www.electroluxprofessional.com\/es\/service-agreements\/#breadcrumb"},"inLanguage":"es","potentialAction":[{"@type":"ReadAction","target":["https:\/\/www.electroluxprofessional.com\/es\/service-agreements\/"]}]},{"@type":"ImageObject","inLanguage":"es","@id":"https:\/\/www.electroluxprofessional.com\/es\/service-agreements\/#primaryimage","url":"https:\/\/www.electroluxprofessional.com\/es\/wp-content\/uploads\/2019\/06\/Clipboard04.jpg","contentUrl":"https:\/\/www.electroluxprofessional.com\/es\/wp-content\/uploads\/2019\/06\/Clipboard04.jpg","width":2000,"height":596,"caption":"Clipboard04"},{"@type":"BreadcrumbList","@id":"https:\/\/www.electroluxprofessional.com\/es\/service-agreements\/#breadcrumb","itemListElement":[{"@type":"ListItem","position":1,"name":"Home","item":"https:\/\/www.electroluxprofessional.com\/es\/"},{"@type":"ListItem","position":2,"name":"Service Agreements"}]},{"@type":"WebSite","@id":"https:\/\/www.electroluxprofessional.com\/es\/#website","url":"https:\/\/www.electroluxprofessional.com\/es\/","name":"Electrolux Professional Espa\u00f1a","description":"Equipamiento cocinas profesionales y lavander\u00edas comerciales. Excelencia en el suministro de soluciones profesionales.","potentialAction":[{"@type":"SearchAction","target":{"@type":"EntryPoint","urlTemplate":"https:\/\/www.electroluxprofessional.com\/es\/?src={search_term_string}"},"query-input":{"@type":"PropertyValueSpecification","valueRequired":true,"valueName":"search_term_string"}}],"inLanguage":"es"}]}},"_links":{"self":[{"href":"https:\/\/www.electroluxprofessional.com\/es\/wp-json\/wp\/v2\/pages\/9007"}],"collection":[{"href":"https:\/\/www.electroluxprofessional.com\/es\/wp-json\/wp\/v2\/pages"}],"about":[{"href":"https:\/\/www.electroluxprofessional.com\/es\/wp-json\/wp\/v2\/types\/page"}],"author":[{"embeddable":true,"href":"https:\/\/www.electroluxprofessional.com\/es\/wp-json\/wp\/v2\/users\/197"}],"replies":[{"embeddable":true,"href":"https:\/\/www.electroluxprofessional.com\/es\/wp-json\/wp\/v2\/comments?post=9007"}],"version-history":[{"count":29,"href":"https:\/\/www.electroluxprofessional.com\/es\/wp-json\/wp\/v2\/pages\/9007\/revisions"}],"predecessor-version":[{"id":26090,"href":"https:\/\/www.electroluxprofessional.com\/es\/wp-json\/wp\/v2\/pages\/9007\/revisions\/26090"}],"wp:featuredmedia":[{"embeddable":true,"href":"https:\/\/www.electroluxprofessional.com\/es\/wp-json\/wp\/v2\/media\/9008"}],"wp:attachment":[{"href":"https:\/\/www.electroluxprofessional.com\/es\/wp-json\/wp\/v2\/media?parent=9007"}],"curies":[{"name":"wp","href":"https:\/\/api.w.org\/{rel}","templated":true}]}}