{"id":8173,"date":"2019-01-17T13:55:11","date_gmt":"2019-01-17T12:55:11","guid":{"rendered":"https:\/\/www.electroluxprofessional.com\/es\/?page_id=8173"},"modified":"2026-03-31T09:24:05","modified_gmt":"2026-03-31T09:24:05","slug":"noticias-sidebar","status":"publish","type":"page","link":"https:\/\/www.electroluxprofessional.com\/es\/noticias-sidebar\/","title":{"rendered":"Noticias"},"content":{"rendered":"","protected":false},"excerpt":{"rendered":"","protected":false},"author":3,"featured_media":0,"parent":0,"menu_order":0,"comment_status":"closed","ping_status":"closed","template":"template-news.php","meta":{"footnotes":""},"class_list":["post-8173","page","type-page","status-publish","hentry"],"acf":[],"yoast_head":"<!-- This site is optimized with the Yoast SEO plugin v23.4 - https:\/\/yoast.com\/wordpress\/plugins\/seo\/ -->\n<title>Noticias y Soluciones para Hosteler\u00eda y Lavander\u00eda | Electrolux Professional<\/title>\n<meta name=\"description\" content=\"Noticias de Electrolux Professional sobre cocina e industria. Informaci\u00f3n de productos, servicios, notas de inter\u00e9s y art\u00edculos detallados por categor\u00eda.\" \/>\n<meta name=\"robots\" content=\"index, follow, max-snippet:-1, max-image-preview:large, max-video-preview:-1\" \/>\n<link rel=\"canonical\" href=\"https:\/\/www.electroluxprofessional.com\/es\/noticias-sidebar\/\" \/>\n<meta property=\"og:locale\" content=\"es_ES\" \/>\n<meta property=\"og:type\" content=\"article\" \/>\n<meta property=\"og:title\" content=\"Noticias y Soluciones para Hosteler\u00eda y Lavander\u00eda | Electrolux Professional\" \/>\n<meta property=\"og:description\" content=\"Noticias de Electrolux Professional sobre cocina e industria. Informaci\u00f3n de productos, servicios, notas de inter\u00e9s y art\u00edculos detallados por categor\u00eda.\" \/>\n<meta property=\"og:url\" content=\"https:\/\/www.electroluxprofessional.com\/es\/noticias-sidebar\/\" \/>\n<meta property=\"og:site_name\" content=\"Electrolux Professional Espa\u00f1a\" \/>\n<meta property=\"article:modified_time\" content=\"2026-03-31T09:24:05+00:00\" \/>\n<meta name=\"twitter:card\" content=\"summary_large_image\" \/>\n<script type=\"application\/ld+json\" class=\"yoast-schema-graph\">{\"@context\":\"https:\/\/schema.org\",\"@graph\":[{\"@type\":\"WebPage\",\"@id\":\"https:\/\/www.electroluxprofessional.com\/es\/noticias-sidebar\/\",\"url\":\"https:\/\/www.electroluxprofessional.com\/es\/noticias-sidebar\/\",\"name\":\"Noticias y Soluciones para Hosteler\u00eda y Lavander\u00eda | Electrolux Professional\",\"isPartOf\":{\"@id\":\"https:\/\/www.electroluxprofessional.com\/es\/#website\"},\"datePublished\":\"2019-01-17T12:55:11+00:00\",\"dateModified\":\"2026-03-31T09:24:05+00:00\",\"description\":\"Noticias de Electrolux Professional sobre cocina e industria. Informaci\u00f3n de productos, servicios, notas de inter\u00e9s y art\u00edculos detallados por categor\u00eda.\",\"breadcrumb\":{\"@id\":\"https:\/\/www.electroluxprofessional.com\/es\/noticias-sidebar\/#breadcrumb\"},\"inLanguage\":\"es\",\"potentialAction\":[{\"@type\":\"ReadAction\",\"target\":[\"https:\/\/www.electroluxprofessional.com\/es\/noticias-sidebar\/\"]}]},{\"@type\":\"BreadcrumbList\",\"@id\":\"https:\/\/www.electroluxprofessional.com\/es\/noticias-sidebar\/#breadcrumb\",\"itemListElement\":[{\"@type\":\"ListItem\",\"position\":1,\"name\":\"Home\",\"item\":\"https:\/\/www.electroluxprofessional.com\/es\/\"},{\"@type\":\"ListItem\",\"position\":2,\"name\":\"Noticias\"}]},{\"@type\":\"WebSite\",\"@id\":\"https:\/\/www.electroluxprofessional.com\/es\/#website\",\"url\":\"https:\/\/www.electroluxprofessional.com\/es\/\",\"name\":\"Electrolux Professional Espa\u00f1a\",\"description\":\"Equipamiento cocinas profesionales y lavander\u00edas comerciales. Excelencia en el suministro de soluciones profesionales.\",\"potentialAction\":[{\"@type\":\"SearchAction\",\"target\":{\"@type\":\"EntryPoint\",\"urlTemplate\":\"https:\/\/www.electroluxprofessional.com\/es\/?src={search_term_string}\"},\"query-input\":{\"@type\":\"PropertyValueSpecification\",\"valueRequired\":true,\"valueName\":\"search_term_string\"}}],\"inLanguage\":\"es\"}]}<\/script>\n<!-- \/ Yoast SEO plugin. -->","yoast_head_json":{"title":"Noticias y Soluciones para Hosteler\u00eda y Lavander\u00eda | Electrolux Professional","description":"Noticias de Electrolux Professional sobre cocina e industria. Informaci\u00f3n de productos, servicios, notas de inter\u00e9s y art\u00edculos detallados por categor\u00eda.","robots":{"index":"index","follow":"follow","max-snippet":"max-snippet:-1","max-image-preview":"max-image-preview:large","max-video-preview":"max-video-preview:-1"},"canonical":"https:\/\/www.electroluxprofessional.com\/es\/noticias-sidebar\/","og_locale":"es_ES","og_type":"article","og_title":"Noticias y Soluciones para Hosteler\u00eda y Lavander\u00eda | Electrolux Professional","og_description":"Noticias de Electrolux Professional sobre cocina e industria. Informaci\u00f3n de productos, servicios, notas de inter\u00e9s y art\u00edculos detallados por categor\u00eda.","og_url":"https:\/\/www.electroluxprofessional.com\/es\/noticias-sidebar\/","og_site_name":"Electrolux Professional Espa\u00f1a","article_modified_time":"2026-03-31T09:24:05+00:00","twitter_card":"summary_large_image","schema":{"@context":"https:\/\/schema.org","@graph":[{"@type":"WebPage","@id":"https:\/\/www.electroluxprofessional.com\/es\/noticias-sidebar\/","url":"https:\/\/www.electroluxprofessional.com\/es\/noticias-sidebar\/","name":"Noticias y Soluciones para Hosteler\u00eda y Lavander\u00eda | Electrolux Professional","isPartOf":{"@id":"https:\/\/www.electroluxprofessional.com\/es\/#website"},"datePublished":"2019-01-17T12:55:11+00:00","dateModified":"2026-03-31T09:24:05+00:00","description":"Noticias de Electrolux Professional sobre cocina e industria. Informaci\u00f3n de productos, servicios, notas de inter\u00e9s y art\u00edculos detallados por categor\u00eda.","breadcrumb":{"@id":"https:\/\/www.electroluxprofessional.com\/es\/noticias-sidebar\/#breadcrumb"},"inLanguage":"es","potentialAction":[{"@type":"ReadAction","target":["https:\/\/www.electroluxprofessional.com\/es\/noticias-sidebar\/"]}]},{"@type":"BreadcrumbList","@id":"https:\/\/www.electroluxprofessional.com\/es\/noticias-sidebar\/#breadcrumb","itemListElement":[{"@type":"ListItem","position":1,"name":"Home","item":"https:\/\/www.electroluxprofessional.com\/es\/"},{"@type":"ListItem","position":2,"name":"Noticias"}]},{"@type":"WebSite","@id":"https:\/\/www.electroluxprofessional.com\/es\/#website","url":"https:\/\/www.electroluxprofessional.com\/es\/","name":"Electrolux Professional Espa\u00f1a","description":"Equipamiento cocinas profesionales y lavander\u00edas comerciales. Excelencia en el suministro de soluciones profesionales.","potentialAction":[{"@type":"SearchAction","target":{"@type":"EntryPoint","urlTemplate":"https:\/\/www.electroluxprofessional.com\/es\/?src={search_term_string}"},"query-input":{"@type":"PropertyValueSpecification","valueRequired":true,"valueName":"search_term_string"}}],"inLanguage":"es"}]}},"_links":{"self":[{"href":"https:\/\/www.electroluxprofessional.com\/es\/wp-json\/wp\/v2\/pages\/8173"}],"collection":[{"href":"https:\/\/www.electroluxprofessional.com\/es\/wp-json\/wp\/v2\/pages"}],"about":[{"href":"https:\/\/www.electroluxprofessional.com\/es\/wp-json\/wp\/v2\/types\/page"}],"author":[{"embeddable":true,"href":"https:\/\/www.electroluxprofessional.com\/es\/wp-json\/wp\/v2\/users\/3"}],"replies":[{"embeddable":true,"href":"https:\/\/www.electroluxprofessional.com\/es\/wp-json\/wp\/v2\/comments?post=8173"}],"version-history":[{"count":3,"href":"https:\/\/www.electroluxprofessional.com\/es\/wp-json\/wp\/v2\/pages\/8173\/revisions"}],"predecessor-version":[{"id":26095,"href":"https:\/\/www.electroluxprofessional.com\/es\/wp-json\/wp\/v2\/pages\/8173\/revisions\/26095"}],"wp:attachment":[{"href":"https:\/\/www.electroluxprofessional.com\/es\/wp-json\/wp\/v2\/media?parent=8173"}],"curies":[{"name":"wp","href":"https:\/\/api.w.org\/{rel}","templated":true}]}}