{"id":7283,"date":"2018-05-09T15:43:19","date_gmt":"2018-05-09T14:43:19","guid":{"rendered":"https:\/\/www.electroluxprofessional.com\/?page_id=16640"},"modified":"2024-10-11T09:56:24","modified_gmt":"2024-10-11T09:56:24","slug":"mantenimiento","status":"publish","type":"page","link":"https:\/\/www.electroluxprofessional.com\/es\/mantenimiento\/","title":{"rendered":"Mantenimiento"},"content":{"rendered":"<p>[vc_row full_width=&#8221;electroluxpro-full-width-no-padding&#8221;][vc_column][elx_image_block background_image=&#8221;19352&#8243; minimum_height=&#8221;400px&#8221;][\/vc_column][\/vc_row][vc_row][vc_column][vc_empty_space][elx_heading font_container=&#8221;h1&#8243; text_color=&#8221;inherit&#8221;]Acuerdos de servicio[\/elx_heading][\/vc_column][\/vc_row][vc_row][vc_column width=&#8221;2\/3&#8243;][vc_empty_space][elx_heading text_color=&#8221;inherit&#8221;]Puedes confiar en nosotros[\/elx_heading][vc_column_text]<\/p>\n<p class=\"p1\">El Servicio de Atenci\u00f3n al Cliente de Electrolux Professional ofrece una serie de paquetes de acuerdos de servicio a medida, dise\u00f1ados de acuerdo con nuestros manuales de producto, dise\u00f1ados para mantener el rendimiento, la disponibilidad y la seguridad de su equipo, maximizando la vida \u00fatil y la rentabilidad.<\/p>\n<p>[\/vc_column_text][elx_heading text_color=&#8221;inherit&#8221;]Paquete de Servicio Base[\/elx_heading][vc_column_text]<\/p>\n<p class=\"p1\">Base Care, incluido con todos los productos registrados, te ofrece ayuda para resolver problemas menos cr\u00edticos, con soporte telef\u00f3nico y por correo electr\u00f3nico durante el horario laboral, acceso a un inventario global de piezas de repuesto y escalado a nuestra completa red de servicio de campo.<\/p>\n<p>[\/vc_column_text][elx_heading text_color=&#8221;inherit&#8221;]Paquetes de acuerdos de servicio (*)[\/elx_heading][elx_heading font_container=&#8221;h3&#8243; text_color=&#8221;inherit&#8221;](*) Sujeto a disponibilidad local[\/elx_heading][vc_empty_space][\/vc_column][vc_column width=&#8221;1\/3&#8243;][vc_empty_space][vc_single_image image=&#8221;19355&#8243; img_size=&#8221;full&#8221;][\/vc_column][\/vc_row][vc_row][vc_column width=&#8221;1\/3&#8243;][vc_empty_space css=&#8221;.vc_custom_1709452507532{background-color: #9fb5ba !important;}&#8221;][elx_heading text_color=&#8221;inherit&#8221;]Rendimiento[\/elx_heading][elx_heading font_container=&#8221;h3&#8243; text_color=&#8221;inherit&#8221;]Eleva tus est\u00e1ndares[\/elx_heading][vc_column_text]<\/p>\n<p class=\"p1\">Reduce los tiempos de inactividad imprevistos, mant\u00e9n las condiciones de garant\u00eda y un rendimiento operativo \u00f3ptimo.<\/p>\n<p>[\/vc_column_text][\/vc_column][vc_column width=&#8221;1\/3&#8243;][vc_empty_space css=&#8221;.vc_custom_1709452533093{background-color: #666765 !important;}&#8221;][elx_heading text_color=&#8221;inherit&#8221;]Premium[\/elx_heading][elx_heading font_container=&#8221;h3&#8243; text_color=&#8221;inherit&#8221;]A\u00fan m\u00e1s para ti[\/elx_heading][vc_column_text]<\/p>\n<p class=\"p1\">Ampl\u00eda la garant\u00eda en repuestos o costes de mano de obra con intervenciones reactivas sobre el terreno m\u00e1s r\u00e1pidas y un descuento a\u00f1adido en Accesorios y Consumibles.<\/p>\n<p>[\/vc_column_text][\/vc_column][vc_column width=&#8221;1\/3&#8243;][vc_empty_space css=&#8221;.vc_custom_1709452550733{background-color: #bc8c47 !important;}&#8221;][elx_heading text_color=&#8221;inherit&#8221;]Excelencia[\/elx_heading][elx_heading font_container=&#8221;h3&#8243; text_color=&#8221;inherit&#8221;]Tranquilidad asegurada[\/elx_heading][vc_column_text]<\/p>\n<p class=\"p1\">Ofrece un programa de mantenimiento y servicios con todo incluido a un precio fijo.<\/p>\n<p>[\/vc_column_text][\/vc_column][\/vc_row][vc_row][vc_column][vc_empty_space][elx_heading font_size=&#8221;h3&#8243; text_color=&#8221;inherit&#8221;]Contacta con un experto[\/elx_heading][elx_o2000_contact_us s=&#8221;Petici\u00f3n de informaci\u00f3n sobre mantenimientos&#8221; country=&#8221;Spain&#8221; container=&#8221;elxcontactus1484293813&#8243; r=&#8221;Me gustar\u00eda consultar con un experto en mantenimientos. Por favor, contacten conmigo.&#8221; e=&#8221;foodservice@electrolux.es&#8221; l=&#8221;es&#8221;][vc_empty_space css=&#8221;.vc_custom_1709452507532{background-color: #9fb5ba !important;}&#8221;][\/vc_column][\/vc_row][vc_row][vc_column][elx_heading font_size=&#8221;h3&#8243; text_color=&#8221;inherit&#8221;]Conf\u00eda en nosotros[\/elx_heading][vc_column_text]Nosotros nos hacemos cargo de tus equipos para que t\u00fa puedas encargarte de tu negocio.[\/vc_column_text][\/vc_column][\/vc_row][vc_row][vc_column width=&#8221;1\/3&#8243;][elx_download_block text=&#8221;Descargar<br \/>\nTarjeta de<br \/>\nMantenimiento&#8221; file_picker=&#8221;9133&#8243; background_color=&#8221;electrolux-blue&#8221;][\/vc_column][vc_column width=&#8221;1\/3&#8243;][\/vc_column][\/vc_row][vc_row][vc_column][vc_empty_space][\/vc_column][\/vc_row][vc_row css=&#8221;.vc_custom_1525876760927{background-color: #eeeeee !important;}&#8221;][vc_column][elx_heading font_size=&#8221;h3&#8243; text_color=&#8221;inherit&#8221;]Encuentra la soluci\u00f3n completa[\/elx_heading][vc_empty_space][\/vc_column][\/vc_row][vc_row css=&#8221;.vc_custom_1525876949436{background-color: #eeeeee !important;}&#8221;][vc_column width=&#8221;1\/3&#8243;][elx_maylike_box id_box=&#8221;7260&#8243;][\/vc_column][vc_column width=&#8221;1\/3&#8243;][elx_maylike_box id_box=&#8221;7282&#8243;][\/vc_column][vc_column width=&#8221;1\/3&#8243;][\/vc_column][\/vc_row]<\/p>\n","protected":false},"excerpt":{"rendered":"<p>[vc_row full_width=&#8221;electroluxpro-full-width-no-padding&#8221;][vc_column][elx_image_block background_image=&#8221;19352&#8243; minimum_height=&#8221;400px&#8221;][\/vc_column][\/vc_row][vc_row][vc_column][vc_empty_space][elx_heading font_container=&#8221;h1&#8243; text_color=&#8221;inherit&#8221;]Acuerdos de servicio[\/elx_heading][\/vc_column][\/vc_row][vc_row][vc_column width=&#8221;2\/3&#8243;][vc_empty_space][elx_heading text_color=&#8221;inherit&#8221;]Puedes confiar en nosotros[\/elx_heading][vc_column_text] El Servicio de Atenci\u00f3n al Cliente de Electrolux Professional ofrece una serie de paquetes de acuerdos de servicio a medida, dise\u00f1ados de acuerdo con nuestros manuales de producto, dise\u00f1ados para mantener el rendimiento, la disponibilidad y la seguridad de su equipo, maximizando [&hellip;]<\/p>\n","protected":false},"author":3,"featured_media":7276,"parent":0,"menu_order":0,"comment_status":"closed","ping_status":"closed","template":"","meta":{"footnotes":""},"class_list":["post-7283","page","type-page","status-publish","has-post-thumbnail","hentry"],"acf":[],"yoast_head":"<!-- This site is optimized with the Yoast SEO plugin v23.4 - https:\/\/yoast.com\/wordpress\/plugins\/seo\/ -->\n<title>Mantenimiento - Electrolux Professional Espa\u00f1a<\/title>\n<meta name=\"description\" content=\"Llevar a cabo un mantenimiento correcto conforme a los manuales de servicio y las recomendaciones de Electrolux es esencial para evitar problemas inesperados.\" \/>\n<meta name=\"robots\" content=\"index, follow, max-snippet:-1, max-image-preview:large, max-video-preview:-1\" \/>\n<link rel=\"canonical\" href=\"https:\/\/www.electroluxprofessional.com\/es\/customer-care-2__trashed\/mantenimiento\/\" \/>\n<meta property=\"og:locale\" content=\"es_ES\" \/>\n<meta property=\"og:type\" content=\"article\" \/>\n<meta property=\"og:title\" content=\"Mantenimiento - Electrolux Professional Espa\u00f1a\" \/>\n<meta property=\"og:description\" content=\"Llevar a cabo un mantenimiento correcto conforme a los manuales de servicio y las recomendaciones de Electrolux es esencial para evitar problemas inesperados.\" \/>\n<meta property=\"og:url\" content=\"https:\/\/www.electroluxprofessional.com\/es\/customer-care-2__trashed\/mantenimiento\/\" \/>\n<meta property=\"og:site_name\" content=\"Electrolux Professional Espa\u00f1a\" \/>\n<meta property=\"article:modified_time\" content=\"2024-10-11T09:56:24+00:00\" \/>\n<meta property=\"og:image\" content=\"https:\/\/www.electroluxprofessional.com\/es\/wp-content\/uploads\/2017\/01\/cutomer-care-2.jpg\" \/>\n\t<meta property=\"og:image:width\" content=\"2000\" \/>\n\t<meta property=\"og:image:height\" content=\"1691\" \/>\n\t<meta property=\"og:image:type\" content=\"image\/jpeg\" \/>\n<meta name=\"twitter:card\" content=\"summary_large_image\" \/>\n<meta name=\"twitter:label1\" content=\"Tiempo de lectura\" \/>\n\t<meta name=\"twitter:data1\" content=\"2 minutos\" \/>\n<script type=\"application\/ld+json\" class=\"yoast-schema-graph\">{\"@context\":\"https:\/\/schema.org\",\"@graph\":[{\"@type\":\"WebPage\",\"@id\":\"https:\/\/www.electroluxprofessional.com\/es\/customer-care-2__trashed\/mantenimiento\/\",\"url\":\"https:\/\/www.electroluxprofessional.com\/es\/customer-care-2__trashed\/mantenimiento\/\",\"name\":\"Mantenimiento - Electrolux Professional Espa\u00f1a\",\"isPartOf\":{\"@id\":\"https:\/\/www.electroluxprofessional.com\/es\/#website\"},\"primaryImageOfPage\":{\"@id\":\"https:\/\/www.electroluxprofessional.com\/es\/customer-care-2__trashed\/mantenimiento\/#primaryimage\"},\"image\":{\"@id\":\"https:\/\/www.electroluxprofessional.com\/es\/customer-care-2__trashed\/mantenimiento\/#primaryimage\"},\"thumbnailUrl\":\"https:\/\/www.electroluxprofessional.com\/es\/wp-content\/uploads\/2017\/01\/cutomer-care-2.jpg\",\"datePublished\":\"2018-05-09T14:43:19+00:00\",\"dateModified\":\"2024-10-11T09:56:24+00:00\",\"description\":\"Llevar a cabo un mantenimiento correcto conforme a los manuales de servicio y las recomendaciones de Electrolux es esencial para evitar problemas inesperados.\",\"breadcrumb\":{\"@id\":\"https:\/\/www.electroluxprofessional.com\/es\/customer-care-2__trashed\/mantenimiento\/#breadcrumb\"},\"inLanguage\":\"es\",\"potentialAction\":[{\"@type\":\"ReadAction\",\"target\":[\"https:\/\/www.electroluxprofessional.com\/es\/customer-care-2__trashed\/mantenimiento\/\"]}]},{\"@type\":\"ImageObject\",\"inLanguage\":\"es\",\"@id\":\"https:\/\/www.electroluxprofessional.com\/es\/customer-care-2__trashed\/mantenimiento\/#primaryimage\",\"url\":\"https:\/\/www.electroluxprofessional.com\/es\/wp-content\/uploads\/2017\/01\/cutomer-care-2.jpg\",\"contentUrl\":\"https:\/\/www.electroluxprofessional.com\/es\/wp-content\/uploads\/2017\/01\/cutomer-care-2.jpg\",\"width\":2000,\"height\":1691,\"caption\":\"customer care service electrolux professional\"},{\"@type\":\"BreadcrumbList\",\"@id\":\"https:\/\/www.electroluxprofessional.com\/es\/customer-care-2__trashed\/mantenimiento\/#breadcrumb\",\"itemListElement\":[{\"@type\":\"ListItem\",\"position\":1,\"name\":\"Home\",\"item\":\"https:\/\/www.electroluxprofessional.com\/es\/\"},{\"@type\":\"ListItem\",\"position\":2,\"name\":\"Mantenimiento\"}]},{\"@type\":\"WebSite\",\"@id\":\"https:\/\/www.electroluxprofessional.com\/es\/#website\",\"url\":\"https:\/\/www.electroluxprofessional.com\/es\/\",\"name\":\"Electrolux Professional Espa\u00f1a\",\"description\":\"Equipamiento cocinas profesionales y lavander\u00edas comerciales. Excelencia en el suministro de soluciones profesionales.\",\"potentialAction\":[{\"@type\":\"SearchAction\",\"target\":{\"@type\":\"EntryPoint\",\"urlTemplate\":\"https:\/\/www.electroluxprofessional.com\/es\/?src={search_term_string}\"},\"query-input\":{\"@type\":\"PropertyValueSpecification\",\"valueRequired\":true,\"valueName\":\"search_term_string\"}}],\"inLanguage\":\"es\"}]}<\/script>\n<!-- \/ Yoast SEO plugin. -->","yoast_head_json":{"title":"Mantenimiento - Electrolux Professional Espa\u00f1a","description":"Llevar a cabo un mantenimiento correcto conforme a los manuales de servicio y las recomendaciones de Electrolux es esencial para evitar problemas inesperados.","robots":{"index":"index","follow":"follow","max-snippet":"max-snippet:-1","max-image-preview":"max-image-preview:large","max-video-preview":"max-video-preview:-1"},"canonical":"https:\/\/www.electroluxprofessional.com\/es\/customer-care-2__trashed\/mantenimiento\/","og_locale":"es_ES","og_type":"article","og_title":"Mantenimiento - Electrolux Professional Espa\u00f1a","og_description":"Llevar a cabo un mantenimiento correcto conforme a los manuales de servicio y las recomendaciones de Electrolux es esencial para evitar problemas inesperados.","og_url":"https:\/\/www.electroluxprofessional.com\/es\/customer-care-2__trashed\/mantenimiento\/","og_site_name":"Electrolux Professional Espa\u00f1a","article_modified_time":"2024-10-11T09:56:24+00:00","og_image":[{"width":2000,"height":1691,"url":"https:\/\/www.electroluxprofessional.com\/es\/wp-content\/uploads\/2017\/01\/cutomer-care-2.jpg","type":"image\/jpeg"}],"twitter_card":"summary_large_image","twitter_misc":{"Tiempo de lectura":"2 minutos"},"schema":{"@context":"https:\/\/schema.org","@graph":[{"@type":"WebPage","@id":"https:\/\/www.electroluxprofessional.com\/es\/customer-care-2__trashed\/mantenimiento\/","url":"https:\/\/www.electroluxprofessional.com\/es\/customer-care-2__trashed\/mantenimiento\/","name":"Mantenimiento - Electrolux Professional Espa\u00f1a","isPartOf":{"@id":"https:\/\/www.electroluxprofessional.com\/es\/#website"},"primaryImageOfPage":{"@id":"https:\/\/www.electroluxprofessional.com\/es\/customer-care-2__trashed\/mantenimiento\/#primaryimage"},"image":{"@id":"https:\/\/www.electroluxprofessional.com\/es\/customer-care-2__trashed\/mantenimiento\/#primaryimage"},"thumbnailUrl":"https:\/\/www.electroluxprofessional.com\/es\/wp-content\/uploads\/2017\/01\/cutomer-care-2.jpg","datePublished":"2018-05-09T14:43:19+00:00","dateModified":"2024-10-11T09:56:24+00:00","description":"Llevar a cabo un mantenimiento correcto conforme a los manuales de servicio y las recomendaciones de Electrolux es esencial para evitar problemas inesperados.","breadcrumb":{"@id":"https:\/\/www.electroluxprofessional.com\/es\/customer-care-2__trashed\/mantenimiento\/#breadcrumb"},"inLanguage":"es","potentialAction":[{"@type":"ReadAction","target":["https:\/\/www.electroluxprofessional.com\/es\/customer-care-2__trashed\/mantenimiento\/"]}]},{"@type":"ImageObject","inLanguage":"es","@id":"https:\/\/www.electroluxprofessional.com\/es\/customer-care-2__trashed\/mantenimiento\/#primaryimage","url":"https:\/\/www.electroluxprofessional.com\/es\/wp-content\/uploads\/2017\/01\/cutomer-care-2.jpg","contentUrl":"https:\/\/www.electroluxprofessional.com\/es\/wp-content\/uploads\/2017\/01\/cutomer-care-2.jpg","width":2000,"height":1691,"caption":"customer care service electrolux professional"},{"@type":"BreadcrumbList","@id":"https:\/\/www.electroluxprofessional.com\/es\/customer-care-2__trashed\/mantenimiento\/#breadcrumb","itemListElement":[{"@type":"ListItem","position":1,"name":"Home","item":"https:\/\/www.electroluxprofessional.com\/es\/"},{"@type":"ListItem","position":2,"name":"Mantenimiento"}]},{"@type":"WebSite","@id":"https:\/\/www.electroluxprofessional.com\/es\/#website","url":"https:\/\/www.electroluxprofessional.com\/es\/","name":"Electrolux Professional Espa\u00f1a","description":"Equipamiento cocinas profesionales y lavander\u00edas comerciales. Excelencia en el suministro de soluciones profesionales.","potentialAction":[{"@type":"SearchAction","target":{"@type":"EntryPoint","urlTemplate":"https:\/\/www.electroluxprofessional.com\/es\/?src={search_term_string}"},"query-input":{"@type":"PropertyValueSpecification","valueRequired":true,"valueName":"search_term_string"}}],"inLanguage":"es"}]}},"_links":{"self":[{"href":"https:\/\/www.electroluxprofessional.com\/es\/wp-json\/wp\/v2\/pages\/7283"}],"collection":[{"href":"https:\/\/www.electroluxprofessional.com\/es\/wp-json\/wp\/v2\/pages"}],"about":[{"href":"https:\/\/www.electroluxprofessional.com\/es\/wp-json\/wp\/v2\/types\/page"}],"author":[{"embeddable":true,"href":"https:\/\/www.electroluxprofessional.com\/es\/wp-json\/wp\/v2\/users\/3"}],"replies":[{"embeddable":true,"href":"https:\/\/www.electroluxprofessional.com\/es\/wp-json\/wp\/v2\/comments?post=7283"}],"version-history":[{"count":31,"href":"https:\/\/www.electroluxprofessional.com\/es\/wp-json\/wp\/v2\/pages\/7283\/revisions"}],"predecessor-version":[{"id":19380,"href":"https:\/\/www.electroluxprofessional.com\/es\/wp-json\/wp\/v2\/pages\/7283\/revisions\/19380"}],"wp:featuredmedia":[{"embeddable":true,"href":"https:\/\/www.electroluxprofessional.com\/es\/wp-json\/wp\/v2\/media\/7276"}],"wp:attachment":[{"href":"https:\/\/www.electroluxprofessional.com\/es\/wp-json\/wp\/v2\/media?parent=7283"}],"curies":[{"name":"wp","href":"https:\/\/api.w.org\/{rel}","templated":true}]}}