{"id":7261,"date":"2018-05-09T15:33:48","date_gmt":"2018-05-09T13:33:48","guid":{"rendered":"https:\/\/www.electroluxprofessional.com\/?page_id=15376"},"modified":"2026-03-31T09:16:20","modified_gmt":"2026-03-31T09:16:20","slug":"acuerdos-de-servicio","status":"publish","type":"page","link":"https:\/\/www.electroluxprofessional.com\/es\/customer-care\/acuerdos-de-servicio\/","title":{"rendered":"Acuerdos de Servicio"},"content":{"rendered":"<p>[vc_row full_width=&#8221;electroluxpro-full-width-no-padding&#8221;][vc_column][elx_image_block background_image=&#8221;14555&#8243; minimum_height=&#8221;300px&#8221;][\/vc_column][\/vc_row][vc_row][vc_column width=&#8221;2\/3&#8243;][vc_empty_space][elx_heading font_container=&#8221;h1&#8243; font_size=&#8221;h3&#8243; text_color=&#8221;inherit&#8221;]Acuerdos de Servicio[\/elx_heading][vc_empty_space][elx_heading font_size=&#8221;h5&#8243; text_color=&#8221;inherit&#8221;]Puedes confiar[\/elx_heading][vc_column_text]El servicio de Atenci\u00f3n al Cliente de Electrolux ofrece varios paquetes de\u00a0<strong>acuerdos\u00a0de servicio a medida<\/strong>, dise\u00f1ados seg\u00fan nuestros manuales de producto para mantener el rendimiento, disponibilidad y seguridad de su equipo,\u00a0<strong>maximizando la\u00a0<\/strong><strong>durabilidad y la rentabilidad<\/strong>.[\/vc_column_text][elx_heading font_container=&#8221;h3&#8243; font_size=&#8221;h5&#8243; text_color=&#8221;inherit&#8221;]Paquete de Servicio B\u00e1sico[\/elx_heading][vc_column_text]El paquete B\u00e1sico, incluido en todos los productos debidamente registrados, ofrece asistencia gratuita tanto por tel\u00e9fono como por correo electr\u00f3nico para resolver cualquier problema que pueda surgir durante horario laboral. Adem\u00e1s, ofrece acceso al inventario de recambios y escalado a nuestra red de servicios t\u00e9cnicos de campo.[\/vc_column_text][\/vc_column][vc_column width=&#8221;1\/3&#8243;][vc_empty_space][vc_empty_space][vc_empty_space][vc_single_image image=&#8221;6898&#8243; img_size=&#8221;full&#8221;][\/vc_column][\/vc_row][vc_row][vc_column][elx_heading font_size=&#8221;h3&#8243; text_color=&#8221;inherit&#8221;]Paquetes de Acuerdos de Servicio (*)[\/elx_heading][elx_heading font_container=&#8221;h3&#8243; font_size=&#8221;h5&#8243; text_color=&#8221;inherit&#8221;](*) Sujetos a disponibilidad local[\/elx_heading][vc_empty_space height=&#8221;50px&#8221;][\/vc_column][\/vc_row][vc_row][vc_column width=&#8221;1\/3&#8243;][vc_empty_space css=&#8221;.vc_custom_1519742058383{background-color: #9fb5ba !important;}&#8221;][elx_heading font_container=&#8221;h3&#8243; font_size=&#8221;h3&#8243; text_color=&#8221;electrolux-blue&#8221; css=&#8221;.vc_custom_1519741850501{background-color: #041e41 !important;}&#8221;]Performance[\/elx_heading][elx_heading font_container=&#8221;h4&#8243; font_size=&#8221;h5&#8243; text_color=&#8221;electrolux-blue&#8221;]Eleva tus est\u00e1ndares[\/elx_heading][vc_column_text]Reduce el tiempo de inactividad no planificado, manteniendo las condiciones de garant\u00eda y un rendimiento operativo \u00f3ptimo.[\/vc_column_text][\/vc_column][vc_column width=&#8221;1\/3&#8243;][vc_empty_space css=&#8221;.vc_custom_1519742117220{background-color: #666765 !important;}&#8221;][elx_heading font_container=&#8221;h3&#8243; font_size=&#8221;h3&#8243; text_color=&#8221;electrolux-blue&#8221;]Premium[\/elx_heading][elx_heading font_container=&#8221;h4&#8243; font_size=&#8221;h5&#8243; text_color=&#8221;inherit&#8221;]A\u00fan m\u00e1s para ti[\/elx_heading][vc_column_text]Mejora la garant\u00eda incluyendo recambios o costes de mano obra con intervenciones in situ m\u00e1s r\u00e1pidas y descuentos en Accesorios y Consumibles.[\/vc_column_text][\/vc_column][vc_column width=&#8221;1\/3&#8243;][vc_empty_space css=&#8221;.vc_custom_1519742137766{background-color: #bc8c47 !important;}&#8221;][elx_heading font_size=&#8221;h3&#8243; text_color=&#8221;electrolux-blue&#8221;]Excellence[\/elx_heading][elx_heading font_container=&#8221;h4&#8243; font_size=&#8221;h5&#8243; text_color=&#8221;inherit&#8221; css=&#8221;.vc_custom_1531741158573{background-image: url(https:\/\/www.electroluxprofessional.com\/wp-content\/uploads\/2018\/02\/Excellence.jpg?id=15451) !important;}&#8221;]Tranquilidad asegurada[\/elx_heading][vc_column_text]Un programa de mantenimiento y servicios completo incluido en un precio fijo.[\/vc_column_text][\/vc_column][\/vc_row][vc_row][vc_column][elx_heading font_size=&#8221;h3&#8243; text_color=&#8221;inherit&#8221;]\u00danete a nuestros paquetes de acuerdos de Servicio [\/elx_heading][elx_o2000_contact_us r=&#8221;Me gustar\u00eda saber m\u00e1s sobre Acuerdos de Servicio Essentia. Por favor, contacten conmigo.&#8221; s=&#8221;Petici\u00f3n de informaci\u00f3n sobre acuerdos de Servicio Essentia&#8221; country=&#8221;Spain&#8221; l=&#8221;es&#8221; e=&#8221;foodservice@electrolux.es&#8221; container=&#8221;elxcontactus1484293813&#8243;][\/vc_column][\/vc_row][vc_row][vc_column][elx_heading font_size=&#8221;h3&#8243; text_color=&#8221;inherit&#8221;]Puedes confiar[\/elx_heading][vc_column_text]Cuidamos de tu equipo para que t\u00fa puedas ocuparte de tu negocio.[\/vc_column_text][\/vc_column][\/vc_row][vc_row][vc_column width=&#8221;1\/3&#8243;][elx_download_block text=&#8221;Essentia<br \/>\ncat\u00e1logo general&#8221; file_picker=&#8221;8987&#8243; background_color=&#8221;electrolux-blue&#8221;][\/vc_column][vc_column width=&#8221;1\/3&#8243;][elx_download_block text=&#8221;Acuerdos de Servicio&#8221; file_picker=&#8221;9018&#8243; background_color=&#8221;electrolux-blue&#8221;][\/vc_column][vc_column width=&#8221;1\/3&#8243;][elx_download_block text=&#8221;Essentia<br \/>\ncard&#8221; file_picker=&#8221;9019&#8243; background_color=&#8221;electrolux-blue&#8221;][\/vc_column][\/vc_row][vc_row][vc_column][vc_empty_space][\/vc_column][\/vc_row][vc_row css=&#8221;.vc_custom_1525876248980{background-color: #eeeeee !important;}&#8221;][vc_column][elx_heading font_size=&#8221;h3&#8243; text_color=&#8221;inherit&#8221;]M\u00e1s sobre la soluci\u00f3n completa[\/elx_heading][vc_empty_space][\/vc_column][\/vc_row][vc_row css=&#8221;.vc_custom_1525876257702{background-color: #eeeeee !important;}&#8221;][vc_column width=&#8221;1\/3&#8243;][elx_maylike_box id_box=&#8221;7260&#8243;][\/vc_column][vc_column width=&#8221;1\/3&#8243;][\/vc_column][vc_column width=&#8221;1\/3&#8243;][\/vc_column][\/vc_row]<\/p>\n","protected":false},"excerpt":{"rendered":"<p>[vc_row full_width=&#8221;electroluxpro-full-width-no-padding&#8221;][vc_column][elx_image_block background_image=&#8221;14555&#8243; minimum_height=&#8221;300px&#8221;][\/vc_column][\/vc_row][vc_row][vc_column width=&#8221;2\/3&#8243;][vc_empty_space][elx_heading font_container=&#8221;h1&#8243; font_size=&#8221;h3&#8243; text_color=&#8221;inherit&#8221;]Acuerdos de Servicio[\/elx_heading][vc_empty_space][elx_heading font_size=&#8221;h5&#8243; text_color=&#8221;inherit&#8221;]Puedes confiar[\/elx_heading][vc_column_text]El servicio de Atenci\u00f3n al Cliente de Electrolux ofrece varios paquetes de\u00a0acuerdos\u00a0de servicio a medida, dise\u00f1ados seg\u00fan nuestros manuales de producto para mantener el rendimiento, disponibilidad y seguridad de su equipo,\u00a0maximizando la\u00a0durabilidad y la rentabilidad.[\/vc_column_text][elx_heading font_container=&#8221;h3&#8243; font_size=&#8221;h5&#8243; text_color=&#8221;inherit&#8221;]Paquete de Servicio B\u00e1sico[\/elx_heading][vc_column_text]El paquete B\u00e1sico, [&hellip;]<\/p>\n","protected":false},"author":3,"featured_media":2508,"parent":22757,"menu_order":0,"comment_status":"closed","ping_status":"closed","template":"","meta":{"footnotes":""},"class_list":["post-7261","page","type-page","status-publish","has-post-thumbnail","hentry"],"acf":[],"yoast_head":"<!-- This site is optimized with the Yoast SEO plugin v23.4 - https:\/\/yoast.com\/wordpress\/plugins\/seo\/ -->\n<title>Acuerdos de Servicio | Electrolux Professional<\/title>\n<meta name=\"description\" content=\"Electrolux Professional Essentia ofrece soporte experto, recambios originales y mantenimiento fiable para maximizar el rendimiento de tus equipos.\" \/>\n<meta name=\"robots\" content=\"index, follow, max-snippet:-1, max-image-preview:large, max-video-preview:-1\" \/>\n<link rel=\"canonical\" href=\"https:\/\/www.electroluxprofessional.com\/es\/customer-care\/acuerdos-de-servicio\/\" \/>\n<meta property=\"og:locale\" content=\"es_ES\" \/>\n<meta property=\"og:type\" content=\"article\" \/>\n<meta property=\"og:title\" content=\"Acuerdos de Servicio | Electrolux Professional\" \/>\n<meta property=\"og:description\" content=\"Electrolux Professional Essentia ofrece soporte experto, recambios originales y mantenimiento fiable para maximizar el rendimiento de tus equipos.\" \/>\n<meta property=\"og:url\" content=\"https:\/\/www.electroluxprofessional.com\/es\/customer-care\/acuerdos-de-servicio\/\" \/>\n<meta property=\"og:site_name\" content=\"Electrolux Professional Espa\u00f1a\" \/>\n<meta property=\"article:modified_time\" content=\"2026-03-31T09:16:20+00:00\" \/>\n<meta property=\"og:image\" content=\"https:\/\/www.electroluxprofessional.com\/es\/wp-content\/uploads\/2017\/01\/cutomer-care.jpg\" \/>\n\t<meta property=\"og:image:width\" content=\"2000\" \/>\n\t<meta property=\"og:image:height\" content=\"1691\" \/>\n\t<meta property=\"og:image:type\" content=\"image\/jpeg\" \/>\n<meta name=\"twitter:card\" content=\"summary_large_image\" \/>\n<meta name=\"twitter:label1\" content=\"Tiempo de lectura\" \/>\n\t<meta name=\"twitter:data1\" content=\"2 minutos\" \/>\n<script type=\"application\/ld+json\" class=\"yoast-schema-graph\">{\"@context\":\"https:\/\/schema.org\",\"@graph\":[{\"@type\":\"WebPage\",\"@id\":\"https:\/\/www.electroluxprofessional.com\/es\/customer-care\/acuerdos-de-servicio\/\",\"url\":\"https:\/\/www.electroluxprofessional.com\/es\/customer-care\/acuerdos-de-servicio\/\",\"name\":\"Acuerdos de Servicio | Electrolux Professional\",\"isPartOf\":{\"@id\":\"https:\/\/www.electroluxprofessional.com\/es\/#website\"},\"primaryImageOfPage\":{\"@id\":\"https:\/\/www.electroluxprofessional.com\/es\/customer-care\/acuerdos-de-servicio\/#primaryimage\"},\"image\":{\"@id\":\"https:\/\/www.electroluxprofessional.com\/es\/customer-care\/acuerdos-de-servicio\/#primaryimage\"},\"thumbnailUrl\":\"https:\/\/www.electroluxprofessional.com\/es\/wp-content\/uploads\/2017\/01\/cutomer-care.jpg\",\"datePublished\":\"2018-05-09T13:33:48+00:00\",\"dateModified\":\"2026-03-31T09:16:20+00:00\",\"description\":\"Electrolux Professional Essentia ofrece soporte experto, recambios originales y mantenimiento fiable para maximizar el rendimiento de tus equipos.\",\"breadcrumb\":{\"@id\":\"https:\/\/www.electroluxprofessional.com\/es\/customer-care\/acuerdos-de-servicio\/#breadcrumb\"},\"inLanguage\":\"es\",\"potentialAction\":[{\"@type\":\"ReadAction\",\"target\":[\"https:\/\/www.electroluxprofessional.com\/es\/customer-care\/acuerdos-de-servicio\/\"]}]},{\"@type\":\"ImageObject\",\"inLanguage\":\"es\",\"@id\":\"https:\/\/www.electroluxprofessional.com\/es\/customer-care\/acuerdos-de-servicio\/#primaryimage\",\"url\":\"https:\/\/www.electroluxprofessional.com\/es\/wp-content\/uploads\/2017\/01\/cutomer-care.jpg\",\"contentUrl\":\"https:\/\/www.electroluxprofessional.com\/es\/wp-content\/uploads\/2017\/01\/cutomer-care.jpg\",\"width\":2000,\"height\":1691,\"caption\":\"customer-care\"},{\"@type\":\"BreadcrumbList\",\"@id\":\"https:\/\/www.electroluxprofessional.com\/es\/customer-care\/acuerdos-de-servicio\/#breadcrumb\",\"itemListElement\":[{\"@type\":\"ListItem\",\"position\":1,\"name\":\"Home\",\"item\":\"https:\/\/www.electroluxprofessional.com\/es\/\"},{\"@type\":\"ListItem\",\"position\":2,\"name\":\"Essentia Customer Care\",\"item\":\"https:\/\/www.electroluxprofessional.com\/es\/customer-care\/\"},{\"@type\":\"ListItem\",\"position\":3,\"name\":\"Acuerdos de Servicio\"}]},{\"@type\":\"WebSite\",\"@id\":\"https:\/\/www.electroluxprofessional.com\/es\/#website\",\"url\":\"https:\/\/www.electroluxprofessional.com\/es\/\",\"name\":\"Electrolux Professional Espa\u00f1a\",\"description\":\"Equipamiento cocinas profesionales y lavander\u00edas comerciales. Excelencia en el suministro de soluciones profesionales.\",\"potentialAction\":[{\"@type\":\"SearchAction\",\"target\":{\"@type\":\"EntryPoint\",\"urlTemplate\":\"https:\/\/www.electroluxprofessional.com\/es\/?src={search_term_string}\"},\"query-input\":{\"@type\":\"PropertyValueSpecification\",\"valueRequired\":true,\"valueName\":\"search_term_string\"}}],\"inLanguage\":\"es\"}]}<\/script>\n<!-- \/ Yoast SEO plugin. -->","yoast_head_json":{"title":"Acuerdos de Servicio | Electrolux Professional","description":"Electrolux Professional Essentia ofrece soporte experto, recambios originales y mantenimiento fiable para maximizar el rendimiento de tus equipos.","robots":{"index":"index","follow":"follow","max-snippet":"max-snippet:-1","max-image-preview":"max-image-preview:large","max-video-preview":"max-video-preview:-1"},"canonical":"https:\/\/www.electroluxprofessional.com\/es\/customer-care\/acuerdos-de-servicio\/","og_locale":"es_ES","og_type":"article","og_title":"Acuerdos de Servicio | Electrolux Professional","og_description":"Electrolux Professional Essentia ofrece soporte experto, recambios originales y mantenimiento fiable para maximizar el rendimiento de tus equipos.","og_url":"https:\/\/www.electroluxprofessional.com\/es\/customer-care\/acuerdos-de-servicio\/","og_site_name":"Electrolux Professional Espa\u00f1a","article_modified_time":"2026-03-31T09:16:20+00:00","og_image":[{"width":2000,"height":1691,"url":"https:\/\/www.electroluxprofessional.com\/es\/wp-content\/uploads\/2017\/01\/cutomer-care.jpg","type":"image\/jpeg"}],"twitter_card":"summary_large_image","twitter_misc":{"Tiempo de lectura":"2 minutos"},"schema":{"@context":"https:\/\/schema.org","@graph":[{"@type":"WebPage","@id":"https:\/\/www.electroluxprofessional.com\/es\/customer-care\/acuerdos-de-servicio\/","url":"https:\/\/www.electroluxprofessional.com\/es\/customer-care\/acuerdos-de-servicio\/","name":"Acuerdos de Servicio | Electrolux Professional","isPartOf":{"@id":"https:\/\/www.electroluxprofessional.com\/es\/#website"},"primaryImageOfPage":{"@id":"https:\/\/www.electroluxprofessional.com\/es\/customer-care\/acuerdos-de-servicio\/#primaryimage"},"image":{"@id":"https:\/\/www.electroluxprofessional.com\/es\/customer-care\/acuerdos-de-servicio\/#primaryimage"},"thumbnailUrl":"https:\/\/www.electroluxprofessional.com\/es\/wp-content\/uploads\/2017\/01\/cutomer-care.jpg","datePublished":"2018-05-09T13:33:48+00:00","dateModified":"2026-03-31T09:16:20+00:00","description":"Electrolux Professional Essentia ofrece soporte experto, recambios originales y mantenimiento fiable para maximizar el rendimiento de tus equipos.","breadcrumb":{"@id":"https:\/\/www.electroluxprofessional.com\/es\/customer-care\/acuerdos-de-servicio\/#breadcrumb"},"inLanguage":"es","potentialAction":[{"@type":"ReadAction","target":["https:\/\/www.electroluxprofessional.com\/es\/customer-care\/acuerdos-de-servicio\/"]}]},{"@type":"ImageObject","inLanguage":"es","@id":"https:\/\/www.electroluxprofessional.com\/es\/customer-care\/acuerdos-de-servicio\/#primaryimage","url":"https:\/\/www.electroluxprofessional.com\/es\/wp-content\/uploads\/2017\/01\/cutomer-care.jpg","contentUrl":"https:\/\/www.electroluxprofessional.com\/es\/wp-content\/uploads\/2017\/01\/cutomer-care.jpg","width":2000,"height":1691,"caption":"customer-care"},{"@type":"BreadcrumbList","@id":"https:\/\/www.electroluxprofessional.com\/es\/customer-care\/acuerdos-de-servicio\/#breadcrumb","itemListElement":[{"@type":"ListItem","position":1,"name":"Home","item":"https:\/\/www.electroluxprofessional.com\/es\/"},{"@type":"ListItem","position":2,"name":"Essentia Customer Care","item":"https:\/\/www.electroluxprofessional.com\/es\/customer-care\/"},{"@type":"ListItem","position":3,"name":"Acuerdos de Servicio"}]},{"@type":"WebSite","@id":"https:\/\/www.electroluxprofessional.com\/es\/#website","url":"https:\/\/www.electroluxprofessional.com\/es\/","name":"Electrolux Professional Espa\u00f1a","description":"Equipamiento cocinas profesionales y lavander\u00edas comerciales. Excelencia en el suministro de soluciones profesionales.","potentialAction":[{"@type":"SearchAction","target":{"@type":"EntryPoint","urlTemplate":"https:\/\/www.electroluxprofessional.com\/es\/?src={search_term_string}"},"query-input":{"@type":"PropertyValueSpecification","valueRequired":true,"valueName":"search_term_string"}}],"inLanguage":"es"}]}},"_links":{"self":[{"href":"https:\/\/www.electroluxprofessional.com\/es\/wp-json\/wp\/v2\/pages\/7261"}],"collection":[{"href":"https:\/\/www.electroluxprofessional.com\/es\/wp-json\/wp\/v2\/pages"}],"about":[{"href":"https:\/\/www.electroluxprofessional.com\/es\/wp-json\/wp\/v2\/types\/page"}],"author":[{"embeddable":true,"href":"https:\/\/www.electroluxprofessional.com\/es\/wp-json\/wp\/v2\/users\/3"}],"replies":[{"embeddable":true,"href":"https:\/\/www.electroluxprofessional.com\/es\/wp-json\/wp\/v2\/comments?post=7261"}],"version-history":[{"count":14,"href":"https:\/\/www.electroluxprofessional.com\/es\/wp-json\/wp\/v2\/pages\/7261\/revisions"}],"predecessor-version":[{"id":26088,"href":"https:\/\/www.electroluxprofessional.com\/es\/wp-json\/wp\/v2\/pages\/7261\/revisions\/26088"}],"up":[{"embeddable":true,"href":"https:\/\/www.electroluxprofessional.com\/es\/wp-json\/wp\/v2\/pages\/22757"}],"wp:featuredmedia":[{"embeddable":true,"href":"https:\/\/www.electroluxprofessional.com\/es\/wp-json\/wp\/v2\/media\/2508"}],"wp:attachment":[{"href":"https:\/\/www.electroluxprofessional.com\/es\/wp-json\/wp\/v2\/media?parent=7261"}],"curies":[{"name":"wp","href":"https:\/\/api.w.org\/{rel}","templated":true}]}}