{"id":4970,"date":"2016-11-07T15:33:36","date_gmt":"2016-11-07T15:33:36","guid":{"rendered":"https:\/\/www.electroluxprofessional.com\/?page_id=4239"},"modified":"2026-03-28T15:31:55","modified_gmt":"2026-03-28T15:31:55","slug":"otras-marmitas-y-sartenes","status":"publish","type":"page","link":"https:\/\/www.electroluxprofessional.com\/es\/equipamiento-cocinas-profesionales\/otras-marmitas-y-sartenes\/","title":{"rendered":"Otras marmitas y sartenes"},"content":{"rendered":"<p>[vc_row full_width=&#8221;electroluxpro-full-width-no-padding&#8221;][vc_column][vc_single_image image=&#8221;1858&#8243; img_size=&#8221;2100&#215;450&#8243; alignment=&#8221;center&#8221;][\/vc_column][\/vc_row][vc_row][vc_column][elx_heading font_container=&#8221;h1&#8243; font_size=&#8221;h3&#8243; text_color=&#8221;orange&#8221;]Otras Marmitas y Sartenes[\/elx_heading][elx_heading font_container=&#8221;h3&#8243; font_size=&#8221;h5&#8243; text_color=&#8221;inherit&#8221;]Enfriamiento r\u00e1pido, aumento de produccci\u00f3n y ahorro.<br \/>\nTres factores fundamentales para tu comedor.[\/elx_heading][vc_empty_space height=&#8221;50px&#8221;][\/vc_column][\/vc_row][vc_row][vc_column width=&#8221;1\/2&#8243;][vc_single_image image=&#8221;1852&#8243; img_size=&#8221;full&#8221; style=&#8221;vc_box_circle_2&#8243;][\/vc_column][vc_column width=&#8221;1\/2&#8243;][elx_heading font_size=&#8221;h3&#8243; text_color=&#8221;inherit&#8221;]Aumento de flujo de trabajo y productividad en el menor espacio[\/elx_heading][vc_column_text]Los peque\u00f1os flujos de trabajo son estrat\u00e9gicos para comedores que preparan miles de comidas al d\u00eda.<\/p>\n<p>La higiene y la seguridad deben formar parte integral del equipo que se utilice.<\/p>\n<p>Entendemos los retos a los que te enfrentas, por lo que te proporcionamos las \u00faltimas soluciones de cocina.<\/p>\n<ul>\n<li>Mayor rapidez de enfriamiento<\/li>\n<li>Incremento de producci\u00f3n<\/li>\n<li>Mayores ahorros<\/li>\n<\/ul>\n<p>Tres aspectos principales para tu negocio gracias a nuestras marmitas y sartenes.[\/vc_column_text][\/vc_column][\/vc_row][vc_row][vc_column][vc_empty_space][\/vc_column][\/vc_row][vc_row][vc_column width=&#8221;1\/3&#8243;][vc_single_image image=&#8221;1853&#8243; img_size=&#8221;large&#8221; alignment=&#8221;center&#8221;][elx_heading font_container=&#8221;h3&#8243; font_size=&#8221;h5&#8243; text_color=&#8221;inherit&#8221; text_align=&#8221;text-center&#8221;]Enfriamiento en tiempo record[\/elx_heading][vc_column_text]Enfriar 300 litros en s\u00f3lo 70 minutos de 100\u00b0C a 5\u00b0C con agua helada.[\/vc_column_text][\/vc_column][vc_column width=&#8221;1\/3&#8243;][vc_single_image image=&#8221;1854&#8243; img_size=&#8221;large&#8221; alignment=&#8221;center&#8221;][elx_heading font_size=&#8221;h5&#8243; text_color=&#8221;inherit&#8221; text_align=&#8221;text-center&#8221;]Mejora tu productividad[\/elx_heading][vc_column_text]en menos espacio gracias a su tama\u00f1o compacto.[\/vc_column_text][\/vc_column][vc_column width=&#8221;1\/3&#8243;][vc_single_image image=&#8221;1855&#8243; img_size=&#8221;large&#8221; alignment=&#8221;center&#8221;][elx_heading font_size=&#8221;h5&#8243; text_color=&#8221;inherit&#8221; text_align=&#8221;text-center&#8221;]Ahorra un 50% de tiempo[\/elx_heading][vc_column_text]con el agitador Promix con potencia extra. Mezcla r\u00e1pida y suave de alimentos densos como pur\u00e9 de patatas.[\/vc_column_text][\/vc_column][\/vc_row][vc_row][vc_column width=&#8221;2\/3&#8243;][elx_image_block background_image=&#8221;1851&#8243; minimum_height=&#8221;260px&#8221;][\/vc_column][vc_column width=&#8221;1\/3&#8243;][elx_download_block text=&#8221;Descarga el folleto de Marmitas inteligentes&#8221; link=&#8221;https:\/\/tools.electroluxprofessional.com\/Mirror\/Doc\/CLF\/CLF_CLF-9JE00253_1_5_1_5_EPR-leaflet-Smart-BoilingPans-EN_20210315_LR.pdf&#8221; background_color=&#8221;electrolux-blue&#8221; reveal_effect=&#8221;&#8221; reveal_duration=&#8221;&#8221; reveal_delay=&#8221;&#8221;][\/vc_column][\/vc_row][vc_row css=&#8221;.vc_custom_1751978939804{background-color: #eeeeee !important;}&#8221;][vc_column][vc_empty_space height=&#8221;50px&#8221;][elx_heading font_size=&#8221;h3&#8243; text_color=&#8221;inherit&#8221;]Encuentra el paquete ideal para tu negocio[\/elx_heading][vc_empty_space height=&#8221;15px&#8221;][\/vc_column][\/vc_row][vc_row css=&#8221;.vc_custom_1751978939804{background-color: #eeeeee !important;}&#8221;][vc_column width=&#8221;1\/3&#8243;][elx_maylike_box id_box=&#8221;3881&#8243; link_target=&#8221;blank&#8221;][\/vc_column][vc_column width=&#8221;1\/3&#8243;][elx_maylike_box id_box=&#8221;4058&#8243; link_target=&#8221;blank&#8221;][\/vc_column][vc_column width=&#8221;1\/3&#8243;][elx_maylike_box id_box=&#8221;3888&#8243; link_target=&#8221;blank&#8221;][\/vc_column][\/vc_row][vc_row][vc_column][vc_empty_space height=&#8221;60px&#8221;][elx_heading font_container=&#8221;h3&#8243; font_size=&#8221;h3&#8243; text_color=&#8221;inherit&#8221;]\u00bfNecesitas ayuda?<br \/>\n\u00a1Contacta con nuestros expertos![\/elx_heading][\/vc_column][\/vc_row][vc_row][vc_column][elx_o2000_contact_us s=&#8221;Petici\u00f3n de informaci\u00f3n sobre marmitas y otros equipos industriales.&#8221; country=&#8221;Spain&#8221; container=&#8221;elxcontactus1478533364&#8243; r=&#8221;Me gustar\u00eda tener m\u00e1s informaci\u00f3n sobre marmitas y otros equipos industriales. Por favor, contacten conmigo.&#8221; e=&#8221;foodservice@electrolux.es&#8221; l=&#8221;es&#8221;][vc_empty_space height=&#8221;50px&#8221;][elx_heading font_size=&#8221;h3&#8243; text_color=&#8221;inherit&#8221;]Otras marmitas y sartenes[\/elx_heading][\/vc_column][\/vc_row]<\/p>\n","protected":false},"excerpt":{"rendered":"<p>[vc_row full_width=&#8221;electroluxpro-full-width-no-padding&#8221;][vc_column][vc_single_image image=&#8221;1858&#8243; img_size=&#8221;2100&#215;450&#8243; alignment=&#8221;center&#8221;][\/vc_column][\/vc_row][vc_row][vc_column][elx_heading font_container=&#8221;h1&#8243; font_size=&#8221;h3&#8243; text_color=&#8221;orange&#8221;]Otras Marmitas y Sartenes[\/elx_heading][elx_heading font_container=&#8221;h3&#8243; font_size=&#8221;h5&#8243; text_color=&#8221;inherit&#8221;]Enfriamiento r\u00e1pido, aumento de produccci\u00f3n y ahorro. Tres factores fundamentales para tu comedor.[\/elx_heading][vc_empty_space height=&#8221;50px&#8221;][\/vc_column][\/vc_row][vc_row][vc_column width=&#8221;1\/2&#8243;][vc_single_image image=&#8221;1852&#8243; img_size=&#8221;full&#8221; style=&#8221;vc_box_circle_2&#8243;][\/vc_column][vc_column width=&#8221;1\/2&#8243;][elx_heading font_size=&#8221;h3&#8243; text_color=&#8221;inherit&#8221;]Aumento de flujo de trabajo y productividad en el menor espacio[\/elx_heading][vc_column_text]Los peque\u00f1os flujos de trabajo son estrat\u00e9gicos para comedores que preparan miles [&hellip;]<\/p>\n","protected":false},"author":3,"featured_media":1858,"parent":4096,"menu_order":0,"comment_status":"closed","ping_status":"closed","template":"","meta":{"footnotes":""},"class_list":["post-4970","page","type-page","status-publish","has-post-thumbnail","hentry"],"acf":[],"yoast_head":"<!-- This site is optimized with the Yoast SEO plugin v23.4 - https:\/\/yoast.com\/wordpress\/plugins\/seo\/ -->\n<title>Otras Marmitas y Sartenes | Electrolux Professional<\/title>\n<meta name=\"description\" content=\"Otras marmitas y sartenes profesionales para cocinas industriales. Soluciones robustas y de gran capacidad adaptables a diversas t\u00e9cnicas de cocci\u00f3n.\" \/>\n<meta name=\"robots\" content=\"index, follow, max-snippet:-1, max-image-preview:large, max-video-preview:-1\" \/>\n<link rel=\"canonical\" href=\"https:\/\/www.electroluxprofessional.com\/es\/equipamiento-cocinas-profesionales\/otras-marmitas-y-sartenes\/\" \/>\n<meta property=\"og:locale\" content=\"es_ES\" \/>\n<meta property=\"og:type\" content=\"article\" \/>\n<meta property=\"og:title\" content=\"Otras Marmitas y Sartenes | Electrolux Professional\" \/>\n<meta property=\"og:description\" content=\"Otras marmitas y sartenes profesionales para cocinas industriales. Soluciones robustas y de gran capacidad adaptables a diversas t\u00e9cnicas de cocci\u00f3n.\" \/>\n<meta property=\"og:url\" content=\"https:\/\/www.electroluxprofessional.com\/es\/equipamiento-cocinas-profesionales\/otras-marmitas-y-sartenes\/\" \/>\n<meta property=\"og:site_name\" content=\"Electrolux Professional Espa\u00f1a\" \/>\n<meta property=\"article:modified_time\" content=\"2026-03-28T15:31:55+00:00\" \/>\n<meta property=\"og:image\" content=\"https:\/\/www.electroluxprofessional.com\/es\/wp-content\/uploads\/2016\/11\/other-boiling-and-braising-pans-banner.jpg\" \/>\n\t<meta property=\"og:image:width\" content=\"2539\" \/>\n\t<meta property=\"og:image:height\" content=\"1565\" \/>\n\t<meta property=\"og:image:type\" content=\"image\/jpeg\" \/>\n<meta name=\"twitter:card\" content=\"summary_large_image\" \/>\n<meta name=\"twitter:label1\" content=\"Tiempo de lectura\" \/>\n\t<meta name=\"twitter:data1\" content=\"3 minutos\" \/>\n<script type=\"application\/ld+json\" class=\"yoast-schema-graph\">{\"@context\":\"https:\/\/schema.org\",\"@graph\":[{\"@type\":\"WebPage\",\"@id\":\"https:\/\/www.electroluxprofessional.com\/es\/equipamiento-cocinas-profesionales\/otras-marmitas-y-sartenes\/\",\"url\":\"https:\/\/www.electroluxprofessional.com\/es\/equipamiento-cocinas-profesionales\/otras-marmitas-y-sartenes\/\",\"name\":\"Otras Marmitas y Sartenes | Electrolux Professional\",\"isPartOf\":{\"@id\":\"https:\/\/www.electroluxprofessional.com\/es\/#website\"},\"primaryImageOfPage\":{\"@id\":\"https:\/\/www.electroluxprofessional.com\/es\/equipamiento-cocinas-profesionales\/otras-marmitas-y-sartenes\/#primaryimage\"},\"image\":{\"@id\":\"https:\/\/www.electroluxprofessional.com\/es\/equipamiento-cocinas-profesionales\/otras-marmitas-y-sartenes\/#primaryimage\"},\"thumbnailUrl\":\"https:\/\/www.electroluxprofessional.com\/es\/wp-content\/uploads\/2016\/11\/other-boiling-and-braising-pans-banner.jpg\",\"datePublished\":\"2016-11-07T15:33:36+00:00\",\"dateModified\":\"2026-03-28T15:31:55+00:00\",\"description\":\"Otras marmitas y sartenes profesionales para cocinas industriales. Soluciones robustas y de gran capacidad adaptables a diversas t\u00e9cnicas de cocci\u00f3n.\",\"breadcrumb\":{\"@id\":\"https:\/\/www.electroluxprofessional.com\/es\/equipamiento-cocinas-profesionales\/otras-marmitas-y-sartenes\/#breadcrumb\"},\"inLanguage\":\"es\",\"potentialAction\":[{\"@type\":\"ReadAction\",\"target\":[\"https:\/\/www.electroluxprofessional.com\/es\/equipamiento-cocinas-profesionales\/otras-marmitas-y-sartenes\/\"]}]},{\"@type\":\"ImageObject\",\"inLanguage\":\"es\",\"@id\":\"https:\/\/www.electroluxprofessional.com\/es\/equipamiento-cocinas-profesionales\/otras-marmitas-y-sartenes\/#primaryimage\",\"url\":\"https:\/\/www.electroluxprofessional.com\/es\/wp-content\/uploads\/2016\/11\/other-boiling-and-braising-pans-banner.jpg\",\"contentUrl\":\"https:\/\/www.electroluxprofessional.com\/es\/wp-content\/uploads\/2016\/11\/other-boiling-and-braising-pans-banner.jpg\",\"width\":2539,\"height\":1565,\"caption\":\"smart boiling pans\"},{\"@type\":\"BreadcrumbList\",\"@id\":\"https:\/\/www.electroluxprofessional.com\/es\/equipamiento-cocinas-profesionales\/otras-marmitas-y-sartenes\/#breadcrumb\",\"itemListElement\":[{\"@type\":\"ListItem\",\"position\":1,\"name\":\"Home\",\"item\":\"https:\/\/www.electroluxprofessional.com\/es\/\"},{\"@type\":\"ListItem\",\"position\":2,\"name\":\"Equipamiento de Cocinas\",\"item\":\"https:\/\/www.electroluxprofessional.com\/es\/equipamiento-cocinas-profesionales\/\"},{\"@type\":\"ListItem\",\"position\":3,\"name\":\"Otras marmitas y sartenes\"}]},{\"@type\":\"WebSite\",\"@id\":\"https:\/\/www.electroluxprofessional.com\/es\/#website\",\"url\":\"https:\/\/www.electroluxprofessional.com\/es\/\",\"name\":\"Electrolux Professional Espa\u00f1a\",\"description\":\"Equipamiento cocinas profesionales y lavander\u00edas comerciales. Excelencia en el suministro de soluciones profesionales.\",\"potentialAction\":[{\"@type\":\"SearchAction\",\"target\":{\"@type\":\"EntryPoint\",\"urlTemplate\":\"https:\/\/www.electroluxprofessional.com\/es\/?src={search_term_string}\"},\"query-input\":{\"@type\":\"PropertyValueSpecification\",\"valueRequired\":true,\"valueName\":\"search_term_string\"}}],\"inLanguage\":\"es\"}]}<\/script>\n<!-- \/ Yoast SEO plugin. -->","yoast_head_json":{"title":"Otras Marmitas y Sartenes | Electrolux Professional","description":"Otras marmitas y sartenes profesionales para cocinas industriales. Soluciones robustas y de gran capacidad adaptables a diversas t\u00e9cnicas de cocci\u00f3n.","robots":{"index":"index","follow":"follow","max-snippet":"max-snippet:-1","max-image-preview":"max-image-preview:large","max-video-preview":"max-video-preview:-1"},"canonical":"https:\/\/www.electroluxprofessional.com\/es\/equipamiento-cocinas-profesionales\/otras-marmitas-y-sartenes\/","og_locale":"es_ES","og_type":"article","og_title":"Otras Marmitas y Sartenes | Electrolux Professional","og_description":"Otras marmitas y sartenes profesionales para cocinas industriales. Soluciones robustas y de gran capacidad adaptables a diversas t\u00e9cnicas de cocci\u00f3n.","og_url":"https:\/\/www.electroluxprofessional.com\/es\/equipamiento-cocinas-profesionales\/otras-marmitas-y-sartenes\/","og_site_name":"Electrolux Professional Espa\u00f1a","article_modified_time":"2026-03-28T15:31:55+00:00","og_image":[{"width":2539,"height":1565,"url":"https:\/\/www.electroluxprofessional.com\/es\/wp-content\/uploads\/2016\/11\/other-boiling-and-braising-pans-banner.jpg","type":"image\/jpeg"}],"twitter_card":"summary_large_image","twitter_misc":{"Tiempo de lectura":"3 minutos"},"schema":{"@context":"https:\/\/schema.org","@graph":[{"@type":"WebPage","@id":"https:\/\/www.electroluxprofessional.com\/es\/equipamiento-cocinas-profesionales\/otras-marmitas-y-sartenes\/","url":"https:\/\/www.electroluxprofessional.com\/es\/equipamiento-cocinas-profesionales\/otras-marmitas-y-sartenes\/","name":"Otras Marmitas y Sartenes | Electrolux Professional","isPartOf":{"@id":"https:\/\/www.electroluxprofessional.com\/es\/#website"},"primaryImageOfPage":{"@id":"https:\/\/www.electroluxprofessional.com\/es\/equipamiento-cocinas-profesionales\/otras-marmitas-y-sartenes\/#primaryimage"},"image":{"@id":"https:\/\/www.electroluxprofessional.com\/es\/equipamiento-cocinas-profesionales\/otras-marmitas-y-sartenes\/#primaryimage"},"thumbnailUrl":"https:\/\/www.electroluxprofessional.com\/es\/wp-content\/uploads\/2016\/11\/other-boiling-and-braising-pans-banner.jpg","datePublished":"2016-11-07T15:33:36+00:00","dateModified":"2026-03-28T15:31:55+00:00","description":"Otras marmitas y sartenes profesionales para cocinas industriales. Soluciones robustas y de gran capacidad adaptables a diversas t\u00e9cnicas de cocci\u00f3n.","breadcrumb":{"@id":"https:\/\/www.electroluxprofessional.com\/es\/equipamiento-cocinas-profesionales\/otras-marmitas-y-sartenes\/#breadcrumb"},"inLanguage":"es","potentialAction":[{"@type":"ReadAction","target":["https:\/\/www.electroluxprofessional.com\/es\/equipamiento-cocinas-profesionales\/otras-marmitas-y-sartenes\/"]}]},{"@type":"ImageObject","inLanguage":"es","@id":"https:\/\/www.electroluxprofessional.com\/es\/equipamiento-cocinas-profesionales\/otras-marmitas-y-sartenes\/#primaryimage","url":"https:\/\/www.electroluxprofessional.com\/es\/wp-content\/uploads\/2016\/11\/other-boiling-and-braising-pans-banner.jpg","contentUrl":"https:\/\/www.electroluxprofessional.com\/es\/wp-content\/uploads\/2016\/11\/other-boiling-and-braising-pans-banner.jpg","width":2539,"height":1565,"caption":"smart boiling pans"},{"@type":"BreadcrumbList","@id":"https:\/\/www.electroluxprofessional.com\/es\/equipamiento-cocinas-profesionales\/otras-marmitas-y-sartenes\/#breadcrumb","itemListElement":[{"@type":"ListItem","position":1,"name":"Home","item":"https:\/\/www.electroluxprofessional.com\/es\/"},{"@type":"ListItem","position":2,"name":"Equipamiento de Cocinas","item":"https:\/\/www.electroluxprofessional.com\/es\/equipamiento-cocinas-profesionales\/"},{"@type":"ListItem","position":3,"name":"Otras marmitas y sartenes"}]},{"@type":"WebSite","@id":"https:\/\/www.electroluxprofessional.com\/es\/#website","url":"https:\/\/www.electroluxprofessional.com\/es\/","name":"Electrolux Professional Espa\u00f1a","description":"Equipamiento cocinas profesionales y lavander\u00edas comerciales. Excelencia en el suministro de soluciones profesionales.","potentialAction":[{"@type":"SearchAction","target":{"@type":"EntryPoint","urlTemplate":"https:\/\/www.electroluxprofessional.com\/es\/?src={search_term_string}"},"query-input":{"@type":"PropertyValueSpecification","valueRequired":true,"valueName":"search_term_string"}}],"inLanguage":"es"}]}},"_links":{"self":[{"href":"https:\/\/www.electroluxprofessional.com\/es\/wp-json\/wp\/v2\/pages\/4970"}],"collection":[{"href":"https:\/\/www.electroluxprofessional.com\/es\/wp-json\/wp\/v2\/pages"}],"about":[{"href":"https:\/\/www.electroluxprofessional.com\/es\/wp-json\/wp\/v2\/types\/page"}],"author":[{"embeddable":true,"href":"https:\/\/www.electroluxprofessional.com\/es\/wp-json\/wp\/v2\/users\/3"}],"replies":[{"embeddable":true,"href":"https:\/\/www.electroluxprofessional.com\/es\/wp-json\/wp\/v2\/comments?post=4970"}],"version-history":[{"count":20,"href":"https:\/\/www.electroluxprofessional.com\/es\/wp-json\/wp\/v2\/pages\/4970\/revisions"}],"predecessor-version":[{"id":25987,"href":"https:\/\/www.electroluxprofessional.com\/es\/wp-json\/wp\/v2\/pages\/4970\/revisions\/25987"}],"up":[{"embeddable":true,"href":"https:\/\/www.electroluxprofessional.com\/es\/wp-json\/wp\/v2\/pages\/4096"}],"wp:featuredmedia":[{"embeddable":true,"href":"https:\/\/www.electroluxprofessional.com\/es\/wp-json\/wp\/v2\/media\/1858"}],"wp:attachment":[{"href":"https:\/\/www.electroluxprofessional.com\/es\/wp-json\/wp\/v2\/media?parent=4970"}],"curies":[{"name":"wp","href":"https:\/\/api.w.org\/{rel}","templated":true}]}}