{"id":4463,"date":"2017-05-26T11:50:03","date_gmt":"2017-05-26T11:50:03","guid":{"rendered":"https:\/\/www.electroluxprofessional.com\/es\/?page_id=4463"},"modified":"2025-05-22T08:24:52","modified_gmt":"2025-05-22T08:24:52","slug":"lavavajillas-rack-type","status":"publish","type":"page","link":"https:\/\/www.electroluxprofessional.com\/es\/lavavajillas-rack-type\/","title":{"rendered":"Lavavajillas Rack Type"},"content":{"rendered":"<p>[vc_row full_width=&#8221;electroluxpro-full-width-no-padding&#8221;][vc_column][elx_video_block background_image=&#8221;4172&#8243; minimum_height=&#8221;450px&#8221; video_link=&#8221;https:\/\/www.youtube.com\/watch?v=q8ePjAWDzY0&#8243;][\/vc_column][\/vc_row][vc_row][vc_column][elx_heading font_container=&#8221;h3&#8243; font_size=&#8221;h3&#8243; text_color=&#8221;inherit&#8221; text_align=&#8221;text-left&#8221;]<strong>Tranquilidad<\/strong>[\/elx_heading][elx_heading font_container=&#8221;h1&#8243; font_size=&#8221;h3&#8243; text_color=&#8221;inherit&#8221; text_align=&#8221;text-left&#8221;]Lavavajillas Rack Type <strong>green&amp;clean<\/strong>[\/elx_heading][elx_heading font_container=&#8221;h3&#8243; font_size=&#8221;h5&#8243; text_color=&#8221;inherit&#8221; text_align=&#8221;text-left&#8221;]La columna vertebral de tu negocio[\/elx_heading][vc_empty_space height=&#8221;50px&#8221;][\/vc_column][\/vc_row][vc_row][vc_column width=&#8221;1\/2&#8243;][vc_single_image image=&#8221;4489&#8243; img_size=&#8221;full&#8221;][\/vc_column][vc_column width=&#8221;1\/2&#8243;][vc_row_inner css=&#8221;.vc_custom_1485332032638{margin-right: 0px !important;margin-left: 0px !important;border-right-width: 0px !important;border-left-width: 0px !important;padding-right: 0px !important;padding-left: 0px !important;}&#8221;][vc_column_inner width=&#8221;2\/3&#8243; css=&#8221;.vc_custom_1485332038804{margin-left: 0px !important;border-left-width: 0px !important;padding-left: 0px !important;}&#8221;][elx_heading font_size=&#8221;h3&#8243; text_color=&#8221;inherit&#8221;]Lava un cesto con s\u00f3lo <strong>un vaso de agua<\/strong>[\/elx_heading][vc_empty_space height=&#8221;10px&#8221;][vc_column_text]<\/p>\n<h5>Ahorra 3.240\u20ac* lavando 500 comidas\/en hora punta dos veces al d\u00eda<\/h5>\n<p>[\/vc_column_text][vc_column_text css=&#8221;.vc_custom_1496046518788{margin-top: 0px !important;border-top-width: 0px !important;padding-top: 0px !important;}&#8221;]Un vaso de agua, es todo lo que gasta\u00a0el nuevo lavavajillas Rack Type green &amp; clean\u00a0para limpiar y desinfectar\u00a0un cesto\u00a0de platos sucios.[\/vc_column_text][\/vc_column_inner][vc_column_inner width=&#8221;1\/3&#8243; css=&#8221;.vc_custom_1485362102536{margin-right: 0px !important;border-right-width: 0px !important;padding-right: 0px !important;}&#8221; offset=&#8221;vc_col-xs-4&#8243;][vc_empty_space][vc_single_image image=&#8221;4176&#8243; img_size=&#8221;full&#8221; alignment=&#8221;center&#8221;][\/vc_column_inner][\/vc_row_inner][vc_row_inner][vc_column_inner width=&#8221;1\/3&#8243; css=&#8221;.vc_custom_1485334232419{margin-left: 0px !important;border-left-width: 0px !important;padding-left: 0px !important;}&#8221;][vc_single_image image=&#8221;2691&#8243; img_size=&#8221;full&#8221;][\/vc_column_inner][vc_column_inner width=&#8221;2\/3&#8243;][vc_column_text][\/vc_column_text][\/vc_column_inner][\/vc_row_inner][\/vc_column][\/vc_row][vc_row][vc_column][vc_empty_space][vc_column_text]*Electrolux\u00a0Professional Lab se encarga de calcular el ahorro de costes,\u00a0y est\u00e1 acreditado\u00a0por IMQ, INTERTEK, ENERGY STAR. Comparaci\u00f3n realizada entre un lavavajillas rack type green&amp;clean\u00a0y un lavavajillas convencional equivalente\u00a0que utiliza\u00a0300 l\/hora para el aclarado a una temperatura de entrada de 10 \u00b0C, en un comedor de empresa que sirve\u00a0500 comidas\/hora punta, dos veces al d\u00eda, durante un per\u00edodo de 360 d\u00edas.[\/vc_column_text][vc_empty_space][\/vc_column][\/vc_row][vc_row][vc_column width=&#8221;1\/4&#8243;][vc_single_image image=&#8221;4178&#8243; img_size=&#8221;full&#8221;][elx_heading font_size=&#8221;h5&#8243; text_color=&#8221;inherit&#8221;]<strong>Ecol\u00f3gico<\/strong><br \/>\nLos costes de funcionamiento<br \/>\nm\u00e1s bajos de la industria[\/elx_heading][vc_column_text]<strong>Ahorra 3.240\u20ac<\/strong> anuales. Con tan s\u00f3lo un vaso de agua por cesto, el innovador m\u00f3dulo de aclarado\u00a0green&amp;clean consume menos agua, electricidad, detergente y abrillantador[\/vc_column_text][\/vc_column][vc_column width=&#8221;1\/4&#8243;][vc_single_image image=&#8221;2489&#8243; img_size=&#8221;full&#8221;][elx_heading font_size=&#8221;h5&#8243; text_color=&#8221;inherit&#8221;]<strong>Limpio<\/strong><br \/>\nResultados de<br \/>\nlavado brillantes[\/elx_heading][vc_column_text]Platos inmaculados tras cada uso gracias al avanzado sistema de filtraci\u00f3n <strong>CLEAR BLUE,<\/strong> el cual mantiene el agua limpia durante m\u00e1s tiempo[\/vc_column_text][\/vc_column][vc_column width=&#8221;1\/4&#8243;][vc_single_image image=&#8221;4179&#8243; img_size=&#8221;full&#8221;][elx_heading font_size=&#8221;h5&#8243; text_color=&#8221;inherit&#8221;]<strong>Seguro<\/strong><br \/>\nDesinfecci\u00f3n<br \/>\ngarantizada[\/elx_heading][vc_column_text]Perfectos resultados higi\u00e9nicos con<strong> WASH\u2022SAFE CONTROL,<\/strong> el cu\u00e1l garantiza una temperatura constante de aclarado\u00a0a <strong>85 \u00b0C<\/strong>[\/vc_column_text][\/vc_column][vc_column width=&#8221;1\/4&#8243;][vc_single_image image=&#8221;976&#8243; img_size=&#8221;full&#8221;][elx_heading font_size=&#8221;h5&#8243; text_color=&#8221;inherit&#8221;]<strong>F\u00e1cil<\/strong><br \/>\nUso y<br \/>\nmantenimiento[\/elx_heading][vc_column_text]pantalla t\u00e1ctil green&amp;clean que habla tu idioma. Usuarios distintos. Informaci\u00f3n distinta. Informaci\u00f3n t\u00e9cnica f\u00e1cil de entender y resoluci\u00f3n de problemas guiada para reparaciones r\u00e1pidas[\/vc_column_text][\/vc_column][\/vc_row][vc_row][vc_column width=&#8221;1\/2&#8243;][elx_video_block background_image=&#8221;4180&#8243; minimum_height=&#8221;400px&#8221; video_link=&#8221;https:\/\/www.youtube.com\/watch?v=CQW_GNnqxsM&#8221;][\/vc_column][vc_column width=&#8221;1\/2&#8243;][vc_empty_space][elx_heading font_size=&#8221;h5&#8243; text_color=&#8221;inherit&#8221;]A medida[\/elx_heading][vc_column_text]<\/p>\n<h5><strong>Crea tu rack type\u00a0ideal.\u00a0el sistema modular innovador <\/strong>green&amp;clean permite mejoras y opciones personalizadas que pueden realizarse in situ cuando tu quieras.<\/h5>\n<p>[\/vc_column_text][\/vc_column][\/vc_row][vc_row full_width=&#8221;electroluxpro-full-width-no-padding&#8221; content_placement=&#8221;middle&#8221; css=&#8221;.vc_custom_1526645555095{background-color: #000033 !important;}&#8221;][vc_column width=&#8221;1\/3&#8243;][vc_empty_space height=&#8221;20px&#8221;][vc_column_text]<\/p>\n<h3 style=\"text-align: right;\"><span style=\"color: #ffffff;\">Encuentra la soluci\u00f3n de lavado exacta para tu negocio<\/span><\/h3>\n<p>[\/vc_column_text][\/vc_column][vc_column width=&#8221;1\/3&#8243;][vc_empty_space height=&#8221;20px&#8221;][vc_single_image image=&#8221;796&#8243; img_size=&#8221;medium&#8221; alignment=&#8221;center&#8221; style=&#8221;vc_box_circle_2&#8243; onclick=&#8221;custom_link&#8221; img_link_target=&#8221;_blank&#8221; css_animation=&#8221;fadeIn&#8221; link=&#8221;https:\/\/www.electroluxprofessional.com\/es\/equipamiento-cocinas-profesionales\/lavado-de-vajilla\/&#8221;][vc_empty_space height=&#8221;20px&#8221;][\/vc_column][vc_column width=&#8221;1\/3&#8243;][vc_empty_space height=&#8221;40px&#8221;][vc_column_text]<\/p>\n<h5 style=\"text-align: left;\"><a href=\"https:\/\/www.electroluxprofessional.com\/es\/equipamiento-cocinas-profesionales\/lavado-de-vajilla\/\" target=\"_blank\" rel=\"noopener\"><span style=\"color: #ffffff;\">En s\u00f3lo tres clicks te ayudamos a encontrar el lavavajillas perfecto para tu negocio<br \/>\n&gt;&gt;<\/span><\/a><\/h5>\n<p>[\/vc_column_text][\/vc_column][\/vc_row][vc_row][vc_column][vc_empty_space][elx_heading font_size=&#8221;h3&#8243; text_color=&#8221;inherit&#8221; text_align=&#8221;text-left&#8221;]Descubre lo que los lavavajillas green&amp;clean rack type pueden hacer por tu negocio[\/elx_heading][elx_o2000_contact_us s=&#8221;Petici\u00f3n de informaci\u00f3n sobre lavavajillas rack type green&amp;clean&#8221; country=&#8221;Spain&#8221; container=&#8221;elxcontactus1485360056&#8243; r=&#8221;Me gustar\u00eda saber m\u00e1s sobre lavavajillas rack type green&amp;clean. Por favor, contacten conmigo.&#8221; e=&#8221;foodservice@electrolux.es&#8221; l=&#8221;es&#8221;][vc_empty_space height=&#8221;16px&#8221;][\/vc_column][\/vc_row][vc_row][vc_column][vc_empty_space][elx_heading font_size=&#8221;h3&#8243; text_color=&#8221;inherit&#8221;]Bueno para el medio ambiente, <strong>bueno para tu bolsillo<\/strong>[\/elx_heading][vc_empty_space][\/vc_column][\/vc_row][vc_row][vc_column width=&#8221;1\/4&#8243;][vc_single_image image=&#8221;4181&#8243; img_size=&#8221;full&#8221;][elx_heading font_size=&#8221;h5&#8243; text_color=&#8221;inherit&#8221;]Usa un 63%<br \/>\n<strong>menos de agua<\/strong>[\/elx_heading][vc_column_text]Utilizando solo\u00a00.4 litros de agua por cesto,\u00a0con un rendimiento de lavado garantizado,\u00a0ahorrar\u00e1s <strong>800 \u20ac\/a\u00f1o<\/strong>[\/vc_column_text][\/vc_column][vc_column width=&#8221;1\/4&#8243;][vc_single_image image=&#8221;4182&#8243; img_size=&#8221;full&#8221;][elx_heading font_size=&#8221;h5&#8243; text_color=&#8221;inherit&#8221;]Consume un 34%<br \/>\n<strong>menos de energ\u00eda<\/strong>[\/elx_heading][vc_column_text]<strong>Ahorra 1585 \u20ac\/a\u00f1o<\/strong> en energ\u00eda y olv\u00eddate de eliminar la cal a mano\u00a0con el descalcificador autom\u00e1tico\u00a0<strong>ZERO LIME<\/strong>[\/vc_column_text][\/vc_column][vc_column width=&#8221;1\/4&#8243;][vc_single_image image=&#8221;4182&#8243; img_size=&#8221;full&#8221;][elx_heading font_size=&#8221;h5&#8243; text_color=&#8221;inherit&#8221;]Ahorro adicional<br \/>\n<strong>50% menos de energ\u00eda<\/strong>[\/elx_heading][vc_column_text]<strong>Ahorra hasta 2.300 \u20ac\/a\u00f1o<\/strong> en energ\u00eda\u00a0gracias a la soluci\u00f3n de bomba de calor\u00a0<strong>NATURALLY VENTLESS<\/strong>[\/vc_column_text][\/vc_column][vc_column width=&#8221;1\/4&#8243;][vc_single_image image=&#8221;4183&#8243; img_size=&#8221;full&#8221;][elx_heading font_size=&#8221;h5&#8243; text_color=&#8221;inherit&#8221;]Utiliza un 62% <strong>menos<br \/>\nde detergente y abrillantador<\/strong>[\/elx_heading][vc_column_text]Mejor para el medio ambiente. Mejor para tu bolsillo.<strong> Ahorra<\/strong> <strong>855 \u20ac\/a\u00f1o<\/strong> en\u00a0detergente y abrillantador[\/vc_column_text][\/vc_column][\/vc_row][vc_row disable_element=&#8221;yes&#8221;][vc_column][vc_empty_space][elx_heading text_color=&#8221;inherit&#8221; text_align=&#8221;text-left&#8221;]Discover what green&amp;clean rack type dishwasher can do for your business[\/elx_heading][elx_o2000_contact_us s=&#8221;Request of information about green&amp;clean rack type dishwasher&#8221; container=&#8221;elxcontactus1485360056234&#8243; r=&#8221;I would like to find out more about green&amp;clean rack type dishwasher. Please get in touch with me.&#8221;][\/vc_column][\/vc_row][vc_row][vc_column][vc_empty_space height=&#8221;30px&#8221;][elx_heading font_size=&#8221;h3&#8243; text_color=&#8221;inherit&#8221; text_align=&#8221;text-center&#8221;]La voz de nuestros clientes[\/elx_heading][vc_empty_space][\/vc_column][\/vc_row][vc_row][vc_column width=&#8221;1\/2&#8243;][vc_single_image image=&#8221;4184&#8243; img_size=&#8221;full&#8221; style=&#8221;vc_box_circle&#8221;][\/vc_column][vc_column width=&#8221;1\/2&#8243;][elx_heading font_size=&#8221;h2&#8243; text_color=&#8221;inherit&#8221;]Sodexo[\/elx_heading][vc_column_text]<strong>Comedor de Empleados<br \/>\nPordenone, Italia<\/strong><\/p>\n<h5>3000 platos\/d\u00eda<\/h5>\n<p>Esta\u00a0m\u00e1quina nos aporta tranquilidad, ya que basta con enchufarla para olvidarse del asunto. Es m\u00e1s silencioso y no emite vapor, por lo que el ambiente de trabajo resulta m\u00e1s agradable, sobre todo durante los meses de verano. Adem\u00e1s, el panel de mandos resulta muy f\u00e1cil de comprender.<\/p>\n<p>Maria Cristina Lot, operadora[\/vc_column_text][\/vc_column][\/vc_row][vc_row][vc_column][vc_empty_space][\/vc_column][\/vc_row][vc_row][vc_column width=&#8221;1\/2&#8243;][vc_single_image image=&#8221;4185&#8243; img_size=&#8221;full&#8221; style=&#8221;vc_box_circle_2&#8243;][\/vc_column][vc_column width=&#8221;1\/2&#8243;][elx_heading font_size=&#8221;h2&#8243; text_color=&#8221;inherit&#8221;]Estadio de Leicester[\/elx_heading][vc_column_text]<strong>Estadio de<br \/>\nLeicester, Reino Unido<\/strong><\/p>\n<h5>1000 cestos\/d\u00eda<\/h5>\n<p>Durante una jornada de partido habitual servimos unas\u00a01800 comidas. Nuestro principal reto consiste en asegurarnos de que todos los clientes coman antes de que comience el partido.\u00a0El lavavajillas Rack Type green&amp;clean\u00a0es genial, y nos ha permitido ahorrar mucho tiempo al no tener que pulir los platos al finalizar\u00a0el ciclo.\u00a0Nos deja tiempo para centrarnos en cosas m\u00e1s importantes, ya que nos limitamos a enchufarlo y a ponerlo en marcha.<\/p>\n<p>Matt Whiteman, Sous Chef[\/vc_column_text][\/vc_column][\/vc_row][vc_row][vc_column][vc_empty_space][elx_heading font_size=&#8221;h3&#8243; text_color=&#8221;inherit&#8221; text_align=&#8221;text-center&#8221;]Accesorios para lavavajillas Rack type[\/elx_heading][vc_empty_space][\/vc_column][\/vc_row][vc_row][vc_column width=&#8221;1\/2&#8243;][elx_image_block background_image=&#8221;4173&#8243; minimum_height=&#8221;450px&#8221;][\/vc_column][vc_column width=&#8221;1\/4&#8243;][vc_single_image image=&#8221;4186&#8243;][vc_column_text]15\u00a0cestos para vajillas de\u00a0cristal[\/vc_column_text][vc_empty_space][vc_single_image image=&#8221;4187&#8243;][vc_column_text]3 contenedores para cubiertos\u00a0y\u00a0utensilios[\/vc_column_text][\/vc_column][vc_column width=&#8221;1\/4&#8243;][vc_single_image image=&#8221;4188&#8243;][vc_column_text]5 cestos para platos[\/vc_column_text][vc_empty_space][vc_single_image image=&#8221;4189&#8243;][vc_column_text]4 cestos para bandejas[\/vc_column_text][\/vc_column][\/vc_row][vc_row][vc_column][elx_button button_text=&#8221;Descubre m\u00e1s sobre accesorios y consumibles&#8221; button_style=&#8221;icon&#8221; button_link=&#8221;url:https%3A%2F%2Fwww.electroluxprofessional.com%2Fes%2Faccesorios-y-consumibles-lavado-de-vajilla%2F|title:Accesorios%20y%20consumibles%20para%20lavavajillas&#8221;][vc_empty_space height=&#8221;50px&#8221;][\/vc_column][\/vc_row][vc_row][vc_column][elx_heading font_size=&#8221;h3&#8243; text_color=&#8221;inherit&#8221; text_align=&#8221;text-left&#8221;]Descubre lo que los lavavajillas green&amp;clean rack type pueden hacer por tu negocio[\/elx_heading][elx_o2000_contact_us s=&#8221;Petici\u00f3n de informaci\u00f3n sobre lavavajillas rack type green&amp;clean&#8221; country=&#8221;Spain&#8221; container=&#8221;elxcontactus1485360056&#8243; r=&#8221;Me gustar\u00eda saber m\u00e1s sobre lavavajillas rack type green&amp;clean. Por favor, contacten conmigo.&#8221; e=&#8221;foodservice@electrolux.es&#8221; l=&#8221;es&#8221;][vc_empty_space][\/vc_column][\/vc_row][vc_row][vc_column width=&#8221;1\/3&#8243;][elx_download_block text=&#8221;Cat\u00e1logo&#8221; link=&#8221;http:\/\/files.professional.electrolux.com\/docs\/?n=BR-9JE00056&amp;b=5&amp;l=4&#8243; background_color=&#8221;cat-clean&#8221;][\/vc_column][vc_column width=&#8221;1\/3&#8243;][elx_download_block text=&#8221;Movimentaci\u00f3n&#8221; link_target=&#8221;self&#8221; link=&#8221;https:\/\/www.electroluxprofessional.com\/es\/equipamiento-cocinas-profesionales\/sistemas-de-movimentacion\/&#8221; background_color=&#8221;cat-clean&#8221; background_image=&#8221;4174&#8243;][\/vc_column][vc_column width=&#8221;1\/3&#8243;][elx_download_block text=&#8221;Accesorios&#8221; link_target=&#8221;self&#8221; link=&#8221;https:\/\/www.electroluxprofessional.com\/es\/accesorios-y-consumibles-lavado-de-vajilla\/&#8221; background_color=&#8221;inherit&#8221; background_image=&#8221;3268&#8243;][\/vc_column][\/vc_row][vc_row][vc_column][vc_empty_space][\/vc_column][\/vc_row][vc_row][vc_column][\/vc_column][\/vc_row]<\/p>\n","protected":false},"excerpt":{"rendered":"<p>[vc_row full_width=&#8221;electroluxpro-full-width-no-padding&#8221;][vc_column][elx_video_block background_image=&#8221;4172&#8243; minimum_height=&#8221;450px&#8221; video_link=&#8221;https:\/\/www.youtube.com\/watch?v=q8ePjAWDzY0&#8243;][\/vc_column][\/vc_row][vc_row][vc_column][elx_heading font_container=&#8221;h3&#8243; font_size=&#8221;h3&#8243; text_color=&#8221;inherit&#8221; text_align=&#8221;text-left&#8221;]Tranquilidad[\/elx_heading][elx_heading font_container=&#8221;h1&#8243; font_size=&#8221;h3&#8243; text_color=&#8221;inherit&#8221; text_align=&#8221;text-left&#8221;]Lavavajillas Rack Type green&amp;clean[\/elx_heading][elx_heading font_container=&#8221;h3&#8243; font_size=&#8221;h5&#8243; text_color=&#8221;inherit&#8221; text_align=&#8221;text-left&#8221;]La columna vertebral de tu negocio[\/elx_heading][vc_empty_space height=&#8221;50px&#8221;][\/vc_column][\/vc_row][vc_row][vc_column width=&#8221;1\/2&#8243;][vc_single_image image=&#8221;4489&#8243; img_size=&#8221;full&#8221;][\/vc_column][vc_column width=&#8221;1\/2&#8243;][vc_row_inner css=&#8221;.vc_custom_1485332032638{margin-right: 0px !important;margin-left: 0px !important;border-right-width: 0px !important;border-left-width: 0px !important;padding-right: 0px !important;padding-left: 0px !important;}&#8221;][vc_column_inner width=&#8221;2\/3&#8243; css=&#8221;.vc_custom_1485332038804{margin-left: 0px !important;border-left-width: 0px !important;padding-left: 0px !important;}&#8221;][elx_heading font_size=&#8221;h3&#8243; text_color=&#8221;inherit&#8221;]Lava un cesto [&hellip;]<\/p>\n","protected":false},"author":3,"featured_media":0,"parent":0,"menu_order":0,"comment_status":"closed","ping_status":"closed","template":"","meta":{"footnotes":""},"class_list":["post-4463","page","type-page","status-publish","hentry"],"acf":[],"yoast_head":"<!-- This site is optimized with the Yoast SEO plugin v23.4 - https:\/\/yoast.com\/wordpress\/plugins\/seo\/ -->\n<title>Lavavajillas Rack Type - Electrolux Professional Espa\u00f1a<\/title>\n<meta name=\"description\" content=\"Ahorra hasta 3240\u20ac al a\u00f1o con Electrolux Professional Rack Type green&amp;clean, l\u00edder en eficiencia de agua y desinfecci\u00f3n.\" \/>\n<meta name=\"robots\" content=\"index, follow, max-snippet:-1, max-image-preview:large, max-video-preview:-1\" \/>\n<link rel=\"canonical\" href=\"https:\/\/www.electroluxprofessional.com\/es\/lavavajillas-rack-type\/\" \/>\n<meta property=\"og:locale\" content=\"es_ES\" \/>\n<meta property=\"og:type\" content=\"article\" \/>\n<meta property=\"og:title\" content=\"Lavavajillas Rack Type - Electrolux Professional Espa\u00f1a\" \/>\n<meta property=\"og:description\" content=\"Ahorra hasta 3240\u20ac al a\u00f1o con Electrolux Professional Rack Type green&amp;clean, l\u00edder en eficiencia de agua y desinfecci\u00f3n.\" \/>\n<meta property=\"og:url\" content=\"https:\/\/www.electroluxprofessional.com\/es\/lavavajillas-rack-type\/\" \/>\n<meta property=\"og:site_name\" content=\"Electrolux Professional Espa\u00f1a\" \/>\n<meta property=\"article:modified_time\" content=\"2025-05-22T08:24:52+00:00\" \/>\n<meta name=\"twitter:card\" content=\"summary_large_image\" \/>\n<meta name=\"twitter:label1\" content=\"Tiempo de lectura\" \/>\n\t<meta name=\"twitter:data1\" content=\"5 minutos\" \/>\n<script type=\"application\/ld+json\" class=\"yoast-schema-graph\">{\"@context\":\"https:\/\/schema.org\",\"@graph\":[{\"@type\":\"WebPage\",\"@id\":\"https:\/\/www.electroluxprofessional.com\/es\/lavavajillas-rack-type\/\",\"url\":\"https:\/\/www.electroluxprofessional.com\/es\/lavavajillas-rack-type\/\",\"name\":\"Lavavajillas Rack Type - Electrolux Professional Espa\u00f1a\",\"isPartOf\":{\"@id\":\"https:\/\/www.electroluxprofessional.com\/es\/#website\"},\"datePublished\":\"2017-05-26T11:50:03+00:00\",\"dateModified\":\"2025-05-22T08:24:52+00:00\",\"description\":\"Ahorra hasta 3240\u20ac al a\u00f1o con Electrolux Professional Rack Type green&clean, l\u00edder en eficiencia de agua y desinfecci\u00f3n.\",\"breadcrumb\":{\"@id\":\"https:\/\/www.electroluxprofessional.com\/es\/lavavajillas-rack-type\/#breadcrumb\"},\"inLanguage\":\"es\",\"potentialAction\":[{\"@type\":\"ReadAction\",\"target\":[\"https:\/\/www.electroluxprofessional.com\/es\/lavavajillas-rack-type\/\"]}]},{\"@type\":\"BreadcrumbList\",\"@id\":\"https:\/\/www.electroluxprofessional.com\/es\/lavavajillas-rack-type\/#breadcrumb\",\"itemListElement\":[{\"@type\":\"ListItem\",\"position\":1,\"name\":\"Home\",\"item\":\"https:\/\/www.electroluxprofessional.com\/es\/\"},{\"@type\":\"ListItem\",\"position\":2,\"name\":\"Lavavajillas Rack Type\"}]},{\"@type\":\"WebSite\",\"@id\":\"https:\/\/www.electroluxprofessional.com\/es\/#website\",\"url\":\"https:\/\/www.electroluxprofessional.com\/es\/\",\"name\":\"Electrolux Professional Espa\u00f1a\",\"description\":\"Equipamiento cocinas profesionales y lavander\u00edas comerciales. Excelencia en el suministro de soluciones profesionales.\",\"potentialAction\":[{\"@type\":\"SearchAction\",\"target\":{\"@type\":\"EntryPoint\",\"urlTemplate\":\"https:\/\/www.electroluxprofessional.com\/es\/?src={search_term_string}\"},\"query-input\":{\"@type\":\"PropertyValueSpecification\",\"valueRequired\":true,\"valueName\":\"search_term_string\"}}],\"inLanguage\":\"es\"}]}<\/script>\n<!-- \/ Yoast SEO plugin. -->","yoast_head_json":{"title":"Lavavajillas Rack Type - Electrolux Professional Espa\u00f1a","description":"Ahorra hasta 3240\u20ac al a\u00f1o con Electrolux Professional Rack Type green&clean, l\u00edder en eficiencia de agua y desinfecci\u00f3n.","robots":{"index":"index","follow":"follow","max-snippet":"max-snippet:-1","max-image-preview":"max-image-preview:large","max-video-preview":"max-video-preview:-1"},"canonical":"https:\/\/www.electroluxprofessional.com\/es\/lavavajillas-rack-type\/","og_locale":"es_ES","og_type":"article","og_title":"Lavavajillas Rack Type - Electrolux Professional Espa\u00f1a","og_description":"Ahorra hasta 3240\u20ac al a\u00f1o con Electrolux Professional Rack Type green&clean, l\u00edder en eficiencia de agua y desinfecci\u00f3n.","og_url":"https:\/\/www.electroluxprofessional.com\/es\/lavavajillas-rack-type\/","og_site_name":"Electrolux Professional Espa\u00f1a","article_modified_time":"2025-05-22T08:24:52+00:00","twitter_card":"summary_large_image","twitter_misc":{"Tiempo de lectura":"5 minutos"},"schema":{"@context":"https:\/\/schema.org","@graph":[{"@type":"WebPage","@id":"https:\/\/www.electroluxprofessional.com\/es\/lavavajillas-rack-type\/","url":"https:\/\/www.electroluxprofessional.com\/es\/lavavajillas-rack-type\/","name":"Lavavajillas Rack Type - Electrolux Professional Espa\u00f1a","isPartOf":{"@id":"https:\/\/www.electroluxprofessional.com\/es\/#website"},"datePublished":"2017-05-26T11:50:03+00:00","dateModified":"2025-05-22T08:24:52+00:00","description":"Ahorra hasta 3240\u20ac al a\u00f1o con Electrolux Professional Rack Type green&clean, l\u00edder en eficiencia de agua y desinfecci\u00f3n.","breadcrumb":{"@id":"https:\/\/www.electroluxprofessional.com\/es\/lavavajillas-rack-type\/#breadcrumb"},"inLanguage":"es","potentialAction":[{"@type":"ReadAction","target":["https:\/\/www.electroluxprofessional.com\/es\/lavavajillas-rack-type\/"]}]},{"@type":"BreadcrumbList","@id":"https:\/\/www.electroluxprofessional.com\/es\/lavavajillas-rack-type\/#breadcrumb","itemListElement":[{"@type":"ListItem","position":1,"name":"Home","item":"https:\/\/www.electroluxprofessional.com\/es\/"},{"@type":"ListItem","position":2,"name":"Lavavajillas Rack Type"}]},{"@type":"WebSite","@id":"https:\/\/www.electroluxprofessional.com\/es\/#website","url":"https:\/\/www.electroluxprofessional.com\/es\/","name":"Electrolux Professional Espa\u00f1a","description":"Equipamiento cocinas profesionales y lavander\u00edas comerciales. Excelencia en el suministro de soluciones profesionales.","potentialAction":[{"@type":"SearchAction","target":{"@type":"EntryPoint","urlTemplate":"https:\/\/www.electroluxprofessional.com\/es\/?src={search_term_string}"},"query-input":{"@type":"PropertyValueSpecification","valueRequired":true,"valueName":"search_term_string"}}],"inLanguage":"es"}]}},"_links":{"self":[{"href":"https:\/\/www.electroluxprofessional.com\/es\/wp-json\/wp\/v2\/pages\/4463"}],"collection":[{"href":"https:\/\/www.electroluxprofessional.com\/es\/wp-json\/wp\/v2\/pages"}],"about":[{"href":"https:\/\/www.electroluxprofessional.com\/es\/wp-json\/wp\/v2\/types\/page"}],"author":[{"embeddable":true,"href":"https:\/\/www.electroluxprofessional.com\/es\/wp-json\/wp\/v2\/users\/3"}],"replies":[{"embeddable":true,"href":"https:\/\/www.electroluxprofessional.com\/es\/wp-json\/wp\/v2\/comments?post=4463"}],"version-history":[{"count":34,"href":"https:\/\/www.electroluxprofessional.com\/es\/wp-json\/wp\/v2\/pages\/4463\/revisions"}],"predecessor-version":[{"id":20520,"href":"https:\/\/www.electroluxprofessional.com\/es\/wp-json\/wp\/v2\/pages\/4463\/revisions\/20520"}],"wp:attachment":[{"href":"https:\/\/www.electroluxprofessional.com\/es\/wp-json\/wp\/v2\/media?parent=4463"}],"curies":[{"name":"wp","href":"https:\/\/api.w.org\/{rel}","templated":true}]}}