{"id":4096,"date":"2017-05-04T06:51:46","date_gmt":"2017-05-04T06:51:46","guid":{"rendered":"https:\/\/www.electroluxprofessional.com\/es\/?page_id=4096"},"modified":"2026-03-29T16:16:34","modified_gmt":"2026-03-29T16:16:34","slug":"equipamiento-cocinas-profesionales","status":"publish","type":"page","link":"https:\/\/www.electroluxprofessional.com\/es\/equipamiento-cocinas-profesionales\/","title":{"rendered":"Equipamiento de Cocinas"},"content":{"rendered":"<p>[vc_row full_width=&#8221;electroluxpro-full-width-no-padding&#8221;][vc_column][vc_single_image image=&#8221;23207&#8243; img_size=&#8221;2000&#215;350&#8243; alignment=&#8221;center&#8221;][\/vc_column][\/vc_row][vc_row][vc_column][vc_empty_space][elx_heading font_container=&#8221;h1&#8243; font_size=&#8221;h3&#8243; text_color=&#8221;electrolux-blue&#8221; text_align=&#8221;text-left&#8221;]Equipamiento de cocinas profesionales y soluciones para el sector de la alimentaci\u00f3n[\/elx_heading][vc_column_text]Descubre nuestra gama de equipos de cocina dise\u00f1ados para satisfacer cualquier tipo de demanda, desde prestigiosos chefs profesionales hasta operarios de cocina.[\/vc_column_text][\/vc_column][\/vc_row][vc_row][vc_column][vc_empty_space][elx_button button_text=&#8221;Contacta con nosotros&#8221; button_display_block=&#8221;display_block_on&#8221; button_alignment=&#8221;align_center&#8221; button_link=&#8221;url:%23contact&#8221;][vc_empty_space][\/vc_column][\/vc_row][vc_row][vc_column width=&#8221;1\/3&#8243;][elx_navigation_branch image=&#8221;23208&#8243; menu_list=&#8221;19029&#8243;][vc_empty_space][\/vc_column][vc_column width=&#8221;1\/3&#8243;][elx_navigation_branch image=&#8221;23209&#8243; menu_list=&#8221;19043&#8243;][vc_empty_space][\/vc_column][vc_column width=&#8221;1\/3&#8243;][elx_navigation_branch image=&#8221;23210&#8243; menu_list=&#8221;19047&#8243;][vc_empty_space][\/vc_column][\/vc_row][vc_row][vc_column width=&#8221;1\/3&#8243;][elx_navigation_branch menu_list=&#8221;19020&#8243; image=&#8221;269&#8243;][vc_empty_space][\/vc_column][vc_column width=&#8221;1\/3&#8243;][elx_navigation_branch menu_list=&#8221;19053&#8243; image=&#8221;796&#8243;][vc_empty_space][\/vc_column][vc_column width=&#8221;1\/3&#8243;][elx_navigation_branch image=&#8221;687&#8243; menu_list=&#8221;19064&#8243;][vc_empty_space][\/vc_column][\/vc_row][vc_row][vc_column width=&#8221;1\/2&#8243;][elx_navigation_branch image=&#8221;2511&#8243; menu_list=&#8221;19080&#8243;][vc_empty_space][\/vc_column][vc_column width=&#8221;1\/2&#8243;][elx_navigation_branch image=&#8221;271&#8243; menu_list=&#8221;19085&#8243;][vc_empty_space][\/vc_column][\/vc_row][vc_row][vc_column width=&#8221;1\/2&#8243;][elx_navigation_branch image=&#8221;789&#8243; menu_list=&#8221;19099&#8243;][vc_empty_space][\/vc_column][vc_column width=&#8221;1\/2&#8243;][elx_navigation_branch image=&#8221;23211&#8243; menu_list=&#8221;19110&#8243;][vc_empty_space][\/vc_column][\/vc_row][vc_row el_id=&#8221;contact&#8221;][vc_column][elx_heading font_size=&#8221;h3&#8243; text_color=&#8221;inherit&#8221; text_align=&#8221;text-center&#8221;]Conoce mejor nuestras soluciones de<br \/>\nEquipamiento de Cocinas Profesionales[\/elx_heading][vc_empty_space][elx_o2000_contact_us s=&#8221;Petici\u00f3n de informaci\u00f3n sobre soluciones de Equipamiento de cocinas profesionales&#8221; country=&#8221;Spain&#8221; b=&#8221;food&#8221; r=&#8221;Me gustar\u00eda tener m\u00e1s informaci\u00f3n sobre soluciones de Equipamiento de cocinas profesionales. Por favor, contacten conmigo.&#8221;][vc_empty_space height=&#8221;100px&#8221;][\/vc_column][\/vc_row][vc_row equal_height=&#8221;yes&#8221; css=&#8221;.vc_custom_1751877803779{background-color: #eeeeee !important;}&#8221;][vc_column][elx_heading font_size=&#8221;h3&#8243; text_color=&#8221;inherit&#8221; text_align=&#8221;text-left&#8221;]Encuentra tu soluci\u00f3n completa[\/elx_heading][\/vc_column][\/vc_row][vc_row equal_height=&#8221;yes&#8221; css=&#8221;.vc_custom_1751896354029{background-color: #eeeeee !important;}&#8221;][vc_column width=&#8221;1\/4&#8243;][elx_maylike_box id_box=&#8221;3881&#8243; hide_text=&#8221;self&#8221; link_target=&#8221;blank&#8221;][\/vc_column][vc_column width=&#8221;1\/4&#8243;][elx_maylike_box id_box=&#8221;3888&#8243; hide_text=&#8221;self&#8221; link_target=&#8221;blank&#8221;][\/vc_column][vc_column width=&#8221;1\/4&#8243;][elx_maylike_box id_box=&#8221;3922&#8243; hide_text=&#8221;self&#8221; link_target=&#8221;blank&#8221;][\/vc_column][vc_column width=&#8221;1\/4&#8243;][elx_maylike_box id_box=&#8221;3948&#8243; hide_text=&#8221;self&#8221; link_target=&#8221;blank&#8221;][\/vc_column][\/vc_row][vc_row css=&#8221;.vc_custom_1751896361867{background-color: #eeeeee !important;}&#8221;][vc_column][vc_empty_space][\/vc_column][\/vc_row]<\/p>\n","protected":false},"excerpt":{"rendered":"<p>[vc_row full_width=&#8221;electroluxpro-full-width-no-padding&#8221;][vc_column][vc_single_image image=&#8221;23207&#8243; img_size=&#8221;2000&#215;350&#8243; alignment=&#8221;center&#8221;][\/vc_column][\/vc_row][vc_row][vc_column][vc_empty_space][elx_heading font_container=&#8221;h1&#8243; font_size=&#8221;h3&#8243; text_color=&#8221;electrolux-blue&#8221; text_align=&#8221;text-left&#8221;]Equipamiento de cocinas profesionales y soluciones para el sector de la alimentaci\u00f3n[\/elx_heading][vc_column_text]Descubre nuestra gama de equipos de cocina dise\u00f1ados para satisfacer cualquier tipo de demanda, desde prestigiosos chefs profesionales hasta operarios de cocina.[\/vc_column_text][\/vc_column][\/vc_row][vc_row][vc_column][vc_empty_space][elx_button button_text=&#8221;Contacta con nosotros&#8221; button_display_block=&#8221;display_block_on&#8221; button_alignment=&#8221;align_center&#8221; button_link=&#8221;url:%23contact&#8221;][vc_empty_space][\/vc_column][\/vc_row][vc_row][vc_column width=&#8221;1\/3&#8243;][elx_navigation_branch image=&#8221;23208&#8243; menu_list=&#8221;19029&#8243;][vc_empty_space][\/vc_column][vc_column width=&#8221;1\/3&#8243;][elx_navigation_branch image=&#8221;23209&#8243; menu_list=&#8221;19043&#8243;][vc_empty_space][\/vc_column][vc_column width=&#8221;1\/3&#8243;][elx_navigation_branch image=&#8221;23210&#8243; [&hellip;]<\/p>\n","protected":false},"author":3,"featured_media":0,"parent":0,"menu_order":0,"comment_status":"closed","ping_status":"closed","template":"","meta":{"footnotes":""},"class_list":["post-4096","page","type-page","status-publish","hentry"],"acf":[],"yoast_head":"<!-- This site is optimized with the Yoast SEO plugin v23.4 - https:\/\/yoast.com\/wordpress\/plugins\/seo\/ -->\n<title>Equipamiento cocinas profesionales | Electrolux Professional<\/title>\n<meta name=\"description\" content=\"Descubre nuestra gama de equipos de cocina dise\u00f1ados para cualquier tipo de demanda, desde prestigiosos chefs profesionales hasta operarios.\" \/>\n<meta name=\"robots\" content=\"index, follow, max-snippet:-1, max-image-preview:large, max-video-preview:-1\" \/>\n<link rel=\"canonical\" href=\"https:\/\/www.electroluxprofessional.com\/es\/equipamiento-cocinas-profesionales\/\" \/>\n<meta property=\"og:locale\" content=\"es_ES\" \/>\n<meta property=\"og:type\" content=\"article\" \/>\n<meta property=\"og:title\" content=\"Equipamiento cocinas profesionales | Electrolux Professional\" \/>\n<meta property=\"og:description\" content=\"Descubre nuestra gama de equipos de cocina dise\u00f1ados para cualquier tipo de demanda, desde prestigiosos chefs profesionales hasta operarios.\" \/>\n<meta property=\"og:url\" content=\"https:\/\/www.electroluxprofessional.com\/es\/equipamiento-cocinas-profesionales\/\" \/>\n<meta property=\"og:site_name\" content=\"Electrolux Professional Espa\u00f1a\" \/>\n<meta property=\"article:modified_time\" content=\"2026-03-29T16:16:34+00:00\" \/>\n<meta name=\"twitter:card\" content=\"summary_large_image\" \/>\n<meta name=\"twitter:label1\" content=\"Tiempo de lectura\" \/>\n\t<meta name=\"twitter:data1\" content=\"3 minutos\" \/>\n<script type=\"application\/ld+json\" class=\"yoast-schema-graph\">{\"@context\":\"https:\/\/schema.org\",\"@graph\":[{\"@type\":\"WebPage\",\"@id\":\"https:\/\/www.electroluxprofessional.com\/es\/equipamiento-cocinas-profesionales\/\",\"url\":\"https:\/\/www.electroluxprofessional.com\/es\/equipamiento-cocinas-profesionales\/\",\"name\":\"Equipamiento cocinas profesionales | Electrolux Professional\",\"isPartOf\":{\"@id\":\"https:\/\/www.electroluxprofessional.com\/es\/#website\"},\"datePublished\":\"2017-05-04T06:51:46+00:00\",\"dateModified\":\"2026-03-29T16:16:34+00:00\",\"description\":\"Descubre nuestra gama de equipos de cocina dise\u00f1ados para cualquier tipo de demanda, desde prestigiosos chefs profesionales hasta operarios.\",\"breadcrumb\":{\"@id\":\"https:\/\/www.electroluxprofessional.com\/es\/equipamiento-cocinas-profesionales\/#breadcrumb\"},\"inLanguage\":\"es\",\"potentialAction\":[{\"@type\":\"ReadAction\",\"target\":[\"https:\/\/www.electroluxprofessional.com\/es\/equipamiento-cocinas-profesionales\/\"]}]},{\"@type\":\"BreadcrumbList\",\"@id\":\"https:\/\/www.electroluxprofessional.com\/es\/equipamiento-cocinas-profesionales\/#breadcrumb\",\"itemListElement\":[{\"@type\":\"ListItem\",\"position\":1,\"name\":\"Home\",\"item\":\"https:\/\/www.electroluxprofessional.com\/es\/\"},{\"@type\":\"ListItem\",\"position\":2,\"name\":\"Equipamiento de Cocinas\"}]},{\"@type\":\"WebSite\",\"@id\":\"https:\/\/www.electroluxprofessional.com\/es\/#website\",\"url\":\"https:\/\/www.electroluxprofessional.com\/es\/\",\"name\":\"Electrolux Professional Espa\u00f1a\",\"description\":\"Equipamiento cocinas profesionales y lavander\u00edas comerciales. Excelencia en el suministro de soluciones profesionales.\",\"potentialAction\":[{\"@type\":\"SearchAction\",\"target\":{\"@type\":\"EntryPoint\",\"urlTemplate\":\"https:\/\/www.electroluxprofessional.com\/es\/?src={search_term_string}\"},\"query-input\":{\"@type\":\"PropertyValueSpecification\",\"valueRequired\":true,\"valueName\":\"search_term_string\"}}],\"inLanguage\":\"es\"}]}<\/script>\n<!-- \/ Yoast SEO plugin. -->","yoast_head_json":{"title":"Equipamiento cocinas profesionales | Electrolux Professional","description":"Descubre nuestra gama de equipos de cocina dise\u00f1ados para cualquier tipo de demanda, desde prestigiosos chefs profesionales hasta operarios.","robots":{"index":"index","follow":"follow","max-snippet":"max-snippet:-1","max-image-preview":"max-image-preview:large","max-video-preview":"max-video-preview:-1"},"canonical":"https:\/\/www.electroluxprofessional.com\/es\/equipamiento-cocinas-profesionales\/","og_locale":"es_ES","og_type":"article","og_title":"Equipamiento cocinas profesionales | Electrolux Professional","og_description":"Descubre nuestra gama de equipos de cocina dise\u00f1ados para cualquier tipo de demanda, desde prestigiosos chefs profesionales hasta operarios.","og_url":"https:\/\/www.electroluxprofessional.com\/es\/equipamiento-cocinas-profesionales\/","og_site_name":"Electrolux Professional Espa\u00f1a","article_modified_time":"2026-03-29T16:16:34+00:00","twitter_card":"summary_large_image","twitter_misc":{"Tiempo de lectura":"3 minutos"},"schema":{"@context":"https:\/\/schema.org","@graph":[{"@type":"WebPage","@id":"https:\/\/www.electroluxprofessional.com\/es\/equipamiento-cocinas-profesionales\/","url":"https:\/\/www.electroluxprofessional.com\/es\/equipamiento-cocinas-profesionales\/","name":"Equipamiento cocinas profesionales | Electrolux Professional","isPartOf":{"@id":"https:\/\/www.electroluxprofessional.com\/es\/#website"},"datePublished":"2017-05-04T06:51:46+00:00","dateModified":"2026-03-29T16:16:34+00:00","description":"Descubre nuestra gama de equipos de cocina dise\u00f1ados para cualquier tipo de demanda, desde prestigiosos chefs profesionales hasta operarios.","breadcrumb":{"@id":"https:\/\/www.electroluxprofessional.com\/es\/equipamiento-cocinas-profesionales\/#breadcrumb"},"inLanguage":"es","potentialAction":[{"@type":"ReadAction","target":["https:\/\/www.electroluxprofessional.com\/es\/equipamiento-cocinas-profesionales\/"]}]},{"@type":"BreadcrumbList","@id":"https:\/\/www.electroluxprofessional.com\/es\/equipamiento-cocinas-profesionales\/#breadcrumb","itemListElement":[{"@type":"ListItem","position":1,"name":"Home","item":"https:\/\/www.electroluxprofessional.com\/es\/"},{"@type":"ListItem","position":2,"name":"Equipamiento de Cocinas"}]},{"@type":"WebSite","@id":"https:\/\/www.electroluxprofessional.com\/es\/#website","url":"https:\/\/www.electroluxprofessional.com\/es\/","name":"Electrolux Professional Espa\u00f1a","description":"Equipamiento cocinas profesionales y lavander\u00edas comerciales. Excelencia en el suministro de soluciones profesionales.","potentialAction":[{"@type":"SearchAction","target":{"@type":"EntryPoint","urlTemplate":"https:\/\/www.electroluxprofessional.com\/es\/?src={search_term_string}"},"query-input":{"@type":"PropertyValueSpecification","valueRequired":true,"valueName":"search_term_string"}}],"inLanguage":"es"}]}},"_links":{"self":[{"href":"https:\/\/www.electroluxprofessional.com\/es\/wp-json\/wp\/v2\/pages\/4096"}],"collection":[{"href":"https:\/\/www.electroluxprofessional.com\/es\/wp-json\/wp\/v2\/pages"}],"about":[{"href":"https:\/\/www.electroluxprofessional.com\/es\/wp-json\/wp\/v2\/types\/page"}],"author":[{"embeddable":true,"href":"https:\/\/www.electroluxprofessional.com\/es\/wp-json\/wp\/v2\/users\/3"}],"replies":[{"embeddable":true,"href":"https:\/\/www.electroluxprofessional.com\/es\/wp-json\/wp\/v2\/comments?post=4096"}],"version-history":[{"count":32,"href":"https:\/\/www.electroluxprofessional.com\/es\/wp-json\/wp\/v2\/pages\/4096\/revisions"}],"predecessor-version":[{"id":26030,"href":"https:\/\/www.electroluxprofessional.com\/es\/wp-json\/wp\/v2\/pages\/4096\/revisions\/26030"}],"wp:attachment":[{"href":"https:\/\/www.electroluxprofessional.com\/es\/wp-json\/wp\/v2\/media?parent=4096"}],"curies":[{"name":"wp","href":"https:\/\/api.w.org\/{rel}","templated":true}]}}