{"id":3946,"date":"2017-04-26T07:14:05","date_gmt":"2017-04-26T07:14:05","guid":{"rendered":"https:\/\/www.electroluxprofessional.com\/es\/?page_id=3946"},"modified":"2026-03-29T16:20:05","modified_gmt":"2026-03-29T16:20:05","slug":"retail","status":"publish","type":"page","link":"https:\/\/www.electroluxprofessional.com\/es\/retail\/","title":{"rendered":"Retail"},"content":{"rendered":"<p>[vc_row full_width=&#8221;electroluxpro-full-width-no-padding&#8221; equal_height=&#8221;yes&#8221;][vc_column reveal_effect=&#8221;&#8221; width=&#8221;1\/2&#8243;][elx_citation name=&#8221;Kenneth Vansina, Head of Customer Experience&#8221; company=&#8221;Makro Cash &amp; Carry Belgium&#8221;][elx_heading font_size=&#8221;h2&#8243; text_color=&#8221;inherit&#8221;]Como gran jugador en el mercado minorista, estamos trabajando constantemente para sorprender a nuestros clientes, para ofrecerles algo m\u00e1s. Al integrar un Punto Libero en cada uno de nuestros 15 puntos de venta, hemos mejorado nuestras experiencias en la tienda. Ahora, adem\u00e1s de ofrecer ingredientes de alta calidad, tambi\u00e9n ofrecemos inspiraci\u00f3n.[\/elx_heading][\/elx_citation][\/vc_column][vc_column reveal_effect=&#8221;&#8221; width=&#8221;1\/2&#8243;][elx_image_block background_image=&#8221;326&#8243; vert_back_position=&#8221;top&#8221; minimum_height=&#8221;700px&#8221;][\/vc_column][\/vc_row][vc_row][vc_column][vc_empty_space height=&#8221;50px&#8221;][\/vc_column][\/vc_row][vc_row][vc_column][elx_heading font_container=&#8221;h1&#8243; font_size=&#8221;h2&#8243; text_color=&#8221;inherit&#8221; text_align=&#8221;text-center&#8221;]Food service solutions for grocery retail business[\/elx_heading][\/vc_column][\/vc_row][vc_row][vc_column][vc_empty_space][\/vc_column][\/vc_row][vc_row css=&#8221;.vc_custom_1465562028814{padding-bottom: 30px !important;}&#8221;][vc_column width=&#8221;1\/2&#8243;][elx_image_block background_image=&#8221;548&#8243; vert_back_position=&#8221;top&#8221; minimum_height=&#8221;600px&#8221;][\/vc_column][vc_column width=&#8221;1\/2&#8243;][elx_heading font_size=&#8221;h2&#8243; text_color=&#8221;inherit&#8221;]NaturaS\u00ec[\/elx_heading][elx_heading font_container=&#8221;h4&#8243; font_size=&#8221;h4&#8243; text_color=&#8221;inherit&#8221;]opens its first bio-Bistro with Electrolux Professional[\/elx_heading][vc_column_text]In the center of Treviso, Italy, a few steps from Vittoria Square, you will find NaturaS\u00ec: the supermarket chain that focuses uniquely on biological products.<\/p>\n<p><em>\u201cOur goal is to bring this concept to other cities, both Italian and European, even with the help of Electrolux Professional, technical partner who has managed to translate our requirements within a small space yet complete at the same time\u201d<\/em><\/p>\n<p><strong>Andrea Frizzarin<\/strong>, Business Development Manager[\/vc_column_text][\/vc_column][\/vc_row][vc_row css=&#8221;.vc_custom_1465562028814{padding-bottom: 30px !important;}&#8221;][vc_column width=&#8221;1\/2&#8243;][elx_heading font_size=&#8221;h2&#8243; text_color=&#8221;inherit&#8221;]Eataly[\/elx_heading][elx_heading font_container=&#8221;h4&#8243; font_size=&#8221;h4&#8243; text_color=&#8221;inherit&#8221;]\u201cNever change a winning team!\u201d[\/elx_heading][vc_column_text]This is the motto that best expresses the partnership of Electrolux Professional and Eataly, two companies that base all of their activities on the principle of excellence.<\/p>\n<p>The cooperation started in 2007, when Eataly understood that Electrolux Professional could represent not only a one-of-a-kind supplier and interlocutor, but, above all, a technical partner capable of satisfying all its needs.[\/vc_column_text][elx_button button_text=&#8221;Chains: how do we make the difference?&#8221; button_link=&#8221;url:https%3A%2F%2Fwww.electroluxprofessional.com%2Fyour-business%2Frestaurant-chains%2F|||&#8221;][\/vc_column][vc_column width=&#8221;1\/2&#8243;][elx_image_block background_image=&#8221;332&#8243; minimum_height=&#8221;500px&#8221;][\/vc_column][\/vc_row][vc_row][vc_column][vc_empty_space height=&#8221;50px&#8221;][\/vc_column][\/vc_row][vc_row][vc_column][elx_heading font_size=&#8221;h3&#8243; text_color=&#8221;inherit&#8221; text_align=&#8221;text-center&#8221;]Solutions and suggestions for your retail business<\/p>\n<p>[\/elx_heading][\/vc_column][\/vc_row][vc_row][vc_column width=&#8221;1\/2&#8243;][vc_single_image image=&#8221;2546&#8243; img_size=&#8221;full&#8221; alignment=&#8221;center&#8221;][elx_simple_block][vc_single_image image=&#8221;2547&#8243; img_size=&#8221;full&#8221;][elx_heading font_container=&#8221;h3&#8243; font_size=&#8221;h3&#8243; text_color=&#8221;inherit&#8221;]Cook &amp; Chill Station[\/elx_heading][vc_column_text]<strong>From Tradition to new Food Trends<\/strong><br \/>\nThe unique solution to maximize the taste of a traditional menu on your deli corner, including the possibility to easily explore and extend your menu \u00a0variety, without adding new cooking equipment.<\/p>\n<p><strong>Guarantee of consistent results<br \/>\n<\/strong>Maximum replicability and performance thanks to an automatic balanced cooking and chilling atmosphere with simplified interface for easy selection. With the air-o-steam Touchline and air-o-chill, the consistency on your results has never been so easy.<\/p>\n<p><strong>Maximum profitability in less than 1 sqm<\/strong><br \/>\nThe Electrolux cook&amp;chill tower with odourless hood is the perfect solution to help you on your daily work: the system gives you the possibility to increase your profitability by reducing cooking and cooling time, increasing the food shelf life and reducing food waste and weight loss. Our Electrolux Chef Academy will give you all the support to optimize your workflow even in small space kitchens.[\/vc_column_text][\/elx_simple_block][\/vc_column][vc_column width=&#8221;1\/2&#8243;][vc_row_inner][vc_column_inner offset=&#8221;vc_hidden-sm vc_hidden-xs&#8221;][vc_empty_space height=&#8221;186px&#8221;][\/vc_column_inner][\/vc_row_inner][vc_single_image image=&#8221;2548&#8243; img_size=&#8221;full&#8221; alignment=&#8221;center&#8221;][elx_simple_block][vc_single_image image=&#8221;2549&#8243; img_size=&#8221;full&#8221;][elx_heading font_container=&#8221;h3&#8243; font_size=&#8221;h3&#8243; text_color=&#8221;inherit&#8221;]Sandwich Preparation Station[\/elx_heading][vc_column_text]<strong>Fastest has never tasted so good<br \/>\n<\/strong>Hot Snacks and Sandwiches thanks to SpeeDelight in\u00a0<strong>30 seconds<\/strong>: up to 6 times faster than standard appliances thanks to the combination of 3 different cooking technologies.<\/p>\n<p><strong>Compact Station<br \/>\n<\/strong>In a small space all you need to prepare your sandwiches and to grill them: cut, mix, store and grill.<\/p>\n<p><strong>Idea Matcher<\/strong><strong><br \/>\n<\/strong>With SpeeDelight, you can let your imagination run wild thanks to the variety of customizable cooking programs that start with the press of a button.[\/vc_column_text][\/elx_simple_block][\/vc_column][\/vc_row][vc_row][vc_column][elx_heading font_size=&#8221;h3&#8243; text_color=&#8221;inherit&#8221; text_align=&#8221;text-center&#8221;]Our Solutions for your retail business[\/elx_heading][\/vc_column][\/vc_row][vc_row css=&#8221;.vc_custom_1483966760851{padding-top: 20px !important;padding-bottom: 20px !important;}&#8221;][vc_column width=&#8221;1\/3&#8243;][elx_image_block background_image=&#8221;423&#8243; minimum_height=&#8221;240px&#8221;][elx_heading font_container=&#8221;h3&#8243; text_color=&#8221;inherit&#8221; text_align=&#8221;text-left&#8221;]Libero Line[\/elx_heading][vc_column_text]Front cooking concept. Serve everyone, everywhere.<br \/>\nPrepare <strong>quick dishes for take away and dine in<\/strong>. Everything from simple sandwiches to sit-down meals.[\/vc_column_text][\/vc_column][vc_column width=&#8221;1\/3&#8243;][elx_image_block background_image=&#8221;1290&#8243; minimum_height=&#8221;240px&#8221;][elx_heading font_container=&#8221;h3&#8243; text_color=&#8221;inherit&#8221;]Cooking ranges[\/elx_heading][vc_column_text]A wide range of possibility to fit your needs: from high productivity appliances to very compact solutions, always guaranteeing <strong>high quality standards and unique functions<\/strong>.[\/vc_column_text][\/vc_column][vc_column width=&#8221;1\/3&#8243;][elx_image_block background_image=&#8221;2545&#8243; minimum_height=&#8221;240px&#8221;][elx_heading font_container=&#8221;h3&#8243; text_color=&#8221;inherit&#8221;]Dynamic preparation[\/elx_heading][vc_column_text]<strong>Cut, mix and slice<\/strong> with our range of vegetable slicers, food processors, mixers, meat mincers, slicers and chopping blocks.[\/vc_column_text][\/vc_column][\/vc_row][vc_row][vc_column][vc_empty_space height=&#8221;50px&#8221;][\/vc_column][\/vc_row][vc_row][vc_column][elx_heading font_size=&#8221;h2&#8243; text_color=&#8221;inherit&#8221; text_align=&#8221;text-center&#8221;]Get in touch with our experts[\/elx_heading][elx_o2000_contact_us s=&#8221;Request of information about solutions for retail market&#8221; country=&#8221;Spain&#8221; container=&#8221;elxcontactus1466430938&#8243; r=&#8221;I would like to find out more about solutions for retail market. Please get in touch with me.&#8221; l=&#8221;es&#8221;][vc_empty_space height=&#8221;50px&#8221;][\/vc_column][\/vc_row]<\/p>\n","protected":false},"excerpt":{"rendered":"<p>[vc_row full_width=&#8221;electroluxpro-full-width-no-padding&#8221; equal_height=&#8221;yes&#8221;][vc_column reveal_effect=&#8221;&#8221; width=&#8221;1\/2&#8243;][elx_citation name=&#8221;Kenneth Vansina, Head of Customer Experience&#8221; company=&#8221;Makro Cash &amp; Carry Belgium&#8221;][elx_heading font_size=&#8221;h2&#8243; text_color=&#8221;inherit&#8221;]Como gran jugador en el mercado minorista, estamos trabajando constantemente para sorprender a nuestros clientes, para ofrecerles algo m\u00e1s. Al integrar un Punto Libero en cada uno de nuestros 15 puntos de venta, hemos mejorado nuestras experiencias en [&hellip;]<\/p>\n","protected":false},"author":3,"featured_media":0,"parent":0,"menu_order":0,"comment_status":"closed","ping_status":"closed","template":"","meta":{"footnotes":""},"class_list":["post-3946","page","type-page","status-publish","hentry"],"acf":[],"yoast_head":"<!-- This site is optimized with the Yoast SEO plugin v23.4 - https:\/\/yoast.com\/wordpress\/plugins\/seo\/ -->\n<title>Retail | Electrolux Professional<\/title>\n<meta name=\"description\" content=\"Electrolux Professional ofrece soluciones de servicio alimentario para negocios minoristas.\" \/>\n<meta name=\"robots\" content=\"index, follow, max-snippet:-1, max-image-preview:large, max-video-preview:-1\" \/>\n<link rel=\"canonical\" href=\"https:\/\/www.electroluxprofessional.com\/es\/retail\/\" \/>\n<meta property=\"og:locale\" content=\"es_ES\" \/>\n<meta property=\"og:type\" content=\"article\" \/>\n<meta property=\"og:title\" content=\"Retail | Electrolux Professional\" \/>\n<meta property=\"og:description\" content=\"Electrolux Professional ofrece soluciones de servicio alimentario para negocios minoristas.\" \/>\n<meta property=\"og:url\" content=\"https:\/\/www.electroluxprofessional.com\/es\/retail\/\" \/>\n<meta property=\"og:site_name\" content=\"Electrolux Professional Espa\u00f1a\" \/>\n<meta property=\"article:modified_time\" content=\"2026-03-29T16:20:05+00:00\" \/>\n<meta name=\"twitter:card\" content=\"summary_large_image\" \/>\n<meta name=\"twitter:label1\" content=\"Tiempo de lectura\" \/>\n\t<meta name=\"twitter:data1\" content=\"6 minutos\" \/>\n<script type=\"application\/ld+json\" class=\"yoast-schema-graph\">{\"@context\":\"https:\/\/schema.org\",\"@graph\":[{\"@type\":\"WebPage\",\"@id\":\"https:\/\/www.electroluxprofessional.com\/es\/retail\/\",\"url\":\"https:\/\/www.electroluxprofessional.com\/es\/retail\/\",\"name\":\"Retail | Electrolux Professional\",\"isPartOf\":{\"@id\":\"https:\/\/www.electroluxprofessional.com\/es\/#website\"},\"datePublished\":\"2017-04-26T07:14:05+00:00\",\"dateModified\":\"2026-03-29T16:20:05+00:00\",\"description\":\"Electrolux Professional ofrece soluciones de servicio alimentario para negocios minoristas.\",\"breadcrumb\":{\"@id\":\"https:\/\/www.electroluxprofessional.com\/es\/retail\/#breadcrumb\"},\"inLanguage\":\"es\",\"potentialAction\":[{\"@type\":\"ReadAction\",\"target\":[\"https:\/\/www.electroluxprofessional.com\/es\/retail\/\"]}]},{\"@type\":\"BreadcrumbList\",\"@id\":\"https:\/\/www.electroluxprofessional.com\/es\/retail\/#breadcrumb\",\"itemListElement\":[{\"@type\":\"ListItem\",\"position\":1,\"name\":\"Home\",\"item\":\"https:\/\/www.electroluxprofessional.com\/es\/\"},{\"@type\":\"ListItem\",\"position\":2,\"name\":\"Retail\"}]},{\"@type\":\"WebSite\",\"@id\":\"https:\/\/www.electroluxprofessional.com\/es\/#website\",\"url\":\"https:\/\/www.electroluxprofessional.com\/es\/\",\"name\":\"Electrolux Professional Espa\u00f1a\",\"description\":\"Equipamiento cocinas profesionales y lavander\u00edas comerciales. Excelencia en el suministro de soluciones profesionales.\",\"potentialAction\":[{\"@type\":\"SearchAction\",\"target\":{\"@type\":\"EntryPoint\",\"urlTemplate\":\"https:\/\/www.electroluxprofessional.com\/es\/?src={search_term_string}\"},\"query-input\":{\"@type\":\"PropertyValueSpecification\",\"valueRequired\":true,\"valueName\":\"search_term_string\"}}],\"inLanguage\":\"es\"}]}<\/script>\n<!-- \/ Yoast SEO plugin. -->","yoast_head_json":{"title":"Retail | Electrolux Professional","description":"Electrolux Professional ofrece soluciones de servicio alimentario para negocios minoristas.","robots":{"index":"index","follow":"follow","max-snippet":"max-snippet:-1","max-image-preview":"max-image-preview:large","max-video-preview":"max-video-preview:-1"},"canonical":"https:\/\/www.electroluxprofessional.com\/es\/retail\/","og_locale":"es_ES","og_type":"article","og_title":"Retail | Electrolux Professional","og_description":"Electrolux Professional ofrece soluciones de servicio alimentario para negocios minoristas.","og_url":"https:\/\/www.electroluxprofessional.com\/es\/retail\/","og_site_name":"Electrolux Professional Espa\u00f1a","article_modified_time":"2026-03-29T16:20:05+00:00","twitter_card":"summary_large_image","twitter_misc":{"Tiempo de lectura":"6 minutos"},"schema":{"@context":"https:\/\/schema.org","@graph":[{"@type":"WebPage","@id":"https:\/\/www.electroluxprofessional.com\/es\/retail\/","url":"https:\/\/www.electroluxprofessional.com\/es\/retail\/","name":"Retail | Electrolux Professional","isPartOf":{"@id":"https:\/\/www.electroluxprofessional.com\/es\/#website"},"datePublished":"2017-04-26T07:14:05+00:00","dateModified":"2026-03-29T16:20:05+00:00","description":"Electrolux Professional ofrece soluciones de servicio alimentario para negocios minoristas.","breadcrumb":{"@id":"https:\/\/www.electroluxprofessional.com\/es\/retail\/#breadcrumb"},"inLanguage":"es","potentialAction":[{"@type":"ReadAction","target":["https:\/\/www.electroluxprofessional.com\/es\/retail\/"]}]},{"@type":"BreadcrumbList","@id":"https:\/\/www.electroluxprofessional.com\/es\/retail\/#breadcrumb","itemListElement":[{"@type":"ListItem","position":1,"name":"Home","item":"https:\/\/www.electroluxprofessional.com\/es\/"},{"@type":"ListItem","position":2,"name":"Retail"}]},{"@type":"WebSite","@id":"https:\/\/www.electroluxprofessional.com\/es\/#website","url":"https:\/\/www.electroluxprofessional.com\/es\/","name":"Electrolux Professional Espa\u00f1a","description":"Equipamiento cocinas profesionales y lavander\u00edas comerciales. Excelencia en el suministro de soluciones profesionales.","potentialAction":[{"@type":"SearchAction","target":{"@type":"EntryPoint","urlTemplate":"https:\/\/www.electroluxprofessional.com\/es\/?src={search_term_string}"},"query-input":{"@type":"PropertyValueSpecification","valueRequired":true,"valueName":"search_term_string"}}],"inLanguage":"es"}]}},"_links":{"self":[{"href":"https:\/\/www.electroluxprofessional.com\/es\/wp-json\/wp\/v2\/pages\/3946"}],"collection":[{"href":"https:\/\/www.electroluxprofessional.com\/es\/wp-json\/wp\/v2\/pages"}],"about":[{"href":"https:\/\/www.electroluxprofessional.com\/es\/wp-json\/wp\/v2\/types\/page"}],"author":[{"embeddable":true,"href":"https:\/\/www.electroluxprofessional.com\/es\/wp-json\/wp\/v2\/users\/3"}],"replies":[{"embeddable":true,"href":"https:\/\/www.electroluxprofessional.com\/es\/wp-json\/wp\/v2\/comments?post=3946"}],"version-history":[{"count":4,"href":"https:\/\/www.electroluxprofessional.com\/es\/wp-json\/wp\/v2\/pages\/3946\/revisions"}],"predecessor-version":[{"id":26033,"href":"https:\/\/www.electroluxprofessional.com\/es\/wp-json\/wp\/v2\/pages\/3946\/revisions\/26033"}],"wp:attachment":[{"href":"https:\/\/www.electroluxprofessional.com\/es\/wp-json\/wp\/v2\/media?parent=3946"}],"curies":[{"name":"wp","href":"https:\/\/api.w.org\/{rel}","templated":true}]}}