{"id":3874,"date":"2017-04-21T09:19:10","date_gmt":"2017-04-21T09:19:10","guid":{"rendered":"https:\/\/www.electroluxprofessional.com\/es\/?page_id=3874"},"modified":"2026-03-29T16:31:06","modified_gmt":"2026-03-29T16:31:06","slug":"tu-negocio","status":"publish","type":"page","link":"https:\/\/www.electroluxprofessional.com\/es\/tu-negocio\/","title":{"rendered":"Tu negocio"},"content":{"rendered":"<p>[vc_row][vc_column][elx_heading font_container=&#8221;h1&#8243; font_size=&#8221;h2&#8243; text_color=&#8221;inherit&#8221;]Tu Negocio[\/elx_heading][vc_column_text]<\/p>\n<h5>Descubre nuestras soluciones para tu negocio<\/h5>\n<p>[\/vc_column_text][\/vc_column][\/vc_row][vc_row][vc_column width=&#8221;1\/4&#8243;][elx_maylike_box id_box=&#8221;3881&#8243; hide_text=&#8221;self&#8221;][\/vc_column][vc_column width=&#8221;1\/4&#8243;][elx_maylike_box id_box=&#8221;3888&#8243; hide_text=&#8221;self&#8221;][\/vc_column][vc_column width=&#8221;1\/4&#8243;][elx_maylike_box id_box=&#8221;3922&#8243; hide_text=&#8221;self&#8221;][\/vc_column][vc_column width=&#8221;1\/4&#8243;][elx_maylike_box id_box=&#8221;4707&#8243; hide_text=&#8221;self&#8221;][\/vc_column][\/vc_row][vc_row][vc_column width=&#8221;1\/4&#8243;][elx_maylike_box id_box=&#8221;4058&#8243; hide_text=&#8221;self&#8221;][\/vc_column][vc_column width=&#8221;1\/4&#8243;][elx_maylike_box id_box=&#8221;4039&#8243; hide_text=&#8221;self&#8221;][\/vc_column][vc_column width=&#8221;1\/4&#8243;][elx_maylike_box id_box=&#8221;387&#8243; hide_text=&#8221;self&#8221;][\/vc_column][vc_column width=&#8221;1\/4&#8243;][elx_maylike_box id_box=&#8221;1279&#8243; hide_text=&#8221;self&#8221;][\/vc_column][\/vc_row]<\/p>\n","protected":false},"excerpt":{"rendered":"<p>[vc_row][vc_column][elx_heading font_container=&#8221;h1&#8243; font_size=&#8221;h2&#8243; text_color=&#8221;inherit&#8221;]Tu Negocio[\/elx_heading][vc_column_text] Descubre nuestras soluciones para tu negocio [\/vc_column_text][\/vc_column][\/vc_row][vc_row][vc_column width=&#8221;1\/4&#8243;][elx_maylike_box id_box=&#8221;3881&#8243; hide_text=&#8221;self&#8221;][\/vc_column][vc_column width=&#8221;1\/4&#8243;][elx_maylike_box id_box=&#8221;3888&#8243; hide_text=&#8221;self&#8221;][\/vc_column][vc_column width=&#8221;1\/4&#8243;][elx_maylike_box id_box=&#8221;3922&#8243; hide_text=&#8221;self&#8221;][\/vc_column][vc_column width=&#8221;1\/4&#8243;][elx_maylike_box id_box=&#8221;4707&#8243; hide_text=&#8221;self&#8221;][\/vc_column][\/vc_row][vc_row][vc_column width=&#8221;1\/4&#8243;][elx_maylike_box id_box=&#8221;4058&#8243; hide_text=&#8221;self&#8221;][\/vc_column][vc_column width=&#8221;1\/4&#8243;][elx_maylike_box id_box=&#8221;4039&#8243; hide_text=&#8221;self&#8221;][\/vc_column][vc_column width=&#8221;1\/4&#8243;][elx_maylike_box id_box=&#8221;387&#8243; hide_text=&#8221;self&#8221;][\/vc_column][vc_column width=&#8221;1\/4&#8243;][elx_maylike_box id_box=&#8221;1279&#8243; hide_text=&#8221;self&#8221;][\/vc_column][\/vc_row]<\/p>\n","protected":false},"author":3,"featured_media":0,"parent":0,"menu_order":0,"comment_status":"closed","ping_status":"closed","template":"","meta":{"footnotes":""},"class_list":["post-3874","page","type-page","status-publish","hentry"],"acf":[],"yoast_head":"<!-- This site is optimized with the Yoast SEO plugin v23.4 - https:\/\/yoast.com\/wordpress\/plugins\/seo\/ -->\n<title>Tu negocio | Electrolux Professional<\/title>\n<meta name=\"description\" content=\"Porque tu negocio es importante para nosotros tenemos las mejores soluciones. Soluciones para restaurantes, hoteles, bares y caf\u00e9s, cadenas, hospitales, residencias, comedores de empresa, industrial. 100 a\u00f1os reinventando experienciasen cocina y lavander\u00eda.\" \/>\n<meta name=\"robots\" content=\"index, follow, max-snippet:-1, max-image-preview:large, max-video-preview:-1\" \/>\n<link rel=\"canonical\" href=\"https:\/\/www.electroluxprofessional.com\/es\/tu-negocio\/\" \/>\n<meta property=\"og:locale\" content=\"es_ES\" \/>\n<meta property=\"og:type\" content=\"article\" \/>\n<meta property=\"og:title\" content=\"Tu negocio | Electrolux Professional\" \/>\n<meta property=\"og:description\" content=\"Porque tu negocio es importante para nosotros tenemos las mejores soluciones. Soluciones para restaurantes, hoteles, bares y caf\u00e9s, cadenas, hospitales, residencias, comedores de empresa, industrial. 100 a\u00f1os reinventando experienciasen cocina y lavander\u00eda.\" \/>\n<meta property=\"og:url\" content=\"https:\/\/www.electroluxprofessional.com\/es\/tu-negocio\/\" \/>\n<meta property=\"og:site_name\" content=\"Electrolux Professional Espa\u00f1a\" \/>\n<meta property=\"article:modified_time\" content=\"2026-03-29T16:31:06+00:00\" \/>\n<meta name=\"twitter:card\" content=\"summary_large_image\" \/>\n<meta name=\"twitter:label1\" content=\"Tiempo de lectura\" \/>\n\t<meta name=\"twitter:data1\" content=\"1 minuto\" \/>\n<script type=\"application\/ld+json\" class=\"yoast-schema-graph\">{\"@context\":\"https:\/\/schema.org\",\"@graph\":[{\"@type\":\"WebPage\",\"@id\":\"https:\/\/www.electroluxprofessional.com\/es\/tu-negocio\/\",\"url\":\"https:\/\/www.electroluxprofessional.com\/es\/tu-negocio\/\",\"name\":\"Tu negocio | Electrolux Professional\",\"isPartOf\":{\"@id\":\"https:\/\/www.electroluxprofessional.com\/es\/#website\"},\"datePublished\":\"2017-04-21T09:19:10+00:00\",\"dateModified\":\"2026-03-29T16:31:06+00:00\",\"description\":\"Porque tu negocio es importante para nosotros tenemos las mejores soluciones. Soluciones para restaurantes, hoteles, bares y caf\u00e9s, cadenas, hospitales, residencias, comedores de empresa, industrial. 100 a\u00f1os reinventando experienciasen cocina y lavander\u00eda.\",\"breadcrumb\":{\"@id\":\"https:\/\/www.electroluxprofessional.com\/es\/tu-negocio\/#breadcrumb\"},\"inLanguage\":\"es\",\"potentialAction\":[{\"@type\":\"ReadAction\",\"target\":[\"https:\/\/www.electroluxprofessional.com\/es\/tu-negocio\/\"]}]},{\"@type\":\"BreadcrumbList\",\"@id\":\"https:\/\/www.electroluxprofessional.com\/es\/tu-negocio\/#breadcrumb\",\"itemListElement\":[{\"@type\":\"ListItem\",\"position\":1,\"name\":\"Home\",\"item\":\"https:\/\/www.electroluxprofessional.com\/es\/\"},{\"@type\":\"ListItem\",\"position\":2,\"name\":\"Tu negocio\"}]},{\"@type\":\"WebSite\",\"@id\":\"https:\/\/www.electroluxprofessional.com\/es\/#website\",\"url\":\"https:\/\/www.electroluxprofessional.com\/es\/\",\"name\":\"Electrolux Professional Espa\u00f1a\",\"description\":\"Equipamiento cocinas profesionales y lavander\u00edas comerciales. Excelencia en el suministro de soluciones profesionales.\",\"potentialAction\":[{\"@type\":\"SearchAction\",\"target\":{\"@type\":\"EntryPoint\",\"urlTemplate\":\"https:\/\/www.electroluxprofessional.com\/es\/?src={search_term_string}\"},\"query-input\":{\"@type\":\"PropertyValueSpecification\",\"valueRequired\":true,\"valueName\":\"search_term_string\"}}],\"inLanguage\":\"es\"}]}<\/script>\n<!-- \/ Yoast SEO plugin. -->","yoast_head_json":{"title":"Tu negocio | Electrolux Professional","description":"Porque tu negocio es importante para nosotros tenemos las mejores soluciones. Soluciones para restaurantes, hoteles, bares y caf\u00e9s, cadenas, hospitales, residencias, comedores de empresa, industrial. 100 a\u00f1os reinventando experienciasen cocina y lavander\u00eda.","robots":{"index":"index","follow":"follow","max-snippet":"max-snippet:-1","max-image-preview":"max-image-preview:large","max-video-preview":"max-video-preview:-1"},"canonical":"https:\/\/www.electroluxprofessional.com\/es\/tu-negocio\/","og_locale":"es_ES","og_type":"article","og_title":"Tu negocio | Electrolux Professional","og_description":"Porque tu negocio es importante para nosotros tenemos las mejores soluciones. Soluciones para restaurantes, hoteles, bares y caf\u00e9s, cadenas, hospitales, residencias, comedores de empresa, industrial. 100 a\u00f1os reinventando experienciasen cocina y lavander\u00eda.","og_url":"https:\/\/www.electroluxprofessional.com\/es\/tu-negocio\/","og_site_name":"Electrolux Professional Espa\u00f1a","article_modified_time":"2026-03-29T16:31:06+00:00","twitter_card":"summary_large_image","twitter_misc":{"Tiempo de lectura":"1 minuto"},"schema":{"@context":"https:\/\/schema.org","@graph":[{"@type":"WebPage","@id":"https:\/\/www.electroluxprofessional.com\/es\/tu-negocio\/","url":"https:\/\/www.electroluxprofessional.com\/es\/tu-negocio\/","name":"Tu negocio | Electrolux Professional","isPartOf":{"@id":"https:\/\/www.electroluxprofessional.com\/es\/#website"},"datePublished":"2017-04-21T09:19:10+00:00","dateModified":"2026-03-29T16:31:06+00:00","description":"Porque tu negocio es importante para nosotros tenemos las mejores soluciones. Soluciones para restaurantes, hoteles, bares y caf\u00e9s, cadenas, hospitales, residencias, comedores de empresa, industrial. 100 a\u00f1os reinventando experienciasen cocina y lavander\u00eda.","breadcrumb":{"@id":"https:\/\/www.electroluxprofessional.com\/es\/tu-negocio\/#breadcrumb"},"inLanguage":"es","potentialAction":[{"@type":"ReadAction","target":["https:\/\/www.electroluxprofessional.com\/es\/tu-negocio\/"]}]},{"@type":"BreadcrumbList","@id":"https:\/\/www.electroluxprofessional.com\/es\/tu-negocio\/#breadcrumb","itemListElement":[{"@type":"ListItem","position":1,"name":"Home","item":"https:\/\/www.electroluxprofessional.com\/es\/"},{"@type":"ListItem","position":2,"name":"Tu negocio"}]},{"@type":"WebSite","@id":"https:\/\/www.electroluxprofessional.com\/es\/#website","url":"https:\/\/www.electroluxprofessional.com\/es\/","name":"Electrolux Professional Espa\u00f1a","description":"Equipamiento cocinas profesionales y lavander\u00edas comerciales. Excelencia en el suministro de soluciones profesionales.","potentialAction":[{"@type":"SearchAction","target":{"@type":"EntryPoint","urlTemplate":"https:\/\/www.electroluxprofessional.com\/es\/?src={search_term_string}"},"query-input":{"@type":"PropertyValueSpecification","valueRequired":true,"valueName":"search_term_string"}}],"inLanguage":"es"}]}},"_links":{"self":[{"href":"https:\/\/www.electroluxprofessional.com\/es\/wp-json\/wp\/v2\/pages\/3874"}],"collection":[{"href":"https:\/\/www.electroluxprofessional.com\/es\/wp-json\/wp\/v2\/pages"}],"about":[{"href":"https:\/\/www.electroluxprofessional.com\/es\/wp-json\/wp\/v2\/types\/page"}],"author":[{"embeddable":true,"href":"https:\/\/www.electroluxprofessional.com\/es\/wp-json\/wp\/v2\/users\/3"}],"replies":[{"embeddable":true,"href":"https:\/\/www.electroluxprofessional.com\/es\/wp-json\/wp\/v2\/comments?post=3874"}],"version-history":[{"count":18,"href":"https:\/\/www.electroluxprofessional.com\/es\/wp-json\/wp\/v2\/pages\/3874\/revisions"}],"predecessor-version":[{"id":26046,"href":"https:\/\/www.electroluxprofessional.com\/es\/wp-json\/wp\/v2\/pages\/3874\/revisions\/26046"}],"wp:attachment":[{"href":"https:\/\/www.electroluxprofessional.com\/es\/wp-json\/wp\/v2\/media?parent=3874"}],"curies":[{"name":"wp","href":"https:\/\/api.w.org\/{rel}","templated":true}]}}