{"id":3859,"date":"2017-04-20T08:49:29","date_gmt":"2017-04-20T08:49:29","guid":{"rendered":"https:\/\/www.electroluxprofessional.com\/es\/?page_id=3859"},"modified":"2017-06-01T11:16:58","modified_gmt":"2017-06-01T11:16:58","slug":"haccp","status":"publish","type":"page","link":"https:\/\/www.electroluxprofessional.com\/es\/haccp\/","title":{"rendered":"HACCP"},"content":{"rendered":"<p>[vc_row full_width=&#8221;electroluxpro-full-width-no-padding&#8221;][vc_column][elx_hero_slider label_text_color=&#8221;inherit&#8221; images=&#8221;658&#8243;][elx_heading font_container=&#8221;h1&#8243; text_color=&#8221;inherit&#8221;]HACCP[\/elx_heading][vc_column_text]El procedimiento HACCP \u2013 Hazard Analysis and Critical Control Point (An\u00e1lisis de Riesgos y Puntos Cr\u00edticos de Control) \u2013 es una forma de evaluar los riesgos inherentes atribuibles a un producto o un proceso y determinar las medidas para controlar los riesgos identificados.[\/vc_column_text][\/elx_hero_slider][\/vc_column][\/vc_row][vc_row][vc_column][elx_heading text_color=&#8221;inherit&#8221;]<\/p>\n<p style=\"text-align: center;\">Electrolux Professional cumple con los procesos HACCP desde\u00a01998.<\/p>\n<p>[\/elx_heading][vc_column_text]<\/p>\n<h3 style=\"text-align: center;\">Pero, \u00bfqu\u00e9 significa esto?<\/h3>\n<p>[\/vc_column_text][\/vc_column][\/vc_row][vc_row full_width=&#8221;electroluxpro-full-width-no-padding&#8221;][vc_column][elx_image_block background_image=&#8221;654&#8243; vert_back_position=&#8221;top&#8221; minimum_height=&#8221;1000px&#8221;][\/vc_column][\/vc_row][vc_row][vc_column][vc_empty_space height=&#8221;100px&#8221;][vc_column_text css_animation=&#8221;top-to-bottom&#8221;]<\/p>\n<h3 style=\"text-align: center;\">Si hay un brote de enfermedad o contaminaci\u00f3n relacionada con un negocio que sirve o prepara alimento, el uso de funciones <strong>HACCP en equipamiento \u00a0Electrolux \u00a0para monitorizar los procesos, dar\u00e1 la posibilidad de<\/strong><strong>\u00a0rastrear e identificar o eliminar la fuente.<\/strong><\/h3>\n<p>[\/vc_column_text][vc_empty_space height=&#8221;50px&#8221;][\/vc_column][\/vc_row][vc_row full_width=&#8221;electroluxpro-full-width-no-padding&#8221; equal_height=&#8221;yes&#8221;][vc_column width=&#8221;1\/2&#8243;][elx_image_block background_image=&#8221;655&#8243; vert_back_position=&#8221;top&#8221; minimum_height=&#8221;598px&#8221;][\/vc_column][vc_column width=&#8221;1\/2&#8243;][elx_simple_block][elx_heading font_container=&#8221;h3&#8243; text_color=&#8221;inherit&#8221;]Cocci\u00f3n &#8211; Hornos Electrolux Professional Touchline Combi[\/elx_heading][vc_column_text css_animation=&#8221;right-to-left&#8221;]<strong>La funci\u00f3n Food Safe Control garantiza la seguridad alimentaria total de acuerdo con las normas HACCP<\/strong>. Simplemente selecciona la categor\u00eda del alimento, y la funci\u00f3n Food Safe Control har\u00e1 el resto, actuando como un supervisor durante todo el proceso de cocinado. Cuando se activa el icono Food Safe Control y se inserta la sonda de 6 sensores, Touchline calcula si el alimento se ha cocinado adecuadamente alcanzando el nivel de seguridad correcto.[\/vc_column_text][elx_button button_text=&#8221;Cook&amp;Chill&#8221; button_style=&#8221;icon&#8221; button_link=&#8221;url:https%3A%2F%2Fprofessional.electrolux.es%2Fequipamiento-cocinas-profesionales%2Fcook-and-chill%2F|title:Cook%20%26%20Chill||&#8221;][\/elx_simple_block][\/vc_column][\/vc_row][vc_row][vc_column][vc_empty_space height=&#8221;50px&#8221;][\/vc_column][\/vc_row][vc_row full_width=&#8221;electroluxpro-full-width-no-padding&#8221; equal_height=&#8221;yes&#8221;][vc_column width=&#8221;1\/2&#8243;][elx_image_block background_image=&#8221;656&#8243; vert_back_position=&#8221;top&#8221; minimum_height=&#8221;600px&#8221;][\/vc_column][vc_column width=&#8221;1\/2&#8243;][elx_simple_block][elx_heading font_container=&#8221;h3&#8243; text_color=&#8221;inherit&#8221;]Almacenamiento &#8211; Refrigeraci\u00f3n Electrolux Professional &#8211; ecostore Touch[\/elx_heading][vc_column_text css_animation=&#8221;right-to-left&#8221;]<strong>El control HACCP en la pantalla Touch comprueba y registra cont\u00ednuamente la temperatura de funcionamiento y anomal\u00edas eventuales.<\/strong>\u00a0 Un gr\u00e1fico mostrar\u00e1 el estado de funcionamiento y cualquier pico o ca\u00edda de la temperatura. \u00a0Los datos pueden descargarse por USB y almacenarse para fines de seguimiento e informes[\/vc_column_text][elx_button button_text=&#8221;Armarios refrigerados&#8221; button_style=&#8221;icon&#8221; button_link=&#8221;url:https%3A%2F%2Fprofessional.electrolux.es%2Fequipamiento-cocinas-profesionales%2Farmarios-refrigerados%2F|title:Armarios%20refrigerados||&#8221;][elx_button button_text=&#8221;Mesas refrigeradas&#8221; button_style=&#8221;icon&#8221; button_link=&#8221;url:https%3A%2F%2Fprofessional.electrolux.es%2Fequipamiento-cocinas-profesionales%2Fmesas-refrigeradas%2F|title:Mesas%20refrigeradas||&#8221;][\/elx_simple_block][\/vc_column][\/vc_row][vc_row][vc_column][elx_heading font_container=&#8221;h3&#8243; text_color=&#8221;inherit&#8221;]<\/p>\n<h2 class=\"customHeaderV2 bp3\" style=\"text-align: center;\">Electrolux Professional obtiene la certificaci\u00f3n mundial en higiene de lavado de ropa. Electrolux Professional es el primer fabricante de equipos de lavander\u00eda comercial avalado por HACCP internacional<\/h2>\n<h2 class=\"customHeaderV2 bp3\" style=\"text-align: center;\"><\/h2>\n<p>[\/elx_heading][\/vc_column][\/vc_row][vc_row full_width=&#8221;electroluxpro-full-width-no-padding&#8221; css=&#8221;.vc_custom_1464077764547{background-color: #eaeef2 !important;}&#8221;][vc_column][vc_empty_space css=&#8221;.vc_custom_1464077755704{background-color: #eaeef2 !important;}&#8221;][\/vc_column][\/vc_row][vc_row css=&#8221;.vc_custom_1464077456458{background-color: #eaeef2 !important;}&#8221;][vc_column width=&#8221;1\/2&#8243;][vc_single_image image=&#8221;657&#8243; img_size=&#8221;large&#8221; alignment=&#8221;center&#8221;][\/vc_column][vc_column width=&#8221;1\/2&#8243;][elx_heading font_container=&#8221;h3&#8243; text_color=&#8221;inherit&#8221;]Los programas de lavado Profesionales son esenciales para desinfectar todas las prendas y textiles utilizados en las operaciones de elaboraci\u00f3n de alimentos.[\/elx_heading][vc_column_text]<\/p>\n<p>Despu\u00e9s de un cuidadoso an\u00e1lisis de operaciones de lavander\u00eda en todo el mundo, Electrolux Professional desarroll\u00f3 una soluci\u00f3n de lavado con la l\u00ednea 5000 que ayuda a cumplir los estrictos criterios de HACCP. Electrolux Professional se convierte en el primer y actualmente \u00fanico fabricante de equipamiento de lavander\u00eda con certificado HACCP International. Junto a las lavadoras de carga frontal, tambi\u00e9n se han otorgado la acreditaci\u00f3n a las lavadoras de barrera sanitaria, calandras y soluciones de acabado.<\/p>\n<p>La certificaci\u00f3n se otorg\u00f3 por primera vez a la l\u00ednea 5000 en el Reino Unido e Irlanda y desde junio de 2015 se aplica en todo el mundo.<\/p>\n<p>[\/vc_column_text][\/vc_column][\/vc_row][vc_row full_width=&#8221;electroluxpro-full-width-no-padding&#8221; css=&#8221;.vc_custom_1464077764547{background-color: #eaeef2 !important;}&#8221;][vc_column][vc_empty_space css=&#8221;.vc_custom_1464077755704{background-color: #eaeef2 !important;}&#8221;][\/vc_column][\/vc_row][vc_row full_width=&#8221;electroluxpro-container-no-padding&#8221; equal_height=&#8221;yes&#8221; css=&#8221;.vc_custom_1464275874297{padding-top: 50px !important;padding-bottom: 50px !important;}&#8221;][vc_column width=&#8221;1\/3&#8243;][elx_image_block background_image=&#8221;649&#8243; minimum_height=&#8221;380px&#8221;][\/vc_column][vc_column width=&#8221;1\/3&#8243; css=&#8221;.vc_custom_1464275824218{background-color: #e2e2e2 !important;}&#8221;][elx_simple_block text_align=&#8221;text-center&#8221; background_color=&#8221;inherit&#8221;][elx_heading text_color=&#8221;inherit&#8221;]For the Better[\/elx_heading][vc_column_text]Queremos hacer una diferencia positiva en la vida de las personas y en nuestro planeta.[\/vc_column_text][elx_button button_text=&#8221;Leer m\u00e1s&#8221; button_link=&#8221;url:https%3A%2F%2Fprofessional.electrolux.es%2Fsostenibilidad%2F|title:Sostenibilidad||&#8221;][\/elx_simple_block][\/vc_column][vc_column width=&#8221;1\/3&#8243;][elx_image_block background_image=&#8221;650&#8243; minimum_height=&#8221;380px&#8221;][\/vc_column][\/vc_row]<\/p>\n","protected":false},"excerpt":{"rendered":"<p>[vc_row full_width=&#8221;electroluxpro-full-width-no-padding&#8221;][vc_column][elx_hero_slider label_text_color=&#8221;inherit&#8221; images=&#8221;658&#8243;][elx_heading font_container=&#8221;h1&#8243; text_color=&#8221;inherit&#8221;]HACCP[\/elx_heading][vc_column_text]El procedimiento HACCP \u2013 Hazard Analysis and Critical Control Point (An\u00e1lisis de Riesgos y Puntos Cr\u00edticos de Control) \u2013 es una forma de evaluar los riesgos inherentes atribuibles a un producto o un proceso y determinar las medidas para controlar los riesgos identificados.[\/vc_column_text][\/elx_hero_slider][\/vc_column][\/vc_row][vc_row][vc_column][elx_heading text_color=&#8221;inherit&#8221;] Electrolux Professional cumple con los procesos [&hellip;]<\/p>\n","protected":false},"author":3,"featured_media":0,"parent":0,"menu_order":0,"comment_status":"closed","ping_status":"closed","template":"","meta":{"footnotes":""},"class_list":["post-3859","page","type-page","status-publish","hentry"],"acf":[],"yoast_head":"<!-- This site is optimized with the Yoast SEO plugin v23.4 - https:\/\/yoast.com\/wordpress\/plugins\/seo\/ -->\n<title>HACCP - Electrolux Professional Espa\u00f1a<\/title>\n<meta name=\"robots\" content=\"index, follow, max-snippet:-1, max-image-preview:large, max-video-preview:-1\" \/>\n<link rel=\"canonical\" href=\"https:\/\/www.electroluxprofessional.com\/es\/haccp\/\" \/>\n<meta property=\"og:locale\" content=\"es_ES\" \/>\n<meta property=\"og:type\" content=\"article\" \/>\n<meta property=\"og:title\" content=\"HACCP - Electrolux Professional Espa\u00f1a\" \/>\n<meta property=\"og:description\" content=\"[vc_row full_width=&#8221;electroluxpro-full-width-no-padding&#8221;][vc_column][elx_hero_slider label_text_color=&#8221;inherit&#8221; images=&#8221;658&#8243;][elx_heading font_container=&#8221;h1&#8243; text_color=&#8221;inherit&#8221;]HACCP[\/elx_heading][vc_column_text]El procedimiento HACCP \u2013 Hazard Analysis and Critical Control Point (An\u00e1lisis de Riesgos y Puntos Cr\u00edticos de Control) \u2013 es una forma de evaluar los riesgos inherentes atribuibles a un producto o un proceso y determinar las medidas para controlar los riesgos identificados.[\/vc_column_text][\/elx_hero_slider][\/vc_column][\/vc_row][vc_row][vc_column][elx_heading text_color=&#8221;inherit&#8221;] Electrolux Professional cumple con los procesos [&hellip;]\" \/>\n<meta property=\"og:url\" content=\"https:\/\/www.electroluxprofessional.com\/es\/haccp\/\" \/>\n<meta property=\"og:site_name\" content=\"Electrolux Professional Espa\u00f1a\" \/>\n<meta property=\"article:modified_time\" content=\"2017-06-01T11:16:58+00:00\" \/>\n<meta name=\"twitter:card\" content=\"summary_large_image\" \/>\n<meta name=\"twitter:label1\" content=\"Tiempo de lectura\" \/>\n\t<meta name=\"twitter:data1\" content=\"5 minutos\" \/>\n<script type=\"application\/ld+json\" class=\"yoast-schema-graph\">{\"@context\":\"https:\/\/schema.org\",\"@graph\":[{\"@type\":\"WebPage\",\"@id\":\"https:\/\/www.electroluxprofessional.com\/es\/haccp\/\",\"url\":\"https:\/\/www.electroluxprofessional.com\/es\/haccp\/\",\"name\":\"HACCP - Electrolux Professional Espa\u00f1a\",\"isPartOf\":{\"@id\":\"https:\/\/www.electroluxprofessional.com\/es\/#website\"},\"datePublished\":\"2017-04-20T08:49:29+00:00\",\"dateModified\":\"2017-06-01T11:16:58+00:00\",\"breadcrumb\":{\"@id\":\"https:\/\/www.electroluxprofessional.com\/es\/haccp\/#breadcrumb\"},\"inLanguage\":\"es\",\"potentialAction\":[{\"@type\":\"ReadAction\",\"target\":[\"https:\/\/www.electroluxprofessional.com\/es\/haccp\/\"]}]},{\"@type\":\"BreadcrumbList\",\"@id\":\"https:\/\/www.electroluxprofessional.com\/es\/haccp\/#breadcrumb\",\"itemListElement\":[{\"@type\":\"ListItem\",\"position\":1,\"name\":\"Home\",\"item\":\"https:\/\/www.electroluxprofessional.com\/es\/\"},{\"@type\":\"ListItem\",\"position\":2,\"name\":\"HACCP\"}]},{\"@type\":\"WebSite\",\"@id\":\"https:\/\/www.electroluxprofessional.com\/es\/#website\",\"url\":\"https:\/\/www.electroluxprofessional.com\/es\/\",\"name\":\"Electrolux Professional Espa\u00f1a\",\"description\":\"Equipamiento cocinas profesionales y lavander\u00edas comerciales. Excelencia en el suministro de soluciones profesionales.\",\"potentialAction\":[{\"@type\":\"SearchAction\",\"target\":{\"@type\":\"EntryPoint\",\"urlTemplate\":\"https:\/\/www.electroluxprofessional.com\/es\/?src={search_term_string}\"},\"query-input\":{\"@type\":\"PropertyValueSpecification\",\"valueRequired\":true,\"valueName\":\"search_term_string\"}}],\"inLanguage\":\"es\"}]}<\/script>\n<!-- \/ Yoast SEO plugin. -->","yoast_head_json":{"title":"HACCP - Electrolux Professional Espa\u00f1a","robots":{"index":"index","follow":"follow","max-snippet":"max-snippet:-1","max-image-preview":"max-image-preview:large","max-video-preview":"max-video-preview:-1"},"canonical":"https:\/\/www.electroluxprofessional.com\/es\/haccp\/","og_locale":"es_ES","og_type":"article","og_title":"HACCP - Electrolux Professional Espa\u00f1a","og_description":"[vc_row full_width=&#8221;electroluxpro-full-width-no-padding&#8221;][vc_column][elx_hero_slider label_text_color=&#8221;inherit&#8221; images=&#8221;658&#8243;][elx_heading font_container=&#8221;h1&#8243; text_color=&#8221;inherit&#8221;]HACCP[\/elx_heading][vc_column_text]El procedimiento HACCP \u2013 Hazard Analysis and Critical Control Point (An\u00e1lisis de Riesgos y Puntos Cr\u00edticos de Control) \u2013 es una forma de evaluar los riesgos inherentes atribuibles a un producto o un proceso y determinar las medidas para controlar los riesgos identificados.[\/vc_column_text][\/elx_hero_slider][\/vc_column][\/vc_row][vc_row][vc_column][elx_heading text_color=&#8221;inherit&#8221;] Electrolux Professional cumple con los procesos [&hellip;]","og_url":"https:\/\/www.electroluxprofessional.com\/es\/haccp\/","og_site_name":"Electrolux Professional Espa\u00f1a","article_modified_time":"2017-06-01T11:16:58+00:00","twitter_card":"summary_large_image","twitter_misc":{"Tiempo de lectura":"5 minutos"},"schema":{"@context":"https:\/\/schema.org","@graph":[{"@type":"WebPage","@id":"https:\/\/www.electroluxprofessional.com\/es\/haccp\/","url":"https:\/\/www.electroluxprofessional.com\/es\/haccp\/","name":"HACCP - Electrolux Professional Espa\u00f1a","isPartOf":{"@id":"https:\/\/www.electroluxprofessional.com\/es\/#website"},"datePublished":"2017-04-20T08:49:29+00:00","dateModified":"2017-06-01T11:16:58+00:00","breadcrumb":{"@id":"https:\/\/www.electroluxprofessional.com\/es\/haccp\/#breadcrumb"},"inLanguage":"es","potentialAction":[{"@type":"ReadAction","target":["https:\/\/www.electroluxprofessional.com\/es\/haccp\/"]}]},{"@type":"BreadcrumbList","@id":"https:\/\/www.electroluxprofessional.com\/es\/haccp\/#breadcrumb","itemListElement":[{"@type":"ListItem","position":1,"name":"Home","item":"https:\/\/www.electroluxprofessional.com\/es\/"},{"@type":"ListItem","position":2,"name":"HACCP"}]},{"@type":"WebSite","@id":"https:\/\/www.electroluxprofessional.com\/es\/#website","url":"https:\/\/www.electroluxprofessional.com\/es\/","name":"Electrolux Professional Espa\u00f1a","description":"Equipamiento cocinas profesionales y lavander\u00edas comerciales. Excelencia en el suministro de soluciones profesionales.","potentialAction":[{"@type":"SearchAction","target":{"@type":"EntryPoint","urlTemplate":"https:\/\/www.electroluxprofessional.com\/es\/?src={search_term_string}"},"query-input":{"@type":"PropertyValueSpecification","valueRequired":true,"valueName":"search_term_string"}}],"inLanguage":"es"}]}},"_links":{"self":[{"href":"https:\/\/www.electroluxprofessional.com\/es\/wp-json\/wp\/v2\/pages\/3859"}],"collection":[{"href":"https:\/\/www.electroluxprofessional.com\/es\/wp-json\/wp\/v2\/pages"}],"about":[{"href":"https:\/\/www.electroluxprofessional.com\/es\/wp-json\/wp\/v2\/types\/page"}],"author":[{"embeddable":true,"href":"https:\/\/www.electroluxprofessional.com\/es\/wp-json\/wp\/v2\/users\/3"}],"replies":[{"embeddable":true,"href":"https:\/\/www.electroluxprofessional.com\/es\/wp-json\/wp\/v2\/comments?post=3859"}],"version-history":[{"count":9,"href":"https:\/\/www.electroluxprofessional.com\/es\/wp-json\/wp\/v2\/pages\/3859\/revisions"}],"predecessor-version":[{"id":4547,"href":"https:\/\/www.electroluxprofessional.com\/es\/wp-json\/wp\/v2\/pages\/3859\/revisions\/4547"}],"wp:attachment":[{"href":"https:\/\/www.electroluxprofessional.com\/es\/wp-json\/wp\/v2\/media?parent=3859"}],"curies":[{"name":"wp","href":"https:\/\/api.w.org\/{rel}","templated":true}]}}