{"id":3816,"date":"2017-04-18T10:46:58","date_gmt":"2017-04-18T10:46:58","guid":{"rendered":"https:\/\/www.electroluxprofessional.com\/es\/?page_id=3816"},"modified":"2025-10-15T12:20:47","modified_gmt":"2025-10-15T12:20:47","slug":"software-y-sistemas-de-control","status":"publish","type":"page","link":"https:\/\/www.electroluxprofessional.com\/es\/equipamiento-lavanderia-comercial\/software-y-sistemas-de-control\/","title":{"rendered":"Software y sistemas de control"},"content":{"rendered":"<p>[vc_row full_width=&#8221;electroluxpro-full-width-no-padding&#8221;][vc_column][elx_hero_slider text_color=&#8221;white&#8221; label_text_color=&#8221;inherit&#8221; background_colors=&#8221;background-gold&#8221; width_box=&#8221;col-md-6&#8243; images=&#8221;19637&#8243;][elx_heading font_container=&#8221;h1&#8243; font_size=&#8221;h2&#8243; text_color=&#8221;inherit&#8221;]Software y sistemas de Control[\/elx_heading][\/elx_hero_slider][\/vc_column][\/vc_row][vc_row][vc_column][vc_empty_space][vc_column_text]Electrolux Professional cuenta con una amplia gama de software y sistemas de control con los est\u00e1ndares m\u00e1s altos de calidad, creando un valor a\u00f1adido para las demandas de cada cliente.[\/vc_column_text][vc_empty_space][\/vc_column][\/vc_row][vc_row][vc_column width=&#8221;1\/2&#8243;][vc_column_text]<\/p>\n<h3>Laundry Program Manager<\/h3>\n<p>Es una herramienta intuitiva, f\u00e1cil de usar, para crear o personalizar los programas de las lavadoras y secadoras Electrolux desde tu PC. Es compatible con lavadoras con Compass Control, Compass Pro, Clarus Control y Clarus TS. Es compatible con secadoras con sistema de control Compass Pro.<\/p>\n<h3><\/h3>\n<p>[\/vc_column_text][vc_empty_space height=&#8221;20px&#8221;][vc_column_text]<\/p>\n<h3>Certus Management Information System\u2122<\/h3>\n<p>CMIS (Certus Management Information System\u2122) es un software que proporciona a los profesionales de lavander\u00eda informaci\u00f3n vital sobre sus lavadoras, secadoras y calandras. Todo para minimizar costes y maximizar la duraci\u00f3n de los equipos.[\/vc_column_text][vc_empty_space height=&#8221;20px&#8221;][\/vc_column][vc_column width=&#8221;1\/2&#8243;][elx_image_block background_image=&#8221;900&#8243; minimum_height=&#8221;700px&#8221;][\/vc_column][\/vc_row][vc_row][vc_column][vc_empty_space height=&#8221;50px&#8221;][\/vc_column][\/vc_row][vc_row][vc_column width=&#8221;1\/2&#8243;][elx_image_block background_image=&#8221;772&#8243; minimum_height=&#8221;500px&#8221;][\/vc_column][vc_column width=&#8221;1\/2&#8243;][elx_heading font_size=&#8221;h3&#8243; text_color=&#8221;inherit&#8221;]Mantenga el control con Text Management Information System[\/elx_heading][vc_empty_space height=&#8221;15px&#8221;][vc_column_text]<strong>Mejorando el concepto de lavander\u00edas f\u00e1ciles de usar.<\/strong>[\/vc_column_text][vc_column_text]Los costosos tiempos de inactividad pueden reducirse y el mantenimiento preventivo es m\u00e1s f\u00e1cil de planificar teniendo acceso directo a las estad\u00edsticas de rendimiento y de uso de la m\u00e1quina.<\/p>\n<p>Esta soluci\u00f3n te dar\u00e1 mayor control sobre tus m\u00e1quinas y te informar\u00e1 directamente en el momento en que el sistema detecte un fallo de la m\u00e1quina o necesidades de mantenimiento.[\/vc_column_text][\/vc_column][\/vc_row][vc_row full_width=&#8221;electroluxpro-container-no-padding&#8221; css=&#8221;.vc_custom_1711377716893{background-color: #e5e5e5 !important;}&#8221;][vc_column][vc_empty_space height=&#8221;50px&#8221;][elx_heading text_color=&#8221;inherit&#8221; text_align=&#8221;text-center&#8221;]Muchas opciones pr\u00e1cticas[\/elx_heading][vc_empty_space height=&#8221;50px&#8221;][vc_row_inner full_width=&#8221;electroluxpro-container-no-padding&#8221;][vc_column_inner width=&#8221;1\/3&#8243;][vc_single_image image=&#8221;19646&#8243; img_size=&#8221;full&#8221; alignment=&#8221;center&#8221;][elx_heading font_container=&#8221;h6&#8243; text_color=&#8221;inherit&#8221; text_align=&#8221;text-center&#8221;]Contadores de monedas[\/elx_heading][vc_column_text]<\/p>\n<p style=\"font-size: 16px; text-align: center;\">Fichas o monedas, mec\u00e1nicas o electromec\u00e1nicas<\/p>\n<p>[\/vc_column_text][vc_empty_space height=&#8221;50px&#8221;][\/vc_column_inner][vc_column_inner width=&#8221;1\/3&#8243;][vc_single_image image=&#8221;19651&#8243; img_size=&#8221;full&#8221; alignment=&#8221;center&#8221;][elx_heading font_container=&#8221;h6&#8243; text_color=&#8221;inherit&#8221; text_align=&#8221;text-center&#8221;]Lectores de tarjetas[\/elx_heading][vc_column_text]<\/p>\n<p style=\"font-size: 16px; text-align: center;\">Prepago, tarjetas llave, tarjetas bancarias<\/p>\n<p>[\/vc_column_text][vc_empty_space height=&#8221;50px&#8221;][\/vc_column_inner][vc_column_inner width=&#8221;1\/3&#8243;][vc_single_image image=&#8221;19652&#8243; img_size=&#8221;full&#8221; alignment=&#8221;center&#8221;][elx_heading font_container=&#8221;h6&#8243; text_color=&#8221;inherit&#8221; text_align=&#8221;text-center&#8221;]Aplicaciones[\/elx_heading][vc_column_text]<\/p>\n<p style=\"font-size: 16px; text-align: center;\">Independientes<br \/>\nConectadas a sistemas de pago existentes<\/p>\n<p>[\/vc_column_text][vc_empty_space height=&#8221;50px&#8221;][\/vc_column_inner][\/vc_row_inner][vc_row_inner full_width=&#8221;electroluxpro-container-no-padding&#8221;][vc_column_inner width=&#8221;1\/3&#8243;][vc_single_image image=&#8221;19654&#8243; img_size=&#8221;full&#8221; alignment=&#8221;center&#8221;][elx_heading font_container=&#8221;h6&#8243; text_color=&#8221;inherit&#8221; text_align=&#8221;text-center&#8221;]Contadores inteligentes[\/elx_heading][vc_column_text]<\/p>\n<p style=\"font-size: 16px; text-align: center;\">Mecanismo aut\u00f3nomo para encender o apagar el suministro el\u00e9ctrico<\/p>\n<p>[\/vc_column_text][vc_empty_space][\/vc_column_inner][vc_column_inner width=&#8221;1\/3&#8243;][vc_single_image image=&#8221;19656&#8243; img_size=&#8221;full&#8221; alignment=&#8221;center&#8221;][elx_heading font_container=&#8221;h6&#8243; text_color=&#8221;inherit&#8221; text_align=&#8221;text-center&#8221;]Sistemas de pago centralizados[\/elx_heading][vc_column_text]<\/p>\n<p style=\"font-size: 16px; text-align: center;\">Una \u00fanica estaci\u00f3n de pago para controlar varias m\u00e1quinas<\/p>\n<p>[\/vc_column_text][vc_empty_space][\/vc_column_inner][vc_column_inner width=&#8221;1\/3&#8243;][vc_single_image image=&#8221;19655&#8243; img_size=&#8221;full&#8221; alignment=&#8221;center&#8221;][elx_heading font_container=&#8221;h6&#8243; text_color=&#8221;inherit&#8221; text_align=&#8221;text-center&#8221;]Sistemas de reserva con pago mensual[\/elx_heading][vc_column_text]<\/p>\n<p style=\"font-size: 16px; text-align: center;\">Un dispositivo por lavander\u00eda para reservar m\u00e1quinas en persona o en remoto.<br \/>\nVarias opciones de pago<\/p>\n<p>[\/vc_column_text][vc_empty_space][\/vc_column_inner][\/vc_row_inner][\/vc_column][\/vc_row][vc_row][vc_column][vc_empty_space height=&#8221;50px&#8221;][elx_heading font_size=&#8221;h2&#8243; text_color=&#8221;inherit&#8221; text_align=&#8221;text-center&#8221;]Descubre lo que los Sistemas de Control de Lavander\u00eda pueden hacer por tu negocio[\/elx_heading][elx_o2000_contact_us s=&#8221;Petici\u00f3n de informaci\u00f3n sobre software y sistemas de Control&#8221; country=&#8221;Spain&#8221; b=&#8221;laundry&#8221; container=&#8221;elxcontactus1478709536&#8243; r=&#8221;Me gustar\u00eda m\u00e1s informaci\u00f3n sobre software y sistemas de Control de lavander\u00eda. Por favor, contacten conmigo.&#8221; e=&#8221;foodservice@electrolux.es&#8221; l=&#8221;es&#8221;][vc_empty_space height=&#8221;50px&#8221;][elx_heading font_size=&#8221;h3&#8243; text_color=&#8221;inherit&#8221; text_align=&#8221;text-center&#8221;]Encuentra tu soluci\u00f3n completa[\/elx_heading][\/vc_column][\/vc_row][vc_row][vc_column width=&#8221;1\/3&#8243;][elx_maylike_box id_box=&#8221;1988&#8243;][\/vc_column][vc_column width=&#8221;1\/3&#8243;][elx_maylike_box id_box=&#8221;387&#8243;][\/vc_column][vc_column width=&#8221;1\/3&#8243;][elx_maylike_box id_box=&#8221;374&#8243;][\/vc_column][\/vc_row]<\/p>\n","protected":false},"excerpt":{"rendered":"<p>[vc_row full_width=&#8221;electroluxpro-full-width-no-padding&#8221;][vc_column][elx_hero_slider text_color=&#8221;white&#8221; label_text_color=&#8221;inherit&#8221; background_colors=&#8221;background-gold&#8221; width_box=&#8221;col-md-6&#8243; images=&#8221;19637&#8243;][elx_heading font_container=&#8221;h1&#8243; font_size=&#8221;h2&#8243; text_color=&#8221;inherit&#8221;]Software y sistemas de Control[\/elx_heading][\/elx_hero_slider][\/vc_column][\/vc_row][vc_row][vc_column][vc_empty_space][vc_column_text]Electrolux Professional cuenta con una amplia gama de software y sistemas de control con los est\u00e1ndares m\u00e1s altos de calidad, creando un valor a\u00f1adido para las demandas de cada cliente.[\/vc_column_text][vc_empty_space][\/vc_column][\/vc_row][vc_row][vc_column width=&#8221;1\/2&#8243;][vc_column_text] Laundry Program Manager Es una herramienta intuitiva, f\u00e1cil de usar, para [&hellip;]<\/p>\n","protected":false},"author":3,"featured_media":0,"parent":1256,"menu_order":0,"comment_status":"closed","ping_status":"closed","template":"","meta":{"footnotes":""},"class_list":["post-3816","page","type-page","status-publish","hentry"],"acf":[],"yoast_head":"<!-- This site is optimized with the Yoast SEO plugin v23.4 - https:\/\/yoast.com\/wordpress\/plugins\/seo\/ -->\n<title>Software y sistemas de control - Electrolux Professional Espa\u00f1a<\/title>\n<meta name=\"description\" content=\"Electrolux Professional ofrece software y sistemas de control avanzados para mejorar la eficiencia y durabilidad de sus equipos de lavander\u00eda.\" \/>\n<meta name=\"robots\" content=\"index, follow, max-snippet:-1, max-image-preview:large, max-video-preview:-1\" \/>\n<link rel=\"canonical\" href=\"https:\/\/www.electroluxprofessional.com\/es\/equipamiento-lavanderia-comercial\/software-y-sistemas-de-control\/\" \/>\n<meta property=\"og:locale\" content=\"es_ES\" \/>\n<meta property=\"og:type\" content=\"article\" \/>\n<meta property=\"og:title\" content=\"Software y sistemas de control - Electrolux Professional Espa\u00f1a\" \/>\n<meta property=\"og:description\" content=\"Electrolux Professional ofrece software y sistemas de control avanzados para mejorar la eficiencia y durabilidad de sus equipos de lavander\u00eda.\" \/>\n<meta property=\"og:url\" content=\"https:\/\/www.electroluxprofessional.com\/es\/equipamiento-lavanderia-comercial\/software-y-sistemas-de-control\/\" \/>\n<meta property=\"og:site_name\" content=\"Electrolux Professional Espa\u00f1a\" \/>\n<meta property=\"article:modified_time\" content=\"2025-10-15T12:20:47+00:00\" \/>\n<meta name=\"twitter:card\" content=\"summary_large_image\" \/>\n<meta name=\"twitter:label1\" content=\"Tiempo de lectura\" \/>\n\t<meta name=\"twitter:data1\" content=\"2 minutos\" \/>\n<script type=\"application\/ld+json\" class=\"yoast-schema-graph\">{\"@context\":\"https:\/\/schema.org\",\"@graph\":[{\"@type\":\"WebPage\",\"@id\":\"https:\/\/www.electroluxprofessional.com\/es\/equipamiento-lavanderia-comercial\/software-y-sistemas-de-control\/\",\"url\":\"https:\/\/www.electroluxprofessional.com\/es\/equipamiento-lavanderia-comercial\/software-y-sistemas-de-control\/\",\"name\":\"Software y sistemas de control - Electrolux Professional Espa\u00f1a\",\"isPartOf\":{\"@id\":\"https:\/\/www.electroluxprofessional.com\/es\/#website\"},\"datePublished\":\"2017-04-18T10:46:58+00:00\",\"dateModified\":\"2025-10-15T12:20:47+00:00\",\"description\":\"Electrolux Professional ofrece software y sistemas de control avanzados para mejorar la eficiencia y durabilidad de sus equipos de lavander\u00eda.\",\"breadcrumb\":{\"@id\":\"https:\/\/www.electroluxprofessional.com\/es\/equipamiento-lavanderia-comercial\/software-y-sistemas-de-control\/#breadcrumb\"},\"inLanguage\":\"es\",\"potentialAction\":[{\"@type\":\"ReadAction\",\"target\":[\"https:\/\/www.electroluxprofessional.com\/es\/equipamiento-lavanderia-comercial\/software-y-sistemas-de-control\/\"]}]},{\"@type\":\"BreadcrumbList\",\"@id\":\"https:\/\/www.electroluxprofessional.com\/es\/equipamiento-lavanderia-comercial\/software-y-sistemas-de-control\/#breadcrumb\",\"itemListElement\":[{\"@type\":\"ListItem\",\"position\":1,\"name\":\"Home\",\"item\":\"https:\/\/www.electroluxprofessional.com\/es\/\"},{\"@type\":\"ListItem\",\"position\":2,\"name\":\"Equipamiento de Lavander\u00eda\",\"item\":\"https:\/\/www.electroluxprofessional.com\/es\/equipamiento-lavanderia-comercial\/\"},{\"@type\":\"ListItem\",\"position\":3,\"name\":\"Software y sistemas de control\"}]},{\"@type\":\"WebSite\",\"@id\":\"https:\/\/www.electroluxprofessional.com\/es\/#website\",\"url\":\"https:\/\/www.electroluxprofessional.com\/es\/\",\"name\":\"Electrolux Professional Espa\u00f1a\",\"description\":\"Equipamiento cocinas profesionales y lavander\u00edas comerciales. Excelencia en el suministro de soluciones profesionales.\",\"potentialAction\":[{\"@type\":\"SearchAction\",\"target\":{\"@type\":\"EntryPoint\",\"urlTemplate\":\"https:\/\/www.electroluxprofessional.com\/es\/?src={search_term_string}\"},\"query-input\":{\"@type\":\"PropertyValueSpecification\",\"valueRequired\":true,\"valueName\":\"search_term_string\"}}],\"inLanguage\":\"es\"}]}<\/script>\n<!-- \/ Yoast SEO plugin. -->","yoast_head_json":{"title":"Software y sistemas de control - Electrolux Professional Espa\u00f1a","description":"Electrolux Professional ofrece software y sistemas de control avanzados para mejorar la eficiencia y durabilidad de sus equipos de lavander\u00eda.","robots":{"index":"index","follow":"follow","max-snippet":"max-snippet:-1","max-image-preview":"max-image-preview:large","max-video-preview":"max-video-preview:-1"},"canonical":"https:\/\/www.electroluxprofessional.com\/es\/equipamiento-lavanderia-comercial\/software-y-sistemas-de-control\/","og_locale":"es_ES","og_type":"article","og_title":"Software y sistemas de control - Electrolux Professional Espa\u00f1a","og_description":"Electrolux Professional ofrece software y sistemas de control avanzados para mejorar la eficiencia y durabilidad de sus equipos de lavander\u00eda.","og_url":"https:\/\/www.electroluxprofessional.com\/es\/equipamiento-lavanderia-comercial\/software-y-sistemas-de-control\/","og_site_name":"Electrolux Professional Espa\u00f1a","article_modified_time":"2025-10-15T12:20:47+00:00","twitter_card":"summary_large_image","twitter_misc":{"Tiempo de lectura":"2 minutos"},"schema":{"@context":"https:\/\/schema.org","@graph":[{"@type":"WebPage","@id":"https:\/\/www.electroluxprofessional.com\/es\/equipamiento-lavanderia-comercial\/software-y-sistemas-de-control\/","url":"https:\/\/www.electroluxprofessional.com\/es\/equipamiento-lavanderia-comercial\/software-y-sistemas-de-control\/","name":"Software y sistemas de control - Electrolux Professional Espa\u00f1a","isPartOf":{"@id":"https:\/\/www.electroluxprofessional.com\/es\/#website"},"datePublished":"2017-04-18T10:46:58+00:00","dateModified":"2025-10-15T12:20:47+00:00","description":"Electrolux Professional ofrece software y sistemas de control avanzados para mejorar la eficiencia y durabilidad de sus equipos de lavander\u00eda.","breadcrumb":{"@id":"https:\/\/www.electroluxprofessional.com\/es\/equipamiento-lavanderia-comercial\/software-y-sistemas-de-control\/#breadcrumb"},"inLanguage":"es","potentialAction":[{"@type":"ReadAction","target":["https:\/\/www.electroluxprofessional.com\/es\/equipamiento-lavanderia-comercial\/software-y-sistemas-de-control\/"]}]},{"@type":"BreadcrumbList","@id":"https:\/\/www.electroluxprofessional.com\/es\/equipamiento-lavanderia-comercial\/software-y-sistemas-de-control\/#breadcrumb","itemListElement":[{"@type":"ListItem","position":1,"name":"Home","item":"https:\/\/www.electroluxprofessional.com\/es\/"},{"@type":"ListItem","position":2,"name":"Equipamiento de Lavander\u00eda","item":"https:\/\/www.electroluxprofessional.com\/es\/equipamiento-lavanderia-comercial\/"},{"@type":"ListItem","position":3,"name":"Software y sistemas de control"}]},{"@type":"WebSite","@id":"https:\/\/www.electroluxprofessional.com\/es\/#website","url":"https:\/\/www.electroluxprofessional.com\/es\/","name":"Electrolux Professional Espa\u00f1a","description":"Equipamiento cocinas profesionales y lavander\u00edas comerciales. Excelencia en el suministro de soluciones profesionales.","potentialAction":[{"@type":"SearchAction","target":{"@type":"EntryPoint","urlTemplate":"https:\/\/www.electroluxprofessional.com\/es\/?src={search_term_string}"},"query-input":{"@type":"PropertyValueSpecification","valueRequired":true,"valueName":"search_term_string"}}],"inLanguage":"es"}]}},"_links":{"self":[{"href":"https:\/\/www.electroluxprofessional.com\/es\/wp-json\/wp\/v2\/pages\/3816"}],"collection":[{"href":"https:\/\/www.electroluxprofessional.com\/es\/wp-json\/wp\/v2\/pages"}],"about":[{"href":"https:\/\/www.electroluxprofessional.com\/es\/wp-json\/wp\/v2\/types\/page"}],"author":[{"embeddable":true,"href":"https:\/\/www.electroluxprofessional.com\/es\/wp-json\/wp\/v2\/users\/3"}],"replies":[{"embeddable":true,"href":"https:\/\/www.electroluxprofessional.com\/es\/wp-json\/wp\/v2\/comments?post=3816"}],"version-history":[{"count":29,"href":"https:\/\/www.electroluxprofessional.com\/es\/wp-json\/wp\/v2\/pages\/3816\/revisions"}],"predecessor-version":[{"id":24251,"href":"https:\/\/www.electroluxprofessional.com\/es\/wp-json\/wp\/v2\/pages\/3816\/revisions\/24251"}],"up":[{"embeddable":true,"href":"https:\/\/www.electroluxprofessional.com\/es\/wp-json\/wp\/v2\/pages\/1256"}],"wp:attachment":[{"href":"https:\/\/www.electroluxprofessional.com\/es\/wp-json\/wp\/v2\/media?parent=3816"}],"curies":[{"name":"wp","href":"https:\/\/api.w.org\/{rel}","templated":true}]}}