{"id":3770,"date":"2017-04-06T07:36:02","date_gmt":"2017-04-06T07:36:02","guid":{"rendered":"https:\/\/www.electroluxprofessional.com\/es\/?page_id=3770"},"modified":"2025-10-15T12:18:55","modified_gmt":"2025-10-15T12:18:55","slug":"maquinaria-de-acabado","status":"publish","type":"page","link":"https:\/\/www.electroluxprofessional.com\/es\/equipamiento-lavanderia-comercial\/maquinaria-de-acabado\/","title":{"rendered":"Maquinaria de Acabado"},"content":{"rendered":"<p>[vc_row full_width=&#8221;electroluxpro-full-width-no-padding&#8221;][vc_column][elx_hero_slider label_text_color=&#8221;inherit&#8221; images=&#8221;798&#8243;][elx_heading font_container=&#8221;h1&#8243; font_size=&#8221;h2&#8243; text_color=&#8221;inherit&#8221;]Maquinaria de Acabado[\/elx_heading][\/elx_hero_slider][\/vc_column][\/vc_row][vc_row][vc_column][vc_empty_space][elx_heading font_size=&#8221;h3&#8243; text_color=&#8221;inherit&#8221;]Maquinaria de Acabado que hace tu negocio Excelente[\/elx_heading][vc_empty_space][\/vc_column][\/vc_row][vc_row][vc_column width=&#8221;1\/2&#8243;][vc_single_image image=&#8221;891&#8243; img_size=&#8221;large&#8221;][\/vc_column][vc_column width=&#8221;1\/2&#8243;][vc_column_text]Con los equipos de acabado de Electrolux Professional puedes elegir entre una <strong>gama completa f\u00e1cil de usar, con prensas de acabado automatizadas y mesas de planchado b\u00e1sicas <\/strong>para peque\u00f1os trabajos o grandes producciones dependiendo de las necesidades.<\/p>\n<p>Adem\u00e1s de aumentar la productividad del lavado, nuestros equipos aseguran un acabado de alta calidad.<\/p>\n<p><strong>El reto de las camisas \u2013 la soluci\u00f3n perfecta para camisas<br \/>\n<\/strong>Nuestra soluci\u00f3n incluye algunos de los siguientes equipos; mesas de planchado, sopladores, prensas de cuello y pu\u00f1os.[\/vc_column_text][vc_column_text]<strong>El reto de los pantalones; pliegues y pliegues<br \/>\n<\/strong>Los sistemas de acabado de pantalones de Electrolux Professional est\u00e1n dise\u00f1ados para la m\u00e1xima seguridad del operador. Equipos f\u00e1ciles de usar, que permiten procesar una gran cantidad de prendas.<\/p>\n<p><strong>El reto de los abrigos y chaquetas<\/strong><br \/>\nMulti-acabado de Electrolux Professional capaz de procesar hasta 40 chaquetas cada hora. Un microprocesador almacena hasta nueve programas y controla todas las funciones.[\/vc_column_text][\/vc_column][\/vc_row][vc_row][vc_column width=&#8221;1\/3&#8243;][vc_empty_space][vc_single_image image=&#8221;2589&#8243; img_size=&#8221;full&#8221;][\/vc_column][vc_column width=&#8221;1\/3&#8243;][vc_single_image image=&#8221;2590&#8243; img_size=&#8221;full&#8221;][\/vc_column][vc_column width=&#8221;1\/3&#8243;][vc_empty_space][vc_single_image image=&#8221;2591&#8243; img_size=&#8221;full&#8221;][\/vc_column][\/vc_row][vc_row][vc_column][vc_empty_space height=&#8221;50px&#8221;][elx_heading font_size=&#8221;h2&#8243; text_color=&#8221;inherit&#8221; text_align=&#8221;text-center&#8221;]Descubre lo que nuestro Equipamiento de Acabado puede hacer por tu negocio[\/elx_heading][elx_o2000_contact_us r=&#8221;Me gustar\u00eda tener m\u00e1s informaci\u00f3n sobre Equipamiento de Acabado. Por favor, contacten conmigo.&#8221; s=&#8221;Petici\u00f3n de informaci\u00f3n sobre Equipamiento de Acabado&#8221; e=&#8221;foodservice@electrolux.es&#8221; country=&#8221;Spain&#8221; l=&#8221;es&#8221; b=&#8221;laundry&#8221; container=&#8221;elxcontactus1478705376&#8243;][vc_empty_space height=&#8221;50px&#8221;][\/vc_column][\/vc_row]<\/p>\n","protected":false},"excerpt":{"rendered":"<p>[vc_row full_width=&#8221;electroluxpro-full-width-no-padding&#8221;][vc_column][elx_hero_slider label_text_color=&#8221;inherit&#8221; images=&#8221;798&#8243;][elx_heading font_container=&#8221;h1&#8243; font_size=&#8221;h2&#8243; text_color=&#8221;inherit&#8221;]Maquinaria de Acabado[\/elx_heading][\/elx_hero_slider][\/vc_column][\/vc_row][vc_row][vc_column][vc_empty_space][elx_heading font_size=&#8221;h3&#8243; text_color=&#8221;inherit&#8221;]Maquinaria de Acabado que hace tu negocio Excelente[\/elx_heading][vc_empty_space][\/vc_column][\/vc_row][vc_row][vc_column width=&#8221;1\/2&#8243;][vc_single_image image=&#8221;891&#8243; img_size=&#8221;large&#8221;][\/vc_column][vc_column width=&#8221;1\/2&#8243;][vc_column_text]Con los equipos de acabado de Electrolux Professional puedes elegir entre una gama completa f\u00e1cil de usar, con prensas de acabado automatizadas y mesas de planchado b\u00e1sicas para peque\u00f1os trabajos o grandes producciones dependiendo [&hellip;]<\/p>\n","protected":false},"author":3,"featured_media":0,"parent":1256,"menu_order":0,"comment_status":"closed","ping_status":"closed","template":"","meta":{"footnotes":""},"class_list":["post-3770","page","type-page","status-publish","hentry"],"acf":[],"yoast_head":"<!-- This site is optimized with the Yoast SEO plugin v23.4 - https:\/\/yoast.com\/wordpress\/plugins\/seo\/ -->\n<title>Maquinaria de Acabado - Electrolux Professional Espa\u00f1a<\/title>\n<meta name=\"description\" content=\"Maquinaria de acabado de Electrolux Professional ofrece alta productividad, calidad \u00f3ptima, f\u00e1cil uso y seguridad garantizada para tipos de ropa variados.\" \/>\n<meta name=\"robots\" content=\"index, follow, max-snippet:-1, max-image-preview:large, max-video-preview:-1\" \/>\n<link rel=\"canonical\" href=\"https:\/\/www.electroluxprofessional.com\/es\/equipamiento-lavanderia-comercial\/maquinaria-de-acabado\/\" \/>\n<meta property=\"og:locale\" content=\"es_ES\" \/>\n<meta property=\"og:type\" content=\"article\" \/>\n<meta property=\"og:title\" content=\"Maquinaria de Acabado - Electrolux Professional Espa\u00f1a\" \/>\n<meta property=\"og:description\" content=\"Maquinaria de acabado de Electrolux Professional ofrece alta productividad, calidad \u00f3ptima, f\u00e1cil uso y seguridad garantizada para tipos de ropa variados.\" \/>\n<meta property=\"og:url\" content=\"https:\/\/www.electroluxprofessional.com\/es\/equipamiento-lavanderia-comercial\/maquinaria-de-acabado\/\" \/>\n<meta property=\"og:site_name\" content=\"Electrolux Professional Espa\u00f1a\" \/>\n<meta property=\"article:modified_time\" content=\"2025-10-15T12:18:55+00:00\" \/>\n<meta name=\"twitter:card\" content=\"summary_large_image\" \/>\n<meta name=\"twitter:label1\" content=\"Tiempo de lectura\" \/>\n\t<meta name=\"twitter:data1\" content=\"2 minutos\" \/>\n<script type=\"application\/ld+json\" class=\"yoast-schema-graph\">{\"@context\":\"https:\/\/schema.org\",\"@graph\":[{\"@type\":\"WebPage\",\"@id\":\"https:\/\/www.electroluxprofessional.com\/es\/equipamiento-lavanderia-comercial\/maquinaria-de-acabado\/\",\"url\":\"https:\/\/www.electroluxprofessional.com\/es\/equipamiento-lavanderia-comercial\/maquinaria-de-acabado\/\",\"name\":\"Maquinaria de Acabado - Electrolux Professional Espa\u00f1a\",\"isPartOf\":{\"@id\":\"https:\/\/www.electroluxprofessional.com\/es\/#website\"},\"datePublished\":\"2017-04-06T07:36:02+00:00\",\"dateModified\":\"2025-10-15T12:18:55+00:00\",\"description\":\"Maquinaria de acabado de Electrolux Professional ofrece alta productividad, calidad \u00f3ptima, f\u00e1cil uso y seguridad garantizada para tipos de ropa variados.\",\"breadcrumb\":{\"@id\":\"https:\/\/www.electroluxprofessional.com\/es\/equipamiento-lavanderia-comercial\/maquinaria-de-acabado\/#breadcrumb\"},\"inLanguage\":\"es\",\"potentialAction\":[{\"@type\":\"ReadAction\",\"target\":[\"https:\/\/www.electroluxprofessional.com\/es\/equipamiento-lavanderia-comercial\/maquinaria-de-acabado\/\"]}]},{\"@type\":\"BreadcrumbList\",\"@id\":\"https:\/\/www.electroluxprofessional.com\/es\/equipamiento-lavanderia-comercial\/maquinaria-de-acabado\/#breadcrumb\",\"itemListElement\":[{\"@type\":\"ListItem\",\"position\":1,\"name\":\"Home\",\"item\":\"https:\/\/www.electroluxprofessional.com\/es\/\"},{\"@type\":\"ListItem\",\"position\":2,\"name\":\"Equipamiento de Lavander\u00eda\",\"item\":\"https:\/\/www.electroluxprofessional.com\/es\/equipamiento-lavanderia-comercial\/\"},{\"@type\":\"ListItem\",\"position\":3,\"name\":\"Maquinaria de Acabado\"}]},{\"@type\":\"WebSite\",\"@id\":\"https:\/\/www.electroluxprofessional.com\/es\/#website\",\"url\":\"https:\/\/www.electroluxprofessional.com\/es\/\",\"name\":\"Electrolux Professional Espa\u00f1a\",\"description\":\"Equipamiento cocinas profesionales y lavander\u00edas comerciales. Excelencia en el suministro de soluciones profesionales.\",\"potentialAction\":[{\"@type\":\"SearchAction\",\"target\":{\"@type\":\"EntryPoint\",\"urlTemplate\":\"https:\/\/www.electroluxprofessional.com\/es\/?src={search_term_string}\"},\"query-input\":{\"@type\":\"PropertyValueSpecification\",\"valueRequired\":true,\"valueName\":\"search_term_string\"}}],\"inLanguage\":\"es\"}]}<\/script>\n<!-- \/ Yoast SEO plugin. -->","yoast_head_json":{"title":"Maquinaria de Acabado - Electrolux Professional Espa\u00f1a","description":"Maquinaria de acabado de Electrolux Professional ofrece alta productividad, calidad \u00f3ptima, f\u00e1cil uso y seguridad garantizada para tipos de ropa variados.","robots":{"index":"index","follow":"follow","max-snippet":"max-snippet:-1","max-image-preview":"max-image-preview:large","max-video-preview":"max-video-preview:-1"},"canonical":"https:\/\/www.electroluxprofessional.com\/es\/equipamiento-lavanderia-comercial\/maquinaria-de-acabado\/","og_locale":"es_ES","og_type":"article","og_title":"Maquinaria de Acabado - Electrolux Professional Espa\u00f1a","og_description":"Maquinaria de acabado de Electrolux Professional ofrece alta productividad, calidad \u00f3ptima, f\u00e1cil uso y seguridad garantizada para tipos de ropa variados.","og_url":"https:\/\/www.electroluxprofessional.com\/es\/equipamiento-lavanderia-comercial\/maquinaria-de-acabado\/","og_site_name":"Electrolux Professional Espa\u00f1a","article_modified_time":"2025-10-15T12:18:55+00:00","twitter_card":"summary_large_image","twitter_misc":{"Tiempo de lectura":"2 minutos"},"schema":{"@context":"https:\/\/schema.org","@graph":[{"@type":"WebPage","@id":"https:\/\/www.electroluxprofessional.com\/es\/equipamiento-lavanderia-comercial\/maquinaria-de-acabado\/","url":"https:\/\/www.electroluxprofessional.com\/es\/equipamiento-lavanderia-comercial\/maquinaria-de-acabado\/","name":"Maquinaria de Acabado - Electrolux Professional Espa\u00f1a","isPartOf":{"@id":"https:\/\/www.electroluxprofessional.com\/es\/#website"},"datePublished":"2017-04-06T07:36:02+00:00","dateModified":"2025-10-15T12:18:55+00:00","description":"Maquinaria de acabado de Electrolux Professional ofrece alta productividad, calidad \u00f3ptima, f\u00e1cil uso y seguridad garantizada para tipos de ropa variados.","breadcrumb":{"@id":"https:\/\/www.electroluxprofessional.com\/es\/equipamiento-lavanderia-comercial\/maquinaria-de-acabado\/#breadcrumb"},"inLanguage":"es","potentialAction":[{"@type":"ReadAction","target":["https:\/\/www.electroluxprofessional.com\/es\/equipamiento-lavanderia-comercial\/maquinaria-de-acabado\/"]}]},{"@type":"BreadcrumbList","@id":"https:\/\/www.electroluxprofessional.com\/es\/equipamiento-lavanderia-comercial\/maquinaria-de-acabado\/#breadcrumb","itemListElement":[{"@type":"ListItem","position":1,"name":"Home","item":"https:\/\/www.electroluxprofessional.com\/es\/"},{"@type":"ListItem","position":2,"name":"Equipamiento de Lavander\u00eda","item":"https:\/\/www.electroluxprofessional.com\/es\/equipamiento-lavanderia-comercial\/"},{"@type":"ListItem","position":3,"name":"Maquinaria de Acabado"}]},{"@type":"WebSite","@id":"https:\/\/www.electroluxprofessional.com\/es\/#website","url":"https:\/\/www.electroluxprofessional.com\/es\/","name":"Electrolux Professional Espa\u00f1a","description":"Equipamiento cocinas profesionales y lavander\u00edas comerciales. Excelencia en el suministro de soluciones profesionales.","potentialAction":[{"@type":"SearchAction","target":{"@type":"EntryPoint","urlTemplate":"https:\/\/www.electroluxprofessional.com\/es\/?src={search_term_string}"},"query-input":{"@type":"PropertyValueSpecification","valueRequired":true,"valueName":"search_term_string"}}],"inLanguage":"es"}]}},"_links":{"self":[{"href":"https:\/\/www.electroluxprofessional.com\/es\/wp-json\/wp\/v2\/pages\/3770"}],"collection":[{"href":"https:\/\/www.electroluxprofessional.com\/es\/wp-json\/wp\/v2\/pages"}],"about":[{"href":"https:\/\/www.electroluxprofessional.com\/es\/wp-json\/wp\/v2\/types\/page"}],"author":[{"embeddable":true,"href":"https:\/\/www.electroluxprofessional.com\/es\/wp-json\/wp\/v2\/users\/3"}],"replies":[{"embeddable":true,"href":"https:\/\/www.electroluxprofessional.com\/es\/wp-json\/wp\/v2\/comments?post=3770"}],"version-history":[{"count":14,"href":"https:\/\/www.electroluxprofessional.com\/es\/wp-json\/wp\/v2\/pages\/3770\/revisions"}],"predecessor-version":[{"id":24244,"href":"https:\/\/www.electroluxprofessional.com\/es\/wp-json\/wp\/v2\/pages\/3770\/revisions\/24244"}],"up":[{"embeddable":true,"href":"https:\/\/www.electroluxprofessional.com\/es\/wp-json\/wp\/v2\/pages\/1256"}],"wp:attachment":[{"href":"https:\/\/www.electroluxprofessional.com\/es\/wp-json\/wp\/v2\/media?parent=3770"}],"curies":[{"name":"wp","href":"https:\/\/api.w.org\/{rel}","templated":true}]}}