{"id":3753,"date":"2017-04-04T15:08:43","date_gmt":"2017-04-04T15:08:43","guid":{"rendered":"https:\/\/www.electroluxprofessional.com\/es\/?page_id=3753"},"modified":"2017-05-12T10:31:05","modified_gmt":"2017-05-12T10:31:05","slug":"linea-de-planchado","status":"publish","type":"page","link":"https:\/\/www.electroluxprofessional.com\/es\/linea-de-planchado\/","title":{"rendered":"L\u00ednea de planchado"},"content":{"rendered":"<p>[vc_row full_width=&#8221;electroluxpro-full-width-no-padding&#8221;][vc_column][elx_hero_slider label_text_color=&#8221;inherit&#8221; images=&#8221;887&#8243;][elx_heading font_container=&#8221;h1&#8243; font_size=&#8221;h2&#8243; text_color=&#8221;inherit&#8221;]L\u00ednea de Planchado[\/elx_heading][vc_column_text]<\/p>\n<h3>Alta productividad y calidad<\/h3>\n<p>[\/vc_column_text][\/elx_hero_slider][\/vc_column][\/vc_row][vc_row][vc_column width=&#8221;1\/2&#8243;][elx_image_block background_image=&#8221;2584&#8243; vert_back_position=&#8221;top&#8221; minimum_height=&#8221;620px&#8221;][\/vc_column][vc_column width=&#8221;1\/2&#8243;][vc_empty_space][elx_heading text_color=&#8221;inherit&#8221;]Ventajas de la L\u00ednea de Planchado de Electrolux Professional[\/elx_heading][vc_empty_space height=&#8221;20px&#8221;][vc_column_text]La gama de l\u00ednea de planchado C-Flex ofrece los mejores equipos para procesar ropa de cama con alta productividad y calidad.<\/p>\n<p>Introductores y plegadores dise\u00f1ados para conectar a la calandra C-Flex para facilitar la operaci\u00f3n.<\/p>\n<ul>\n<li>Plegador con apilador vers\u00e1til.<\/li>\n<li>Mesas de repaso para piezas grandes y peque\u00f1as.<\/li>\n<li>Introductor de hasta 500 piezas\/hora.<\/li>\n<li>Plegador con tres pliegues longitudinales y uno cruzado<\/li>\n<li>Plegador con 2 pliegues longitudinales para pliegue franc\u00e9s y 2 cruzados. 3 apiladores est\u00e1ndar con clasificaci\u00f3n autom\u00e1tica por tama\u00f1o.<\/li>\n<\/ul>\n<p>[\/vc_column_text][vc_empty_space height=&#8221;50px&#8221;][\/vc_column][\/vc_row][vc_row][vc_column width=&#8221;1\/3&#8243;][elx_video_block background_image=&#8221;886&#8243; video_link=&#8221;https:\/\/www.youtube.com\/watch?v=Mr_9WkGxes4&#8243; minimum_height=&#8221;260px&#8221;][vc_column_text]<\/p>\n<div id=\"watch7-headline\" class=\"clearfix\">\n<div id=\"watch-headline-title\">\n<p class=\"watch-title-container\"><span id=\"eow-title\" class=\"watch-title\" dir=\"ltr\" title=\"Electrolux C-Flex Ironing Lane\">Calandra central C-Flex<\/span><\/p>\n<\/div>\n<\/div>\n<p>[\/vc_column_text][\/vc_column][vc_column width=&#8221;1\/3&#8243;][elx_video_block background_image=&#8221;2585&#8243; video_link=&#8221;https:\/\/www.youtube.com\/watch?v=3ZHLtH6LTeI&#8221; minimum_height=&#8221;260px&#8221;][vc_column_text]<\/p>\n<div id=\"watch7-headline\" class=\"clearfix\">\n<div id=\"watch-headline-title\">\n<p class=\"watch-title-container\"><span id=\"eow-title\" class=\"watch-title\" dir=\"ltr\" title=\"C-Flex IL - vacuum table\">Mesa de repaso C-Flex IL\u00a0<\/span><\/p>\n<\/div>\n<\/div>\n<p>[\/vc_column_text][\/vc_column][vc_column width=&#8221;1\/3&#8243;][elx_video_block background_image=&#8221;2586&#8243; video_link=&#8221;https:\/\/www.youtube.com\/watch?v=RmqVtB7Tg0A&#8221; minimum_height=&#8221;260px&#8221;][vc_column_text]Plegador C-Flex IL[\/vc_column_text][\/vc_column][\/vc_row][vc_row][vc_column][elx_heading font_size=&#8221;h2&#8243; text_color=&#8221;inherit&#8221; text_align=&#8221;text-center&#8221;]Descubre lo que nuestra L\u00ednea de Planchado puede hacer por tu negocio[\/elx_heading][elx_o2000_contact_us r=&#8221;Me gustar\u00eda tener m\u00e1s informaci\u00f3n sobre Calandras Centrales. Por favor, contacten conmigo.&#8221; s=&#8221;Petici\u00f3n de informaci\u00f3n sobre Calandras Centrales.&#8221; e=&#8221;foodservice@electrolux.es&#8221; country=&#8221;Spain&#8221; l=&#8221;es&#8221; b=&#8221;laundry&#8221; container=&#8221;elxcontactus1478703628&#8243;][vc_empty_space height=&#8221;50px&#8221;][\/vc_column][\/vc_row]<\/p>\n","protected":false},"excerpt":{"rendered":"<p>[vc_row full_width=&#8221;electroluxpro-full-width-no-padding&#8221;][vc_column][elx_hero_slider label_text_color=&#8221;inherit&#8221; images=&#8221;887&#8243;][elx_heading font_container=&#8221;h1&#8243; font_size=&#8221;h2&#8243; text_color=&#8221;inherit&#8221;]L\u00ednea de Planchado[\/elx_heading][vc_column_text] Alta productividad y calidad [\/vc_column_text][\/elx_hero_slider][\/vc_column][\/vc_row][vc_row][vc_column width=&#8221;1\/2&#8243;][elx_image_block background_image=&#8221;2584&#8243; vert_back_position=&#8221;top&#8221; minimum_height=&#8221;620px&#8221;][\/vc_column][vc_column width=&#8221;1\/2&#8243;][vc_empty_space][elx_heading text_color=&#8221;inherit&#8221;]Ventajas de la L\u00ednea de Planchado de Electrolux Professional[\/elx_heading][vc_empty_space height=&#8221;20px&#8221;][vc_column_text]La gama de l\u00ednea de planchado C-Flex ofrece los mejores equipos para procesar ropa de cama con alta productividad y calidad. Introductores y plegadores dise\u00f1ados para conectar [&hellip;]<\/p>\n","protected":false},"author":3,"featured_media":0,"parent":0,"menu_order":0,"comment_status":"closed","ping_status":"closed","template":"","meta":{"footnotes":""},"class_list":["post-3753","page","type-page","status-publish","hentry"],"acf":[],"yoast_head":"<!-- This site is optimized with the Yoast SEO plugin v23.4 - https:\/\/yoast.com\/wordpress\/plugins\/seo\/ -->\n<title>L\u00ednea de planchado - Electrolux Professional Espa\u00f1a<\/title>\n<meta name=\"robots\" content=\"index, follow, max-snippet:-1, max-image-preview:large, max-video-preview:-1\" \/>\n<link rel=\"canonical\" href=\"https:\/\/www.electroluxprofessional.com\/es\/linea-de-planchado\/\" \/>\n<meta property=\"og:locale\" content=\"es_ES\" \/>\n<meta property=\"og:type\" content=\"article\" \/>\n<meta property=\"og:title\" content=\"L\u00ednea de planchado - Electrolux Professional Espa\u00f1a\" \/>\n<meta property=\"og:description\" content=\"[vc_row full_width=&#8221;electroluxpro-full-width-no-padding&#8221;][vc_column][elx_hero_slider label_text_color=&#8221;inherit&#8221; images=&#8221;887&#8243;][elx_heading font_container=&#8221;h1&#8243; font_size=&#8221;h2&#8243; text_color=&#8221;inherit&#8221;]L\u00ednea de Planchado[\/elx_heading][vc_column_text] Alta productividad y calidad [\/vc_column_text][\/elx_hero_slider][\/vc_column][\/vc_row][vc_row][vc_column width=&#8221;1\/2&#8243;][elx_image_block background_image=&#8221;2584&#8243; vert_back_position=&#8221;top&#8221; minimum_height=&#8221;620px&#8221;][\/vc_column][vc_column width=&#8221;1\/2&#8243;][vc_empty_space][elx_heading text_color=&#8221;inherit&#8221;]Ventajas de la L\u00ednea de Planchado de Electrolux Professional[\/elx_heading][vc_empty_space height=&#8221;20px&#8221;][vc_column_text]La gama de l\u00ednea de planchado C-Flex ofrece los mejores equipos para procesar ropa de cama con alta productividad y calidad. Introductores y plegadores dise\u00f1ados para conectar [&hellip;]\" \/>\n<meta property=\"og:url\" content=\"https:\/\/www.electroluxprofessional.com\/es\/linea-de-planchado\/\" \/>\n<meta property=\"og:site_name\" content=\"Electrolux Professional Espa\u00f1a\" \/>\n<meta property=\"article:modified_time\" content=\"2017-05-12T10:31:05+00:00\" \/>\n<meta name=\"twitter:card\" content=\"summary_large_image\" \/>\n<meta name=\"twitter:label1\" content=\"Tiempo de lectura\" \/>\n\t<meta name=\"twitter:data1\" content=\"2 minutos\" \/>\n<script type=\"application\/ld+json\" class=\"yoast-schema-graph\">{\"@context\":\"https:\/\/schema.org\",\"@graph\":[{\"@type\":\"WebPage\",\"@id\":\"https:\/\/www.electroluxprofessional.com\/es\/linea-de-planchado\/\",\"url\":\"https:\/\/www.electroluxprofessional.com\/es\/linea-de-planchado\/\",\"name\":\"L\u00ednea de planchado - Electrolux Professional Espa\u00f1a\",\"isPartOf\":{\"@id\":\"https:\/\/www.electroluxprofessional.com\/es\/#website\"},\"datePublished\":\"2017-04-04T15:08:43+00:00\",\"dateModified\":\"2017-05-12T10:31:05+00:00\",\"breadcrumb\":{\"@id\":\"https:\/\/www.electroluxprofessional.com\/es\/linea-de-planchado\/#breadcrumb\"},\"inLanguage\":\"es\",\"potentialAction\":[{\"@type\":\"ReadAction\",\"target\":[\"https:\/\/www.electroluxprofessional.com\/es\/linea-de-planchado\/\"]}]},{\"@type\":\"BreadcrumbList\",\"@id\":\"https:\/\/www.electroluxprofessional.com\/es\/linea-de-planchado\/#breadcrumb\",\"itemListElement\":[{\"@type\":\"ListItem\",\"position\":1,\"name\":\"Home\",\"item\":\"https:\/\/www.electroluxprofessional.com\/es\/\"},{\"@type\":\"ListItem\",\"position\":2,\"name\":\"L\u00ednea de planchado\"}]},{\"@type\":\"WebSite\",\"@id\":\"https:\/\/www.electroluxprofessional.com\/es\/#website\",\"url\":\"https:\/\/www.electroluxprofessional.com\/es\/\",\"name\":\"Electrolux Professional Espa\u00f1a\",\"description\":\"Equipamiento cocinas profesionales y lavander\u00edas comerciales. Excelencia en el suministro de soluciones profesionales.\",\"potentialAction\":[{\"@type\":\"SearchAction\",\"target\":{\"@type\":\"EntryPoint\",\"urlTemplate\":\"https:\/\/www.electroluxprofessional.com\/es\/?src={search_term_string}\"},\"query-input\":{\"@type\":\"PropertyValueSpecification\",\"valueRequired\":true,\"valueName\":\"search_term_string\"}}],\"inLanguage\":\"es\"}]}<\/script>\n<!-- \/ Yoast SEO plugin. -->","yoast_head_json":{"title":"L\u00ednea de planchado - Electrolux Professional Espa\u00f1a","robots":{"index":"index","follow":"follow","max-snippet":"max-snippet:-1","max-image-preview":"max-image-preview:large","max-video-preview":"max-video-preview:-1"},"canonical":"https:\/\/www.electroluxprofessional.com\/es\/linea-de-planchado\/","og_locale":"es_ES","og_type":"article","og_title":"L\u00ednea de planchado - Electrolux Professional Espa\u00f1a","og_description":"[vc_row full_width=&#8221;electroluxpro-full-width-no-padding&#8221;][vc_column][elx_hero_slider label_text_color=&#8221;inherit&#8221; images=&#8221;887&#8243;][elx_heading font_container=&#8221;h1&#8243; font_size=&#8221;h2&#8243; text_color=&#8221;inherit&#8221;]L\u00ednea de Planchado[\/elx_heading][vc_column_text] Alta productividad y calidad [\/vc_column_text][\/elx_hero_slider][\/vc_column][\/vc_row][vc_row][vc_column width=&#8221;1\/2&#8243;][elx_image_block background_image=&#8221;2584&#8243; vert_back_position=&#8221;top&#8221; minimum_height=&#8221;620px&#8221;][\/vc_column][vc_column width=&#8221;1\/2&#8243;][vc_empty_space][elx_heading text_color=&#8221;inherit&#8221;]Ventajas de la L\u00ednea de Planchado de Electrolux Professional[\/elx_heading][vc_empty_space height=&#8221;20px&#8221;][vc_column_text]La gama de l\u00ednea de planchado C-Flex ofrece los mejores equipos para procesar ropa de cama con alta productividad y calidad. Introductores y plegadores dise\u00f1ados para conectar [&hellip;]","og_url":"https:\/\/www.electroluxprofessional.com\/es\/linea-de-planchado\/","og_site_name":"Electrolux Professional Espa\u00f1a","article_modified_time":"2017-05-12T10:31:05+00:00","twitter_card":"summary_large_image","twitter_misc":{"Tiempo de lectura":"2 minutos"},"schema":{"@context":"https:\/\/schema.org","@graph":[{"@type":"WebPage","@id":"https:\/\/www.electroluxprofessional.com\/es\/linea-de-planchado\/","url":"https:\/\/www.electroluxprofessional.com\/es\/linea-de-planchado\/","name":"L\u00ednea de planchado - Electrolux Professional Espa\u00f1a","isPartOf":{"@id":"https:\/\/www.electroluxprofessional.com\/es\/#website"},"datePublished":"2017-04-04T15:08:43+00:00","dateModified":"2017-05-12T10:31:05+00:00","breadcrumb":{"@id":"https:\/\/www.electroluxprofessional.com\/es\/linea-de-planchado\/#breadcrumb"},"inLanguage":"es","potentialAction":[{"@type":"ReadAction","target":["https:\/\/www.electroluxprofessional.com\/es\/linea-de-planchado\/"]}]},{"@type":"BreadcrumbList","@id":"https:\/\/www.electroluxprofessional.com\/es\/linea-de-planchado\/#breadcrumb","itemListElement":[{"@type":"ListItem","position":1,"name":"Home","item":"https:\/\/www.electroluxprofessional.com\/es\/"},{"@type":"ListItem","position":2,"name":"L\u00ednea de planchado"}]},{"@type":"WebSite","@id":"https:\/\/www.electroluxprofessional.com\/es\/#website","url":"https:\/\/www.electroluxprofessional.com\/es\/","name":"Electrolux Professional Espa\u00f1a","description":"Equipamiento cocinas profesionales y lavander\u00edas comerciales. Excelencia en el suministro de soluciones profesionales.","potentialAction":[{"@type":"SearchAction","target":{"@type":"EntryPoint","urlTemplate":"https:\/\/www.electroluxprofessional.com\/es\/?src={search_term_string}"},"query-input":{"@type":"PropertyValueSpecification","valueRequired":true,"valueName":"search_term_string"}}],"inLanguage":"es"}]}},"_links":{"self":[{"href":"https:\/\/www.electroluxprofessional.com\/es\/wp-json\/wp\/v2\/pages\/3753"}],"collection":[{"href":"https:\/\/www.electroluxprofessional.com\/es\/wp-json\/wp\/v2\/pages"}],"about":[{"href":"https:\/\/www.electroluxprofessional.com\/es\/wp-json\/wp\/v2\/types\/page"}],"author":[{"embeddable":true,"href":"https:\/\/www.electroluxprofessional.com\/es\/wp-json\/wp\/v2\/users\/3"}],"replies":[{"embeddable":true,"href":"https:\/\/www.electroluxprofessional.com\/es\/wp-json\/wp\/v2\/comments?post=3753"}],"version-history":[{"count":12,"href":"https:\/\/www.electroluxprofessional.com\/es\/wp-json\/wp\/v2\/pages\/3753\/revisions"}],"predecessor-version":[{"id":4262,"href":"https:\/\/www.electroluxprofessional.com\/es\/wp-json\/wp\/v2\/pages\/3753\/revisions\/4262"}],"wp:attachment":[{"href":"https:\/\/www.electroluxprofessional.com\/es\/wp-json\/wp\/v2\/media?parent=3753"}],"curies":[{"name":"wp","href":"https:\/\/api.w.org\/{rel}","templated":true}]}}